{"id":13983,"date":"2018-07-12T14:30:23","date_gmt":"2018-07-12T12:30:23","guid":{"rendered":"https:\/\/atdb-production.studiograft.dev\/es\/product\/import-placeholder-for-1059\/"},"modified":"2023-07-13T13:33:09","modified_gmt":"2023-07-13T11:33:09","slug":"4020c","status":"publish","type":"product","link":"https:\/\/distribution.audio-technica.eu\/es-es\/productos\/4020c\/","title":{"rendered":"4020C"},"content":{"rendered":"<h2>4020C<\/h2>\n<h3>Recinto 2 v\u00edas biamplificado, 4&#8243;, para instalaci\u00f3n<\/h3>\n<p>El peque\u00f1o altavoz activo 4020Cincorpora el mismo excelente dise\u00f1o que los altavoces activos de monitorizaci\u00f3n de la serie 8000 de Genelec. Ha sido dise\u00f1ado para satisfacer los retos que presentan las instalaciones comerciales, especialmente aquellos que adolecen de falta de espacio.<br \/>\nSin embargo, el tama\u00f1o no representa ninguna desventaja para el altavoz activo de dos v\u00edas 4020C, ya que incorpora las innovaciones ac\u00fasticas desarrolladas por Genelec, capaces de minimizar todas las firmas de distorsi\u00f3n.<br \/>\nEl 4020Cdispone de un recinto de aluminio Minimum Diffraction Enclosure (MDE), que presenta vol\u00famenes internos relativamente grandes, bordes suavemente curvados y una robustez mec\u00e1nica sorprendente. Como consecuencia de ello, este compacto recinto ofrece una precisi\u00f3n en la imagen y una extensi\u00f3n en las bajas frecuencias realmente sorprendentes.<br \/>\nTambi\u00e9n incorpora el avanzado Directivity Control Waveguide (DCW), que proporciona una respuesta incre\u00edblemente uniforma tanto dentro como fuera del eje, mientras que el largo y curvado puerto r\u00e9flex acaba en una amplia boca que permite unos graves con una excelente articulaci\u00f3n.<br \/>\nIncorpora un transductor de graves de 105 mm (4&#8243;) junto a un tweeter de 19 mm (3\/4&#8243;) montado en una avanzada unidad Directivity Controlled Waveguide (DCW) de Genelec.<br \/>\nLa excelente directividad y precisa imagen que ofrece el sistema, junto a su tama\u00f1o compacto y flexibles opciones de montaje, convierten al 4020Cen el altavoz perfecto en una inmensa gama de instalaciones.<br \/>\nComo parte de su programa de sostenibilidad, Genelec ha desarrollado una investigaci\u00f3n a largo plazo para minimizar el consumo en sus productos. El primer paso en este programa es la introducci\u00f3n del sistema de gesti\u00f3n de potencia Intelligent Signal Sensing ISS. Esta prestaci\u00f3n hace que los monitores y subgraves de Genelec entre en modo en espera en ausencia de la se\u00f1al de entrada. El consumo de potencia en este modo es menos de 0,5W. El sistema de gesti\u00f3n de potencia ISS cumple con los requisitos de la normativa ErP- 2013.<br \/>\nISS ha sido implementado utilizando electr\u00f3nica programable. Cuando la se\u00f1al de entrada permanece por debajo del nivel de activaci\u00f3n, un contador mide un tiempo predeterminado antes de que el sistema entre en modo en espera. Este tiempo previo al modo en espera puede variar entre diferentes productos, dependiendo de sus necesidades espec\u00edficas.<br \/>\nEl nivel de se\u00f1al de entrada anal\u00f3gica que despierta al sistema se sit\u00faa alrededor de -68 dBu. La activaci\u00f3n se realiza de forma r\u00e1pida y el sistema se conecta de forma silenciosa, sin ning\u00fan tipo de ruido audible.<br \/>\nDisponible en color negro y blanco.<\/p>\n<ul>\n<li>Excepcional calidad de sonido en un formato extremadamente compacto, gracias al uso de eficientes amplificadores clase D y transductores exclusivos de Genelec.<\/li>\n<li>La directividad controlada permite su instalaci\u00f3n en recintos de ac\u00fastica complicada.<\/li>\n<li>Facilidad de conexi\u00f3n con entrada de l\u00ednea balanceada a trav\u00e9s de conector Phoenix de 3 puntas.<\/li>\n<li>Alta fiabilidad, tanto mec\u00e1nica como s\u00f3nicamente<\/li>\n<li>Circuiter\u00eda Intelligent Signal Sensing (ISS)<\/li>\n<li>Construido con aluminio reciclado<\/li>\n<li>Disponible en color blanco, negro, 120 colores RAL y aluminio RAW<\/li>\n<li>Transductores: 1&#215;4&#8243;, 1x\u00be\u00bb DCW<\/li>\n<li>Potencia amp.: Graves 50W Agudos 50W<\/li>\n<li>Conexiones: Conector 3 pins tipo Phoenix<\/li>\n<\/ul>\n","protected":false},"excerpt":{"rendered":"<h3>Recinto 2 v\u00edas biamplificado, 4&#8243;, para instalaci\u00f3n<\/h3>\n<ul class=\"summary\">\n<li>Circuiter\u00eda Intelligent Signal Sensing (ISS)<\/li>\n<li>Directividad controlada<\/li>\n<li>Excepcional calidad de sonido en un formato compacto<\/li>\n<li>Transductores: 1&#215;4&#8243; y 1x\u00be\u00bb DCW<\/li>\n<li>Potencia amp.: Graves 50W Agudos 50W<\/li>\n<li>Disponible en color blanco, negro, 120 colores RAL y aluminio RAW<\/li>\n<\/ul>\n","protected":false},"featured_media":11053,"template":"","meta":{"_acf_changed":false},"product_brand":[],"product_cat":[1397,1395,1398],"product_tag":[],"class_list":{"0":"post-13983","1":"product","2":"type-product","3":"status-publish","4":"has-post-thumbnail","6":"product_cat-recintos-autoamplificados-para-instalacion","7":"product_cat-por-series-genelec","8":"product_cat-serie-4000","9":"product_series-serie-4000","11":"first","12":"instock","13":"shipping-taxable","14":"product-type-simple"},"acf":[],"yoast_head":"<!-- This site is optimized with the Yoast SEO plugin v27.1.1 - https:\/\/yoast.com\/product\/yoast-seo-wordpress\/ -->\n<title>4020C - Audio-Technica Iberia<\/title>\n<meta name=\"robots\" content=\"index, follow, max-snippet:-1, max-image-preview:large, max-video-preview:-1\" \/>\n<link rel=\"canonical\" href=\"https:\/\/distribution.audio-technica.eu\/es-es\/productos\/4020c\/\" \/>\n<meta property=\"og:locale\" content=\"es_ES\" \/>\n<meta property=\"og:type\" content=\"article\" \/>\n<meta property=\"og:title\" content=\"4020C - Audio-Technica Iberia\" \/>\n<meta property=\"og:description\" content=\"Recinto 2 v\u00edas biamplificado, 4&quot;, para instalaci\u00f3n  Circuiter\u00eda Intelligent Signal Sensing (ISS)  Directividad controlada  Excepcional calidad de sonido en un formato compacto  Transductores: 1x4&quot; y 1x\u00be&quot; DCW  Potencia amp.: Graves 50W Agudos 50W  Disponible en color blanco, negro, 120 colores RAL y aluminio RAW\" \/>\n<meta property=\"og:url\" content=\"https:\/\/distribution.audio-technica.eu\/es-es\/productos\/4020c\/\" \/>\n<meta property=\"og:site_name\" content=\"Audio-Technica Iberia\" \/>\n<meta property=\"article:modified_time\" content=\"2023-07-13T11:33:09+00:00\" \/>\n<meta property=\"og:image\" content=\"https:\/\/distribution.audio-technica.eu\/app\/uploads\/sites\/2\/Genelec-4020-White-1.jpg\" \/>\n\t<meta property=\"og:image:width\" content=\"1000\" \/>\n\t<meta property=\"og:image:height\" content=\"1000\" \/>\n\t<meta property=\"og:image:type\" content=\"image\/jpeg\" \/>\n<meta name=\"twitter:card\" content=\"summary_large_image\" \/>\n<meta name=\"twitter:label1\" content=\"Tiempo de lectura\" \/>\n\t<meta name=\"twitter:data1\" content=\"3 minutos\" \/>\n<script type=\"application\/ld+json\" class=\"yoast-schema-graph\">{\"@context\":\"https:\/\/schema.org\",\"@graph\":[{\"@type\":\"WebPage\",\"@id\":\"https:\/\/distribution.audio-technica.eu\/es-es\/productos\/4020c\/\",\"url\":\"https:\/\/distribution.audio-technica.eu\/es-es\/productos\/4020c\/\",\"name\":\"4020C - Audio-Technica Iberia\",\"isPartOf\":{\"@id\":\"https:\/\/distribution.audio-technica.eu\/es-es\/#website\"},\"primaryImageOfPage\":{\"@id\":\"https:\/\/distribution.audio-technica.eu\/es-es\/productos\/4020c\/#primaryimage\"},\"image\":{\"@id\":\"https:\/\/distribution.audio-technica.eu\/es-es\/productos\/4020c\/#primaryimage\"},\"thumbnailUrl\":\"\/app\/uploads\/sites\/2\/Genelec-4020-White-1.jpg\",\"datePublished\":\"2018-07-12T12:30:23+00:00\",\"dateModified\":\"2023-07-13T11:33:09+00:00\",\"breadcrumb\":{\"@id\":\"https:\/\/distribution.audio-technica.eu\/es-es\/productos\/4020c\/#breadcrumb\"},\"inLanguage\":\"es\",\"potentialAction\":[{\"@type\":\"ReadAction\",\"target\":[\"https:\/\/distribution.audio-technica.eu\/es-es\/productos\/4020c\/\"]}]},{\"@type\":\"ImageObject\",\"inLanguage\":\"es\",\"@id\":\"https:\/\/distribution.audio-technica.eu\/es-es\/productos\/4020c\/#primaryimage\",\"url\":\"\/app\/uploads\/sites\/2\/Genelec-4020-White-1.jpg\",\"contentUrl\":\"\/app\/uploads\/sites\/2\/Genelec-4020-White-1.jpg\",\"width\":1000,\"height\":1000},{\"@type\":\"BreadcrumbList\",\"@id\":\"https:\/\/distribution.audio-technica.eu\/es-es\/productos\/4020c\/#breadcrumb\",\"itemListElement\":[{\"@type\":\"ListItem\",\"position\":1,\"name\":\"Products\",\"item\":\"https:\/\/distribution.audio-technica.eu\/es-es\/\"},{\"@type\":\"ListItem\",\"position\":2,\"name\":\"Productos\",\"item\":\"https:\/\/distribution.audio-technica.eu\/es-es\/productos\/\"},{\"@type\":\"ListItem\",\"position\":3,\"name\":\"4020C\"}]},{\"@type\":\"WebSite\",\"@id\":\"https:\/\/distribution.audio-technica.eu\/es-es\/#website\",\"url\":\"https:\/\/distribution.audio-technica.eu\/es-es\/\",\"name\":\"Audio-Technica Iberia\",\"description\":\"Distribuci\u00f3n\",\"potentialAction\":[{\"@type\":\"SearchAction\",\"target\":{\"@type\":\"EntryPoint\",\"urlTemplate\":\"https:\/\/distribution.audio-technica.eu\/es-es\/?s={search_term_string}\"},\"query-input\":{\"@type\":\"PropertyValueSpecification\",\"valueRequired\":true,\"valueName\":\"search_term_string\"}}],\"inLanguage\":\"es\"}]}<\/script>\n<!-- \/ Yoast SEO plugin. -->","yoast_head_json":{"title":"4020C - Audio-Technica Iberia","robots":{"index":"index","follow":"follow","max-snippet":"max-snippet:-1","max-image-preview":"max-image-preview:large","max-video-preview":"max-video-preview:-1"},"canonical":"https:\/\/distribution.audio-technica.eu\/es-es\/productos\/4020c\/","og_locale":"es_ES","og_type":"article","og_title":"4020C - Audio-Technica Iberia","og_description":"Recinto 2 v\u00edas biamplificado, 4\", para instalaci\u00f3n  Circuiter\u00eda Intelligent Signal Sensing (ISS)  Directividad controlada  Excepcional calidad de sonido en un formato compacto  Transductores: 1x4\" y 1x\u00be\" DCW  Potencia amp.: Graves 50W Agudos 50W  Disponible en color blanco, negro, 120 colores RAL y aluminio RAW","og_url":"https:\/\/distribution.audio-technica.eu\/es-es\/productos\/4020c\/","og_site_name":"Audio-Technica Iberia","article_modified_time":"2023-07-13T11:33:09+00:00","og_image":[{"width":1000,"height":1000,"url":"https:\/\/distribution.audio-technica.eu\/app\/uploads\/sites\/2\/Genelec-4020-White-1.jpg","type":"image\/jpeg"}],"twitter_card":"summary_large_image","twitter_misc":{"Tiempo de lectura":"3 minutos"},"schema":{"@context":"https:\/\/schema.org","@graph":[{"@type":"WebPage","@id":"https:\/\/distribution.audio-technica.eu\/es-es\/productos\/4020c\/","url":"https:\/\/distribution.audio-technica.eu\/es-es\/productos\/4020c\/","name":"4020C - Audio-Technica Iberia","isPartOf":{"@id":"https:\/\/distribution.audio-technica.eu\/es-es\/#website"},"primaryImageOfPage":{"@id":"https:\/\/distribution.audio-technica.eu\/es-es\/productos\/4020c\/#primaryimage"},"image":{"@id":"https:\/\/distribution.audio-technica.eu\/es-es\/productos\/4020c\/#primaryimage"},"thumbnailUrl":"\/app\/uploads\/sites\/2\/Genelec-4020-White-1.jpg","datePublished":"2018-07-12T12:30:23+00:00","dateModified":"2023-07-13T11:33:09+00:00","breadcrumb":{"@id":"https:\/\/distribution.audio-technica.eu\/es-es\/productos\/4020c\/#breadcrumb"},"inLanguage":"es","potentialAction":[{"@type":"ReadAction","target":["https:\/\/distribution.audio-technica.eu\/es-es\/productos\/4020c\/"]}]},{"@type":"ImageObject","inLanguage":"es","@id":"https:\/\/distribution.audio-technica.eu\/es-es\/productos\/4020c\/#primaryimage","url":"\/app\/uploads\/sites\/2\/Genelec-4020-White-1.jpg","contentUrl":"\/app\/uploads\/sites\/2\/Genelec-4020-White-1.jpg","width":1000,"height":1000},{"@type":"BreadcrumbList","@id":"https:\/\/distribution.audio-technica.eu\/es-es\/productos\/4020c\/#breadcrumb","itemListElement":[{"@type":"ListItem","position":1,"name":"Products","item":"https:\/\/distribution.audio-technica.eu\/es-es\/"},{"@type":"ListItem","position":2,"name":"Productos","item":"https:\/\/distribution.audio-technica.eu\/es-es\/productos\/"},{"@type":"ListItem","position":3,"name":"4020C"}]},{"@type":"WebSite","@id":"https:\/\/distribution.audio-technica.eu\/es-es\/#website","url":"https:\/\/distribution.audio-technica.eu\/es-es\/","name":"Audio-Technica Iberia","description":"Distribuci\u00f3n","potentialAction":[{"@type":"SearchAction","target":{"@type":"EntryPoint","urlTemplate":"https:\/\/distribution.audio-technica.eu\/es-es\/?s={search_term_string}"},"query-input":{"@type":"PropertyValueSpecification","valueRequired":true,"valueName":"search_term_string"}}],"inLanguage":"es"}]}},"_links":{"self":[{"href":"https:\/\/distribution.audio-technica.eu\/es-es\/wp-json\/wp\/v2\/product\/13983","targetHints":{"allow":["GET"]}}],"collection":[{"href":"https:\/\/distribution.audio-technica.eu\/es-es\/wp-json\/wp\/v2\/product"}],"about":[{"href":"https:\/\/distribution.audio-technica.eu\/es-es\/wp-json\/wp\/v2\/types\/product"}],"wp:featuredmedia":[{"embeddable":true,"href":"https:\/\/distribution.audio-technica.eu\/es-es\/wp-json\/wp\/v2\/media\/11053"}],"wp:attachment":[{"href":"https:\/\/distribution.audio-technica.eu\/es-es\/wp-json\/wp\/v2\/media?parent=13983"}],"wp:term":[{"taxonomy":"product_brand","embeddable":true,"href":"https:\/\/distribution.audio-technica.eu\/es-es\/wp-json\/wp\/v2\/product_brand?post=13983"},{"taxonomy":"product_cat","embeddable":true,"href":"https:\/\/distribution.audio-technica.eu\/es-es\/wp-json\/wp\/v2\/product_cat?post=13983"},{"taxonomy":"product_tag","embeddable":true,"href":"https:\/\/distribution.audio-technica.eu\/es-es\/wp-json\/wp\/v2\/product_tag?post=13983"}],"curies":[{"name":"wp","href":"https:\/\/api.w.org\/{rel}","templated":true}]}}