{"id":13985,"date":"2018-07-12T14:30:23","date_gmt":"2018-07-12T12:30:23","guid":{"rendered":"https:\/\/atdb-production.studiograft.dev\/es\/product\/import-placeholder-for-1061\/"},"modified":"2023-07-13T13:33:19","modified_gmt":"2023-07-13T11:33:19","slug":"7040a","status":"publish","type":"product","link":"https:\/\/distribution.audio-technica.eu\/es-es\/productos\/7040a\/","title":{"rendered":"7040A"},"content":{"rendered":"<h2>7040A<\/h2>\n<h3>Subgrave autoamplificado 6.5&#8243;<\/h3>\n<p>El 7040 es un subgrave ultra compacto dise\u00f1ado alrededor de la tecnolog\u00eda Laminar Spiral Enclosure (LSE) de Genelec, que permite una reproducci\u00f3n y monitorizaci\u00f3n del contenido en bajas frecuencias. Este subgrave activo ha sido desarrollado para complementar a los monitores activos 8010, 8020 y M030 de Genelec, proporcionando un sistema de monitorizaci\u00f3n que ofrece calidad totalmente profesional en habitaciones peque\u00f1as, o en entornos que no han sido creados especialmente para la monitorizaci\u00f3n, en aplicaciones de creaci\u00f3n musical, dise\u00f1o sonoro, post producci\u00f3n de audio y v\u00eddeo, y unidades m\u00f3viles.<br \/>\nPara conseguir un alto nivel de presi\u00f3n sonora es esencial que un subgrave sea capaz de mover grandes cantidades de aire sin distorsi\u00f3n. Esto representa un serio reto para el woofer y los dise\u00f1os de puerto r\u00e9flex. La soluci\u00f3n de Genelec es su sistema patentado Laminar Spiral Enclosure (LSE), que es el resultado de m\u00e1s de 10 a\u00f1os de continua investigaci\u00f3n y experiencia en fabricaci\u00f3n. El subgrave activo 7040 puede producir un nivel de presi\u00f3n sonora (SPL) de 100 dB utilizando un woofer de 6 \u00bd\u00bb y un potente amplificador en Clase D dise\u00f1ado por Genelec. En las frecuencias m\u00e1s bajas, el SPL es radiado desde el puerto bass r\u00e9flex, lo que implica grandes vol\u00famenes de movimiento de aire a trav\u00e9s de \u00e9l. El recinto 7040 LSE est\u00e1 construido a partir de una tira de acero en forma de espiral, lo que proporciona la m\u00e1xima estabilidad mec\u00e1nica para las grandes presiones generadas dentro del subgrave. La espiral tambi\u00e9n forma el puerto bass r\u00e9flex, permitiendo un flujo lineal de aire tambi\u00e9n en los m\u00e1s altos niveles SPL. Esta construcci\u00f3n optimizada para el flujo de aire proporciona la capacidad de reproducir frecuencias m\u00e1s graves y una menor distorsi\u00f3n, dando como resultado una precisa articulaci\u00f3n de los graves.<br \/>\nLos ingenieros de Genelec han optimizado el 7040 pensando en las salas que disponen de un espacio muy limitado. Con unas dimensiones externas de tan solo 410 x 350 x 205 mm, ocupa menos espacio que un amplificador de guitarra peque\u00f1o y es suficientemente estrecho como para caber en un rack de 19&#8243;. Todo ello consiguiendo unos graves sorprendentes que se extiendan hasta los 30 Hz (-6 dB). Su peso es de tan solo 11,3 kg y dispone de entrada universal de tensi\u00f3n de red. Dos entradas XLR balanceadas y dos salidas de graves gestionados, v\u00eda un crossover sintonizado a 85 Hz, permiten la ampliaci\u00f3n del sistema. La calibraci\u00f3n del subgrave se realiza a trav\u00e9s de conmutadores DIP situados en su panel de conexiones.<br \/>\nEst\u00e1 disponible, de forma opcional, una bolsa de transporte.<\/p>\n<ul>\n<li>Recinto compacto con dise\u00f1o optimizado que permite una preciss reproducci\u00f3n sonora, incluso en habitaciones muy peque\u00f1as<\/li>\n<li>Recinto patentado Laminar Spiral Enclosure (LSE). Que proporciona m\u00e1s nivel de salida con una precisa articulaci\u00f3n de los graves y una distorsi\u00f3n muy baja<\/li>\n<li>Amplificador Clase D dise\u00f1ado y fabricado por Genelec, que proporciona un elevado SPL, alta fiabilidad y una distorsi\u00f3n muy baja<\/li>\n<li>Tensi\u00f3n de red universal que permite su uso en cualquier parte del mundo<\/li>\n<li>Dos entradas y salidas XLR balanceadas facilita la conectividad con los monitores activos 8010, 8020 y M030 de Genelec<\/li>\n<li>Ahorro de energ\u00eda gracias al sistema Intelligent Signal Sensing (ISS) de Genelec, que conmuta el subgrave a modo en espera cuando no se detecta se\u00f1al de audio de entrada<\/li>\n<li>Transductores: 1&#215;6.5<\/li>\n<li>Potencia amp.: 50W<\/li>\n<li>Conexiones: 2 entradas XLR anal\u00edcas, 2 salidas XLR anal\u00f3gicas<\/li>\n<\/ul>\n","protected":false},"excerpt":{"rendered":"<h3>Subgrave autoamplificado, 6.5&#8243;<\/h3>\n<ul class=\"summary\">\n<li>Recinto compacto con dise\u00f1o optimizado<\/li>\n<li>Amplificador Clase D de elevado SPL<\/li>\n<li>Ahorro de energ\u00eda gracias al sistema Intelligent Signal Sensing (ISS)<\/li>\n<li>Potencia 50W RMS<\/li>\n<li>Respuesta en frecuencia: 30 Hz- 90 Hz<\/li>\n<\/ul>\n","protected":false},"featured_media":11065,"template":"","meta":{"_acf_changed":false},"product_brand":[],"product_cat":[1401,1395,1402],"product_tag":[],"class_list":{"0":"post-13985","1":"product","2":"type-product","3":"status-publish","4":"has-post-thumbnail","6":"product_cat-subgraves-genelec","7":"product_cat-por-series-genelec","8":"product_cat-serie-7000","9":"product_series-serie-7000","11":"first","12":"instock","13":"shipping-taxable","14":"product-type-simple"},"acf":[],"yoast_head":"<!-- This site is optimized with the Yoast SEO plugin v27.1.1 - https:\/\/yoast.com\/product\/yoast-seo-wordpress\/ -->\n<title>7040A - Audio-Technica Iberia<\/title>\n<meta name=\"robots\" content=\"index, follow, max-snippet:-1, max-image-preview:large, max-video-preview:-1\" \/>\n<link rel=\"canonical\" href=\"https:\/\/distribution.audio-technica.eu\/es-es\/productos\/7040a\/\" \/>\n<meta property=\"og:locale\" content=\"es_ES\" \/>\n<meta property=\"og:type\" content=\"article\" \/>\n<meta property=\"og:title\" content=\"7040A - Audio-Technica Iberia\" \/>\n<meta property=\"og:description\" content=\"Subgrave autoamplificado, 6.5&quot;  Recinto compacto con dise\u00f1o optimizado  Amplificador Clase D de elevado SPL  Ahorro de energ\u00eda gracias al sistema Intelligent Signal Sensing (ISS)  Potencia 50W RMS  Respuesta en frecuencia: 30 Hz- 90 Hz\" \/>\n<meta property=\"og:url\" content=\"https:\/\/distribution.audio-technica.eu\/es-es\/productos\/7040a\/\" \/>\n<meta property=\"og:site_name\" content=\"Audio-Technica Iberia\" \/>\n<meta property=\"article:modified_time\" content=\"2023-07-13T11:33:19+00:00\" \/>\n<meta property=\"og:image\" content=\"https:\/\/distribution.audio-technica.eu\/app\/uploads\/sites\/2\/Genelec-7040A-1.jpg\" \/>\n\t<meta property=\"og:image:width\" content=\"1000\" \/>\n\t<meta property=\"og:image:height\" content=\"1000\" \/>\n\t<meta property=\"og:image:type\" content=\"image\/jpeg\" \/>\n<meta name=\"twitter:card\" content=\"summary_large_image\" \/>\n<meta name=\"twitter:label1\" content=\"Tiempo de lectura\" \/>\n\t<meta name=\"twitter:data1\" content=\"3 minutos\" \/>\n<script type=\"application\/ld+json\" class=\"yoast-schema-graph\">{\"@context\":\"https:\/\/schema.org\",\"@graph\":[{\"@type\":\"WebPage\",\"@id\":\"https:\/\/distribution.audio-technica.eu\/es-es\/productos\/7040a\/\",\"url\":\"https:\/\/distribution.audio-technica.eu\/es-es\/productos\/7040a\/\",\"name\":\"7040A - Audio-Technica Iberia\",\"isPartOf\":{\"@id\":\"https:\/\/distribution.audio-technica.eu\/es-es\/#website\"},\"primaryImageOfPage\":{\"@id\":\"https:\/\/distribution.audio-technica.eu\/es-es\/productos\/7040a\/#primaryimage\"},\"image\":{\"@id\":\"https:\/\/distribution.audio-technica.eu\/es-es\/productos\/7040a\/#primaryimage\"},\"thumbnailUrl\":\"\/app\/uploads\/sites\/2\/Genelec-7040A-1.jpg\",\"datePublished\":\"2018-07-12T12:30:23+00:00\",\"dateModified\":\"2023-07-13T11:33:19+00:00\",\"breadcrumb\":{\"@id\":\"https:\/\/distribution.audio-technica.eu\/es-es\/productos\/7040a\/#breadcrumb\"},\"inLanguage\":\"es\",\"potentialAction\":[{\"@type\":\"ReadAction\",\"target\":[\"https:\/\/distribution.audio-technica.eu\/es-es\/productos\/7040a\/\"]}]},{\"@type\":\"ImageObject\",\"inLanguage\":\"es\",\"@id\":\"https:\/\/distribution.audio-technica.eu\/es-es\/productos\/7040a\/#primaryimage\",\"url\":\"\/app\/uploads\/sites\/2\/Genelec-7040A-1.jpg\",\"contentUrl\":\"\/app\/uploads\/sites\/2\/Genelec-7040A-1.jpg\",\"width\":1000,\"height\":1000},{\"@type\":\"BreadcrumbList\",\"@id\":\"https:\/\/distribution.audio-technica.eu\/es-es\/productos\/7040a\/#breadcrumb\",\"itemListElement\":[{\"@type\":\"ListItem\",\"position\":1,\"name\":\"Products\",\"item\":\"https:\/\/distribution.audio-technica.eu\/es-es\/\"},{\"@type\":\"ListItem\",\"position\":2,\"name\":\"Productos\",\"item\":\"https:\/\/distribution.audio-technica.eu\/es-es\/productos\/\"},{\"@type\":\"ListItem\",\"position\":3,\"name\":\"7040A\"}]},{\"@type\":\"WebSite\",\"@id\":\"https:\/\/distribution.audio-technica.eu\/es-es\/#website\",\"url\":\"https:\/\/distribution.audio-technica.eu\/es-es\/\",\"name\":\"Audio-Technica Iberia\",\"description\":\"Distribuci\u00f3n\",\"potentialAction\":[{\"@type\":\"SearchAction\",\"target\":{\"@type\":\"EntryPoint\",\"urlTemplate\":\"https:\/\/distribution.audio-technica.eu\/es-es\/?s={search_term_string}\"},\"query-input\":{\"@type\":\"PropertyValueSpecification\",\"valueRequired\":true,\"valueName\":\"search_term_string\"}}],\"inLanguage\":\"es\"}]}<\/script>\n<!-- \/ Yoast SEO plugin. -->","yoast_head_json":{"title":"7040A - Audio-Technica Iberia","robots":{"index":"index","follow":"follow","max-snippet":"max-snippet:-1","max-image-preview":"max-image-preview:large","max-video-preview":"max-video-preview:-1"},"canonical":"https:\/\/distribution.audio-technica.eu\/es-es\/productos\/7040a\/","og_locale":"es_ES","og_type":"article","og_title":"7040A - Audio-Technica Iberia","og_description":"Subgrave autoamplificado, 6.5\"  Recinto compacto con dise\u00f1o optimizado  Amplificador Clase D de elevado SPL  Ahorro de energ\u00eda gracias al sistema Intelligent Signal Sensing (ISS)  Potencia 50W RMS  Respuesta en frecuencia: 30 Hz- 90 Hz","og_url":"https:\/\/distribution.audio-technica.eu\/es-es\/productos\/7040a\/","og_site_name":"Audio-Technica Iberia","article_modified_time":"2023-07-13T11:33:19+00:00","og_image":[{"width":1000,"height":1000,"url":"https:\/\/distribution.audio-technica.eu\/app\/uploads\/sites\/2\/Genelec-7040A-1.jpg","type":"image\/jpeg"}],"twitter_card":"summary_large_image","twitter_misc":{"Tiempo de lectura":"3 minutos"},"schema":{"@context":"https:\/\/schema.org","@graph":[{"@type":"WebPage","@id":"https:\/\/distribution.audio-technica.eu\/es-es\/productos\/7040a\/","url":"https:\/\/distribution.audio-technica.eu\/es-es\/productos\/7040a\/","name":"7040A - Audio-Technica Iberia","isPartOf":{"@id":"https:\/\/distribution.audio-technica.eu\/es-es\/#website"},"primaryImageOfPage":{"@id":"https:\/\/distribution.audio-technica.eu\/es-es\/productos\/7040a\/#primaryimage"},"image":{"@id":"https:\/\/distribution.audio-technica.eu\/es-es\/productos\/7040a\/#primaryimage"},"thumbnailUrl":"\/app\/uploads\/sites\/2\/Genelec-7040A-1.jpg","datePublished":"2018-07-12T12:30:23+00:00","dateModified":"2023-07-13T11:33:19+00:00","breadcrumb":{"@id":"https:\/\/distribution.audio-technica.eu\/es-es\/productos\/7040a\/#breadcrumb"},"inLanguage":"es","potentialAction":[{"@type":"ReadAction","target":["https:\/\/distribution.audio-technica.eu\/es-es\/productos\/7040a\/"]}]},{"@type":"ImageObject","inLanguage":"es","@id":"https:\/\/distribution.audio-technica.eu\/es-es\/productos\/7040a\/#primaryimage","url":"\/app\/uploads\/sites\/2\/Genelec-7040A-1.jpg","contentUrl":"\/app\/uploads\/sites\/2\/Genelec-7040A-1.jpg","width":1000,"height":1000},{"@type":"BreadcrumbList","@id":"https:\/\/distribution.audio-technica.eu\/es-es\/productos\/7040a\/#breadcrumb","itemListElement":[{"@type":"ListItem","position":1,"name":"Products","item":"https:\/\/distribution.audio-technica.eu\/es-es\/"},{"@type":"ListItem","position":2,"name":"Productos","item":"https:\/\/distribution.audio-technica.eu\/es-es\/productos\/"},{"@type":"ListItem","position":3,"name":"7040A"}]},{"@type":"WebSite","@id":"https:\/\/distribution.audio-technica.eu\/es-es\/#website","url":"https:\/\/distribution.audio-technica.eu\/es-es\/","name":"Audio-Technica Iberia","description":"Distribuci\u00f3n","potentialAction":[{"@type":"SearchAction","target":{"@type":"EntryPoint","urlTemplate":"https:\/\/distribution.audio-technica.eu\/es-es\/?s={search_term_string}"},"query-input":{"@type":"PropertyValueSpecification","valueRequired":true,"valueName":"search_term_string"}}],"inLanguage":"es"}]}},"_links":{"self":[{"href":"https:\/\/distribution.audio-technica.eu\/es-es\/wp-json\/wp\/v2\/product\/13985","targetHints":{"allow":["GET"]}}],"collection":[{"href":"https:\/\/distribution.audio-technica.eu\/es-es\/wp-json\/wp\/v2\/product"}],"about":[{"href":"https:\/\/distribution.audio-technica.eu\/es-es\/wp-json\/wp\/v2\/types\/product"}],"wp:featuredmedia":[{"embeddable":true,"href":"https:\/\/distribution.audio-technica.eu\/es-es\/wp-json\/wp\/v2\/media\/11065"}],"wp:attachment":[{"href":"https:\/\/distribution.audio-technica.eu\/es-es\/wp-json\/wp\/v2\/media?parent=13985"}],"wp:term":[{"taxonomy":"product_brand","embeddable":true,"href":"https:\/\/distribution.audio-technica.eu\/es-es\/wp-json\/wp\/v2\/product_brand?post=13985"},{"taxonomy":"product_cat","embeddable":true,"href":"https:\/\/distribution.audio-technica.eu\/es-es\/wp-json\/wp\/v2\/product_cat?post=13985"},{"taxonomy":"product_tag","embeddable":true,"href":"https:\/\/distribution.audio-technica.eu\/es-es\/wp-json\/wp\/v2\/product_tag?post=13985"}],"curies":[{"name":"wp","href":"https:\/\/api.w.org\/{rel}","templated":true}]}}