{"id":13987,"date":"2018-07-12T14:30:23","date_gmt":"2018-07-12T12:30:23","guid":{"rendered":"https:\/\/atdb-production.studiograft.dev\/es\/product\/import-placeholder-for-1063\/"},"modified":"2023-07-13T13:33:19","modified_gmt":"2023-07-13T11:33:19","slug":"7050c","status":"publish","type":"product","link":"https:\/\/distribution.audio-technica.eu\/es-es\/productos\/7050c\/","title":{"rendered":"7050C"},"content":{"rendered":"<h2>7050C<\/h2>\n<h3>Subgrave autoamplificado, 8&#8243;<\/h3>\n<p>El nuevo subgrave 7050C es la elecci\u00f3n natural para todos aquellos que busquen un subgrave compacto que ofrezca una mayor gama en respuesta en frecuencia, un SPL generoso y prestaciones profesionales en cuanto a gesti\u00f3n de los graves.<br \/>\nEsta nueva versi\u00f3n del popular modelo 7050 es el complemento perfecto para cualquier monitor de campo cercano, particularmente los modelos 8010, 8020, 8030 y M030 de Genelec.<\/p>\n<p>El subgrave 7050C incorpora un gran n\u00famero de mejoras sobre sus predecesores \u2013modelos A y B-, incluyendo la posibilidad de anular el sistema interno de gesti\u00f3n de graves, una menor distorsi\u00f3n, una fuente de alimentaci\u00f3n conmutada universal y un aumento del SPL m\u00e1ximo, que alcanza los 103 dB.<\/p>\n<p>El 7050C es adecuado tanto para trabajar en est\u00e9reo como en sistemas multicanal, dado que la secci\u00f3n de gesti\u00f3n de graves ofrece cinco canales de entrada y salida, con filtros pasa alto\/pasa bajo de 85 Hz, adem\u00e1s de una entrada discreta de se\u00f1al LFE a 120 Hz, con realce seleccionable de 10dB.<\/p>\n<p>Con unas dimensiones de tan solo 410 mm de altura, 350 mm de ancho y 319 mm de profundidad, el 7050C incorpora un \u00fanico transductor de graves de 205 mm (8\u201d) blindado magn\u00e9ticamente, y alojado en un recinto LSE de Genelec; este conjunto proporciona una respuesta en frecuencia que alcanza los 24 Hz con una distorsi\u00f3n impresionantemente baja.<\/p>\n<p>En su panel posterior, el 7050C incorpora diversos conmutadores DIP, que permiten que el usuario pueda ajustar la fase del subgrave y la supresi\u00f3n de graves, activar el nivel LFE 10 dB, y activar el sistema Intelligent Signal Sensing (ISS), que reduce el consumo de la unidad a tan solo 0.5 W cuando se encuentra en modo \u2018en espera\u2019.<\/p>\n<p>Disponible en color negro mate.<\/p>\n<ul>\n<li>Optimizado para sistemas surround 5.1<\/li>\n<li>Recinto compacto con dise\u00f1o optimizado que permite una precisareproducci\u00f3n sonora, incluso en habitaciones muy peque\u00f1as<\/li>\n<li>Recinto patentado Laminar Spiral Enclosure (LSE). Que proporciona m\u00e1s nivel de salida con una precisa articulaci\u00f3n de los graves y una distorsi\u00f3n muy baja<\/li>\n<li>Amplificador Clase D dise\u00f1ado y fabricado por Genelec, que proporciona un elevado SPL, alta fiabilidad y una distorsi\u00f3n muy baja<\/li>\n<li>Tensi\u00f3n de red universal que permite su uso en cualquier parte del mundo<\/li>\n<li>Entrada 5.1 XLR y 5 salidas XLR balanceadas facilitan la conectividad con los monitores activos 8020 y 8030de Genelec<\/li>\n<li>Ahorro de energ\u00eda gracias al sistema Intelligent Signal Sensing (ISS) de Genelec, que conmuta el subgrave a modo en espera cuando no se detecta se\u00f1al de audio de entrada<\/li>\n<li>SPL m\u00e1x.: 103 dB<\/li>\n<li>Respuesta en frecuencia: 24 Hz &#8211; 85 Hz (-6 dB) \/ LFE 24 Hz &#8211; 120 Hz (-6 dB)<\/li>\n<li>Transductores: 1&#215;8&#8243;<\/li>\n<li>Potencia amp.: 130W<\/li>\n<li>Conexiones: entrada XLR 5.1, 5 salidas XLR<\/li>\n<li>Dimensiones (Al x An x Fo): 410 x 350 x 319 mm<\/li>\n<li>Peso: 17.3 kg<\/li>\n<\/ul>\n","protected":false},"excerpt":{"rendered":"<h3>Subgrave autoamplificado, 8&#8243;<\/h3>\n<ul class=\"summary\">\n<li>Dise\u00f1o mejorado del popular modelo 7050<\/li>\n<li>Menor distorsi\u00f3n<\/li>\n<li>Mayor SPL<\/li>\n<li>Fuente de alimentaci\u00f3n universal<\/li>\n<li>Sistema de gesti\u00f3n de graves desconectable<\/li>\n<\/ul>\n","protected":false},"featured_media":11938,"template":"","meta":{"_acf_changed":false},"product_brand":[],"product_cat":[1401,1395,1402],"product_tag":[],"class_list":{"0":"post-13987","1":"product","2":"type-product","3":"status-publish","4":"has-post-thumbnail","6":"product_cat-subgraves-genelec","7":"product_cat-por-series-genelec","8":"product_cat-serie-7000","9":"product_series-serie-7000","11":"first","12":"instock","13":"shipping-taxable","14":"product-type-simple"},"acf":[],"yoast_head":"<!-- This site is optimized with the Yoast SEO plugin v27.1.1 - https:\/\/yoast.com\/product\/yoast-seo-wordpress\/ -->\n<title>7050C - Audio-Technica Iberia<\/title>\n<meta name=\"robots\" content=\"index, follow, max-snippet:-1, max-image-preview:large, max-video-preview:-1\" \/>\n<link rel=\"canonical\" href=\"https:\/\/distribution.audio-technica.eu\/es-es\/productos\/7050c\/\" \/>\n<meta property=\"og:locale\" content=\"es_ES\" \/>\n<meta property=\"og:type\" content=\"article\" \/>\n<meta property=\"og:title\" content=\"7050C - Audio-Technica Iberia\" \/>\n<meta property=\"og:description\" content=\"Subgrave autoamplificado, 8&quot;  Dise\u00f1o mejorado del popular modelo 7050  Menor distorsi\u00f3n  Mayor SPL  Fuente de alimentaci\u00f3n universal  Sistema de gesti\u00f3n de graves desconectable\" \/>\n<meta property=\"og:url\" content=\"https:\/\/distribution.audio-technica.eu\/es-es\/productos\/7050c\/\" \/>\n<meta property=\"og:site_name\" content=\"Audio-Technica Iberia\" \/>\n<meta property=\"article:modified_time\" content=\"2023-07-13T11:33:19+00:00\" \/>\n<meta property=\"og:image\" content=\"https:\/\/distribution.audio-technica.eu\/app\/uploads\/sites\/2\/Genelec-7050C.jpg\" \/>\n\t<meta property=\"og:image:width\" content=\"1000\" \/>\n\t<meta property=\"og:image:height\" content=\"1000\" \/>\n\t<meta property=\"og:image:type\" content=\"image\/jpeg\" \/>\n<meta name=\"twitter:card\" content=\"summary_large_image\" \/>\n<meta name=\"twitter:label1\" content=\"Tiempo de lectura\" \/>\n\t<meta name=\"twitter:data1\" content=\"2 minutos\" \/>\n<script type=\"application\/ld+json\" class=\"yoast-schema-graph\">{\"@context\":\"https:\/\/schema.org\",\"@graph\":[{\"@type\":\"WebPage\",\"@id\":\"https:\/\/distribution.audio-technica.eu\/es-es\/productos\/7050c\/\",\"url\":\"https:\/\/distribution.audio-technica.eu\/es-es\/productos\/7050c\/\",\"name\":\"7050C - Audio-Technica Iberia\",\"isPartOf\":{\"@id\":\"https:\/\/distribution.audio-technica.eu\/es-es\/#website\"},\"primaryImageOfPage\":{\"@id\":\"https:\/\/distribution.audio-technica.eu\/es-es\/productos\/7050c\/#primaryimage\"},\"image\":{\"@id\":\"https:\/\/distribution.audio-technica.eu\/es-es\/productos\/7050c\/#primaryimage\"},\"thumbnailUrl\":\"\/app\/uploads\/sites\/2\/Genelec-7050C.jpg\",\"datePublished\":\"2018-07-12T12:30:23+00:00\",\"dateModified\":\"2023-07-13T11:33:19+00:00\",\"breadcrumb\":{\"@id\":\"https:\/\/distribution.audio-technica.eu\/es-es\/productos\/7050c\/#breadcrumb\"},\"inLanguage\":\"es\",\"potentialAction\":[{\"@type\":\"ReadAction\",\"target\":[\"https:\/\/distribution.audio-technica.eu\/es-es\/productos\/7050c\/\"]}]},{\"@type\":\"ImageObject\",\"inLanguage\":\"es\",\"@id\":\"https:\/\/distribution.audio-technica.eu\/es-es\/productos\/7050c\/#primaryimage\",\"url\":\"\/app\/uploads\/sites\/2\/Genelec-7050C.jpg\",\"contentUrl\":\"\/app\/uploads\/sites\/2\/Genelec-7050C.jpg\",\"width\":1000,\"height\":1000},{\"@type\":\"BreadcrumbList\",\"@id\":\"https:\/\/distribution.audio-technica.eu\/es-es\/productos\/7050c\/#breadcrumb\",\"itemListElement\":[{\"@type\":\"ListItem\",\"position\":1,\"name\":\"Products\",\"item\":\"https:\/\/distribution.audio-technica.eu\/es-es\/\"},{\"@type\":\"ListItem\",\"position\":2,\"name\":\"Productos\",\"item\":\"https:\/\/distribution.audio-technica.eu\/es-es\/productos\/\"},{\"@type\":\"ListItem\",\"position\":3,\"name\":\"7050C\"}]},{\"@type\":\"WebSite\",\"@id\":\"https:\/\/distribution.audio-technica.eu\/es-es\/#website\",\"url\":\"https:\/\/distribution.audio-technica.eu\/es-es\/\",\"name\":\"Audio-Technica Iberia\",\"description\":\"Distribuci\u00f3n\",\"potentialAction\":[{\"@type\":\"SearchAction\",\"target\":{\"@type\":\"EntryPoint\",\"urlTemplate\":\"https:\/\/distribution.audio-technica.eu\/es-es\/?s={search_term_string}\"},\"query-input\":{\"@type\":\"PropertyValueSpecification\",\"valueRequired\":true,\"valueName\":\"search_term_string\"}}],\"inLanguage\":\"es\"}]}<\/script>\n<!-- \/ Yoast SEO plugin. -->","yoast_head_json":{"title":"7050C - Audio-Technica Iberia","robots":{"index":"index","follow":"follow","max-snippet":"max-snippet:-1","max-image-preview":"max-image-preview:large","max-video-preview":"max-video-preview:-1"},"canonical":"https:\/\/distribution.audio-technica.eu\/es-es\/productos\/7050c\/","og_locale":"es_ES","og_type":"article","og_title":"7050C - Audio-Technica Iberia","og_description":"Subgrave autoamplificado, 8\"  Dise\u00f1o mejorado del popular modelo 7050  Menor distorsi\u00f3n  Mayor SPL  Fuente de alimentaci\u00f3n universal  Sistema de gesti\u00f3n de graves desconectable","og_url":"https:\/\/distribution.audio-technica.eu\/es-es\/productos\/7050c\/","og_site_name":"Audio-Technica Iberia","article_modified_time":"2023-07-13T11:33:19+00:00","og_image":[{"width":1000,"height":1000,"url":"https:\/\/distribution.audio-technica.eu\/app\/uploads\/sites\/2\/Genelec-7050C.jpg","type":"image\/jpeg"}],"twitter_card":"summary_large_image","twitter_misc":{"Tiempo de lectura":"2 minutos"},"schema":{"@context":"https:\/\/schema.org","@graph":[{"@type":"WebPage","@id":"https:\/\/distribution.audio-technica.eu\/es-es\/productos\/7050c\/","url":"https:\/\/distribution.audio-technica.eu\/es-es\/productos\/7050c\/","name":"7050C - Audio-Technica Iberia","isPartOf":{"@id":"https:\/\/distribution.audio-technica.eu\/es-es\/#website"},"primaryImageOfPage":{"@id":"https:\/\/distribution.audio-technica.eu\/es-es\/productos\/7050c\/#primaryimage"},"image":{"@id":"https:\/\/distribution.audio-technica.eu\/es-es\/productos\/7050c\/#primaryimage"},"thumbnailUrl":"\/app\/uploads\/sites\/2\/Genelec-7050C.jpg","datePublished":"2018-07-12T12:30:23+00:00","dateModified":"2023-07-13T11:33:19+00:00","breadcrumb":{"@id":"https:\/\/distribution.audio-technica.eu\/es-es\/productos\/7050c\/#breadcrumb"},"inLanguage":"es","potentialAction":[{"@type":"ReadAction","target":["https:\/\/distribution.audio-technica.eu\/es-es\/productos\/7050c\/"]}]},{"@type":"ImageObject","inLanguage":"es","@id":"https:\/\/distribution.audio-technica.eu\/es-es\/productos\/7050c\/#primaryimage","url":"\/app\/uploads\/sites\/2\/Genelec-7050C.jpg","contentUrl":"\/app\/uploads\/sites\/2\/Genelec-7050C.jpg","width":1000,"height":1000},{"@type":"BreadcrumbList","@id":"https:\/\/distribution.audio-technica.eu\/es-es\/productos\/7050c\/#breadcrumb","itemListElement":[{"@type":"ListItem","position":1,"name":"Products","item":"https:\/\/distribution.audio-technica.eu\/es-es\/"},{"@type":"ListItem","position":2,"name":"Productos","item":"https:\/\/distribution.audio-technica.eu\/es-es\/productos\/"},{"@type":"ListItem","position":3,"name":"7050C"}]},{"@type":"WebSite","@id":"https:\/\/distribution.audio-technica.eu\/es-es\/#website","url":"https:\/\/distribution.audio-technica.eu\/es-es\/","name":"Audio-Technica Iberia","description":"Distribuci\u00f3n","potentialAction":[{"@type":"SearchAction","target":{"@type":"EntryPoint","urlTemplate":"https:\/\/distribution.audio-technica.eu\/es-es\/?s={search_term_string}"},"query-input":{"@type":"PropertyValueSpecification","valueRequired":true,"valueName":"search_term_string"}}],"inLanguage":"es"}]}},"_links":{"self":[{"href":"https:\/\/distribution.audio-technica.eu\/es-es\/wp-json\/wp\/v2\/product\/13987","targetHints":{"allow":["GET"]}}],"collection":[{"href":"https:\/\/distribution.audio-technica.eu\/es-es\/wp-json\/wp\/v2\/product"}],"about":[{"href":"https:\/\/distribution.audio-technica.eu\/es-es\/wp-json\/wp\/v2\/types\/product"}],"wp:featuredmedia":[{"embeddable":true,"href":"https:\/\/distribution.audio-technica.eu\/es-es\/wp-json\/wp\/v2\/media\/11938"}],"wp:attachment":[{"href":"https:\/\/distribution.audio-technica.eu\/es-es\/wp-json\/wp\/v2\/media?parent=13987"}],"wp:term":[{"taxonomy":"product_brand","embeddable":true,"href":"https:\/\/distribution.audio-technica.eu\/es-es\/wp-json\/wp\/v2\/product_brand?post=13987"},{"taxonomy":"product_cat","embeddable":true,"href":"https:\/\/distribution.audio-technica.eu\/es-es\/wp-json\/wp\/v2\/product_cat?post=13987"},{"taxonomy":"product_tag","embeddable":true,"href":"https:\/\/distribution.audio-technica.eu\/es-es\/wp-json\/wp\/v2\/product_tag?post=13987"}],"curies":[{"name":"wp","href":"https:\/\/api.w.org\/{rel}","templated":true}]}}