{"id":13988,"date":"2018-07-12T14:30:24","date_gmt":"2018-07-12T12:30:24","guid":{"rendered":"https:\/\/atdb-production.studiograft.dev\/es\/product\/import-placeholder-for-1064\/"},"modified":"2023-07-13T13:33:45","modified_gmt":"2023-07-13T11:33:45","slug":"7350a-sam","status":"publish","type":"product","link":"https:\/\/distribution.audio-technica.eu\/es-es\/productos\/7350a-sam\/","title":{"rendered":"7350A"},"content":{"rendered":"<h2>7350A<\/h2>\n<h3>Subgrave autoamplificado SAM, 8&#8243;<\/h3>\n<p>El subgrave 7350A proporciona una monitorizaci\u00f3n de precisi\u00f3n sorprendente y una gran flexibilidad en un formato extremadamente compacto.<\/p>\n<p>Este subgrave ha sido dise\u00f1ado para trabajar en combinaci\u00f3n con los monitores 8320A y 8330A, utilizando el nuevo y altamente intuitivo software de control Genelec Loudspeaker Manager (GLM 2.0), y complementado con un nuevo micr\u00f3fono de medici\u00f3n y una unidad adaptadora de red. Presenta un recinto con tecnolog\u00eda Laminar Spiral Enclosure (LSE), exclusivo de Genelec), proporcionando corte en graves y una reproducci\u00f3n de graves clara y articulada.<\/p>\n<p>El avanzado sistema AutoCal de Genelec permite alinear de forma autom\u00e1tica cada monitor \/ subgrave, ajustando su nivel, la fase del crossover y proporcionando ecualizaci\u00f3n para resolver la anomal\u00edas que presente la respuesta de la sala.<\/p>\n<p>Combinando un funcionamiento excepcional y una gran flexibilidad, el 7350A es el subgrave id\u00f3neo para estudios de m\u00fasica, salas de post producci\u00f3n, salas de edici\u00f3n digital, radio, TV y otras aplicaciones broadcast.<\/p>\n<ul>\n<li>Recinto compacto con dise\u00f1o optimizado que permite una precisareproducci\u00f3n sonora, incluso en habitaciones muy peque\u00f1as<\/li>\n<li>Recinto patentado Laminar Spiral Enclosure (LSE). Que proporciona m\u00e1s nivel de salida con una precisa articulaci\u00f3n de los graves y una distorsi\u00f3n muy baja<\/li>\n<li>Amplificador Clase D dise\u00f1ado y fabricado por Genelec, que proporciona un elevado SPL, alta fiabilidad y una distorsi\u00f3n muy baja<\/li>\n<li>Tensi\u00f3n de red universal que permite su uso en cualquier parte del mundo<\/li>\n<li>Entrada 5.1 XLR y 5 salidas XLR balanceadas facilitan la conectividad con los monitores activos 8020 y 8030de Genelec<\/li>\n<li>Ahorro de energ\u00eda gracias al sistema Intelligent Signal Sensing (ISS) de Genelec, que conmuta el subgrave a modo en espera cuando no se detecta se\u00f1al de audio de entrada<\/li>\n<li>Transductores: 1&#215;8&#8243;<\/li>\n<li>Potencia amp.: 150W<\/li>\n<li>Conexiones: entrada XLR 5.1, 5 salidas XLR, 1 E\/S XLR AES\/EBU, 2 RJ45 red control<\/li>\n<\/ul>\n","protected":false},"excerpt":{"rendered":"<h3>Subgrave autoamplificado SAM, 8&#8243;<\/h3>\n<ul class=\"summary\">\n<li>Ideal para estudios, post producci\u00f3n, edici\u00f3n digital, TV, etc.<\/li>\n<li>Compatible GLM y AutoCal<\/li>\n<li>Entradas\/salidas anal\u00f3gicas y digitales<\/li>\n<li>Potencia 150W RMS<\/li>\n<li>Respuesta en frecuencia: 22 Hz- 120 Hz<\/li>\n<\/ul>\n","protected":false},"featured_media":11083,"template":"","meta":{"_acf_changed":false},"product_brand":[],"product_cat":[1401,1395,1402,1396],"product_tag":[],"class_list":{"0":"post-13988","1":"product","2":"type-product","3":"status-publish","4":"has-post-thumbnail","6":"product_cat-subgraves-genelec","7":"product_cat-por-series-genelec","8":"product_cat-serie-7000","9":"product_cat-serie-sam","10":"product_series-serie-7000","11":"product_series-serie-sam","13":"first","14":"instock","15":"shipping-taxable","16":"product-type-simple"},"acf":[],"yoast_head":"<!-- This site is optimized with the Yoast SEO plugin v27.1.1 - https:\/\/yoast.com\/product\/yoast-seo-wordpress\/ -->\n<title>7350A - Audio-Technica Iberia<\/title>\n<meta name=\"robots\" content=\"index, follow, max-snippet:-1, max-image-preview:large, max-video-preview:-1\" \/>\n<link rel=\"canonical\" href=\"https:\/\/distribution.audio-technica.eu\/es-es\/productos\/7350a-sam\/\" \/>\n<meta property=\"og:locale\" content=\"es_ES\" \/>\n<meta property=\"og:type\" content=\"article\" \/>\n<meta property=\"og:title\" content=\"7350A - Audio-Technica Iberia\" \/>\n<meta property=\"og:description\" content=\"Subgrave autoamplificado SAM, 8&quot;  Ideal para estudios, post producci\u00f3n, edici\u00f3n digital, TV, etc.  Compatible GLM y AutoCal  Entradas\/salidas anal\u00f3gicas y digitales  Potencia 150W RMS  Respuesta en frecuencia: 22 Hz- 120 Hz\" \/>\n<meta property=\"og:url\" content=\"https:\/\/distribution.audio-technica.eu\/es-es\/productos\/7350a-sam\/\" \/>\n<meta property=\"og:site_name\" content=\"Audio-Technica Iberia\" \/>\n<meta property=\"article:modified_time\" content=\"2023-07-13T11:33:45+00:00\" \/>\n<meta property=\"og:image\" content=\"https:\/\/distribution.audio-technica.eu\/app\/uploads\/sites\/2\/Genelec-7350A-front-1.jpg\" \/>\n\t<meta property=\"og:image:width\" content=\"1000\" \/>\n\t<meta property=\"og:image:height\" content=\"1000\" \/>\n\t<meta property=\"og:image:type\" content=\"image\/jpeg\" \/>\n<meta name=\"twitter:card\" content=\"summary_large_image\" \/>\n<meta name=\"twitter:label1\" content=\"Tiempo de lectura\" \/>\n\t<meta name=\"twitter:data1\" content=\"2 minutos\" \/>\n<script type=\"application\/ld+json\" class=\"yoast-schema-graph\">{\"@context\":\"https:\/\/schema.org\",\"@graph\":[{\"@type\":\"WebPage\",\"@id\":\"https:\/\/distribution.audio-technica.eu\/es-es\/productos\/7350a-sam\/\",\"url\":\"https:\/\/distribution.audio-technica.eu\/es-es\/productos\/7350a-sam\/\",\"name\":\"7350A - Audio-Technica Iberia\",\"isPartOf\":{\"@id\":\"https:\/\/distribution.audio-technica.eu\/es-es\/#website\"},\"primaryImageOfPage\":{\"@id\":\"https:\/\/distribution.audio-technica.eu\/es-es\/productos\/7350a-sam\/#primaryimage\"},\"image\":{\"@id\":\"https:\/\/distribution.audio-technica.eu\/es-es\/productos\/7350a-sam\/#primaryimage\"},\"thumbnailUrl\":\"\/app\/uploads\/sites\/2\/Genelec-7350A-front-1.jpg\",\"datePublished\":\"2018-07-12T12:30:24+00:00\",\"dateModified\":\"2023-07-13T11:33:45+00:00\",\"breadcrumb\":{\"@id\":\"https:\/\/distribution.audio-technica.eu\/es-es\/productos\/7350a-sam\/#breadcrumb\"},\"inLanguage\":\"es\",\"potentialAction\":[{\"@type\":\"ReadAction\",\"target\":[\"https:\/\/distribution.audio-technica.eu\/es-es\/productos\/7350a-sam\/\"]}]},{\"@type\":\"ImageObject\",\"inLanguage\":\"es\",\"@id\":\"https:\/\/distribution.audio-technica.eu\/es-es\/productos\/7350a-sam\/#primaryimage\",\"url\":\"\/app\/uploads\/sites\/2\/Genelec-7350A-front-1.jpg\",\"contentUrl\":\"\/app\/uploads\/sites\/2\/Genelec-7350A-front-1.jpg\",\"width\":1000,\"height\":1000},{\"@type\":\"BreadcrumbList\",\"@id\":\"https:\/\/distribution.audio-technica.eu\/es-es\/productos\/7350a-sam\/#breadcrumb\",\"itemListElement\":[{\"@type\":\"ListItem\",\"position\":1,\"name\":\"Products\",\"item\":\"https:\/\/distribution.audio-technica.eu\/es-es\/\"},{\"@type\":\"ListItem\",\"position\":2,\"name\":\"Productos\",\"item\":\"https:\/\/distribution.audio-technica.eu\/es-es\/productos\/\"},{\"@type\":\"ListItem\",\"position\":3,\"name\":\"7350A\"}]},{\"@type\":\"WebSite\",\"@id\":\"https:\/\/distribution.audio-technica.eu\/es-es\/#website\",\"url\":\"https:\/\/distribution.audio-technica.eu\/es-es\/\",\"name\":\"Audio-Technica Iberia\",\"description\":\"Distribuci\u00f3n\",\"potentialAction\":[{\"@type\":\"SearchAction\",\"target\":{\"@type\":\"EntryPoint\",\"urlTemplate\":\"https:\/\/distribution.audio-technica.eu\/es-es\/?s={search_term_string}\"},\"query-input\":{\"@type\":\"PropertyValueSpecification\",\"valueRequired\":true,\"valueName\":\"search_term_string\"}}],\"inLanguage\":\"es\"}]}<\/script>\n<!-- \/ Yoast SEO plugin. -->","yoast_head_json":{"title":"7350A - Audio-Technica Iberia","robots":{"index":"index","follow":"follow","max-snippet":"max-snippet:-1","max-image-preview":"max-image-preview:large","max-video-preview":"max-video-preview:-1"},"canonical":"https:\/\/distribution.audio-technica.eu\/es-es\/productos\/7350a-sam\/","og_locale":"es_ES","og_type":"article","og_title":"7350A - Audio-Technica Iberia","og_description":"Subgrave autoamplificado SAM, 8\"  Ideal para estudios, post producci\u00f3n, edici\u00f3n digital, TV, etc.  Compatible GLM y AutoCal  Entradas\/salidas anal\u00f3gicas y digitales  Potencia 150W RMS  Respuesta en frecuencia: 22 Hz- 120 Hz","og_url":"https:\/\/distribution.audio-technica.eu\/es-es\/productos\/7350a-sam\/","og_site_name":"Audio-Technica Iberia","article_modified_time":"2023-07-13T11:33:45+00:00","og_image":[{"width":1000,"height":1000,"url":"https:\/\/distribution.audio-technica.eu\/app\/uploads\/sites\/2\/Genelec-7350A-front-1.jpg","type":"image\/jpeg"}],"twitter_card":"summary_large_image","twitter_misc":{"Tiempo de lectura":"2 minutos"},"schema":{"@context":"https:\/\/schema.org","@graph":[{"@type":"WebPage","@id":"https:\/\/distribution.audio-technica.eu\/es-es\/productos\/7350a-sam\/","url":"https:\/\/distribution.audio-technica.eu\/es-es\/productos\/7350a-sam\/","name":"7350A - Audio-Technica Iberia","isPartOf":{"@id":"https:\/\/distribution.audio-technica.eu\/es-es\/#website"},"primaryImageOfPage":{"@id":"https:\/\/distribution.audio-technica.eu\/es-es\/productos\/7350a-sam\/#primaryimage"},"image":{"@id":"https:\/\/distribution.audio-technica.eu\/es-es\/productos\/7350a-sam\/#primaryimage"},"thumbnailUrl":"\/app\/uploads\/sites\/2\/Genelec-7350A-front-1.jpg","datePublished":"2018-07-12T12:30:24+00:00","dateModified":"2023-07-13T11:33:45+00:00","breadcrumb":{"@id":"https:\/\/distribution.audio-technica.eu\/es-es\/productos\/7350a-sam\/#breadcrumb"},"inLanguage":"es","potentialAction":[{"@type":"ReadAction","target":["https:\/\/distribution.audio-technica.eu\/es-es\/productos\/7350a-sam\/"]}]},{"@type":"ImageObject","inLanguage":"es","@id":"https:\/\/distribution.audio-technica.eu\/es-es\/productos\/7350a-sam\/#primaryimage","url":"\/app\/uploads\/sites\/2\/Genelec-7350A-front-1.jpg","contentUrl":"\/app\/uploads\/sites\/2\/Genelec-7350A-front-1.jpg","width":1000,"height":1000},{"@type":"BreadcrumbList","@id":"https:\/\/distribution.audio-technica.eu\/es-es\/productos\/7350a-sam\/#breadcrumb","itemListElement":[{"@type":"ListItem","position":1,"name":"Products","item":"https:\/\/distribution.audio-technica.eu\/es-es\/"},{"@type":"ListItem","position":2,"name":"Productos","item":"https:\/\/distribution.audio-technica.eu\/es-es\/productos\/"},{"@type":"ListItem","position":3,"name":"7350A"}]},{"@type":"WebSite","@id":"https:\/\/distribution.audio-technica.eu\/es-es\/#website","url":"https:\/\/distribution.audio-technica.eu\/es-es\/","name":"Audio-Technica Iberia","description":"Distribuci\u00f3n","potentialAction":[{"@type":"SearchAction","target":{"@type":"EntryPoint","urlTemplate":"https:\/\/distribution.audio-technica.eu\/es-es\/?s={search_term_string}"},"query-input":{"@type":"PropertyValueSpecification","valueRequired":true,"valueName":"search_term_string"}}],"inLanguage":"es"}]}},"_links":{"self":[{"href":"https:\/\/distribution.audio-technica.eu\/es-es\/wp-json\/wp\/v2\/product\/13988","targetHints":{"allow":["GET"]}}],"collection":[{"href":"https:\/\/distribution.audio-technica.eu\/es-es\/wp-json\/wp\/v2\/product"}],"about":[{"href":"https:\/\/distribution.audio-technica.eu\/es-es\/wp-json\/wp\/v2\/types\/product"}],"wp:featuredmedia":[{"embeddable":true,"href":"https:\/\/distribution.audio-technica.eu\/es-es\/wp-json\/wp\/v2\/media\/11083"}],"wp:attachment":[{"href":"https:\/\/distribution.audio-technica.eu\/es-es\/wp-json\/wp\/v2\/media?parent=13988"}],"wp:term":[{"taxonomy":"product_brand","embeddable":true,"href":"https:\/\/distribution.audio-technica.eu\/es-es\/wp-json\/wp\/v2\/product_brand?post=13988"},{"taxonomy":"product_cat","embeddable":true,"href":"https:\/\/distribution.audio-technica.eu\/es-es\/wp-json\/wp\/v2\/product_cat?post=13988"},{"taxonomy":"product_tag","embeddable":true,"href":"https:\/\/distribution.audio-technica.eu\/es-es\/wp-json\/wp\/v2\/product_tag?post=13988"}],"curies":[{"name":"wp","href":"https:\/\/api.w.org\/{rel}","templated":true}]}}