{"id":13990,"date":"2018-07-12T14:30:37","date_gmt":"2018-07-12T12:30:37","guid":{"rendered":"https:\/\/atdb-production.studiograft.dev\/es\/product\/import-placeholder-for-1066\/"},"modified":"2023-07-13T13:33:45","modified_gmt":"2023-07-13T11:33:45","slug":"7370a-sam","status":"publish","type":"product","link":"https:\/\/distribution.audio-technica.eu\/es-es\/productos\/7370a-sam\/","title":{"rendered":"7370A"},"content":{"rendered":"<h2>7370A<\/h2>\n<h3>Subgrave autoamplificado SAM, 12&#8243;<\/h3>\n<p>El subgrave 7370A de Genelec proporciona una monitorizaci\u00f3n de graves precisa en todo tipo de aplicaciones anal\u00f3gicas y digitales, e incorpora las tecnolog\u00edas AutoCal y GLM.<\/p>\n<p>El 7370A combina la tecnolog\u00eda Laminar Spiral Enclosure (LSE) con las tecnolog\u00edas de control en red AutoCal y GLM. El avanzado sistema AutoCal permite alinear de forma autom\u00e1tica el subgrave en cuanto a nivel, temporizaci\u00f3n, fase del crossover y ecualizaci\u00f3n de las anomal\u00edas en la respuesta de la sala. Proporcionando una respuesta ampliada en graves, una cuidadosa reproducci\u00f3n de las caracter\u00edsticas tonales y una gran capacidad din\u00e1mica, el 7370A soporta una arquitectura de gesti\u00f3n distribuida de graves. Este rentable formato ofrece entradas y salidas XLR para canales 7.1, adem\u00e1s de entradas y salidas est\u00e9reo AES\/EBU en formato XLR, sin necesidad de contar con conversores A\/D adicionales externos. En el propio recinto se ha integrado una unidad de amplificaci\u00f3n en clase D, as\u00ed como filtros crossover DSP, y circuitos de protecci\u00f3n.<\/p>\n<p>El software GLM 2.0 es un sistema de control en red muy potente e intuitivo que se encarga de manejar la conectividad de todos los monitores de estudio y subgraves SAM presentes en una red -hasta 30-. El software GLM 2.0 incluye ajuste de niveles, distancias de retardo y ecualizaci\u00f3n de compensaci\u00f3n de la ac\u00fastica de la sala, y del avanzado sistema de calibraci\u00f3n autom\u00e1tico AutoCal. Todos los par\u00e1metros y ajustes son almacenados en los archivos de configuraci\u00f3n del sistema o guardados individualmente en cada monitor y subgrave, si la red GLM necesita ser desconectada.<\/p>\n<p>La circuiter\u00eda Intelligent Signal Sensing, ISS, monitoriza la se\u00f1al de entrada al altavoz y detecta si \u00e9ste se est\u00e1 utilizando. Si el circuito ISS no detecta se\u00f1al de audio en la entrada durante un cierto per\u00edodo de tiempo, coloca al altavoz en un estado de reposo, de bajo consume, en el que solo consume 0,5 W. Cuando se detecta una se\u00f1al de entrada, el altavoz se vuelve a activar de forma inmediata.<\/p>\n<p>El 7370A es una herramienta de monitorizaci\u00f3n de graves para estudios de m\u00fasica, unidades m\u00f3viles, workstations digitales, emisoras de radio y televisi\u00f3n, que proporciona un sonido de claridad sorprendente, as\u00ed como la definici\u00f3n y neutralidad en las que puede confiar. Gracias a la comodidad, flexibilidad e ilimitadas posibilidades de configuraci\u00f3n que ofrece, el usuario solo tiene que concentrarse en su trabajo creativo.<\/p>\n<ul>\n<li>Recinto con dise\u00f1o optimizado que permite una precisa reproducci\u00f3n sonora<\/li>\n<li>Recinto patentado Laminar Spiral Enclosure (LSE) que proporciona m\u00e1s nivel de salida con una precisa articulaci\u00f3n de los graves y una distorsi\u00f3n muy baja<\/li>\n<li>Amplificador Clase D dise\u00f1ado y fabricado por Genelec, que proporciona un elevado SPL, alta fiabilidad y una distorsi\u00f3n muy baja<\/li>\n<li>Entrada\/salida 7.1 XLR que facilitan la conectividad con los monitores activos de la serie 8000de Genelec para crear sistemas multicanal 7.1<\/li>\n<li>Ahorro de energ\u00eda gracias al sistema Intelligent Signal Sensing (ISS) de Genelec, que conmuta el subgrave a modo en espera cuando no se detecta se\u00f1al de audio de entrada<\/li>\n<li>Transductores: 1&#215;12&#8243;<\/li>\n<li>Potencia amp.: 400W<\/li>\n<li>Conexiones: entrada\/salida anal\u00f3gica XLR 7.1, 1 E\/S XLR AES\/EBU, 2 RJ45 red control<\/li>\n<\/ul>\n","protected":false},"excerpt":{"rendered":"<h3>Subgrave autoamplificado SAM, 12&#8243;<\/h3>\n<ul class=\"summary\">\n<li>Ideal para estudios, post producci\u00f3n, edici\u00f3n digital, TV, etc.<\/li>\n<li>Compatible GLM y AutoCal<\/li>\n<li>Entradas\/salidas anal\u00f3gicas y digitales para 7.1<\/li>\n<li>Potencia 400W RMS<\/li>\n<li>Respuesta en frecuencia: 19 Hz- 100 Hz<\/li>\n<\/ul>\n","protected":false},"featured_media":11088,"template":"","meta":{"_acf_changed":false},"product_brand":[],"product_cat":[1401,1395,1402,1396],"product_tag":[],"class_list":{"0":"post-13990","1":"product","2":"type-product","3":"status-publish","4":"has-post-thumbnail","6":"product_cat-subgraves-genelec","7":"product_cat-por-series-genelec","8":"product_cat-serie-7000","9":"product_cat-serie-sam","10":"product_series-serie-7000","11":"product_series-serie-sam","13":"first","14":"instock","15":"shipping-taxable","16":"product-type-simple"},"acf":[],"yoast_head":"<!-- This site is optimized with the Yoast SEO plugin v27.1.1 - https:\/\/yoast.com\/product\/yoast-seo-wordpress\/ -->\n<title>7370A - Audio-Technica Iberia<\/title>\n<meta name=\"robots\" content=\"index, follow, max-snippet:-1, max-image-preview:large, max-video-preview:-1\" \/>\n<link rel=\"canonical\" href=\"https:\/\/distribution.audio-technica.eu\/es-es\/productos\/7370a-sam\/\" \/>\n<meta property=\"og:locale\" content=\"es_ES\" \/>\n<meta property=\"og:type\" content=\"article\" \/>\n<meta property=\"og:title\" content=\"7370A - Audio-Technica Iberia\" \/>\n<meta property=\"og:description\" content=\"Subgrave autoamplificado SAM, 12&quot;  Ideal para estudios, post producci\u00f3n, edici\u00f3n digital, TV, etc.  Compatible GLM y AutoCal  Entradas\/salidas anal\u00f3gicas y digitales para 7.1  Potencia 400W RMS  Respuesta en frecuencia: 19 Hz- 100 Hz\" \/>\n<meta property=\"og:url\" content=\"https:\/\/distribution.audio-technica.eu\/es-es\/productos\/7370a-sam\/\" \/>\n<meta property=\"og:site_name\" content=\"Audio-Technica Iberia\" \/>\n<meta property=\"article:modified_time\" content=\"2023-07-13T11:33:45+00:00\" \/>\n<meta property=\"og:image\" content=\"https:\/\/distribution.audio-technica.eu\/app\/uploads\/sites\/2\/Genelec-7370-1.jpg\" \/>\n\t<meta property=\"og:image:width\" content=\"1000\" \/>\n\t<meta property=\"og:image:height\" content=\"1000\" \/>\n\t<meta property=\"og:image:type\" content=\"image\/jpeg\" \/>\n<meta name=\"twitter:card\" content=\"summary_large_image\" \/>\n<meta name=\"twitter:label1\" content=\"Tiempo de lectura\" \/>\n\t<meta name=\"twitter:data1\" content=\"3 minutos\" \/>\n<script type=\"application\/ld+json\" class=\"yoast-schema-graph\">{\"@context\":\"https:\/\/schema.org\",\"@graph\":[{\"@type\":\"WebPage\",\"@id\":\"https:\/\/distribution.audio-technica.eu\/es-es\/productos\/7370a-sam\/\",\"url\":\"https:\/\/distribution.audio-technica.eu\/es-es\/productos\/7370a-sam\/\",\"name\":\"7370A - Audio-Technica Iberia\",\"isPartOf\":{\"@id\":\"https:\/\/distribution.audio-technica.eu\/es-es\/#website\"},\"primaryImageOfPage\":{\"@id\":\"https:\/\/distribution.audio-technica.eu\/es-es\/productos\/7370a-sam\/#primaryimage\"},\"image\":{\"@id\":\"https:\/\/distribution.audio-technica.eu\/es-es\/productos\/7370a-sam\/#primaryimage\"},\"thumbnailUrl\":\"\/app\/uploads\/sites\/2\/Genelec-7370-1.jpg\",\"datePublished\":\"2018-07-12T12:30:37+00:00\",\"dateModified\":\"2023-07-13T11:33:45+00:00\",\"breadcrumb\":{\"@id\":\"https:\/\/distribution.audio-technica.eu\/es-es\/productos\/7370a-sam\/#breadcrumb\"},\"inLanguage\":\"es\",\"potentialAction\":[{\"@type\":\"ReadAction\",\"target\":[\"https:\/\/distribution.audio-technica.eu\/es-es\/productos\/7370a-sam\/\"]}]},{\"@type\":\"ImageObject\",\"inLanguage\":\"es\",\"@id\":\"https:\/\/distribution.audio-technica.eu\/es-es\/productos\/7370a-sam\/#primaryimage\",\"url\":\"\/app\/uploads\/sites\/2\/Genelec-7370-1.jpg\",\"contentUrl\":\"\/app\/uploads\/sites\/2\/Genelec-7370-1.jpg\",\"width\":1000,\"height\":1000},{\"@type\":\"BreadcrumbList\",\"@id\":\"https:\/\/distribution.audio-technica.eu\/es-es\/productos\/7370a-sam\/#breadcrumb\",\"itemListElement\":[{\"@type\":\"ListItem\",\"position\":1,\"name\":\"Products\",\"item\":\"https:\/\/distribution.audio-technica.eu\/es-es\/\"},{\"@type\":\"ListItem\",\"position\":2,\"name\":\"Productos\",\"item\":\"https:\/\/distribution.audio-technica.eu\/es-es\/productos\/\"},{\"@type\":\"ListItem\",\"position\":3,\"name\":\"7370A\"}]},{\"@type\":\"WebSite\",\"@id\":\"https:\/\/distribution.audio-technica.eu\/es-es\/#website\",\"url\":\"https:\/\/distribution.audio-technica.eu\/es-es\/\",\"name\":\"Audio-Technica Iberia\",\"description\":\"Distribuci\u00f3n\",\"potentialAction\":[{\"@type\":\"SearchAction\",\"target\":{\"@type\":\"EntryPoint\",\"urlTemplate\":\"https:\/\/distribution.audio-technica.eu\/es-es\/?s={search_term_string}\"},\"query-input\":{\"@type\":\"PropertyValueSpecification\",\"valueRequired\":true,\"valueName\":\"search_term_string\"}}],\"inLanguage\":\"es\"}]}<\/script>\n<!-- \/ Yoast SEO plugin. -->","yoast_head_json":{"title":"7370A - Audio-Technica Iberia","robots":{"index":"index","follow":"follow","max-snippet":"max-snippet:-1","max-image-preview":"max-image-preview:large","max-video-preview":"max-video-preview:-1"},"canonical":"https:\/\/distribution.audio-technica.eu\/es-es\/productos\/7370a-sam\/","og_locale":"es_ES","og_type":"article","og_title":"7370A - Audio-Technica Iberia","og_description":"Subgrave autoamplificado SAM, 12\"  Ideal para estudios, post producci\u00f3n, edici\u00f3n digital, TV, etc.  Compatible GLM y AutoCal  Entradas\/salidas anal\u00f3gicas y digitales para 7.1  Potencia 400W RMS  Respuesta en frecuencia: 19 Hz- 100 Hz","og_url":"https:\/\/distribution.audio-technica.eu\/es-es\/productos\/7370a-sam\/","og_site_name":"Audio-Technica Iberia","article_modified_time":"2023-07-13T11:33:45+00:00","og_image":[{"width":1000,"height":1000,"url":"https:\/\/distribution.audio-technica.eu\/app\/uploads\/sites\/2\/Genelec-7370-1.jpg","type":"image\/jpeg"}],"twitter_card":"summary_large_image","twitter_misc":{"Tiempo de lectura":"3 minutos"},"schema":{"@context":"https:\/\/schema.org","@graph":[{"@type":"WebPage","@id":"https:\/\/distribution.audio-technica.eu\/es-es\/productos\/7370a-sam\/","url":"https:\/\/distribution.audio-technica.eu\/es-es\/productos\/7370a-sam\/","name":"7370A - Audio-Technica Iberia","isPartOf":{"@id":"https:\/\/distribution.audio-technica.eu\/es-es\/#website"},"primaryImageOfPage":{"@id":"https:\/\/distribution.audio-technica.eu\/es-es\/productos\/7370a-sam\/#primaryimage"},"image":{"@id":"https:\/\/distribution.audio-technica.eu\/es-es\/productos\/7370a-sam\/#primaryimage"},"thumbnailUrl":"\/app\/uploads\/sites\/2\/Genelec-7370-1.jpg","datePublished":"2018-07-12T12:30:37+00:00","dateModified":"2023-07-13T11:33:45+00:00","breadcrumb":{"@id":"https:\/\/distribution.audio-technica.eu\/es-es\/productos\/7370a-sam\/#breadcrumb"},"inLanguage":"es","potentialAction":[{"@type":"ReadAction","target":["https:\/\/distribution.audio-technica.eu\/es-es\/productos\/7370a-sam\/"]}]},{"@type":"ImageObject","inLanguage":"es","@id":"https:\/\/distribution.audio-technica.eu\/es-es\/productos\/7370a-sam\/#primaryimage","url":"\/app\/uploads\/sites\/2\/Genelec-7370-1.jpg","contentUrl":"\/app\/uploads\/sites\/2\/Genelec-7370-1.jpg","width":1000,"height":1000},{"@type":"BreadcrumbList","@id":"https:\/\/distribution.audio-technica.eu\/es-es\/productos\/7370a-sam\/#breadcrumb","itemListElement":[{"@type":"ListItem","position":1,"name":"Products","item":"https:\/\/distribution.audio-technica.eu\/es-es\/"},{"@type":"ListItem","position":2,"name":"Productos","item":"https:\/\/distribution.audio-technica.eu\/es-es\/productos\/"},{"@type":"ListItem","position":3,"name":"7370A"}]},{"@type":"WebSite","@id":"https:\/\/distribution.audio-technica.eu\/es-es\/#website","url":"https:\/\/distribution.audio-technica.eu\/es-es\/","name":"Audio-Technica Iberia","description":"Distribuci\u00f3n","potentialAction":[{"@type":"SearchAction","target":{"@type":"EntryPoint","urlTemplate":"https:\/\/distribution.audio-technica.eu\/es-es\/?s={search_term_string}"},"query-input":{"@type":"PropertyValueSpecification","valueRequired":true,"valueName":"search_term_string"}}],"inLanguage":"es"}]}},"_links":{"self":[{"href":"https:\/\/distribution.audio-technica.eu\/es-es\/wp-json\/wp\/v2\/product\/13990","targetHints":{"allow":["GET"]}}],"collection":[{"href":"https:\/\/distribution.audio-technica.eu\/es-es\/wp-json\/wp\/v2\/product"}],"about":[{"href":"https:\/\/distribution.audio-technica.eu\/es-es\/wp-json\/wp\/v2\/types\/product"}],"wp:featuredmedia":[{"embeddable":true,"href":"https:\/\/distribution.audio-technica.eu\/es-es\/wp-json\/wp\/v2\/media\/11088"}],"wp:attachment":[{"href":"https:\/\/distribution.audio-technica.eu\/es-es\/wp-json\/wp\/v2\/media?parent=13990"}],"wp:term":[{"taxonomy":"product_brand","embeddable":true,"href":"https:\/\/distribution.audio-technica.eu\/es-es\/wp-json\/wp\/v2\/product_brand?post=13990"},{"taxonomy":"product_cat","embeddable":true,"href":"https:\/\/distribution.audio-technica.eu\/es-es\/wp-json\/wp\/v2\/product_cat?post=13990"},{"taxonomy":"product_tag","embeddable":true,"href":"https:\/\/distribution.audio-technica.eu\/es-es\/wp-json\/wp\/v2\/product_tag?post=13990"}],"curies":[{"name":"wp","href":"https:\/\/api.w.org\/{rel}","templated":true}]}}