{"id":13991,"date":"2018-07-12T14:30:37","date_gmt":"2018-07-12T12:30:37","guid":{"rendered":"https:\/\/atdb-production.studiograft.dev\/es\/product\/import-placeholder-for-1067\/"},"modified":"2025-03-28T14:40:46","modified_gmt":"2025-03-28T13:40:46","slug":"8010a","status":"publish","type":"product","link":"https:\/\/distribution.audio-technica.eu\/es-es\/productos\/8010a\/","title":{"rendered":"8010A"},"content":{"rendered":"<h2>8010A<\/h2>\n<h3>Monitor 2 v\u00edas biamplificado, 3&#8243;<\/h3>\n<p>El nuevo monitor 8010 es el miembro m\u00e1s peque\u00f1o de la Serie 8000 de Genelec. Esta serie es ampliamente utilizada en estudios de broadcast, grabaci\u00f3n y post producci\u00f3n de todo el mundo, y su alt\u00edsimo nivel profesional se ve plenamente reflejado en el peque\u00f1o y compacto modelo 8010. Adecuado para uso profesional en peque\u00f1os estudios, ofrece una monitorizaci\u00f3n extremadamente precisa y una extrema facilidad de instalaci\u00f3n. Su sorprendente calidad sonora lo convierte en la elecci\u00f3n ideal para peque\u00f1os estudios, unidades m\u00f3viles y en el complemente perfecto para sistemas de grabaci\u00f3n itinerantes y otras aplicaciones m\u00f3viles.<\/p>\n<p>Dispone de entrada balanceada a trav\u00e9s de conector XLR, e incorpora un transductor de 3&#8243; para graves y un tweeter de \u00be\u00bbpara agudos. La amplificaci\u00f3n corre a cargo de eficientes amplificadores de Clase D (uno para cada transductor).<\/p>\n<p>El monitor 8010 proporciona mucho m\u00e1s nivel de presi\u00f3n sonora del que cabria esperar en un monitor de sus dimensiones. Su circuiter\u00eda ISS (Intelligent Signal Sensing) ahorra energ\u00eda colocando al monitor en reposo cuando la se\u00f1al de audio est\u00e1 ausente de su entrada durante un determinado per\u00edodo de tiempo. Una vez se detecta de nuevo la se\u00f1al, el monitor se activa autom\u00e1ticamente. Esta funci\u00f3n puede ser desactivada, si es necesario.<\/p>\n<p>Est\u00e1 disponible una completa gama de accesorios, capaces de cubrir cualquier necesidad de instalaci\u00f3n.<\/p>\n<ul>\n<li>Transductores: Graves 3&#8243; Agudos 3\/4&#8243;<\/li>\n<li>Potencia amp.: Graves 25W Agudos 25W<\/li>\n<li>Blindaje magn\u00e9tico<\/li>\n<li>Disponible color gris oscuro, blanco, negro y aluminio RAW<\/li>\n<\/ul>\n","protected":false},"excerpt":{"rendered":"<h3>Monitor 2 v\u00edas biamplificado, 3&#8243;<\/h3>\n<ul class=\"summary\">\n<li>Ideal para estudios de broadcast, grabaci\u00f3n y post-producci\u00f3n<\/li>\n<li>Dise\u00f1o ultra compacto con una elevada calidad sonora<\/li>\n<li>Disponible color blanco y negro<\/li>\n<li>Blindaje magn\u00e9tico<\/li>\n<li>Potencia amp.: Graves 25W Agudos 25W<\/li>\n<\/ul>\n","protected":false},"featured_media":11091,"template":"","meta":{"_acf_changed":false},"product_brand":[],"product_cat":[1394,1395,1403],"product_tag":[],"class_list":{"0":"post-13991","1":"product","2":"type-product","3":"status-publish","4":"has-post-thumbnail","6":"product_cat-monitores-de-estudio","7":"product_cat-por-series-genelec","8":"product_cat-serie-8000","9":"product_series-serie-8000","11":"first","12":"instock","13":"shipping-taxable","14":"product-type-simple"},"acf":[],"yoast_head":"<!-- This site is optimized with the Yoast SEO plugin v27.1.1 - https:\/\/yoast.com\/product\/yoast-seo-wordpress\/ -->\n<title>8010A - Audio-Technica Iberia<\/title>\n<meta name=\"robots\" content=\"index, follow, max-snippet:-1, max-image-preview:large, max-video-preview:-1\" \/>\n<link rel=\"canonical\" href=\"https:\/\/distribution.audio-technica.eu\/es-es\/productos\/8010a\/\" \/>\n<meta property=\"og:locale\" content=\"es_ES\" \/>\n<meta property=\"og:type\" content=\"article\" \/>\n<meta property=\"og:title\" content=\"8010A - Audio-Technica Iberia\" \/>\n<meta property=\"og:description\" content=\"Monitor 2 v\u00edas biamplificado, 3&quot;   Ideal para estudios de broadcast, grabaci\u00f3n y post-producci\u00f3n  Dise\u00f1o ultra compacto con una elevada calidad sonora  Disponible color blanco y negro  Blindaje magn\u00e9tico  Potencia amp.: Graves 25W Agudos 25W\" \/>\n<meta property=\"og:url\" content=\"https:\/\/distribution.audio-technica.eu\/es-es\/productos\/8010a\/\" \/>\n<meta property=\"og:site_name\" content=\"Audio-Technica Iberia\" \/>\n<meta property=\"article:modified_time\" content=\"2025-03-28T13:40:46+00:00\" \/>\n<meta property=\"og:image\" content=\"https:\/\/distribution.audio-technica.eu\/app\/uploads\/sites\/2\/Genelec-8010-1.jpg\" \/>\n\t<meta property=\"og:image:width\" content=\"1000\" \/>\n\t<meta property=\"og:image:height\" content=\"1000\" \/>\n\t<meta property=\"og:image:type\" content=\"image\/jpeg\" \/>\n<meta name=\"twitter:card\" content=\"summary_large_image\" \/>\n<meta name=\"twitter:label1\" content=\"Tiempo de lectura\" \/>\n\t<meta name=\"twitter:data1\" content=\"2 minutos\" \/>\n<script type=\"application\/ld+json\" class=\"yoast-schema-graph\">{\"@context\":\"https:\/\/schema.org\",\"@graph\":[{\"@type\":\"WebPage\",\"@id\":\"https:\/\/distribution.audio-technica.eu\/es-es\/productos\/8010a\/\",\"url\":\"https:\/\/distribution.audio-technica.eu\/es-es\/productos\/8010a\/\",\"name\":\"8010A - Audio-Technica Iberia\",\"isPartOf\":{\"@id\":\"https:\/\/distribution.audio-technica.eu\/es-es\/#website\"},\"primaryImageOfPage\":{\"@id\":\"https:\/\/distribution.audio-technica.eu\/es-es\/productos\/8010a\/#primaryimage\"},\"image\":{\"@id\":\"https:\/\/distribution.audio-technica.eu\/es-es\/productos\/8010a\/#primaryimage\"},\"thumbnailUrl\":\"\/app\/uploads\/sites\/2\/Genelec-8010-1.jpg\",\"datePublished\":\"2018-07-12T12:30:37+00:00\",\"dateModified\":\"2025-03-28T13:40:46+00:00\",\"breadcrumb\":{\"@id\":\"https:\/\/distribution.audio-technica.eu\/es-es\/productos\/8010a\/#breadcrumb\"},\"inLanguage\":\"es\",\"potentialAction\":[{\"@type\":\"ReadAction\",\"target\":[\"https:\/\/distribution.audio-technica.eu\/es-es\/productos\/8010a\/\"]}]},{\"@type\":\"ImageObject\",\"inLanguage\":\"es\",\"@id\":\"https:\/\/distribution.audio-technica.eu\/es-es\/productos\/8010a\/#primaryimage\",\"url\":\"\/app\/uploads\/sites\/2\/Genelec-8010-1.jpg\",\"contentUrl\":\"\/app\/uploads\/sites\/2\/Genelec-8010-1.jpg\",\"width\":1000,\"height\":1000},{\"@type\":\"BreadcrumbList\",\"@id\":\"https:\/\/distribution.audio-technica.eu\/es-es\/productos\/8010a\/#breadcrumb\",\"itemListElement\":[{\"@type\":\"ListItem\",\"position\":1,\"name\":\"Products\",\"item\":\"https:\/\/distribution.audio-technica.eu\/es-es\/\"},{\"@type\":\"ListItem\",\"position\":2,\"name\":\"Productos\",\"item\":\"https:\/\/distribution.audio-technica.eu\/es-es\/productos\/\"},{\"@type\":\"ListItem\",\"position\":3,\"name\":\"8010A\"}]},{\"@type\":\"WebSite\",\"@id\":\"https:\/\/distribution.audio-technica.eu\/es-es\/#website\",\"url\":\"https:\/\/distribution.audio-technica.eu\/es-es\/\",\"name\":\"Audio-Technica Iberia\",\"description\":\"Distribuci\u00f3n\",\"potentialAction\":[{\"@type\":\"SearchAction\",\"target\":{\"@type\":\"EntryPoint\",\"urlTemplate\":\"https:\/\/distribution.audio-technica.eu\/es-es\/?s={search_term_string}\"},\"query-input\":{\"@type\":\"PropertyValueSpecification\",\"valueRequired\":true,\"valueName\":\"search_term_string\"}}],\"inLanguage\":\"es\"}]}<\/script>\n<!-- \/ Yoast SEO plugin. -->","yoast_head_json":{"title":"8010A - Audio-Technica Iberia","robots":{"index":"index","follow":"follow","max-snippet":"max-snippet:-1","max-image-preview":"max-image-preview:large","max-video-preview":"max-video-preview:-1"},"canonical":"https:\/\/distribution.audio-technica.eu\/es-es\/productos\/8010a\/","og_locale":"es_ES","og_type":"article","og_title":"8010A - Audio-Technica Iberia","og_description":"Monitor 2 v\u00edas biamplificado, 3\"   Ideal para estudios de broadcast, grabaci\u00f3n y post-producci\u00f3n  Dise\u00f1o ultra compacto con una elevada calidad sonora  Disponible color blanco y negro  Blindaje magn\u00e9tico  Potencia amp.: Graves 25W Agudos 25W","og_url":"https:\/\/distribution.audio-technica.eu\/es-es\/productos\/8010a\/","og_site_name":"Audio-Technica Iberia","article_modified_time":"2025-03-28T13:40:46+00:00","og_image":[{"width":1000,"height":1000,"url":"https:\/\/distribution.audio-technica.eu\/app\/uploads\/sites\/2\/Genelec-8010-1.jpg","type":"image\/jpeg"}],"twitter_card":"summary_large_image","twitter_misc":{"Tiempo de lectura":"2 minutos"},"schema":{"@context":"https:\/\/schema.org","@graph":[{"@type":"WebPage","@id":"https:\/\/distribution.audio-technica.eu\/es-es\/productos\/8010a\/","url":"https:\/\/distribution.audio-technica.eu\/es-es\/productos\/8010a\/","name":"8010A - Audio-Technica Iberia","isPartOf":{"@id":"https:\/\/distribution.audio-technica.eu\/es-es\/#website"},"primaryImageOfPage":{"@id":"https:\/\/distribution.audio-technica.eu\/es-es\/productos\/8010a\/#primaryimage"},"image":{"@id":"https:\/\/distribution.audio-technica.eu\/es-es\/productos\/8010a\/#primaryimage"},"thumbnailUrl":"\/app\/uploads\/sites\/2\/Genelec-8010-1.jpg","datePublished":"2018-07-12T12:30:37+00:00","dateModified":"2025-03-28T13:40:46+00:00","breadcrumb":{"@id":"https:\/\/distribution.audio-technica.eu\/es-es\/productos\/8010a\/#breadcrumb"},"inLanguage":"es","potentialAction":[{"@type":"ReadAction","target":["https:\/\/distribution.audio-technica.eu\/es-es\/productos\/8010a\/"]}]},{"@type":"ImageObject","inLanguage":"es","@id":"https:\/\/distribution.audio-technica.eu\/es-es\/productos\/8010a\/#primaryimage","url":"\/app\/uploads\/sites\/2\/Genelec-8010-1.jpg","contentUrl":"\/app\/uploads\/sites\/2\/Genelec-8010-1.jpg","width":1000,"height":1000},{"@type":"BreadcrumbList","@id":"https:\/\/distribution.audio-technica.eu\/es-es\/productos\/8010a\/#breadcrumb","itemListElement":[{"@type":"ListItem","position":1,"name":"Products","item":"https:\/\/distribution.audio-technica.eu\/es-es\/"},{"@type":"ListItem","position":2,"name":"Productos","item":"https:\/\/distribution.audio-technica.eu\/es-es\/productos\/"},{"@type":"ListItem","position":3,"name":"8010A"}]},{"@type":"WebSite","@id":"https:\/\/distribution.audio-technica.eu\/es-es\/#website","url":"https:\/\/distribution.audio-technica.eu\/es-es\/","name":"Audio-Technica Iberia","description":"Distribuci\u00f3n","potentialAction":[{"@type":"SearchAction","target":{"@type":"EntryPoint","urlTemplate":"https:\/\/distribution.audio-technica.eu\/es-es\/?s={search_term_string}"},"query-input":{"@type":"PropertyValueSpecification","valueRequired":true,"valueName":"search_term_string"}}],"inLanguage":"es"}]}},"_links":{"self":[{"href":"https:\/\/distribution.audio-technica.eu\/es-es\/wp-json\/wp\/v2\/product\/13991","targetHints":{"allow":["GET"]}}],"collection":[{"href":"https:\/\/distribution.audio-technica.eu\/es-es\/wp-json\/wp\/v2\/product"}],"about":[{"href":"https:\/\/distribution.audio-technica.eu\/es-es\/wp-json\/wp\/v2\/types\/product"}],"wp:featuredmedia":[{"embeddable":true,"href":"https:\/\/distribution.audio-technica.eu\/es-es\/wp-json\/wp\/v2\/media\/11091"}],"wp:attachment":[{"href":"https:\/\/distribution.audio-technica.eu\/es-es\/wp-json\/wp\/v2\/media?parent=13991"}],"wp:term":[{"taxonomy":"product_brand","embeddable":true,"href":"https:\/\/distribution.audio-technica.eu\/es-es\/wp-json\/wp\/v2\/product_brand?post=13991"},{"taxonomy":"product_cat","embeddable":true,"href":"https:\/\/distribution.audio-technica.eu\/es-es\/wp-json\/wp\/v2\/product_cat?post=13991"},{"taxonomy":"product_tag","embeddable":true,"href":"https:\/\/distribution.audio-technica.eu\/es-es\/wp-json\/wp\/v2\/product_tag?post=13991"}],"curies":[{"name":"wp","href":"https:\/\/api.w.org\/{rel}","templated":true}]}}