{"id":13992,"date":"2018-07-12T14:30:37","date_gmt":"2018-07-12T12:30:37","guid":{"rendered":"https:\/\/atdb-production.studiograft.dev\/es\/product\/import-placeholder-for-1068\/"},"modified":"2025-03-28T14:44:30","modified_gmt":"2025-03-28T13:44:30","slug":"8020d","status":"publish","type":"product","link":"https:\/\/distribution.audio-technica.eu\/es-es\/productos\/8020d\/","title":{"rendered":"8020D"},"content":{"rendered":"<h2>8020D<\/h2>\n<h3>Monitor 2 v\u00edas biamplificado, 4&#8243;<\/h3>\n<p>El peque\u00f1o monitor biamplificado 8020D ha sido dise\u00f1ado para la monitorizaci\u00f3n en entornos de dif\u00edcil audici\u00f3n, especialmente en aquellos en los que se carece de espacio. Sin embargo, su tama\u00f1o no es una limitaci\u00f3n ya que este monitor activo de dos v\u00edas incorpora las innovaciones en el dise\u00f1o ac\u00fastico desarrolladas por Genelec para minimizar todas las formas de distorsi\u00f3n.<\/p>\n<p>El 8020Ddispone de un recinto de aluminio Minimum Diffraction Enclosure (MDE), que presenta vol\u00famenes internos relativamente grandes, bordes curvados y una solidez mec\u00e1nica sorprendente. Como resultado, la precisi\u00f3n en la imagen y extensi\u00f3n de las bajas frecuencias que ofrece un recinto tan compacto es realmente sorprendente.<\/p>\n<p>Incorpora tambi\u00e9n el avanzado Directivity Control Waveguide (DCW), que proporciona una respuesta dentro y fuera del eje realmente fant\u00e1stica, mientras que el largo y curvado puerto r\u00e9flex acabado en una boca ancha proporciona una excelente articulaci\u00f3n de los graves.<\/p>\n<p>El monitor incorpora un transductor de graves de 105 mm (4&#8243;) y un twetter de 19 mm (3\/4&#8243;) montado en la avanzada gu\u00eda ondas Directivity Controlled Waveguide (DCW) de Genelec. La respuesta en frecuencia en campo libre es de 66 Hz a 20 kHz (\u00b1 2.5 dB). El m\u00e1ximo pico SPL por par con material musical es de 105 dB a 1 metro. Los graves y los agudos son amplificados con sendos amplificadores de 50 W.<\/p>\n<p>El 8020Dpuede combinarse con el subgrave 7050B Laminar Spiral Enclosure (LSE) para configurar un sistema de monitorizaci\u00f3n surround potente y de extensa respuesta en frecuencia.<\/p>\n<p>Disponible en colores gris oscuro, negro, blanco y aluminio RAW<\/p>\n<p>Como parte de su programa de sostenibilidad, Genelec ha desarrollado una investigaci\u00f3n a largo plazo para minimizar el consumo en sus productos. El primer paso en este programa es la introducci\u00f3n del sistema de gesti\u00f3n de potencia Intelligent Signal Sensing ISS. Esta prestaci\u00f3n hace que los monitores y subgraves de Genelec entre en modo en espera en ausencia de la se\u00f1al de entrada. El consumo de potencia en este modo es menos de 0,5W. El sistema de gesti\u00f3n de potencia ISS cumple con los requisitos de la normativa ErP- 2013.<\/p>\n<p>ISS ha sido implementado utilizando electr\u00f3nica programable. Cuando la se\u00f1al de entrada permanece por debajo del nivel de activaci\u00f3n, un contador mide un tiempo predeterminado antes de que el sistema entre en modo en espera. Este tiempo previo al modo en espera puede variar entre diferentes productos, dependiendo de sus necesidades espec\u00edficas.<\/p>\n<p>El nivel de se\u00f1al de entrada anal\u00f3gica que despierta al sistema se sit\u00faa alrededor de -68 dBu. La activaci\u00f3n se realiza de forma r\u00e1pida y el sistema se conecta de forma silenciosa, sin ning\u00fan tipo de ruido audible.<\/p>\n<p>Est\u00e1 disponible una completa gama de accesorios, capaces de cubrir cualquier necesidad de instalaci\u00f3n.<\/p>\n<ul>\n<li>Transductores: Graves 4&#8243; Agudos 3\/4&#8243;con c\u00fapula met\u00e1lica DCW<\/li>\n<li>Potencia amp.: Graves 50W Agudos 50W<\/li>\n<li>Blindaje magn\u00e9tico<\/li>\n<li>Disponible en color gris oscuro, blanco, negro y aluminio RAW<\/li>\n<\/ul>\n","protected":false},"excerpt":{"rendered":"<h3>Monitor 2 v\u00edas biamplificado, 4&#8243;<\/h3>\n<ul class=\"summary\">\n<li>Ideal para estudios de broadcast, grabaci\u00f3n y post-producci\u00f3n<\/li>\n<li>Dise\u00f1o ultra compacto con una elevada calidad sonora<\/li>\n<li>Disponible en color gris oscuro, blanco, negro y aluminio RAW<\/li>\n<li>Blindaje magn\u00e9tico<\/li>\n<li>Potencia amp.: Graves 50W Agudos 50W<\/li>\n<\/ul>\n","protected":false},"featured_media":11096,"template":"","meta":{"_acf_changed":false},"product_brand":[],"product_cat":[1394,1395,1403],"product_tag":[],"class_list":{"0":"post-13992","1":"product","2":"type-product","3":"status-publish","4":"has-post-thumbnail","6":"product_cat-monitores-de-estudio","7":"product_cat-por-series-genelec","8":"product_cat-serie-8000","9":"product_series-serie-8000","11":"first","12":"instock","13":"shipping-taxable","14":"product-type-simple"},"acf":[],"yoast_head":"<!-- This site is optimized with the Yoast SEO plugin v27.1.1 - https:\/\/yoast.com\/product\/yoast-seo-wordpress\/ -->\n<title>8020D - Audio-Technica Iberia<\/title>\n<meta name=\"robots\" content=\"index, follow, max-snippet:-1, max-image-preview:large, max-video-preview:-1\" \/>\n<link rel=\"canonical\" href=\"https:\/\/distribution.audio-technica.eu\/es-es\/productos\/8020d\/\" \/>\n<meta property=\"og:locale\" content=\"es_ES\" \/>\n<meta property=\"og:type\" content=\"article\" \/>\n<meta property=\"og:title\" content=\"8020D - Audio-Technica Iberia\" \/>\n<meta property=\"og:description\" content=\"Monitor 2 v\u00edas biamplificado, 4&quot;   Ideal para estudios de broadcast, grabaci\u00f3n y post-producci\u00f3n  Dise\u00f1o ultra compacto con una elevada calidad sonora  Disponible en color gris oscuro, blanco, negro y aluminio RAW  Blindaje magn\u00e9tico  Potencia amp.: Graves 50W Agudos 50W\" \/>\n<meta property=\"og:url\" content=\"https:\/\/distribution.audio-technica.eu\/es-es\/productos\/8020d\/\" \/>\n<meta property=\"og:site_name\" content=\"Audio-Technica Iberia\" \/>\n<meta property=\"article:modified_time\" content=\"2025-03-28T13:44:30+00:00\" \/>\n<meta property=\"og:image\" content=\"https:\/\/distribution.audio-technica.eu\/app\/uploads\/sites\/2\/Genelec-8020D-Grey-front-1.jpg\" \/>\n\t<meta property=\"og:image:width\" content=\"1000\" \/>\n\t<meta property=\"og:image:height\" content=\"1000\" \/>\n\t<meta property=\"og:image:type\" content=\"image\/jpeg\" \/>\n<meta name=\"twitter:card\" content=\"summary_large_image\" \/>\n<meta name=\"twitter:label1\" content=\"Tiempo de lectura\" \/>\n\t<meta name=\"twitter:data1\" content=\"3 minutos\" \/>\n<script type=\"application\/ld+json\" class=\"yoast-schema-graph\">{\"@context\":\"https:\/\/schema.org\",\"@graph\":[{\"@type\":\"WebPage\",\"@id\":\"https:\/\/distribution.audio-technica.eu\/es-es\/productos\/8020d\/\",\"url\":\"https:\/\/distribution.audio-technica.eu\/es-es\/productos\/8020d\/\",\"name\":\"8020D - Audio-Technica Iberia\",\"isPartOf\":{\"@id\":\"https:\/\/distribution.audio-technica.eu\/es-es\/#website\"},\"primaryImageOfPage\":{\"@id\":\"https:\/\/distribution.audio-technica.eu\/es-es\/productos\/8020d\/#primaryimage\"},\"image\":{\"@id\":\"https:\/\/distribution.audio-technica.eu\/es-es\/productos\/8020d\/#primaryimage\"},\"thumbnailUrl\":\"\/app\/uploads\/sites\/2\/Genelec-8020D-Grey-front-1.jpg\",\"datePublished\":\"2018-07-12T12:30:37+00:00\",\"dateModified\":\"2025-03-28T13:44:30+00:00\",\"breadcrumb\":{\"@id\":\"https:\/\/distribution.audio-technica.eu\/es-es\/productos\/8020d\/#breadcrumb\"},\"inLanguage\":\"es\",\"potentialAction\":[{\"@type\":\"ReadAction\",\"target\":[\"https:\/\/distribution.audio-technica.eu\/es-es\/productos\/8020d\/\"]}]},{\"@type\":\"ImageObject\",\"inLanguage\":\"es\",\"@id\":\"https:\/\/distribution.audio-technica.eu\/es-es\/productos\/8020d\/#primaryimage\",\"url\":\"\/app\/uploads\/sites\/2\/Genelec-8020D-Grey-front-1.jpg\",\"contentUrl\":\"\/app\/uploads\/sites\/2\/Genelec-8020D-Grey-front-1.jpg\",\"width\":1000,\"height\":1000},{\"@type\":\"BreadcrumbList\",\"@id\":\"https:\/\/distribution.audio-technica.eu\/es-es\/productos\/8020d\/#breadcrumb\",\"itemListElement\":[{\"@type\":\"ListItem\",\"position\":1,\"name\":\"Products\",\"item\":\"https:\/\/distribution.audio-technica.eu\/es-es\/\"},{\"@type\":\"ListItem\",\"position\":2,\"name\":\"Productos\",\"item\":\"https:\/\/distribution.audio-technica.eu\/es-es\/productos\/\"},{\"@type\":\"ListItem\",\"position\":3,\"name\":\"8020D\"}]},{\"@type\":\"WebSite\",\"@id\":\"https:\/\/distribution.audio-technica.eu\/es-es\/#website\",\"url\":\"https:\/\/distribution.audio-technica.eu\/es-es\/\",\"name\":\"Audio-Technica Iberia\",\"description\":\"Distribuci\u00f3n\",\"potentialAction\":[{\"@type\":\"SearchAction\",\"target\":{\"@type\":\"EntryPoint\",\"urlTemplate\":\"https:\/\/distribution.audio-technica.eu\/es-es\/?s={search_term_string}\"},\"query-input\":{\"@type\":\"PropertyValueSpecification\",\"valueRequired\":true,\"valueName\":\"search_term_string\"}}],\"inLanguage\":\"es\"}]}<\/script>\n<!-- \/ Yoast SEO plugin. -->","yoast_head_json":{"title":"8020D - Audio-Technica Iberia","robots":{"index":"index","follow":"follow","max-snippet":"max-snippet:-1","max-image-preview":"max-image-preview:large","max-video-preview":"max-video-preview:-1"},"canonical":"https:\/\/distribution.audio-technica.eu\/es-es\/productos\/8020d\/","og_locale":"es_ES","og_type":"article","og_title":"8020D - Audio-Technica Iberia","og_description":"Monitor 2 v\u00edas biamplificado, 4\"   Ideal para estudios de broadcast, grabaci\u00f3n y post-producci\u00f3n  Dise\u00f1o ultra compacto con una elevada calidad sonora  Disponible en color gris oscuro, blanco, negro y aluminio RAW  Blindaje magn\u00e9tico  Potencia amp.: Graves 50W Agudos 50W","og_url":"https:\/\/distribution.audio-technica.eu\/es-es\/productos\/8020d\/","og_site_name":"Audio-Technica Iberia","article_modified_time":"2025-03-28T13:44:30+00:00","og_image":[{"width":1000,"height":1000,"url":"https:\/\/distribution.audio-technica.eu\/app\/uploads\/sites\/2\/Genelec-8020D-Grey-front-1.jpg","type":"image\/jpeg"}],"twitter_card":"summary_large_image","twitter_misc":{"Tiempo de lectura":"3 minutos"},"schema":{"@context":"https:\/\/schema.org","@graph":[{"@type":"WebPage","@id":"https:\/\/distribution.audio-technica.eu\/es-es\/productos\/8020d\/","url":"https:\/\/distribution.audio-technica.eu\/es-es\/productos\/8020d\/","name":"8020D - Audio-Technica Iberia","isPartOf":{"@id":"https:\/\/distribution.audio-technica.eu\/es-es\/#website"},"primaryImageOfPage":{"@id":"https:\/\/distribution.audio-technica.eu\/es-es\/productos\/8020d\/#primaryimage"},"image":{"@id":"https:\/\/distribution.audio-technica.eu\/es-es\/productos\/8020d\/#primaryimage"},"thumbnailUrl":"\/app\/uploads\/sites\/2\/Genelec-8020D-Grey-front-1.jpg","datePublished":"2018-07-12T12:30:37+00:00","dateModified":"2025-03-28T13:44:30+00:00","breadcrumb":{"@id":"https:\/\/distribution.audio-technica.eu\/es-es\/productos\/8020d\/#breadcrumb"},"inLanguage":"es","potentialAction":[{"@type":"ReadAction","target":["https:\/\/distribution.audio-technica.eu\/es-es\/productos\/8020d\/"]}]},{"@type":"ImageObject","inLanguage":"es","@id":"https:\/\/distribution.audio-technica.eu\/es-es\/productos\/8020d\/#primaryimage","url":"\/app\/uploads\/sites\/2\/Genelec-8020D-Grey-front-1.jpg","contentUrl":"\/app\/uploads\/sites\/2\/Genelec-8020D-Grey-front-1.jpg","width":1000,"height":1000},{"@type":"BreadcrumbList","@id":"https:\/\/distribution.audio-technica.eu\/es-es\/productos\/8020d\/#breadcrumb","itemListElement":[{"@type":"ListItem","position":1,"name":"Products","item":"https:\/\/distribution.audio-technica.eu\/es-es\/"},{"@type":"ListItem","position":2,"name":"Productos","item":"https:\/\/distribution.audio-technica.eu\/es-es\/productos\/"},{"@type":"ListItem","position":3,"name":"8020D"}]},{"@type":"WebSite","@id":"https:\/\/distribution.audio-technica.eu\/es-es\/#website","url":"https:\/\/distribution.audio-technica.eu\/es-es\/","name":"Audio-Technica Iberia","description":"Distribuci\u00f3n","potentialAction":[{"@type":"SearchAction","target":{"@type":"EntryPoint","urlTemplate":"https:\/\/distribution.audio-technica.eu\/es-es\/?s={search_term_string}"},"query-input":{"@type":"PropertyValueSpecification","valueRequired":true,"valueName":"search_term_string"}}],"inLanguage":"es"}]}},"_links":{"self":[{"href":"https:\/\/distribution.audio-technica.eu\/es-es\/wp-json\/wp\/v2\/product\/13992","targetHints":{"allow":["GET"]}}],"collection":[{"href":"https:\/\/distribution.audio-technica.eu\/es-es\/wp-json\/wp\/v2\/product"}],"about":[{"href":"https:\/\/distribution.audio-technica.eu\/es-es\/wp-json\/wp\/v2\/types\/product"}],"wp:featuredmedia":[{"embeddable":true,"href":"https:\/\/distribution.audio-technica.eu\/es-es\/wp-json\/wp\/v2\/media\/11096"}],"wp:attachment":[{"href":"https:\/\/distribution.audio-technica.eu\/es-es\/wp-json\/wp\/v2\/media?parent=13992"}],"wp:term":[{"taxonomy":"product_brand","embeddable":true,"href":"https:\/\/distribution.audio-technica.eu\/es-es\/wp-json\/wp\/v2\/product_brand?post=13992"},{"taxonomy":"product_cat","embeddable":true,"href":"https:\/\/distribution.audio-technica.eu\/es-es\/wp-json\/wp\/v2\/product_cat?post=13992"},{"taxonomy":"product_tag","embeddable":true,"href":"https:\/\/distribution.audio-technica.eu\/es-es\/wp-json\/wp\/v2\/product_tag?post=13992"}],"curies":[{"name":"wp","href":"https:\/\/api.w.org\/{rel}","templated":true}]}}