{"id":13993,"date":"2018-07-12T14:30:37","date_gmt":"2018-07-12T12:30:37","guid":{"rendered":"https:\/\/atdb-production.studiograft.dev\/es\/product\/import-placeholder-for-1069\/"},"modified":"2025-03-28T14:46:46","modified_gmt":"2025-03-28T13:46:46","slug":"8030c","status":"publish","type":"product","link":"https:\/\/distribution.audio-technica.eu\/es-es\/productos\/8030c\/","title":{"rendered":"8030C"},"content":{"rendered":"<h2>8030C<\/h2>\n<h3>Monitor 2 v\u00edas biamplificado, 5&#8243;<\/h3>\n<p>El compacto Genelec 8030C es un potente monitor de campo cercano biamplificado de 2 v\u00edas, ideal para su uso en estudios dom\u00e9sticos o de maquetas, workstations, instalaciones y sistemas de monitorizaci\u00f3n surround, que incorpora un altavoz de graves de 5&#8243; y una unidad de agudos de \u00be\u00bb con c\u00fapula met\u00e1lica y guiaondas DCW.<\/p>\n<p>Incorpora el recinto MDE (Minimum Diffraction Enclosure), que presenta bordes redondeados y frontal y laterales curvados para conseguir una respuesta en frecuencia muy uniforme y una excelente imagen sonora con la m\u00ednima difracci\u00f3n de los bordes del recinto.<\/p>\n<p>Al igual que todos los monitores Genelec de la serie 8000, el 8030C dispone tambi\u00e9n de la gu\u00eda ondas Directivity Control Waveguide (DCW), exclusiva de Genelec, un revolucionario dise\u00f1o de puerto r\u00e9flex, estructura de aluminio optimizada, acabados semi mates extremadamente duraderos y rejillas met\u00e1licas optimizadas ac\u00fasticamente.<\/p>\n<p>Los transductores de baja distorsi\u00f3n est\u00e1n conectados a amplificadores espec\u00edficos despu\u00e9s de un sofisticado filtrado. Los recintos cuentan con blindaje magn\u00e9tico, circuiter\u00eda de protecci\u00f3n frente a sobrecargas y vers\u00e1tiles controles de respuesta. Las flexibles opciones de montaje incluyen puntos de soporte posterior integrados para soporte de pared y de suelo y rosca de 3\/8&#8243; en la base del recinto.<\/p>\n<p>El monitor Genelec 8030C incorpora el soporte (Isolation Positioner\/Decoupler). Se trata de un ingenioso soporte de montaje que permite que el monitor pueda colocarse tanto en posici\u00f3n vertical como horizontal. Tambi\u00e9n permite que el eje ac\u00fastico del monitor pueda ser dirigido hacia el oyente, al tiempo que lo desacopla tanto mec\u00e1nica como ac\u00fasticamente de la superficie sobre la que descansa.<\/p>\n<p>Si se precisan grandes niveles de sonido y una baja frecuencia de corte, puede ser complementado con el subgrave 7050B o por el subgrave 7060B en aplicaciones surround.<\/p>\n<p>Disponible en colores gris oscuro, blanco, negro mate y aluminio RAW.<\/p>\n<p>Como parte de su programa de sostenibilidad, Genelec ha desarrollado una investigaci\u00f3n a largo plazo para minimizar el consumo en sus productos. El primer paso en este programa es la introducci\u00f3n del sistema de gesti\u00f3n de potencia Intelligent Signal Sensing ISS. Esta prestaci\u00f3n hace que los monitores y subgraves de Genelec entre en modo en espera en ausencia de la se\u00f1al de entrada. El consumo de potencia en este modo es menos de 0,5W. El sistema de gesti\u00f3n de potencia ISS cumple con los requisitos de la normativa ErP- 2013.<\/p>\n<p>ISS ha sido implementado utilizando electr\u00f3nica programable. Cuando la se\u00f1al de entrada permanece por debajo del nivel de activaci\u00f3n, un contador mide un tiempo predeterminado antes de que el sistema entre en modo en espera. Este tiempo previo al modo en espera puede variar entre diferentes productos, dependiendo de sus necesidades espec\u00edficas.<\/p>\n<p>El nivel de se\u00f1al de entrada anal\u00f3gica que despierta al sistema se sit\u00faa alrededor de -68 dBu. La activaci\u00f3n se realiza de forma r\u00e1pida y el sistema se conecta de forma silenciosa, sin ning\u00fan tipo de ruido audible.<\/p>\n<p>Est\u00e1 disponible una completa gama de accesorios, capaces de cubrir cualquier necesidad de instalaci\u00f3n.<\/p>\n<ul>\n<li>Transductores: Graves 5&#8243; Agudos 3\/4&#8243;con c\u00fapula met\u00e1lica DCW<\/li>\n<li>Potencia amp.: Graves 50W Agudos 50W<\/li>\n<li>Blindaje magn\u00e9tico<\/li>\n<li>Disponible en color gris oscuro, blanco, negro mate y aluminio RAW.<\/li>\n<\/ul>\n","protected":false},"excerpt":{"rendered":"<h3>Monitor 2 v\u00edas biamplificado, 5&#8243;<\/h3>\n<ul class=\"summary\">\n<li>Ideal para estudios dom\u00e9sticos, workstations y sistemas surround<\/li>\n<li>Excelente imagen sonora con la m\u00ednima difracci\u00f3n en los bordes<\/li>\n<li>Disponible en color gris oscuro, blanco, negro mate y aluminio RAW.<\/li>\n<li>Blindaje magn\u00e9tico<\/li>\n<li>Potencia amp.: Graves 50W Agudos 50W<\/li>\n<\/ul>\n","protected":false},"featured_media":11100,"template":"","meta":{"_acf_changed":false},"product_brand":[],"product_cat":[1394,1395,1403],"product_tag":[],"class_list":{"0":"post-13993","1":"product","2":"type-product","3":"status-publish","4":"has-post-thumbnail","6":"product_cat-monitores-de-estudio","7":"product_cat-por-series-genelec","8":"product_cat-serie-8000","9":"product_series-serie-8000","11":"first","12":"instock","13":"shipping-taxable","14":"product-type-simple"},"acf":[],"yoast_head":"<!-- This site is optimized with the Yoast SEO plugin v27.1.1 - https:\/\/yoast.com\/product\/yoast-seo-wordpress\/ -->\n<title>8030C - Audio-Technica Iberia<\/title>\n<meta name=\"robots\" content=\"index, follow, max-snippet:-1, max-image-preview:large, max-video-preview:-1\" \/>\n<link rel=\"canonical\" href=\"https:\/\/distribution.audio-technica.eu\/es-es\/productos\/8030c\/\" \/>\n<meta property=\"og:locale\" content=\"es_ES\" \/>\n<meta property=\"og:type\" content=\"article\" \/>\n<meta property=\"og:title\" content=\"8030C - Audio-Technica Iberia\" \/>\n<meta property=\"og:description\" content=\"Monitor 2 v\u00edas biamplificado, 5&quot;   Ideal para estudios dom\u00e9sticos, workstations y sistemas surround  Excelente imagen sonora con la m\u00ednima difracci\u00f3n en los bordes  Disponible en color gris oscuro, blanco, negro mate y aluminio RAW.  Blindaje magn\u00e9tico  Potencia amp.: Graves 50W Agudos 50W\" \/>\n<meta property=\"og:url\" content=\"https:\/\/distribution.audio-technica.eu\/es-es\/productos\/8030c\/\" \/>\n<meta property=\"og:site_name\" content=\"Audio-Technica Iberia\" \/>\n<meta property=\"article:modified_time\" content=\"2025-03-28T13:46:46+00:00\" \/>\n<meta property=\"og:image\" content=\"https:\/\/distribution.audio-technica.eu\/app\/uploads\/sites\/2\/Genelec-8030C-Grey-1.jpg\" \/>\n\t<meta property=\"og:image:width\" content=\"1000\" \/>\n\t<meta property=\"og:image:height\" content=\"1000\" \/>\n\t<meta property=\"og:image:type\" content=\"image\/jpeg\" \/>\n<meta name=\"twitter:card\" content=\"summary_large_image\" \/>\n<meta name=\"twitter:label1\" content=\"Tiempo de lectura\" \/>\n\t<meta name=\"twitter:data1\" content=\"3 minutos\" \/>\n<script type=\"application\/ld+json\" class=\"yoast-schema-graph\">{\"@context\":\"https:\/\/schema.org\",\"@graph\":[{\"@type\":\"WebPage\",\"@id\":\"https:\/\/distribution.audio-technica.eu\/es-es\/productos\/8030c\/\",\"url\":\"https:\/\/distribution.audio-technica.eu\/es-es\/productos\/8030c\/\",\"name\":\"8030C - Audio-Technica Iberia\",\"isPartOf\":{\"@id\":\"https:\/\/distribution.audio-technica.eu\/es-es\/#website\"},\"primaryImageOfPage\":{\"@id\":\"https:\/\/distribution.audio-technica.eu\/es-es\/productos\/8030c\/#primaryimage\"},\"image\":{\"@id\":\"https:\/\/distribution.audio-technica.eu\/es-es\/productos\/8030c\/#primaryimage\"},\"thumbnailUrl\":\"\/app\/uploads\/sites\/2\/Genelec-8030C-Grey-1.jpg\",\"datePublished\":\"2018-07-12T12:30:37+00:00\",\"dateModified\":\"2025-03-28T13:46:46+00:00\",\"breadcrumb\":{\"@id\":\"https:\/\/distribution.audio-technica.eu\/es-es\/productos\/8030c\/#breadcrumb\"},\"inLanguage\":\"es\",\"potentialAction\":[{\"@type\":\"ReadAction\",\"target\":[\"https:\/\/distribution.audio-technica.eu\/es-es\/productos\/8030c\/\"]}]},{\"@type\":\"ImageObject\",\"inLanguage\":\"es\",\"@id\":\"https:\/\/distribution.audio-technica.eu\/es-es\/productos\/8030c\/#primaryimage\",\"url\":\"\/app\/uploads\/sites\/2\/Genelec-8030C-Grey-1.jpg\",\"contentUrl\":\"\/app\/uploads\/sites\/2\/Genelec-8030C-Grey-1.jpg\",\"width\":1000,\"height\":1000,\"caption\":\"Genelec 8030C\"},{\"@type\":\"BreadcrumbList\",\"@id\":\"https:\/\/distribution.audio-technica.eu\/es-es\/productos\/8030c\/#breadcrumb\",\"itemListElement\":[{\"@type\":\"ListItem\",\"position\":1,\"name\":\"Products\",\"item\":\"https:\/\/distribution.audio-technica.eu\/es-es\/\"},{\"@type\":\"ListItem\",\"position\":2,\"name\":\"Productos\",\"item\":\"https:\/\/distribution.audio-technica.eu\/es-es\/productos\/\"},{\"@type\":\"ListItem\",\"position\":3,\"name\":\"8030C\"}]},{\"@type\":\"WebSite\",\"@id\":\"https:\/\/distribution.audio-technica.eu\/es-es\/#website\",\"url\":\"https:\/\/distribution.audio-technica.eu\/es-es\/\",\"name\":\"Audio-Technica Iberia\",\"description\":\"Distribuci\u00f3n\",\"potentialAction\":[{\"@type\":\"SearchAction\",\"target\":{\"@type\":\"EntryPoint\",\"urlTemplate\":\"https:\/\/distribution.audio-technica.eu\/es-es\/?s={search_term_string}\"},\"query-input\":{\"@type\":\"PropertyValueSpecification\",\"valueRequired\":true,\"valueName\":\"search_term_string\"}}],\"inLanguage\":\"es\"}]}<\/script>\n<!-- \/ Yoast SEO plugin. -->","yoast_head_json":{"title":"8030C - Audio-Technica Iberia","robots":{"index":"index","follow":"follow","max-snippet":"max-snippet:-1","max-image-preview":"max-image-preview:large","max-video-preview":"max-video-preview:-1"},"canonical":"https:\/\/distribution.audio-technica.eu\/es-es\/productos\/8030c\/","og_locale":"es_ES","og_type":"article","og_title":"8030C - Audio-Technica Iberia","og_description":"Monitor 2 v\u00edas biamplificado, 5\"   Ideal para estudios dom\u00e9sticos, workstations y sistemas surround  Excelente imagen sonora con la m\u00ednima difracci\u00f3n en los bordes  Disponible en color gris oscuro, blanco, negro mate y aluminio RAW.  Blindaje magn\u00e9tico  Potencia amp.: Graves 50W Agudos 50W","og_url":"https:\/\/distribution.audio-technica.eu\/es-es\/productos\/8030c\/","og_site_name":"Audio-Technica Iberia","article_modified_time":"2025-03-28T13:46:46+00:00","og_image":[{"width":1000,"height":1000,"url":"https:\/\/distribution.audio-technica.eu\/app\/uploads\/sites\/2\/Genelec-8030C-Grey-1.jpg","type":"image\/jpeg"}],"twitter_card":"summary_large_image","twitter_misc":{"Tiempo de lectura":"3 minutos"},"schema":{"@context":"https:\/\/schema.org","@graph":[{"@type":"WebPage","@id":"https:\/\/distribution.audio-technica.eu\/es-es\/productos\/8030c\/","url":"https:\/\/distribution.audio-technica.eu\/es-es\/productos\/8030c\/","name":"8030C - Audio-Technica Iberia","isPartOf":{"@id":"https:\/\/distribution.audio-technica.eu\/es-es\/#website"},"primaryImageOfPage":{"@id":"https:\/\/distribution.audio-technica.eu\/es-es\/productos\/8030c\/#primaryimage"},"image":{"@id":"https:\/\/distribution.audio-technica.eu\/es-es\/productos\/8030c\/#primaryimage"},"thumbnailUrl":"\/app\/uploads\/sites\/2\/Genelec-8030C-Grey-1.jpg","datePublished":"2018-07-12T12:30:37+00:00","dateModified":"2025-03-28T13:46:46+00:00","breadcrumb":{"@id":"https:\/\/distribution.audio-technica.eu\/es-es\/productos\/8030c\/#breadcrumb"},"inLanguage":"es","potentialAction":[{"@type":"ReadAction","target":["https:\/\/distribution.audio-technica.eu\/es-es\/productos\/8030c\/"]}]},{"@type":"ImageObject","inLanguage":"es","@id":"https:\/\/distribution.audio-technica.eu\/es-es\/productos\/8030c\/#primaryimage","url":"\/app\/uploads\/sites\/2\/Genelec-8030C-Grey-1.jpg","contentUrl":"\/app\/uploads\/sites\/2\/Genelec-8030C-Grey-1.jpg","width":1000,"height":1000,"caption":"Genelec 8030C"},{"@type":"BreadcrumbList","@id":"https:\/\/distribution.audio-technica.eu\/es-es\/productos\/8030c\/#breadcrumb","itemListElement":[{"@type":"ListItem","position":1,"name":"Products","item":"https:\/\/distribution.audio-technica.eu\/es-es\/"},{"@type":"ListItem","position":2,"name":"Productos","item":"https:\/\/distribution.audio-technica.eu\/es-es\/productos\/"},{"@type":"ListItem","position":3,"name":"8030C"}]},{"@type":"WebSite","@id":"https:\/\/distribution.audio-technica.eu\/es-es\/#website","url":"https:\/\/distribution.audio-technica.eu\/es-es\/","name":"Audio-Technica Iberia","description":"Distribuci\u00f3n","potentialAction":[{"@type":"SearchAction","target":{"@type":"EntryPoint","urlTemplate":"https:\/\/distribution.audio-technica.eu\/es-es\/?s={search_term_string}"},"query-input":{"@type":"PropertyValueSpecification","valueRequired":true,"valueName":"search_term_string"}}],"inLanguage":"es"}]}},"_links":{"self":[{"href":"https:\/\/distribution.audio-technica.eu\/es-es\/wp-json\/wp\/v2\/product\/13993","targetHints":{"allow":["GET"]}}],"collection":[{"href":"https:\/\/distribution.audio-technica.eu\/es-es\/wp-json\/wp\/v2\/product"}],"about":[{"href":"https:\/\/distribution.audio-technica.eu\/es-es\/wp-json\/wp\/v2\/types\/product"}],"wp:featuredmedia":[{"embeddable":true,"href":"https:\/\/distribution.audio-technica.eu\/es-es\/wp-json\/wp\/v2\/media\/11100"}],"wp:attachment":[{"href":"https:\/\/distribution.audio-technica.eu\/es-es\/wp-json\/wp\/v2\/media?parent=13993"}],"wp:term":[{"taxonomy":"product_brand","embeddable":true,"href":"https:\/\/distribution.audio-technica.eu\/es-es\/wp-json\/wp\/v2\/product_brand?post=13993"},{"taxonomy":"product_cat","embeddable":true,"href":"https:\/\/distribution.audio-technica.eu\/es-es\/wp-json\/wp\/v2\/product_cat?post=13993"},{"taxonomy":"product_tag","embeddable":true,"href":"https:\/\/distribution.audio-technica.eu\/es-es\/wp-json\/wp\/v2\/product_tag?post=13993"}],"curies":[{"name":"wp","href":"https:\/\/api.w.org\/{rel}","templated":true}]}}