{"id":13994,"date":"2018-07-12T14:30:38","date_gmt":"2018-07-12T12:30:38","guid":{"rendered":"https:\/\/atdb-production.studiograft.dev\/es\/product\/import-placeholder-for-1070\/"},"modified":"2025-03-28T14:50:51","modified_gmt":"2025-03-28T13:50:51","slug":"8040b","status":"publish","type":"product","link":"https:\/\/distribution.audio-technica.eu\/es-es\/productos\/8040b\/","title":{"rendered":"8040B"},"content":{"rendered":"<h2>8040B<\/h2>\n<h3>Monitor 2 v\u00edas biamplificado, 6.5&#8243;<\/h3>\n<p>Ofreciendo un rendimiento comparable a sistemas mucho m\u00e1s grandes, pero con un formato compacto, el monitor biamplificado 8040B es ideal para ser utilizado en muchas situaciones donde se requiere una amplia respuesta en frecuencia pero se dispone de un espacio limitado. Su campo de aplicaciones incluye monitorizaci\u00f3n de campo cercano, estudios dom\u00e9sticos o de maquetas, workstations, salas de control en radiodifusi\u00f3n o televisi\u00f3n, o veh\u00edculos m\u00f3viles de producci\u00f3n. Incorpora un altavoz de graves de 6,5&#8243; y una unidad de agudos de \u00be\u00bb con c\u00fapula met\u00e1lica y guiaondas DCW.<\/p>\n<p>El ingenioso y optimizado puerto r\u00e9flex consigue unos graves claros, profundos y perfectamente articulados, sin compresi\u00f3n ni ruidos provocados en el puerto. La combinaci\u00f3n del avanzado Directivity Control Waveguide (DCW) y los bordes redondeados y el frontal y laterales curvados del recinto MDE (Minimum Diffraction Enclosure), san como resultado una respuesta en frecuencia sorprendentemente ancha y plana, tanto dentro como fuera del eje. Otras ventajas que ofrece el monitor son su excelente imagen sonora y su capacidad para producir una menor fatiga auditiva.<\/p>\n<p>Dispone de filtros crossover, cuidadosamente dise\u00f1ados, y amplificadores espec\u00edficos para cada uno de los transductores de baja distorsi\u00f3n. Tambi\u00e9n ofrece blindaje magn\u00e9tico, circuito de protecci\u00f3n frente a sobrecargas y vers\u00e1tiles controles para modificar la respuesta de la habitaci\u00f3n.<\/p>\n<p>El 8040B incorpora el soporte Iso-Pod (Isolation Positioner\/Decoupler), que elimina la coloraci\u00f3n del sonido desacoplando el monitor de la superficie sobre la que descansa. El Iso-Pod tambi\u00e9n permite que el monitor pueda ser colocado en un \u00e1ngulo en el que su eje ac\u00fastico se oriente directamente hacia el oyente. Pata ofrece posibilidades de montaje en diferentes entornos, el monitor incluye tambi\u00e9n puntos posteriores de soporte para soportes de pared y de suelo, y un punto roscado M10 adicional en la base del recinto.<\/p>\n<p>Disponible en colores gris oscuro, blanco, negro y aluminio RAW.<\/p>\n<p>Como parte de su programa de sostenibilidad, Genelec ha desarrollado una investigaci\u00f3n a largo plazo para minimizar el consumo en sus productos. El primer paso en este programa es la introducci\u00f3n del sistema de gesti\u00f3n de potencia Intelligent Signal Sensing ISS. Esta prestaci\u00f3n hace que los monitores y subgraves de Genelec entre en modo en espera en ausencia de la se\u00f1al de entrada. El consumo de potencia en este modo es menos de 0,5W. El sistema de gesti\u00f3n de potencia ISS cumple con los requisitos de la normativa ErP- 2013.<\/p>\n<p>ISS ha sido implementado utilizando electr\u00f3nica programable. Cuando la se\u00f1al de entrada permanece por debajo del nivel de activaci\u00f3n, un contador mide un tiempo predeterminado antes de que el sistema entre en modo en espera. Este tiempo previo al modo en espera puede variar entre diferentes productos, dependiendo de sus necesidades espec\u00edficas.<\/p>\n<p>El nivel de se\u00f1al de entrada anal\u00f3gica que despierta al sistema se sit\u00faa alrededor de -68 dBu. La activaci\u00f3n se realiza de forma r\u00e1pida y el sistema se conecta de forma silenciosa, sin ning\u00fan tipo de ruido audible.<\/p>\n<p>Est\u00e1 disponible una completa gama de accesorios, capaces de cubrir cualquier necesidad de instalaci\u00f3n.<\/p>\n<ul>\n<li>Transductores: Graves 6.5&#8243; Agudos 3\/4&#8243;con c\u00fapula met\u00e1lica DCW<\/li>\n<li>Potencia amp.: Graves 90W Agudos 90W<\/li>\n<li>Blindaje magn\u00e9tico<\/li>\n<li>Disponible en color gris oscuro, blanco, negro y aluminio RAW.<\/li>\n<\/ul>\n","protected":false},"excerpt":{"rendered":"<h3>Monitor 2 v\u00edas biamplificado, 6.5&#8243;<\/h3>\n<ul class=\"summary\">\n<li>Ideal para estudios, workstations, unidades m\u00f3viles y sistemas surround<\/li>\n<li>Excelente imagen sonora con la m\u00ednima difracci\u00f3n en los bordes<\/li>\n<li>Disponible en color gris oscuro, blanco, negro y aluminio RAW.<\/li>\n<li>Blindaje magn\u00e9tico<\/li>\n<li>Potencia amp.: Graves 90W Agudos 90W<\/li>\n<\/ul>\n","protected":false},"featured_media":11105,"template":"","meta":{"_acf_changed":false},"product_brand":[],"product_cat":[1394,1395,1403],"product_tag":[],"class_list":{"0":"post-13994","1":"product","2":"type-product","3":"status-publish","4":"has-post-thumbnail","6":"product_cat-monitores-de-estudio","7":"product_cat-por-series-genelec","8":"product_cat-serie-8000","9":"product_series-serie-8000","11":"first","12":"instock","13":"shipping-taxable","14":"product-type-simple"},"acf":[],"yoast_head":"<!-- This site is optimized with the Yoast SEO plugin v27.1.1 - https:\/\/yoast.com\/product\/yoast-seo-wordpress\/ -->\n<title>8040B - Audio-Technica Iberia<\/title>\n<meta name=\"robots\" content=\"index, follow, max-snippet:-1, max-image-preview:large, max-video-preview:-1\" \/>\n<link rel=\"canonical\" href=\"https:\/\/distribution.audio-technica.eu\/es-es\/productos\/8040b\/\" \/>\n<meta property=\"og:locale\" content=\"es_ES\" \/>\n<meta property=\"og:type\" content=\"article\" \/>\n<meta property=\"og:title\" content=\"8040B - Audio-Technica Iberia\" \/>\n<meta property=\"og:description\" content=\"Monitor 2 v\u00edas biamplificado, 6.5&quot;   Ideal para estudios, workstations, unidades m\u00f3viles y sistemas surround  Excelente imagen sonora con la m\u00ednima difracci\u00f3n en los bordes  Disponible en color gris oscuro, blanco, negro y aluminio RAW.  Blindaje magn\u00e9tico  Potencia amp.: Graves 90W Agudos 90W\" \/>\n<meta property=\"og:url\" content=\"https:\/\/distribution.audio-technica.eu\/es-es\/productos\/8040b\/\" \/>\n<meta property=\"og:site_name\" content=\"Audio-Technica Iberia\" \/>\n<meta property=\"article:modified_time\" content=\"2025-03-28T13:50:51+00:00\" \/>\n<meta property=\"og:image\" content=\"https:\/\/distribution.audio-technica.eu\/app\/uploads\/sites\/2\/Genelec-8040A-Matt-Black-1.jpg\" \/>\n\t<meta property=\"og:image:width\" content=\"1000\" \/>\n\t<meta property=\"og:image:height\" content=\"1000\" \/>\n\t<meta property=\"og:image:type\" content=\"image\/jpeg\" \/>\n<meta name=\"twitter:card\" content=\"summary_large_image\" \/>\n<meta name=\"twitter:label1\" content=\"Tiempo de lectura\" \/>\n\t<meta name=\"twitter:data1\" content=\"3 minutos\" \/>\n<script type=\"application\/ld+json\" class=\"yoast-schema-graph\">{\"@context\":\"https:\/\/schema.org\",\"@graph\":[{\"@type\":\"WebPage\",\"@id\":\"https:\/\/distribution.audio-technica.eu\/es-es\/productos\/8040b\/\",\"url\":\"https:\/\/distribution.audio-technica.eu\/es-es\/productos\/8040b\/\",\"name\":\"8040B - Audio-Technica Iberia\",\"isPartOf\":{\"@id\":\"https:\/\/distribution.audio-technica.eu\/es-es\/#website\"},\"primaryImageOfPage\":{\"@id\":\"https:\/\/distribution.audio-technica.eu\/es-es\/productos\/8040b\/#primaryimage\"},\"image\":{\"@id\":\"https:\/\/distribution.audio-technica.eu\/es-es\/productos\/8040b\/#primaryimage\"},\"thumbnailUrl\":\"\/app\/uploads\/sites\/2\/Genelec-8040A-Matt-Black-1.jpg\",\"datePublished\":\"2018-07-12T12:30:38+00:00\",\"dateModified\":\"2025-03-28T13:50:51+00:00\",\"breadcrumb\":{\"@id\":\"https:\/\/distribution.audio-technica.eu\/es-es\/productos\/8040b\/#breadcrumb\"},\"inLanguage\":\"es\",\"potentialAction\":[{\"@type\":\"ReadAction\",\"target\":[\"https:\/\/distribution.audio-technica.eu\/es-es\/productos\/8040b\/\"]}]},{\"@type\":\"ImageObject\",\"inLanguage\":\"es\",\"@id\":\"https:\/\/distribution.audio-technica.eu\/es-es\/productos\/8040b\/#primaryimage\",\"url\":\"\/app\/uploads\/sites\/2\/Genelec-8040A-Matt-Black-1.jpg\",\"contentUrl\":\"\/app\/uploads\/sites\/2\/Genelec-8040A-Matt-Black-1.jpg\",\"width\":1000,\"height\":1000},{\"@type\":\"BreadcrumbList\",\"@id\":\"https:\/\/distribution.audio-technica.eu\/es-es\/productos\/8040b\/#breadcrumb\",\"itemListElement\":[{\"@type\":\"ListItem\",\"position\":1,\"name\":\"Products\",\"item\":\"https:\/\/distribution.audio-technica.eu\/es-es\/\"},{\"@type\":\"ListItem\",\"position\":2,\"name\":\"Productos\",\"item\":\"https:\/\/distribution.audio-technica.eu\/es-es\/productos\/\"},{\"@type\":\"ListItem\",\"position\":3,\"name\":\"8040B\"}]},{\"@type\":\"WebSite\",\"@id\":\"https:\/\/distribution.audio-technica.eu\/es-es\/#website\",\"url\":\"https:\/\/distribution.audio-technica.eu\/es-es\/\",\"name\":\"Audio-Technica Iberia\",\"description\":\"Distribuci\u00f3n\",\"potentialAction\":[{\"@type\":\"SearchAction\",\"target\":{\"@type\":\"EntryPoint\",\"urlTemplate\":\"https:\/\/distribution.audio-technica.eu\/es-es\/?s={search_term_string}\"},\"query-input\":{\"@type\":\"PropertyValueSpecification\",\"valueRequired\":true,\"valueName\":\"search_term_string\"}}],\"inLanguage\":\"es\"}]}<\/script>\n<!-- \/ Yoast SEO plugin. -->","yoast_head_json":{"title":"8040B - Audio-Technica Iberia","robots":{"index":"index","follow":"follow","max-snippet":"max-snippet:-1","max-image-preview":"max-image-preview:large","max-video-preview":"max-video-preview:-1"},"canonical":"https:\/\/distribution.audio-technica.eu\/es-es\/productos\/8040b\/","og_locale":"es_ES","og_type":"article","og_title":"8040B - Audio-Technica Iberia","og_description":"Monitor 2 v\u00edas biamplificado, 6.5\"   Ideal para estudios, workstations, unidades m\u00f3viles y sistemas surround  Excelente imagen sonora con la m\u00ednima difracci\u00f3n en los bordes  Disponible en color gris oscuro, blanco, negro y aluminio RAW.  Blindaje magn\u00e9tico  Potencia amp.: Graves 90W Agudos 90W","og_url":"https:\/\/distribution.audio-technica.eu\/es-es\/productos\/8040b\/","og_site_name":"Audio-Technica Iberia","article_modified_time":"2025-03-28T13:50:51+00:00","og_image":[{"width":1000,"height":1000,"url":"https:\/\/distribution.audio-technica.eu\/app\/uploads\/sites\/2\/Genelec-8040A-Matt-Black-1.jpg","type":"image\/jpeg"}],"twitter_card":"summary_large_image","twitter_misc":{"Tiempo de lectura":"3 minutos"},"schema":{"@context":"https:\/\/schema.org","@graph":[{"@type":"WebPage","@id":"https:\/\/distribution.audio-technica.eu\/es-es\/productos\/8040b\/","url":"https:\/\/distribution.audio-technica.eu\/es-es\/productos\/8040b\/","name":"8040B - Audio-Technica Iberia","isPartOf":{"@id":"https:\/\/distribution.audio-technica.eu\/es-es\/#website"},"primaryImageOfPage":{"@id":"https:\/\/distribution.audio-technica.eu\/es-es\/productos\/8040b\/#primaryimage"},"image":{"@id":"https:\/\/distribution.audio-technica.eu\/es-es\/productos\/8040b\/#primaryimage"},"thumbnailUrl":"\/app\/uploads\/sites\/2\/Genelec-8040A-Matt-Black-1.jpg","datePublished":"2018-07-12T12:30:38+00:00","dateModified":"2025-03-28T13:50:51+00:00","breadcrumb":{"@id":"https:\/\/distribution.audio-technica.eu\/es-es\/productos\/8040b\/#breadcrumb"},"inLanguage":"es","potentialAction":[{"@type":"ReadAction","target":["https:\/\/distribution.audio-technica.eu\/es-es\/productos\/8040b\/"]}]},{"@type":"ImageObject","inLanguage":"es","@id":"https:\/\/distribution.audio-technica.eu\/es-es\/productos\/8040b\/#primaryimage","url":"\/app\/uploads\/sites\/2\/Genelec-8040A-Matt-Black-1.jpg","contentUrl":"\/app\/uploads\/sites\/2\/Genelec-8040A-Matt-Black-1.jpg","width":1000,"height":1000},{"@type":"BreadcrumbList","@id":"https:\/\/distribution.audio-technica.eu\/es-es\/productos\/8040b\/#breadcrumb","itemListElement":[{"@type":"ListItem","position":1,"name":"Products","item":"https:\/\/distribution.audio-technica.eu\/es-es\/"},{"@type":"ListItem","position":2,"name":"Productos","item":"https:\/\/distribution.audio-technica.eu\/es-es\/productos\/"},{"@type":"ListItem","position":3,"name":"8040B"}]},{"@type":"WebSite","@id":"https:\/\/distribution.audio-technica.eu\/es-es\/#website","url":"https:\/\/distribution.audio-technica.eu\/es-es\/","name":"Audio-Technica Iberia","description":"Distribuci\u00f3n","potentialAction":[{"@type":"SearchAction","target":{"@type":"EntryPoint","urlTemplate":"https:\/\/distribution.audio-technica.eu\/es-es\/?s={search_term_string}"},"query-input":{"@type":"PropertyValueSpecification","valueRequired":true,"valueName":"search_term_string"}}],"inLanguage":"es"}]}},"_links":{"self":[{"href":"https:\/\/distribution.audio-technica.eu\/es-es\/wp-json\/wp\/v2\/product\/13994","targetHints":{"allow":["GET"]}}],"collection":[{"href":"https:\/\/distribution.audio-technica.eu\/es-es\/wp-json\/wp\/v2\/product"}],"about":[{"href":"https:\/\/distribution.audio-technica.eu\/es-es\/wp-json\/wp\/v2\/types\/product"}],"wp:featuredmedia":[{"embeddable":true,"href":"https:\/\/distribution.audio-technica.eu\/es-es\/wp-json\/wp\/v2\/media\/11105"}],"wp:attachment":[{"href":"https:\/\/distribution.audio-technica.eu\/es-es\/wp-json\/wp\/v2\/media?parent=13994"}],"wp:term":[{"taxonomy":"product_brand","embeddable":true,"href":"https:\/\/distribution.audio-technica.eu\/es-es\/wp-json\/wp\/v2\/product_brand?post=13994"},{"taxonomy":"product_cat","embeddable":true,"href":"https:\/\/distribution.audio-technica.eu\/es-es\/wp-json\/wp\/v2\/product_cat?post=13994"},{"taxonomy":"product_tag","embeddable":true,"href":"https:\/\/distribution.audio-technica.eu\/es-es\/wp-json\/wp\/v2\/product_tag?post=13994"}],"curies":[{"name":"wp","href":"https:\/\/api.w.org\/{rel}","templated":true}]}}