{"id":13995,"date":"2018-07-12T14:30:38","date_gmt":"2018-07-12T12:30:38","guid":{"rendered":"https:\/\/atdb-production.studiograft.dev\/es\/product\/import-placeholder-for-1071\/"},"modified":"2025-03-28T14:53:35","modified_gmt":"2025-03-28T13:53:35","slug":"8050b","status":"publish","type":"product","link":"https:\/\/distribution.audio-technica.eu\/es-es\/productos\/8050b\/","title":{"rendered":"8050B"},"content":{"rendered":"<h2>8050B<\/h2>\n<h3>Monitor 2 v\u00edas biamplificado, 8&#8243;<\/h3>\n<p>El 8050B es un potente monitor biamplificado capaz de producir niveles de SPL pico de m\u00e1s de 120 dB por par, y que ofrece una respuesta en graves que se extiende hasta 35 Hz. Es una herramienta excelente para grandes estudios de grabaci\u00f3n, broadcast e instalaciones surround, salas de masterizado y estudios de TV y post producci\u00f3n.<\/p>\n<p>Incorpora un altavoz de graves de 8&#8243; y una unidad de agudos de 1&#8243; con c\u00fapula met\u00e1lica y guiaondas DCW.<\/p>\n<p>El sofisticado crossover activo dispone de vers\u00e1tiles controles para adaptar el comportamiento del monitor a entornos ac\u00fasticos dif\u00edciles. Dispone de amplificadores de potencia de baja distorsi\u00f3n espec\u00edficos para cada transductor, que tambi\u00e9n incluyen circuitos de protecci\u00f3n.<\/p>\n<p>El eficiente y robusto recinto MDE (Minimum Diffraction Enclosure) incluye un puerto r\u00e9flex largo y curvado que proporciona bajas frecuencias con una m\u00ednima compresi\u00f3n, distorsi\u00f3n y ruidos generados en el puerto. Los laterales y frontal curvados del recinto MDE y la avanzada Directivity Control Waveguide (DCW), exclusivo de Genelec, proporciona una respuesta en frecuencia excepcionalmente uniforme tanto dentro como fuera del eje, una imagen sonora precisa y una \u00f3ptima directividad en todo el espectro de audio.<\/p>\n<p>El montaje del 8050B resulta muy f\u00e1cil gracias al soporte Iso-Pod (Isolation Positioner\/Decoupler) incluido, que elimina la coloraci\u00f3n del sonido desacoplando el monitor de su superficie de montaje.<\/p>\n<p>El monitor puede inclinarse en el Iso-Pod para que el eje ac\u00fastico apunte directamente al oyente. Tambi\u00e9n son posibles otras opciones de montaje, utilizando los puntos integrados de montaje situados en la parte posterior del recinto, o el punto roscado M10 situado en la base del mismo.<\/p>\n<p>Disponible en colores gris oscuro, negro y blanco.<\/p>\n<p>Como parte de su programa de sostenibilidad, Genelec ha desarrollado una investigaci\u00f3n a largo plazo para minimizar el consumo en sus productos. El primer paso en este programa es la introducci\u00f3n del sistema de gesti\u00f3n de potencia Intelligent Signal Sensing ISS. Esta prestaci\u00f3n hace que los monitores y subgraves de Genelec entre en modo en espera en ausencia de la se\u00f1al de entrada. El consumo de potencia en este modo es menos de 0,5W. El sistema de gesti\u00f3n de potencia ISS cumple con los requisitos de la normativa ErP- 2013.<\/p>\n<p>ISS ha sido implementado utilizando electr\u00f3nica programable. Cuando la se\u00f1al de entrada permanece por debajo del nivel de activaci\u00f3n, un contador mide un tiempo predeterminado antes de que el sistema entre en modo en espera. Este tiempo previo al modo en espera puede variar entre diferentes productos, dependiendo de sus necesidades espec\u00edficas.<\/p>\n<p>El nivel de se\u00f1al de entrada anal\u00f3gica que despierta al sistema se sit\u00faa alrededor de -68 dBu. La activaci\u00f3n se realiza de forma r\u00e1pida y el sistema se conecta de forma silenciosa, sin ning\u00fan tipo de ruido audible.<\/p>\n<p>Est\u00e1 disponible una completa gama de accesorios, capaces de cubrir cualquier necesidad de instalaci\u00f3n.<\/p>\n<ul>\n<li>Transductores: Graves 8&#8243; Agudos 3\/4&#8243;con c\u00fapula met\u00e1lica DCW<\/li>\n<li>Potencia amp.: Graves 150W Agudos 120W<\/li>\n<li>Blindaje magn\u00e9tico<\/li>\n<li>Disponible color gris oscuro, negro y blanco.<\/li>\n<\/ul>\n","protected":false},"excerpt":{"rendered":"<h3>Monitor 2 v\u00edas biamplificado, 8&#8243;<\/h3>\n<ul class=\"summary\">\n<li>Ideal para estudios, workstations, masterizado y sistemas surround<\/li>\n<li>Graves profundos con un elevado SPL<\/li>\n<li>Disponible color gris oscuro, negro y blanco.<\/li>\n<li>Blindaje magn\u00e9tico<\/li>\n<li>Potencia amp.: Graves 150W Agudos 120W<\/li>\n<\/ul>\n","protected":false},"featured_media":11109,"template":"","meta":{"_acf_changed":false},"product_brand":[],"product_cat":[1394,1395,1403],"product_tag":[],"class_list":{"0":"post-13995","1":"product","2":"type-product","3":"status-publish","4":"has-post-thumbnail","6":"product_cat-monitores-de-estudio","7":"product_cat-por-series-genelec","8":"product_cat-serie-8000","9":"product_series-serie-8000","11":"first","12":"instock","13":"shipping-taxable","14":"product-type-simple"},"acf":[],"yoast_head":"<!-- This site is optimized with the Yoast SEO plugin v27.1.1 - https:\/\/yoast.com\/product\/yoast-seo-wordpress\/ -->\n<title>8050B - Audio-Technica Iberia<\/title>\n<meta name=\"robots\" content=\"index, follow, max-snippet:-1, max-image-preview:large, max-video-preview:-1\" \/>\n<link rel=\"canonical\" href=\"https:\/\/distribution.audio-technica.eu\/es-es\/productos\/8050b\/\" \/>\n<meta property=\"og:locale\" content=\"es_ES\" \/>\n<meta property=\"og:type\" content=\"article\" \/>\n<meta property=\"og:title\" content=\"8050B - Audio-Technica Iberia\" \/>\n<meta property=\"og:description\" content=\"Monitor 2 v\u00edas biamplificado, 8&quot;   Ideal para estudios, workstations, masterizado y sistemas surround  Graves profundos con un elevado SPL  Disponible color gris oscuro, negro y blanco.  Blindaje magn\u00e9tico  Potencia amp.: Graves 150W Agudos 120W\" \/>\n<meta property=\"og:url\" content=\"https:\/\/distribution.audio-technica.eu\/es-es\/productos\/8050b\/\" \/>\n<meta property=\"og:site_name\" content=\"Audio-Technica Iberia\" \/>\n<meta property=\"article:modified_time\" content=\"2025-03-28T13:53:35+00:00\" \/>\n<meta property=\"og:image\" content=\"https:\/\/distribution.audio-technica.eu\/app\/uploads\/sites\/2\/Genelec-8050A-Matt-Black-1.jpg\" \/>\n\t<meta property=\"og:image:width\" content=\"1000\" \/>\n\t<meta property=\"og:image:height\" content=\"1000\" \/>\n\t<meta property=\"og:image:type\" content=\"image\/jpeg\" \/>\n<meta name=\"twitter:card\" content=\"summary_large_image\" \/>\n<meta name=\"twitter:label1\" content=\"Tiempo de lectura\" \/>\n\t<meta name=\"twitter:data1\" content=\"3 minutos\" \/>\n<script type=\"application\/ld+json\" class=\"yoast-schema-graph\">{\"@context\":\"https:\/\/schema.org\",\"@graph\":[{\"@type\":\"WebPage\",\"@id\":\"https:\/\/distribution.audio-technica.eu\/es-es\/productos\/8050b\/\",\"url\":\"https:\/\/distribution.audio-technica.eu\/es-es\/productos\/8050b\/\",\"name\":\"8050B - Audio-Technica Iberia\",\"isPartOf\":{\"@id\":\"https:\/\/distribution.audio-technica.eu\/es-es\/#website\"},\"primaryImageOfPage\":{\"@id\":\"https:\/\/distribution.audio-technica.eu\/es-es\/productos\/8050b\/#primaryimage\"},\"image\":{\"@id\":\"https:\/\/distribution.audio-technica.eu\/es-es\/productos\/8050b\/#primaryimage\"},\"thumbnailUrl\":\"\/app\/uploads\/sites\/2\/Genelec-8050A-Matt-Black-1.jpg\",\"datePublished\":\"2018-07-12T12:30:38+00:00\",\"dateModified\":\"2025-03-28T13:53:35+00:00\",\"breadcrumb\":{\"@id\":\"https:\/\/distribution.audio-technica.eu\/es-es\/productos\/8050b\/#breadcrumb\"},\"inLanguage\":\"es\",\"potentialAction\":[{\"@type\":\"ReadAction\",\"target\":[\"https:\/\/distribution.audio-technica.eu\/es-es\/productos\/8050b\/\"]}]},{\"@type\":\"ImageObject\",\"inLanguage\":\"es\",\"@id\":\"https:\/\/distribution.audio-technica.eu\/es-es\/productos\/8050b\/#primaryimage\",\"url\":\"\/app\/uploads\/sites\/2\/Genelec-8050A-Matt-Black-1.jpg\",\"contentUrl\":\"\/app\/uploads\/sites\/2\/Genelec-8050A-Matt-Black-1.jpg\",\"width\":1000,\"height\":1000},{\"@type\":\"BreadcrumbList\",\"@id\":\"https:\/\/distribution.audio-technica.eu\/es-es\/productos\/8050b\/#breadcrumb\",\"itemListElement\":[{\"@type\":\"ListItem\",\"position\":1,\"name\":\"Products\",\"item\":\"https:\/\/distribution.audio-technica.eu\/es-es\/\"},{\"@type\":\"ListItem\",\"position\":2,\"name\":\"Productos\",\"item\":\"https:\/\/distribution.audio-technica.eu\/es-es\/productos\/\"},{\"@type\":\"ListItem\",\"position\":3,\"name\":\"8050B\"}]},{\"@type\":\"WebSite\",\"@id\":\"https:\/\/distribution.audio-technica.eu\/es-es\/#website\",\"url\":\"https:\/\/distribution.audio-technica.eu\/es-es\/\",\"name\":\"Audio-Technica Iberia\",\"description\":\"Distribuci\u00f3n\",\"potentialAction\":[{\"@type\":\"SearchAction\",\"target\":{\"@type\":\"EntryPoint\",\"urlTemplate\":\"https:\/\/distribution.audio-technica.eu\/es-es\/?s={search_term_string}\"},\"query-input\":{\"@type\":\"PropertyValueSpecification\",\"valueRequired\":true,\"valueName\":\"search_term_string\"}}],\"inLanguage\":\"es\"}]}<\/script>\n<!-- \/ Yoast SEO plugin. -->","yoast_head_json":{"title":"8050B - Audio-Technica Iberia","robots":{"index":"index","follow":"follow","max-snippet":"max-snippet:-1","max-image-preview":"max-image-preview:large","max-video-preview":"max-video-preview:-1"},"canonical":"https:\/\/distribution.audio-technica.eu\/es-es\/productos\/8050b\/","og_locale":"es_ES","og_type":"article","og_title":"8050B - Audio-Technica Iberia","og_description":"Monitor 2 v\u00edas biamplificado, 8\"   Ideal para estudios, workstations, masterizado y sistemas surround  Graves profundos con un elevado SPL  Disponible color gris oscuro, negro y blanco.  Blindaje magn\u00e9tico  Potencia amp.: Graves 150W Agudos 120W","og_url":"https:\/\/distribution.audio-technica.eu\/es-es\/productos\/8050b\/","og_site_name":"Audio-Technica Iberia","article_modified_time":"2025-03-28T13:53:35+00:00","og_image":[{"width":1000,"height":1000,"url":"https:\/\/distribution.audio-technica.eu\/app\/uploads\/sites\/2\/Genelec-8050A-Matt-Black-1.jpg","type":"image\/jpeg"}],"twitter_card":"summary_large_image","twitter_misc":{"Tiempo de lectura":"3 minutos"},"schema":{"@context":"https:\/\/schema.org","@graph":[{"@type":"WebPage","@id":"https:\/\/distribution.audio-technica.eu\/es-es\/productos\/8050b\/","url":"https:\/\/distribution.audio-technica.eu\/es-es\/productos\/8050b\/","name":"8050B - Audio-Technica Iberia","isPartOf":{"@id":"https:\/\/distribution.audio-technica.eu\/es-es\/#website"},"primaryImageOfPage":{"@id":"https:\/\/distribution.audio-technica.eu\/es-es\/productos\/8050b\/#primaryimage"},"image":{"@id":"https:\/\/distribution.audio-technica.eu\/es-es\/productos\/8050b\/#primaryimage"},"thumbnailUrl":"\/app\/uploads\/sites\/2\/Genelec-8050A-Matt-Black-1.jpg","datePublished":"2018-07-12T12:30:38+00:00","dateModified":"2025-03-28T13:53:35+00:00","breadcrumb":{"@id":"https:\/\/distribution.audio-technica.eu\/es-es\/productos\/8050b\/#breadcrumb"},"inLanguage":"es","potentialAction":[{"@type":"ReadAction","target":["https:\/\/distribution.audio-technica.eu\/es-es\/productos\/8050b\/"]}]},{"@type":"ImageObject","inLanguage":"es","@id":"https:\/\/distribution.audio-technica.eu\/es-es\/productos\/8050b\/#primaryimage","url":"\/app\/uploads\/sites\/2\/Genelec-8050A-Matt-Black-1.jpg","contentUrl":"\/app\/uploads\/sites\/2\/Genelec-8050A-Matt-Black-1.jpg","width":1000,"height":1000},{"@type":"BreadcrumbList","@id":"https:\/\/distribution.audio-technica.eu\/es-es\/productos\/8050b\/#breadcrumb","itemListElement":[{"@type":"ListItem","position":1,"name":"Products","item":"https:\/\/distribution.audio-technica.eu\/es-es\/"},{"@type":"ListItem","position":2,"name":"Productos","item":"https:\/\/distribution.audio-technica.eu\/es-es\/productos\/"},{"@type":"ListItem","position":3,"name":"8050B"}]},{"@type":"WebSite","@id":"https:\/\/distribution.audio-technica.eu\/es-es\/#website","url":"https:\/\/distribution.audio-technica.eu\/es-es\/","name":"Audio-Technica Iberia","description":"Distribuci\u00f3n","potentialAction":[{"@type":"SearchAction","target":{"@type":"EntryPoint","urlTemplate":"https:\/\/distribution.audio-technica.eu\/es-es\/?s={search_term_string}"},"query-input":{"@type":"PropertyValueSpecification","valueRequired":true,"valueName":"search_term_string"}}],"inLanguage":"es"}]}},"_links":{"self":[{"href":"https:\/\/distribution.audio-technica.eu\/es-es\/wp-json\/wp\/v2\/product\/13995","targetHints":{"allow":["GET"]}}],"collection":[{"href":"https:\/\/distribution.audio-technica.eu\/es-es\/wp-json\/wp\/v2\/product"}],"about":[{"href":"https:\/\/distribution.audio-technica.eu\/es-es\/wp-json\/wp\/v2\/types\/product"}],"wp:featuredmedia":[{"embeddable":true,"href":"https:\/\/distribution.audio-technica.eu\/es-es\/wp-json\/wp\/v2\/media\/11109"}],"wp:attachment":[{"href":"https:\/\/distribution.audio-technica.eu\/es-es\/wp-json\/wp\/v2\/media?parent=13995"}],"wp:term":[{"taxonomy":"product_brand","embeddable":true,"href":"https:\/\/distribution.audio-technica.eu\/es-es\/wp-json\/wp\/v2\/product_brand?post=13995"},{"taxonomy":"product_cat","embeddable":true,"href":"https:\/\/distribution.audio-technica.eu\/es-es\/wp-json\/wp\/v2\/product_cat?post=13995"},{"taxonomy":"product_tag","embeddable":true,"href":"https:\/\/distribution.audio-technica.eu\/es-es\/wp-json\/wp\/v2\/product_tag?post=13995"}],"curies":[{"name":"wp","href":"https:\/\/api.w.org\/{rel}","templated":true}]}}