{"id":13998,"date":"2018-07-12T14:30:38","date_gmt":"2018-07-12T12:30:38","guid":{"rendered":"https:\/\/atdb-production.studiograft.dev\/es\/product\/import-placeholder-for-1074\/"},"modified":"2023-07-13T13:33:44","modified_gmt":"2023-07-13T11:33:44","slug":"8330a-sam","status":"publish","type":"product","link":"https:\/\/distribution.audio-technica.eu\/es-es\/productos\/8330a-sam\/","title":{"rendered":"8330A"},"content":{"rendered":"<h2>8330A<\/h2>\n<h3>Monitor activo SAM de 2 v\u00edas, 5&#8243;<\/h3>\n<p>El monitor activo compacto inteligente 8330A es la soluci\u00f3n de monitoraje avanzada y flexible. Este monitor incorpora las tecnolog\u00edas MDE y DCW, exclusivas de Genelec, un puerto r\u00e9flex optimizado, un elevado SPL y una respuesta en frecuencia amplia y sin coloraciones; todo ello en un formato extremadamente compacto.<\/p>\n<p>El nuevo y altamente intuitivo software y control de red Genelec Loudspeaker Manager (GLM 2.0) permite realizar ajustes en todos los par\u00e1metros del monitor, ofreciendo un control total del sistema. El avanzado sistema AutoCal de Genelec permite alinear de forma autom\u00e1tica cada monitor en la red, ajustando su nivel, y proporcionando ecualizaci\u00f3n para resolver la anomal\u00edas que presente la respuesta de la sala.<\/p>\n<p>El monitor 8330A es una soluci\u00f3n id\u00f3nea para estudios musicales, salas de post producci\u00f3n, salas de edici\u00f3n digital, radio, TV y todo tipo de aplicaciones broadcast.<\/p>\n<ul>\n<li>Transductores: Graves 5&#8243; Agudos 3\/4&#8243; c\u00fapula met\u00e1lica DCW<\/li>\n<li>Potencia amp.: Graves 50W Agudos 50 W<\/li>\n<li>Conectores: 1x XLR entrada digital AES\/EBU,1 x XLR salida digital AES\/EBU, 1 x XLR entrada anal\u00f3gica, 2 x RJ45 control de red<\/li>\n<li>Blindaje magn\u00e9tico<\/li>\n<li>Disponible color blanco y negro<\/li>\n<\/ul>\n","protected":false},"excerpt":{"rendered":"<h3>Monitor activo SAM de 2 v\u00edas, 5&#8243;<\/h3>\n<ul class=\"summary\">\n<li>Ideal para estudios musicales, salas de post producci\u00f3n, edici\u00f3n digital<\/li>\n<li>Compatible GLM y AutoCal<\/li>\n<li>Disponible color blanco y negro<\/li>\n<li>Blindaje magn\u00e9tico<\/li>\n<\/ul>\n","protected":false},"featured_media":11118,"template":"","meta":{"_acf_changed":false},"product_brand":[],"product_cat":[1394,1395,1396],"product_tag":[],"class_list":{"0":"post-13998","1":"product","2":"type-product","3":"status-publish","4":"has-post-thumbnail","6":"product_cat-monitores-de-estudio","7":"product_cat-por-series-genelec","8":"product_cat-serie-sam","9":"product_series-serie-sam","11":"first","12":"instock","13":"shipping-taxable","14":"product-type-simple"},"acf":[],"yoast_head":"<!-- This site is optimized with the Yoast SEO plugin v27.1.1 - https:\/\/yoast.com\/product\/yoast-seo-wordpress\/ -->\n<title>8330A - Audio-Technica Iberia<\/title>\n<meta name=\"robots\" content=\"index, follow, max-snippet:-1, max-image-preview:large, max-video-preview:-1\" \/>\n<link rel=\"canonical\" href=\"https:\/\/distribution.audio-technica.eu\/es-es\/productos\/8330a-sam\/\" \/>\n<meta property=\"og:locale\" content=\"es_ES\" \/>\n<meta property=\"og:type\" content=\"article\" \/>\n<meta property=\"og:title\" content=\"8330A - Audio-Technica Iberia\" \/>\n<meta property=\"og:description\" content=\"Monitor activo SAM de 2 v\u00edas, 5&quot;  Ideal para estudios musicales, salas de post producci\u00f3n, edici\u00f3n digital  Compatible GLM y AutoCal  Disponible color blanco y negro  Blindaje magn\u00e9tico\" \/>\n<meta property=\"og:url\" content=\"https:\/\/distribution.audio-technica.eu\/es-es\/productos\/8330a-sam\/\" \/>\n<meta property=\"og:site_name\" content=\"Audio-Technica Iberia\" \/>\n<meta property=\"article:modified_time\" content=\"2023-07-13T11:33:44+00:00\" \/>\n<meta property=\"og:image\" content=\"https:\/\/distribution.audio-technica.eu\/app\/uploads\/sites\/2\/Genelec-8330A-front-1.jpg\" \/>\n\t<meta property=\"og:image:width\" content=\"1000\" \/>\n\t<meta property=\"og:image:height\" content=\"1000\" \/>\n\t<meta property=\"og:image:type\" content=\"image\/jpeg\" \/>\n<meta name=\"twitter:card\" content=\"summary_large_image\" \/>\n<meta name=\"twitter:label1\" content=\"Tiempo de lectura\" \/>\n\t<meta name=\"twitter:data1\" content=\"1 minuto\" \/>\n<script type=\"application\/ld+json\" class=\"yoast-schema-graph\">{\"@context\":\"https:\/\/schema.org\",\"@graph\":[{\"@type\":\"WebPage\",\"@id\":\"https:\/\/distribution.audio-technica.eu\/es-es\/productos\/8330a-sam\/\",\"url\":\"https:\/\/distribution.audio-technica.eu\/es-es\/productos\/8330a-sam\/\",\"name\":\"8330A - Audio-Technica Iberia\",\"isPartOf\":{\"@id\":\"https:\/\/distribution.audio-technica.eu\/es-es\/#website\"},\"primaryImageOfPage\":{\"@id\":\"https:\/\/distribution.audio-technica.eu\/es-es\/productos\/8330a-sam\/#primaryimage\"},\"image\":{\"@id\":\"https:\/\/distribution.audio-technica.eu\/es-es\/productos\/8330a-sam\/#primaryimage\"},\"thumbnailUrl\":\"\/app\/uploads\/sites\/2\/Genelec-8330A-front-1.jpg\",\"datePublished\":\"2018-07-12T12:30:38+00:00\",\"dateModified\":\"2023-07-13T11:33:44+00:00\",\"breadcrumb\":{\"@id\":\"https:\/\/distribution.audio-technica.eu\/es-es\/productos\/8330a-sam\/#breadcrumb\"},\"inLanguage\":\"es\",\"potentialAction\":[{\"@type\":\"ReadAction\",\"target\":[\"https:\/\/distribution.audio-technica.eu\/es-es\/productos\/8330a-sam\/\"]}]},{\"@type\":\"ImageObject\",\"inLanguage\":\"es\",\"@id\":\"https:\/\/distribution.audio-technica.eu\/es-es\/productos\/8330a-sam\/#primaryimage\",\"url\":\"\/app\/uploads\/sites\/2\/Genelec-8330A-front-1.jpg\",\"contentUrl\":\"\/app\/uploads\/sites\/2\/Genelec-8330A-front-1.jpg\",\"width\":1000,\"height\":1000},{\"@type\":\"BreadcrumbList\",\"@id\":\"https:\/\/distribution.audio-technica.eu\/es-es\/productos\/8330a-sam\/#breadcrumb\",\"itemListElement\":[{\"@type\":\"ListItem\",\"position\":1,\"name\":\"Products\",\"item\":\"https:\/\/distribution.audio-technica.eu\/es-es\/\"},{\"@type\":\"ListItem\",\"position\":2,\"name\":\"Productos\",\"item\":\"https:\/\/distribution.audio-technica.eu\/es-es\/productos\/\"},{\"@type\":\"ListItem\",\"position\":3,\"name\":\"8330A\"}]},{\"@type\":\"WebSite\",\"@id\":\"https:\/\/distribution.audio-technica.eu\/es-es\/#website\",\"url\":\"https:\/\/distribution.audio-technica.eu\/es-es\/\",\"name\":\"Audio-Technica Iberia\",\"description\":\"Distribuci\u00f3n\",\"potentialAction\":[{\"@type\":\"SearchAction\",\"target\":{\"@type\":\"EntryPoint\",\"urlTemplate\":\"https:\/\/distribution.audio-technica.eu\/es-es\/?s={search_term_string}\"},\"query-input\":{\"@type\":\"PropertyValueSpecification\",\"valueRequired\":true,\"valueName\":\"search_term_string\"}}],\"inLanguage\":\"es\"}]}<\/script>\n<!-- \/ Yoast SEO plugin. -->","yoast_head_json":{"title":"8330A - Audio-Technica Iberia","robots":{"index":"index","follow":"follow","max-snippet":"max-snippet:-1","max-image-preview":"max-image-preview:large","max-video-preview":"max-video-preview:-1"},"canonical":"https:\/\/distribution.audio-technica.eu\/es-es\/productos\/8330a-sam\/","og_locale":"es_ES","og_type":"article","og_title":"8330A - Audio-Technica Iberia","og_description":"Monitor activo SAM de 2 v\u00edas, 5\"  Ideal para estudios musicales, salas de post producci\u00f3n, edici\u00f3n digital  Compatible GLM y AutoCal  Disponible color blanco y negro  Blindaje magn\u00e9tico","og_url":"https:\/\/distribution.audio-technica.eu\/es-es\/productos\/8330a-sam\/","og_site_name":"Audio-Technica Iberia","article_modified_time":"2023-07-13T11:33:44+00:00","og_image":[{"width":1000,"height":1000,"url":"https:\/\/distribution.audio-technica.eu\/app\/uploads\/sites\/2\/Genelec-8330A-front-1.jpg","type":"image\/jpeg"}],"twitter_card":"summary_large_image","twitter_misc":{"Tiempo de lectura":"1 minuto"},"schema":{"@context":"https:\/\/schema.org","@graph":[{"@type":"WebPage","@id":"https:\/\/distribution.audio-technica.eu\/es-es\/productos\/8330a-sam\/","url":"https:\/\/distribution.audio-technica.eu\/es-es\/productos\/8330a-sam\/","name":"8330A - Audio-Technica Iberia","isPartOf":{"@id":"https:\/\/distribution.audio-technica.eu\/es-es\/#website"},"primaryImageOfPage":{"@id":"https:\/\/distribution.audio-technica.eu\/es-es\/productos\/8330a-sam\/#primaryimage"},"image":{"@id":"https:\/\/distribution.audio-technica.eu\/es-es\/productos\/8330a-sam\/#primaryimage"},"thumbnailUrl":"\/app\/uploads\/sites\/2\/Genelec-8330A-front-1.jpg","datePublished":"2018-07-12T12:30:38+00:00","dateModified":"2023-07-13T11:33:44+00:00","breadcrumb":{"@id":"https:\/\/distribution.audio-technica.eu\/es-es\/productos\/8330a-sam\/#breadcrumb"},"inLanguage":"es","potentialAction":[{"@type":"ReadAction","target":["https:\/\/distribution.audio-technica.eu\/es-es\/productos\/8330a-sam\/"]}]},{"@type":"ImageObject","inLanguage":"es","@id":"https:\/\/distribution.audio-technica.eu\/es-es\/productos\/8330a-sam\/#primaryimage","url":"\/app\/uploads\/sites\/2\/Genelec-8330A-front-1.jpg","contentUrl":"\/app\/uploads\/sites\/2\/Genelec-8330A-front-1.jpg","width":1000,"height":1000},{"@type":"BreadcrumbList","@id":"https:\/\/distribution.audio-technica.eu\/es-es\/productos\/8330a-sam\/#breadcrumb","itemListElement":[{"@type":"ListItem","position":1,"name":"Products","item":"https:\/\/distribution.audio-technica.eu\/es-es\/"},{"@type":"ListItem","position":2,"name":"Productos","item":"https:\/\/distribution.audio-technica.eu\/es-es\/productos\/"},{"@type":"ListItem","position":3,"name":"8330A"}]},{"@type":"WebSite","@id":"https:\/\/distribution.audio-technica.eu\/es-es\/#website","url":"https:\/\/distribution.audio-technica.eu\/es-es\/","name":"Audio-Technica Iberia","description":"Distribuci\u00f3n","potentialAction":[{"@type":"SearchAction","target":{"@type":"EntryPoint","urlTemplate":"https:\/\/distribution.audio-technica.eu\/es-es\/?s={search_term_string}"},"query-input":{"@type":"PropertyValueSpecification","valueRequired":true,"valueName":"search_term_string"}}],"inLanguage":"es"}]}},"_links":{"self":[{"href":"https:\/\/distribution.audio-technica.eu\/es-es\/wp-json\/wp\/v2\/product\/13998","targetHints":{"allow":["GET"]}}],"collection":[{"href":"https:\/\/distribution.audio-technica.eu\/es-es\/wp-json\/wp\/v2\/product"}],"about":[{"href":"https:\/\/distribution.audio-technica.eu\/es-es\/wp-json\/wp\/v2\/types\/product"}],"wp:featuredmedia":[{"embeddable":true,"href":"https:\/\/distribution.audio-technica.eu\/es-es\/wp-json\/wp\/v2\/media\/11118"}],"wp:attachment":[{"href":"https:\/\/distribution.audio-technica.eu\/es-es\/wp-json\/wp\/v2\/media?parent=13998"}],"wp:term":[{"taxonomy":"product_brand","embeddable":true,"href":"https:\/\/distribution.audio-technica.eu\/es-es\/wp-json\/wp\/v2\/product_brand?post=13998"},{"taxonomy":"product_cat","embeddable":true,"href":"https:\/\/distribution.audio-technica.eu\/es-es\/wp-json\/wp\/v2\/product_cat?post=13998"},{"taxonomy":"product_tag","embeddable":true,"href":"https:\/\/distribution.audio-technica.eu\/es-es\/wp-json\/wp\/v2\/product_tag?post=13998"}],"curies":[{"name":"wp","href":"https:\/\/api.w.org\/{rel}","templated":true}]}}