{"id":14000,"date":"2018-07-12T14:30:39","date_gmt":"2018-07-12T12:30:39","guid":{"rendered":"https:\/\/atdb-production.studiograft.dev\/es\/product\/import-placeholder-for-1076\/"},"modified":"2023-07-13T13:33:44","modified_gmt":"2023-07-13T11:33:44","slug":"8350a-sam","status":"publish","type":"product","link":"https:\/\/distribution.audio-technica.eu\/es-es\/productos\/8350a-sam\/","title":{"rendered":"8350A"},"content":{"rendered":"<h2>8350A<\/h2>\n<h3>Monitor activo SAM de 2 v\u00edas, 8&#8243;<\/h3>\n<p>El 8350A incorpora las tecnolog\u00edas MDE y DCW de Genelec, amplificaci\u00f3n en clase D, un puerto r\u00e9flex de flujo optimizado, capacidad para ofrecer un elevado nivel de presi\u00f3n sonora, bajo coloraci\u00f3n y un amplio ancho de banda y fuente de alimentaci\u00f3n universal. Totalmente compatible con versiones anteriores, el 8350A comparte todos los atributos t\u00e9cnicos y sorprendentes beneficios que ofrecen todos los sistemas SAM, como son la tecnolog\u00eda AutoCal y el control en red Genelec Loudspeaker Manager (GLM), que permite controlar todos los ajustes del monitor.<\/p>\n<p>La unidad cuenta con amplificadores optimizados y crossovers activos; cada transductor cuenta con su propio amplificador optimizado.<\/p>\n<p>El software GLM 2.0 es un sistema de control en red muy potente e intuitivo que se encarga de manejar la conectividad de todos los monitores de estudio y subgraves SAM presentes en una red -hasta 30-. El software GLM 2.0 incluye ajuste de niveles, distancias de retardo y ecualizaci\u00f3n de compensaci\u00f3n de la ac\u00fastica de la sala, y del avanzado sistema de calibraci\u00f3n autom\u00e1tico AutoCal. Todos los par\u00e1metros y ajustes son almacenados en los archivos de configuraci\u00f3n del sistema o guardados individualmente en cada monitor y subgrave, si la red GLM necesita ser desconectada.<\/p>\n<p>Adem\u00e1s, todas las caracter\u00edsticas ac\u00fasticas de los sistemas SAM pueden ser optimizadas para diferentes estilos de trabajo o para satisfacer las demandas de los clientes. Incluso en el caso de que los monitores sean cambiados de habitaci\u00f3n, podr\u00e1 esperar que la tecnolog\u00eda SAM consiga en todo momento un monitoraje de la m\u00e1xima calidad, proporcionando un sonido neutro con una baj\u00edsima distorsi\u00f3n.<\/p>\n<p>La tecnolog\u00eda DCW proyecta un frente de onda de forma totalmente controlada, permitiendo una configuraci\u00f3n predecible del patr\u00f3n de directividad (dispersi\u00f3n). Para conseguir una directividad uniforme y suave, el objetivo es reducir el \u00e1ngulo de radiaci\u00f3n, de forma que se reduzca la radiaci\u00f3n par\u00e1sita. Esto da como resultado una respuesta en general excepcionalmente plana, as\u00ed como una respuesta en potencia uniforme.<\/p>\n<p>La avanzada tecnolog\u00eda DCW minimiza las primeras reflexiones y proporciona un \u00e1rea de escucha amplia y controlada, consiguiendo un precisa reproducci\u00f3n sonora tanto dentro como fuera del eje.<\/p>\n<p>La circuiter\u00eda Intelligent Signal Sensing, ISS, monitoriza la se\u00f1al de entrada al altavoz y detecta si \u00e9ste se est\u00e1 utilizando. Si el circuito ISS no detecta se\u00f1al de audio en la entrada durante un cierto per\u00edodo de tiempo, coloca al altavoz en un estado de reposo, de bajo consume, en el que solo consume 0,5 W. Cuando se detecta una se\u00f1al de entrada, el altavoz se vuelve a activar de forma inmediata.<\/p>\n<p>Adecuado para todo tipo de aplicaciones anal\u00f3gicas o digitales, el 8350A es la soluci\u00f3n de monitorizaci\u00f3n m\u00e1s avanzada para estudios de grabaci\u00f3n, estudios de post producci\u00f3n, salas de edici\u00f3n digital, radio y TV, etc.<\/p>\n<ul>\n<li>Transductores: Graves 8&#8243; Agudos 1&#8243; c\u00fapula met\u00e1lica DCW<\/li>\n<li>Potencia amp.: Graves 200W Agudos 150 W<\/li>\n<li>Conectores: 1x XLR entrada digital AES\/EBU,1 x XLR salida digital AES\/EBU, 1 x XLR entrada anal\u00f3gica, 2 x RJ45 control de red<\/li>\n<li>Blindaje magn\u00e9tico<\/li>\n<li>Disponible color blanco y negro<\/li>\n<\/ul>\n","protected":false},"excerpt":{"rendered":"<h3>Monitor activo SAM de 2 v\u00edas, 8&#8243;<\/h3>\n<ul class=\"summary\">\n<li>La soluci\u00f3n de monitorizaci\u00f3n m\u00e1s avanzada para estudios de grabaci\u00f3n<\/li>\n<li>Compatible GLM y AutoCal<\/li>\n<li>Disponible color blanco y negro<\/li>\n<li>Blindaje magn\u00e9tico<\/li>\n<\/ul>\n","protected":false},"featured_media":11120,"template":"","meta":{"_acf_changed":false},"product_brand":[],"product_cat":[1394,1395,1396],"product_tag":[],"class_list":{"0":"post-14000","1":"product","2":"type-product","3":"status-publish","4":"has-post-thumbnail","6":"product_cat-monitores-de-estudio","7":"product_cat-por-series-genelec","8":"product_cat-serie-sam","9":"product_series-serie-sam","11":"first","12":"instock","13":"shipping-taxable","14":"product-type-simple"},"acf":[],"yoast_head":"<!-- This site is optimized with the Yoast SEO plugin v27.1.1 - https:\/\/yoast.com\/product\/yoast-seo-wordpress\/ -->\n<title>8350A - Audio-Technica Iberia<\/title>\n<meta name=\"robots\" content=\"index, follow, max-snippet:-1, max-image-preview:large, max-video-preview:-1\" \/>\n<link rel=\"canonical\" href=\"https:\/\/distribution.audio-technica.eu\/es-es\/productos\/8350a-sam\/\" \/>\n<meta property=\"og:locale\" content=\"es_ES\" \/>\n<meta property=\"og:type\" content=\"article\" \/>\n<meta property=\"og:title\" content=\"8350A - Audio-Technica Iberia\" \/>\n<meta property=\"og:description\" content=\"Monitor activo SAM de 2 v\u00edas, 8&quot;  La soluci\u00f3n de monitorizaci\u00f3n m\u00e1s avanzada para estudios de grabaci\u00f3n  Compatible GLM y AutoCal  Disponible color blanco y negro  Blindaje magn\u00e9tico\" \/>\n<meta property=\"og:url\" content=\"https:\/\/distribution.audio-technica.eu\/es-es\/productos\/8350a-sam\/\" \/>\n<meta property=\"og:site_name\" content=\"Audio-Technica Iberia\" \/>\n<meta property=\"article:modified_time\" content=\"2023-07-13T11:33:44+00:00\" \/>\n<meta property=\"og:image\" content=\"https:\/\/distribution.audio-technica.eu\/app\/uploads\/sites\/2\/Genelec-8350-1.jpg\" \/>\n\t<meta property=\"og:image:width\" content=\"1000\" \/>\n\t<meta property=\"og:image:height\" content=\"1000\" \/>\n\t<meta property=\"og:image:type\" content=\"image\/jpeg\" \/>\n<meta name=\"twitter:card\" content=\"summary_large_image\" \/>\n<meta name=\"twitter:label1\" content=\"Tiempo de lectura\" \/>\n\t<meta name=\"twitter:data1\" content=\"3 minutos\" \/>\n<script type=\"application\/ld+json\" class=\"yoast-schema-graph\">{\"@context\":\"https:\/\/schema.org\",\"@graph\":[{\"@type\":\"WebPage\",\"@id\":\"https:\/\/distribution.audio-technica.eu\/es-es\/productos\/8350a-sam\/\",\"url\":\"https:\/\/distribution.audio-technica.eu\/es-es\/productos\/8350a-sam\/\",\"name\":\"8350A - Audio-Technica Iberia\",\"isPartOf\":{\"@id\":\"https:\/\/distribution.audio-technica.eu\/es-es\/#website\"},\"primaryImageOfPage\":{\"@id\":\"https:\/\/distribution.audio-technica.eu\/es-es\/productos\/8350a-sam\/#primaryimage\"},\"image\":{\"@id\":\"https:\/\/distribution.audio-technica.eu\/es-es\/productos\/8350a-sam\/#primaryimage\"},\"thumbnailUrl\":\"\/app\/uploads\/sites\/2\/Genelec-8350-1.jpg\",\"datePublished\":\"2018-07-12T12:30:39+00:00\",\"dateModified\":\"2023-07-13T11:33:44+00:00\",\"breadcrumb\":{\"@id\":\"https:\/\/distribution.audio-technica.eu\/es-es\/productos\/8350a-sam\/#breadcrumb\"},\"inLanguage\":\"es\",\"potentialAction\":[{\"@type\":\"ReadAction\",\"target\":[\"https:\/\/distribution.audio-technica.eu\/es-es\/productos\/8350a-sam\/\"]}]},{\"@type\":\"ImageObject\",\"inLanguage\":\"es\",\"@id\":\"https:\/\/distribution.audio-technica.eu\/es-es\/productos\/8350a-sam\/#primaryimage\",\"url\":\"\/app\/uploads\/sites\/2\/Genelec-8350-1.jpg\",\"contentUrl\":\"\/app\/uploads\/sites\/2\/Genelec-8350-1.jpg\",\"width\":1000,\"height\":1000},{\"@type\":\"BreadcrumbList\",\"@id\":\"https:\/\/distribution.audio-technica.eu\/es-es\/productos\/8350a-sam\/#breadcrumb\",\"itemListElement\":[{\"@type\":\"ListItem\",\"position\":1,\"name\":\"Products\",\"item\":\"https:\/\/distribution.audio-technica.eu\/es-es\/\"},{\"@type\":\"ListItem\",\"position\":2,\"name\":\"Productos\",\"item\":\"https:\/\/distribution.audio-technica.eu\/es-es\/productos\/\"},{\"@type\":\"ListItem\",\"position\":3,\"name\":\"8350A\"}]},{\"@type\":\"WebSite\",\"@id\":\"https:\/\/distribution.audio-technica.eu\/es-es\/#website\",\"url\":\"https:\/\/distribution.audio-technica.eu\/es-es\/\",\"name\":\"Audio-Technica Iberia\",\"description\":\"Distribuci\u00f3n\",\"potentialAction\":[{\"@type\":\"SearchAction\",\"target\":{\"@type\":\"EntryPoint\",\"urlTemplate\":\"https:\/\/distribution.audio-technica.eu\/es-es\/?s={search_term_string}\"},\"query-input\":{\"@type\":\"PropertyValueSpecification\",\"valueRequired\":true,\"valueName\":\"search_term_string\"}}],\"inLanguage\":\"es\"}]}<\/script>\n<!-- \/ Yoast SEO plugin. -->","yoast_head_json":{"title":"8350A - Audio-Technica Iberia","robots":{"index":"index","follow":"follow","max-snippet":"max-snippet:-1","max-image-preview":"max-image-preview:large","max-video-preview":"max-video-preview:-1"},"canonical":"https:\/\/distribution.audio-technica.eu\/es-es\/productos\/8350a-sam\/","og_locale":"es_ES","og_type":"article","og_title":"8350A - Audio-Technica Iberia","og_description":"Monitor activo SAM de 2 v\u00edas, 8\"  La soluci\u00f3n de monitorizaci\u00f3n m\u00e1s avanzada para estudios de grabaci\u00f3n  Compatible GLM y AutoCal  Disponible color blanco y negro  Blindaje magn\u00e9tico","og_url":"https:\/\/distribution.audio-technica.eu\/es-es\/productos\/8350a-sam\/","og_site_name":"Audio-Technica Iberia","article_modified_time":"2023-07-13T11:33:44+00:00","og_image":[{"width":1000,"height":1000,"url":"https:\/\/distribution.audio-technica.eu\/app\/uploads\/sites\/2\/Genelec-8350-1.jpg","type":"image\/jpeg"}],"twitter_card":"summary_large_image","twitter_misc":{"Tiempo de lectura":"3 minutos"},"schema":{"@context":"https:\/\/schema.org","@graph":[{"@type":"WebPage","@id":"https:\/\/distribution.audio-technica.eu\/es-es\/productos\/8350a-sam\/","url":"https:\/\/distribution.audio-technica.eu\/es-es\/productos\/8350a-sam\/","name":"8350A - Audio-Technica Iberia","isPartOf":{"@id":"https:\/\/distribution.audio-technica.eu\/es-es\/#website"},"primaryImageOfPage":{"@id":"https:\/\/distribution.audio-technica.eu\/es-es\/productos\/8350a-sam\/#primaryimage"},"image":{"@id":"https:\/\/distribution.audio-technica.eu\/es-es\/productos\/8350a-sam\/#primaryimage"},"thumbnailUrl":"\/app\/uploads\/sites\/2\/Genelec-8350-1.jpg","datePublished":"2018-07-12T12:30:39+00:00","dateModified":"2023-07-13T11:33:44+00:00","breadcrumb":{"@id":"https:\/\/distribution.audio-technica.eu\/es-es\/productos\/8350a-sam\/#breadcrumb"},"inLanguage":"es","potentialAction":[{"@type":"ReadAction","target":["https:\/\/distribution.audio-technica.eu\/es-es\/productos\/8350a-sam\/"]}]},{"@type":"ImageObject","inLanguage":"es","@id":"https:\/\/distribution.audio-technica.eu\/es-es\/productos\/8350a-sam\/#primaryimage","url":"\/app\/uploads\/sites\/2\/Genelec-8350-1.jpg","contentUrl":"\/app\/uploads\/sites\/2\/Genelec-8350-1.jpg","width":1000,"height":1000},{"@type":"BreadcrumbList","@id":"https:\/\/distribution.audio-technica.eu\/es-es\/productos\/8350a-sam\/#breadcrumb","itemListElement":[{"@type":"ListItem","position":1,"name":"Products","item":"https:\/\/distribution.audio-technica.eu\/es-es\/"},{"@type":"ListItem","position":2,"name":"Productos","item":"https:\/\/distribution.audio-technica.eu\/es-es\/productos\/"},{"@type":"ListItem","position":3,"name":"8350A"}]},{"@type":"WebSite","@id":"https:\/\/distribution.audio-technica.eu\/es-es\/#website","url":"https:\/\/distribution.audio-technica.eu\/es-es\/","name":"Audio-Technica Iberia","description":"Distribuci\u00f3n","potentialAction":[{"@type":"SearchAction","target":{"@type":"EntryPoint","urlTemplate":"https:\/\/distribution.audio-technica.eu\/es-es\/?s={search_term_string}"},"query-input":{"@type":"PropertyValueSpecification","valueRequired":true,"valueName":"search_term_string"}}],"inLanguage":"es"}]}},"_links":{"self":[{"href":"https:\/\/distribution.audio-technica.eu\/es-es\/wp-json\/wp\/v2\/product\/14000","targetHints":{"allow":["GET"]}}],"collection":[{"href":"https:\/\/distribution.audio-technica.eu\/es-es\/wp-json\/wp\/v2\/product"}],"about":[{"href":"https:\/\/distribution.audio-technica.eu\/es-es\/wp-json\/wp\/v2\/types\/product"}],"wp:featuredmedia":[{"embeddable":true,"href":"https:\/\/distribution.audio-technica.eu\/es-es\/wp-json\/wp\/v2\/media\/11120"}],"wp:attachment":[{"href":"https:\/\/distribution.audio-technica.eu\/es-es\/wp-json\/wp\/v2\/media?parent=14000"}],"wp:term":[{"taxonomy":"product_brand","embeddable":true,"href":"https:\/\/distribution.audio-technica.eu\/es-es\/wp-json\/wp\/v2\/product_brand?post=14000"},{"taxonomy":"product_cat","embeddable":true,"href":"https:\/\/distribution.audio-technica.eu\/es-es\/wp-json\/wp\/v2\/product_cat?post=14000"},{"taxonomy":"product_tag","embeddable":true,"href":"https:\/\/distribution.audio-technica.eu\/es-es\/wp-json\/wp\/v2\/product_tag?post=14000"}],"curies":[{"name":"wp","href":"https:\/\/api.w.org\/{rel}","templated":true}]}}