{"id":14001,"date":"2018-07-12T14:30:39","date_gmt":"2018-07-12T12:30:39","guid":{"rendered":"https:\/\/atdb-production.studiograft.dev\/es\/product\/import-placeholder-for-1077\/"},"modified":"2023-07-13T13:34:31","modified_gmt":"2023-07-13T11:34:31","slug":"8351a-sam","status":"publish","type":"product","link":"https:\/\/distribution.audio-technica.eu\/es-es\/productos\/8351a-sam\/","title":{"rendered":"8351B"},"content":{"rendered":"<h2>8351B<\/h2>\n<h3>Monitor coaxial 3 v\u00edas triamplificado SAM, 8&#8243;<\/h3>\n<p>El nuevo monitor de estudio 8351B representa una aut\u00e9ntica revoluci\u00f3n en el dise\u00f1o de monitores de tres v\u00edas, ofreciendo un aspecto \u00fanico, un tama\u00f1o compacto y una calidad y rendimiento sin precedentes.<\/p>\n<p>Este nuevo monitor mejora sustancialmente el funcionamiento ejemplar de su ic\u00f3nico antecesor, el modelo \u00abA\u00bb, ofreciendo mayor SPL, EQ adicional para la compensaci\u00f3n de sala, retardo ecualizado y mejor respuesta HF.<\/p>\n<p>Ofreciendo la misma imagen extraordinaria y precisi\u00f3n sin coloraci\u00f3n de sus hermanos m\u00e1s peque\u00f1os 8331 y 8341, el 8351B ofrece el beneficio adicional de un SPL m\u00e1ximo m\u00e1s alto, para distancias de escucha m\u00e1s largas, adem\u00e1s de mayor extensi\u00f3n en las bajas frecuencias.<\/p>\n<p>Los monitores de fuente puntual de la familia The Ones, facilitan una toma de decisiones m\u00e1s r\u00e1pida y precisa, y permiten trabajar en sesiones mucho m\u00e1s largas, ya que se minimizan las im\u00e1genes no naturales, un factor determinante en la aparici\u00f3n de fatiga auditiva. La dispersi\u00f3n es controlada sobre una gama inusualmente amplia de frecuencias, gracias al gran gu\u00eda ondas integrado (DCW\u2122) con doble woofer oculto, y puede ser orientado de forma vertical u horizontal. En cualquier de ambas posiciones, su aspecto es llamativo.<\/p>\n<p>Como todos los monitores pertenecientes a la serie de monitorizaci\u00f3n activa inteligente de Genelec, el 8351B puede ser configurado, calibrado y controlado utilizando el potente software GLM, que permite adaptarlo a cualquier espacio ac\u00fastico y compensar cualquier influencia negativa introducida por la sala, y ayudando a producir mezclas fiables, desde est\u00e9reo a formatos inmersivos muy complejos.<\/p>\n<p>El 8351B incluye tecnolog\u00eda MDC (Minimum Diffraction Coaxial), DCW (Directivity Control Waveguide), ACW (Acoustically Concealed Woofers), ISS (Intelligent Signal Sensing), circuitos de protecci\u00f3n, amplificaci\u00f3n optimizada y es compatible con los soportes ISO-Pod.<\/p>\n<p>Las principales diferencias entre el nuevo 83451B y su antecesor, el 8351A, son:<\/p>\n<ul>\n<li>Retardo de grupo constante (medios &#8211; tweeter)<\/li>\n<li>Alta resoluci\u00f3n (43 KHz)<\/li>\n<li>Crossover woofer &#8211; medios m\u00e1s bajo (320 Hz \u00df 470 Hz)<\/li>\n<li>Crossover medios &#8211; tweeter m\u00e1s alto (2.8 kHz \u00df 2.6 kHz)<\/li>\n<li>SPL m\u00e1ximo mejorado: corto plazo +2 dB (113 dB SPL)<\/li>\n<li>Amplificador de potencia mejorado<\/li>\n<li>Linealidad del sistema mejorada<\/li>\n<li>THD por debajo 2% &lt; 100 Hz, 0.5% &gt; 100 Hz<\/li>\n<li>M\u00e1s ligero, &#8211; 4 kg (15 kg)<\/li>\n<li>M\u00e1s inteligente: 4 x m\u00e1s potencia en compensaci\u00f3n de la sala<\/li>\n<li>M\u00e1s sostenible: Menor consumo alimentaci\u00f3n ISS<\/li>\n<li>Compatible con los mismos accesorios de su antecesor<\/li>\n<\/ul>\n","protected":false},"excerpt":{"rendered":"<h3>Monitor coaxial 3 v\u00edas triamplificado SAM, 8&#8243;<\/h3>\n<ul class=\"summary\">\n<li>Evoluci\u00f3n del 8351A<\/li>\n<li>Revolucionaria tecnolog\u00eda Acoustically Concealed Woofers (ACW)<\/li>\n<li>Compatible GLM y AutoCal<\/li>\n<li>Disponible color gris, blanco y negro<\/li>\n<li>Blindaje magn\u00e9tico<\/li>\n<\/ul>\n","protected":false},"featured_media":18841,"template":"","meta":{"_acf_changed":false},"product_brand":[],"product_cat":[1394,1395,1404],"product_tag":[],"class_list":{"0":"post-14001","1":"product","2":"type-product","3":"status-publish","4":"has-post-thumbnail","6":"product_cat-monitores-de-estudio","7":"product_cat-por-series-genelec","8":"product_cat-serie-the-ones","9":"product_series-serie-the-ones","11":"first","12":"instock","13":"shipping-taxable","14":"product-type-simple"},"acf":[],"yoast_head":"<!-- This site is optimized with the Yoast SEO plugin v27.1.1 - https:\/\/yoast.com\/product\/yoast-seo-wordpress\/ -->\n<title>8351B - Audio-Technica Iberia<\/title>\n<meta name=\"robots\" content=\"index, follow, max-snippet:-1, max-image-preview:large, max-video-preview:-1\" \/>\n<link rel=\"canonical\" href=\"https:\/\/distribution.audio-technica.eu\/es-es\/productos\/8351a-sam\/\" \/>\n<meta property=\"og:locale\" content=\"es_ES\" \/>\n<meta property=\"og:type\" content=\"article\" \/>\n<meta property=\"og:title\" content=\"8351B - Audio-Technica Iberia\" \/>\n<meta property=\"og:description\" content=\"Monitor coaxial 3 v\u00edas triamplificado SAM, 8&quot;  Evoluci\u00f3n del 8351A  Revolucionaria tecnolog\u00eda Acoustically Concealed Woofers (ACW)  Compatible GLM y AutoCal  Disponible color gris, blanco y negro  Blindaje magn\u00e9tico\" \/>\n<meta property=\"og:url\" content=\"https:\/\/distribution.audio-technica.eu\/es-es\/productos\/8351a-sam\/\" \/>\n<meta property=\"og:site_name\" content=\"Audio-Technica Iberia\" \/>\n<meta property=\"article:modified_time\" content=\"2023-07-13T11:34:31+00:00\" \/>\n<meta property=\"og:image\" content=\"https:\/\/distribution.audio-technica.eu\/app\/uploads\/sites\/2\/Genelec-8351BP-k02.jpg\" \/>\n\t<meta property=\"og:image:width\" content=\"1000\" \/>\n\t<meta property=\"og:image:height\" content=\"1000\" \/>\n\t<meta property=\"og:image:type\" content=\"image\/jpeg\" \/>\n<meta name=\"twitter:card\" content=\"summary_large_image\" \/>\n<meta name=\"twitter:label1\" content=\"Tiempo de lectura\" \/>\n\t<meta name=\"twitter:data1\" content=\"2 minutos\" \/>\n<script type=\"application\/ld+json\" class=\"yoast-schema-graph\">{\"@context\":\"https:\/\/schema.org\",\"@graph\":[{\"@type\":\"WebPage\",\"@id\":\"https:\/\/distribution.audio-technica.eu\/es-es\/productos\/8351a-sam\/\",\"url\":\"https:\/\/distribution.audio-technica.eu\/es-es\/productos\/8351a-sam\/\",\"name\":\"8351B - Audio-Technica Iberia\",\"isPartOf\":{\"@id\":\"https:\/\/distribution.audio-technica.eu\/es-es\/#website\"},\"primaryImageOfPage\":{\"@id\":\"https:\/\/distribution.audio-technica.eu\/es-es\/productos\/8351a-sam\/#primaryimage\"},\"image\":{\"@id\":\"https:\/\/distribution.audio-technica.eu\/es-es\/productos\/8351a-sam\/#primaryimage\"},\"thumbnailUrl\":\"\/app\/uploads\/sites\/2\/Genelec-8351BP-k02.jpg\",\"datePublished\":\"2018-07-12T12:30:39+00:00\",\"dateModified\":\"2023-07-13T11:34:31+00:00\",\"breadcrumb\":{\"@id\":\"https:\/\/distribution.audio-technica.eu\/es-es\/productos\/8351a-sam\/#breadcrumb\"},\"inLanguage\":\"es\",\"potentialAction\":[{\"@type\":\"ReadAction\",\"target\":[\"https:\/\/distribution.audio-technica.eu\/es-es\/productos\/8351a-sam\/\"]}]},{\"@type\":\"ImageObject\",\"inLanguage\":\"es\",\"@id\":\"https:\/\/distribution.audio-technica.eu\/es-es\/productos\/8351a-sam\/#primaryimage\",\"url\":\"\/app\/uploads\/sites\/2\/Genelec-8351BP-k02.jpg\",\"contentUrl\":\"\/app\/uploads\/sites\/2\/Genelec-8351BP-k02.jpg\",\"width\":1000,\"height\":1000},{\"@type\":\"BreadcrumbList\",\"@id\":\"https:\/\/distribution.audio-technica.eu\/es-es\/productos\/8351a-sam\/#breadcrumb\",\"itemListElement\":[{\"@type\":\"ListItem\",\"position\":1,\"name\":\"Products\",\"item\":\"https:\/\/distribution.audio-technica.eu\/es-es\/\"},{\"@type\":\"ListItem\",\"position\":2,\"name\":\"Productos\",\"item\":\"https:\/\/distribution.audio-technica.eu\/es-es\/productos\/\"},{\"@type\":\"ListItem\",\"position\":3,\"name\":\"8351B\"}]},{\"@type\":\"WebSite\",\"@id\":\"https:\/\/distribution.audio-technica.eu\/es-es\/#website\",\"url\":\"https:\/\/distribution.audio-technica.eu\/es-es\/\",\"name\":\"Audio-Technica Iberia\",\"description\":\"Distribuci\u00f3n\",\"potentialAction\":[{\"@type\":\"SearchAction\",\"target\":{\"@type\":\"EntryPoint\",\"urlTemplate\":\"https:\/\/distribution.audio-technica.eu\/es-es\/?s={search_term_string}\"},\"query-input\":{\"@type\":\"PropertyValueSpecification\",\"valueRequired\":true,\"valueName\":\"search_term_string\"}}],\"inLanguage\":\"es\"}]}<\/script>\n<!-- \/ Yoast SEO plugin. -->","yoast_head_json":{"title":"8351B - Audio-Technica Iberia","robots":{"index":"index","follow":"follow","max-snippet":"max-snippet:-1","max-image-preview":"max-image-preview:large","max-video-preview":"max-video-preview:-1"},"canonical":"https:\/\/distribution.audio-technica.eu\/es-es\/productos\/8351a-sam\/","og_locale":"es_ES","og_type":"article","og_title":"8351B - Audio-Technica Iberia","og_description":"Monitor coaxial 3 v\u00edas triamplificado SAM, 8\"  Evoluci\u00f3n del 8351A  Revolucionaria tecnolog\u00eda Acoustically Concealed Woofers (ACW)  Compatible GLM y AutoCal  Disponible color gris, blanco y negro  Blindaje magn\u00e9tico","og_url":"https:\/\/distribution.audio-technica.eu\/es-es\/productos\/8351a-sam\/","og_site_name":"Audio-Technica Iberia","article_modified_time":"2023-07-13T11:34:31+00:00","og_image":[{"width":1000,"height":1000,"url":"https:\/\/distribution.audio-technica.eu\/app\/uploads\/sites\/2\/Genelec-8351BP-k02.jpg","type":"image\/jpeg"}],"twitter_card":"summary_large_image","twitter_misc":{"Tiempo de lectura":"2 minutos"},"schema":{"@context":"https:\/\/schema.org","@graph":[{"@type":"WebPage","@id":"https:\/\/distribution.audio-technica.eu\/es-es\/productos\/8351a-sam\/","url":"https:\/\/distribution.audio-technica.eu\/es-es\/productos\/8351a-sam\/","name":"8351B - Audio-Technica Iberia","isPartOf":{"@id":"https:\/\/distribution.audio-technica.eu\/es-es\/#website"},"primaryImageOfPage":{"@id":"https:\/\/distribution.audio-technica.eu\/es-es\/productos\/8351a-sam\/#primaryimage"},"image":{"@id":"https:\/\/distribution.audio-technica.eu\/es-es\/productos\/8351a-sam\/#primaryimage"},"thumbnailUrl":"\/app\/uploads\/sites\/2\/Genelec-8351BP-k02.jpg","datePublished":"2018-07-12T12:30:39+00:00","dateModified":"2023-07-13T11:34:31+00:00","breadcrumb":{"@id":"https:\/\/distribution.audio-technica.eu\/es-es\/productos\/8351a-sam\/#breadcrumb"},"inLanguage":"es","potentialAction":[{"@type":"ReadAction","target":["https:\/\/distribution.audio-technica.eu\/es-es\/productos\/8351a-sam\/"]}]},{"@type":"ImageObject","inLanguage":"es","@id":"https:\/\/distribution.audio-technica.eu\/es-es\/productos\/8351a-sam\/#primaryimage","url":"\/app\/uploads\/sites\/2\/Genelec-8351BP-k02.jpg","contentUrl":"\/app\/uploads\/sites\/2\/Genelec-8351BP-k02.jpg","width":1000,"height":1000},{"@type":"BreadcrumbList","@id":"https:\/\/distribution.audio-technica.eu\/es-es\/productos\/8351a-sam\/#breadcrumb","itemListElement":[{"@type":"ListItem","position":1,"name":"Products","item":"https:\/\/distribution.audio-technica.eu\/es-es\/"},{"@type":"ListItem","position":2,"name":"Productos","item":"https:\/\/distribution.audio-technica.eu\/es-es\/productos\/"},{"@type":"ListItem","position":3,"name":"8351B"}]},{"@type":"WebSite","@id":"https:\/\/distribution.audio-technica.eu\/es-es\/#website","url":"https:\/\/distribution.audio-technica.eu\/es-es\/","name":"Audio-Technica Iberia","description":"Distribuci\u00f3n","potentialAction":[{"@type":"SearchAction","target":{"@type":"EntryPoint","urlTemplate":"https:\/\/distribution.audio-technica.eu\/es-es\/?s={search_term_string}"},"query-input":{"@type":"PropertyValueSpecification","valueRequired":true,"valueName":"search_term_string"}}],"inLanguage":"es"}]}},"_links":{"self":[{"href":"https:\/\/distribution.audio-technica.eu\/es-es\/wp-json\/wp\/v2\/product\/14001","targetHints":{"allow":["GET"]}}],"collection":[{"href":"https:\/\/distribution.audio-technica.eu\/es-es\/wp-json\/wp\/v2\/product"}],"about":[{"href":"https:\/\/distribution.audio-technica.eu\/es-es\/wp-json\/wp\/v2\/types\/product"}],"wp:featuredmedia":[{"embeddable":true,"href":"https:\/\/distribution.audio-technica.eu\/es-es\/wp-json\/wp\/v2\/media\/18841"}],"wp:attachment":[{"href":"https:\/\/distribution.audio-technica.eu\/es-es\/wp-json\/wp\/v2\/media?parent=14001"}],"wp:term":[{"taxonomy":"product_brand","embeddable":true,"href":"https:\/\/distribution.audio-technica.eu\/es-es\/wp-json\/wp\/v2\/product_brand?post=14001"},{"taxonomy":"product_cat","embeddable":true,"href":"https:\/\/distribution.audio-technica.eu\/es-es\/wp-json\/wp\/v2\/product_cat?post=14001"},{"taxonomy":"product_tag","embeddable":true,"href":"https:\/\/distribution.audio-technica.eu\/es-es\/wp-json\/wp\/v2\/product_tag?post=14001"}],"curies":[{"name":"wp","href":"https:\/\/api.w.org\/{rel}","templated":true}]}}