{"id":14003,"date":"2018-07-12T14:30:39","date_gmt":"2018-07-12T12:30:39","guid":{"rendered":"https:\/\/atdb-production.studiograft.dev\/es\/product\/import-placeholder-for-1080\/"},"modified":"2023-07-12T04:29:14","modified_gmt":"2023-07-12T02:29:14","slug":"9000a","status":"publish","type":"product","link":"https:\/\/distribution.audio-technica.eu\/es-es\/productos\/9000a\/","title":{"rendered":"9000A"},"content":{"rendered":"<h2>9000A<\/h2>\n<h3>Control de volumen est\u00e9reo<\/h3>\n<p>El Control de Volumen Est\u00e9reo 9000A proporciona un eficaz control de volumen para todos los monitores de Genelec. La entrada y salida del control de volumen dispone de conectores est\u00e9reo macho y hembra de 3.5 mm que proporcionan una conectividad inmediata con la mayor\u00eda de ordenadores y laptops, reproductores MP3 y consolas de juegos. Est\u00e1 disponible en tres colores: negro, mystic black, y blanco.<br \/>\nPara equipos de audio que dispongan de salidas a trav\u00e9s de conectores RCA, es necesario utilizar un cable conversor de 2 x RCA a 3,5 mm est\u00e9reo (hembra).<br \/>\nPara utilizar el Control de Volumen Est\u00e9reo 9000A con monitores Genelec que dispongan de entrada XLR, es necesario utilizar un cable conversor de 3.5 mm est\u00e9reo (macho) a 2 x XLR (macho). Estos cables pueden adquirirse a trav\u00e9s de un distribuidor autorizado de Genelec.<br \/>\nEl cable de conexi\u00f3n de la unidad 9000A es de tipo Y. A una distancia de 1 metro del bot\u00f3n de control el cable \u00fanico se divide en dos cables de 1 metro, uno para la entrada de audio, y otro para la salida de audio.<\/p>\n<\/div>\n<\/div>\n","protected":false},"excerpt":{"rendered":"<h3>Control de volumen est\u00e9reo<\/h3>\n<ul class='summary'>\n<li>Un eficaz control del volumen para todos los monitores Genelec<\/li>\n<li>Cableado en Y de 2 metros<\/li>\n<li>Disponible color blanco, negro y negro \u00abMystic\u00bb<\/li>\n<\/ul>\n","protected":false},"featured_media":11137,"template":"","meta":{"_acf_changed":false},"product_brand":[],"product_cat":[1405,1395,1400],"product_tag":[],"class_list":{"0":"post-14003","1":"product","2":"type-product","3":"status-publish","4":"has-post-thumbnail","6":"product_cat-accesorios-genelec","7":"product_cat-por-series-genelec","8":"product_cat-accesorios-por-series-genelec","10":"first","11":"instock","12":"shipping-taxable","13":"product-type-simple"},"acf":[],"yoast_head":"<!-- This site is optimized with the Yoast SEO plugin v27.1.1 - https:\/\/yoast.com\/product\/yoast-seo-wordpress\/ -->\n<title>9000A - Audio-Technica Iberia<\/title>\n<meta name=\"robots\" content=\"index, follow, max-snippet:-1, max-image-preview:large, max-video-preview:-1\" \/>\n<link rel=\"canonical\" href=\"https:\/\/distribution.audio-technica.eu\/es-es\/productos\/9000a\/\" \/>\n<meta property=\"og:locale\" content=\"es_ES\" \/>\n<meta property=\"og:type\" content=\"article\" \/>\n<meta property=\"og:title\" content=\"9000A - Audio-Technica Iberia\" \/>\n<meta property=\"og:description\" content=\"Control de volumen est\u00e9reoUn eficaz control del volumen para todos los monitores GenelecCableado en Y de 2 metrosDisponible color blanco, negro y negro &quot;Mystic&quot;\" \/>\n<meta property=\"og:url\" content=\"https:\/\/distribution.audio-technica.eu\/es-es\/productos\/9000a\/\" \/>\n<meta property=\"og:site_name\" content=\"Audio-Technica Iberia\" \/>\n<meta property=\"article:modified_time\" content=\"2023-07-12T02:29:14+00:00\" \/>\n<meta property=\"og:image\" content=\"https:\/\/distribution.audio-technica.eu\/app\/uploads\/sites\/2\/Genelec-9000A-1.jpg\" \/>\n\t<meta property=\"og:image:width\" content=\"1000\" \/>\n\t<meta property=\"og:image:height\" content=\"1000\" \/>\n\t<meta property=\"og:image:type\" content=\"image\/jpeg\" \/>\n<meta name=\"twitter:card\" content=\"summary_large_image\" \/>\n<meta name=\"twitter:label1\" content=\"Tiempo de lectura\" \/>\n\t<meta name=\"twitter:data1\" content=\"1 minuto\" \/>\n<script type=\"application\/ld+json\" class=\"yoast-schema-graph\">{\"@context\":\"https:\/\/schema.org\",\"@graph\":[{\"@type\":\"WebPage\",\"@id\":\"https:\/\/distribution.audio-technica.eu\/es-es\/productos\/9000a\/\",\"url\":\"https:\/\/distribution.audio-technica.eu\/es-es\/productos\/9000a\/\",\"name\":\"9000A - Audio-Technica Iberia\",\"isPartOf\":{\"@id\":\"https:\/\/distribution.audio-technica.eu\/es-es\/#website\"},\"primaryImageOfPage\":{\"@id\":\"https:\/\/distribution.audio-technica.eu\/es-es\/productos\/9000a\/#primaryimage\"},\"image\":{\"@id\":\"https:\/\/distribution.audio-technica.eu\/es-es\/productos\/9000a\/#primaryimage\"},\"thumbnailUrl\":\"\/app\/uploads\/sites\/2\/Genelec-9000A-1.jpg\",\"datePublished\":\"2018-07-12T12:30:39+00:00\",\"dateModified\":\"2023-07-12T02:29:14+00:00\",\"breadcrumb\":{\"@id\":\"https:\/\/distribution.audio-technica.eu\/es-es\/productos\/9000a\/#breadcrumb\"},\"inLanguage\":\"es\",\"potentialAction\":[{\"@type\":\"ReadAction\",\"target\":[\"https:\/\/distribution.audio-technica.eu\/es-es\/productos\/9000a\/\"]}]},{\"@type\":\"ImageObject\",\"inLanguage\":\"es\",\"@id\":\"https:\/\/distribution.audio-technica.eu\/es-es\/productos\/9000a\/#primaryimage\",\"url\":\"\/app\/uploads\/sites\/2\/Genelec-9000A-1.jpg\",\"contentUrl\":\"\/app\/uploads\/sites\/2\/Genelec-9000A-1.jpg\",\"width\":1000,\"height\":1000},{\"@type\":\"BreadcrumbList\",\"@id\":\"https:\/\/distribution.audio-technica.eu\/es-es\/productos\/9000a\/#breadcrumb\",\"itemListElement\":[{\"@type\":\"ListItem\",\"position\":1,\"name\":\"Products\",\"item\":\"https:\/\/distribution.audio-technica.eu\/es-es\/\"},{\"@type\":\"ListItem\",\"position\":2,\"name\":\"Productos\",\"item\":\"https:\/\/distribution.audio-technica.eu\/es-es\/productos\/\"},{\"@type\":\"ListItem\",\"position\":3,\"name\":\"9000A\"}]},{\"@type\":\"WebSite\",\"@id\":\"https:\/\/distribution.audio-technica.eu\/es-es\/#website\",\"url\":\"https:\/\/distribution.audio-technica.eu\/es-es\/\",\"name\":\"Audio-Technica Iberia\",\"description\":\"Distribuci\u00f3n\",\"potentialAction\":[{\"@type\":\"SearchAction\",\"target\":{\"@type\":\"EntryPoint\",\"urlTemplate\":\"https:\/\/distribution.audio-technica.eu\/es-es\/?s={search_term_string}\"},\"query-input\":{\"@type\":\"PropertyValueSpecification\",\"valueRequired\":true,\"valueName\":\"search_term_string\"}}],\"inLanguage\":\"es\"}]}<\/script>\n<!-- \/ Yoast SEO plugin. -->","yoast_head_json":{"title":"9000A - Audio-Technica Iberia","robots":{"index":"index","follow":"follow","max-snippet":"max-snippet:-1","max-image-preview":"max-image-preview:large","max-video-preview":"max-video-preview:-1"},"canonical":"https:\/\/distribution.audio-technica.eu\/es-es\/productos\/9000a\/","og_locale":"es_ES","og_type":"article","og_title":"9000A - Audio-Technica Iberia","og_description":"Control de volumen est\u00e9reoUn eficaz control del volumen para todos los monitores GenelecCableado en Y de 2 metrosDisponible color blanco, negro y negro \"Mystic\"","og_url":"https:\/\/distribution.audio-technica.eu\/es-es\/productos\/9000a\/","og_site_name":"Audio-Technica Iberia","article_modified_time":"2023-07-12T02:29:14+00:00","og_image":[{"width":1000,"height":1000,"url":"https:\/\/distribution.audio-technica.eu\/app\/uploads\/sites\/2\/Genelec-9000A-1.jpg","type":"image\/jpeg"}],"twitter_card":"summary_large_image","twitter_misc":{"Tiempo de lectura":"1 minuto"},"schema":{"@context":"https:\/\/schema.org","@graph":[{"@type":"WebPage","@id":"https:\/\/distribution.audio-technica.eu\/es-es\/productos\/9000a\/","url":"https:\/\/distribution.audio-technica.eu\/es-es\/productos\/9000a\/","name":"9000A - Audio-Technica Iberia","isPartOf":{"@id":"https:\/\/distribution.audio-technica.eu\/es-es\/#website"},"primaryImageOfPage":{"@id":"https:\/\/distribution.audio-technica.eu\/es-es\/productos\/9000a\/#primaryimage"},"image":{"@id":"https:\/\/distribution.audio-technica.eu\/es-es\/productos\/9000a\/#primaryimage"},"thumbnailUrl":"\/app\/uploads\/sites\/2\/Genelec-9000A-1.jpg","datePublished":"2018-07-12T12:30:39+00:00","dateModified":"2023-07-12T02:29:14+00:00","breadcrumb":{"@id":"https:\/\/distribution.audio-technica.eu\/es-es\/productos\/9000a\/#breadcrumb"},"inLanguage":"es","potentialAction":[{"@type":"ReadAction","target":["https:\/\/distribution.audio-technica.eu\/es-es\/productos\/9000a\/"]}]},{"@type":"ImageObject","inLanguage":"es","@id":"https:\/\/distribution.audio-technica.eu\/es-es\/productos\/9000a\/#primaryimage","url":"\/app\/uploads\/sites\/2\/Genelec-9000A-1.jpg","contentUrl":"\/app\/uploads\/sites\/2\/Genelec-9000A-1.jpg","width":1000,"height":1000},{"@type":"BreadcrumbList","@id":"https:\/\/distribution.audio-technica.eu\/es-es\/productos\/9000a\/#breadcrumb","itemListElement":[{"@type":"ListItem","position":1,"name":"Products","item":"https:\/\/distribution.audio-technica.eu\/es-es\/"},{"@type":"ListItem","position":2,"name":"Productos","item":"https:\/\/distribution.audio-technica.eu\/es-es\/productos\/"},{"@type":"ListItem","position":3,"name":"9000A"}]},{"@type":"WebSite","@id":"https:\/\/distribution.audio-technica.eu\/es-es\/#website","url":"https:\/\/distribution.audio-technica.eu\/es-es\/","name":"Audio-Technica Iberia","description":"Distribuci\u00f3n","potentialAction":[{"@type":"SearchAction","target":{"@type":"EntryPoint","urlTemplate":"https:\/\/distribution.audio-technica.eu\/es-es\/?s={search_term_string}"},"query-input":{"@type":"PropertyValueSpecification","valueRequired":true,"valueName":"search_term_string"}}],"inLanguage":"es"}]}},"_links":{"self":[{"href":"https:\/\/distribution.audio-technica.eu\/es-es\/wp-json\/wp\/v2\/product\/14003","targetHints":{"allow":["GET"]}}],"collection":[{"href":"https:\/\/distribution.audio-technica.eu\/es-es\/wp-json\/wp\/v2\/product"}],"about":[{"href":"https:\/\/distribution.audio-technica.eu\/es-es\/wp-json\/wp\/v2\/types\/product"}],"wp:featuredmedia":[{"embeddable":true,"href":"https:\/\/distribution.audio-technica.eu\/es-es\/wp-json\/wp\/v2\/media\/11137"}],"wp:attachment":[{"href":"https:\/\/distribution.audio-technica.eu\/es-es\/wp-json\/wp\/v2\/media?parent=14003"}],"wp:term":[{"taxonomy":"product_brand","embeddable":true,"href":"https:\/\/distribution.audio-technica.eu\/es-es\/wp-json\/wp\/v2\/product_brand?post=14003"},{"taxonomy":"product_cat","embeddable":true,"href":"https:\/\/distribution.audio-technica.eu\/es-es\/wp-json\/wp\/v2\/product_cat?post=14003"},{"taxonomy":"product_tag","embeddable":true,"href":"https:\/\/distribution.audio-technica.eu\/es-es\/wp-json\/wp\/v2\/product_tag?post=14003"}],"curies":[{"name":"wp","href":"https:\/\/api.w.org\/{rel}","templated":true}]}}