{"id":14004,"date":"2018-07-12T16:30:39","date_gmt":"2018-07-12T14:30:39","guid":{"rendered":"https:\/\/atdb-production.studiograft.dev\/es\/product\/import-placeholder-for-1081\/"},"modified":"2023-07-12T04:29:14","modified_gmt":"2023-07-12T02:29:14","slug":"9301b","status":"publish","type":"product","link":"https:\/\/distribution.audio-technica.eu\/es-es\/productos\/9301b\/","title":{"rendered":"9301B"},"content":{"rendered":"<h2>9301B<\/h2>\n<h3>Interfaz multicanal AES\/EBU<\/h3>\n<p>La interfaz multicanal 9301B es una pr\u00e1ctica expansi\u00f3n de E\/S digital que ofrece una forma sencilla y robusta de conectar e integrar los subwoofers activos inteligentes de la serie 7300 como parte de cualquier sistema de audio inmersivo de Genelec.<\/p>\n<p>La 9301B proporciona conectividad de audio digital multicanal fluidas a la \u00fanica entrada\/salida digital AES\/EBU XLR del subwoofer. Al instalar esta interfaz en la ruta de la se\u00f1al, obtendr\u00e1 16 canales digitales para usar con formatos populares como 9.1.6. Tambi\u00e9n puede aumentar la conectividad hasta 32 canales con la adici\u00f3n de una segunda unidad 9301B y un subwoofer 73xx, lo que permite la compatibilidad con configuraciones a\u00fan mayores, como 22.2.<\/p>\n<ul>\n<li>16 canales de entradas y salidas digitales, incluida una salida XLR para subwoofer<\/li>\n<li>Formato de audio digital: AES\/EBU (AES3)<\/li>\n<li>Longitud de palabra: 16&#8230;24 bits<\/li>\n<li>Frecuencia de muestreo: 32&#8230;192 kHz<\/li>\n<li>Entradas: 2 x DB25 (Tascam AES59-2012)<\/li>\n<li>Salidas: 1 x DB25 (Tascam AES59-2012) y 1 x XLR salida subwoofer<\/li>\n<li>Las entradas cuentan con conversi\u00f3n de frecuencia<\/li>\n<\/ul>\n<p>&nbsp;<\/p>\n","protected":false},"excerpt":{"rendered":"<h3>Interface multicanal AES\/EBU<\/h3>\n<ul class=\"summary\">\n<li>Permite la conectividad de audio digital multicanal para subwoofers 73xx a trav\u00e9s de AES\/EBU XLR.<\/li>\n<li>Facilita la conexi\u00f3n de subwoofers en sistemas de hasta 9.1.6 (16 canales), utilizando una \u00fanica interfaz 9301B y un subwoofer 73xx.<\/li>\n<li>Aumenta la compatibilidad hasta 32 canales mediante la adici\u00f3n de una segunda interfaz 9301B y subwoofer 73xx.<\/li>\n<li>Funciona a la perfecci\u00f3n con GLM<\/li>\n<\/ul>\n<p>&nbsp;<\/p>\n","protected":false},"featured_media":28168,"template":"","meta":{"_acf_changed":false},"product_brand":[],"product_cat":[1405,1400],"product_tag":[],"class_list":{"0":"post-14004","1":"product","2":"type-product","3":"status-publish","4":"has-post-thumbnail","6":"product_cat-accesorios-genelec","7":"product_cat-accesorios-por-series-genelec","9":"first","10":"instock","11":"shipping-taxable","12":"product-type-simple"},"acf":[],"yoast_head":"<!-- This site is optimized with the Yoast SEO plugin v27.1.1 - https:\/\/yoast.com\/product\/yoast-seo-wordpress\/ -->\n<title>9301B - Audio-Technica Iberia<\/title>\n<meta name=\"robots\" content=\"index, follow, max-snippet:-1, max-image-preview:large, max-video-preview:-1\" \/>\n<link rel=\"canonical\" href=\"https:\/\/distribution.audio-technica.eu\/es-es\/productos\/9301b\/\" \/>\n<meta property=\"og:locale\" content=\"es_ES\" \/>\n<meta property=\"og:type\" content=\"article\" \/>\n<meta property=\"og:title\" content=\"9301B - Audio-Technica Iberia\" \/>\n<meta property=\"og:description\" content=\"Interface multicanal AES\/EBU   Permite la conectividad de audio digital multicanal para subwoofers 73xx a trav\u00e9s de AES\/EBU XLR.  Facilita la conexi\u00f3n de subwoofers en sistemas de hasta 9.1.6 (16 canales), utilizando una \u00fanica interfaz 9301B y un subwoofer 73xx.  Aumenta la compatibilidad hasta 32 canales mediante la adici\u00f3n de una segunda interfaz 9301B y subwoofer 73xx.  Funciona a la perfecci\u00f3n con GLM  &nbsp;\" \/>\n<meta property=\"og:url\" content=\"https:\/\/distribution.audio-technica.eu\/es-es\/productos\/9301b\/\" \/>\n<meta property=\"og:site_name\" content=\"Audio-Technica Iberia\" \/>\n<meta property=\"article:modified_time\" content=\"2023-07-12T02:29:14+00:00\" \/>\n<meta property=\"og:image\" content=\"https:\/\/distribution.audio-technica.eu\/app\/uploads\/sites\/2\/Genelec-9301B_front_top.jpg\" \/>\n\t<meta property=\"og:image:width\" content=\"2000\" \/>\n\t<meta property=\"og:image:height\" content=\"2000\" \/>\n\t<meta property=\"og:image:type\" content=\"image\/jpeg\" \/>\n<meta name=\"twitter:card\" content=\"summary_large_image\" \/>\n<meta name=\"twitter:label1\" content=\"Tiempo de lectura\" \/>\n\t<meta name=\"twitter:data1\" content=\"1 minuto\" \/>\n<script type=\"application\/ld+json\" class=\"yoast-schema-graph\">{\"@context\":\"https:\/\/schema.org\",\"@graph\":[{\"@type\":\"WebPage\",\"@id\":\"https:\/\/distribution.audio-technica.eu\/es-es\/productos\/9301b\/\",\"url\":\"https:\/\/distribution.audio-technica.eu\/es-es\/productos\/9301b\/\",\"name\":\"9301B - Audio-Technica Iberia\",\"isPartOf\":{\"@id\":\"https:\/\/distribution.audio-technica.eu\/es-es\/#website\"},\"primaryImageOfPage\":{\"@id\":\"https:\/\/distribution.audio-technica.eu\/es-es\/productos\/9301b\/#primaryimage\"},\"image\":{\"@id\":\"https:\/\/distribution.audio-technica.eu\/es-es\/productos\/9301b\/#primaryimage\"},\"thumbnailUrl\":\"\/app\/uploads\/sites\/2\/Genelec-9301B_front_top.jpg\",\"datePublished\":\"2018-07-12T14:30:39+00:00\",\"dateModified\":\"2023-07-12T02:29:14+00:00\",\"breadcrumb\":{\"@id\":\"https:\/\/distribution.audio-technica.eu\/es-es\/productos\/9301b\/#breadcrumb\"},\"inLanguage\":\"es\",\"potentialAction\":[{\"@type\":\"ReadAction\",\"target\":[\"https:\/\/distribution.audio-technica.eu\/es-es\/productos\/9301b\/\"]}]},{\"@type\":\"ImageObject\",\"inLanguage\":\"es\",\"@id\":\"https:\/\/distribution.audio-technica.eu\/es-es\/productos\/9301b\/#primaryimage\",\"url\":\"\/app\/uploads\/sites\/2\/Genelec-9301B_front_top.jpg\",\"contentUrl\":\"\/app\/uploads\/sites\/2\/Genelec-9301B_front_top.jpg\",\"width\":2000,\"height\":2000},{\"@type\":\"BreadcrumbList\",\"@id\":\"https:\/\/distribution.audio-technica.eu\/es-es\/productos\/9301b\/#breadcrumb\",\"itemListElement\":[{\"@type\":\"ListItem\",\"position\":1,\"name\":\"Products\",\"item\":\"https:\/\/distribution.audio-technica.eu\/es-es\/\"},{\"@type\":\"ListItem\",\"position\":2,\"name\":\"Productos\",\"item\":\"https:\/\/distribution.audio-technica.eu\/es-es\/productos\/\"},{\"@type\":\"ListItem\",\"position\":3,\"name\":\"9301B\"}]},{\"@type\":\"WebSite\",\"@id\":\"https:\/\/distribution.audio-technica.eu\/es-es\/#website\",\"url\":\"https:\/\/distribution.audio-technica.eu\/es-es\/\",\"name\":\"Audio-Technica Iberia\",\"description\":\"Distribuci\u00f3n\",\"potentialAction\":[{\"@type\":\"SearchAction\",\"target\":{\"@type\":\"EntryPoint\",\"urlTemplate\":\"https:\/\/distribution.audio-technica.eu\/es-es\/?s={search_term_string}\"},\"query-input\":{\"@type\":\"PropertyValueSpecification\",\"valueRequired\":true,\"valueName\":\"search_term_string\"}}],\"inLanguage\":\"es\"}]}<\/script>\n<!-- \/ Yoast SEO plugin. -->","yoast_head_json":{"title":"9301B - Audio-Technica Iberia","robots":{"index":"index","follow":"follow","max-snippet":"max-snippet:-1","max-image-preview":"max-image-preview:large","max-video-preview":"max-video-preview:-1"},"canonical":"https:\/\/distribution.audio-technica.eu\/es-es\/productos\/9301b\/","og_locale":"es_ES","og_type":"article","og_title":"9301B - Audio-Technica Iberia","og_description":"Interface multicanal AES\/EBU   Permite la conectividad de audio digital multicanal para subwoofers 73xx a trav\u00e9s de AES\/EBU XLR.  Facilita la conexi\u00f3n de subwoofers en sistemas de hasta 9.1.6 (16 canales), utilizando una \u00fanica interfaz 9301B y un subwoofer 73xx.  Aumenta la compatibilidad hasta 32 canales mediante la adici\u00f3n de una segunda interfaz 9301B y subwoofer 73xx.  Funciona a la perfecci\u00f3n con GLM  &nbsp;","og_url":"https:\/\/distribution.audio-technica.eu\/es-es\/productos\/9301b\/","og_site_name":"Audio-Technica Iberia","article_modified_time":"2023-07-12T02:29:14+00:00","og_image":[{"width":2000,"height":2000,"url":"https:\/\/distribution.audio-technica.eu\/app\/uploads\/sites\/2\/Genelec-9301B_front_top.jpg","type":"image\/jpeg"}],"twitter_card":"summary_large_image","twitter_misc":{"Tiempo de lectura":"1 minuto"},"schema":{"@context":"https:\/\/schema.org","@graph":[{"@type":"WebPage","@id":"https:\/\/distribution.audio-technica.eu\/es-es\/productos\/9301b\/","url":"https:\/\/distribution.audio-technica.eu\/es-es\/productos\/9301b\/","name":"9301B - Audio-Technica Iberia","isPartOf":{"@id":"https:\/\/distribution.audio-technica.eu\/es-es\/#website"},"primaryImageOfPage":{"@id":"https:\/\/distribution.audio-technica.eu\/es-es\/productos\/9301b\/#primaryimage"},"image":{"@id":"https:\/\/distribution.audio-technica.eu\/es-es\/productos\/9301b\/#primaryimage"},"thumbnailUrl":"\/app\/uploads\/sites\/2\/Genelec-9301B_front_top.jpg","datePublished":"2018-07-12T14:30:39+00:00","dateModified":"2023-07-12T02:29:14+00:00","breadcrumb":{"@id":"https:\/\/distribution.audio-technica.eu\/es-es\/productos\/9301b\/#breadcrumb"},"inLanguage":"es","potentialAction":[{"@type":"ReadAction","target":["https:\/\/distribution.audio-technica.eu\/es-es\/productos\/9301b\/"]}]},{"@type":"ImageObject","inLanguage":"es","@id":"https:\/\/distribution.audio-technica.eu\/es-es\/productos\/9301b\/#primaryimage","url":"\/app\/uploads\/sites\/2\/Genelec-9301B_front_top.jpg","contentUrl":"\/app\/uploads\/sites\/2\/Genelec-9301B_front_top.jpg","width":2000,"height":2000},{"@type":"BreadcrumbList","@id":"https:\/\/distribution.audio-technica.eu\/es-es\/productos\/9301b\/#breadcrumb","itemListElement":[{"@type":"ListItem","position":1,"name":"Products","item":"https:\/\/distribution.audio-technica.eu\/es-es\/"},{"@type":"ListItem","position":2,"name":"Productos","item":"https:\/\/distribution.audio-technica.eu\/es-es\/productos\/"},{"@type":"ListItem","position":3,"name":"9301B"}]},{"@type":"WebSite","@id":"https:\/\/distribution.audio-technica.eu\/es-es\/#website","url":"https:\/\/distribution.audio-technica.eu\/es-es\/","name":"Audio-Technica Iberia","description":"Distribuci\u00f3n","potentialAction":[{"@type":"SearchAction","target":{"@type":"EntryPoint","urlTemplate":"https:\/\/distribution.audio-technica.eu\/es-es\/?s={search_term_string}"},"query-input":{"@type":"PropertyValueSpecification","valueRequired":true,"valueName":"search_term_string"}}],"inLanguage":"es"}]}},"_links":{"self":[{"href":"https:\/\/distribution.audio-technica.eu\/es-es\/wp-json\/wp\/v2\/product\/14004","targetHints":{"allow":["GET"]}}],"collection":[{"href":"https:\/\/distribution.audio-technica.eu\/es-es\/wp-json\/wp\/v2\/product"}],"about":[{"href":"https:\/\/distribution.audio-technica.eu\/es-es\/wp-json\/wp\/v2\/types\/product"}],"wp:featuredmedia":[{"embeddable":true,"href":"https:\/\/distribution.audio-technica.eu\/es-es\/wp-json\/wp\/v2\/media\/28168"}],"wp:attachment":[{"href":"https:\/\/distribution.audio-technica.eu\/es-es\/wp-json\/wp\/v2\/media?parent=14004"}],"wp:term":[{"taxonomy":"product_brand","embeddable":true,"href":"https:\/\/distribution.audio-technica.eu\/es-es\/wp-json\/wp\/v2\/product_brand?post=14004"},{"taxonomy":"product_cat","embeddable":true,"href":"https:\/\/distribution.audio-technica.eu\/es-es\/wp-json\/wp\/v2\/product_cat?post=14004"},{"taxonomy":"product_tag","embeddable":true,"href":"https:\/\/distribution.audio-technica.eu\/es-es\/wp-json\/wp\/v2\/product_tag?post=14004"}],"curies":[{"name":"wp","href":"https:\/\/api.w.org\/{rel}","templated":true}]}}