{"id":14049,"date":"2018-07-12T14:31:00","date_gmt":"2018-07-12T12:31:00","guid":{"rendered":"https:\/\/atdb-production.studiograft.dev\/es\/product\/import-placeholder-for-1187\/"},"modified":"2023-07-13T13:30:56","modified_gmt":"2023-07-13T11:30:56","slug":"dlive-c3500","status":"publish","type":"product","link":"https:\/\/distribution.audio-technica.eu\/es-es\/productos\/dlive-c3500\/","title":{"rendered":"dLive C3500"},"content":{"rendered":"<h2>dLive C3500<\/h2>\n<h3>Superficie de control de 24 faders para sistemas de mezcla digital dLive C Class<\/h3>\n<p>C3500 es la superficie de control para los MixRacks dLive m\u00e1s grande que ofrece la serie C Class. Ofrece 24 faders sobre 6 capas, E\/S de audio incorporada, un puerto de audio en red, dos pantallas t\u00e1ctiles capacitivas de 12\u201d, y el innovador interface de usuario Harmony, que ofrece el flujo de trabajo m\u00e1s r\u00e1pido del mercado.<br \/>\nS\u00f3lidamente establecida como l\u00edder de la nueva generaci\u00f3n de consolas digitales, dLive ha conseguido r\u00e1pidamente su reputaci\u00f3n gracias a una calidad de audio excepcional, avanzados flujos de trabajo, impactantes FX y las emulaciones de procesado totalmente fieles a los originales.<br \/>\ndLive C Class incorpora tambi\u00e9n el revolucionario n\u00facleo XCVI, la suite de procesado DEEP y el interface de usuario Harmony UI en un formato compacto y port\u00e1til, convirti\u00e9ndolo en la opci\u00f3n m\u00e1s adecuada para AV corporativo, locales multiuso, templos, teatros y empresas de alquiler.<br \/>\ndLive C Class mantiene el objetivo inicial del n\u00facleo de dise\u00f1o de dLive: crear un sistema de mezcla digital que haga que los desaf\u00edos m\u00e1s sofisticados de mezcla puedan ser realizados de forma elegantemente simple. Destinado tanto a los profesionales experimentados como a los que se inician, dLive ha sido construida para permitir que el usuario se centre en la mezcla, no en el uso del mezclador.<br \/>\nMientras que la mayor\u00eda de consolas digitales siguen intentando recrear el modo de manejo de un mezclador anal\u00f3gico, dLive es un sistema realmente nativo digital, potenciando la familiaridad de los usuarios con los omnipresentes smartphones y tablets que pr\u00e1cticamente todo el mundo sabe ya utilizar sin ning\u00fan esfuerzo. La pantalla (o dos pantallas, seg\u00fan el modelo) t\u00e1ctiles capacitivas de 12\u201d que incorporan las consolas dLive resultan muy familiares de forma instant\u00e1nea, respondiendo a cada deslizamiento, pellizco o movimiento de arrastrar y soltar exactamente como el usuario espera que lo haga. Tambi\u00e9n es posible configurar en las pantallas zonas para widgets a medida, que permiten controlar escenas, medidores FX u otros controles personalizados. La pantalla se completa con un set de controles rotativos, permitiendo disfrutar de la inmediatez y creatividad del control t\u00e1ctil sobre las funciones claves del procesado, trabajando en armon\u00eda con la informaci\u00f3n visual que aparece en la pantalla. Los controles rotativos ofrecen un control preciso, y disponen de iluminaci\u00f3n RGB, con colores mapeados a funciones para que el usuario goce de una orientaci\u00f3n visual instant\u00e1nea.<br \/>\nLa distribuci\u00f3n de los controles de dLive es totalmente personalizable, permitiendo que el usuario pueda crear un interface de mezcla que refleje su mapa mental para el evento, o para que el instalador pueda configurar la superficie para que se adec\u00fae a la instalaci\u00f3n y al nivel de experiencia de los usuarios que van a manejarla. Una de las prioridades en el dise\u00f1o de dLive ha sido crear flujos de trabajo r\u00e1pidos y transparentes, que permitan al usuario concentrarse en la mezcla, no en el mezclador. Cada entrada o mezcla puede ser asignada a cualquiera o a todos los bancos y\/o capas, y las tiras virtuales para escribir permiten identificar de forma clara las entradas y mezclas, disfrutando tambi\u00e9n de un c\u00f3digo de colores para facilitar la navegaci\u00f3n con un solo vistazo.<br \/>\ndLive C Class ofrece una enorme funcionalidad en un formato muy compacto, facilitando su transporte y ahorrando un valioso espacio en eventos corporativos, teatros y otros eventos en los que la presencia de una gran mesa de mezclas restar\u00eda asientos de la audiencia.<\/p>\n<ul>\n<li>24faders<\/li>\n<li>Configuraci\u00f3n totalmente asignable \u2013 144 strips de fader<\/li>\n<li>Interface de usuario Harmony, que integra controles en pantalla y controles f\u00edsicos<\/li>\n<li>Dos pantallas t\u00e1ctiles capacitivas de 12\u201d<\/li>\n<li>Control gestual \u2013 Pellizcar, deslizar, arrastrar y soltar<\/li>\n<li>Visualizaci\u00f3n espec\u00edfica EQ multi-modo<\/li>\n<li>\u00c1reas para widgets configurables para escenas, medidores, FX y mucho m\u00e1s<\/li>\n<li>3 p\u00e1ginas de 6 controles rotatorios asignables<\/li>\n<li>19 SoftKeys asignables<\/li>\n<li>Strips de fader para la cu\u00f1a y el IEM del ingeniero<\/li>\n<li>Amplio Sistema de medici\u00f3n<\/li>\n<li>Visibilidad bajo luz diurna<\/li>\n<li>Grabaci\u00f3n y reproducci\u00f3n USB est\u00e9reo<\/li>\n<li>6 entradas XLR micro\/l\u00ednea, 6 salidas XLR con nivel de l\u00ednea<\/li>\n<li>1 entrada est\u00e9reo digital AES3, 1 salida est\u00e9reo digital AES3<\/li>\n<li>Distribuidor de conexiones\n<ul>\n<li>Enlace GigaACE gigabit a MixRack<\/li>\n<li>Enlace DX para ampliaci\u00f3n de E\/S<\/li>\n<li>Puerto E\/S \u2013 128 canales 96 kHz<\/li>\n<li>2x Puertos de red<\/li>\n<li>E\/S Wordclock a trav\u00e9s de BNC<\/li>\n<li>Salida v\u00eddeo<\/li>\n<\/ul>\n<\/li>\n<\/ul>\n","protected":false},"excerpt":{"rendered":"<h3>Superficie de control de 24 faders para sistemas de mezcla digital dLive C Class<\/h3>\n<ul class=\"summary\">\n<li>24 faders, 144 strips de fader<\/li>\n<li>2 pantallas t\u00e1ctiles de 12\u201d con control gestual<\/li>\n<li>Grabaci\u00f3n y reproducci\u00f3n USB est\u00e9reo<\/li>\n<li>6 entradas XLR micro\/l\u00ednea, 6 salidas XLR con nivel de l\u00ednea<\/li>\n<li>1 entrada est\u00e9reo digital AES3, 1 salida est\u00e9reo digital AES3<\/li>\n<li>Puerto E\/S \u2013 128 canales 96 kHz<\/li>\n<\/ul>\n","protected":false},"featured_media":9654,"template":"","meta":{"_acf_changed":false},"product_brand":[],"product_cat":[1493,1494,1490,1513],"product_tag":[],"class_list":{"0":"post-14049","1":"product","2":"type-product","3":"status-publish","4":"has-post-thumbnail","6":"product_cat-mesas-de-mezclas-allen-heath","7":"product_cat-mesas-de-mezclas-para-directo-mesas-de-mezclas-allen-heath","8":"product_cat-por-series-allen-heath","9":"product_cat-serie-dlive-c-class","10":"product_series-serie-dlive-c-class","12":"first","13":"instock","14":"shipping-taxable","15":"product-type-simple"},"acf":[],"yoast_head":"<!-- This site is optimized with the Yoast SEO plugin v27.1.1 - https:\/\/yoast.com\/product\/yoast-seo-wordpress\/ -->\n<title>dLive C3500 - Audio-Technica Iberia<\/title>\n<meta name=\"robots\" content=\"index, follow, max-snippet:-1, max-image-preview:large, max-video-preview:-1\" \/>\n<link rel=\"canonical\" href=\"https:\/\/distribution.audio-technica.eu\/es-es\/productos\/dlive-c3500\/\" \/>\n<meta property=\"og:locale\" content=\"es_ES\" \/>\n<meta property=\"og:type\" content=\"article\" \/>\n<meta property=\"og:title\" content=\"dLive C3500 - Audio-Technica Iberia\" \/>\n<meta property=\"og:description\" content=\"Superficie de control de 24 faders para sistemas de mezcla digital dLive C Class  24 faders, 144 strips de fader  2 pantallas t\u00e1ctiles de 12\u201d con control gestual  Grabaci\u00f3n y reproducci\u00f3n USB est\u00e9reo  6 entradas XLR micro\/l\u00ednea, 6 salidas XLR con nivel de l\u00ednea  1 entrada est\u00e9reo digital AES3, 1 salida est\u00e9reo digital AES3  Puerto E\/S \u2013 128 canales 96 kHz\" \/>\n<meta property=\"og:url\" content=\"https:\/\/distribution.audio-technica.eu\/es-es\/productos\/dlive-c3500\/\" \/>\n<meta property=\"og:site_name\" content=\"Audio-Technica Iberia\" \/>\n<meta property=\"article:modified_time\" content=\"2023-07-13T11:30:56+00:00\" \/>\n<meta property=\"og:image\" content=\"https:\/\/distribution.audio-technica.eu\/app\/uploads\/sites\/2\/AH-dLive-C3500_Front_purple_lights-1.jpg\" \/>\n\t<meta property=\"og:image:width\" content=\"1000\" \/>\n\t<meta property=\"og:image:height\" content=\"1000\" \/>\n\t<meta property=\"og:image:type\" content=\"image\/jpeg\" \/>\n<meta name=\"twitter:card\" content=\"summary_large_image\" \/>\n<meta name=\"twitter:label1\" content=\"Tiempo de lectura\" \/>\n\t<meta name=\"twitter:data1\" content=\"4 minutos\" \/>\n<script type=\"application\/ld+json\" class=\"yoast-schema-graph\">{\"@context\":\"https:\/\/schema.org\",\"@graph\":[{\"@type\":\"WebPage\",\"@id\":\"https:\/\/distribution.audio-technica.eu\/es-es\/productos\/dlive-c3500\/\",\"url\":\"https:\/\/distribution.audio-technica.eu\/es-es\/productos\/dlive-c3500\/\",\"name\":\"dLive C3500 - Audio-Technica Iberia\",\"isPartOf\":{\"@id\":\"https:\/\/distribution.audio-technica.eu\/es-es\/#website\"},\"primaryImageOfPage\":{\"@id\":\"https:\/\/distribution.audio-technica.eu\/es-es\/productos\/dlive-c3500\/#primaryimage\"},\"image\":{\"@id\":\"https:\/\/distribution.audio-technica.eu\/es-es\/productos\/dlive-c3500\/#primaryimage\"},\"thumbnailUrl\":\"\/app\/uploads\/sites\/2\/AH-dLive-C3500_Front_purple_lights-1.jpg\",\"datePublished\":\"2018-07-12T12:31:00+00:00\",\"dateModified\":\"2023-07-13T11:30:56+00:00\",\"breadcrumb\":{\"@id\":\"https:\/\/distribution.audio-technica.eu\/es-es\/productos\/dlive-c3500\/#breadcrumb\"},\"inLanguage\":\"es\",\"potentialAction\":[{\"@type\":\"ReadAction\",\"target\":[\"https:\/\/distribution.audio-technica.eu\/es-es\/productos\/dlive-c3500\/\"]}]},{\"@type\":\"ImageObject\",\"inLanguage\":\"es\",\"@id\":\"https:\/\/distribution.audio-technica.eu\/es-es\/productos\/dlive-c3500\/#primaryimage\",\"url\":\"\/app\/uploads\/sites\/2\/AH-dLive-C3500_Front_purple_lights-1.jpg\",\"contentUrl\":\"\/app\/uploads\/sites\/2\/AH-dLive-C3500_Front_purple_lights-1.jpg\",\"width\":1000,\"height\":1000},{\"@type\":\"BreadcrumbList\",\"@id\":\"https:\/\/distribution.audio-technica.eu\/es-es\/productos\/dlive-c3500\/#breadcrumb\",\"itemListElement\":[{\"@type\":\"ListItem\",\"position\":1,\"name\":\"Products\",\"item\":\"https:\/\/distribution.audio-technica.eu\/es-es\/\"},{\"@type\":\"ListItem\",\"position\":2,\"name\":\"Productos\",\"item\":\"https:\/\/distribution.audio-technica.eu\/es-es\/productos\/\"},{\"@type\":\"ListItem\",\"position\":3,\"name\":\"dLive C3500\"}]},{\"@type\":\"WebSite\",\"@id\":\"https:\/\/distribution.audio-technica.eu\/es-es\/#website\",\"url\":\"https:\/\/distribution.audio-technica.eu\/es-es\/\",\"name\":\"Audio-Technica Iberia\",\"description\":\"Distribuci\u00f3n\",\"potentialAction\":[{\"@type\":\"SearchAction\",\"target\":{\"@type\":\"EntryPoint\",\"urlTemplate\":\"https:\/\/distribution.audio-technica.eu\/es-es\/?s={search_term_string}\"},\"query-input\":{\"@type\":\"PropertyValueSpecification\",\"valueRequired\":true,\"valueName\":\"search_term_string\"}}],\"inLanguage\":\"es\"}]}<\/script>\n<!-- \/ Yoast SEO plugin. -->","yoast_head_json":{"title":"dLive C3500 - Audio-Technica Iberia","robots":{"index":"index","follow":"follow","max-snippet":"max-snippet:-1","max-image-preview":"max-image-preview:large","max-video-preview":"max-video-preview:-1"},"canonical":"https:\/\/distribution.audio-technica.eu\/es-es\/productos\/dlive-c3500\/","og_locale":"es_ES","og_type":"article","og_title":"dLive C3500 - Audio-Technica Iberia","og_description":"Superficie de control de 24 faders para sistemas de mezcla digital dLive C Class  24 faders, 144 strips de fader  2 pantallas t\u00e1ctiles de 12\u201d con control gestual  Grabaci\u00f3n y reproducci\u00f3n USB est\u00e9reo  6 entradas XLR micro\/l\u00ednea, 6 salidas XLR con nivel de l\u00ednea  1 entrada est\u00e9reo digital AES3, 1 salida est\u00e9reo digital AES3  Puerto E\/S \u2013 128 canales 96 kHz","og_url":"https:\/\/distribution.audio-technica.eu\/es-es\/productos\/dlive-c3500\/","og_site_name":"Audio-Technica Iberia","article_modified_time":"2023-07-13T11:30:56+00:00","og_image":[{"width":1000,"height":1000,"url":"https:\/\/distribution.audio-technica.eu\/app\/uploads\/sites\/2\/AH-dLive-C3500_Front_purple_lights-1.jpg","type":"image\/jpeg"}],"twitter_card":"summary_large_image","twitter_misc":{"Tiempo de lectura":"4 minutos"},"schema":{"@context":"https:\/\/schema.org","@graph":[{"@type":"WebPage","@id":"https:\/\/distribution.audio-technica.eu\/es-es\/productos\/dlive-c3500\/","url":"https:\/\/distribution.audio-technica.eu\/es-es\/productos\/dlive-c3500\/","name":"dLive C3500 - Audio-Technica Iberia","isPartOf":{"@id":"https:\/\/distribution.audio-technica.eu\/es-es\/#website"},"primaryImageOfPage":{"@id":"https:\/\/distribution.audio-technica.eu\/es-es\/productos\/dlive-c3500\/#primaryimage"},"image":{"@id":"https:\/\/distribution.audio-technica.eu\/es-es\/productos\/dlive-c3500\/#primaryimage"},"thumbnailUrl":"\/app\/uploads\/sites\/2\/AH-dLive-C3500_Front_purple_lights-1.jpg","datePublished":"2018-07-12T12:31:00+00:00","dateModified":"2023-07-13T11:30:56+00:00","breadcrumb":{"@id":"https:\/\/distribution.audio-technica.eu\/es-es\/productos\/dlive-c3500\/#breadcrumb"},"inLanguage":"es","potentialAction":[{"@type":"ReadAction","target":["https:\/\/distribution.audio-technica.eu\/es-es\/productos\/dlive-c3500\/"]}]},{"@type":"ImageObject","inLanguage":"es","@id":"https:\/\/distribution.audio-technica.eu\/es-es\/productos\/dlive-c3500\/#primaryimage","url":"\/app\/uploads\/sites\/2\/AH-dLive-C3500_Front_purple_lights-1.jpg","contentUrl":"\/app\/uploads\/sites\/2\/AH-dLive-C3500_Front_purple_lights-1.jpg","width":1000,"height":1000},{"@type":"BreadcrumbList","@id":"https:\/\/distribution.audio-technica.eu\/es-es\/productos\/dlive-c3500\/#breadcrumb","itemListElement":[{"@type":"ListItem","position":1,"name":"Products","item":"https:\/\/distribution.audio-technica.eu\/es-es\/"},{"@type":"ListItem","position":2,"name":"Productos","item":"https:\/\/distribution.audio-technica.eu\/es-es\/productos\/"},{"@type":"ListItem","position":3,"name":"dLive C3500"}]},{"@type":"WebSite","@id":"https:\/\/distribution.audio-technica.eu\/es-es\/#website","url":"https:\/\/distribution.audio-technica.eu\/es-es\/","name":"Audio-Technica Iberia","description":"Distribuci\u00f3n","potentialAction":[{"@type":"SearchAction","target":{"@type":"EntryPoint","urlTemplate":"https:\/\/distribution.audio-technica.eu\/es-es\/?s={search_term_string}"},"query-input":{"@type":"PropertyValueSpecification","valueRequired":true,"valueName":"search_term_string"}}],"inLanguage":"es"}]}},"_links":{"self":[{"href":"https:\/\/distribution.audio-technica.eu\/es-es\/wp-json\/wp\/v2\/product\/14049","targetHints":{"allow":["GET"]}}],"collection":[{"href":"https:\/\/distribution.audio-technica.eu\/es-es\/wp-json\/wp\/v2\/product"}],"about":[{"href":"https:\/\/distribution.audio-technica.eu\/es-es\/wp-json\/wp\/v2\/types\/product"}],"wp:featuredmedia":[{"embeddable":true,"href":"https:\/\/distribution.audio-technica.eu\/es-es\/wp-json\/wp\/v2\/media\/9654"}],"wp:attachment":[{"href":"https:\/\/distribution.audio-technica.eu\/es-es\/wp-json\/wp\/v2\/media?parent=14049"}],"wp:term":[{"taxonomy":"product_brand","embeddable":true,"href":"https:\/\/distribution.audio-technica.eu\/es-es\/wp-json\/wp\/v2\/product_brand?post=14049"},{"taxonomy":"product_cat","embeddable":true,"href":"https:\/\/distribution.audio-technica.eu\/es-es\/wp-json\/wp\/v2\/product_cat?post=14049"},{"taxonomy":"product_tag","embeddable":true,"href":"https:\/\/distribution.audio-technica.eu\/es-es\/wp-json\/wp\/v2\/product_tag?post=14049"}],"curies":[{"name":"wp","href":"https:\/\/api.w.org\/{rel}","templated":true}]}}