{"id":14051,"date":"2018-07-12T14:31:13","date_gmt":"2018-07-12T12:31:13","guid":{"rendered":"https:\/\/atdb-production.studiograft.dev\/es\/product\/import-placeholder-for-1189\/"},"modified":"2023-07-13T13:30:55","modified_gmt":"2023-07-13T11:30:55","slug":"dlive-cdm48","status":"publish","type":"product","link":"https:\/\/distribution.audio-technica.eu\/es-es\/productos\/dlive-cdm48\/","title":{"rendered":"dLive CDM48"},"content":{"rendered":"<h2>dLive CDM48<\/h2>\n<h3>MixRack de 48 entradas\/24 salidas para sistemas dLive C Class<\/h3>\n<p>El MixRack es el coraz\u00f3n de cualquier sistema dLive. Aloja el n\u00facleo de procesado XCVI al completo, incluyendo E\/S de audio y puertos de red para control y audio. Normalmente, se conecta a la superficie de control dLive, pero tambi\u00e9n puede ser controlado \u2013tanto de forma simult\u00e1nea como independientemente- utilizando un ordenador port\u00e1til o iPad, los controladores remotos IP de Allen &amp; Heath o controladores remotos fabricados por terceros, v\u00eda TCP\/IP. Con la ayuda de cualquiera de estos dispositivos, tambi\u00e9n es posible trabajar prescindiendo totalmente de superficie de control.<br \/>\nExisten tres tama\u00f1os diferentes de MixRack. Todos incorporan el mismo motor de mezcla y pueden trabajar con hasta 128 canales a\u00f1adiendo expansores DX o fuentes digitales.<br \/>\nLa potencia de dLive emana de su n\u00facleo XCVI \u2013 desarrollado por el equipo de R&amp;D de Allen &amp; Heath utilizando la m\u00e1s avanzada tecnolog\u00eda FPGA, con 36 n\u00facleos virtuales de procesado en paralelo capaces de generar suficiente capacidad para 160&#215;64 canales de procesado a una frecuencia de muestreo de 96 kHz. Los seis motores de mezcla en paralelo incluidos en el n\u00facleo son capaces de calcular m\u00e1s de 10.000 puntos de cruce por muestra, mientras que el direccionador FPGA posee la capacidad de manejar 3.000 x 3.000 rutas de audio. La enorme potencia de XCVI (25 billones de operaciones por segundo) hace posible que dLive pueda proporcionar 128 entradas con procesado completo y 16 retornos FX est\u00e9reo, una arquitectura de 64 buses configurables, profundidad de bit variable para conseguir la m\u00e1xima precisi\u00f3n y mejorar su relaci\u00f3n se\u00f1al-ruido, un techo din\u00e1mico de mezcla virtualmente infinito gracias a su acumulador de 96 bit, y una latencia sin precedentes de tan solo 0.7ms.<br \/>\nLa arquitectura de procesado DEEP incrusta las aclamadas emulaciones de procesado directamente en las entradas y canales de mezcla de dLive. Se dispone de una amplia paleta de algoritmos de dise\u00f1o especial, entre los que se incluyen modelos de EQs gr\u00e1ficos, preamplificadores y compresores que pueden ser insertados sobre la marcha, sin ocupar slots de FX y sin necesidad de ser configurados, y sin la latencia, problemas de licencias o de coherencia de fase asociados a los plug-ins externos; est\u00e1n siempre disponibles, donde y cuando sean necesarios. Los modelados capturan todas las sutilezas del audio y las caracter\u00edsticas no lineales de los cl\u00e1sicos de la industria, desde compresores \u00f3pticos a dise\u00f1os de v\u00e1lvulas de dos etapas.<br \/>\nRackExtra FX combina la calidad pr\u00edstina y amplia oferta ofrecida por los plug ins comerciales con la comodidad y baja latencia del procesado interno. No es ning\u00fan secreto la pasi\u00f3n y obsesi\u00f3n de Allen &amp; Heath pro crear emulaciones totalmente fieles de los equipos procesadores m\u00e1s prestigiosos. Bas\u00e1ndose en la potencia del n\u00facleo XCVI, se han construido kernels DSP dentro de FPGA, permitiendo la integraci\u00f3n de la prestigiosa librer\u00eda de algoritmos de reverb, retardo y modulaci\u00f3n en dLive, con disponibilidad de 16 slots de FX, cada uno con su propio retorno est\u00e9reo.<br \/>\nLas superficies de control y MixRacks dLive C Class y dLive S Class son totalmente compatibles y pueden ser combinadas entre s\u00ed para satisfacer las necesidades espec\u00edficas de cualquier recinto o evento<\/p>\n<ul>\n<li>48 entradas micro\/l\u00ednea, 24 salidas de l\u00ednea<\/li>\n<li>N\u00facleo FPGA XCVI 160\u00d764 FPGA<\/li>\n<li>Frecuencia de muestreo de 96kHz<\/li>\n<li>Profundidad de bit variable para proporcionar la m\u00e1xima precisi\u00f3n y mejor relaci\u00f3n se\u00f1al\/ruido<\/li>\n<li>Techo din\u00e1mico de mezcla virtualmente infinito gracias a la presencia de un acumulador de 96 bit<\/li>\n<li>Latencia ultra baja de 0.7 ms, sin competencia en su clase<\/li>\n<li>128 canales de entrada con procesado total<\/li>\n<li>64 salidas de mezcla con procesado total<\/li>\n<li>Arquitectura configurable de 64 buses (grupo, FX, auxiliar, matriz, principal)<\/li>\n<li>Modos LR, LCR y hasta 5.1<\/li>\n<li>M\u00faltiples PFLs<\/li>\n<li>16 RackExtra FX con retornos est\u00e9reo espec\u00edficos<\/li>\n<li>24 DCAs<\/li>\n<li>Generador de se\u00f1al y RTA incorporado<\/li>\n<li>Preamplificador de nuevo dise\u00f1o que ofrece un sonido a\u00fan m\u00e1s transparente<\/li>\n<li>Exclusivo circuito Active PAD, que permite su funcionamiento correcto con cualquier fuente<\/li>\n<li>Distribuidor de conexiones\n<ul>\n<li>Enlace gigaACE gigabit con la superficie<\/li>\n<li>2x enlaces DX para ampliaci\u00f3n de E\/S<\/li>\n<li>Puerto E\/S \u2013 128 canales a 96 kHz<\/li>\n<li>Puerto espec\u00edfico para ME-1, a 48kHz<\/li>\n<li>2x puertos de red<\/li>\n<li>E\/S Wordclock a trav\u00e9s de BNC<\/li>\n<\/ul>\n<\/li>\n<li>Panel frontal empotrado con ventilador ultra silencioso<\/li>\n<li>Dise\u00f1o de orejas reversibles<\/li>\n<\/ul>\n","protected":false},"excerpt":{"rendered":"<h3>MixRack de 48 entradas\/24 salidas para sistemas dLive C Class<\/h3>\n<ul class=\"summary\">\n<li>48 entradas micro\/l\u00ednea, 24 salidas de l\u00ednea<\/li>\n<li>N\u00facleo FPGA XCVI 160\u00d764 FPGA<\/li>\n<li>128 canales de entrada con procesado total<\/li>\n<li>64 salidas de mezcla con procesado total<\/li>\n<li>Arquitectura configurable de 64 buses (grupo, FX, auxiliar, matriz, princip<\/li>\n<li>16 RackExtra FX con retornos est\u00e9reo espec\u00edficos<\/li>\n<\/ul>\n","protected":false},"featured_media":9659,"template":"","meta":{"_acf_changed":false},"product_brand":[],"product_cat":[1493,1494,1490,1513],"product_tag":[],"class_list":{"0":"post-14051","1":"product","2":"type-product","3":"status-publish","4":"has-post-thumbnail","6":"product_cat-mesas-de-mezclas-allen-heath","7":"product_cat-mesas-de-mezclas-para-directo-mesas-de-mezclas-allen-heath","8":"product_cat-por-series-allen-heath","9":"product_cat-serie-dlive-c-class","10":"product_series-serie-dlive-c-class","12":"first","13":"instock","14":"shipping-taxable","15":"product-type-simple"},"acf":[],"yoast_head":"<!-- This site is optimized with the Yoast SEO plugin v27.1.1 - https:\/\/yoast.com\/product\/yoast-seo-wordpress\/ -->\n<title>dLive CDM48 - Audio-Technica Iberia<\/title>\n<meta name=\"robots\" content=\"index, follow, max-snippet:-1, max-image-preview:large, max-video-preview:-1\" \/>\n<link rel=\"canonical\" href=\"https:\/\/distribution.audio-technica.eu\/es-es\/productos\/dlive-cdm48\/\" \/>\n<meta property=\"og:locale\" content=\"es_ES\" \/>\n<meta property=\"og:type\" content=\"article\" \/>\n<meta property=\"og:title\" content=\"dLive CDM48 - Audio-Technica Iberia\" \/>\n<meta property=\"og:description\" content=\"MixRack de 48 entradas\/24 salidas para sistemas dLive C Class  48 entradas micro\/l\u00ednea, 24 salidas de l\u00ednea  N\u00facleo FPGA XCVI 160\u00d764 FPGA  128 canales de entrada con procesado total  64 salidas de mezcla con procesado total  Arquitectura configurable de 64 buses (grupo, FX, auxiliar, matriz, princip  16 RackExtra FX con retornos est\u00e9reo espec\u00edficos\" \/>\n<meta property=\"og:url\" content=\"https:\/\/distribution.audio-technica.eu\/es-es\/productos\/dlive-cdm48\/\" \/>\n<meta property=\"og:site_name\" content=\"Audio-Technica Iberia\" \/>\n<meta property=\"article:modified_time\" content=\"2023-07-13T11:30:55+00:00\" \/>\n<meta property=\"og:image\" content=\"https:\/\/distribution.audio-technica.eu\/app\/uploads\/sites\/2\/AH-dLive-C-Class-CDM48_Front-1.jpg\" \/>\n\t<meta property=\"og:image:width\" content=\"1000\" \/>\n\t<meta property=\"og:image:height\" content=\"1000\" \/>\n\t<meta property=\"og:image:type\" content=\"image\/jpeg\" \/>\n<meta name=\"twitter:card\" content=\"summary_large_image\" \/>\n<meta name=\"twitter:label1\" content=\"Tiempo de lectura\" \/>\n\t<meta name=\"twitter:data1\" content=\"4 minutos\" \/>\n<script type=\"application\/ld+json\" class=\"yoast-schema-graph\">{\"@context\":\"https:\/\/schema.org\",\"@graph\":[{\"@type\":\"WebPage\",\"@id\":\"https:\/\/distribution.audio-technica.eu\/es-es\/productos\/dlive-cdm48\/\",\"url\":\"https:\/\/distribution.audio-technica.eu\/es-es\/productos\/dlive-cdm48\/\",\"name\":\"dLive CDM48 - Audio-Technica Iberia\",\"isPartOf\":{\"@id\":\"https:\/\/distribution.audio-technica.eu\/es-es\/#website\"},\"primaryImageOfPage\":{\"@id\":\"https:\/\/distribution.audio-technica.eu\/es-es\/productos\/dlive-cdm48\/#primaryimage\"},\"image\":{\"@id\":\"https:\/\/distribution.audio-technica.eu\/es-es\/productos\/dlive-cdm48\/#primaryimage\"},\"thumbnailUrl\":\"\/app\/uploads\/sites\/2\/AH-dLive-C-Class-CDM48_Front-1.jpg\",\"datePublished\":\"2018-07-12T12:31:13+00:00\",\"dateModified\":\"2023-07-13T11:30:55+00:00\",\"breadcrumb\":{\"@id\":\"https:\/\/distribution.audio-technica.eu\/es-es\/productos\/dlive-cdm48\/#breadcrumb\"},\"inLanguage\":\"es\",\"potentialAction\":[{\"@type\":\"ReadAction\",\"target\":[\"https:\/\/distribution.audio-technica.eu\/es-es\/productos\/dlive-cdm48\/\"]}]},{\"@type\":\"ImageObject\",\"inLanguage\":\"es\",\"@id\":\"https:\/\/distribution.audio-technica.eu\/es-es\/productos\/dlive-cdm48\/#primaryimage\",\"url\":\"\/app\/uploads\/sites\/2\/AH-dLive-C-Class-CDM48_Front-1.jpg\",\"contentUrl\":\"\/app\/uploads\/sites\/2\/AH-dLive-C-Class-CDM48_Front-1.jpg\",\"width\":1000,\"height\":1000},{\"@type\":\"BreadcrumbList\",\"@id\":\"https:\/\/distribution.audio-technica.eu\/es-es\/productos\/dlive-cdm48\/#breadcrumb\",\"itemListElement\":[{\"@type\":\"ListItem\",\"position\":1,\"name\":\"Products\",\"item\":\"https:\/\/distribution.audio-technica.eu\/es-es\/\"},{\"@type\":\"ListItem\",\"position\":2,\"name\":\"Productos\",\"item\":\"https:\/\/distribution.audio-technica.eu\/es-es\/productos\/\"},{\"@type\":\"ListItem\",\"position\":3,\"name\":\"dLive CDM48\"}]},{\"@type\":\"WebSite\",\"@id\":\"https:\/\/distribution.audio-technica.eu\/es-es\/#website\",\"url\":\"https:\/\/distribution.audio-technica.eu\/es-es\/\",\"name\":\"Audio-Technica Iberia\",\"description\":\"Distribuci\u00f3n\",\"potentialAction\":[{\"@type\":\"SearchAction\",\"target\":{\"@type\":\"EntryPoint\",\"urlTemplate\":\"https:\/\/distribution.audio-technica.eu\/es-es\/?s={search_term_string}\"},\"query-input\":{\"@type\":\"PropertyValueSpecification\",\"valueRequired\":true,\"valueName\":\"search_term_string\"}}],\"inLanguage\":\"es\"}]}<\/script>\n<!-- \/ Yoast SEO plugin. -->","yoast_head_json":{"title":"dLive CDM48 - Audio-Technica Iberia","robots":{"index":"index","follow":"follow","max-snippet":"max-snippet:-1","max-image-preview":"max-image-preview:large","max-video-preview":"max-video-preview:-1"},"canonical":"https:\/\/distribution.audio-technica.eu\/es-es\/productos\/dlive-cdm48\/","og_locale":"es_ES","og_type":"article","og_title":"dLive CDM48 - Audio-Technica Iberia","og_description":"MixRack de 48 entradas\/24 salidas para sistemas dLive C Class  48 entradas micro\/l\u00ednea, 24 salidas de l\u00ednea  N\u00facleo FPGA XCVI 160\u00d764 FPGA  128 canales de entrada con procesado total  64 salidas de mezcla con procesado total  Arquitectura configurable de 64 buses (grupo, FX, auxiliar, matriz, princip  16 RackExtra FX con retornos est\u00e9reo espec\u00edficos","og_url":"https:\/\/distribution.audio-technica.eu\/es-es\/productos\/dlive-cdm48\/","og_site_name":"Audio-Technica Iberia","article_modified_time":"2023-07-13T11:30:55+00:00","og_image":[{"width":1000,"height":1000,"url":"https:\/\/distribution.audio-technica.eu\/app\/uploads\/sites\/2\/AH-dLive-C-Class-CDM48_Front-1.jpg","type":"image\/jpeg"}],"twitter_card":"summary_large_image","twitter_misc":{"Tiempo de lectura":"4 minutos"},"schema":{"@context":"https:\/\/schema.org","@graph":[{"@type":"WebPage","@id":"https:\/\/distribution.audio-technica.eu\/es-es\/productos\/dlive-cdm48\/","url":"https:\/\/distribution.audio-technica.eu\/es-es\/productos\/dlive-cdm48\/","name":"dLive CDM48 - Audio-Technica Iberia","isPartOf":{"@id":"https:\/\/distribution.audio-technica.eu\/es-es\/#website"},"primaryImageOfPage":{"@id":"https:\/\/distribution.audio-technica.eu\/es-es\/productos\/dlive-cdm48\/#primaryimage"},"image":{"@id":"https:\/\/distribution.audio-technica.eu\/es-es\/productos\/dlive-cdm48\/#primaryimage"},"thumbnailUrl":"\/app\/uploads\/sites\/2\/AH-dLive-C-Class-CDM48_Front-1.jpg","datePublished":"2018-07-12T12:31:13+00:00","dateModified":"2023-07-13T11:30:55+00:00","breadcrumb":{"@id":"https:\/\/distribution.audio-technica.eu\/es-es\/productos\/dlive-cdm48\/#breadcrumb"},"inLanguage":"es","potentialAction":[{"@type":"ReadAction","target":["https:\/\/distribution.audio-technica.eu\/es-es\/productos\/dlive-cdm48\/"]}]},{"@type":"ImageObject","inLanguage":"es","@id":"https:\/\/distribution.audio-technica.eu\/es-es\/productos\/dlive-cdm48\/#primaryimage","url":"\/app\/uploads\/sites\/2\/AH-dLive-C-Class-CDM48_Front-1.jpg","contentUrl":"\/app\/uploads\/sites\/2\/AH-dLive-C-Class-CDM48_Front-1.jpg","width":1000,"height":1000},{"@type":"BreadcrumbList","@id":"https:\/\/distribution.audio-technica.eu\/es-es\/productos\/dlive-cdm48\/#breadcrumb","itemListElement":[{"@type":"ListItem","position":1,"name":"Products","item":"https:\/\/distribution.audio-technica.eu\/es-es\/"},{"@type":"ListItem","position":2,"name":"Productos","item":"https:\/\/distribution.audio-technica.eu\/es-es\/productos\/"},{"@type":"ListItem","position":3,"name":"dLive CDM48"}]},{"@type":"WebSite","@id":"https:\/\/distribution.audio-technica.eu\/es-es\/#website","url":"https:\/\/distribution.audio-technica.eu\/es-es\/","name":"Audio-Technica Iberia","description":"Distribuci\u00f3n","potentialAction":[{"@type":"SearchAction","target":{"@type":"EntryPoint","urlTemplate":"https:\/\/distribution.audio-technica.eu\/es-es\/?s={search_term_string}"},"query-input":{"@type":"PropertyValueSpecification","valueRequired":true,"valueName":"search_term_string"}}],"inLanguage":"es"}]}},"_links":{"self":[{"href":"https:\/\/distribution.audio-technica.eu\/es-es\/wp-json\/wp\/v2\/product\/14051","targetHints":{"allow":["GET"]}}],"collection":[{"href":"https:\/\/distribution.audio-technica.eu\/es-es\/wp-json\/wp\/v2\/product"}],"about":[{"href":"https:\/\/distribution.audio-technica.eu\/es-es\/wp-json\/wp\/v2\/types\/product"}],"wp:featuredmedia":[{"embeddable":true,"href":"https:\/\/distribution.audio-technica.eu\/es-es\/wp-json\/wp\/v2\/media\/9659"}],"wp:attachment":[{"href":"https:\/\/distribution.audio-technica.eu\/es-es\/wp-json\/wp\/v2\/media?parent=14051"}],"wp:term":[{"taxonomy":"product_brand","embeddable":true,"href":"https:\/\/distribution.audio-technica.eu\/es-es\/wp-json\/wp\/v2\/product_brand?post=14051"},{"taxonomy":"product_cat","embeddable":true,"href":"https:\/\/distribution.audio-technica.eu\/es-es\/wp-json\/wp\/v2\/product_cat?post=14051"},{"taxonomy":"product_tag","embeddable":true,"href":"https:\/\/distribution.audio-technica.eu\/es-es\/wp-json\/wp\/v2\/product_tag?post=14051"}],"curies":[{"name":"wp","href":"https:\/\/api.w.org\/{rel}","templated":true}]}}