{"id":14058,"date":"2018-07-12T14:31:14","date_gmt":"2018-07-12T12:31:14","guid":{"rendered":"https:\/\/atdb-production.studiograft.dev\/es\/product\/import-placeholder-for-1200\/"},"modified":"2023-07-12T04:29:19","modified_gmt":"2023-07-12T02:29:19","slug":"tsb810","status":"publish","type":"product","link":"https:\/\/distribution.audio-technica.eu\/es-es\/productos\/tsb810\/","title":{"rendered":"TSB810"},"content":{"rendered":"","protected":false},"excerpt":{"rendered":"<h3>Soporte para montaje en pared para el modelo TS308\/TS310<\/h3>\n<ul class=\"summary\">\n<li>Montaje sencillo e intuitivo<\/li>\n<li>Permite la colocaci\u00f3n vertical u horizontal del TS308\/TS310<\/li>\n<li>3 posiciones seleccionables para regular la proximidad a la pared<\/li>\n<li>Puntos de cierre con rotaci\u00f3n de 15 grados para un ajuste fino<\/li>\n<li>Acero pulverizado de color negro que garantiza un acabado m\u00e1s duradero<\/li>\n<li>Soporte pr\u00e1cticamente invisible.<\/li>\n<\/ul>\n","protected":false},"featured_media":10094,"template":"","meta":{"_acf_changed":false},"product_brand":[],"product_cat":[1336,1343,1340],"product_tag":[],"class_list":{"0":"post-14058","1":"product","2":"type-product","3":"status-publish","4":"has-post-thumbnail","6":"product_cat-recintos-acusticos","7":"product_cat-autoamplificados","8":"product_cat-accesorios","10":"first","11":"instock","12":"shipping-taxable","13":"product-type-simple"},"acf":[],"yoast_head":"<!-- This site is optimized with the Yoast SEO plugin v27.1.1 - https:\/\/yoast.com\/product\/yoast-seo-wordpress\/ -->\n<title>TSB810 - Audio-Technica Iberia<\/title>\n<meta name=\"robots\" content=\"index, follow, max-snippet:-1, max-image-preview:large, max-video-preview:-1\" \/>\n<link rel=\"canonical\" href=\"https:\/\/distribution.audio-technica.eu\/es-es\/productos\/tsb810\/\" \/>\n<meta property=\"og:locale\" content=\"es_ES\" \/>\n<meta property=\"og:type\" content=\"article\" \/>\n<meta property=\"og:title\" content=\"TSB810 - Audio-Technica Iberia\" \/>\n<meta property=\"og:description\" content=\"Soporte para montaje en pared para el modelo TS308\/TS310  Montaje sencillo e intuitivo  Permite la colocaci\u00f3n vertical u horizontal del TS308\/TS310  3 posiciones seleccionables para regular la proximidad a la pared  Puntos de cierre con rotaci\u00f3n de 15 grados para un ajuste fino  Acero pulverizado de color negro que garantiza un acabado m\u00e1s duradero  Soporte pr\u00e1cticamente invisible.\" \/>\n<meta property=\"og:url\" content=\"https:\/\/distribution.audio-technica.eu\/es-es\/productos\/tsb810\/\" \/>\n<meta property=\"og:site_name\" content=\"Audio-Technica Iberia\" \/>\n<meta property=\"article:modified_time\" content=\"2023-07-12T02:29:19+00:00\" \/>\n<meta property=\"og:image\" content=\"https:\/\/distribution.audio-technica.eu\/app\/uploads\/sites\/2\/Alto-TSB810-1.jpg\" \/>\n\t<meta property=\"og:image:width\" content=\"800\" \/>\n\t<meta property=\"og:image:height\" content=\"800\" \/>\n\t<meta property=\"og:image:type\" content=\"image\/jpeg\" \/>\n<meta name=\"twitter:card\" content=\"summary_large_image\" \/>\n<script type=\"application\/ld+json\" class=\"yoast-schema-graph\">{\"@context\":\"https:\/\/schema.org\",\"@graph\":[{\"@type\":\"WebPage\",\"@id\":\"https:\/\/distribution.audio-technica.eu\/es-es\/productos\/tsb810\/\",\"url\":\"https:\/\/distribution.audio-technica.eu\/es-es\/productos\/tsb810\/\",\"name\":\"TSB810 - Audio-Technica Iberia\",\"isPartOf\":{\"@id\":\"https:\/\/distribution.audio-technica.eu\/es-es\/#website\"},\"primaryImageOfPage\":{\"@id\":\"https:\/\/distribution.audio-technica.eu\/es-es\/productos\/tsb810\/#primaryimage\"},\"image\":{\"@id\":\"https:\/\/distribution.audio-technica.eu\/es-es\/productos\/tsb810\/#primaryimage\"},\"thumbnailUrl\":\"\/app\/uploads\/sites\/2\/Alto-TSB810-1.jpg\",\"datePublished\":\"2018-07-12T12:31:14+00:00\",\"dateModified\":\"2023-07-12T02:29:19+00:00\",\"breadcrumb\":{\"@id\":\"https:\/\/distribution.audio-technica.eu\/es-es\/productos\/tsb810\/#breadcrumb\"},\"inLanguage\":\"es\",\"potentialAction\":[{\"@type\":\"ReadAction\",\"target\":[\"https:\/\/distribution.audio-technica.eu\/es-es\/productos\/tsb810\/\"]}]},{\"@type\":\"ImageObject\",\"inLanguage\":\"es\",\"@id\":\"https:\/\/distribution.audio-technica.eu\/es-es\/productos\/tsb810\/#primaryimage\",\"url\":\"\/app\/uploads\/sites\/2\/Alto-TSB810-1.jpg\",\"contentUrl\":\"\/app\/uploads\/sites\/2\/Alto-TSB810-1.jpg\",\"width\":800,\"height\":800},{\"@type\":\"BreadcrumbList\",\"@id\":\"https:\/\/distribution.audio-technica.eu\/es-es\/productos\/tsb810\/#breadcrumb\",\"itemListElement\":[{\"@type\":\"ListItem\",\"position\":1,\"name\":\"Products\",\"item\":\"https:\/\/distribution.audio-technica.eu\/es-es\/\"},{\"@type\":\"ListItem\",\"position\":2,\"name\":\"Productos\",\"item\":\"https:\/\/distribution.audio-technica.eu\/es-es\/productos\/\"},{\"@type\":\"ListItem\",\"position\":3,\"name\":\"TSB810\"}]},{\"@type\":\"WebSite\",\"@id\":\"https:\/\/distribution.audio-technica.eu\/es-es\/#website\",\"url\":\"https:\/\/distribution.audio-technica.eu\/es-es\/\",\"name\":\"Audio-Technica Iberia\",\"description\":\"Distribuci\u00f3n\",\"potentialAction\":[{\"@type\":\"SearchAction\",\"target\":{\"@type\":\"EntryPoint\",\"urlTemplate\":\"https:\/\/distribution.audio-technica.eu\/es-es\/?s={search_term_string}\"},\"query-input\":{\"@type\":\"PropertyValueSpecification\",\"valueRequired\":true,\"valueName\":\"search_term_string\"}}],\"inLanguage\":\"es\"}]}<\/script>\n<!-- \/ Yoast SEO plugin. -->","yoast_head_json":{"title":"TSB810 - Audio-Technica Iberia","robots":{"index":"index","follow":"follow","max-snippet":"max-snippet:-1","max-image-preview":"max-image-preview:large","max-video-preview":"max-video-preview:-1"},"canonical":"https:\/\/distribution.audio-technica.eu\/es-es\/productos\/tsb810\/","og_locale":"es_ES","og_type":"article","og_title":"TSB810 - Audio-Technica Iberia","og_description":"Soporte para montaje en pared para el modelo TS308\/TS310  Montaje sencillo e intuitivo  Permite la colocaci\u00f3n vertical u horizontal del TS308\/TS310  3 posiciones seleccionables para regular la proximidad a la pared  Puntos de cierre con rotaci\u00f3n de 15 grados para un ajuste fino  Acero pulverizado de color negro que garantiza un acabado m\u00e1s duradero  Soporte pr\u00e1cticamente invisible.","og_url":"https:\/\/distribution.audio-technica.eu\/es-es\/productos\/tsb810\/","og_site_name":"Audio-Technica Iberia","article_modified_time":"2023-07-12T02:29:19+00:00","og_image":[{"width":800,"height":800,"url":"https:\/\/distribution.audio-technica.eu\/app\/uploads\/sites\/2\/Alto-TSB810-1.jpg","type":"image\/jpeg"}],"twitter_card":"summary_large_image","schema":{"@context":"https:\/\/schema.org","@graph":[{"@type":"WebPage","@id":"https:\/\/distribution.audio-technica.eu\/es-es\/productos\/tsb810\/","url":"https:\/\/distribution.audio-technica.eu\/es-es\/productos\/tsb810\/","name":"TSB810 - Audio-Technica Iberia","isPartOf":{"@id":"https:\/\/distribution.audio-technica.eu\/es-es\/#website"},"primaryImageOfPage":{"@id":"https:\/\/distribution.audio-technica.eu\/es-es\/productos\/tsb810\/#primaryimage"},"image":{"@id":"https:\/\/distribution.audio-technica.eu\/es-es\/productos\/tsb810\/#primaryimage"},"thumbnailUrl":"\/app\/uploads\/sites\/2\/Alto-TSB810-1.jpg","datePublished":"2018-07-12T12:31:14+00:00","dateModified":"2023-07-12T02:29:19+00:00","breadcrumb":{"@id":"https:\/\/distribution.audio-technica.eu\/es-es\/productos\/tsb810\/#breadcrumb"},"inLanguage":"es","potentialAction":[{"@type":"ReadAction","target":["https:\/\/distribution.audio-technica.eu\/es-es\/productos\/tsb810\/"]}]},{"@type":"ImageObject","inLanguage":"es","@id":"https:\/\/distribution.audio-technica.eu\/es-es\/productos\/tsb810\/#primaryimage","url":"\/app\/uploads\/sites\/2\/Alto-TSB810-1.jpg","contentUrl":"\/app\/uploads\/sites\/2\/Alto-TSB810-1.jpg","width":800,"height":800},{"@type":"BreadcrumbList","@id":"https:\/\/distribution.audio-technica.eu\/es-es\/productos\/tsb810\/#breadcrumb","itemListElement":[{"@type":"ListItem","position":1,"name":"Products","item":"https:\/\/distribution.audio-technica.eu\/es-es\/"},{"@type":"ListItem","position":2,"name":"Productos","item":"https:\/\/distribution.audio-technica.eu\/es-es\/productos\/"},{"@type":"ListItem","position":3,"name":"TSB810"}]},{"@type":"WebSite","@id":"https:\/\/distribution.audio-technica.eu\/es-es\/#website","url":"https:\/\/distribution.audio-technica.eu\/es-es\/","name":"Audio-Technica Iberia","description":"Distribuci\u00f3n","potentialAction":[{"@type":"SearchAction","target":{"@type":"EntryPoint","urlTemplate":"https:\/\/distribution.audio-technica.eu\/es-es\/?s={search_term_string}"},"query-input":{"@type":"PropertyValueSpecification","valueRequired":true,"valueName":"search_term_string"}}],"inLanguage":"es"}]}},"_links":{"self":[{"href":"https:\/\/distribution.audio-technica.eu\/es-es\/wp-json\/wp\/v2\/product\/14058","targetHints":{"allow":["GET"]}}],"collection":[{"href":"https:\/\/distribution.audio-technica.eu\/es-es\/wp-json\/wp\/v2\/product"}],"about":[{"href":"https:\/\/distribution.audio-technica.eu\/es-es\/wp-json\/wp\/v2\/types\/product"}],"wp:featuredmedia":[{"embeddable":true,"href":"https:\/\/distribution.audio-technica.eu\/es-es\/wp-json\/wp\/v2\/media\/10094"}],"wp:attachment":[{"href":"https:\/\/distribution.audio-technica.eu\/es-es\/wp-json\/wp\/v2\/media?parent=14058"}],"wp:term":[{"taxonomy":"product_brand","embeddable":true,"href":"https:\/\/distribution.audio-technica.eu\/es-es\/wp-json\/wp\/v2\/product_brand?post=14058"},{"taxonomy":"product_cat","embeddable":true,"href":"https:\/\/distribution.audio-technica.eu\/es-es\/wp-json\/wp\/v2\/product_cat?post=14058"},{"taxonomy":"product_tag","embeddable":true,"href":"https:\/\/distribution.audio-technica.eu\/es-es\/wp-json\/wp\/v2\/product_tag?post=14058"}],"curies":[{"name":"wp","href":"https:\/\/api.w.org\/{rel}","templated":true}]}}