{"id":14060,"date":"2018-07-12T14:31:15","date_gmt":"2018-07-12T12:31:15","guid":{"rendered":"https:\/\/atdb-production.studiograft.dev\/es\/product\/import-placeholder-for-1314\/"},"modified":"2023-07-13T13:34:31","modified_gmt":"2023-07-13T11:34:31","slug":"8331a-sam","status":"publish","type":"product","link":"https:\/\/distribution.audio-technica.eu\/es-es\/productos\/8331a-sam\/","title":{"rendered":"8331A"},"content":{"rendered":"<h2>8331A<\/h2>\n<h3>Monitor coaxial 3 v\u00edas triamplificado SAM, 5&#8243;<\/h3>\n<p>Monitor de tres v\u00edas de calidad excepcional, con el tama\u00f1o de un monitor compacto de dos v\u00edas. Ofrece la m\u00e1xima precisi\u00f3n en el m\u00ednimo espacio.<br \/>\nEl 8331 SAM es el monitor adecuado para aplicaciones en las que se precisa de una imagen sonora extraordinaria, una respuesta en frecuencia ampliada, una distancia de audici\u00f3n corta o media, y muchas horas de audici\u00f3n sin que se produzca fatiga auditiva. Este monitor de fuente puntual combina multitud de innovaciones exclusivas de Genelec, con un proceso de fabricaci\u00f3n sostenible, sin por ello comprometer la calidad final del sonido.<\/p>\n<p>Su excelente calidad de sonido no solo facilita la toma de decisiones durante la producci\u00f3n, sino que permite per\u00edodos de audici\u00f3n mucho m\u00e1s largos que con monitores tradicionales que producen im\u00e1genes sonoras poco naturales, uno de los factores principales que provocan la fatiga auditiva en el oyente; este monitor minimiza la molesta fatiga auditiva. La dispersi\u00f3n es controlada a lo largo de una inusualmente amplia gama de frecuencias gracias a una gran gu\u00eda de ondas integrada (DCW\u2122)combinada con dos woofers escondidos, y que permite su colocaci\u00f3n tanto en posici\u00f3n vertical como horizontal. Su aspecto tambi\u00e9n es espectacular, en cualquier posici\u00f3n en la que se utilice.<\/p>\n<p>Para trabajos cr\u00edticos, como el posicionamiento de micr\u00f3fonos, la mezcla o la masterizaci\u00f3n, incluso cuando son realizadas en salas peque\u00f1as o aplicaciones en las que los monitores se encuentran excepcionalmente cerca, el 8331 ofrece una soluci\u00f3n excepcional, in\u00e9dita hasta ahora. Con la tecnolog\u00eda SAM m\u00e1s reciente incorporada, el 8331 siempre consigue el mejor resultado de la sala y de la colocaci\u00f3n de los monitores. Gracias a la aplicaci\u00f3n GLM de Genelec y su funci\u00f3n de auto calibraci\u00f3n, basada en la experiencia de miles de estudios en todo el mundo, es posible compensar las influencias negativas de la sala y los retardos, independientemente de que se est\u00e9 trabajando en mono, est\u00e9reo o formatos inmersivos.<\/p>\n<ul>\n<li>SPL: 104 dB<\/li>\n<li>Respuesta en frecuencia: 45 Hz &#8211; 37 kHz (-6 dB)<\/li>\n<li>Precisi\u00f3n de la respuesta en frecuencia: \u00b1 1.5 dB (58 Hz &#8211; 20 kHz)<\/li>\n<li>Tama\u00f1o transductores: 2x woofers ovales 5 1\/8 x 2 5\/8 pulgadas Tweeter\/medios coaxial MDC\u2122 3 \u00bd \/ 3\/4 pulgadas DCW\u2122<\/li>\n<li>Amplificaci\u00f3n: Woofer 72 W Medios 36 W Tweeter 36 W<\/li>\n<li>Dimensiones (Al x An x Fo): 305 x 189 x 212 mm, con Iso-Pod\u2122<\/li>\n<li>Peso: 6.7 kg<\/li>\n<li>Conectores: 1 entrada anal\u00f3gica\/digital AES\/EBU, 1 salida XLR digital AES\/EBU, 2 control red RJ45<\/li>\n<li>Sistema Smart Active Monitor (SAM\u2122)<\/li>\n<li>Tecnolog\u00eda de transductores Minimum Diffraction Coaxial (MDC\u2122)<\/li>\n<li>Tecnolog\u00eda Acoustically Concealed Woofers (ACW\u2122)<\/li>\n<li>Gu\u00eda ondas con tecnolog\u00eda Directivity Control Waveguide (DCW\u2122)<\/li>\n<li>Recinto ac\u00fastico con tecnolog\u00eda Minimum Diffraction Enclosure (MDE\u2122)<\/li>\n<li>Dise\u00f1o puerto r\u00e9flex<\/li>\n<li>Circuitos de protecci\u00f3n incorporados<\/li>\n<li>Tecnolog\u00eda Intelligent Signal Sensing (ISS\u2122). Si esta circuiter\u00eda detecta la ausencia de se\u00f1al en la entrada del monitor durante un cierto per\u00edodo de tiempo, coloca al monitor en estado de espera, durante el cual el monitor consume menos de 0.5 W.<\/li>\n<li>Amplificadores optimizados<\/li>\n<li>Crossovers activos<\/li>\n<li>Soporte Iso-Pod\u2122<\/li>\n<li>Vers\u00e1tiles opciones de montaje<\/li>\n<li>Disponible en acabado de aluminio RAW<\/li>\n<\/ul>\n","protected":false},"excerpt":{"rendered":"<h3>Monitor coaxial 3 v\u00edas triamplificado SAM, 5&#8243;<\/h3>\n<ul class=\"summary\">\n<li>Monitor de tres v\u00edas tan compacto como uno de dos v\u00edas<\/li>\n<li>Excelente imagen sonora<\/li>\n<li>No provoca fatiga auditiva<\/li>\n<li>Autoamplificado: Woofer 72 W Medios 36 W Tweeter 36 W<\/li>\n<li>2x woofers ovales 5 1\/8 x 2 5\/8&#8243; medios\/tweeter MDC\u2122 3 \u00bd \/ 3\/4&#8243; DCW<\/li>\n<li>Soporte Iso-Pod\u2122<\/li>\n<li>Disponible en acabado de aluminio RAW<\/li>\n<\/ul>\n<p>&nbsp;<\/p>\n","protected":false},"featured_media":11156,"template":"","meta":{"_acf_changed":false},"product_brand":[],"product_cat":[1394,1395,1404],"product_tag":[],"class_list":{"0":"post-14060","1":"product","2":"type-product","3":"status-publish","4":"has-post-thumbnail","6":"product_cat-monitores-de-estudio","7":"product_cat-por-series-genelec","8":"product_cat-serie-the-ones","9":"product_series-serie-the-ones","11":"first","12":"instock","13":"shipping-taxable","14":"product-type-simple"},"acf":[],"yoast_head":"<!-- This site is optimized with the Yoast SEO plugin v27.1.1 - https:\/\/yoast.com\/product\/yoast-seo-wordpress\/ -->\n<title>8331A - Audio-Technica Iberia<\/title>\n<meta name=\"robots\" content=\"index, follow, max-snippet:-1, max-image-preview:large, max-video-preview:-1\" \/>\n<link rel=\"canonical\" href=\"https:\/\/distribution.audio-technica.eu\/es-es\/productos\/8331a-sam\/\" \/>\n<meta property=\"og:locale\" content=\"es_ES\" \/>\n<meta property=\"og:type\" content=\"article\" \/>\n<meta property=\"og:title\" content=\"8331A - Audio-Technica Iberia\" \/>\n<meta property=\"og:description\" content=\"Monitor coaxial 3 v\u00edas triamplificado SAM, 5&quot;  Monitor de tres v\u00edas tan compacto como uno de dos v\u00edas  Excelente imagen sonora  No provoca fatiga auditiva  Autoamplificado: Woofer 72 W Medios 36 W Tweeter 36 W  2x woofers ovales 5 1\/8 x 2 5\/8&quot; medios\/tweeter MDC\u2122 3 \u00bd \/ 3\/4&quot; DCW  Soporte Iso-Pod\u2122  Disponible en acabado de aluminio RAW &nbsp;\" \/>\n<meta property=\"og:url\" content=\"https:\/\/distribution.audio-technica.eu\/es-es\/productos\/8331a-sam\/\" \/>\n<meta property=\"og:site_name\" content=\"Audio-Technica Iberia\" \/>\n<meta property=\"article:modified_time\" content=\"2023-07-13T11:34:31+00:00\" \/>\n<meta property=\"og:image\" content=\"https:\/\/distribution.audio-technica.eu\/app\/uploads\/sites\/2\/Genelec-8331A-1.jpg\" \/>\n\t<meta property=\"og:image:width\" content=\"1000\" \/>\n\t<meta property=\"og:image:height\" content=\"1000\" \/>\n\t<meta property=\"og:image:type\" content=\"image\/jpeg\" \/>\n<meta name=\"twitter:card\" content=\"summary_large_image\" \/>\n<meta name=\"twitter:label1\" content=\"Tiempo de lectura\" \/>\n\t<meta name=\"twitter:data1\" content=\"3 minutos\" \/>\n<script type=\"application\/ld+json\" class=\"yoast-schema-graph\">{\"@context\":\"https:\/\/schema.org\",\"@graph\":[{\"@type\":\"WebPage\",\"@id\":\"https:\/\/distribution.audio-technica.eu\/es-es\/productos\/8331a-sam\/\",\"url\":\"https:\/\/distribution.audio-technica.eu\/es-es\/productos\/8331a-sam\/\",\"name\":\"8331A - Audio-Technica Iberia\",\"isPartOf\":{\"@id\":\"https:\/\/distribution.audio-technica.eu\/es-es\/#website\"},\"primaryImageOfPage\":{\"@id\":\"https:\/\/distribution.audio-technica.eu\/es-es\/productos\/8331a-sam\/#primaryimage\"},\"image\":{\"@id\":\"https:\/\/distribution.audio-technica.eu\/es-es\/productos\/8331a-sam\/#primaryimage\"},\"thumbnailUrl\":\"\/app\/uploads\/sites\/2\/Genelec-8331A-1.jpg\",\"datePublished\":\"2018-07-12T12:31:15+00:00\",\"dateModified\":\"2023-07-13T11:34:31+00:00\",\"breadcrumb\":{\"@id\":\"https:\/\/distribution.audio-technica.eu\/es-es\/productos\/8331a-sam\/#breadcrumb\"},\"inLanguage\":\"es\",\"potentialAction\":[{\"@type\":\"ReadAction\",\"target\":[\"https:\/\/distribution.audio-technica.eu\/es-es\/productos\/8331a-sam\/\"]}]},{\"@type\":\"ImageObject\",\"inLanguage\":\"es\",\"@id\":\"https:\/\/distribution.audio-technica.eu\/es-es\/productos\/8331a-sam\/#primaryimage\",\"url\":\"\/app\/uploads\/sites\/2\/Genelec-8331A-1.jpg\",\"contentUrl\":\"\/app\/uploads\/sites\/2\/Genelec-8331A-1.jpg\",\"width\":1000,\"height\":1000},{\"@type\":\"BreadcrumbList\",\"@id\":\"https:\/\/distribution.audio-technica.eu\/es-es\/productos\/8331a-sam\/#breadcrumb\",\"itemListElement\":[{\"@type\":\"ListItem\",\"position\":1,\"name\":\"Products\",\"item\":\"https:\/\/distribution.audio-technica.eu\/es-es\/\"},{\"@type\":\"ListItem\",\"position\":2,\"name\":\"Productos\",\"item\":\"https:\/\/distribution.audio-technica.eu\/es-es\/productos\/\"},{\"@type\":\"ListItem\",\"position\":3,\"name\":\"8331A\"}]},{\"@type\":\"WebSite\",\"@id\":\"https:\/\/distribution.audio-technica.eu\/es-es\/#website\",\"url\":\"https:\/\/distribution.audio-technica.eu\/es-es\/\",\"name\":\"Audio-Technica Iberia\",\"description\":\"Distribuci\u00f3n\",\"potentialAction\":[{\"@type\":\"SearchAction\",\"target\":{\"@type\":\"EntryPoint\",\"urlTemplate\":\"https:\/\/distribution.audio-technica.eu\/es-es\/?s={search_term_string}\"},\"query-input\":{\"@type\":\"PropertyValueSpecification\",\"valueRequired\":true,\"valueName\":\"search_term_string\"}}],\"inLanguage\":\"es\"}]}<\/script>\n<!-- \/ Yoast SEO plugin. -->","yoast_head_json":{"title":"8331A - Audio-Technica Iberia","robots":{"index":"index","follow":"follow","max-snippet":"max-snippet:-1","max-image-preview":"max-image-preview:large","max-video-preview":"max-video-preview:-1"},"canonical":"https:\/\/distribution.audio-technica.eu\/es-es\/productos\/8331a-sam\/","og_locale":"es_ES","og_type":"article","og_title":"8331A - Audio-Technica Iberia","og_description":"Monitor coaxial 3 v\u00edas triamplificado SAM, 5\"  Monitor de tres v\u00edas tan compacto como uno de dos v\u00edas  Excelente imagen sonora  No provoca fatiga auditiva  Autoamplificado: Woofer 72 W Medios 36 W Tweeter 36 W  2x woofers ovales 5 1\/8 x 2 5\/8\" medios\/tweeter MDC\u2122 3 \u00bd \/ 3\/4\" DCW  Soporte Iso-Pod\u2122  Disponible en acabado de aluminio RAW &nbsp;","og_url":"https:\/\/distribution.audio-technica.eu\/es-es\/productos\/8331a-sam\/","og_site_name":"Audio-Technica Iberia","article_modified_time":"2023-07-13T11:34:31+00:00","og_image":[{"width":1000,"height":1000,"url":"https:\/\/distribution.audio-technica.eu\/app\/uploads\/sites\/2\/Genelec-8331A-1.jpg","type":"image\/jpeg"}],"twitter_card":"summary_large_image","twitter_misc":{"Tiempo de lectura":"3 minutos"},"schema":{"@context":"https:\/\/schema.org","@graph":[{"@type":"WebPage","@id":"https:\/\/distribution.audio-technica.eu\/es-es\/productos\/8331a-sam\/","url":"https:\/\/distribution.audio-technica.eu\/es-es\/productos\/8331a-sam\/","name":"8331A - Audio-Technica Iberia","isPartOf":{"@id":"https:\/\/distribution.audio-technica.eu\/es-es\/#website"},"primaryImageOfPage":{"@id":"https:\/\/distribution.audio-technica.eu\/es-es\/productos\/8331a-sam\/#primaryimage"},"image":{"@id":"https:\/\/distribution.audio-technica.eu\/es-es\/productos\/8331a-sam\/#primaryimage"},"thumbnailUrl":"\/app\/uploads\/sites\/2\/Genelec-8331A-1.jpg","datePublished":"2018-07-12T12:31:15+00:00","dateModified":"2023-07-13T11:34:31+00:00","breadcrumb":{"@id":"https:\/\/distribution.audio-technica.eu\/es-es\/productos\/8331a-sam\/#breadcrumb"},"inLanguage":"es","potentialAction":[{"@type":"ReadAction","target":["https:\/\/distribution.audio-technica.eu\/es-es\/productos\/8331a-sam\/"]}]},{"@type":"ImageObject","inLanguage":"es","@id":"https:\/\/distribution.audio-technica.eu\/es-es\/productos\/8331a-sam\/#primaryimage","url":"\/app\/uploads\/sites\/2\/Genelec-8331A-1.jpg","contentUrl":"\/app\/uploads\/sites\/2\/Genelec-8331A-1.jpg","width":1000,"height":1000},{"@type":"BreadcrumbList","@id":"https:\/\/distribution.audio-technica.eu\/es-es\/productos\/8331a-sam\/#breadcrumb","itemListElement":[{"@type":"ListItem","position":1,"name":"Products","item":"https:\/\/distribution.audio-technica.eu\/es-es\/"},{"@type":"ListItem","position":2,"name":"Productos","item":"https:\/\/distribution.audio-technica.eu\/es-es\/productos\/"},{"@type":"ListItem","position":3,"name":"8331A"}]},{"@type":"WebSite","@id":"https:\/\/distribution.audio-technica.eu\/es-es\/#website","url":"https:\/\/distribution.audio-technica.eu\/es-es\/","name":"Audio-Technica Iberia","description":"Distribuci\u00f3n","potentialAction":[{"@type":"SearchAction","target":{"@type":"EntryPoint","urlTemplate":"https:\/\/distribution.audio-technica.eu\/es-es\/?s={search_term_string}"},"query-input":{"@type":"PropertyValueSpecification","valueRequired":true,"valueName":"search_term_string"}}],"inLanguage":"es"}]}},"_links":{"self":[{"href":"https:\/\/distribution.audio-technica.eu\/es-es\/wp-json\/wp\/v2\/product\/14060","targetHints":{"allow":["GET"]}}],"collection":[{"href":"https:\/\/distribution.audio-technica.eu\/es-es\/wp-json\/wp\/v2\/product"}],"about":[{"href":"https:\/\/distribution.audio-technica.eu\/es-es\/wp-json\/wp\/v2\/types\/product"}],"wp:featuredmedia":[{"embeddable":true,"href":"https:\/\/distribution.audio-technica.eu\/es-es\/wp-json\/wp\/v2\/media\/11156"}],"wp:attachment":[{"href":"https:\/\/distribution.audio-technica.eu\/es-es\/wp-json\/wp\/v2\/media?parent=14060"}],"wp:term":[{"taxonomy":"product_brand","embeddable":true,"href":"https:\/\/distribution.audio-technica.eu\/es-es\/wp-json\/wp\/v2\/product_brand?post=14060"},{"taxonomy":"product_cat","embeddable":true,"href":"https:\/\/distribution.audio-technica.eu\/es-es\/wp-json\/wp\/v2\/product_cat?post=14060"},{"taxonomy":"product_tag","embeddable":true,"href":"https:\/\/distribution.audio-technica.eu\/es-es\/wp-json\/wp\/v2\/product_tag?post=14060"}],"curies":[{"name":"wp","href":"https:\/\/api.w.org\/{rel}","templated":true}]}}