{"id":14062,"date":"2018-07-12T14:31:15","date_gmt":"2018-07-12T12:31:15","guid":{"rendered":"https:\/\/atdb-production.studiograft.dev\/es\/product\/import-placeholder-for-1324\/"},"modified":"2023-07-13T13:33:44","modified_gmt":"2023-07-13T11:33:44","slug":"1032c-sam","status":"publish","type":"product","link":"https:\/\/distribution.audio-technica.eu\/es-es\/productos\/1032c-sam\/","title":{"rendered":"1032C"},"content":{"rendered":"<h2>1032C<\/h2>\n<h3>Monitor activo inteligente de 2 v\u00edas, 10&#8243;<\/h3>\n<p>El cl\u00e1sico 1032 es ahora reeditado como monitor SAM, que ofrece adem\u00e1s una mayor capacidad SPL.<br \/>\n1032C es un monitor de campo cercano de dos v\u00edas, de tama\u00f1o compacto, y alta capacidad SPL, que fusiona el estilo cl\u00e1sico de la ic\u00f3nica serie 1000 con la tecnolog\u00eda m\u00e1s avanzada desarrollada por Genelec.<br \/>\nManteniendo los mismos transductores y las apreciadas caracter\u00edsticas sonoras de la versi\u00f3n previa, el 1032C ha sido actualizado con la m\u00e1s avanzada tecnolog\u00eda SAM. Tambi\u00e9n se ha incorporado E\/S digital, fuente de alimentaci\u00f3n universal y una potente amplificaci\u00f3n en clase D, que capacita al 1032C para ofrecer niveles SPL a\u00fan m\u00e1s altos y mayor respuesta en graves, si se compara con sus ya de por si potentes predecesores.<br \/>\nLas versiones anteriores del 1032 ofrec\u00edan conmutadores DIP situados en su panel posterior que permit\u00edan realizar ajustes en su respuesta, tarea que debe ser realizada siempre que se coloca el monitor de referencia en una sala. El 1032C sigue incorporando estos conmutadores DIP, pero se la ha dotado tambi\u00e9n de la opci\u00f3n de personalizar esa respuesta de forma m\u00e1s precisa utilizando el avanzado software GLM de Genelec, que se ejecuta en ordenadores Mac o PC. GLM tambi\u00e9n a\u00f1ade la posibilidad de configurar sistemas de monitorizaci\u00f3n de cualquier tama\u00f1o, utilizando una gran variedad de monitores SAM, y permitiendo enmudecer, colocar en solo o conmutar entre monitores. Como dispositivo SAM de \u00faltima generaci\u00f3n, el 1032C tambi\u00e9n incluye prestaciones tales como la alineaci\u00f3n de retardos, el retardo de compensaci\u00f3n para v\u00eddeo y la calibraci\u00f3n de nivel, as\u00ed como la detecci\u00f3n de la se\u00f1al de entrada que activa el modo autom\u00e1tico de ahorro de energ\u00eda (ISS).<br \/>\nEl monitor 1032C es la elecci\u00f3n perfecta para entornos de producci\u00f3n musical de alto nivel, post producci\u00f3n y broadcast.<\/p>\n<ul>\n<li>SPL: 114 dB<\/li>\n<li>Precisi\u00f3n de la respuesta en frecuencia:33 Hz &#8211; 23 kHz (-6 dB)<\/li>\n<li>Respuesta en frecuencia:\u00b1 2.5 dB (40 Hz &#8211; 20 kHz)<\/li>\n<li>Componentes: Woofer 10\u201d Tweeter 1\u201d con c\u00fapula met\u00e1lica DCW\u2122<\/li>\n<li>Amplificaci\u00f3n: 200W Woofer 150W tweeter en clase D<\/li>\n<li>Conexiones: 1 x entrada anal\u00f3gica XLR, 1 x entrada \/ 1 x salida XLR digital AES\/EBU, 2 x RJ45 control red<\/li>\n<li>Incluye software GLM<\/li>\n<li>Tecnolog\u00eda Intelligent Signal Sensing (ISS)<\/li>\n<li>Dimensiones (Al x An x Fo): 495 x 320 x 290 mm<\/li>\n<li>Peso: 17 kg<\/li>\n<\/ul>\n","protected":false},"excerpt":{"rendered":"<h3>Monitor activo SAM de 2 v\u00edas, 10&#8243;<\/h3>\n<ul class=\"summary\">\n<li>El cl\u00e1sico 1032 ahora en formato SAM<\/li>\n<li>Transductores: Woofer 10\u201d Tweeter 1\u201d con c\u00fapula met\u00e1lica DCW\u2122<\/li>\n<li>E\/S digital<\/li>\n<li>Amplificaci\u00f3n clase D 200 W 150 W<\/li>\n<li>Incluye software GLM<\/li>\n<li>Tecnolog\u00eda Intelligent Signal Sensing (ISS)<\/li>\n<\/ul>\n","protected":false},"featured_media":11166,"template":"","meta":{"_acf_changed":false},"product_brand":[],"product_cat":[1394,1395,1396],"product_tag":[],"class_list":{"0":"post-14062","1":"product","2":"type-product","3":"status-publish","4":"has-post-thumbnail","6":"product_cat-monitores-de-estudio","7":"product_cat-por-series-genelec","8":"product_cat-serie-sam","9":"product_series-serie-sam","11":"first","12":"instock","13":"shipping-taxable","14":"product-type-simple"},"acf":[],"yoast_head":"<!-- This site is optimized with the Yoast SEO plugin v27.1.1 - https:\/\/yoast.com\/product\/yoast-seo-wordpress\/ -->\n<title>1032C - Audio-Technica Iberia<\/title>\n<meta name=\"robots\" content=\"index, follow, max-snippet:-1, max-image-preview:large, max-video-preview:-1\" \/>\n<link rel=\"canonical\" href=\"https:\/\/distribution.audio-technica.eu\/es-es\/productos\/1032c-sam\/\" \/>\n<meta property=\"og:locale\" content=\"es_ES\" \/>\n<meta property=\"og:type\" content=\"article\" \/>\n<meta property=\"og:title\" content=\"1032C - Audio-Technica Iberia\" \/>\n<meta property=\"og:description\" content=\"Monitor activo SAM de 2 v\u00edas, 10&quot;  El cl\u00e1sico 1032 ahora en formato SAM  Transductores: Woofer 10\u201d Tweeter 1\u201d con c\u00fapula met\u00e1lica DCW\u2122  E\/S digital  Amplificaci\u00f3n clase D 200 W 150 W  Incluye software GLM  Tecnolog\u00eda Intelligent Signal Sensing (ISS)\" \/>\n<meta property=\"og:url\" content=\"https:\/\/distribution.audio-technica.eu\/es-es\/productos\/1032c-sam\/\" \/>\n<meta property=\"og:site_name\" content=\"Audio-Technica Iberia\" \/>\n<meta property=\"article:modified_time\" content=\"2023-07-13T11:33:44+00:00\" \/>\n<meta property=\"og:image\" content=\"https:\/\/distribution.audio-technica.eu\/app\/uploads\/sites\/2\/Genelec-1032C-SAM-1.jpg\" \/>\n\t<meta property=\"og:image:width\" content=\"1000\" \/>\n\t<meta property=\"og:image:height\" content=\"1000\" \/>\n\t<meta property=\"og:image:type\" content=\"image\/jpeg\" \/>\n<meta name=\"twitter:card\" content=\"summary_large_image\" \/>\n<meta name=\"twitter:label1\" content=\"Tiempo de lectura\" \/>\n\t<meta name=\"twitter:data1\" content=\"2 minutos\" \/>\n<script type=\"application\/ld+json\" class=\"yoast-schema-graph\">{\"@context\":\"https:\/\/schema.org\",\"@graph\":[{\"@type\":\"WebPage\",\"@id\":\"https:\/\/distribution.audio-technica.eu\/es-es\/productos\/1032c-sam\/\",\"url\":\"https:\/\/distribution.audio-technica.eu\/es-es\/productos\/1032c-sam\/\",\"name\":\"1032C - Audio-Technica Iberia\",\"isPartOf\":{\"@id\":\"https:\/\/distribution.audio-technica.eu\/es-es\/#website\"},\"primaryImageOfPage\":{\"@id\":\"https:\/\/distribution.audio-technica.eu\/es-es\/productos\/1032c-sam\/#primaryimage\"},\"image\":{\"@id\":\"https:\/\/distribution.audio-technica.eu\/es-es\/productos\/1032c-sam\/#primaryimage\"},\"thumbnailUrl\":\"\/app\/uploads\/sites\/2\/Genelec-1032C-SAM-1.jpg\",\"datePublished\":\"2018-07-12T12:31:15+00:00\",\"dateModified\":\"2023-07-13T11:33:44+00:00\",\"breadcrumb\":{\"@id\":\"https:\/\/distribution.audio-technica.eu\/es-es\/productos\/1032c-sam\/#breadcrumb\"},\"inLanguage\":\"es\",\"potentialAction\":[{\"@type\":\"ReadAction\",\"target\":[\"https:\/\/distribution.audio-technica.eu\/es-es\/productos\/1032c-sam\/\"]}]},{\"@type\":\"ImageObject\",\"inLanguage\":\"es\",\"@id\":\"https:\/\/distribution.audio-technica.eu\/es-es\/productos\/1032c-sam\/#primaryimage\",\"url\":\"\/app\/uploads\/sites\/2\/Genelec-1032C-SAM-1.jpg\",\"contentUrl\":\"\/app\/uploads\/sites\/2\/Genelec-1032C-SAM-1.jpg\",\"width\":1000,\"height\":1000},{\"@type\":\"BreadcrumbList\",\"@id\":\"https:\/\/distribution.audio-technica.eu\/es-es\/productos\/1032c-sam\/#breadcrumb\",\"itemListElement\":[{\"@type\":\"ListItem\",\"position\":1,\"name\":\"Products\",\"item\":\"https:\/\/distribution.audio-technica.eu\/es-es\/\"},{\"@type\":\"ListItem\",\"position\":2,\"name\":\"Productos\",\"item\":\"https:\/\/distribution.audio-technica.eu\/es-es\/productos\/\"},{\"@type\":\"ListItem\",\"position\":3,\"name\":\"1032C\"}]},{\"@type\":\"WebSite\",\"@id\":\"https:\/\/distribution.audio-technica.eu\/es-es\/#website\",\"url\":\"https:\/\/distribution.audio-technica.eu\/es-es\/\",\"name\":\"Audio-Technica Iberia\",\"description\":\"Distribuci\u00f3n\",\"potentialAction\":[{\"@type\":\"SearchAction\",\"target\":{\"@type\":\"EntryPoint\",\"urlTemplate\":\"https:\/\/distribution.audio-technica.eu\/es-es\/?s={search_term_string}\"},\"query-input\":{\"@type\":\"PropertyValueSpecification\",\"valueRequired\":true,\"valueName\":\"search_term_string\"}}],\"inLanguage\":\"es\"}]}<\/script>\n<!-- \/ Yoast SEO plugin. -->","yoast_head_json":{"title":"1032C - Audio-Technica Iberia","robots":{"index":"index","follow":"follow","max-snippet":"max-snippet:-1","max-image-preview":"max-image-preview:large","max-video-preview":"max-video-preview:-1"},"canonical":"https:\/\/distribution.audio-technica.eu\/es-es\/productos\/1032c-sam\/","og_locale":"es_ES","og_type":"article","og_title":"1032C - Audio-Technica Iberia","og_description":"Monitor activo SAM de 2 v\u00edas, 10\"  El cl\u00e1sico 1032 ahora en formato SAM  Transductores: Woofer 10\u201d Tweeter 1\u201d con c\u00fapula met\u00e1lica DCW\u2122  E\/S digital  Amplificaci\u00f3n clase D 200 W 150 W  Incluye software GLM  Tecnolog\u00eda Intelligent Signal Sensing (ISS)","og_url":"https:\/\/distribution.audio-technica.eu\/es-es\/productos\/1032c-sam\/","og_site_name":"Audio-Technica Iberia","article_modified_time":"2023-07-13T11:33:44+00:00","og_image":[{"width":1000,"height":1000,"url":"https:\/\/distribution.audio-technica.eu\/app\/uploads\/sites\/2\/Genelec-1032C-SAM-1.jpg","type":"image\/jpeg"}],"twitter_card":"summary_large_image","twitter_misc":{"Tiempo de lectura":"2 minutos"},"schema":{"@context":"https:\/\/schema.org","@graph":[{"@type":"WebPage","@id":"https:\/\/distribution.audio-technica.eu\/es-es\/productos\/1032c-sam\/","url":"https:\/\/distribution.audio-technica.eu\/es-es\/productos\/1032c-sam\/","name":"1032C - Audio-Technica Iberia","isPartOf":{"@id":"https:\/\/distribution.audio-technica.eu\/es-es\/#website"},"primaryImageOfPage":{"@id":"https:\/\/distribution.audio-technica.eu\/es-es\/productos\/1032c-sam\/#primaryimage"},"image":{"@id":"https:\/\/distribution.audio-technica.eu\/es-es\/productos\/1032c-sam\/#primaryimage"},"thumbnailUrl":"\/app\/uploads\/sites\/2\/Genelec-1032C-SAM-1.jpg","datePublished":"2018-07-12T12:31:15+00:00","dateModified":"2023-07-13T11:33:44+00:00","breadcrumb":{"@id":"https:\/\/distribution.audio-technica.eu\/es-es\/productos\/1032c-sam\/#breadcrumb"},"inLanguage":"es","potentialAction":[{"@type":"ReadAction","target":["https:\/\/distribution.audio-technica.eu\/es-es\/productos\/1032c-sam\/"]}]},{"@type":"ImageObject","inLanguage":"es","@id":"https:\/\/distribution.audio-technica.eu\/es-es\/productos\/1032c-sam\/#primaryimage","url":"\/app\/uploads\/sites\/2\/Genelec-1032C-SAM-1.jpg","contentUrl":"\/app\/uploads\/sites\/2\/Genelec-1032C-SAM-1.jpg","width":1000,"height":1000},{"@type":"BreadcrumbList","@id":"https:\/\/distribution.audio-technica.eu\/es-es\/productos\/1032c-sam\/#breadcrumb","itemListElement":[{"@type":"ListItem","position":1,"name":"Products","item":"https:\/\/distribution.audio-technica.eu\/es-es\/"},{"@type":"ListItem","position":2,"name":"Productos","item":"https:\/\/distribution.audio-technica.eu\/es-es\/productos\/"},{"@type":"ListItem","position":3,"name":"1032C"}]},{"@type":"WebSite","@id":"https:\/\/distribution.audio-technica.eu\/es-es\/#website","url":"https:\/\/distribution.audio-technica.eu\/es-es\/","name":"Audio-Technica Iberia","description":"Distribuci\u00f3n","potentialAction":[{"@type":"SearchAction","target":{"@type":"EntryPoint","urlTemplate":"https:\/\/distribution.audio-technica.eu\/es-es\/?s={search_term_string}"},"query-input":{"@type":"PropertyValueSpecification","valueRequired":true,"valueName":"search_term_string"}}],"inLanguage":"es"}]}},"_links":{"self":[{"href":"https:\/\/distribution.audio-technica.eu\/es-es\/wp-json\/wp\/v2\/product\/14062","targetHints":{"allow":["GET"]}}],"collection":[{"href":"https:\/\/distribution.audio-technica.eu\/es-es\/wp-json\/wp\/v2\/product"}],"about":[{"href":"https:\/\/distribution.audio-technica.eu\/es-es\/wp-json\/wp\/v2\/types\/product"}],"wp:featuredmedia":[{"embeddable":true,"href":"https:\/\/distribution.audio-technica.eu\/es-es\/wp-json\/wp\/v2\/media\/11166"}],"wp:attachment":[{"href":"https:\/\/distribution.audio-technica.eu\/es-es\/wp-json\/wp\/v2\/media?parent=14062"}],"wp:term":[{"taxonomy":"product_brand","embeddable":true,"href":"https:\/\/distribution.audio-technica.eu\/es-es\/wp-json\/wp\/v2\/product_brand?post=14062"},{"taxonomy":"product_cat","embeddable":true,"href":"https:\/\/distribution.audio-technica.eu\/es-es\/wp-json\/wp\/v2\/product_cat?post=14062"},{"taxonomy":"product_tag","embeddable":true,"href":"https:\/\/distribution.audio-technica.eu\/es-es\/wp-json\/wp\/v2\/product_tag?post=14062"}],"curies":[{"name":"wp","href":"https:\/\/api.w.org\/{rel}","templated":true}]}}