{"id":14075,"date":"2018-07-12T14:31:18","date_gmt":"2018-07-12T12:31:18","guid":{"rendered":"https:\/\/atdb-production.studiograft.dev\/es\/product\/import-placeholder-for-1337\/"},"modified":"2023-07-12T04:29:20","modified_gmt":"2023-07-12T02:29:20","slug":"madi","status":"publish","type":"product","link":"https:\/\/distribution.audio-technica.eu\/es-es\/productos\/madi\/","title":{"rendered":"MADI"},"content":{"rendered":"<h2>MADI<\/h2>\n<h3>Tarjeta de audio en red para iLive y GLD<\/h3>\n<p>La tarjeta MADI de doble puerto soporta la transmisi\u00f3n de dos flujos de se\u00f1al de 64 canales bidireccionales de audio digital en serie a 24-bit 48kHz mediante dos cables coaxiales de 75 ohmios por cada puerto. Los cables MADI son direccionales, por lo que hay un conector para la salida y uno para la entrada. Es una interfaz punto a punto entre fuente y destino. Dispone de un conector AUX adicional que se puede configurar para duplicar la salida del puerto 1 -\u00fatil para el splitting de se\u00f1al hacia m\u00faltiples dispositivos, como paso \u00abthru\u00bb para las entradas del puerto 1-, lo que permite encadenar las se\u00f1ales a un n\u00famero ilimitado de dispositivos, o como entrada\/salida para reloj de sincron\u00eda (WordClock). El segundo puerto se puede configurar como un flujo de audio independiente o como una conexi\u00f3n redundante de respaldo utilizando un segundo cable. El modo de enlace dual permite conectar y transmitir audio con dos dispositivos independientes. Las entradas al sistema pueden ser conectadas desde los dos flujos MADI en bloques de 8 mientras que las mismas salidas se transmiten en ambos enlaces.<o_p><\/o_p><\/p>\n<p>M-MADI es una de las m\u00faltiples opciones de audio digital en red disponibles para iLive y GLD que permite la integraci\u00f3n con otros sistemas, el split digital de micr\u00f3fonos, la grabaci\u00f3n multipista y diferentes configuraciones de expansi\u00f3n. La tarjeta se puede montar en la ranura de expansi\u00f3n del puerto B de los MixRack de formato fijo para iLive (iDR-16, iDR-32, iDR-48, iDR-64) o del rack de expansi\u00f3n (xDR-16). Tambi\u00e9n puede ir insertada en el puerto A\/B de los MixRacks modulares para iLive (iDR0, iDR10) y en el puerto A de las superficies modulares iLive siempre que estas est\u00e9n equipadas con el nuevo est\u00e1ndar RAB-2. As\u00ed mismo, puede ser instalada en la ranura de expansi\u00f3n del m\u00f3dulo de entrada\/salida en un mezclador GLD o en cualquier puerto de E\/S de un sistema dLive equipado con una interfaz M-DL-ADAPT.<o_p><\/o_p><\/p>\n<ul>\n<li><strong>Audio digital sobre cable coaxial de 75 ohms<\/strong>: MADI es un sistema de audio digital de baja latencia que soporta 64 canales bidireccionales de audio digital de 24-bit 48kHz mediante cables coaxiales de 75 ohms.<\/li>\n<li><strong>Total integraci\u00f3n y flexibilidad<\/strong>: Permite la integraci\u00f3n de iLive o GLD con otros sistemas, el split digital de micr\u00f3fonos, la grabaci\u00f3n multipista y diferentes configuraciones de expansi\u00f3n.<\/li>\n<li><strong>Configuraci\u00f3n sencilla y rentable:<\/strong> M-MADI reduce dr\u00e1sticamente los costos y tiempos de instalaci\u00f3n de los sistemas integrados, los cuales se pueden mezclar y combinar en una gran variedad de posibilidades de enlaces de audio y opciones de red.<\/li>\n<li>Conectores BNC<\/li>\n<li>Conector BNC AUX adicional<\/li>\n<li>Modo de enlace dual<\/li>\n<li>Modo redundante<\/li>\n<li>Rango de sincronizaci\u00f3n del reloj: 48 KHz \u00b1100ppm<\/li>\n<li>Longitud del cable: 150m entre sistemas Allen&amp;Heath<\/li>\n<\/ul>\n<\/div>\n<\/div>\n","protected":false},"excerpt":{"rendered":"<h3>Tarjeta de audio en red para iLive y GLD<\/h3>\n<ul class='summary'>\n<li>Transporta audio sobre cable coaxial de 75 ohms<\/li>\n<li>64 canales de audio a 48 kHz y 24bits<\/li>\n<li>Muy baja latencia<\/li>\n<\/ul>\n","protected":false},"featured_media":9665,"template":"","meta":{"_acf_changed":false},"product_brand":[],"product_cat":[1493,1494],"product_tag":[],"class_list":{"0":"post-14075","1":"product","2":"type-product","3":"status-publish","4":"has-post-thumbnail","6":"product_cat-mesas-de-mezclas-allen-heath","7":"product_cat-mesas-de-mezclas-para-directo-mesas-de-mezclas-allen-heath","9":"first","10":"instock","11":"shipping-taxable","12":"product-type-simple"},"acf":[],"yoast_head":"<!-- This site is optimized with the Yoast SEO plugin v27.1.1 - https:\/\/yoast.com\/product\/yoast-seo-wordpress\/ -->\n<title>MADI - Audio-Technica Iberia<\/title>\n<meta name=\"robots\" content=\"index, follow, max-snippet:-1, max-image-preview:large, max-video-preview:-1\" \/>\n<link rel=\"canonical\" href=\"https:\/\/distribution.audio-technica.eu\/es-es\/productos\/madi\/\" \/>\n<meta property=\"og:locale\" content=\"es_ES\" \/>\n<meta property=\"og:type\" content=\"article\" \/>\n<meta property=\"og:title\" content=\"MADI - Audio-Technica Iberia\" \/>\n<meta property=\"og:description\" content=\"Tarjeta de audio en red para iLive y GLDTransporta audio sobre cable coaxial de 75 ohms64 canales de audio a 48 kHz y 24bitsMuy baja latencia\" \/>\n<meta property=\"og:url\" content=\"https:\/\/distribution.audio-technica.eu\/es-es\/productos\/madi\/\" \/>\n<meta property=\"og:site_name\" content=\"Audio-Technica Iberia\" \/>\n<meta property=\"article:modified_time\" content=\"2023-07-12T02:29:20+00:00\" \/>\n<meta property=\"og:image\" content=\"https:\/\/distribution.audio-technica.eu\/app\/uploads\/sites\/2\/AH-iLive-MADI-1.jpg\" \/>\n\t<meta property=\"og:image:width\" content=\"1000\" \/>\n\t<meta property=\"og:image:height\" content=\"1000\" \/>\n\t<meta property=\"og:image:type\" content=\"image\/jpeg\" \/>\n<meta name=\"twitter:card\" content=\"summary_large_image\" \/>\n<meta name=\"twitter:label1\" content=\"Tiempo de lectura\" \/>\n\t<meta name=\"twitter:data1\" content=\"2 minutos\" \/>\n<script type=\"application\/ld+json\" class=\"yoast-schema-graph\">{\"@context\":\"https:\/\/schema.org\",\"@graph\":[{\"@type\":\"WebPage\",\"@id\":\"https:\/\/distribution.audio-technica.eu\/es-es\/productos\/madi\/\",\"url\":\"https:\/\/distribution.audio-technica.eu\/es-es\/productos\/madi\/\",\"name\":\"MADI - Audio-Technica Iberia\",\"isPartOf\":{\"@id\":\"https:\/\/distribution.audio-technica.eu\/es-es\/#website\"},\"primaryImageOfPage\":{\"@id\":\"https:\/\/distribution.audio-technica.eu\/es-es\/productos\/madi\/#primaryimage\"},\"image\":{\"@id\":\"https:\/\/distribution.audio-technica.eu\/es-es\/productos\/madi\/#primaryimage\"},\"thumbnailUrl\":\"\/app\/uploads\/sites\/2\/AH-iLive-MADI-1.jpg\",\"datePublished\":\"2018-07-12T12:31:18+00:00\",\"dateModified\":\"2023-07-12T02:29:20+00:00\",\"breadcrumb\":{\"@id\":\"https:\/\/distribution.audio-technica.eu\/es-es\/productos\/madi\/#breadcrumb\"},\"inLanguage\":\"es\",\"potentialAction\":[{\"@type\":\"ReadAction\",\"target\":[\"https:\/\/distribution.audio-technica.eu\/es-es\/productos\/madi\/\"]}]},{\"@type\":\"ImageObject\",\"inLanguage\":\"es\",\"@id\":\"https:\/\/distribution.audio-technica.eu\/es-es\/productos\/madi\/#primaryimage\",\"url\":\"\/app\/uploads\/sites\/2\/AH-iLive-MADI-1.jpg\",\"contentUrl\":\"\/app\/uploads\/sites\/2\/AH-iLive-MADI-1.jpg\",\"width\":1000,\"height\":1000},{\"@type\":\"BreadcrumbList\",\"@id\":\"https:\/\/distribution.audio-technica.eu\/es-es\/productos\/madi\/#breadcrumb\",\"itemListElement\":[{\"@type\":\"ListItem\",\"position\":1,\"name\":\"Products\",\"item\":\"https:\/\/distribution.audio-technica.eu\/es-es\/\"},{\"@type\":\"ListItem\",\"position\":2,\"name\":\"Productos\",\"item\":\"https:\/\/distribution.audio-technica.eu\/es-es\/productos\/\"},{\"@type\":\"ListItem\",\"position\":3,\"name\":\"MADI\"}]},{\"@type\":\"WebSite\",\"@id\":\"https:\/\/distribution.audio-technica.eu\/es-es\/#website\",\"url\":\"https:\/\/distribution.audio-technica.eu\/es-es\/\",\"name\":\"Audio-Technica Iberia\",\"description\":\"Distribuci\u00f3n\",\"potentialAction\":[{\"@type\":\"SearchAction\",\"target\":{\"@type\":\"EntryPoint\",\"urlTemplate\":\"https:\/\/distribution.audio-technica.eu\/es-es\/?s={search_term_string}\"},\"query-input\":{\"@type\":\"PropertyValueSpecification\",\"valueRequired\":true,\"valueName\":\"search_term_string\"}}],\"inLanguage\":\"es\"}]}<\/script>\n<!-- \/ Yoast SEO plugin. -->","yoast_head_json":{"title":"MADI - Audio-Technica Iberia","robots":{"index":"index","follow":"follow","max-snippet":"max-snippet:-1","max-image-preview":"max-image-preview:large","max-video-preview":"max-video-preview:-1"},"canonical":"https:\/\/distribution.audio-technica.eu\/es-es\/productos\/madi\/","og_locale":"es_ES","og_type":"article","og_title":"MADI - Audio-Technica Iberia","og_description":"Tarjeta de audio en red para iLive y GLDTransporta audio sobre cable coaxial de 75 ohms64 canales de audio a 48 kHz y 24bitsMuy baja latencia","og_url":"https:\/\/distribution.audio-technica.eu\/es-es\/productos\/madi\/","og_site_name":"Audio-Technica Iberia","article_modified_time":"2023-07-12T02:29:20+00:00","og_image":[{"width":1000,"height":1000,"url":"https:\/\/distribution.audio-technica.eu\/app\/uploads\/sites\/2\/AH-iLive-MADI-1.jpg","type":"image\/jpeg"}],"twitter_card":"summary_large_image","twitter_misc":{"Tiempo de lectura":"2 minutos"},"schema":{"@context":"https:\/\/schema.org","@graph":[{"@type":"WebPage","@id":"https:\/\/distribution.audio-technica.eu\/es-es\/productos\/madi\/","url":"https:\/\/distribution.audio-technica.eu\/es-es\/productos\/madi\/","name":"MADI - Audio-Technica Iberia","isPartOf":{"@id":"https:\/\/distribution.audio-technica.eu\/es-es\/#website"},"primaryImageOfPage":{"@id":"https:\/\/distribution.audio-technica.eu\/es-es\/productos\/madi\/#primaryimage"},"image":{"@id":"https:\/\/distribution.audio-technica.eu\/es-es\/productos\/madi\/#primaryimage"},"thumbnailUrl":"\/app\/uploads\/sites\/2\/AH-iLive-MADI-1.jpg","datePublished":"2018-07-12T12:31:18+00:00","dateModified":"2023-07-12T02:29:20+00:00","breadcrumb":{"@id":"https:\/\/distribution.audio-technica.eu\/es-es\/productos\/madi\/#breadcrumb"},"inLanguage":"es","potentialAction":[{"@type":"ReadAction","target":["https:\/\/distribution.audio-technica.eu\/es-es\/productos\/madi\/"]}]},{"@type":"ImageObject","inLanguage":"es","@id":"https:\/\/distribution.audio-technica.eu\/es-es\/productos\/madi\/#primaryimage","url":"\/app\/uploads\/sites\/2\/AH-iLive-MADI-1.jpg","contentUrl":"\/app\/uploads\/sites\/2\/AH-iLive-MADI-1.jpg","width":1000,"height":1000},{"@type":"BreadcrumbList","@id":"https:\/\/distribution.audio-technica.eu\/es-es\/productos\/madi\/#breadcrumb","itemListElement":[{"@type":"ListItem","position":1,"name":"Products","item":"https:\/\/distribution.audio-technica.eu\/es-es\/"},{"@type":"ListItem","position":2,"name":"Productos","item":"https:\/\/distribution.audio-technica.eu\/es-es\/productos\/"},{"@type":"ListItem","position":3,"name":"MADI"}]},{"@type":"WebSite","@id":"https:\/\/distribution.audio-technica.eu\/es-es\/#website","url":"https:\/\/distribution.audio-technica.eu\/es-es\/","name":"Audio-Technica Iberia","description":"Distribuci\u00f3n","potentialAction":[{"@type":"SearchAction","target":{"@type":"EntryPoint","urlTemplate":"https:\/\/distribution.audio-technica.eu\/es-es\/?s={search_term_string}"},"query-input":{"@type":"PropertyValueSpecification","valueRequired":true,"valueName":"search_term_string"}}],"inLanguage":"es"}]}},"_links":{"self":[{"href":"https:\/\/distribution.audio-technica.eu\/es-es\/wp-json\/wp\/v2\/product\/14075","targetHints":{"allow":["GET"]}}],"collection":[{"href":"https:\/\/distribution.audio-technica.eu\/es-es\/wp-json\/wp\/v2\/product"}],"about":[{"href":"https:\/\/distribution.audio-technica.eu\/es-es\/wp-json\/wp\/v2\/types\/product"}],"wp:featuredmedia":[{"embeddable":true,"href":"https:\/\/distribution.audio-technica.eu\/es-es\/wp-json\/wp\/v2\/media\/9665"}],"wp:attachment":[{"href":"https:\/\/distribution.audio-technica.eu\/es-es\/wp-json\/wp\/v2\/media?parent=14075"}],"wp:term":[{"taxonomy":"product_brand","embeddable":true,"href":"https:\/\/distribution.audio-technica.eu\/es-es\/wp-json\/wp\/v2\/product_brand?post=14075"},{"taxonomy":"product_cat","embeddable":true,"href":"https:\/\/distribution.audio-technica.eu\/es-es\/wp-json\/wp\/v2\/product_cat?post=14075"},{"taxonomy":"product_tag","embeddable":true,"href":"https:\/\/distribution.audio-technica.eu\/es-es\/wp-json\/wp\/v2\/product_tag?post=14075"}],"curies":[{"name":"wp","href":"https:\/\/api.w.org\/{rel}","templated":true}]}}