{"id":14076,"date":"2018-07-12T14:31:18","date_gmt":"2018-07-12T12:31:18","guid":{"rendered":"https:\/\/atdb-production.studiograft.dev\/es\/product\/import-placeholder-for-1338\/"},"modified":"2025-03-21T08:52:58","modified_gmt":"2025-03-21T07:52:58","slug":"ip1","status":"publish","type":"product","link":"https:\/\/distribution.audio-technica.eu\/es-es\/productos\/ip1\/","title":{"rendered":"IP1"},"content":{"rendered":"<h2>IP1<\/h2>\n<h3>Controlador remoto para pared<\/h3>\n<p>IP1 es un simple, aunque potente controlador programable de montaje en pared, que proporciona al usuario sin conocimientos t\u00e9cnicos de un m\u00e9todo de control f\u00e1cil y asequible.<br \/>\nEjerce de interface con AHM, Avantis o dLive a trav\u00e9s de conexiones de red est\u00e1ndar TCP\/IP y puede ser conectado en red con otros controladores, ordenadores y dispositivos creados por terceros, utilizando la infraestructura est\u00e1ndar Ethernet.<br \/>\nLos controles IP y funciones se configuran utilizando el software (PC o Mac) AHM System Manager, Avantis Director o dLive Director ) o a trav\u00e9s de una superficie de mezcla dLive o Avantis.<\/p>\n<ul>\n<li>Selecci\u00f3n de fuente musical, control de nivel o recuperaci\u00f3n de presets<\/li>\n<li>Codificador rotativo de doble funci\u00f3n<\/li>\n<li>Display LCD<\/li>\n<li>Dos variantes: US (compatible Decora) y EU\/UK (compatible MK Elements)<\/li>\n<li>Compatible TCP\/IP &amp; POE<\/li>\n<\/ul>\n","protected":false},"excerpt":{"rendered":"<h3>Controlador remoto para pared<\/h3>\n<ul class=\"summary\">\n<li>Controlador programable de montaje en pared<\/li>\n<li>Puede ser utilizado por personal sin conocimientos t\u00e9cnicos<\/li>\n<li>Selecci\u00f3n de fuente musical, control de nivel o recuperaci\u00f3n de presets<\/li>\n<li>Display LCD<\/li>\n<li>Compatible TCP\/IP &amp; POE<\/li>\n<\/ul>\n","protected":false},"featured_media":9666,"template":"","meta":{"_acf_changed":false},"product_brand":[],"product_cat":[1501,2350,2184],"product_tag":[],"class_list":{"0":"post-14076","1":"product","2":"type-product","3":"status-publish","4":"has-post-thumbnail","6":"product_cat-paneles-de-control","7":"product_cat-serie-ip","8":"product_cat-serie-ahm","9":"product_series-serie-ip","11":"first","12":"instock","13":"shipping-taxable","14":"product-type-simple"},"acf":[],"yoast_head":"<!-- This site is optimized with the Yoast SEO plugin v27.1.1 - https:\/\/yoast.com\/product\/yoast-seo-wordpress\/ -->\n<title>IP1 - Audio-Technica Iberia<\/title>\n<meta name=\"robots\" content=\"index, follow, max-snippet:-1, max-image-preview:large, max-video-preview:-1\" \/>\n<link rel=\"canonical\" href=\"https:\/\/distribution.audio-technica.eu\/es-es\/productos\/ip1\/\" \/>\n<meta property=\"og:locale\" content=\"es_ES\" \/>\n<meta property=\"og:type\" content=\"article\" \/>\n<meta property=\"og:title\" content=\"IP1 - Audio-Technica Iberia\" \/>\n<meta property=\"og:description\" content=\"Controlador remoto para pared   Controlador programable de montaje en pared  Puede ser utilizado por personal sin conocimientos t\u00e9cnicos  Selecci\u00f3n de fuente musical, control de nivel o recuperaci\u00f3n de presets  Display LCD  Compatible TCP\/IP &amp; POE\" \/>\n<meta property=\"og:url\" content=\"https:\/\/distribution.audio-technica.eu\/es-es\/productos\/ip1\/\" \/>\n<meta property=\"og:site_name\" content=\"Audio-Technica Iberia\" \/>\n<meta property=\"article:modified_time\" content=\"2025-03-21T07:52:58+00:00\" \/>\n<meta property=\"og:image\" content=\"https:\/\/distribution.audio-technica.eu\/app\/uploads\/sites\/2\/AH-dLive-IP1-1.jpg\" \/>\n\t<meta property=\"og:image:width\" content=\"1000\" \/>\n\t<meta property=\"og:image:height\" content=\"1000\" \/>\n\t<meta property=\"og:image:type\" content=\"image\/jpeg\" \/>\n<meta name=\"twitter:card\" content=\"summary_large_image\" \/>\n<meta name=\"twitter:label1\" content=\"Tiempo de lectura\" \/>\n\t<meta name=\"twitter:data1\" content=\"1 minuto\" \/>\n<script type=\"application\/ld+json\" class=\"yoast-schema-graph\">{\"@context\":\"https:\/\/schema.org\",\"@graph\":[{\"@type\":\"WebPage\",\"@id\":\"https:\/\/distribution.audio-technica.eu\/es-es\/productos\/ip1\/\",\"url\":\"https:\/\/distribution.audio-technica.eu\/es-es\/productos\/ip1\/\",\"name\":\"IP1 - Audio-Technica Iberia\",\"isPartOf\":{\"@id\":\"https:\/\/distribution.audio-technica.eu\/es-es\/#website\"},\"primaryImageOfPage\":{\"@id\":\"https:\/\/distribution.audio-technica.eu\/es-es\/productos\/ip1\/#primaryimage\"},\"image\":{\"@id\":\"https:\/\/distribution.audio-technica.eu\/es-es\/productos\/ip1\/#primaryimage\"},\"thumbnailUrl\":\"\/app\/uploads\/sites\/2\/AH-dLive-IP1-1.jpg\",\"datePublished\":\"2018-07-12T12:31:18+00:00\",\"dateModified\":\"2025-03-21T07:52:58+00:00\",\"breadcrumb\":{\"@id\":\"https:\/\/distribution.audio-technica.eu\/es-es\/productos\/ip1\/#breadcrumb\"},\"inLanguage\":\"es\",\"potentialAction\":[{\"@type\":\"ReadAction\",\"target\":[\"https:\/\/distribution.audio-technica.eu\/es-es\/productos\/ip1\/\"]}]},{\"@type\":\"ImageObject\",\"inLanguage\":\"es\",\"@id\":\"https:\/\/distribution.audio-technica.eu\/es-es\/productos\/ip1\/#primaryimage\",\"url\":\"\/app\/uploads\/sites\/2\/AH-dLive-IP1-1.jpg\",\"contentUrl\":\"\/app\/uploads\/sites\/2\/AH-dLive-IP1-1.jpg\",\"width\":1000,\"height\":1000},{\"@type\":\"BreadcrumbList\",\"@id\":\"https:\/\/distribution.audio-technica.eu\/es-es\/productos\/ip1\/#breadcrumb\",\"itemListElement\":[{\"@type\":\"ListItem\",\"position\":1,\"name\":\"Products\",\"item\":\"https:\/\/distribution.audio-technica.eu\/es-es\/\"},{\"@type\":\"ListItem\",\"position\":2,\"name\":\"Productos\",\"item\":\"https:\/\/distribution.audio-technica.eu\/es-es\/productos\/\"},{\"@type\":\"ListItem\",\"position\":3,\"name\":\"IP1\"}]},{\"@type\":\"WebSite\",\"@id\":\"https:\/\/distribution.audio-technica.eu\/es-es\/#website\",\"url\":\"https:\/\/distribution.audio-technica.eu\/es-es\/\",\"name\":\"Audio-Technica Iberia\",\"description\":\"Distribuci\u00f3n\",\"potentialAction\":[{\"@type\":\"SearchAction\",\"target\":{\"@type\":\"EntryPoint\",\"urlTemplate\":\"https:\/\/distribution.audio-technica.eu\/es-es\/?s={search_term_string}\"},\"query-input\":{\"@type\":\"PropertyValueSpecification\",\"valueRequired\":true,\"valueName\":\"search_term_string\"}}],\"inLanguage\":\"es\"}]}<\/script>\n<!-- \/ Yoast SEO plugin. -->","yoast_head_json":{"title":"IP1 - Audio-Technica Iberia","robots":{"index":"index","follow":"follow","max-snippet":"max-snippet:-1","max-image-preview":"max-image-preview:large","max-video-preview":"max-video-preview:-1"},"canonical":"https:\/\/distribution.audio-technica.eu\/es-es\/productos\/ip1\/","og_locale":"es_ES","og_type":"article","og_title":"IP1 - Audio-Technica Iberia","og_description":"Controlador remoto para pared   Controlador programable de montaje en pared  Puede ser utilizado por personal sin conocimientos t\u00e9cnicos  Selecci\u00f3n de fuente musical, control de nivel o recuperaci\u00f3n de presets  Display LCD  Compatible TCP\/IP &amp; POE","og_url":"https:\/\/distribution.audio-technica.eu\/es-es\/productos\/ip1\/","og_site_name":"Audio-Technica Iberia","article_modified_time":"2025-03-21T07:52:58+00:00","og_image":[{"width":1000,"height":1000,"url":"https:\/\/distribution.audio-technica.eu\/app\/uploads\/sites\/2\/AH-dLive-IP1-1.jpg","type":"image\/jpeg"}],"twitter_card":"summary_large_image","twitter_misc":{"Tiempo de lectura":"1 minuto"},"schema":{"@context":"https:\/\/schema.org","@graph":[{"@type":"WebPage","@id":"https:\/\/distribution.audio-technica.eu\/es-es\/productos\/ip1\/","url":"https:\/\/distribution.audio-technica.eu\/es-es\/productos\/ip1\/","name":"IP1 - Audio-Technica Iberia","isPartOf":{"@id":"https:\/\/distribution.audio-technica.eu\/es-es\/#website"},"primaryImageOfPage":{"@id":"https:\/\/distribution.audio-technica.eu\/es-es\/productos\/ip1\/#primaryimage"},"image":{"@id":"https:\/\/distribution.audio-technica.eu\/es-es\/productos\/ip1\/#primaryimage"},"thumbnailUrl":"\/app\/uploads\/sites\/2\/AH-dLive-IP1-1.jpg","datePublished":"2018-07-12T12:31:18+00:00","dateModified":"2025-03-21T07:52:58+00:00","breadcrumb":{"@id":"https:\/\/distribution.audio-technica.eu\/es-es\/productos\/ip1\/#breadcrumb"},"inLanguage":"es","potentialAction":[{"@type":"ReadAction","target":["https:\/\/distribution.audio-technica.eu\/es-es\/productos\/ip1\/"]}]},{"@type":"ImageObject","inLanguage":"es","@id":"https:\/\/distribution.audio-technica.eu\/es-es\/productos\/ip1\/#primaryimage","url":"\/app\/uploads\/sites\/2\/AH-dLive-IP1-1.jpg","contentUrl":"\/app\/uploads\/sites\/2\/AH-dLive-IP1-1.jpg","width":1000,"height":1000},{"@type":"BreadcrumbList","@id":"https:\/\/distribution.audio-technica.eu\/es-es\/productos\/ip1\/#breadcrumb","itemListElement":[{"@type":"ListItem","position":1,"name":"Products","item":"https:\/\/distribution.audio-technica.eu\/es-es\/"},{"@type":"ListItem","position":2,"name":"Productos","item":"https:\/\/distribution.audio-technica.eu\/es-es\/productos\/"},{"@type":"ListItem","position":3,"name":"IP1"}]},{"@type":"WebSite","@id":"https:\/\/distribution.audio-technica.eu\/es-es\/#website","url":"https:\/\/distribution.audio-technica.eu\/es-es\/","name":"Audio-Technica Iberia","description":"Distribuci\u00f3n","potentialAction":[{"@type":"SearchAction","target":{"@type":"EntryPoint","urlTemplate":"https:\/\/distribution.audio-technica.eu\/es-es\/?s={search_term_string}"},"query-input":{"@type":"PropertyValueSpecification","valueRequired":true,"valueName":"search_term_string"}}],"inLanguage":"es"}]}},"_links":{"self":[{"href":"https:\/\/distribution.audio-technica.eu\/es-es\/wp-json\/wp\/v2\/product\/14076","targetHints":{"allow":["GET"]}}],"collection":[{"href":"https:\/\/distribution.audio-technica.eu\/es-es\/wp-json\/wp\/v2\/product"}],"about":[{"href":"https:\/\/distribution.audio-technica.eu\/es-es\/wp-json\/wp\/v2\/types\/product"}],"wp:featuredmedia":[{"embeddable":true,"href":"https:\/\/distribution.audio-technica.eu\/es-es\/wp-json\/wp\/v2\/media\/9666"}],"wp:attachment":[{"href":"https:\/\/distribution.audio-technica.eu\/es-es\/wp-json\/wp\/v2\/media?parent=14076"}],"wp:term":[{"taxonomy":"product_brand","embeddable":true,"href":"https:\/\/distribution.audio-technica.eu\/es-es\/wp-json\/wp\/v2\/product_brand?post=14076"},{"taxonomy":"product_cat","embeddable":true,"href":"https:\/\/distribution.audio-technica.eu\/es-es\/wp-json\/wp\/v2\/product_cat?post=14076"},{"taxonomy":"product_tag","embeddable":true,"href":"https:\/\/distribution.audio-technica.eu\/es-es\/wp-json\/wp\/v2\/product_tag?post=14076"}],"curies":[{"name":"wp","href":"https:\/\/api.w.org\/{rel}","templated":true}]}}