{"id":14077,"date":"2018-07-12T14:31:18","date_gmt":"2018-07-12T12:31:18","guid":{"rendered":"https:\/\/atdb-production.studiograft.dev\/es\/product\/import-placeholder-for-1339\/"},"modified":"2023-07-13T13:30:55","modified_gmt":"2023-07-13T11:30:55","slug":"supermadi","status":"publish","type":"product","link":"https:\/\/distribution.audio-technica.eu\/es-es\/productos\/supermadi\/","title":{"rendered":"superMADI"},"content":{"rendered":"<h2>superMADI<\/h2>\n<h3>Tarjeta de audio en red para dLive<\/h3>\n<p>La tarjeta de audio en red superMADI (M-DL-SMADI-A) es una de las m\u00faltiples opciones de audio digital en red disponibles para los sistemas dLive. SuperMADI se puede instalar en los diferentes puertos de entrada\/salida de cualquier MixRack o superficie de control de los sistema dLive S o dLive C de Allen &amp; Heath.<\/p>\n<p>La tarjeta de interfaz de audio superMADI ha sido dise\u00f1ada para ayudar a integrar dLive en una amplia gama de escenarios que van desde el broadcast hasta la grabaci\u00f3n, pasando por los eventos en vivo. La tarjeta de audio en red superMADI presenta numerosas posibilidades de conexi\u00f3n, incluyendo 8 conectores BNC y 4 ranuras SFP para transceptores de fibra \u00f3ptica. Ambos formatos, coaxiales y \u00f3pticos, ofrecen hasta 128 entradas\/salidas a 96kHz cada una. La redundancia y la frecuencia de muestreo son conmutables por par de enlaces, con una opci\u00f3n de modo Smux o HighSpeed de 96 kHz. As\u00ed mismo, la tarjeta superMADI puede ser utilizada por ingenieros y empresas de alquiler para conectar un sistema dLive a cualquier consola de terceros fabricantes compatible con MADI, lo que permite, entre otras posibilidades, el split digital de un gran n\u00famero de canales, por ejemplo, entre FOH y monitores<\/p>\n<ul>\n<li><strong>Audio digital en red para dLive<\/strong>: De esta manera, el sistema puede ajustarse a una multitud de entornos diferentes que van desde el broadcast hasta la grabaci\u00f3n, pasando por los grandes eventos en vivo.<\/li>\n<li><strong>Numerosas posibilidades de conexi\u00f3n<\/strong>: La tarjeta superMADI integra formatos de conexi\u00f3n coaxiales y \u00f3pticos que ofrecen hasta 128 entradas\/salidas de audio a 96kHz.<\/li>\n<li><strong>Integraci\u00f3n con consolas de terceros fabricantes compatibles con MADI<\/strong>: Grandes posibilidades de configuraci\u00f3n como, por ejemplo, el split digital de un amplio n\u00famero de canales entre FOH y monitores.<\/li>\n<li>8 conectores BNC y 4 ranuras SFP para transceptores de fibra \u00f3ptica.<\/li>\n<li>Frecuencia de muestreo conmutable a 48\/96kHz<\/li>\n<li>Redundancia conmutable por par<\/li>\n<li>128 entradas\/salidas en formato coaxial a 96kHz<\/li>\n<li>128 entradas\/salidas en formato \u00f3ptico a 96kHz<\/li>\n<li>Modo Smux o HighSpeed a 96kHz seleccionables<\/li>\n<\/ul>\n","protected":false},"excerpt":{"rendered":"<h3>Tarjeta de audio en red para dLive<\/h3>\n<ul class=\"summary\">\n<li>\u200b128 Entradas, 128 salidas<\/li>\n<li>Frecuencia de muestreo conmutable a 48\/96kHz<\/li>\n<li>8 conectores BNC y 4 ranuras SFP para transceptores de fibra \u00f3ptica.<\/li>\n<li>Tarjeta de expansi\u00f3n para sistemas dLive S y dLive C<\/li>\n<li>Redundancia conmutable por par<\/li>\n<\/ul>\n","protected":false},"featured_media":9668,"template":"","meta":{"_acf_changed":false},"product_brand":[],"product_cat":[1493,1494,1490,1513,1495],"product_tag":[],"class_list":{"0":"post-14077","1":"product","2":"type-product","3":"status-publish","4":"has-post-thumbnail","6":"product_cat-mesas-de-mezclas-allen-heath","7":"product_cat-mesas-de-mezclas-para-directo-mesas-de-mezclas-allen-heath","8":"product_cat-por-series-allen-heath","9":"product_cat-serie-dlive-c-class","10":"product_cat-serie-dlive-s-class","11":"product_series-serie-dlive-c-class","12":"product_series-serie-dlive-s-class","14":"first","15":"instock","16":"shipping-taxable","17":"product-type-simple"},"acf":[],"yoast_head":"<!-- This site is optimized with the Yoast SEO plugin v27.1.1 - https:\/\/yoast.com\/product\/yoast-seo-wordpress\/ -->\n<title>superMADI - Audio-Technica Iberia<\/title>\n<meta name=\"robots\" content=\"index, follow, max-snippet:-1, max-image-preview:large, max-video-preview:-1\" \/>\n<link rel=\"canonical\" href=\"https:\/\/distribution.audio-technica.eu\/es-es\/productos\/supermadi\/\" \/>\n<meta property=\"og:locale\" content=\"es_ES\" \/>\n<meta property=\"og:type\" content=\"article\" \/>\n<meta property=\"og:title\" content=\"superMADI - Audio-Technica Iberia\" \/>\n<meta property=\"og:description\" content=\"Tarjeta de audio en red para dLive  \u200b128 Entradas, 128 salidas  Frecuencia de muestreo conmutable a 48\/96kHz  8 conectores BNC y 4 ranuras SFP para transceptores de fibra \u00f3ptica.  Tarjeta de expansi\u00f3n para sistemas dLive S y dLive C  Redundancia conmutable por par\" \/>\n<meta property=\"og:url\" content=\"https:\/\/distribution.audio-technica.eu\/es-es\/productos\/supermadi\/\" \/>\n<meta property=\"og:site_name\" content=\"Audio-Technica Iberia\" \/>\n<meta property=\"article:modified_time\" content=\"2023-07-13T11:30:55+00:00\" \/>\n<meta property=\"og:image\" content=\"https:\/\/distribution.audio-technica.eu\/app\/uploads\/sites\/2\/AH-dLive-SuperMADI-Left-1.jpg\" \/>\n\t<meta property=\"og:image:width\" content=\"1000\" \/>\n\t<meta property=\"og:image:height\" content=\"1000\" \/>\n\t<meta property=\"og:image:type\" content=\"image\/jpeg\" \/>\n<meta name=\"twitter:card\" content=\"summary_large_image\" \/>\n<meta name=\"twitter:label1\" content=\"Tiempo de lectura\" \/>\n\t<meta name=\"twitter:data1\" content=\"2 minutos\" \/>\n<script type=\"application\/ld+json\" class=\"yoast-schema-graph\">{\"@context\":\"https:\/\/schema.org\",\"@graph\":[{\"@type\":\"WebPage\",\"@id\":\"https:\/\/distribution.audio-technica.eu\/es-es\/productos\/supermadi\/\",\"url\":\"https:\/\/distribution.audio-technica.eu\/es-es\/productos\/supermadi\/\",\"name\":\"superMADI - Audio-Technica Iberia\",\"isPartOf\":{\"@id\":\"https:\/\/distribution.audio-technica.eu\/es-es\/#website\"},\"primaryImageOfPage\":{\"@id\":\"https:\/\/distribution.audio-technica.eu\/es-es\/productos\/supermadi\/#primaryimage\"},\"image\":{\"@id\":\"https:\/\/distribution.audio-technica.eu\/es-es\/productos\/supermadi\/#primaryimage\"},\"thumbnailUrl\":\"\/app\/uploads\/sites\/2\/AH-dLive-SuperMADI-Left-1.jpg\",\"datePublished\":\"2018-07-12T12:31:18+00:00\",\"dateModified\":\"2023-07-13T11:30:55+00:00\",\"breadcrumb\":{\"@id\":\"https:\/\/distribution.audio-technica.eu\/es-es\/productos\/supermadi\/#breadcrumb\"},\"inLanguage\":\"es\",\"potentialAction\":[{\"@type\":\"ReadAction\",\"target\":[\"https:\/\/distribution.audio-technica.eu\/es-es\/productos\/supermadi\/\"]}]},{\"@type\":\"ImageObject\",\"inLanguage\":\"es\",\"@id\":\"https:\/\/distribution.audio-technica.eu\/es-es\/productos\/supermadi\/#primaryimage\",\"url\":\"\/app\/uploads\/sites\/2\/AH-dLive-SuperMADI-Left-1.jpg\",\"contentUrl\":\"\/app\/uploads\/sites\/2\/AH-dLive-SuperMADI-Left-1.jpg\",\"width\":1000,\"height\":1000},{\"@type\":\"BreadcrumbList\",\"@id\":\"https:\/\/distribution.audio-technica.eu\/es-es\/productos\/supermadi\/#breadcrumb\",\"itemListElement\":[{\"@type\":\"ListItem\",\"position\":1,\"name\":\"Products\",\"item\":\"https:\/\/distribution.audio-technica.eu\/es-es\/\"},{\"@type\":\"ListItem\",\"position\":2,\"name\":\"Productos\",\"item\":\"https:\/\/distribution.audio-technica.eu\/es-es\/productos\/\"},{\"@type\":\"ListItem\",\"position\":3,\"name\":\"superMADI\"}]},{\"@type\":\"WebSite\",\"@id\":\"https:\/\/distribution.audio-technica.eu\/es-es\/#website\",\"url\":\"https:\/\/distribution.audio-technica.eu\/es-es\/\",\"name\":\"Audio-Technica Iberia\",\"description\":\"Distribuci\u00f3n\",\"potentialAction\":[{\"@type\":\"SearchAction\",\"target\":{\"@type\":\"EntryPoint\",\"urlTemplate\":\"https:\/\/distribution.audio-technica.eu\/es-es\/?s={search_term_string}\"},\"query-input\":{\"@type\":\"PropertyValueSpecification\",\"valueRequired\":true,\"valueName\":\"search_term_string\"}}],\"inLanguage\":\"es\"}]}<\/script>\n<!-- \/ Yoast SEO plugin. -->","yoast_head_json":{"title":"superMADI - Audio-Technica Iberia","robots":{"index":"index","follow":"follow","max-snippet":"max-snippet:-1","max-image-preview":"max-image-preview:large","max-video-preview":"max-video-preview:-1"},"canonical":"https:\/\/distribution.audio-technica.eu\/es-es\/productos\/supermadi\/","og_locale":"es_ES","og_type":"article","og_title":"superMADI - Audio-Technica Iberia","og_description":"Tarjeta de audio en red para dLive  \u200b128 Entradas, 128 salidas  Frecuencia de muestreo conmutable a 48\/96kHz  8 conectores BNC y 4 ranuras SFP para transceptores de fibra \u00f3ptica.  Tarjeta de expansi\u00f3n para sistemas dLive S y dLive C  Redundancia conmutable por par","og_url":"https:\/\/distribution.audio-technica.eu\/es-es\/productos\/supermadi\/","og_site_name":"Audio-Technica Iberia","article_modified_time":"2023-07-13T11:30:55+00:00","og_image":[{"width":1000,"height":1000,"url":"https:\/\/distribution.audio-technica.eu\/app\/uploads\/sites\/2\/AH-dLive-SuperMADI-Left-1.jpg","type":"image\/jpeg"}],"twitter_card":"summary_large_image","twitter_misc":{"Tiempo de lectura":"2 minutos"},"schema":{"@context":"https:\/\/schema.org","@graph":[{"@type":"WebPage","@id":"https:\/\/distribution.audio-technica.eu\/es-es\/productos\/supermadi\/","url":"https:\/\/distribution.audio-technica.eu\/es-es\/productos\/supermadi\/","name":"superMADI - Audio-Technica Iberia","isPartOf":{"@id":"https:\/\/distribution.audio-technica.eu\/es-es\/#website"},"primaryImageOfPage":{"@id":"https:\/\/distribution.audio-technica.eu\/es-es\/productos\/supermadi\/#primaryimage"},"image":{"@id":"https:\/\/distribution.audio-technica.eu\/es-es\/productos\/supermadi\/#primaryimage"},"thumbnailUrl":"\/app\/uploads\/sites\/2\/AH-dLive-SuperMADI-Left-1.jpg","datePublished":"2018-07-12T12:31:18+00:00","dateModified":"2023-07-13T11:30:55+00:00","breadcrumb":{"@id":"https:\/\/distribution.audio-technica.eu\/es-es\/productos\/supermadi\/#breadcrumb"},"inLanguage":"es","potentialAction":[{"@type":"ReadAction","target":["https:\/\/distribution.audio-technica.eu\/es-es\/productos\/supermadi\/"]}]},{"@type":"ImageObject","inLanguage":"es","@id":"https:\/\/distribution.audio-technica.eu\/es-es\/productos\/supermadi\/#primaryimage","url":"\/app\/uploads\/sites\/2\/AH-dLive-SuperMADI-Left-1.jpg","contentUrl":"\/app\/uploads\/sites\/2\/AH-dLive-SuperMADI-Left-1.jpg","width":1000,"height":1000},{"@type":"BreadcrumbList","@id":"https:\/\/distribution.audio-technica.eu\/es-es\/productos\/supermadi\/#breadcrumb","itemListElement":[{"@type":"ListItem","position":1,"name":"Products","item":"https:\/\/distribution.audio-technica.eu\/es-es\/"},{"@type":"ListItem","position":2,"name":"Productos","item":"https:\/\/distribution.audio-technica.eu\/es-es\/productos\/"},{"@type":"ListItem","position":3,"name":"superMADI"}]},{"@type":"WebSite","@id":"https:\/\/distribution.audio-technica.eu\/es-es\/#website","url":"https:\/\/distribution.audio-technica.eu\/es-es\/","name":"Audio-Technica Iberia","description":"Distribuci\u00f3n","potentialAction":[{"@type":"SearchAction","target":{"@type":"EntryPoint","urlTemplate":"https:\/\/distribution.audio-technica.eu\/es-es\/?s={search_term_string}"},"query-input":{"@type":"PropertyValueSpecification","valueRequired":true,"valueName":"search_term_string"}}],"inLanguage":"es"}]}},"_links":{"self":[{"href":"https:\/\/distribution.audio-technica.eu\/es-es\/wp-json\/wp\/v2\/product\/14077","targetHints":{"allow":["GET"]}}],"collection":[{"href":"https:\/\/distribution.audio-technica.eu\/es-es\/wp-json\/wp\/v2\/product"}],"about":[{"href":"https:\/\/distribution.audio-technica.eu\/es-es\/wp-json\/wp\/v2\/types\/product"}],"wp:featuredmedia":[{"embeddable":true,"href":"https:\/\/distribution.audio-technica.eu\/es-es\/wp-json\/wp\/v2\/media\/9668"}],"wp:attachment":[{"href":"https:\/\/distribution.audio-technica.eu\/es-es\/wp-json\/wp\/v2\/media?parent=14077"}],"wp:term":[{"taxonomy":"product_brand","embeddable":true,"href":"https:\/\/distribution.audio-technica.eu\/es-es\/wp-json\/wp\/v2\/product_brand?post=14077"},{"taxonomy":"product_cat","embeddable":true,"href":"https:\/\/distribution.audio-technica.eu\/es-es\/wp-json\/wp\/v2\/product_cat?post=14077"},{"taxonomy":"product_tag","embeddable":true,"href":"https:\/\/distribution.audio-technica.eu\/es-es\/wp-json\/wp\/v2\/product_tag?post=14077"}],"curies":[{"name":"wp","href":"https:\/\/api.w.org\/{rel}","templated":true}]}}