{"id":14078,"date":"2018-07-12T14:31:18","date_gmt":"2018-07-12T12:31:18","guid":{"rendered":"https:\/\/atdb-production.studiograft.dev\/es\/product\/import-placeholder-for-1340\/"},"modified":"2023-07-13T13:30:55","modified_gmt":"2023-07-13T11:30:55","slug":"dante","status":"publish","type":"product","link":"https:\/\/distribution.audio-technica.eu\/es-es\/productos\/dante\/","title":{"rendered":"Dante"},"content":{"rendered":"<h2>DANTE<\/h2>\n<h3>Tarjeta de audio en red para dLive, iLive y GLD<\/h3>\n<p>Dante es una innovadora tecnolog\u00eda de audio en red compatible con Ethernet. Ha sido desarrollada por Audinate para satisfacer las crecientes demandas de la industria de sonido en directo. Esta tecnolog\u00eda ofrece audio de alto rendimiento, flexibilidad de enrutamiento y capacidades de grabaci\u00f3n directa al ordenador -por un coste razonable-. Utiliza cable CAT5 y componentes de red est\u00e1ndar para distribuir m\u00faltiples flujos de audio m\u00e1s datos de control integrados, con una latencia extremadamente baja.<br \/>\nM-Dante es una de las m\u00faltiples opciones de audio digital en red disponibles para iLive, dLive y GLD que permite la integraci\u00f3n de estos sistemas con dispositivos de terceros fabricantes, el split digital de micr\u00f3fonos, la grabaci\u00f3n multipista y diferentes configuraciones de expansi\u00f3n. Implementa el nuevo chipset Brooklyn II de Audinate, que lleva la tecnolog\u00eda Dante a un nivel superior con 64 canales completos de audio bidireccional.<br \/>\nLa tarjeta se puede montar en la ranura de expansi\u00f3n del puerto B de los MixRack de formato fijo para iLive (iDR-16, iDR-32, iDR-48, iDR-64) o del rack de expansi\u00f3n (xDR-16). Tambi\u00e9n puede ir insertada en el puerto A\/B de los MixRacks modulares para iLive (iDR0, iDR10) y en el puerto A de las superficies modulares iLive siempre que estas est\u00e9n equipadas con el nuevo est\u00e1ndar RAB-2. As\u00ed mismo, puede ser instalada en la ranura de expansi\u00f3n del m\u00f3dulo de entrada\/salida en un mezclador GLD o en cualquier puerto de E\/S de un sistema dLive equipado con una interfaz M-DL-ADAPT.<br \/>\nDante Virtual Soundcard es un software de Audinate que permite conectar hasta 64 canales de audio de iLive directamente al PC o Mac a trav\u00e9s de su puerto Ethernet, ideal para la grabaci\u00f3n y reproducci\u00f3n multipista, o para trabajar con plug-ins de procesamiento. Con cada tarjeta M-DANTE se incluye gratis una licencia de Dante Virtual Soundcard. Se pueden comprar m\u00e1s licencias del software en Audinate.<br \/>\nPara obtener m\u00e1s informaci\u00f3n sobre Dante, visita el sitio web de <a href=\"https:\/\/www.audinate.com\/?lang=es\" target=\"_blank\" rel=\"noopener\">Audinate<\/a>.<\/p>\n<h4>Tecnolog\u00eda Dante para sistemas dLive, iLive y GLD<\/h4>\n<p>Dante (Red de audio digital a trav\u00e9s de Ethernet) es una innovadora tecnolog\u00eda desarrollada por Audinate que proporciona audio digital sin compresi\u00f3n, multicanal y de baja latencia a trav\u00e9s de una red Ethernet est\u00e1ndar. Esta tecnolog\u00eda ofrece audio de alto rendimiento, flexibilidad de enrutamiento y capacidades de grabaci\u00f3n directa al ordenador.<\/p>\n<h4>Flexibilidad, calidad y facilidad<\/h4>\n<p>Enrutamiento flexible de m\u00faltiples canales de audio m\u00e1s datos de control integrados, una grabaci\u00f3n multipista sin compromiso, Virtual Sound Check de hasta 64 canales y mucho m\u00e1s. Debido a que Dante utiliza rutas l\u00f3gicas en lugar de conexiones f\u00edsicas punto a punto, la red puede ampliarse y reconfigurarse en cualquier momento. Dante elimina el costoso cableado anal\u00f3gico o multicore, que lo sustituye por CAT5e, de bajo coste y f\u00e1cil acceso para una soluci\u00f3n sencilla, ligera y econ\u00f3mica. Dante integra audio y control para todo su sistema a trav\u00e9s de una \u00fanica red IP est\u00e1ndar.<\/p>\n<h4>Virtual Soundcard: Total integraci\u00f3n con Windows y MacOs<\/h4>\n<p>Dante Virtual Soundcard ofrece la legendaria calidad de audio que ha hecho de Dante la primera elecci\u00f3n para la gesti\u00f3n de audio en red de ingenieros de sonido, fabricantes e instaladores de todo el mundo. Dante Virtual Soundcard convierte el ordenador en una estaci\u00f3n de trabajo que integra perfectamente un Mac o PC con dispositivos de audio Dante en una red flexible que permite grabar, procesar y reproducir audio digital de alta calidad y sin compresi\u00f3n mediante cualquier aplicaci\u00f3n de audio y cualquier combinaci\u00f3n de dispositivos compatibles con Dante.<\/p>\n<ul>\n<li>Compatible con sistemas dLive, iLive y GLD<\/li>\n<li>Transporta audio y se\u00f1al de control sobre cable CAT5<\/li>\n<li>64 canales de audio digital bi-direccional de 24 bits<\/li>\n<li>Utiliza un equipo de redes inform\u00e1ticas est\u00e1ndar<\/li>\n<li>Configuraci\u00f3n autom\u00e1tica de direcciones IP<\/li>\n<li>Muy baja latencia<\/li>\n<li>Alineaci\u00f3n de tiempo ultra precisa (1 \u03bcsec)<\/li>\n<li>Facilidad para agregar, nombrar, eliminar y reorganizar dispositivos<\/li>\n<li>Disponibilidad de una amplia gama de equipos compatibles con Dante<\/li>\n<li>Puerto secundario para la opci\u00f3n de red redundante<\/li>\n<li>Puerto de control para conectar iLive u otra red a trav\u00e9s de Dante<\/li>\n<li>Virtual Sound Check de hasta 64 canales para grandes eventos en vivo<\/li>\n<li>Conexi\u00f3n directa al ordenador para grabaci\u00f3n multipista de hasta 64 canales de audio de alta calidad usando ProTools, Logic, Cubase u otro DAW\n\t<\/li>\n<\/ul>\n<\/div>\n<\/div>\n","protected":false},"excerpt":{"rendered":"<h3>Tarjeta de audio en red para dLive, iLive y GLD<\/h3>\n<ul class='summary'>\n<li>Transporta audio y se\u00f1al de control sobre cable CAT5<\/li>\n<li>64 canales de audio digital bi-direccional sin compresi\u00f3n <\/li>\n<li>Puerto de control para conectar iLive u otra red a trav\u00e9s de Dante<\/li>\n<li>Muy baja latencia<\/li>\n<li>Conexi\u00f3n directa al ordenador para grabaci\u00f3n multipista<\/li>\n<li>Software para la configuraci\u00f3n de la red mediante Mac o PC<\/li>\n<\/ul>\n","protected":false},"featured_media":9671,"template":"","meta":{"_acf_changed":false},"product_brand":[],"product_cat":[1493,1494,1490,1513,1495],"product_tag":[],"class_list":{"0":"post-14078","1":"product","2":"type-product","3":"status-publish","4":"has-post-thumbnail","6":"product_cat-mesas-de-mezclas-allen-heath","7":"product_cat-mesas-de-mezclas-para-directo-mesas-de-mezclas-allen-heath","8":"product_cat-por-series-allen-heath","9":"product_cat-serie-dlive-c-class","10":"product_cat-serie-dlive-s-class","11":"product_series-serie-dlive-c-class","12":"product_series-serie-dlive-s-class","14":"first","15":"instock","16":"shipping-taxable","17":"product-type-simple"},"acf":[],"yoast_head":"<!-- This site is optimized with the Yoast SEO plugin v27.1.1 - https:\/\/yoast.com\/product\/yoast-seo-wordpress\/ -->\n<title>Dante - Audio-Technica Iberia<\/title>\n<meta name=\"robots\" content=\"index, follow, max-snippet:-1, max-image-preview:large, max-video-preview:-1\" \/>\n<link rel=\"canonical\" href=\"https:\/\/distribution.audio-technica.eu\/es-es\/productos\/dante\/\" \/>\n<meta property=\"og:locale\" content=\"es_ES\" \/>\n<meta property=\"og:type\" content=\"article\" \/>\n<meta property=\"og:title\" content=\"Dante - Audio-Technica Iberia\" \/>\n<meta property=\"og:description\" content=\"Tarjeta de audio en red para dLive, iLive y GLDTransporta audio y se\u00f1al de control sobre cable CAT564 canales de audio digital bi-direccional sin compresi\u00f3n Puerto de control para conectar iLive u otra red a trav\u00e9s de DanteMuy baja latenciaConexi\u00f3n directa al ordenador para grabaci\u00f3n multipistaSoftware para la configuraci\u00f3n de la red mediante Mac o PC\" \/>\n<meta property=\"og:url\" content=\"https:\/\/distribution.audio-technica.eu\/es-es\/productos\/dante\/\" \/>\n<meta property=\"og:site_name\" content=\"Audio-Technica Iberia\" \/>\n<meta property=\"article:modified_time\" content=\"2023-07-13T11:30:55+00:00\" \/>\n<meta property=\"og:image\" content=\"https:\/\/distribution.audio-technica.eu\/app\/uploads\/sites\/2\/AH-dLive-Dante-1.jpg\" \/>\n\t<meta property=\"og:image:width\" content=\"1000\" \/>\n\t<meta property=\"og:image:height\" content=\"1000\" \/>\n\t<meta property=\"og:image:type\" content=\"image\/jpeg\" \/>\n<meta name=\"twitter:card\" content=\"summary_large_image\" \/>\n<meta name=\"twitter:label1\" content=\"Tiempo de lectura\" \/>\n\t<meta name=\"twitter:data1\" content=\"4 minutos\" \/>\n<script type=\"application\/ld+json\" class=\"yoast-schema-graph\">{\"@context\":\"https:\/\/schema.org\",\"@graph\":[{\"@type\":\"WebPage\",\"@id\":\"https:\/\/distribution.audio-technica.eu\/es-es\/productos\/dante\/\",\"url\":\"https:\/\/distribution.audio-technica.eu\/es-es\/productos\/dante\/\",\"name\":\"Dante - Audio-Technica Iberia\",\"isPartOf\":{\"@id\":\"https:\/\/distribution.audio-technica.eu\/es-es\/#website\"},\"primaryImageOfPage\":{\"@id\":\"https:\/\/distribution.audio-technica.eu\/es-es\/productos\/dante\/#primaryimage\"},\"image\":{\"@id\":\"https:\/\/distribution.audio-technica.eu\/es-es\/productos\/dante\/#primaryimage\"},\"thumbnailUrl\":\"\/app\/uploads\/sites\/2\/AH-dLive-Dante-1.jpg\",\"datePublished\":\"2018-07-12T12:31:18+00:00\",\"dateModified\":\"2023-07-13T11:30:55+00:00\",\"breadcrumb\":{\"@id\":\"https:\/\/distribution.audio-technica.eu\/es-es\/productos\/dante\/#breadcrumb\"},\"inLanguage\":\"es\",\"potentialAction\":[{\"@type\":\"ReadAction\",\"target\":[\"https:\/\/distribution.audio-technica.eu\/es-es\/productos\/dante\/\"]}]},{\"@type\":\"ImageObject\",\"inLanguage\":\"es\",\"@id\":\"https:\/\/distribution.audio-technica.eu\/es-es\/productos\/dante\/#primaryimage\",\"url\":\"\/app\/uploads\/sites\/2\/AH-dLive-Dante-1.jpg\",\"contentUrl\":\"\/app\/uploads\/sites\/2\/AH-dLive-Dante-1.jpg\",\"width\":1000,\"height\":1000},{\"@type\":\"BreadcrumbList\",\"@id\":\"https:\/\/distribution.audio-technica.eu\/es-es\/productos\/dante\/#breadcrumb\",\"itemListElement\":[{\"@type\":\"ListItem\",\"position\":1,\"name\":\"Products\",\"item\":\"https:\/\/distribution.audio-technica.eu\/es-es\/\"},{\"@type\":\"ListItem\",\"position\":2,\"name\":\"Productos\",\"item\":\"https:\/\/distribution.audio-technica.eu\/es-es\/productos\/\"},{\"@type\":\"ListItem\",\"position\":3,\"name\":\"Dante\"}]},{\"@type\":\"WebSite\",\"@id\":\"https:\/\/distribution.audio-technica.eu\/es-es\/#website\",\"url\":\"https:\/\/distribution.audio-technica.eu\/es-es\/\",\"name\":\"Audio-Technica Iberia\",\"description\":\"Distribuci\u00f3n\",\"potentialAction\":[{\"@type\":\"SearchAction\",\"target\":{\"@type\":\"EntryPoint\",\"urlTemplate\":\"https:\/\/distribution.audio-technica.eu\/es-es\/?s={search_term_string}\"},\"query-input\":{\"@type\":\"PropertyValueSpecification\",\"valueRequired\":true,\"valueName\":\"search_term_string\"}}],\"inLanguage\":\"es\"}]}<\/script>\n<!-- \/ Yoast SEO plugin. -->","yoast_head_json":{"title":"Dante - Audio-Technica Iberia","robots":{"index":"index","follow":"follow","max-snippet":"max-snippet:-1","max-image-preview":"max-image-preview:large","max-video-preview":"max-video-preview:-1"},"canonical":"https:\/\/distribution.audio-technica.eu\/es-es\/productos\/dante\/","og_locale":"es_ES","og_type":"article","og_title":"Dante - Audio-Technica Iberia","og_description":"Tarjeta de audio en red para dLive, iLive y GLDTransporta audio y se\u00f1al de control sobre cable CAT564 canales de audio digital bi-direccional sin compresi\u00f3n Puerto de control para conectar iLive u otra red a trav\u00e9s de DanteMuy baja latenciaConexi\u00f3n directa al ordenador para grabaci\u00f3n multipistaSoftware para la configuraci\u00f3n de la red mediante Mac o PC","og_url":"https:\/\/distribution.audio-technica.eu\/es-es\/productos\/dante\/","og_site_name":"Audio-Technica Iberia","article_modified_time":"2023-07-13T11:30:55+00:00","og_image":[{"width":1000,"height":1000,"url":"https:\/\/distribution.audio-technica.eu\/app\/uploads\/sites\/2\/AH-dLive-Dante-1.jpg","type":"image\/jpeg"}],"twitter_card":"summary_large_image","twitter_misc":{"Tiempo de lectura":"4 minutos"},"schema":{"@context":"https:\/\/schema.org","@graph":[{"@type":"WebPage","@id":"https:\/\/distribution.audio-technica.eu\/es-es\/productos\/dante\/","url":"https:\/\/distribution.audio-technica.eu\/es-es\/productos\/dante\/","name":"Dante - Audio-Technica Iberia","isPartOf":{"@id":"https:\/\/distribution.audio-technica.eu\/es-es\/#website"},"primaryImageOfPage":{"@id":"https:\/\/distribution.audio-technica.eu\/es-es\/productos\/dante\/#primaryimage"},"image":{"@id":"https:\/\/distribution.audio-technica.eu\/es-es\/productos\/dante\/#primaryimage"},"thumbnailUrl":"\/app\/uploads\/sites\/2\/AH-dLive-Dante-1.jpg","datePublished":"2018-07-12T12:31:18+00:00","dateModified":"2023-07-13T11:30:55+00:00","breadcrumb":{"@id":"https:\/\/distribution.audio-technica.eu\/es-es\/productos\/dante\/#breadcrumb"},"inLanguage":"es","potentialAction":[{"@type":"ReadAction","target":["https:\/\/distribution.audio-technica.eu\/es-es\/productos\/dante\/"]}]},{"@type":"ImageObject","inLanguage":"es","@id":"https:\/\/distribution.audio-technica.eu\/es-es\/productos\/dante\/#primaryimage","url":"\/app\/uploads\/sites\/2\/AH-dLive-Dante-1.jpg","contentUrl":"\/app\/uploads\/sites\/2\/AH-dLive-Dante-1.jpg","width":1000,"height":1000},{"@type":"BreadcrumbList","@id":"https:\/\/distribution.audio-technica.eu\/es-es\/productos\/dante\/#breadcrumb","itemListElement":[{"@type":"ListItem","position":1,"name":"Products","item":"https:\/\/distribution.audio-technica.eu\/es-es\/"},{"@type":"ListItem","position":2,"name":"Productos","item":"https:\/\/distribution.audio-technica.eu\/es-es\/productos\/"},{"@type":"ListItem","position":3,"name":"Dante"}]},{"@type":"WebSite","@id":"https:\/\/distribution.audio-technica.eu\/es-es\/#website","url":"https:\/\/distribution.audio-technica.eu\/es-es\/","name":"Audio-Technica Iberia","description":"Distribuci\u00f3n","potentialAction":[{"@type":"SearchAction","target":{"@type":"EntryPoint","urlTemplate":"https:\/\/distribution.audio-technica.eu\/es-es\/?s={search_term_string}"},"query-input":{"@type":"PropertyValueSpecification","valueRequired":true,"valueName":"search_term_string"}}],"inLanguage":"es"}]}},"_links":{"self":[{"href":"https:\/\/distribution.audio-technica.eu\/es-es\/wp-json\/wp\/v2\/product\/14078","targetHints":{"allow":["GET"]}}],"collection":[{"href":"https:\/\/distribution.audio-technica.eu\/es-es\/wp-json\/wp\/v2\/product"}],"about":[{"href":"https:\/\/distribution.audio-technica.eu\/es-es\/wp-json\/wp\/v2\/types\/product"}],"wp:featuredmedia":[{"embeddable":true,"href":"https:\/\/distribution.audio-technica.eu\/es-es\/wp-json\/wp\/v2\/media\/9671"}],"wp:attachment":[{"href":"https:\/\/distribution.audio-technica.eu\/es-es\/wp-json\/wp\/v2\/media?parent=14078"}],"wp:term":[{"taxonomy":"product_brand","embeddable":true,"href":"https:\/\/distribution.audio-technica.eu\/es-es\/wp-json\/wp\/v2\/product_brand?post=14078"},{"taxonomy":"product_cat","embeddable":true,"href":"https:\/\/distribution.audio-technica.eu\/es-es\/wp-json\/wp\/v2\/product_cat?post=14078"},{"taxonomy":"product_tag","embeddable":true,"href":"https:\/\/distribution.audio-technica.eu\/es-es\/wp-json\/wp\/v2\/product_tag?post=14078"}],"curies":[{"name":"wp","href":"https:\/\/api.w.org\/{rel}","templated":true}]}}