{"id":14079,"date":"2018-07-12T14:31:18","date_gmt":"2018-07-12T12:31:18","guid":{"rendered":"https:\/\/atdb-production.studiograft.dev\/es\/product\/import-placeholder-for-1341\/"},"modified":"2023-07-13T13:30:55","modified_gmt":"2023-07-13T11:30:55","slug":"ace","status":"publish","type":"product","link":"https:\/\/distribution.audio-technica.eu\/es-es\/productos\/ace\/","title":{"rendered":"ACE"},"content":{"rendered":"<h2>ACE<\/h2>\n<h3>Tarjeta de audio en red para dLive, iLive y GLD<\/h3>\n<p>La tarjeta de expansi\u00f3n ACE \u2122 (Audio y Control sobre Ethernet), patentada por Allen &amp; Heath, ofrece una conexi\u00f3n rentable punto a punto, a trav\u00e9s de un solo cable CAT5 de hasta 120 m, para gestionar y distribuir una red bidireccional de 64 canales de audio de muy baja latencia m\u00e1s se\u00f1al de control de red. ACE \u2122 es el enlace principal de las superficies iLive con los MixRacks.<br \/>\nM-ACE es una de las m\u00faltiples opciones de audio digital en red disponibles para iLive, dLive y GLD que permite la integraci\u00f3n con otros sistemas, el split digital de micr\u00f3fonos y diferentes configuraciones de expansi\u00f3n.<br \/>\nLa tarjeta se puede montar en la ranura de expansi\u00f3n del puerto B de los MixRack de formato fijo para iLive (iDR-16, iDR-32, iDR-48, iDR-64) o del rack de expansi\u00f3n (xDR-16). Tambi\u00e9n puede ir insertada en el puerto A\/B de los MixRacks modulares para iLive (iDR0, iDR10) y en el puerto A de las superficies modulares iLive siempre que estas est\u00e9n equipadas con el nuevo est\u00e1ndar RAB-2. As\u00ed mismo, puede ser instalada en la ranura de expansi\u00f3n del m\u00f3dulo de entrada\/salida en un mezclador GLD o en cualquier puerto de E\/S de un sistema dLive equipado con una interfaz M-DL-ADAPT.<br \/>\nLa tarjeta proporciona dos puertos ACE\u2122. El puerto 1 es el enlace principal. El puerto 2 puede configurarse como un espejo de las salidas que aparecen en el puerto 1 para distribuir las se\u00f1ales en un segundo dispositivo o como segunda conexi\u00f3n para se\u00f1al redundante. El puerto iLive NETWORK se puede vincular a la tarjeta ACE utilizando el cable corto CAT5 suministrado para puentear el control sobre el mismo cable que el audio.<\/p>\n<h4>Audio y Control sobre Ethernet<\/h4>\n<p>ACE es un sistema de audio digital en red de baja latencia que soporta 64 canales de audio bidireccional por cable CAT5.<\/p>\n<h4>Total integraci\u00f3n y flexibilidad<\/h4>\n<p>Permite la integraci\u00f3n de iLive, dLive o GLD con otros sistemas, el split digital de micr\u00f3fonos y diferentes configuraciones de expansi\u00f3n.<\/p>\n<h4>Configuraci\u00f3n sencilla y rentable<\/h4>\n<p>M-ACE reduce dr\u00e1sticamente los costos y tiempos de instalaci\u00f3n de los sistemas integrados, los cuales se pueden mezclar y combinar en una gran variedad de posibilidades de enlaces de audio y opciones de red.<\/p>\n<ul>\n<li>Compatible con sistemas dLive, iLive y GLD<\/li>\n<li>Transporta audio y se\u00f1al de control sobre cable CAT5<\/li>\n<li>64 canales de audio digital bi-direccional sin compresi\u00f3n a 48 kHz y 24bits<\/li>\n<li>Muy baja latencia<\/li>\n<li>Frecuencia de muestreo de 48 kHz y cuantizaci\u00f3n de 24 bits.<\/li>\n<li>Latencia de la red ACE &amp;lt;105uS (5 muestras)<\/li>\n<li>Cable: Cat5e T568A &amp; T568B par trenzado, longitud hasta 120m<\/li>\n<li>ACE es compatible con Ethernet 802.3 IEEE Layer 2<\/li>\n<li>Redundancia sin conmutaci\u00f3n de salida de audio (p\u00e9rdida de paquete cero) con m\u00f3dulo opcional M-ACE.\n\t<\/li>\n<\/ul>\n<\/div>\n<\/div>\n","protected":false},"excerpt":{"rendered":"<h3>Tarjeta de audio en red para dLive, iLive y GLD<\/h3>\n<ul class='summary'>\n<li>Transporta audio y se\u00f1al de control sobre cable CAT5<\/li>\n<li>64 canales de audio digital bi-direccional sin compresi\u00f3n a 48 kHz y 24bits<\/li>\n<li>Puerto de control para conectar iLive u otra red a trav\u00e9s de Dante<\/li>\n<li>Muy baja latencia<\/li>\n<\/ul>\n","protected":false},"featured_media":9672,"template":"","meta":{"_acf_changed":false},"product_brand":[],"product_cat":[1493,1494,1490,1513,1495],"product_tag":[],"class_list":{"0":"post-14079","1":"product","2":"type-product","3":"status-publish","4":"has-post-thumbnail","6":"product_cat-mesas-de-mezclas-allen-heath","7":"product_cat-mesas-de-mezclas-para-directo-mesas-de-mezclas-allen-heath","8":"product_cat-por-series-allen-heath","9":"product_cat-serie-dlive-c-class","10":"product_cat-serie-dlive-s-class","11":"product_series-serie-dlive-c-class","12":"product_series-serie-dlive-s-class","14":"first","15":"instock","16":"shipping-taxable","17":"product-type-simple"},"acf":[],"yoast_head":"<!-- This site is optimized with the Yoast SEO plugin v27.1.1 - https:\/\/yoast.com\/product\/yoast-seo-wordpress\/ -->\n<title>ACE - Audio-Technica Iberia<\/title>\n<meta name=\"robots\" content=\"index, follow, max-snippet:-1, max-image-preview:large, max-video-preview:-1\" \/>\n<link rel=\"canonical\" href=\"https:\/\/distribution.audio-technica.eu\/es-es\/productos\/ace\/\" \/>\n<meta property=\"og:locale\" content=\"es_ES\" \/>\n<meta property=\"og:type\" content=\"article\" \/>\n<meta property=\"og:title\" content=\"ACE - Audio-Technica Iberia\" \/>\n<meta property=\"og:description\" content=\"Tarjeta de audio en red para dLive, iLive y GLDTransporta audio y se\u00f1al de control sobre cable CAT564 canales de audio digital bi-direccional sin compresi\u00f3n a 48 kHz y 24bitsPuerto de control para conectar iLive u otra red a trav\u00e9s de DanteMuy baja latencia\" \/>\n<meta property=\"og:url\" content=\"https:\/\/distribution.audio-technica.eu\/es-es\/productos\/ace\/\" \/>\n<meta property=\"og:site_name\" content=\"Audio-Technica Iberia\" \/>\n<meta property=\"article:modified_time\" content=\"2023-07-13T11:30:55+00:00\" \/>\n<meta property=\"og:image\" content=\"https:\/\/distribution.audio-technica.eu\/app\/uploads\/sites\/2\/AH-dLive-ACE-1.jpg\" \/>\n\t<meta property=\"og:image:width\" content=\"1000\" \/>\n\t<meta property=\"og:image:height\" content=\"1000\" \/>\n\t<meta property=\"og:image:type\" content=\"image\/jpeg\" \/>\n<meta name=\"twitter:card\" content=\"summary_large_image\" \/>\n<meta name=\"twitter:label1\" content=\"Tiempo de lectura\" \/>\n\t<meta name=\"twitter:data1\" content=\"2 minutos\" \/>\n<script type=\"application\/ld+json\" class=\"yoast-schema-graph\">{\"@context\":\"https:\/\/schema.org\",\"@graph\":[{\"@type\":\"WebPage\",\"@id\":\"https:\/\/distribution.audio-technica.eu\/es-es\/productos\/ace\/\",\"url\":\"https:\/\/distribution.audio-technica.eu\/es-es\/productos\/ace\/\",\"name\":\"ACE - Audio-Technica Iberia\",\"isPartOf\":{\"@id\":\"https:\/\/distribution.audio-technica.eu\/es-es\/#website\"},\"primaryImageOfPage\":{\"@id\":\"https:\/\/distribution.audio-technica.eu\/es-es\/productos\/ace\/#primaryimage\"},\"image\":{\"@id\":\"https:\/\/distribution.audio-technica.eu\/es-es\/productos\/ace\/#primaryimage\"},\"thumbnailUrl\":\"\/app\/uploads\/sites\/2\/AH-dLive-ACE-1.jpg\",\"datePublished\":\"2018-07-12T12:31:18+00:00\",\"dateModified\":\"2023-07-13T11:30:55+00:00\",\"breadcrumb\":{\"@id\":\"https:\/\/distribution.audio-technica.eu\/es-es\/productos\/ace\/#breadcrumb\"},\"inLanguage\":\"es\",\"potentialAction\":[{\"@type\":\"ReadAction\",\"target\":[\"https:\/\/distribution.audio-technica.eu\/es-es\/productos\/ace\/\"]}]},{\"@type\":\"ImageObject\",\"inLanguage\":\"es\",\"@id\":\"https:\/\/distribution.audio-technica.eu\/es-es\/productos\/ace\/#primaryimage\",\"url\":\"\/app\/uploads\/sites\/2\/AH-dLive-ACE-1.jpg\",\"contentUrl\":\"\/app\/uploads\/sites\/2\/AH-dLive-ACE-1.jpg\",\"width\":1000,\"height\":1000},{\"@type\":\"BreadcrumbList\",\"@id\":\"https:\/\/distribution.audio-technica.eu\/es-es\/productos\/ace\/#breadcrumb\",\"itemListElement\":[{\"@type\":\"ListItem\",\"position\":1,\"name\":\"Products\",\"item\":\"https:\/\/distribution.audio-technica.eu\/es-es\/\"},{\"@type\":\"ListItem\",\"position\":2,\"name\":\"Productos\",\"item\":\"https:\/\/distribution.audio-technica.eu\/es-es\/productos\/\"},{\"@type\":\"ListItem\",\"position\":3,\"name\":\"ACE\"}]},{\"@type\":\"WebSite\",\"@id\":\"https:\/\/distribution.audio-technica.eu\/es-es\/#website\",\"url\":\"https:\/\/distribution.audio-technica.eu\/es-es\/\",\"name\":\"Audio-Technica Iberia\",\"description\":\"Distribuci\u00f3n\",\"potentialAction\":[{\"@type\":\"SearchAction\",\"target\":{\"@type\":\"EntryPoint\",\"urlTemplate\":\"https:\/\/distribution.audio-technica.eu\/es-es\/?s={search_term_string}\"},\"query-input\":{\"@type\":\"PropertyValueSpecification\",\"valueRequired\":true,\"valueName\":\"search_term_string\"}}],\"inLanguage\":\"es\"}]}<\/script>\n<!-- \/ Yoast SEO plugin. -->","yoast_head_json":{"title":"ACE - Audio-Technica Iberia","robots":{"index":"index","follow":"follow","max-snippet":"max-snippet:-1","max-image-preview":"max-image-preview:large","max-video-preview":"max-video-preview:-1"},"canonical":"https:\/\/distribution.audio-technica.eu\/es-es\/productos\/ace\/","og_locale":"es_ES","og_type":"article","og_title":"ACE - Audio-Technica Iberia","og_description":"Tarjeta de audio en red para dLive, iLive y GLDTransporta audio y se\u00f1al de control sobre cable CAT564 canales de audio digital bi-direccional sin compresi\u00f3n a 48 kHz y 24bitsPuerto de control para conectar iLive u otra red a trav\u00e9s de DanteMuy baja latencia","og_url":"https:\/\/distribution.audio-technica.eu\/es-es\/productos\/ace\/","og_site_name":"Audio-Technica Iberia","article_modified_time":"2023-07-13T11:30:55+00:00","og_image":[{"width":1000,"height":1000,"url":"https:\/\/distribution.audio-technica.eu\/app\/uploads\/sites\/2\/AH-dLive-ACE-1.jpg","type":"image\/jpeg"}],"twitter_card":"summary_large_image","twitter_misc":{"Tiempo de lectura":"2 minutos"},"schema":{"@context":"https:\/\/schema.org","@graph":[{"@type":"WebPage","@id":"https:\/\/distribution.audio-technica.eu\/es-es\/productos\/ace\/","url":"https:\/\/distribution.audio-technica.eu\/es-es\/productos\/ace\/","name":"ACE - Audio-Technica Iberia","isPartOf":{"@id":"https:\/\/distribution.audio-technica.eu\/es-es\/#website"},"primaryImageOfPage":{"@id":"https:\/\/distribution.audio-technica.eu\/es-es\/productos\/ace\/#primaryimage"},"image":{"@id":"https:\/\/distribution.audio-technica.eu\/es-es\/productos\/ace\/#primaryimage"},"thumbnailUrl":"\/app\/uploads\/sites\/2\/AH-dLive-ACE-1.jpg","datePublished":"2018-07-12T12:31:18+00:00","dateModified":"2023-07-13T11:30:55+00:00","breadcrumb":{"@id":"https:\/\/distribution.audio-technica.eu\/es-es\/productos\/ace\/#breadcrumb"},"inLanguage":"es","potentialAction":[{"@type":"ReadAction","target":["https:\/\/distribution.audio-technica.eu\/es-es\/productos\/ace\/"]}]},{"@type":"ImageObject","inLanguage":"es","@id":"https:\/\/distribution.audio-technica.eu\/es-es\/productos\/ace\/#primaryimage","url":"\/app\/uploads\/sites\/2\/AH-dLive-ACE-1.jpg","contentUrl":"\/app\/uploads\/sites\/2\/AH-dLive-ACE-1.jpg","width":1000,"height":1000},{"@type":"BreadcrumbList","@id":"https:\/\/distribution.audio-technica.eu\/es-es\/productos\/ace\/#breadcrumb","itemListElement":[{"@type":"ListItem","position":1,"name":"Products","item":"https:\/\/distribution.audio-technica.eu\/es-es\/"},{"@type":"ListItem","position":2,"name":"Productos","item":"https:\/\/distribution.audio-technica.eu\/es-es\/productos\/"},{"@type":"ListItem","position":3,"name":"ACE"}]},{"@type":"WebSite","@id":"https:\/\/distribution.audio-technica.eu\/es-es\/#website","url":"https:\/\/distribution.audio-technica.eu\/es-es\/","name":"Audio-Technica Iberia","description":"Distribuci\u00f3n","potentialAction":[{"@type":"SearchAction","target":{"@type":"EntryPoint","urlTemplate":"https:\/\/distribution.audio-technica.eu\/es-es\/?s={search_term_string}"},"query-input":{"@type":"PropertyValueSpecification","valueRequired":true,"valueName":"search_term_string"}}],"inLanguage":"es"}]}},"_links":{"self":[{"href":"https:\/\/distribution.audio-technica.eu\/es-es\/wp-json\/wp\/v2\/product\/14079","targetHints":{"allow":["GET"]}}],"collection":[{"href":"https:\/\/distribution.audio-technica.eu\/es-es\/wp-json\/wp\/v2\/product"}],"about":[{"href":"https:\/\/distribution.audio-technica.eu\/es-es\/wp-json\/wp\/v2\/types\/product"}],"wp:featuredmedia":[{"embeddable":true,"href":"https:\/\/distribution.audio-technica.eu\/es-es\/wp-json\/wp\/v2\/media\/9672"}],"wp:attachment":[{"href":"https:\/\/distribution.audio-technica.eu\/es-es\/wp-json\/wp\/v2\/media?parent=14079"}],"wp:term":[{"taxonomy":"product_brand","embeddable":true,"href":"https:\/\/distribution.audio-technica.eu\/es-es\/wp-json\/wp\/v2\/product_brand?post=14079"},{"taxonomy":"product_cat","embeddable":true,"href":"https:\/\/distribution.audio-technica.eu\/es-es\/wp-json\/wp\/v2\/product_cat?post=14079"},{"taxonomy":"product_tag","embeddable":true,"href":"https:\/\/distribution.audio-technica.eu\/es-es\/wp-json\/wp\/v2\/product_tag?post=14079"}],"curies":[{"name":"wp","href":"https:\/\/api.w.org\/{rel}","templated":true}]}}