{"id":14082,"date":"2018-07-12T14:31:37","date_gmt":"2018-07-12T12:31:37","guid":{"rendered":"https:\/\/atdb-production.studiograft.dev\/es\/product\/import-placeholder-for-1344\/"},"modified":"2023-07-13T13:30:54","modified_gmt":"2023-07-13T11:30:54","slug":"fibreace","status":"publish","type":"product","link":"https:\/\/distribution.audio-technica.eu\/es-es\/productos\/fibreace\/","title":{"rendered":"FibreACE"},"content":{"rendered":"<h2>FibreACE<\/h2>\n<h3>Tarjeta de audio en red para dLive<\/h3>\n<p>La tarjeta de audio en red fibreACE (M-DL-GOPT) es una de las m\u00faltiples opciones de audio en red que pueden ser instaladas en el puerto de entrada\/salida de cualquier sistema dLive de Allen &amp; Heath. Proporciona un enlace punto a punto de 128 x 128 canales a 96kHz hacia otro sistema de mezcla dLive a trav\u00e9s de cable CAT o fibra \u00f3ptica multimodo. Tambi\u00e9n puede ser utilizada como conversor para reemplazar el enlace MixRack a superficie de control con fibra \u00f3ptica.<br \/>\nLa tarjeta fibreACE ofrece una soluci\u00f3n ideal para el split digital y la distribuci\u00f3n de audio en eventos e instalaciones de grandes dimensiones, mediante cables de hasta 500m y conectores est\u00e1ndar. En una configuraci\u00f3n t\u00edpica de FoH\/Monitor, las entradas del sistema dLive son enviadas a un segundo sistema donde se aplican los ajustes de nivel, procesado y mezcla de forma independiente.<br \/>\nFibreACE es un protocolo desarrollado por Allen &amp; Heath que permite transportar se\u00f1ales de audio y de control a trav\u00e9s de Ethernet, utilizando cables CAT5e. Esto permite una latencia muy baja y una redundancia en el cableado sin interrupciones en la se\u00f1al de audio. Tambi\u00e9n puede ejercer de t\u00fanel para la red de control dLive TCP\/IP de dLive a trav\u00e9s de la misma conexi\u00f3n, por ejemplo, para permitir el control de dos sistemas desde un \u00fanico ordenador.<br \/>\nFibreACE es un protocolo realmente plug \u2018n\u2019 play que no precisa de un ordenador para la configuraci\u00f3n de sus conexiones. Simplemente es necesario conectar un cable entre los dos sistemas dLive y luego configurar el patch y los ajustes de reloj directamente en el mezclador.<\/p>\n<h4>Tarjeta de expansi\u00f3n para sistemas dLive<\/h4>\n<p>Proporciona 128 x 128 canales de entrada y salida de audio a 96kHz hacia otro sistema de mezcla dLive mediante cables CAT o fibra \u00f3ptica multimodo.<\/p>\n<h4>3 modos de funcionamiento<\/h4>\n<ul>\n<li><strong>Copper <\/strong>&#8211; CAT5e o superior.<\/li>\n<li><strong>Fibra<\/strong> &#8211; Neutrik opticalCon Duo multimodo.<\/li>\n<li><strong>Conversor <\/strong>\u2013 Para la utilizaci\u00f3n de fibra \u00f3ptica entre MixRack y la superficie de control.<\/li>\n<\/ul>\n<h4>Latencia de transporte ultra baja y doble redundancia<\/h4>\n<p>Permite transportar se\u00f1ales de audio y de control a trav\u00e9s de Ethernet -CAT5e- de forma eficiente y segura, sin interrupciones en la se\u00f1al de audio.\n<\/p>\n<ul>\n<li>Distribuci\u00f3n de audio mediante cables de hasta 500m<\/li>\n<li>Puente de control de red conmutable<\/li>\n<li>Compatible con cualquier sistema dLive de Allen &amp; Heath<\/li>\n<\/ul>\n<\/div>\n<\/div>\n","protected":false},"excerpt":{"rendered":"<h3>Tarjeta de audio en red para dLive<\/h3>\n<ul class='summary'>\n<li>\u200b128 Entradas, 128 salidas<\/li>\n<li>Frecuencia de muestreo de 96 kHz<\/li>\n<li>Latencia de transporte ultra baja &#8211; 5 muestras (52 us)<\/li>\n<li>Doble redundancia <\/li>\n<li>Puente de control de red conmutable<\/li>\n<li>Transporta audio sobre cable CAT o fibra \u00f3ptica<\/li>\n<\/ul>\n","protected":false},"featured_media":9675,"template":"","meta":{"_acf_changed":false},"product_brand":[],"product_cat":[1493,1494,1490,1513,1495],"product_tag":[],"class_list":{"0":"post-14082","1":"product","2":"type-product","3":"status-publish","4":"has-post-thumbnail","6":"product_cat-mesas-de-mezclas-allen-heath","7":"product_cat-mesas-de-mezclas-para-directo-mesas-de-mezclas-allen-heath","8":"product_cat-por-series-allen-heath","9":"product_cat-serie-dlive-c-class","10":"product_cat-serie-dlive-s-class","11":"product_series-serie-dlive-c-class","12":"product_series-serie-dlive-s-class","14":"first","15":"instock","16":"shipping-taxable","17":"product-type-simple"},"acf":[],"yoast_head":"<!-- This site is optimized with the Yoast SEO plugin v27.1.1 - https:\/\/yoast.com\/product\/yoast-seo-wordpress\/ -->\n<title>FibreACE - Audio-Technica Iberia<\/title>\n<meta name=\"robots\" content=\"index, follow, max-snippet:-1, max-image-preview:large, max-video-preview:-1\" \/>\n<link rel=\"canonical\" href=\"https:\/\/distribution.audio-technica.eu\/es-es\/productos\/fibreace\/\" \/>\n<meta property=\"og:locale\" content=\"es_ES\" \/>\n<meta property=\"og:type\" content=\"article\" \/>\n<meta property=\"og:title\" content=\"FibreACE - Audio-Technica Iberia\" \/>\n<meta property=\"og:description\" content=\"Tarjeta de audio en red para dLive\u200b128 Entradas, 128 salidasFrecuencia de muestreo de 96 kHzLatencia de transporte ultra baja - 5 muestras (52 us)Doble redundancia Puente de control de red conmutableTransporta audio sobre cable CAT o fibra \u00f3ptica\" \/>\n<meta property=\"og:url\" content=\"https:\/\/distribution.audio-technica.eu\/es-es\/productos\/fibreace\/\" \/>\n<meta property=\"og:site_name\" content=\"Audio-Technica Iberia\" \/>\n<meta property=\"article:modified_time\" content=\"2023-07-13T11:30:54+00:00\" \/>\n<meta property=\"og:image\" content=\"https:\/\/distribution.audio-technica.eu\/app\/uploads\/sites\/2\/AH-fibreACE-1.jpg\" \/>\n\t<meta property=\"og:image:width\" content=\"1000\" \/>\n\t<meta property=\"og:image:height\" content=\"1000\" \/>\n\t<meta property=\"og:image:type\" content=\"image\/jpeg\" \/>\n<meta name=\"twitter:card\" content=\"summary_large_image\" \/>\n<meta name=\"twitter:label1\" content=\"Tiempo de lectura\" \/>\n\t<meta name=\"twitter:data1\" content=\"2 minutos\" \/>\n<script type=\"application\/ld+json\" class=\"yoast-schema-graph\">{\"@context\":\"https:\/\/schema.org\",\"@graph\":[{\"@type\":\"WebPage\",\"@id\":\"https:\/\/distribution.audio-technica.eu\/es-es\/productos\/fibreace\/\",\"url\":\"https:\/\/distribution.audio-technica.eu\/es-es\/productos\/fibreace\/\",\"name\":\"FibreACE - Audio-Technica Iberia\",\"isPartOf\":{\"@id\":\"https:\/\/distribution.audio-technica.eu\/es-es\/#website\"},\"primaryImageOfPage\":{\"@id\":\"https:\/\/distribution.audio-technica.eu\/es-es\/productos\/fibreace\/#primaryimage\"},\"image\":{\"@id\":\"https:\/\/distribution.audio-technica.eu\/es-es\/productos\/fibreace\/#primaryimage\"},\"thumbnailUrl\":\"\/app\/uploads\/sites\/2\/AH-fibreACE-1.jpg\",\"datePublished\":\"2018-07-12T12:31:37+00:00\",\"dateModified\":\"2023-07-13T11:30:54+00:00\",\"breadcrumb\":{\"@id\":\"https:\/\/distribution.audio-technica.eu\/es-es\/productos\/fibreace\/#breadcrumb\"},\"inLanguage\":\"es\",\"potentialAction\":[{\"@type\":\"ReadAction\",\"target\":[\"https:\/\/distribution.audio-technica.eu\/es-es\/productos\/fibreace\/\"]}]},{\"@type\":\"ImageObject\",\"inLanguage\":\"es\",\"@id\":\"https:\/\/distribution.audio-technica.eu\/es-es\/productos\/fibreace\/#primaryimage\",\"url\":\"\/app\/uploads\/sites\/2\/AH-fibreACE-1.jpg\",\"contentUrl\":\"\/app\/uploads\/sites\/2\/AH-fibreACE-1.jpg\",\"width\":1000,\"height\":1000},{\"@type\":\"BreadcrumbList\",\"@id\":\"https:\/\/distribution.audio-technica.eu\/es-es\/productos\/fibreace\/#breadcrumb\",\"itemListElement\":[{\"@type\":\"ListItem\",\"position\":1,\"name\":\"Products\",\"item\":\"https:\/\/distribution.audio-technica.eu\/es-es\/\"},{\"@type\":\"ListItem\",\"position\":2,\"name\":\"Productos\",\"item\":\"https:\/\/distribution.audio-technica.eu\/es-es\/productos\/\"},{\"@type\":\"ListItem\",\"position\":3,\"name\":\"FibreACE\"}]},{\"@type\":\"WebSite\",\"@id\":\"https:\/\/distribution.audio-technica.eu\/es-es\/#website\",\"url\":\"https:\/\/distribution.audio-technica.eu\/es-es\/\",\"name\":\"Audio-Technica Iberia\",\"description\":\"Distribuci\u00f3n\",\"potentialAction\":[{\"@type\":\"SearchAction\",\"target\":{\"@type\":\"EntryPoint\",\"urlTemplate\":\"https:\/\/distribution.audio-technica.eu\/es-es\/?s={search_term_string}\"},\"query-input\":{\"@type\":\"PropertyValueSpecification\",\"valueRequired\":true,\"valueName\":\"search_term_string\"}}],\"inLanguage\":\"es\"}]}<\/script>\n<!-- \/ Yoast SEO plugin. -->","yoast_head_json":{"title":"FibreACE - Audio-Technica Iberia","robots":{"index":"index","follow":"follow","max-snippet":"max-snippet:-1","max-image-preview":"max-image-preview:large","max-video-preview":"max-video-preview:-1"},"canonical":"https:\/\/distribution.audio-technica.eu\/es-es\/productos\/fibreace\/","og_locale":"es_ES","og_type":"article","og_title":"FibreACE - Audio-Technica Iberia","og_description":"Tarjeta de audio en red para dLive\u200b128 Entradas, 128 salidasFrecuencia de muestreo de 96 kHzLatencia de transporte ultra baja - 5 muestras (52 us)Doble redundancia Puente de control de red conmutableTransporta audio sobre cable CAT o fibra \u00f3ptica","og_url":"https:\/\/distribution.audio-technica.eu\/es-es\/productos\/fibreace\/","og_site_name":"Audio-Technica Iberia","article_modified_time":"2023-07-13T11:30:54+00:00","og_image":[{"width":1000,"height":1000,"url":"https:\/\/distribution.audio-technica.eu\/app\/uploads\/sites\/2\/AH-fibreACE-1.jpg","type":"image\/jpeg"}],"twitter_card":"summary_large_image","twitter_misc":{"Tiempo de lectura":"2 minutos"},"schema":{"@context":"https:\/\/schema.org","@graph":[{"@type":"WebPage","@id":"https:\/\/distribution.audio-technica.eu\/es-es\/productos\/fibreace\/","url":"https:\/\/distribution.audio-technica.eu\/es-es\/productos\/fibreace\/","name":"FibreACE - Audio-Technica Iberia","isPartOf":{"@id":"https:\/\/distribution.audio-technica.eu\/es-es\/#website"},"primaryImageOfPage":{"@id":"https:\/\/distribution.audio-technica.eu\/es-es\/productos\/fibreace\/#primaryimage"},"image":{"@id":"https:\/\/distribution.audio-technica.eu\/es-es\/productos\/fibreace\/#primaryimage"},"thumbnailUrl":"\/app\/uploads\/sites\/2\/AH-fibreACE-1.jpg","datePublished":"2018-07-12T12:31:37+00:00","dateModified":"2023-07-13T11:30:54+00:00","breadcrumb":{"@id":"https:\/\/distribution.audio-technica.eu\/es-es\/productos\/fibreace\/#breadcrumb"},"inLanguage":"es","potentialAction":[{"@type":"ReadAction","target":["https:\/\/distribution.audio-technica.eu\/es-es\/productos\/fibreace\/"]}]},{"@type":"ImageObject","inLanguage":"es","@id":"https:\/\/distribution.audio-technica.eu\/es-es\/productos\/fibreace\/#primaryimage","url":"\/app\/uploads\/sites\/2\/AH-fibreACE-1.jpg","contentUrl":"\/app\/uploads\/sites\/2\/AH-fibreACE-1.jpg","width":1000,"height":1000},{"@type":"BreadcrumbList","@id":"https:\/\/distribution.audio-technica.eu\/es-es\/productos\/fibreace\/#breadcrumb","itemListElement":[{"@type":"ListItem","position":1,"name":"Products","item":"https:\/\/distribution.audio-technica.eu\/es-es\/"},{"@type":"ListItem","position":2,"name":"Productos","item":"https:\/\/distribution.audio-technica.eu\/es-es\/productos\/"},{"@type":"ListItem","position":3,"name":"FibreACE"}]},{"@type":"WebSite","@id":"https:\/\/distribution.audio-technica.eu\/es-es\/#website","url":"https:\/\/distribution.audio-technica.eu\/es-es\/","name":"Audio-Technica Iberia","description":"Distribuci\u00f3n","potentialAction":[{"@type":"SearchAction","target":{"@type":"EntryPoint","urlTemplate":"https:\/\/distribution.audio-technica.eu\/es-es\/?s={search_term_string}"},"query-input":{"@type":"PropertyValueSpecification","valueRequired":true,"valueName":"search_term_string"}}],"inLanguage":"es"}]}},"_links":{"self":[{"href":"https:\/\/distribution.audio-technica.eu\/es-es\/wp-json\/wp\/v2\/product\/14082","targetHints":{"allow":["GET"]}}],"collection":[{"href":"https:\/\/distribution.audio-technica.eu\/es-es\/wp-json\/wp\/v2\/product"}],"about":[{"href":"https:\/\/distribution.audio-technica.eu\/es-es\/wp-json\/wp\/v2\/types\/product"}],"wp:featuredmedia":[{"embeddable":true,"href":"https:\/\/distribution.audio-technica.eu\/es-es\/wp-json\/wp\/v2\/media\/9675"}],"wp:attachment":[{"href":"https:\/\/distribution.audio-technica.eu\/es-es\/wp-json\/wp\/v2\/media?parent=14082"}],"wp:term":[{"taxonomy":"product_brand","embeddable":true,"href":"https:\/\/distribution.audio-technica.eu\/es-es\/wp-json\/wp\/v2\/product_brand?post=14082"},{"taxonomy":"product_cat","embeddable":true,"href":"https:\/\/distribution.audio-technica.eu\/es-es\/wp-json\/wp\/v2\/product_cat?post=14082"},{"taxonomy":"product_tag","embeddable":true,"href":"https:\/\/distribution.audio-technica.eu\/es-es\/wp-json\/wp\/v2\/product_tag?post=14082"}],"curies":[{"name":"wp","href":"https:\/\/api.w.org\/{rel}","templated":true}]}}