{"id":14083,"date":"2018-07-12T14:31:37","date_gmt":"2018-07-12T12:31:37","guid":{"rendered":"https:\/\/atdb-production.studiograft.dev\/es\/product\/import-placeholder-for-1345\/"},"modified":"2023-07-13T13:30:38","modified_gmt":"2023-07-13T11:30:38","slug":"dm0","status":"publish","type":"product","link":"https:\/\/distribution.audio-technica.eu\/es-es\/productos\/dm0\/","title":{"rendered":"DM0"},"content":{"rendered":"<h2>DM0<\/h2>\n<h3>MixRack para dLive S Class<\/h3>\n<p>Con un formato de tan solo 4U, DM0 es el MixRack m\u00e1s compacto de dLive, y est\u00e1 orientado a aplicaciones de audio distribuido y splits digitales. Aloja un n\u00facleo de procesado XCVI completo con E\/S de audio, y puertos de red de control y audio. Puede ser controlado con una superficie dLive, utilizando un ordenador port\u00e1til o iPad, controladores remotos IP de Allen &amp; Heath o controladores fabricados por terceros, a trav\u00e9s de TCP\/IP.<br \/>\nTodos los MixRacks de dLive incorporan el mismo motor de mezcla y pueden trabajar con 128 canales a\u00f1adiendo expansiones DX o fuentes digitales.<\/p>\n<h4>N\u00facleo XCVI<\/h4>\n<p>La potencia de dLive emana del n\u00facleo XCVI \u2013 desarrollado por el equipo de I D de Allen &amp; Heath utilizando la m\u00e1s avanzada tecnolog\u00eda FPGA, con 36 n\u00facleos de procesado virtual en paralelo que generan potencia suficiente para 160\u00d764 canales de procesado a una frecuencia de muestreo de 96kHz. Seis motores de mezcla en paralelo dentro del n\u00facleo calculan m\u00e1s de 10.000 puntos de cruce por muestra, mientras que el direccionador FPGA posee capacidad para 3,000 x 3,000 rutas de audio. La enorme potencia de XCVI (25 billones de operaciones por Segundo) hace posible que dLive pueda entregar hasta 128 entradas con procesado completo y 16 retornos est\u00e9reo FX, una arquitectura configurable de 64 buses, profundidad de bit variable para conseguir la m\u00e1xima precisi\u00f3n y el mejor comportamiento frente al ruido, un techo din\u00e1mico de mezcla virtualmente infinito gracias a su acumulador de 96 bit y una latencia ultra baja, de tan solo 0.7 ms.<\/p>\n<h4>Procesado DEEP<\/h4>\n<p>La arquitectura de procesado DEEP incrusta compresores y emulaciones de procesado de alta calidad directamente a las entradas y canales de mezcla de dLive. Un grupo de algoritmos hechos a medida incluyen modelos de EQs gr\u00e1ficos, preamplificadores y compresores que pueden ser insertados sobre la marcha sin ocupar ranuras de FX y sin los problemas de ajustes, latencia y licencias asociados a los plug ins externos; est\u00e1n siempre disponibles, cuando y donde los necesite. Los modelos de compresor capturan las sutilezas de la se\u00f1al de audio y cuentan con bal\u00edsticas no lineales de cl\u00e1sicos de la industria, desde modelos \u00f3pticos de respuesta lenta, varios circuitos de detecci\u00f3n RMS y de codo suave, hasta s\u00faper r\u00e1pidos dispositivos de compresi\u00f3n\/limitaci\u00f3n basados en pico y RMS.<\/p>\n<h4>RackExtra FX<\/h4>\n<p>RackExtra FX combinan la pr\u00edstina calidad y amplia oferta ofrecida por los plug ins de la mejor calidad con las ventajas que ofrece el procesado interno de baja latencia. Aprovechando la potencia del n\u00facleo XCVI, se han construido kernels de enorme potencia dentro de FPGA, lo que permite integrar la prestigiosa librer\u00eda de algoritmos de reverbs, retardos y moduladores dentro de dLive, con 16 ranuras FX disponibles, cada una con retorno est\u00e9reo espec\u00edfico.<\/p>\n<ul>\n<li>N\u00facleo XCVI 160\u00d764 FPGA\n<ul style=\"margin-left: 40px;\">\n<li>Frecuencia de muestreo 96kHz<\/li>\n<li>Profundidad de bit variable para conseguir la m\u00e1xima precisi\u00f3n y el mejor comportamiento frente al ruido<\/li>\n<li>Techo din\u00e1mico de mezcla virtualmente infinito, gracias a su acumulador de 96bit<\/li>\n<li>Latencia ultra baja, l\u00edder en su clase, de solo 0.7ms<\/li>\n<\/ul>\n<\/li>\n<li>128 canales de entrada con procesado completo<\/li>\n<li>64 salidas de mezcla con procesado completo<\/li>\n<li>Arquitectura configurable de 64 buses (grupo, FX, auxiliar, matriz, principal)\n<ul style=\"margin-left: 40px;\">\n<li>Modos LR, LCR y hasta 5.1<\/li>\n<li>M\u00faltiples PFLs<\/li>\n<\/ul>\n<\/li>\n<li>16 RackExtra FX con retornos est\u00e9reo de efecto espec\u00edficos<\/li>\n<li>24 DCAs<\/li>\n<li>Generador de se\u00f1al y RTA incorporados<\/li>\n<li>Distribuidor de conexiones\n<ul style=\"margin-left: 40px;\">\n<li>Enlace gigaACE gigabit a la Superficie<\/li>\n<li>2x enlaces DX para ampliaci\u00f3n de E\/S<\/li>\n<li>Puerto E\/S \u2013 128 canales a 96 kHz<\/li>\n<li>Puerto exclusivo ME-1 48kHz<\/li>\n<li>2x puertos de red<\/li>\n<li>E\/S Wordclock BNC<\/li>\n<\/ul>\n<\/li>\n<li>Panel frontal elevado con ventilador ultra silencioso<\/li>\n<li>Fuente de alimentaci\u00f3n doble redundante<\/li>\n<li>Dise\u00f1o de orejas de rack reversible<\/li>\n<\/ul>\n<p>\n<\/div>\n<\/div>\n","protected":false},"excerpt":{"rendered":"<h3>MixRack para dLive S Class<\/h3>\n<ul class='summary'>\n<li>El MixRack m\u00e1s compacto de dLive: solo 4 U<\/li>\n<li>N\u00facleo de procesado XCVI completo<\/li>\n<li>128 canales de entrada<\/li>\n<li>64 salidas de mezcla<\/li>\n<li>16 RackExtra FX\t\t<\/li>\n<\/ul>\n","protected":false},"featured_media":9676,"template":"","meta":{"_acf_changed":false},"product_brand":[],"product_cat":[1493,1494,1490,1495],"product_tag":[],"class_list":{"0":"post-14083","1":"product","2":"type-product","3":"status-publish","4":"has-post-thumbnail","6":"product_cat-mesas-de-mezclas-allen-heath","7":"product_cat-mesas-de-mezclas-para-directo-mesas-de-mezclas-allen-heath","8":"product_cat-por-series-allen-heath","9":"product_cat-serie-dlive-s-class","10":"product_series-serie-dlive-s-class","12":"first","13":"instock","14":"shipping-taxable","15":"product-type-simple"},"acf":[],"yoast_head":"<!-- This site is optimized with the Yoast SEO plugin v27.1.1 - https:\/\/yoast.com\/product\/yoast-seo-wordpress\/ -->\n<title>DM0 - Audio-Technica Iberia<\/title>\n<meta name=\"robots\" content=\"index, follow, max-snippet:-1, max-image-preview:large, max-video-preview:-1\" \/>\n<link rel=\"canonical\" href=\"https:\/\/distribution.audio-technica.eu\/es-es\/productos\/dm0\/\" \/>\n<meta property=\"og:locale\" content=\"es_ES\" \/>\n<meta property=\"og:type\" content=\"article\" \/>\n<meta property=\"og:title\" content=\"DM0 - Audio-Technica Iberia\" \/>\n<meta property=\"og:description\" content=\"MixRack para dLive S ClassEl MixRack m\u00e1s compacto de dLive: solo 4 UN\u00facleo de procesado XCVI completo128 canales de entrada64 salidas de mezcla16 RackExtra FX\" \/>\n<meta property=\"og:url\" content=\"https:\/\/distribution.audio-technica.eu\/es-es\/productos\/dm0\/\" \/>\n<meta property=\"og:site_name\" content=\"Audio-Technica Iberia\" \/>\n<meta property=\"article:modified_time\" content=\"2023-07-13T11:30:38+00:00\" \/>\n<meta property=\"og:image\" content=\"https:\/\/distribution.audio-technica.eu\/app\/uploads\/sites\/2\/AH-dLive-DM0-1.jpg\" \/>\n\t<meta property=\"og:image:width\" content=\"1000\" \/>\n\t<meta property=\"og:image:height\" content=\"1000\" \/>\n\t<meta property=\"og:image:type\" content=\"image\/jpeg\" \/>\n<meta name=\"twitter:card\" content=\"summary_large_image\" \/>\n<meta name=\"twitter:label1\" content=\"Tiempo de lectura\" \/>\n\t<meta name=\"twitter:data1\" content=\"3 minutos\" \/>\n<script type=\"application\/ld+json\" class=\"yoast-schema-graph\">{\"@context\":\"https:\/\/schema.org\",\"@graph\":[{\"@type\":\"WebPage\",\"@id\":\"https:\/\/distribution.audio-technica.eu\/es-es\/productos\/dm0\/\",\"url\":\"https:\/\/distribution.audio-technica.eu\/es-es\/productos\/dm0\/\",\"name\":\"DM0 - Audio-Technica Iberia\",\"isPartOf\":{\"@id\":\"https:\/\/distribution.audio-technica.eu\/es-es\/#website\"},\"primaryImageOfPage\":{\"@id\":\"https:\/\/distribution.audio-technica.eu\/es-es\/productos\/dm0\/#primaryimage\"},\"image\":{\"@id\":\"https:\/\/distribution.audio-technica.eu\/es-es\/productos\/dm0\/#primaryimage\"},\"thumbnailUrl\":\"\/app\/uploads\/sites\/2\/AH-dLive-DM0-1.jpg\",\"datePublished\":\"2018-07-12T12:31:37+00:00\",\"dateModified\":\"2023-07-13T11:30:38+00:00\",\"breadcrumb\":{\"@id\":\"https:\/\/distribution.audio-technica.eu\/es-es\/productos\/dm0\/#breadcrumb\"},\"inLanguage\":\"es\",\"potentialAction\":[{\"@type\":\"ReadAction\",\"target\":[\"https:\/\/distribution.audio-technica.eu\/es-es\/productos\/dm0\/\"]}]},{\"@type\":\"ImageObject\",\"inLanguage\":\"es\",\"@id\":\"https:\/\/distribution.audio-technica.eu\/es-es\/productos\/dm0\/#primaryimage\",\"url\":\"\/app\/uploads\/sites\/2\/AH-dLive-DM0-1.jpg\",\"contentUrl\":\"\/app\/uploads\/sites\/2\/AH-dLive-DM0-1.jpg\",\"width\":1000,\"height\":1000},{\"@type\":\"BreadcrumbList\",\"@id\":\"https:\/\/distribution.audio-technica.eu\/es-es\/productos\/dm0\/#breadcrumb\",\"itemListElement\":[{\"@type\":\"ListItem\",\"position\":1,\"name\":\"Products\",\"item\":\"https:\/\/distribution.audio-technica.eu\/es-es\/\"},{\"@type\":\"ListItem\",\"position\":2,\"name\":\"Productos\",\"item\":\"https:\/\/distribution.audio-technica.eu\/es-es\/productos\/\"},{\"@type\":\"ListItem\",\"position\":3,\"name\":\"DM0\"}]},{\"@type\":\"WebSite\",\"@id\":\"https:\/\/distribution.audio-technica.eu\/es-es\/#website\",\"url\":\"https:\/\/distribution.audio-technica.eu\/es-es\/\",\"name\":\"Audio-Technica Iberia\",\"description\":\"Distribuci\u00f3n\",\"potentialAction\":[{\"@type\":\"SearchAction\",\"target\":{\"@type\":\"EntryPoint\",\"urlTemplate\":\"https:\/\/distribution.audio-technica.eu\/es-es\/?s={search_term_string}\"},\"query-input\":{\"@type\":\"PropertyValueSpecification\",\"valueRequired\":true,\"valueName\":\"search_term_string\"}}],\"inLanguage\":\"es\"}]}<\/script>\n<!-- \/ Yoast SEO plugin. -->","yoast_head_json":{"title":"DM0 - Audio-Technica Iberia","robots":{"index":"index","follow":"follow","max-snippet":"max-snippet:-1","max-image-preview":"max-image-preview:large","max-video-preview":"max-video-preview:-1"},"canonical":"https:\/\/distribution.audio-technica.eu\/es-es\/productos\/dm0\/","og_locale":"es_ES","og_type":"article","og_title":"DM0 - Audio-Technica Iberia","og_description":"MixRack para dLive S ClassEl MixRack m\u00e1s compacto de dLive: solo 4 UN\u00facleo de procesado XCVI completo128 canales de entrada64 salidas de mezcla16 RackExtra FX","og_url":"https:\/\/distribution.audio-technica.eu\/es-es\/productos\/dm0\/","og_site_name":"Audio-Technica Iberia","article_modified_time":"2023-07-13T11:30:38+00:00","og_image":[{"width":1000,"height":1000,"url":"https:\/\/distribution.audio-technica.eu\/app\/uploads\/sites\/2\/AH-dLive-DM0-1.jpg","type":"image\/jpeg"}],"twitter_card":"summary_large_image","twitter_misc":{"Tiempo de lectura":"3 minutos"},"schema":{"@context":"https:\/\/schema.org","@graph":[{"@type":"WebPage","@id":"https:\/\/distribution.audio-technica.eu\/es-es\/productos\/dm0\/","url":"https:\/\/distribution.audio-technica.eu\/es-es\/productos\/dm0\/","name":"DM0 - Audio-Technica Iberia","isPartOf":{"@id":"https:\/\/distribution.audio-technica.eu\/es-es\/#website"},"primaryImageOfPage":{"@id":"https:\/\/distribution.audio-technica.eu\/es-es\/productos\/dm0\/#primaryimage"},"image":{"@id":"https:\/\/distribution.audio-technica.eu\/es-es\/productos\/dm0\/#primaryimage"},"thumbnailUrl":"\/app\/uploads\/sites\/2\/AH-dLive-DM0-1.jpg","datePublished":"2018-07-12T12:31:37+00:00","dateModified":"2023-07-13T11:30:38+00:00","breadcrumb":{"@id":"https:\/\/distribution.audio-technica.eu\/es-es\/productos\/dm0\/#breadcrumb"},"inLanguage":"es","potentialAction":[{"@type":"ReadAction","target":["https:\/\/distribution.audio-technica.eu\/es-es\/productos\/dm0\/"]}]},{"@type":"ImageObject","inLanguage":"es","@id":"https:\/\/distribution.audio-technica.eu\/es-es\/productos\/dm0\/#primaryimage","url":"\/app\/uploads\/sites\/2\/AH-dLive-DM0-1.jpg","contentUrl":"\/app\/uploads\/sites\/2\/AH-dLive-DM0-1.jpg","width":1000,"height":1000},{"@type":"BreadcrumbList","@id":"https:\/\/distribution.audio-technica.eu\/es-es\/productos\/dm0\/#breadcrumb","itemListElement":[{"@type":"ListItem","position":1,"name":"Products","item":"https:\/\/distribution.audio-technica.eu\/es-es\/"},{"@type":"ListItem","position":2,"name":"Productos","item":"https:\/\/distribution.audio-technica.eu\/es-es\/productos\/"},{"@type":"ListItem","position":3,"name":"DM0"}]},{"@type":"WebSite","@id":"https:\/\/distribution.audio-technica.eu\/es-es\/#website","url":"https:\/\/distribution.audio-technica.eu\/es-es\/","name":"Audio-Technica Iberia","description":"Distribuci\u00f3n","potentialAction":[{"@type":"SearchAction","target":{"@type":"EntryPoint","urlTemplate":"https:\/\/distribution.audio-technica.eu\/es-es\/?s={search_term_string}"},"query-input":{"@type":"PropertyValueSpecification","valueRequired":true,"valueName":"search_term_string"}}],"inLanguage":"es"}]}},"_links":{"self":[{"href":"https:\/\/distribution.audio-technica.eu\/es-es\/wp-json\/wp\/v2\/product\/14083","targetHints":{"allow":["GET"]}}],"collection":[{"href":"https:\/\/distribution.audio-technica.eu\/es-es\/wp-json\/wp\/v2\/product"}],"about":[{"href":"https:\/\/distribution.audio-technica.eu\/es-es\/wp-json\/wp\/v2\/types\/product"}],"wp:featuredmedia":[{"embeddable":true,"href":"https:\/\/distribution.audio-technica.eu\/es-es\/wp-json\/wp\/v2\/media\/9676"}],"wp:attachment":[{"href":"https:\/\/distribution.audio-technica.eu\/es-es\/wp-json\/wp\/v2\/media?parent=14083"}],"wp:term":[{"taxonomy":"product_brand","embeddable":true,"href":"https:\/\/distribution.audio-technica.eu\/es-es\/wp-json\/wp\/v2\/product_brand?post=14083"},{"taxonomy":"product_cat","embeddable":true,"href":"https:\/\/distribution.audio-technica.eu\/es-es\/wp-json\/wp\/v2\/product_cat?post=14083"},{"taxonomy":"product_tag","embeddable":true,"href":"https:\/\/distribution.audio-technica.eu\/es-es\/wp-json\/wp\/v2\/product_tag?post=14083"}],"curies":[{"name":"wp","href":"https:\/\/api.w.org\/{rel}","templated":true}]}}