{"id":14085,"date":"2018-07-12T14:31:37","date_gmt":"2018-07-12T12:31:37","guid":{"rendered":"https:\/\/atdb-production.studiograft.dev\/es\/product\/import-placeholder-for-1347\/"},"modified":"2023-07-13T13:30:54","modified_gmt":"2023-07-13T11:30:54","slug":"dx168","status":"publish","type":"product","link":"https:\/\/distribution.audio-technica.eu\/es-es\/productos\/dx168\/","title":{"rendered":"DX168"},"content":{"rendered":"<h2>DX168<\/h2>\n<h3>Expansor DX port\u00e1til con 16 entradas XLR \/ 8 salidas XLR<\/h3>\n<p>DX168 es un robusto expansor port\u00e1til que permite a\u00f1adir E\/S remotas a los sistemas dLive Clase S y Clase C.<br \/>\nIncorpora 16 preamplificadores microf\u00f3nicos con indicadores independientes de alimentaci\u00f3n phantom y 8 salidas de l\u00ednea a trav\u00e9s de conexiones XLR. Es posible conectar hasta 6 unidades DX168 a un \u00fanico sistema dLive \u2013 4 a trav\u00e9s de MixRack y 2 a trav\u00e9s de la superficie de control \u2013 permitiendo disponer de hasta 96 entradas remotas y 48 salidas remotas, adem\u00e1s de las suministradas por el MixRack y la superficie de control.<br \/>\nDX168 se conecta por medio de un \u00fanico cable Cat5e a la superficie dLive o al MixRack, o para streaming a otra unidad DX168 a trav\u00e9s de un puerto EtherCon seguro. Se cuenta tambi\u00e9n con un Segundo puerto EtherCon con enclavamiento que permite realizar una conexi\u00f3n redundante con hardware compatible, as\u00ed como la conexi\u00f3n en serie para streaming a otro DX168 para conseguir E\/S remotas adicionales.<br \/>\nEl robusto dise\u00f1o de esta unidad de ampliaci\u00f3n, equipado con protecciones de goma dura, permite su colocaci\u00f3n directamente en el suelo del escenario, durante las actuaciones. Con un peso de solo 4.8 kg y equipado con una s\u00f3lida asa de transporte, el DX168 ofrece las caracter\u00edsticas y portabilidad adecuadas para su uso en empresas de alquiler, aplicaciones educacionales, templos y otros muchos entornos. Est\u00e1 disponible un kit opcional de montaje en rack de 4U, que permite su instalaci\u00f3n en cualquier rack est\u00e1ndar de 19\u201d.<\/p>\n<ul>\n<li>16 preamplificadores microf\u00f3nicos con XLR y LEDs de indicaci\u00f3n de estado de alimentaci\u00f3n phantom<\/li>\n<li>8 salidas de l\u00ednea a trav\u00e9s de XLR<\/li>\n<li>Compatible con el hardware dLive Clase S y dLive Clase C<\/li>\n<li>Es posible a\u00f1adir hasta 6 unidades DX168 a cualquier Sistema dLive, para disponer de 96 entradas \/ 48 salidas<\/li>\n<li>Modo de conexi\u00f3n en cascada que permite conectar en serie 2 expansores DX168 para disponer de E\/S adicionales (requiere firmware 1.60 o superior)<\/li>\n<li>Conexi\u00f3n DX redundante con el hardware dLive Clase S<\/li>\n<li>Disponible kit opcional de montaje en rack de 19\u201d<\/li>\n<li>Plug and Play \u2013 no requiere de direccionamiento IP<\/li>\n<li>Compatible con cables CAT5e (o superiores) de hasta 100m<\/li>\n<li>Protectores de goma<\/li>\n<li>Asa de transporte<\/li>\n<\/ul>\n<\/div>\n<\/div>\n","protected":false},"excerpt":{"rendered":"<h3>Expansor DX port\u00e1til con 16 entradas XLR \/ 8 salidas XLR \t\t<\/h3>\n<ul class='summary'>\n<li>16 preamplificadores de micro XLR \/ 8 salidas XLR<\/li>\n<li>Compatible dLive Clase S y Clase C<\/li>\n<li>Hasta 96 entradas \/ 48 salidas (con 6 unidades DX168)<\/li>\n<li>Conexi\u00f3n DX redundante<\/li>\n<li>Plug and play<\/li>\n<li>Kit opcional de montaje en rack<\/li>\n<\/ul>\n","protected":false},"featured_media":9681,"template":"","meta":{"_acf_changed":false},"product_brand":[],"product_cat":[1493,1494,1490,1513,1495],"product_tag":[],"class_list":{"0":"post-14085","1":"product","2":"type-product","3":"status-publish","4":"has-post-thumbnail","6":"product_cat-mesas-de-mezclas-allen-heath","7":"product_cat-mesas-de-mezclas-para-directo-mesas-de-mezclas-allen-heath","8":"product_cat-por-series-allen-heath","9":"product_cat-serie-dlive-c-class","10":"product_cat-serie-dlive-s-class","11":"product_series-serie-dlive-c-class","12":"product_series-serie-dlive-s-class","14":"first","15":"instock","16":"shipping-taxable","17":"product-type-simple"},"acf":[],"yoast_head":"<!-- This site is optimized with the Yoast SEO plugin v27.1.1 - https:\/\/yoast.com\/product\/yoast-seo-wordpress\/ -->\n<title>DX168 - Audio-Technica Iberia<\/title>\n<meta name=\"robots\" content=\"index, follow, max-snippet:-1, max-image-preview:large, max-video-preview:-1\" \/>\n<link rel=\"canonical\" href=\"https:\/\/distribution.audio-technica.eu\/es-es\/productos\/dx168\/\" \/>\n<meta property=\"og:locale\" content=\"es_ES\" \/>\n<meta property=\"og:type\" content=\"article\" \/>\n<meta property=\"og:title\" content=\"DX168 - Audio-Technica Iberia\" \/>\n<meta property=\"og:description\" content=\"Expansor DX port\u00e1til con 16 entradas XLR \/ 8 salidas XLR  16 preamplificadores de micro XLR \/ 8 salidas XLRCompatible dLive Clase S y Clase CHasta 96 entradas \/ 48 salidas (con 6 unidades DX168)Conexi\u00f3n DX redundantePlug and playKit opcional de montaje en rack\" \/>\n<meta property=\"og:url\" content=\"https:\/\/distribution.audio-technica.eu\/es-es\/productos\/dx168\/\" \/>\n<meta property=\"og:site_name\" content=\"Audio-Technica Iberia\" \/>\n<meta property=\"article:modified_time\" content=\"2023-07-13T11:30:54+00:00\" \/>\n<meta property=\"og:image\" content=\"https:\/\/distribution.audio-technica.eu\/app\/uploads\/sites\/2\/AH-DX168-1.jpg\" \/>\n\t<meta property=\"og:image:width\" content=\"1000\" \/>\n\t<meta property=\"og:image:height\" content=\"1000\" \/>\n\t<meta property=\"og:image:type\" content=\"image\/jpeg\" \/>\n<meta name=\"twitter:card\" content=\"summary_large_image\" \/>\n<meta name=\"twitter:label1\" content=\"Tiempo de lectura\" \/>\n\t<meta name=\"twitter:data1\" content=\"2 minutos\" \/>\n<script type=\"application\/ld+json\" class=\"yoast-schema-graph\">{\"@context\":\"https:\/\/schema.org\",\"@graph\":[{\"@type\":\"WebPage\",\"@id\":\"https:\/\/distribution.audio-technica.eu\/es-es\/productos\/dx168\/\",\"url\":\"https:\/\/distribution.audio-technica.eu\/es-es\/productos\/dx168\/\",\"name\":\"DX168 - Audio-Technica Iberia\",\"isPartOf\":{\"@id\":\"https:\/\/distribution.audio-technica.eu\/es-es\/#website\"},\"primaryImageOfPage\":{\"@id\":\"https:\/\/distribution.audio-technica.eu\/es-es\/productos\/dx168\/#primaryimage\"},\"image\":{\"@id\":\"https:\/\/distribution.audio-technica.eu\/es-es\/productos\/dx168\/#primaryimage\"},\"thumbnailUrl\":\"\/app\/uploads\/sites\/2\/AH-DX168-1.jpg\",\"datePublished\":\"2018-07-12T12:31:37+00:00\",\"dateModified\":\"2023-07-13T11:30:54+00:00\",\"breadcrumb\":{\"@id\":\"https:\/\/distribution.audio-technica.eu\/es-es\/productos\/dx168\/#breadcrumb\"},\"inLanguage\":\"es\",\"potentialAction\":[{\"@type\":\"ReadAction\",\"target\":[\"https:\/\/distribution.audio-technica.eu\/es-es\/productos\/dx168\/\"]}]},{\"@type\":\"ImageObject\",\"inLanguage\":\"es\",\"@id\":\"https:\/\/distribution.audio-technica.eu\/es-es\/productos\/dx168\/#primaryimage\",\"url\":\"\/app\/uploads\/sites\/2\/AH-DX168-1.jpg\",\"contentUrl\":\"\/app\/uploads\/sites\/2\/AH-DX168-1.jpg\",\"width\":1000,\"height\":1000},{\"@type\":\"BreadcrumbList\",\"@id\":\"https:\/\/distribution.audio-technica.eu\/es-es\/productos\/dx168\/#breadcrumb\",\"itemListElement\":[{\"@type\":\"ListItem\",\"position\":1,\"name\":\"Products\",\"item\":\"https:\/\/distribution.audio-technica.eu\/es-es\/\"},{\"@type\":\"ListItem\",\"position\":2,\"name\":\"Productos\",\"item\":\"https:\/\/distribution.audio-technica.eu\/es-es\/productos\/\"},{\"@type\":\"ListItem\",\"position\":3,\"name\":\"DX168\"}]},{\"@type\":\"WebSite\",\"@id\":\"https:\/\/distribution.audio-technica.eu\/es-es\/#website\",\"url\":\"https:\/\/distribution.audio-technica.eu\/es-es\/\",\"name\":\"Audio-Technica Iberia\",\"description\":\"Distribuci\u00f3n\",\"potentialAction\":[{\"@type\":\"SearchAction\",\"target\":{\"@type\":\"EntryPoint\",\"urlTemplate\":\"https:\/\/distribution.audio-technica.eu\/es-es\/?s={search_term_string}\"},\"query-input\":{\"@type\":\"PropertyValueSpecification\",\"valueRequired\":true,\"valueName\":\"search_term_string\"}}],\"inLanguage\":\"es\"}]}<\/script>\n<!-- \/ Yoast SEO plugin. -->","yoast_head_json":{"title":"DX168 - Audio-Technica Iberia","robots":{"index":"index","follow":"follow","max-snippet":"max-snippet:-1","max-image-preview":"max-image-preview:large","max-video-preview":"max-video-preview:-1"},"canonical":"https:\/\/distribution.audio-technica.eu\/es-es\/productos\/dx168\/","og_locale":"es_ES","og_type":"article","og_title":"DX168 - Audio-Technica Iberia","og_description":"Expansor DX port\u00e1til con 16 entradas XLR \/ 8 salidas XLR  16 preamplificadores de micro XLR \/ 8 salidas XLRCompatible dLive Clase S y Clase CHasta 96 entradas \/ 48 salidas (con 6 unidades DX168)Conexi\u00f3n DX redundantePlug and playKit opcional de montaje en rack","og_url":"https:\/\/distribution.audio-technica.eu\/es-es\/productos\/dx168\/","og_site_name":"Audio-Technica Iberia","article_modified_time":"2023-07-13T11:30:54+00:00","og_image":[{"width":1000,"height":1000,"url":"https:\/\/distribution.audio-technica.eu\/app\/uploads\/sites\/2\/AH-DX168-1.jpg","type":"image\/jpeg"}],"twitter_card":"summary_large_image","twitter_misc":{"Tiempo de lectura":"2 minutos"},"schema":{"@context":"https:\/\/schema.org","@graph":[{"@type":"WebPage","@id":"https:\/\/distribution.audio-technica.eu\/es-es\/productos\/dx168\/","url":"https:\/\/distribution.audio-technica.eu\/es-es\/productos\/dx168\/","name":"DX168 - Audio-Technica Iberia","isPartOf":{"@id":"https:\/\/distribution.audio-technica.eu\/es-es\/#website"},"primaryImageOfPage":{"@id":"https:\/\/distribution.audio-technica.eu\/es-es\/productos\/dx168\/#primaryimage"},"image":{"@id":"https:\/\/distribution.audio-technica.eu\/es-es\/productos\/dx168\/#primaryimage"},"thumbnailUrl":"\/app\/uploads\/sites\/2\/AH-DX168-1.jpg","datePublished":"2018-07-12T12:31:37+00:00","dateModified":"2023-07-13T11:30:54+00:00","breadcrumb":{"@id":"https:\/\/distribution.audio-technica.eu\/es-es\/productos\/dx168\/#breadcrumb"},"inLanguage":"es","potentialAction":[{"@type":"ReadAction","target":["https:\/\/distribution.audio-technica.eu\/es-es\/productos\/dx168\/"]}]},{"@type":"ImageObject","inLanguage":"es","@id":"https:\/\/distribution.audio-technica.eu\/es-es\/productos\/dx168\/#primaryimage","url":"\/app\/uploads\/sites\/2\/AH-DX168-1.jpg","contentUrl":"\/app\/uploads\/sites\/2\/AH-DX168-1.jpg","width":1000,"height":1000},{"@type":"BreadcrumbList","@id":"https:\/\/distribution.audio-technica.eu\/es-es\/productos\/dx168\/#breadcrumb","itemListElement":[{"@type":"ListItem","position":1,"name":"Products","item":"https:\/\/distribution.audio-technica.eu\/es-es\/"},{"@type":"ListItem","position":2,"name":"Productos","item":"https:\/\/distribution.audio-technica.eu\/es-es\/productos\/"},{"@type":"ListItem","position":3,"name":"DX168"}]},{"@type":"WebSite","@id":"https:\/\/distribution.audio-technica.eu\/es-es\/#website","url":"https:\/\/distribution.audio-technica.eu\/es-es\/","name":"Audio-Technica Iberia","description":"Distribuci\u00f3n","potentialAction":[{"@type":"SearchAction","target":{"@type":"EntryPoint","urlTemplate":"https:\/\/distribution.audio-technica.eu\/es-es\/?s={search_term_string}"},"query-input":{"@type":"PropertyValueSpecification","valueRequired":true,"valueName":"search_term_string"}}],"inLanguage":"es"}]}},"_links":{"self":[{"href":"https:\/\/distribution.audio-technica.eu\/es-es\/wp-json\/wp\/v2\/product\/14085","targetHints":{"allow":["GET"]}}],"collection":[{"href":"https:\/\/distribution.audio-technica.eu\/es-es\/wp-json\/wp\/v2\/product"}],"about":[{"href":"https:\/\/distribution.audio-technica.eu\/es-es\/wp-json\/wp\/v2\/types\/product"}],"wp:featuredmedia":[{"embeddable":true,"href":"https:\/\/distribution.audio-technica.eu\/es-es\/wp-json\/wp\/v2\/media\/9681"}],"wp:attachment":[{"href":"https:\/\/distribution.audio-technica.eu\/es-es\/wp-json\/wp\/v2\/media?parent=14085"}],"wp:term":[{"taxonomy":"product_brand","embeddable":true,"href":"https:\/\/distribution.audio-technica.eu\/es-es\/wp-json\/wp\/v2\/product_brand?post=14085"},{"taxonomy":"product_cat","embeddable":true,"href":"https:\/\/distribution.audio-technica.eu\/es-es\/wp-json\/wp\/v2\/product_cat?post=14085"},{"taxonomy":"product_tag","embeddable":true,"href":"https:\/\/distribution.audio-technica.eu\/es-es\/wp-json\/wp\/v2\/product_tag?post=14085"}],"curies":[{"name":"wp","href":"https:\/\/api.w.org\/{rel}","templated":true}]}}