{"id":14089,"date":"2018-07-12T14:31:38","date_gmt":"2018-07-12T12:31:38","guid":{"rendered":"https:\/\/atdb-production.studiograft.dev\/es\/product\/import-placeholder-for-1351\/"},"modified":"2023-07-13T13:30:53","modified_gmt":"2023-07-13T11:30:53","slug":"dx32","status":"publish","type":"product","link":"https:\/\/distribution.audio-technica.eu\/es-es\/productos\/dx32\/","title":{"rendered":"DX32"},"content":{"rendered":"<h2>DX32<\/h2>\n<h3>Expansor DX modular de hasta 32 canales para dLive<\/h3>\n<p>El expansor DX32 agrega E\/S modulares remotas a un sistema dLive. Dispone de4 slots de 8 canales para adaptarse a una selecci\u00f3n de E\/S anal\u00f3gicas o digitales. Se pueden conectar hasta 2 expansores DX32 al MixRack, y otro DX32 puede ser conectado a la superficie.<\/p>\n<h4>M\u00f3dulos de E\/S disponibles<\/h4>\n<p><strong>M-AIN<\/strong><br \/>\n8 preamplificadores con conectores XLR para se\u00f1ales de nivel de l\u00ednea y micr\u00f3fono balanceados o no balanceados. La ganancia, Pad y 48V son controlados digitalmente dentro del preamplificador.<\/p>\n<p><strong>M-DIN<\/strong><br \/>\n4 entradas est\u00e9reo AES3 en XLR con SRC (32kHz &#8211; frecuencia de muestreo de 192kHz). La conversi\u00f3n de frecuencia de muestreo puede conmutarse para el funcionamiento a 96 kHz.<\/p>\n<p><strong>M-AOUT<\/strong><br \/>\n8 salidas de l\u00ednea balanceadas XLR. Las salidas est\u00e1n protegidas por rel\u00e9s para evitar que se enciendan o se apaguen.<\/p>\n<p><strong>M-DOUT<\/strong><br \/>\n4 salidas est\u00e9reo AES3 en XLR (44.1kHz, 48kHz, 88.2kHz o 96kHz conmutable).<\/p>\n<ul>\n<li>Dise\u00f1o modular de 4&#215;8 canales<\/li>\n<li>Cualquier combinaci\u00f3n de m\u00f3dulos de E \/ S anal\u00f3gicos \/ digitales<\/li>\n<li>Nuevo dise\u00f1o de preamplificador para una mayor transparencia<\/li>\n<li>Circuito Active PAD \u00fanico para un rendimiento consistente con cualquier fuente<\/li>\n<li>Conexi\u00f3n Cat5 redundante a superficie dLive o MixRack<\/li>\n<li>Doble fuente de alimentaci\u00f3n redundante intercambiable en caliente<\/li>\n<li>Puede montarse en rack o usarse en el suelo del escenario<\/li>\n<\/ul>\n<p><strong>Prime Input<br \/>\n<\/strong>Dise\u00f1o de preamplificador de 8 entradas de nueva generaci\u00f3n con etapa de ganancia de CC acoplada. Cuenta con ADC de 32 bits \/ 96 kHz para una conversi\u00f3n l\u00edder en su clase<\/p>\n<p><strong>Prime Output<br \/>\n<\/strong>Dise\u00f1o de tarjeta de salida D-A de 8 canales de nueva generaci\u00f3n que utiliza los \u00faltimos convertidores de 32 bits y amplificadores operacionales especialmente seleccionados para ruido ultra bajo.<\/p>\n","protected":false},"excerpt":{"rendered":"<h3>Expansor DX modular de hasta 32 canales para dLive<\/h3>\n<ul class=\"summary\">\n<li>Dise\u00f1o modular de 4&#215;8 canales<\/li>\n<li>Cualquier combinaci\u00f3n de m\u00f3dulos de E \/ S anal\u00f3gicos \/ digitales<\/li>\n<li>Nuevo dise\u00f1o de preamplificador para una mayor transparencia<\/li>\n<li>Circuito Active PAD \u00fanico para un rendimiento consistente<\/li>\n<li>Conexi\u00f3n Cat5 redundante a superficie dLive o MixRack<\/li>\n<li>Doble fuente de alimentaci\u00f3n redundante intercambiable en caliente<\/li>\n<\/ul>\n","protected":false},"featured_media":9692,"template":"","meta":{"_acf_changed":false},"product_brand":[],"product_cat":[1493,1494,1490,1513,1495,1514],"product_tag":[],"class_list":{"0":"post-14089","1":"product","2":"type-product","3":"status-publish","4":"has-post-thumbnail","6":"product_cat-mesas-de-mezclas-allen-heath","7":"product_cat-mesas-de-mezclas-para-directo-mesas-de-mezclas-allen-heath","8":"product_cat-por-series-allen-heath","9":"product_cat-serie-dlive-c-class","10":"product_cat-serie-dlive-s-class","11":"product_cat-serie-sq","12":"product_series-serie-dlive-c-class","13":"product_series-serie-dlive-s-class","14":"product_series-serie-sq","16":"first","17":"instock","18":"shipping-taxable","19":"product-type-simple"},"acf":[],"yoast_head":"<!-- This site is optimized with the Yoast SEO plugin v27.1.1 - https:\/\/yoast.com\/product\/yoast-seo-wordpress\/ -->\n<title>DX32 - Audio-Technica Iberia<\/title>\n<meta name=\"robots\" content=\"index, follow, max-snippet:-1, max-image-preview:large, max-video-preview:-1\" \/>\n<link rel=\"canonical\" href=\"https:\/\/distribution.audio-technica.eu\/es-es\/productos\/dx32\/\" \/>\n<meta property=\"og:locale\" content=\"es_ES\" \/>\n<meta property=\"og:type\" content=\"article\" \/>\n<meta property=\"og:title\" content=\"DX32 - Audio-Technica Iberia\" \/>\n<meta property=\"og:description\" content=\"Expansor DX modular de hasta 32 canales para dLive  Dise\u00f1o modular de 4x8 canales  Cualquier combinaci\u00f3n de m\u00f3dulos de E \/ S anal\u00f3gicos \/ digitales  Nuevo dise\u00f1o de preamplificador para una mayor transparencia  Circuito Active PAD \u00fanico para un rendimiento consistente  Conexi\u00f3n Cat5 redundante a superficie dLive o MixRack  Doble fuente de alimentaci\u00f3n redundante intercambiable en caliente\" \/>\n<meta property=\"og:url\" content=\"https:\/\/distribution.audio-technica.eu\/es-es\/productos\/dx32\/\" \/>\n<meta property=\"og:site_name\" content=\"Audio-Technica Iberia\" \/>\n<meta property=\"article:modified_time\" content=\"2023-07-13T11:30:53+00:00\" \/>\n<meta property=\"og:image\" content=\"https:\/\/distribution.audio-technica.eu\/app\/uploads\/sites\/2\/AH-dLive-DX32-1.jpg\" \/>\n\t<meta property=\"og:image:width\" content=\"1000\" \/>\n\t<meta property=\"og:image:height\" content=\"1000\" \/>\n\t<meta property=\"og:image:type\" content=\"image\/jpeg\" \/>\n<meta name=\"twitter:card\" content=\"summary_large_image\" \/>\n<meta name=\"twitter:label1\" content=\"Tiempo de lectura\" \/>\n\t<meta name=\"twitter:data1\" content=\"1 minuto\" \/>\n<script type=\"application\/ld+json\" class=\"yoast-schema-graph\">{\"@context\":\"https:\/\/schema.org\",\"@graph\":[{\"@type\":\"WebPage\",\"@id\":\"https:\/\/distribution.audio-technica.eu\/es-es\/productos\/dx32\/\",\"url\":\"https:\/\/distribution.audio-technica.eu\/es-es\/productos\/dx32\/\",\"name\":\"DX32 - Audio-Technica Iberia\",\"isPartOf\":{\"@id\":\"https:\/\/distribution.audio-technica.eu\/es-es\/#website\"},\"primaryImageOfPage\":{\"@id\":\"https:\/\/distribution.audio-technica.eu\/es-es\/productos\/dx32\/#primaryimage\"},\"image\":{\"@id\":\"https:\/\/distribution.audio-technica.eu\/es-es\/productos\/dx32\/#primaryimage\"},\"thumbnailUrl\":\"\/app\/uploads\/sites\/2\/AH-dLive-DX32-1.jpg\",\"datePublished\":\"2018-07-12T12:31:38+00:00\",\"dateModified\":\"2023-07-13T11:30:53+00:00\",\"breadcrumb\":{\"@id\":\"https:\/\/distribution.audio-technica.eu\/es-es\/productos\/dx32\/#breadcrumb\"},\"inLanguage\":\"es\",\"potentialAction\":[{\"@type\":\"ReadAction\",\"target\":[\"https:\/\/distribution.audio-technica.eu\/es-es\/productos\/dx32\/\"]}]},{\"@type\":\"ImageObject\",\"inLanguage\":\"es\",\"@id\":\"https:\/\/distribution.audio-technica.eu\/es-es\/productos\/dx32\/#primaryimage\",\"url\":\"\/app\/uploads\/sites\/2\/AH-dLive-DX32-1.jpg\",\"contentUrl\":\"\/app\/uploads\/sites\/2\/AH-dLive-DX32-1.jpg\",\"width\":1000,\"height\":1000},{\"@type\":\"BreadcrumbList\",\"@id\":\"https:\/\/distribution.audio-technica.eu\/es-es\/productos\/dx32\/#breadcrumb\",\"itemListElement\":[{\"@type\":\"ListItem\",\"position\":1,\"name\":\"Products\",\"item\":\"https:\/\/distribution.audio-technica.eu\/es-es\/\"},{\"@type\":\"ListItem\",\"position\":2,\"name\":\"Productos\",\"item\":\"https:\/\/distribution.audio-technica.eu\/es-es\/productos\/\"},{\"@type\":\"ListItem\",\"position\":3,\"name\":\"DX32\"}]},{\"@type\":\"WebSite\",\"@id\":\"https:\/\/distribution.audio-technica.eu\/es-es\/#website\",\"url\":\"https:\/\/distribution.audio-technica.eu\/es-es\/\",\"name\":\"Audio-Technica Iberia\",\"description\":\"Distribuci\u00f3n\",\"potentialAction\":[{\"@type\":\"SearchAction\",\"target\":{\"@type\":\"EntryPoint\",\"urlTemplate\":\"https:\/\/distribution.audio-technica.eu\/es-es\/?s={search_term_string}\"},\"query-input\":{\"@type\":\"PropertyValueSpecification\",\"valueRequired\":true,\"valueName\":\"search_term_string\"}}],\"inLanguage\":\"es\"}]}<\/script>\n<!-- \/ Yoast SEO plugin. -->","yoast_head_json":{"title":"DX32 - Audio-Technica Iberia","robots":{"index":"index","follow":"follow","max-snippet":"max-snippet:-1","max-image-preview":"max-image-preview:large","max-video-preview":"max-video-preview:-1"},"canonical":"https:\/\/distribution.audio-technica.eu\/es-es\/productos\/dx32\/","og_locale":"es_ES","og_type":"article","og_title":"DX32 - Audio-Technica Iberia","og_description":"Expansor DX modular de hasta 32 canales para dLive  Dise\u00f1o modular de 4x8 canales  Cualquier combinaci\u00f3n de m\u00f3dulos de E \/ S anal\u00f3gicos \/ digitales  Nuevo dise\u00f1o de preamplificador para una mayor transparencia  Circuito Active PAD \u00fanico para un rendimiento consistente  Conexi\u00f3n Cat5 redundante a superficie dLive o MixRack  Doble fuente de alimentaci\u00f3n redundante intercambiable en caliente","og_url":"https:\/\/distribution.audio-technica.eu\/es-es\/productos\/dx32\/","og_site_name":"Audio-Technica Iberia","article_modified_time":"2023-07-13T11:30:53+00:00","og_image":[{"width":1000,"height":1000,"url":"https:\/\/distribution.audio-technica.eu\/app\/uploads\/sites\/2\/AH-dLive-DX32-1.jpg","type":"image\/jpeg"}],"twitter_card":"summary_large_image","twitter_misc":{"Tiempo de lectura":"1 minuto"},"schema":{"@context":"https:\/\/schema.org","@graph":[{"@type":"WebPage","@id":"https:\/\/distribution.audio-technica.eu\/es-es\/productos\/dx32\/","url":"https:\/\/distribution.audio-technica.eu\/es-es\/productos\/dx32\/","name":"DX32 - Audio-Technica Iberia","isPartOf":{"@id":"https:\/\/distribution.audio-technica.eu\/es-es\/#website"},"primaryImageOfPage":{"@id":"https:\/\/distribution.audio-technica.eu\/es-es\/productos\/dx32\/#primaryimage"},"image":{"@id":"https:\/\/distribution.audio-technica.eu\/es-es\/productos\/dx32\/#primaryimage"},"thumbnailUrl":"\/app\/uploads\/sites\/2\/AH-dLive-DX32-1.jpg","datePublished":"2018-07-12T12:31:38+00:00","dateModified":"2023-07-13T11:30:53+00:00","breadcrumb":{"@id":"https:\/\/distribution.audio-technica.eu\/es-es\/productos\/dx32\/#breadcrumb"},"inLanguage":"es","potentialAction":[{"@type":"ReadAction","target":["https:\/\/distribution.audio-technica.eu\/es-es\/productos\/dx32\/"]}]},{"@type":"ImageObject","inLanguage":"es","@id":"https:\/\/distribution.audio-technica.eu\/es-es\/productos\/dx32\/#primaryimage","url":"\/app\/uploads\/sites\/2\/AH-dLive-DX32-1.jpg","contentUrl":"\/app\/uploads\/sites\/2\/AH-dLive-DX32-1.jpg","width":1000,"height":1000},{"@type":"BreadcrumbList","@id":"https:\/\/distribution.audio-technica.eu\/es-es\/productos\/dx32\/#breadcrumb","itemListElement":[{"@type":"ListItem","position":1,"name":"Products","item":"https:\/\/distribution.audio-technica.eu\/es-es\/"},{"@type":"ListItem","position":2,"name":"Productos","item":"https:\/\/distribution.audio-technica.eu\/es-es\/productos\/"},{"@type":"ListItem","position":3,"name":"DX32"}]},{"@type":"WebSite","@id":"https:\/\/distribution.audio-technica.eu\/es-es\/#website","url":"https:\/\/distribution.audio-technica.eu\/es-es\/","name":"Audio-Technica Iberia","description":"Distribuci\u00f3n","potentialAction":[{"@type":"SearchAction","target":{"@type":"EntryPoint","urlTemplate":"https:\/\/distribution.audio-technica.eu\/es-es\/?s={search_term_string}"},"query-input":{"@type":"PropertyValueSpecification","valueRequired":true,"valueName":"search_term_string"}}],"inLanguage":"es"}]}},"_links":{"self":[{"href":"https:\/\/distribution.audio-technica.eu\/es-es\/wp-json\/wp\/v2\/product\/14089","targetHints":{"allow":["GET"]}}],"collection":[{"href":"https:\/\/distribution.audio-technica.eu\/es-es\/wp-json\/wp\/v2\/product"}],"about":[{"href":"https:\/\/distribution.audio-technica.eu\/es-es\/wp-json\/wp\/v2\/types\/product"}],"wp:featuredmedia":[{"embeddable":true,"href":"https:\/\/distribution.audio-technica.eu\/es-es\/wp-json\/wp\/v2\/media\/9692"}],"wp:attachment":[{"href":"https:\/\/distribution.audio-technica.eu\/es-es\/wp-json\/wp\/v2\/media?parent=14089"}],"wp:term":[{"taxonomy":"product_brand","embeddable":true,"href":"https:\/\/distribution.audio-technica.eu\/es-es\/wp-json\/wp\/v2\/product_brand?post=14089"},{"taxonomy":"product_cat","embeddable":true,"href":"https:\/\/distribution.audio-technica.eu\/es-es\/wp-json\/wp\/v2\/product_cat?post=14089"},{"taxonomy":"product_tag","embeddable":true,"href":"https:\/\/distribution.audio-technica.eu\/es-es\/wp-json\/wp\/v2\/product_tag?post=14089"}],"curies":[{"name":"wp","href":"https:\/\/api.w.org\/{rel}","templated":true}]}}