{"id":14092,"date":"2018-07-12T14:31:39","date_gmt":"2018-07-12T12:31:39","guid":{"rendered":"https:\/\/atdb-production.studiograft.dev\/es\/product\/import-placeholder-for-1377\/"},"modified":"2023-07-13T13:29:25","modified_gmt":"2023-07-13T11:29:25","slug":"me-500","status":"publish","type":"product","link":"https:\/\/distribution.audio-technica.eu\/es-es\/productos\/me-500\/","title":{"rendered":"ME-500"},"content":{"rendered":"<h2>ME-500<\/h2>\n<h3>Mezclador personal de 16canales para monitorizaci\u00f3n<\/h3>\n<p>Los accesibles y sencillos controles y la clara visualizaci\u00f3n de informaci\u00f3n que ofece el nuevo ME-500 permite que los m\u00fasicos puedan configurar y controlar f\u00e1cilmente su propio sistema de monitorizaci\u00f3n. Con una configuraci\u00f3n realmente plug and play y una total libertad para el m\u00fasico, el ME-500 tambi\u00e9n representa un enorme ahorro de tiempo para el ingeniero.<br \/>\nME-500 es ideal para mantener bajo control el nivel del sonido en el escenario y permitir realizar pruebas de sonido m\u00e1s r\u00e1pidas en cualquier entorno, desde grupos en gira a actuaciones orquestales o sonorizaci\u00f3n en templos. El ME-500 tambi\u00e9n es una elecci\u00f3n inteligente y rentable para la mezcla en estudio.<br \/>\nME-500 ha sido dise\u00f1ado para proporcionar a los m\u00fasicos un potente y detallado control sobre el sonido de su sistema de monitorizaci\u00f3n, sin las distracciones que representan los complejos men\u00fas y el desorden en el escenario. El control rotativo situado bajo el display permite navegar y controlar la mayor\u00eda de funciones, junto a las teclas retroiluminadas (de intensidad luminosa variable) que incluyen controles espec\u00edficos para Mute y Solo, permiten que sea muy f\u00e1cil de manejar, incluso en la oscuridad. Puede almacenar y recuperar hasta 8 presets de usuario, lo que permite guardar diferentes mezclas para diferentes canciones, m\u00fasicos o shows. Es posible guardar presets y configuraciones completas a USB, para su archivo o intercambio entre diferentes unidades ME-500.<br \/>\nEs muy r\u00e1pido configurar unidades individuales. Los primeros 16 canales y\/o mezclas mono \/ est\u00e9reo asignados desde el mezclador ser\u00e1n mapeados autom\u00e1ticamente a las 16 teclas de selecci\u00f3n del ME-500, por lo que es r\u00e1pido y f\u00e1cil instalar mezcladores personales en situaciones bajo gran presi\u00f3n, como por ejemplo festivales.<br \/>\nLa calidad del sistema de monitoraje ejerce una profunda influencia sobre la interpretaci\u00f3n de los m\u00fasicos y sobre la calidad de la totalidad de la actuaci\u00f3n. Por ello, el ME-500 continua con la larga tradici\u00f3n de excepcional calidad de sonido de Allen &amp; Heath, proporcionando 16 canales de sonido limpio y sin ninguna coloraci\u00f3n. El dise\u00f1o del preamplificador de auriculares proporciona una elevada potencia, que se complementa con el limitador integrado, que se encarga de proteger los o\u00eddos del int\u00e9rprete frente a picos de volumen inesperados.<br \/>\nEl ME-500 es compatible con la mayor\u00eda de sistemas de audio digital. Si se utiliza cualquiera de los sistemas antiguos de Allen &amp; Heath o viejas unidades Aviom<sup>\u00ae<\/sup> A-Net 16, ME-500 es compatible con ellas tambi\u00e9n de forma inmediata. Si se utilizan otros mezcladores digitales, ser\u00e1 necesario a\u00f1adir un distribuidor ME-U equipado con un m\u00f3dulo Dante, MADI, Waves o EtherSound.<br \/>\nEsta nueva unidad es adecuada tanto para trabajar con solistas, como con orquestas completas. No existe l\u00edmite en lo que respecta al n\u00famero de mezcladores personales ME que pueden incorporarse a un sistema. Adem\u00e1s, es posible combinar en un mismo sistema unidades ME-1 y ME-500, de forma que cada int\u00e9rprete pueda disfrutar de la monitorizaci\u00f3n que m\u00e1s le convenga. Los seguros conectores EtherCon permiten que ME-500 pueda ser conectado en serie o en configuraci\u00f3n en estrella, utilizando el m\u00f3dulo ME-U o la alimentaci\u00f3n PoE.<br \/>\nLos niveles, panoramas y la asignaci\u00f3n de teclas pueden ser guardadas y recuperadas simplemente pulsando un bot\u00f3n. Es posible copiar en una unidad USB presets destinados a diferentes bandas o escenarios, o la totalidad de la configuraci\u00f3n, lo cual resulta de enorme utilidad para archivar datos o transferirlos a otras unidades.<br \/>\nEl ME-500 puede ser utilizado como unidad de sobremesa o montada en un soporte microf\u00f3nico. Tambi\u00e9n est\u00e1 disponible un soporte opcional que permite montar el mezclador en el lateral de un soporte de micr\u00f3fono. El ME-500 ha sido dise\u00f1ado para soportar los rigores de las giras.<\/p>\n<ul>\n<li>Mezclador personal de 16 canales<\/li>\n<li>Compatible plug and play con dLive, GLD, Qu y Aviom<sup>\u00ae<\/sup> A-Net 16<\/li>\n<li>Compatible con Digico, Yamaha, Avid y otros mezcladores a trav\u00e9s del distribuidor ME-U<\/li>\n<li>Es posible conectar cualquier n\u00famero de dispositivos ME en un mismo sistema<\/li>\n<li>Es posible combinar en el mismo sistema unidades ME-500 y ME-1<\/li>\n<li>Puede ser alimentado a trav\u00e9s de PoE o por medio de una fuente de alimentaci\u00f3n externa (incluida)<\/li>\n<li>Salidas est\u00e9reo auriculares a trav\u00e9s de jacks de 3,5 mm y \u00bc\u201d<\/li>\n<li>Salida l\u00ednea balanceada a trav\u00e9s de jack TRS \u00bc\u201d mono balanceado para la conexi\u00f3n de monitor de escenario o transmisor IEM<\/li>\n<\/ul>\n","protected":false},"excerpt":{"rendered":"<h3>Mezclador personal de 16 canales para monitorizaci\u00f3n<\/h3>\n<ul class=\"summary\">\n<li>Mezclador personal de 16 canales<\/li>\n<li>Compatible plug and play con dLive, GLD, Qu y Aviom\u00ae A-Net 16<\/li>\n<li>Compatible con Digico, Yamaha, Avid y otros mezcladores a trav\u00e9s del ME-U<\/li>\n<li>Permite conectar cualquier n\u00famero de dispositivos ME en un mismo sistema<\/li>\n<li>Configurable en serie o en modo estrella<\/li>\n<\/ul>\n","protected":false},"featured_media":9701,"template":"","meta":{"_acf_changed":false},"product_brand":[],"product_cat":[1493,1499,1490,1500],"product_tag":[],"class_list":{"0":"post-14092","1":"product","2":"type-product","3":"status-publish","4":"has-post-thumbnail","6":"product_cat-mesas-de-mezclas-allen-heath","7":"product_cat-mesas-de-mezclas-para-monitores","8":"product_cat-por-series-allen-heath","9":"product_cat-serie-me","10":"product_series-serie-me","12":"first","13":"instock","14":"shipping-taxable","15":"product-type-simple"},"acf":[],"yoast_head":"<!-- This site is optimized with the Yoast SEO plugin v27.1.1 - https:\/\/yoast.com\/product\/yoast-seo-wordpress\/ -->\n<title>ME-500 - Audio-Technica Iberia<\/title>\n<meta name=\"robots\" content=\"index, follow, max-snippet:-1, max-image-preview:large, max-video-preview:-1\" \/>\n<link rel=\"canonical\" href=\"https:\/\/distribution.audio-technica.eu\/es-es\/productos\/me-500\/\" \/>\n<meta property=\"og:locale\" content=\"es_ES\" \/>\n<meta property=\"og:type\" content=\"article\" \/>\n<meta property=\"og:title\" content=\"ME-500 - Audio-Technica Iberia\" \/>\n<meta property=\"og:description\" content=\"Mezclador personal de 16 canales para monitorizaci\u00f3n  Mezclador personal de 16 canales  Compatible plug and play con dLive, GLD, Qu y Aviom\u00ae A-Net 16  Compatible con Digico, Yamaha, Avid y otros mezcladores a trav\u00e9s del ME-U  Permite conectar cualquier n\u00famero de dispositivos ME en un mismo sistema  Configurable en serie o en modo estrella\" \/>\n<meta property=\"og:url\" content=\"https:\/\/distribution.audio-technica.eu\/es-es\/productos\/me-500\/\" \/>\n<meta property=\"og:site_name\" content=\"Audio-Technica Iberia\" \/>\n<meta property=\"article:modified_time\" content=\"2023-07-13T11:29:25+00:00\" \/>\n<meta property=\"og:image\" content=\"https:\/\/distribution.audio-technica.eu\/app\/uploads\/sites\/2\/AH-ME500_front-1.jpg\" \/>\n\t<meta property=\"og:image:width\" content=\"1000\" \/>\n\t<meta property=\"og:image:height\" content=\"1000\" \/>\n\t<meta property=\"og:image:type\" content=\"image\/jpeg\" \/>\n<meta name=\"twitter:card\" content=\"summary_large_image\" \/>\n<meta name=\"twitter:label1\" content=\"Tiempo de lectura\" \/>\n\t<meta name=\"twitter:data1\" content=\"4 minutos\" \/>\n<script type=\"application\/ld+json\" class=\"yoast-schema-graph\">{\"@context\":\"https:\/\/schema.org\",\"@graph\":[{\"@type\":\"WebPage\",\"@id\":\"https:\/\/distribution.audio-technica.eu\/es-es\/productos\/me-500\/\",\"url\":\"https:\/\/distribution.audio-technica.eu\/es-es\/productos\/me-500\/\",\"name\":\"ME-500 - Audio-Technica Iberia\",\"isPartOf\":{\"@id\":\"https:\/\/distribution.audio-technica.eu\/es-es\/#website\"},\"primaryImageOfPage\":{\"@id\":\"https:\/\/distribution.audio-technica.eu\/es-es\/productos\/me-500\/#primaryimage\"},\"image\":{\"@id\":\"https:\/\/distribution.audio-technica.eu\/es-es\/productos\/me-500\/#primaryimage\"},\"thumbnailUrl\":\"\/app\/uploads\/sites\/2\/AH-ME500_front-1.jpg\",\"datePublished\":\"2018-07-12T12:31:39+00:00\",\"dateModified\":\"2023-07-13T11:29:25+00:00\",\"breadcrumb\":{\"@id\":\"https:\/\/distribution.audio-technica.eu\/es-es\/productos\/me-500\/#breadcrumb\"},\"inLanguage\":\"es\",\"potentialAction\":[{\"@type\":\"ReadAction\",\"target\":[\"https:\/\/distribution.audio-technica.eu\/es-es\/productos\/me-500\/\"]}]},{\"@type\":\"ImageObject\",\"inLanguage\":\"es\",\"@id\":\"https:\/\/distribution.audio-technica.eu\/es-es\/productos\/me-500\/#primaryimage\",\"url\":\"\/app\/uploads\/sites\/2\/AH-ME500_front-1.jpg\",\"contentUrl\":\"\/app\/uploads\/sites\/2\/AH-ME500_front-1.jpg\",\"width\":1000,\"height\":1000},{\"@type\":\"BreadcrumbList\",\"@id\":\"https:\/\/distribution.audio-technica.eu\/es-es\/productos\/me-500\/#breadcrumb\",\"itemListElement\":[{\"@type\":\"ListItem\",\"position\":1,\"name\":\"Products\",\"item\":\"https:\/\/distribution.audio-technica.eu\/es-es\/\"},{\"@type\":\"ListItem\",\"position\":2,\"name\":\"Productos\",\"item\":\"https:\/\/distribution.audio-technica.eu\/es-es\/productos\/\"},{\"@type\":\"ListItem\",\"position\":3,\"name\":\"ME-500\"}]},{\"@type\":\"WebSite\",\"@id\":\"https:\/\/distribution.audio-technica.eu\/es-es\/#website\",\"url\":\"https:\/\/distribution.audio-technica.eu\/es-es\/\",\"name\":\"Audio-Technica Iberia\",\"description\":\"Distribuci\u00f3n\",\"potentialAction\":[{\"@type\":\"SearchAction\",\"target\":{\"@type\":\"EntryPoint\",\"urlTemplate\":\"https:\/\/distribution.audio-technica.eu\/es-es\/?s={search_term_string}\"},\"query-input\":{\"@type\":\"PropertyValueSpecification\",\"valueRequired\":true,\"valueName\":\"search_term_string\"}}],\"inLanguage\":\"es\"}]}<\/script>\n<!-- \/ Yoast SEO plugin. -->","yoast_head_json":{"title":"ME-500 - Audio-Technica Iberia","robots":{"index":"index","follow":"follow","max-snippet":"max-snippet:-1","max-image-preview":"max-image-preview:large","max-video-preview":"max-video-preview:-1"},"canonical":"https:\/\/distribution.audio-technica.eu\/es-es\/productos\/me-500\/","og_locale":"es_ES","og_type":"article","og_title":"ME-500 - Audio-Technica Iberia","og_description":"Mezclador personal de 16 canales para monitorizaci\u00f3n  Mezclador personal de 16 canales  Compatible plug and play con dLive, GLD, Qu y Aviom\u00ae A-Net 16  Compatible con Digico, Yamaha, Avid y otros mezcladores a trav\u00e9s del ME-U  Permite conectar cualquier n\u00famero de dispositivos ME en un mismo sistema  Configurable en serie o en modo estrella","og_url":"https:\/\/distribution.audio-technica.eu\/es-es\/productos\/me-500\/","og_site_name":"Audio-Technica Iberia","article_modified_time":"2023-07-13T11:29:25+00:00","og_image":[{"width":1000,"height":1000,"url":"https:\/\/distribution.audio-technica.eu\/app\/uploads\/sites\/2\/AH-ME500_front-1.jpg","type":"image\/jpeg"}],"twitter_card":"summary_large_image","twitter_misc":{"Tiempo de lectura":"4 minutos"},"schema":{"@context":"https:\/\/schema.org","@graph":[{"@type":"WebPage","@id":"https:\/\/distribution.audio-technica.eu\/es-es\/productos\/me-500\/","url":"https:\/\/distribution.audio-technica.eu\/es-es\/productos\/me-500\/","name":"ME-500 - Audio-Technica Iberia","isPartOf":{"@id":"https:\/\/distribution.audio-technica.eu\/es-es\/#website"},"primaryImageOfPage":{"@id":"https:\/\/distribution.audio-technica.eu\/es-es\/productos\/me-500\/#primaryimage"},"image":{"@id":"https:\/\/distribution.audio-technica.eu\/es-es\/productos\/me-500\/#primaryimage"},"thumbnailUrl":"\/app\/uploads\/sites\/2\/AH-ME500_front-1.jpg","datePublished":"2018-07-12T12:31:39+00:00","dateModified":"2023-07-13T11:29:25+00:00","breadcrumb":{"@id":"https:\/\/distribution.audio-technica.eu\/es-es\/productos\/me-500\/#breadcrumb"},"inLanguage":"es","potentialAction":[{"@type":"ReadAction","target":["https:\/\/distribution.audio-technica.eu\/es-es\/productos\/me-500\/"]}]},{"@type":"ImageObject","inLanguage":"es","@id":"https:\/\/distribution.audio-technica.eu\/es-es\/productos\/me-500\/#primaryimage","url":"\/app\/uploads\/sites\/2\/AH-ME500_front-1.jpg","contentUrl":"\/app\/uploads\/sites\/2\/AH-ME500_front-1.jpg","width":1000,"height":1000},{"@type":"BreadcrumbList","@id":"https:\/\/distribution.audio-technica.eu\/es-es\/productos\/me-500\/#breadcrumb","itemListElement":[{"@type":"ListItem","position":1,"name":"Products","item":"https:\/\/distribution.audio-technica.eu\/es-es\/"},{"@type":"ListItem","position":2,"name":"Productos","item":"https:\/\/distribution.audio-technica.eu\/es-es\/productos\/"},{"@type":"ListItem","position":3,"name":"ME-500"}]},{"@type":"WebSite","@id":"https:\/\/distribution.audio-technica.eu\/es-es\/#website","url":"https:\/\/distribution.audio-technica.eu\/es-es\/","name":"Audio-Technica Iberia","description":"Distribuci\u00f3n","potentialAction":[{"@type":"SearchAction","target":{"@type":"EntryPoint","urlTemplate":"https:\/\/distribution.audio-technica.eu\/es-es\/?s={search_term_string}"},"query-input":{"@type":"PropertyValueSpecification","valueRequired":true,"valueName":"search_term_string"}}],"inLanguage":"es"}]}},"_links":{"self":[{"href":"https:\/\/distribution.audio-technica.eu\/es-es\/wp-json\/wp\/v2\/product\/14092","targetHints":{"allow":["GET"]}}],"collection":[{"href":"https:\/\/distribution.audio-technica.eu\/es-es\/wp-json\/wp\/v2\/product"}],"about":[{"href":"https:\/\/distribution.audio-technica.eu\/es-es\/wp-json\/wp\/v2\/types\/product"}],"wp:featuredmedia":[{"embeddable":true,"href":"https:\/\/distribution.audio-technica.eu\/es-es\/wp-json\/wp\/v2\/media\/9701"}],"wp:attachment":[{"href":"https:\/\/distribution.audio-technica.eu\/es-es\/wp-json\/wp\/v2\/media?parent=14092"}],"wp:term":[{"taxonomy":"product_brand","embeddable":true,"href":"https:\/\/distribution.audio-technica.eu\/es-es\/wp-json\/wp\/v2\/product_brand?post=14092"},{"taxonomy":"product_cat","embeddable":true,"href":"https:\/\/distribution.audio-technica.eu\/es-es\/wp-json\/wp\/v2\/product_cat?post=14092"},{"taxonomy":"product_tag","embeddable":true,"href":"https:\/\/distribution.audio-technica.eu\/es-es\/wp-json\/wp\/v2\/product_tag?post=14092"}],"curies":[{"name":"wp","href":"https:\/\/api.w.org\/{rel}","templated":true}]}}