{"id":14096,"date":"2018-07-12T14:31:40","date_gmt":"2018-07-12T12:31:40","guid":{"rendered":"https:\/\/atdb-production.studiograft.dev\/es\/product\/import-placeholder-for-1383\/"},"modified":"2023-07-13T13:33:44","modified_gmt":"2023-07-13T11:33:44","slug":"7380a-pm","status":"publish","type":"product","link":"https:\/\/distribution.audio-technica.eu\/es-es\/productos\/7380a-pm\/","title":{"rendered":"7380A"},"content":{"rendered":"<h2>7380A<\/h2>\n<h3>Subgrave autoamplificado SAM. 15&#8243;<\/h3>\n<p>Proporcionando un nivel de rendimiento que normalmente se asocia solo a recintos de dimensiones mucho m\u00e1s grandes, el subgrave 7380A ofrece una alta potencia y un elevado nivel SPL, con una respuesta en graves mucho m\u00e1s amplia y libre de distorsi\u00f3n, y combinada con flexibles opciones para la gesti\u00f3n de los graves.<\/p>\n<p>Como integrante de la familia SAM, el 7380A trabaja en combinaci\u00f3n con el software GLM, que permite que todos los monitores y subgraves integrados en un mismo sistema puedan ser configurados, calibrados y controlados. Las potentes opciones de compensaci\u00f3n de la ac\u00fastica de la sala que ofrece GLM ofrecen acceso a un avanzada sistema de auto calibraci\u00f3n y gesti\u00f3n, haciendo posible que el 7380A pueda ser optimizado para encajar perfectamente con una gran variedad de entornos ac\u00fasticos, permitiendo tambi\u00e9n la gesti\u00f3n de los graves tanto en modo centralizado como distribuido.<\/p>\n<p>A trav\u00e9s de los conmutadores DIP situados en su panel frontal, el 7380A puede ser configurado para funcionar en modo aut\u00f3nomo, para proporcionar sus avanzadas posibilidades de calibraci\u00f3n a un sistema h\u00edbrido compuesto de monitores tradicionales que no pertenezcan a la serie SAM.<\/p>\n<p>El 7380A ofrece el innovador recinto bass r\u00e9flex Laminar Spiral Enclosure (LSE), que proporciona unas excelentes caracter\u00edsticas de flujo laminar con m\u00ednimo ruido de turbulencia y permite un formato compacto para un tubo r\u00e9flex muy largo alojado en un espacio m\u00ednimo. Este sistema proporciona un sistema de graves extremadamente preciso y sensible con unos niveles de distorsi\u00f3n arm\u00f3nica medidos en el segundo y tercer arm\u00f3nico t\u00edpicamente mejores de 30 dB por debajo de la fundamental.<\/p>\n<p>Tambi\u00e9n incorpora prestaciones tales como el Bass Mangement System, que permite que su respuesta en graves se extienda m\u00e1s all\u00e1 de la gama audible y permite que su salida se encuentre alineada en nivel y fase con los monitores permitiendo una reproducci\u00f3n plana y precisa; la tecnolog\u00eda ISS, que permite ahorrar energ\u00eda; amplificadores optimizados; crossovers activos y circuitos de protecci\u00f3n.<\/p>\n<p>El 7380A incorpora E\/S para 7.1 a trav\u00e9s de XLR anal\u00f3gico, y conexi\u00f3n digital AES\/EBU, que permiten tanto funcionamiento tanto en est\u00e9reo como 7.1; de forma opcional, tambi\u00e9n es posible utilizar el interface digital 9301 de Genelec.<\/p>\n<p>El 7380A ha sido concebido pensando en las necesidades de los profesionales m\u00e1s exigentes dedicados a aplicaciones de m\u00fasica, post producci\u00f3n, cine y broadcast, que precisan disponer de una reproducci\u00f3n de graves fiable y en un formato sorprendentemente compacto.<\/p>\n<ul>\n<li>Alta potencia y SPL en un formato sorprendentemente compacto<\/li>\n<li>Software GLM para configuraci\u00f3n, calibraci\u00f3n y control<\/li>\n<li>Puede funcionar en modo aut\u00f3nomo para integrarse con monitores no pertenecientes a la serie SAM<\/li>\n<li>E\/S 7.1 a trav\u00e9s de XLR y digital AES\/EBU<\/li>\n<\/ul>\n","protected":false},"excerpt":{"rendered":"<h3>Subgrave autoamplificado SAM. 15&#8243;<\/h3>\n<ul class=\"summary\">\n<li>Alta potencia y SPL en un formato sorprendentemente compacto<\/li>\n<li>Software GLM para configuraci\u00f3n, calibraci\u00f3n y control<\/li>\n<li>E\/S anal\u00f3gicas y digitales para 7.1 a trav\u00e9s de XLR y digital AES\/EBU<\/li>\n<li>Potencia 800W RMS<\/li>\n<li>Respuesta en frecuencia: 16 Hz- 100 Hz<\/li>\n<\/ul>\n","protected":false},"featured_media":11177,"template":"","meta":{"_acf_changed":false},"product_brand":[],"product_cat":[1401,1395,1402,1396],"product_tag":[],"class_list":{"0":"post-14096","1":"product","2":"type-product","3":"status-publish","4":"has-post-thumbnail","6":"product_cat-subgraves-genelec","7":"product_cat-por-series-genelec","8":"product_cat-serie-7000","9":"product_cat-serie-sam","10":"product_series-serie-7000","11":"product_series-serie-sam","13":"first","14":"instock","15":"shipping-taxable","16":"product-type-simple"},"acf":[],"yoast_head":"<!-- This site is optimized with the Yoast SEO plugin v27.1.1 - https:\/\/yoast.com\/product\/yoast-seo-wordpress\/ -->\n<title>7380A - Audio-Technica Iberia<\/title>\n<meta name=\"robots\" content=\"index, follow, max-snippet:-1, max-image-preview:large, max-video-preview:-1\" \/>\n<link rel=\"canonical\" href=\"https:\/\/distribution.audio-technica.eu\/es-es\/productos\/7380a-pm\/\" \/>\n<meta property=\"og:locale\" content=\"es_ES\" \/>\n<meta property=\"og:type\" content=\"article\" \/>\n<meta property=\"og:title\" content=\"7380A - Audio-Technica Iberia\" \/>\n<meta property=\"og:description\" content=\"Subgrave autoamplificado SAM. 15&quot;  Alta potencia y SPL en un formato sorprendentemente compacto  Software GLM para configuraci\u00f3n, calibraci\u00f3n y control  E\/S anal\u00f3gicas y digitales para 7.1 a trav\u00e9s de XLR y digital AES\/EBU  Potencia 800W RMS  Respuesta en frecuencia: 16 Hz- 100 Hz\" \/>\n<meta property=\"og:url\" content=\"https:\/\/distribution.audio-technica.eu\/es-es\/productos\/7380a-pm\/\" \/>\n<meta property=\"og:site_name\" content=\"Audio-Technica Iberia\" \/>\n<meta property=\"article:modified_time\" content=\"2023-07-13T11:33:44+00:00\" \/>\n<meta property=\"og:image\" content=\"https:\/\/distribution.audio-technica.eu\/app\/uploads\/sites\/2\/Genelec-7380-1.jpg\" \/>\n\t<meta property=\"og:image:width\" content=\"999\" \/>\n\t<meta property=\"og:image:height\" content=\"923\" \/>\n\t<meta property=\"og:image:type\" content=\"image\/jpeg\" \/>\n<meta name=\"twitter:card\" content=\"summary_large_image\" \/>\n<meta name=\"twitter:label1\" content=\"Tiempo de lectura\" \/>\n\t<meta name=\"twitter:data1\" content=\"2 minutos\" \/>\n<script type=\"application\/ld+json\" class=\"yoast-schema-graph\">{\"@context\":\"https:\/\/schema.org\",\"@graph\":[{\"@type\":\"WebPage\",\"@id\":\"https:\/\/distribution.audio-technica.eu\/es-es\/productos\/7380a-pm\/\",\"url\":\"https:\/\/distribution.audio-technica.eu\/es-es\/productos\/7380a-pm\/\",\"name\":\"7380A - Audio-Technica Iberia\",\"isPartOf\":{\"@id\":\"https:\/\/distribution.audio-technica.eu\/es-es\/#website\"},\"primaryImageOfPage\":{\"@id\":\"https:\/\/distribution.audio-technica.eu\/es-es\/productos\/7380a-pm\/#primaryimage\"},\"image\":{\"@id\":\"https:\/\/distribution.audio-technica.eu\/es-es\/productos\/7380a-pm\/#primaryimage\"},\"thumbnailUrl\":\"\/app\/uploads\/sites\/2\/Genelec-7380-1.jpg\",\"datePublished\":\"2018-07-12T12:31:40+00:00\",\"dateModified\":\"2023-07-13T11:33:44+00:00\",\"breadcrumb\":{\"@id\":\"https:\/\/distribution.audio-technica.eu\/es-es\/productos\/7380a-pm\/#breadcrumb\"},\"inLanguage\":\"es\",\"potentialAction\":[{\"@type\":\"ReadAction\",\"target\":[\"https:\/\/distribution.audio-technica.eu\/es-es\/productos\/7380a-pm\/\"]}]},{\"@type\":\"ImageObject\",\"inLanguage\":\"es\",\"@id\":\"https:\/\/distribution.audio-technica.eu\/es-es\/productos\/7380a-pm\/#primaryimage\",\"url\":\"\/app\/uploads\/sites\/2\/Genelec-7380-1.jpg\",\"contentUrl\":\"\/app\/uploads\/sites\/2\/Genelec-7380-1.jpg\",\"width\":999,\"height\":923},{\"@type\":\"BreadcrumbList\",\"@id\":\"https:\/\/distribution.audio-technica.eu\/es-es\/productos\/7380a-pm\/#breadcrumb\",\"itemListElement\":[{\"@type\":\"ListItem\",\"position\":1,\"name\":\"Products\",\"item\":\"https:\/\/distribution.audio-technica.eu\/es-es\/\"},{\"@type\":\"ListItem\",\"position\":2,\"name\":\"Productos\",\"item\":\"https:\/\/distribution.audio-technica.eu\/es-es\/productos\/\"},{\"@type\":\"ListItem\",\"position\":3,\"name\":\"7380A\"}]},{\"@type\":\"WebSite\",\"@id\":\"https:\/\/distribution.audio-technica.eu\/es-es\/#website\",\"url\":\"https:\/\/distribution.audio-technica.eu\/es-es\/\",\"name\":\"Audio-Technica Iberia\",\"description\":\"Distribuci\u00f3n\",\"potentialAction\":[{\"@type\":\"SearchAction\",\"target\":{\"@type\":\"EntryPoint\",\"urlTemplate\":\"https:\/\/distribution.audio-technica.eu\/es-es\/?s={search_term_string}\"},\"query-input\":{\"@type\":\"PropertyValueSpecification\",\"valueRequired\":true,\"valueName\":\"search_term_string\"}}],\"inLanguage\":\"es\"}]}<\/script>\n<!-- \/ Yoast SEO plugin. -->","yoast_head_json":{"title":"7380A - Audio-Technica Iberia","robots":{"index":"index","follow":"follow","max-snippet":"max-snippet:-1","max-image-preview":"max-image-preview:large","max-video-preview":"max-video-preview:-1"},"canonical":"https:\/\/distribution.audio-technica.eu\/es-es\/productos\/7380a-pm\/","og_locale":"es_ES","og_type":"article","og_title":"7380A - Audio-Technica Iberia","og_description":"Subgrave autoamplificado SAM. 15\"  Alta potencia y SPL en un formato sorprendentemente compacto  Software GLM para configuraci\u00f3n, calibraci\u00f3n y control  E\/S anal\u00f3gicas y digitales para 7.1 a trav\u00e9s de XLR y digital AES\/EBU  Potencia 800W RMS  Respuesta en frecuencia: 16 Hz- 100 Hz","og_url":"https:\/\/distribution.audio-technica.eu\/es-es\/productos\/7380a-pm\/","og_site_name":"Audio-Technica Iberia","article_modified_time":"2023-07-13T11:33:44+00:00","og_image":[{"width":999,"height":923,"url":"https:\/\/distribution.audio-technica.eu\/app\/uploads\/sites\/2\/Genelec-7380-1.jpg","type":"image\/jpeg"}],"twitter_card":"summary_large_image","twitter_misc":{"Tiempo de lectura":"2 minutos"},"schema":{"@context":"https:\/\/schema.org","@graph":[{"@type":"WebPage","@id":"https:\/\/distribution.audio-technica.eu\/es-es\/productos\/7380a-pm\/","url":"https:\/\/distribution.audio-technica.eu\/es-es\/productos\/7380a-pm\/","name":"7380A - Audio-Technica Iberia","isPartOf":{"@id":"https:\/\/distribution.audio-technica.eu\/es-es\/#website"},"primaryImageOfPage":{"@id":"https:\/\/distribution.audio-technica.eu\/es-es\/productos\/7380a-pm\/#primaryimage"},"image":{"@id":"https:\/\/distribution.audio-technica.eu\/es-es\/productos\/7380a-pm\/#primaryimage"},"thumbnailUrl":"\/app\/uploads\/sites\/2\/Genelec-7380-1.jpg","datePublished":"2018-07-12T12:31:40+00:00","dateModified":"2023-07-13T11:33:44+00:00","breadcrumb":{"@id":"https:\/\/distribution.audio-technica.eu\/es-es\/productos\/7380a-pm\/#breadcrumb"},"inLanguage":"es","potentialAction":[{"@type":"ReadAction","target":["https:\/\/distribution.audio-technica.eu\/es-es\/productos\/7380a-pm\/"]}]},{"@type":"ImageObject","inLanguage":"es","@id":"https:\/\/distribution.audio-technica.eu\/es-es\/productos\/7380a-pm\/#primaryimage","url":"\/app\/uploads\/sites\/2\/Genelec-7380-1.jpg","contentUrl":"\/app\/uploads\/sites\/2\/Genelec-7380-1.jpg","width":999,"height":923},{"@type":"BreadcrumbList","@id":"https:\/\/distribution.audio-technica.eu\/es-es\/productos\/7380a-pm\/#breadcrumb","itemListElement":[{"@type":"ListItem","position":1,"name":"Products","item":"https:\/\/distribution.audio-technica.eu\/es-es\/"},{"@type":"ListItem","position":2,"name":"Productos","item":"https:\/\/distribution.audio-technica.eu\/es-es\/productos\/"},{"@type":"ListItem","position":3,"name":"7380A"}]},{"@type":"WebSite","@id":"https:\/\/distribution.audio-technica.eu\/es-es\/#website","url":"https:\/\/distribution.audio-technica.eu\/es-es\/","name":"Audio-Technica Iberia","description":"Distribuci\u00f3n","potentialAction":[{"@type":"SearchAction","target":{"@type":"EntryPoint","urlTemplate":"https:\/\/distribution.audio-technica.eu\/es-es\/?s={search_term_string}"},"query-input":{"@type":"PropertyValueSpecification","valueRequired":true,"valueName":"search_term_string"}}],"inLanguage":"es"}]}},"_links":{"self":[{"href":"https:\/\/distribution.audio-technica.eu\/es-es\/wp-json\/wp\/v2\/product\/14096","targetHints":{"allow":["GET"]}}],"collection":[{"href":"https:\/\/distribution.audio-technica.eu\/es-es\/wp-json\/wp\/v2\/product"}],"about":[{"href":"https:\/\/distribution.audio-technica.eu\/es-es\/wp-json\/wp\/v2\/types\/product"}],"wp:featuredmedia":[{"embeddable":true,"href":"https:\/\/distribution.audio-technica.eu\/es-es\/wp-json\/wp\/v2\/media\/11177"}],"wp:attachment":[{"href":"https:\/\/distribution.audio-technica.eu\/es-es\/wp-json\/wp\/v2\/media?parent=14096"}],"wp:term":[{"taxonomy":"product_brand","embeddable":true,"href":"https:\/\/distribution.audio-technica.eu\/es-es\/wp-json\/wp\/v2\/product_brand?post=14096"},{"taxonomy":"product_cat","embeddable":true,"href":"https:\/\/distribution.audio-technica.eu\/es-es\/wp-json\/wp\/v2\/product_cat?post=14096"},{"taxonomy":"product_tag","embeddable":true,"href":"https:\/\/distribution.audio-technica.eu\/es-es\/wp-json\/wp\/v2\/product_tag?post=14096"}],"curies":[{"name":"wp","href":"https:\/\/api.w.org\/{rel}","templated":true}]}}