{"id":14097,"date":"2018-07-12T14:31:40","date_gmt":"2018-07-12T12:31:40","guid":{"rendered":"https:\/\/atdb-production.studiograft.dev\/es\/product\/import-placeholder-for-1384\/"},"modified":"2023-07-13T13:34:31","modified_gmt":"2023-07-13T11:34:31","slug":"glm","status":"publish","type":"product","link":"https:\/\/distribution.audio-technica.eu\/es-es\/productos\/glm\/","title":{"rendered":"GLM 4"},"content":{"rendered":"<h2>GLM 4<\/h2>\n<h3>Software de calibraci\u00f3n y control para monitores SAM en red<\/h3>\n<p>El software GLM le brinda el poder de conectar, calibrar y controlar su sistema Genelec SAM y minimizar las influencias ac\u00fasticas no deseadas de su sala. El nuevo GLM 4 ofrece ahora una elegante interfaz de usuario y una serie de valiosas funciones adicionales, que le ayudar\u00e1n a crear una referencia s\u00f3nica inigualable y veraz.<\/p>\n<p><strong>Una mala traducci\u00f3n?<\/strong><\/p>\n<p>Si alguna vez se ha sentido frustrado porque sus mezclas no se traducen bien en otros sistemas, es porque sus monitores y su sala est\u00e1n interactuando para producir una respuesta de frecuencia que puede estar lejos de la respuesta neutral y suave que necesita para crear un gran mezcla.<\/p>\n<p><strong>Libere su creatividad<\/strong><\/p>\n<p>El software GLM 4 se integra estrechamente con la avanzada circuiter\u00eda DSP que incorporan los monitores y subgraves de la familia SAM de Genelec, desde el peque\u00f1o 8320 hasta el gran 1236A. El kit de micr\u00f3fono de referencia de GLM 4 permite analizar su entorno ac\u00fastico, para que posteriormente la funci\u00f3n AutoCal de GLM 4 optimiza cada uno de los monitores en cuanto a su nivel, retardo de distancia, fase del crossover del subgrave y ecualizaci\u00f3n de la respuesta de la sala, con la opci\u00f3n de ajustar a\u00fan m\u00e1s el sistema. Al minimizar la influencia negativa de su sala en el sonido, GLM 4 dar\u00e1 rienda suelta a su creatividad y le dar\u00e1 la confianza para saber que sus mezclas sonar\u00e1n tal como lo deseaba, dondequiera que se escuchen.<\/p>\n<p><strong>Control total<\/strong><\/p>\n<p>Pero eso no es todo. Habiendo optimizado su sistema de monitoraje para su sala, GLM act\u00faa como un potente controlador de monitores, lo que le ofrece la capacidad de cambiar entre monitores, mantener un control preciso de los niveles de escucha y mucho m\u00e1s.<\/p>\n<p>Creada conjuntamente con el dise\u00f1ador Harri Koskinen, la nueva interfaz de usuario intuitiva del GLM 4 fusiona una est\u00e9tica limpia y atractiva con un car\u00e1cter \u00fanico. El dise\u00f1o hexagonal inspirado de Harri tambi\u00e9n apoya la idea del crecimiento natural, de modo que GLM 4 lo ayudar\u00e1 a desarrollar sus propias habilidades de escucha y permitir\u00e1 que su sistema de monitoraje se expanda y evolucione. Y con una selecci\u00f3n de 7 idiomas y temas de colores claros y oscuros, GLM 4 es la versi\u00f3n m\u00e1s f\u00e1cil de usar de GLM.<\/p>\n<p>Ya sea que sea un nuevo usuario de Genelec, o sea un usuario existente que desee actualizar a la \u00faltima versi\u00f3n, GLM 4 se puede descargar gratis a trav\u00e9s de este enlace: <a href=\"https:\/\/www.genelec.com\/glm\" target=\"_blank\" rel=\"noopener noreferrer\">genelec.com\/glm<\/a>.<\/p>\n<p><strong>Preparado para redes<\/strong><\/p>\n<p>Para permitir que el software GLM se integre con sus monitores SAM, necesitar\u00e1 el kit adaptador de red Genelec (8300-601), que incluye el adaptador de red GLM, el micr\u00f3fono de calibraci\u00f3n 8300A, el soporte para micr\u00f3fono, cable USB de 1,8 m y la gu\u00eda de conexi\u00f3n r\u00e1pida . El adaptador de red se conecta a su Mac o PC mediante el cable USB suministrado, y a sus monitores mediante un cable CAT de 5 metros (que se suministra por separado con cada monitor SAM).<\/p>\n<p>Tenga en cuenta que GLM no puede controlar los monitores anal\u00f3gicos \u00abcl\u00e1sicos\u00bb de Genelec. Si se utilizan monitores cl\u00e1sicos, aseg\u00farese de ajustar los conmutadores DIP situados en su panel posterior para obtener una respuesta en frecuencia neutra, una vez situados los monitores en la habitaci\u00f3n. En el manual de instrucciones encontrar\u00e1 m\u00e1s detalles sobre esto.<\/p>\n<p><strong>Con GLM 4 podr\u00e1:<\/strong><\/p>\n<ul>\n<li>Ajustar autom\u00e1ticamente la respuesta de frecuencia en la sala, el retardo de distancia y el nivel de escucha.<\/li>\n<li>Ajustar, personalizar y almacenar libremente cualquier configuraci\u00f3n autom\u00e1ticamente.<\/li>\n<li>Crear y expandir sistemas para adaptarse a todo tipo de formatos de audio est\u00e9reo, multicanal o inmersivo 3D.<\/li>\n<li>Muestrear las respuestas de la sala en un n\u00famero ilimitado de ubicaciones de micr\u00f3fono.<\/li>\n<li>Cambiar entre varios sistemas de monitorizaci\u00f3n utilizando las mismas salidas DAW.<\/li>\n<li>Activar niveles de audici\u00f3n calibrados de solo, mute y est\u00e1ndar.<\/li>\n<li>Activar la gesti\u00f3n de graves o las compensaciones de retardo del sistema completo.<\/li>\n<li>Cambiar entre ubicaciones de escucha, incluidas las compensaciones de tiempo de monitorizaci\u00f3n individual.<\/li>\n<li>Gestionar y controlar m\u00e1s de 80 monitores y subwoofers Genelec.<\/li>\n<li>Acceder a los servicios de GLM Cloud para obtener las \u00faltimas actualizaciones y ponerse en contacto con nuestro servicio de asistencia t\u00e9cnica experto.<\/li>\n<li>Disfrutar de los beneficios de un funcionamiento constante y una supervisi\u00f3n precisa en cualquier entorno de producci\u00f3n.<\/li>\n<\/ul>\n<p><a href=\"\/app\/uploads\/sites\/2\/2020_GLM-4-system-components_ES-1.jpg\"><img loading=\"lazy\" decoding=\"async\" class=\"aligncenter size-fusion-800 wp-image-22717\" src=\"\/app\/uploads\/sites\/2\/2020_GLM-4-system-components_ES-1.jpg\" alt=\"\" width=\"800\" height=\"643\" \/><\/a><\/p>\n<h2>GLM Kit <a href=\"\/app\/uploads\/sites\/2\/Genelec-GLM-2.0-Mic-and-Network-1-1.jpg\"><img loading=\"lazy\" decoding=\"async\" class=\"size-fusion-400 wp-image-11145 alignright\" src=\"\/app\/uploads\/sites\/2\/Genelec-GLM-2.0-Mic-and-Network-1-1.jpg\" alt=\"\" width=\"400\" height=\"400\" \/><\/a><\/h2>\n<h3>Kit adaptador de red Genelec\u00a0(8300-601)<\/h3>\n<p>Este kit incluye:<\/p>\n<ul>\n<li>Adaptador de red GLM<\/li>\n<li>Micr\u00f3fono de calibraci\u00f3n 8300A<\/li>\n<li>Soporte para micr\u00f3fono con rosca de 3\/8 y 5\/8<\/li>\n<li>Cable USB de 1,8 m<\/li>\n<li>Gu\u00eda de conexi\u00f3n r\u00e1pida.<\/li>\n<\/ul>\n","protected":false},"excerpt":{"rendered":"<h3>Software de calibraci\u00f3n y control para monitores SAM en red<\/h3>\n<ul class=\"summary\">\n<li>Nueva versi\u00f3n ampliada y mejorada del popular software SAM<\/li>\n<li>Gesti\u00f3n y control de hasta 80 monitores y subgraves SAM<\/li>\n<li>Permite crear todo tipo de sistemas est\u00e9reo, est\u00e9reo m\u00faltiple, multicanal<\/li>\n<li>Incluye servicios GLM Cloud<\/li>\n<li>Permite enviar sus archivos GLM al Cloud Helpdesk para asesoramiento<\/li>\n<li>Permite crear y recuperar curvas personalizadas de respuesta<\/li>\n<\/ul>\n<p>&nbsp;<\/p>\n","protected":false},"featured_media":22718,"template":"","meta":{"_acf_changed":false},"product_brand":[],"product_cat":[1406,1395,1396,1404],"product_tag":[],"class_list":{"0":"post-14097","1":"product","2":"type-product","3":"status-publish","4":"has-post-thumbnail","6":"product_cat-software-para-gestion-y-control-de-monitores","7":"product_cat-por-series-genelec","8":"product_cat-serie-sam","9":"product_cat-serie-the-ones","10":"product_series-serie-sam","11":"product_series-serie-the-ones","13":"first","14":"instock","15":"shipping-taxable","16":"product-type-simple"},"acf":[],"yoast_head":"<!-- This site is optimized with the Yoast SEO plugin v27.1.1 - https:\/\/yoast.com\/product\/yoast-seo-wordpress\/ -->\n<title>GLM 4 - Audio-Technica Iberia<\/title>\n<meta name=\"robots\" content=\"index, follow, max-snippet:-1, max-image-preview:large, max-video-preview:-1\" \/>\n<link rel=\"canonical\" href=\"https:\/\/distribution.audio-technica.eu\/es-es\/productos\/glm\/\" \/>\n<meta property=\"og:locale\" content=\"es_ES\" \/>\n<meta property=\"og:type\" content=\"article\" \/>\n<meta property=\"og:title\" content=\"GLM 4 - Audio-Technica Iberia\" \/>\n<meta property=\"og:description\" content=\"Software de calibraci\u00f3n y control para monitores SAM en red  Nueva versi\u00f3n ampliada y mejorada del popular software SAM  Gesti\u00f3n y control de hasta 80 monitores y subgraves SAM  Permite crear todo tipo de sistemas est\u00e9reo, est\u00e9reo m\u00faltiple, multicanal  Incluye servicios GLM Cloud  Permite enviar sus archivos GLM al Cloud Helpdesk para asesoramiento  Permite crear y recuperar curvas personalizadas de respuesta &nbsp;\" \/>\n<meta property=\"og:url\" content=\"https:\/\/distribution.audio-technica.eu\/es-es\/productos\/glm\/\" \/>\n<meta property=\"og:site_name\" content=\"Audio-Technica Iberia\" \/>\n<meta property=\"article:modified_time\" content=\"2023-07-13T11:34:31+00:00\" \/>\n<meta property=\"og:image\" content=\"https:\/\/distribution.audio-technica.eu\/app\/uploads\/sites\/2\/Genelec-GLM4-1.jpg\" \/>\n\t<meta property=\"og:image:width\" content=\"1000\" \/>\n\t<meta property=\"og:image:height\" content=\"1000\" \/>\n\t<meta property=\"og:image:type\" content=\"image\/jpeg\" \/>\n<meta name=\"twitter:card\" content=\"summary_large_image\" \/>\n<meta name=\"twitter:label1\" content=\"Tiempo de lectura\" \/>\n\t<meta name=\"twitter:data1\" content=\"4 minutos\" \/>\n<script type=\"application\/ld+json\" class=\"yoast-schema-graph\">{\"@context\":\"https:\/\/schema.org\",\"@graph\":[{\"@type\":\"WebPage\",\"@id\":\"https:\/\/distribution.audio-technica.eu\/es-es\/productos\/glm\/\",\"url\":\"https:\/\/distribution.audio-technica.eu\/es-es\/productos\/glm\/\",\"name\":\"GLM 4 - Audio-Technica Iberia\",\"isPartOf\":{\"@id\":\"https:\/\/distribution.audio-technica.eu\/es-es\/#website\"},\"primaryImageOfPage\":{\"@id\":\"https:\/\/distribution.audio-technica.eu\/es-es\/productos\/glm\/#primaryimage\"},\"image\":{\"@id\":\"https:\/\/distribution.audio-technica.eu\/es-es\/productos\/glm\/#primaryimage\"},\"thumbnailUrl\":\"\/app\/uploads\/sites\/2\/Genelec-GLM4-1.jpg\",\"datePublished\":\"2018-07-12T12:31:40+00:00\",\"dateModified\":\"2023-07-13T11:34:31+00:00\",\"breadcrumb\":{\"@id\":\"https:\/\/distribution.audio-technica.eu\/es-es\/productos\/glm\/#breadcrumb\"},\"inLanguage\":\"es\",\"potentialAction\":[{\"@type\":\"ReadAction\",\"target\":[\"https:\/\/distribution.audio-technica.eu\/es-es\/productos\/glm\/\"]}]},{\"@type\":\"ImageObject\",\"inLanguage\":\"es\",\"@id\":\"https:\/\/distribution.audio-technica.eu\/es-es\/productos\/glm\/#primaryimage\",\"url\":\"\/app\/uploads\/sites\/2\/Genelec-GLM4-1.jpg\",\"contentUrl\":\"\/app\/uploads\/sites\/2\/Genelec-GLM4-1.jpg\",\"width\":1000,\"height\":1000},{\"@type\":\"BreadcrumbList\",\"@id\":\"https:\/\/distribution.audio-technica.eu\/es-es\/productos\/glm\/#breadcrumb\",\"itemListElement\":[{\"@type\":\"ListItem\",\"position\":1,\"name\":\"Products\",\"item\":\"https:\/\/distribution.audio-technica.eu\/es-es\/\"},{\"@type\":\"ListItem\",\"position\":2,\"name\":\"Productos\",\"item\":\"https:\/\/distribution.audio-technica.eu\/es-es\/productos\/\"},{\"@type\":\"ListItem\",\"position\":3,\"name\":\"GLM 4\"}]},{\"@type\":\"WebSite\",\"@id\":\"https:\/\/distribution.audio-technica.eu\/es-es\/#website\",\"url\":\"https:\/\/distribution.audio-technica.eu\/es-es\/\",\"name\":\"Audio-Technica Iberia\",\"description\":\"Distribuci\u00f3n\",\"potentialAction\":[{\"@type\":\"SearchAction\",\"target\":{\"@type\":\"EntryPoint\",\"urlTemplate\":\"https:\/\/distribution.audio-technica.eu\/es-es\/?s={search_term_string}\"},\"query-input\":{\"@type\":\"PropertyValueSpecification\",\"valueRequired\":true,\"valueName\":\"search_term_string\"}}],\"inLanguage\":\"es\"}]}<\/script>\n<!-- \/ Yoast SEO plugin. -->","yoast_head_json":{"title":"GLM 4 - Audio-Technica Iberia","robots":{"index":"index","follow":"follow","max-snippet":"max-snippet:-1","max-image-preview":"max-image-preview:large","max-video-preview":"max-video-preview:-1"},"canonical":"https:\/\/distribution.audio-technica.eu\/es-es\/productos\/glm\/","og_locale":"es_ES","og_type":"article","og_title":"GLM 4 - Audio-Technica Iberia","og_description":"Software de calibraci\u00f3n y control para monitores SAM en red  Nueva versi\u00f3n ampliada y mejorada del popular software SAM  Gesti\u00f3n y control de hasta 80 monitores y subgraves SAM  Permite crear todo tipo de sistemas est\u00e9reo, est\u00e9reo m\u00faltiple, multicanal  Incluye servicios GLM Cloud  Permite enviar sus archivos GLM al Cloud Helpdesk para asesoramiento  Permite crear y recuperar curvas personalizadas de respuesta &nbsp;","og_url":"https:\/\/distribution.audio-technica.eu\/es-es\/productos\/glm\/","og_site_name":"Audio-Technica Iberia","article_modified_time":"2023-07-13T11:34:31+00:00","og_image":[{"width":1000,"height":1000,"url":"https:\/\/distribution.audio-technica.eu\/app\/uploads\/sites\/2\/Genelec-GLM4-1.jpg","type":"image\/jpeg"}],"twitter_card":"summary_large_image","twitter_misc":{"Tiempo de lectura":"4 minutos"},"schema":{"@context":"https:\/\/schema.org","@graph":[{"@type":"WebPage","@id":"https:\/\/distribution.audio-technica.eu\/es-es\/productos\/glm\/","url":"https:\/\/distribution.audio-technica.eu\/es-es\/productos\/glm\/","name":"GLM 4 - Audio-Technica Iberia","isPartOf":{"@id":"https:\/\/distribution.audio-technica.eu\/es-es\/#website"},"primaryImageOfPage":{"@id":"https:\/\/distribution.audio-technica.eu\/es-es\/productos\/glm\/#primaryimage"},"image":{"@id":"https:\/\/distribution.audio-technica.eu\/es-es\/productos\/glm\/#primaryimage"},"thumbnailUrl":"\/app\/uploads\/sites\/2\/Genelec-GLM4-1.jpg","datePublished":"2018-07-12T12:31:40+00:00","dateModified":"2023-07-13T11:34:31+00:00","breadcrumb":{"@id":"https:\/\/distribution.audio-technica.eu\/es-es\/productos\/glm\/#breadcrumb"},"inLanguage":"es","potentialAction":[{"@type":"ReadAction","target":["https:\/\/distribution.audio-technica.eu\/es-es\/productos\/glm\/"]}]},{"@type":"ImageObject","inLanguage":"es","@id":"https:\/\/distribution.audio-technica.eu\/es-es\/productos\/glm\/#primaryimage","url":"\/app\/uploads\/sites\/2\/Genelec-GLM4-1.jpg","contentUrl":"\/app\/uploads\/sites\/2\/Genelec-GLM4-1.jpg","width":1000,"height":1000},{"@type":"BreadcrumbList","@id":"https:\/\/distribution.audio-technica.eu\/es-es\/productos\/glm\/#breadcrumb","itemListElement":[{"@type":"ListItem","position":1,"name":"Products","item":"https:\/\/distribution.audio-technica.eu\/es-es\/"},{"@type":"ListItem","position":2,"name":"Productos","item":"https:\/\/distribution.audio-technica.eu\/es-es\/productos\/"},{"@type":"ListItem","position":3,"name":"GLM 4"}]},{"@type":"WebSite","@id":"https:\/\/distribution.audio-technica.eu\/es-es\/#website","url":"https:\/\/distribution.audio-technica.eu\/es-es\/","name":"Audio-Technica Iberia","description":"Distribuci\u00f3n","potentialAction":[{"@type":"SearchAction","target":{"@type":"EntryPoint","urlTemplate":"https:\/\/distribution.audio-technica.eu\/es-es\/?s={search_term_string}"},"query-input":{"@type":"PropertyValueSpecification","valueRequired":true,"valueName":"search_term_string"}}],"inLanguage":"es"}]}},"_links":{"self":[{"href":"https:\/\/distribution.audio-technica.eu\/es-es\/wp-json\/wp\/v2\/product\/14097","targetHints":{"allow":["GET"]}}],"collection":[{"href":"https:\/\/distribution.audio-technica.eu\/es-es\/wp-json\/wp\/v2\/product"}],"about":[{"href":"https:\/\/distribution.audio-technica.eu\/es-es\/wp-json\/wp\/v2\/types\/product"}],"wp:featuredmedia":[{"embeddable":true,"href":"https:\/\/distribution.audio-technica.eu\/es-es\/wp-json\/wp\/v2\/media\/22718"}],"wp:attachment":[{"href":"https:\/\/distribution.audio-technica.eu\/es-es\/wp-json\/wp\/v2\/media?parent=14097"}],"wp:term":[{"taxonomy":"product_brand","embeddable":true,"href":"https:\/\/distribution.audio-technica.eu\/es-es\/wp-json\/wp\/v2\/product_brand?post=14097"},{"taxonomy":"product_cat","embeddable":true,"href":"https:\/\/distribution.audio-technica.eu\/es-es\/wp-json\/wp\/v2\/product_cat?post=14097"},{"taxonomy":"product_tag","embeddable":true,"href":"https:\/\/distribution.audio-technica.eu\/es-es\/wp-json\/wp\/v2\/product_tag?post=14097"}],"curies":[{"name":"wp","href":"https:\/\/api.w.org\/{rel}","templated":true}]}}