{"id":14100,"date":"2018-07-12T14:31:41","date_gmt":"2018-07-12T12:31:41","guid":{"rendered":"https:\/\/atdb-production.studiograft.dev\/es\/product\/import-placeholder-for-1391\/"},"modified":"2023-07-13T13:28:34","modified_gmt":"2023-07-13T11:28:34","slug":"sq-6","status":"publish","type":"product","link":"https:\/\/distribution.audio-technica.eu\/es-es\/productos\/sq-6\/","title":{"rendered":"SQ-6"},"content":{"rendered":"<h2>SQ-6<\/h2>\n<h3>Mezclador digital de 25 faders \/ 48 canales \/ 36 buses<\/h3>\n<p>SQ-6 encarna la pr\u00f3xima generaci\u00f3n de mezcladores digitales, potenciados por el revolucionario motor XCVI FPGA 96 kHz desarrollado por Allen &amp; Heath. Creado para satisfacer las necesidades de aplicaciones altamente exigentes, tales como AV, eventos corporativos, producciones en directo y templos, SQ-6 ofrece un excepcional sonido en alta fidelidad y una latencia sin precedentes de tan solo 0.7 ms. La consola dispone de 24 preamplificadores microf\u00f3nicos de calidad excepcional, y 8 motores FX est\u00e9reo con canales de retorno espec\u00edficos y acceso a la prestigiosa librer\u00eda RackExtra FX.<\/p>\n<p>SQ es la mejor elecci\u00f3n para utilizar sistemas de monitorizaci\u00f3n intra aural, ya que proporciona 12 mezclas est\u00e9reo (configurables como grupos o auxiliares). Tambi\u00e9n dispone de Mezclador Autom\u00e1tico de Micr\u00f3fonos, lo que la convierte tambi\u00e9n en la mejor elecci\u00f3n para sonorizar conferencias, debates y similares.<\/p>\n<h4>Ampliable hasta 48 micros<\/h4>\n<p>SQ-6 dispone de todas las E\/S necesarias para un funcionamiento totalmente aut\u00f3nomo. Gracias a su puerto inteligente SLink, SQ puede ser ampliado para disponer en total de hasta 48 entradas de micro, gracias a la familia de cajetines de escenario expansores (por ejemplo, AB168, AR2412, AR84 y DX168), convirti\u00e9ndola en una soluci\u00f3n que puede combinarse de forma inmediata con otros sistemas digitales de Allen &amp; Heath. Tambi\u00e9n es posible interconectar dos mezcladores SQ o incluso un mezclador SQ y un Sistema dLive.<\/p>\n<h4>La experiencia de mezcla<\/h4>\n<p>El panel de control de SQ cuenta con una pantalla t\u00e1ctil de 7\u201d, rodeada de un grupo de codificadores rotativos iluminados, que crean una mezcla integrada de control visual claro y manipulaci\u00f3n inmediata. Los canales y las mezclas pueden ser arrastradas y soltadas en cualquier strip de canal, con la posibilidad de asignarles nombre y c\u00f3digo de color, permitiendo que el usuario pueda construir el entorno de mezcla adecuado para su flujo de trabajo. Cada strip incorpora el sistema de medici\u00f3n crom\u00e1tico de canal, patentado, que proporciona indicaci\u00f3n clara e inmediata gracias al color y brillo variable de los LEDs.<\/p>\n<p>SQ-6 tambi\u00e9n cuenta con 16 softkeys y 4 controles rotativos de funci\u00f3n asignable por software, as\u00ed como de un bot\u00f3n de mezcla \u2018channel to all\u2019 para acceder instant\u00e1neamente a todos los env\u00edos del canal seleccionado.<\/p>\n<h4>RackExtra FX<\/h4>\n<p>Allen &amp; Heath goza de una merecida reputaci\u00f3n en la creaci\u00f3n de emulaciones de FX, capaces de rivalizar con los mejores plug ins del mercado, pero sin ninguno de sus inconvenientes. SQ est\u00e1 equipado con 8 motores FX est\u00e9reo y ofrece la aclamada librer\u00eda de emulaciones RackExtra, que incluye legendarias reverbs cl\u00e1sicas, reverbs gateadas, retardos, moduladores y mucho m\u00e1s. Todos los FX disponen de retornos est\u00e9reo espec\u00edficos, por lo que no necesitan consumir canales de entrada.<\/p>\n<h4>Sistema de mezcla personal ME<\/h4>\n<p>SQ es totalmente compatible con el Sistema de Mezcla Personal ME, que permite que los int\u00e9rpretes puedan tomar el control de sus propias mezclas de monitoraje. A trav\u00e9s del puerto Slink o desde un expansor remoto, es posible conectar en cadena cualquier n\u00famero de mezcladores personales ME-1 y ME-500.<\/p>\n<h4>Grabaci\u00f3n multipista flexible<\/h4>\n<p>El SQ-Drive integrado ofrece un m\u00e9todo r\u00e1pido y sencillo para realizar grabaciones est\u00e9reo o multipista de la actuaci\u00f3n, con resoluci\u00f3n de 96 kHz y directamente a una unidad USB, sin necesidad de configurar software, sin problemas con los drivers de una tarjeta de sonido y sin tener que utilizar un ordenador port\u00e1til.<\/p>\n<p>Tambi\u00e9n se cuenta con un interface de audio interno de 32&#215;32 y resoluci\u00f3n de 96 kHz para realizar grabaciones multipista, reproducir pistas de refuerzo o realizar pruebas virtuales de sonido. Este interface es compatible Core Audio y ASIO y ha sido complementado con posibilidades de control MIDI y DAW.<\/p>\n<h4>Dante, Waves y mucho m\u00e1s<\/h4>\n<p>SQ es la pieza central de un creciente ecosistema de apps, expansores, audio en red, mezcladores personales y mucho m\u00e1s, permitiendo que el usuario pueda adaptar y expandir su sistema de trabajo. Tambi\u00e9n es compatible con los est\u00e1ndares de red de audio m\u00e1s importantes, tales como Dante o Waves, lo que le permite integrarse f\u00e1cilmente con sistemas instalados, proporcionar split FoH\/monitores y mucho m\u00e1s.<\/p>\n<p>SQ-6 proporciona todas las herramientas para satisfacer cualquier tipo de necesidad, desde eventos AV corporativos, a producciones en directo o templos.<\/p>\n<ul>\n<li>Procesado FPGA 96 kHz<\/li>\n<li>48 canales de entrada<\/li>\n<li>Procesado DEEP<\/li>\n<li>25 faders \/ 6 capas<\/li>\n<li>12 mezclas est\u00e9reo LR<\/li>\n<li>3 matrices est\u00e9reo<\/li>\n<li>8 motores FX est\u00e9reo retornos espec\u00edficos<\/li>\n<li>Pantalla t\u00e1ctil 7\u201d<\/li>\n<li>Puerto Slink para audio remoto \/ ampliaci\u00f3n<\/li>\n<li>Puerto E\/S 64 canales para audio en red<\/li>\n<li>Interface de audio USB 32&#215;32<\/li>\n<li>SQ-Drive para grabaci\u00f3n directa a USB<\/li>\n<li>Salida AES<\/li>\n<li>Medici\u00f3n crom\u00e1tica de canal<\/li>\n<li>Iluminaci\u00f3n LED integrada<\/li>\n<li>Controles f\u00edsicos para funciones espec\u00edficas<\/li>\n<li>16softkeys asignables<\/li>\n<li>Display LCD de canal<\/li>\n<\/ul>\n","protected":false},"excerpt":{"rendered":"<h3>Mezclador digital de 25 faders \/ 48 canales \/ 36 buses<\/h3>\n<ul class=\"summary\">\n<li>24 preamplificadores internos y 8 motores FX est\u00e9reo con canales de retorno<\/li>\n<li>Procesado FPGA 96 kHz<\/li>\n<li>Procesado DEEP<\/li>\n<li>12 mezclas est\u00e9reo LR<\/li>\n<li>Puerto E\/S 64 canales para redes de audio<\/li>\n<li>Interface de audio USB 32&#215;32 y salida AES<\/li>\n<\/ul>\n","protected":false},"featured_media":9712,"template":"","meta":{"_acf_changed":false},"product_brand":[],"product_cat":[1493,1494,1490,1514],"product_tag":[],"class_list":{"0":"post-14100","1":"product","2":"type-product","3":"status-publish","4":"has-post-thumbnail","6":"product_cat-mesas-de-mezclas-allen-heath","7":"product_cat-mesas-de-mezclas-para-directo-mesas-de-mezclas-allen-heath","8":"product_cat-por-series-allen-heath","9":"product_cat-serie-sq","10":"product_series-serie-sq","12":"first","13":"instock","14":"shipping-taxable","15":"product-type-simple"},"acf":[],"yoast_head":"<!-- This site is optimized with the Yoast SEO plugin v27.1.1 - https:\/\/yoast.com\/product\/yoast-seo-wordpress\/ -->\n<title>SQ-6 - Audio-Technica Iberia<\/title>\n<meta name=\"robots\" content=\"index, follow, max-snippet:-1, max-image-preview:large, max-video-preview:-1\" \/>\n<link rel=\"canonical\" href=\"https:\/\/distribution.audio-technica.eu\/es-es\/productos\/sq-6\/\" \/>\n<meta property=\"og:locale\" content=\"es_ES\" \/>\n<meta property=\"og:type\" content=\"article\" \/>\n<meta property=\"og:title\" content=\"SQ-6 - Audio-Technica Iberia\" \/>\n<meta property=\"og:description\" content=\"Mezclador digital de 25 faders \/ 48 canales \/ 36 buses  24 preamplificadores internos y 8 motores FX est\u00e9reo con canales de retorno  Procesado FPGA 96 kHz  Procesado DEEP  12 mezclas est\u00e9reo LR  Puerto E\/S 64 canales para redes de audio  Interface de audio USB 32x32 y salida AES\" \/>\n<meta property=\"og:url\" content=\"https:\/\/distribution.audio-technica.eu\/es-es\/productos\/sq-6\/\" \/>\n<meta property=\"og:site_name\" content=\"Audio-Technica Iberia\" \/>\n<meta property=\"article:modified_time\" content=\"2023-07-13T11:28:34+00:00\" \/>\n<meta property=\"og:image\" content=\"https:\/\/distribution.audio-technica.eu\/app\/uploads\/sites\/2\/AH-SQ-6-1.jpg\" \/>\n\t<meta property=\"og:image:width\" content=\"1000\" \/>\n\t<meta property=\"og:image:height\" content=\"1000\" \/>\n\t<meta property=\"og:image:type\" content=\"image\/jpeg\" \/>\n<meta name=\"twitter:card\" content=\"summary_large_image\" \/>\n<meta name=\"twitter:label1\" content=\"Tiempo de lectura\" \/>\n\t<meta name=\"twitter:data1\" content=\"4 minutos\" \/>\n<script type=\"application\/ld+json\" class=\"yoast-schema-graph\">{\"@context\":\"https:\/\/schema.org\",\"@graph\":[{\"@type\":\"WebPage\",\"@id\":\"https:\/\/distribution.audio-technica.eu\/es-es\/productos\/sq-6\/\",\"url\":\"https:\/\/distribution.audio-technica.eu\/es-es\/productos\/sq-6\/\",\"name\":\"SQ-6 - Audio-Technica Iberia\",\"isPartOf\":{\"@id\":\"https:\/\/distribution.audio-technica.eu\/es-es\/#website\"},\"primaryImageOfPage\":{\"@id\":\"https:\/\/distribution.audio-technica.eu\/es-es\/productos\/sq-6\/#primaryimage\"},\"image\":{\"@id\":\"https:\/\/distribution.audio-technica.eu\/es-es\/productos\/sq-6\/#primaryimage\"},\"thumbnailUrl\":\"\/app\/uploads\/sites\/2\/AH-SQ-6-1.jpg\",\"datePublished\":\"2018-07-12T12:31:41+00:00\",\"dateModified\":\"2023-07-13T11:28:34+00:00\",\"breadcrumb\":{\"@id\":\"https:\/\/distribution.audio-technica.eu\/es-es\/productos\/sq-6\/#breadcrumb\"},\"inLanguage\":\"es\",\"potentialAction\":[{\"@type\":\"ReadAction\",\"target\":[\"https:\/\/distribution.audio-technica.eu\/es-es\/productos\/sq-6\/\"]}]},{\"@type\":\"ImageObject\",\"inLanguage\":\"es\",\"@id\":\"https:\/\/distribution.audio-technica.eu\/es-es\/productos\/sq-6\/#primaryimage\",\"url\":\"\/app\/uploads\/sites\/2\/AH-SQ-6-1.jpg\",\"contentUrl\":\"\/app\/uploads\/sites\/2\/AH-SQ-6-1.jpg\",\"width\":1000,\"height\":1000},{\"@type\":\"BreadcrumbList\",\"@id\":\"https:\/\/distribution.audio-technica.eu\/es-es\/productos\/sq-6\/#breadcrumb\",\"itemListElement\":[{\"@type\":\"ListItem\",\"position\":1,\"name\":\"Products\",\"item\":\"https:\/\/distribution.audio-technica.eu\/es-es\/\"},{\"@type\":\"ListItem\",\"position\":2,\"name\":\"Productos\",\"item\":\"https:\/\/distribution.audio-technica.eu\/es-es\/productos\/\"},{\"@type\":\"ListItem\",\"position\":3,\"name\":\"SQ-6\"}]},{\"@type\":\"WebSite\",\"@id\":\"https:\/\/distribution.audio-technica.eu\/es-es\/#website\",\"url\":\"https:\/\/distribution.audio-technica.eu\/es-es\/\",\"name\":\"Audio-Technica Iberia\",\"description\":\"Distribuci\u00f3n\",\"potentialAction\":[{\"@type\":\"SearchAction\",\"target\":{\"@type\":\"EntryPoint\",\"urlTemplate\":\"https:\/\/distribution.audio-technica.eu\/es-es\/?s={search_term_string}\"},\"query-input\":{\"@type\":\"PropertyValueSpecification\",\"valueRequired\":true,\"valueName\":\"search_term_string\"}}],\"inLanguage\":\"es\"}]}<\/script>\n<!-- \/ Yoast SEO plugin. -->","yoast_head_json":{"title":"SQ-6 - Audio-Technica Iberia","robots":{"index":"index","follow":"follow","max-snippet":"max-snippet:-1","max-image-preview":"max-image-preview:large","max-video-preview":"max-video-preview:-1"},"canonical":"https:\/\/distribution.audio-technica.eu\/es-es\/productos\/sq-6\/","og_locale":"es_ES","og_type":"article","og_title":"SQ-6 - Audio-Technica Iberia","og_description":"Mezclador digital de 25 faders \/ 48 canales \/ 36 buses  24 preamplificadores internos y 8 motores FX est\u00e9reo con canales de retorno  Procesado FPGA 96 kHz  Procesado DEEP  12 mezclas est\u00e9reo LR  Puerto E\/S 64 canales para redes de audio  Interface de audio USB 32x32 y salida AES","og_url":"https:\/\/distribution.audio-technica.eu\/es-es\/productos\/sq-6\/","og_site_name":"Audio-Technica Iberia","article_modified_time":"2023-07-13T11:28:34+00:00","og_image":[{"width":1000,"height":1000,"url":"https:\/\/distribution.audio-technica.eu\/app\/uploads\/sites\/2\/AH-SQ-6-1.jpg","type":"image\/jpeg"}],"twitter_card":"summary_large_image","twitter_misc":{"Tiempo de lectura":"4 minutos"},"schema":{"@context":"https:\/\/schema.org","@graph":[{"@type":"WebPage","@id":"https:\/\/distribution.audio-technica.eu\/es-es\/productos\/sq-6\/","url":"https:\/\/distribution.audio-technica.eu\/es-es\/productos\/sq-6\/","name":"SQ-6 - Audio-Technica Iberia","isPartOf":{"@id":"https:\/\/distribution.audio-technica.eu\/es-es\/#website"},"primaryImageOfPage":{"@id":"https:\/\/distribution.audio-technica.eu\/es-es\/productos\/sq-6\/#primaryimage"},"image":{"@id":"https:\/\/distribution.audio-technica.eu\/es-es\/productos\/sq-6\/#primaryimage"},"thumbnailUrl":"\/app\/uploads\/sites\/2\/AH-SQ-6-1.jpg","datePublished":"2018-07-12T12:31:41+00:00","dateModified":"2023-07-13T11:28:34+00:00","breadcrumb":{"@id":"https:\/\/distribution.audio-technica.eu\/es-es\/productos\/sq-6\/#breadcrumb"},"inLanguage":"es","potentialAction":[{"@type":"ReadAction","target":["https:\/\/distribution.audio-technica.eu\/es-es\/productos\/sq-6\/"]}]},{"@type":"ImageObject","inLanguage":"es","@id":"https:\/\/distribution.audio-technica.eu\/es-es\/productos\/sq-6\/#primaryimage","url":"\/app\/uploads\/sites\/2\/AH-SQ-6-1.jpg","contentUrl":"\/app\/uploads\/sites\/2\/AH-SQ-6-1.jpg","width":1000,"height":1000},{"@type":"BreadcrumbList","@id":"https:\/\/distribution.audio-technica.eu\/es-es\/productos\/sq-6\/#breadcrumb","itemListElement":[{"@type":"ListItem","position":1,"name":"Products","item":"https:\/\/distribution.audio-technica.eu\/es-es\/"},{"@type":"ListItem","position":2,"name":"Productos","item":"https:\/\/distribution.audio-technica.eu\/es-es\/productos\/"},{"@type":"ListItem","position":3,"name":"SQ-6"}]},{"@type":"WebSite","@id":"https:\/\/distribution.audio-technica.eu\/es-es\/#website","url":"https:\/\/distribution.audio-technica.eu\/es-es\/","name":"Audio-Technica Iberia","description":"Distribuci\u00f3n","potentialAction":[{"@type":"SearchAction","target":{"@type":"EntryPoint","urlTemplate":"https:\/\/distribution.audio-technica.eu\/es-es\/?s={search_term_string}"},"query-input":{"@type":"PropertyValueSpecification","valueRequired":true,"valueName":"search_term_string"}}],"inLanguage":"es"}]}},"_links":{"self":[{"href":"https:\/\/distribution.audio-technica.eu\/es-es\/wp-json\/wp\/v2\/product\/14100","targetHints":{"allow":["GET"]}}],"collection":[{"href":"https:\/\/distribution.audio-technica.eu\/es-es\/wp-json\/wp\/v2\/product"}],"about":[{"href":"https:\/\/distribution.audio-technica.eu\/es-es\/wp-json\/wp\/v2\/types\/product"}],"wp:featuredmedia":[{"embeddable":true,"href":"https:\/\/distribution.audio-technica.eu\/es-es\/wp-json\/wp\/v2\/media\/9712"}],"wp:attachment":[{"href":"https:\/\/distribution.audio-technica.eu\/es-es\/wp-json\/wp\/v2\/media?parent=14100"}],"wp:term":[{"taxonomy":"product_brand","embeddable":true,"href":"https:\/\/distribution.audio-technica.eu\/es-es\/wp-json\/wp\/v2\/product_brand?post=14100"},{"taxonomy":"product_cat","embeddable":true,"href":"https:\/\/distribution.audio-technica.eu\/es-es\/wp-json\/wp\/v2\/product_cat?post=14100"},{"taxonomy":"product_tag","embeddable":true,"href":"https:\/\/distribution.audio-technica.eu\/es-es\/wp-json\/wp\/v2\/product_tag?post=14100"}],"curies":[{"name":"wp","href":"https:\/\/api.w.org\/{rel}","templated":true}]}}