{"id":14113,"date":"2022-08-31T14:00:00","date_gmt":"2022-08-31T12:00:00","guid":{"rendered":"https:\/\/atdb-production.studiograft.dev\/es\/product\/import-placeholder-for-1443\/"},"modified":"2023-07-13T13:17:26","modified_gmt":"2023-07-13T11:17:26","slug":"ts412","status":"publish","type":"product","link":"https:\/\/distribution.audio-technica.eu\/es-es\/productos\/ts412\/","title":{"rendered":"TS412"},"content":{"rendered":"<h2>TS412<\/h2>\n<h3><strong>Recinto autoamplificado 2 v\u00edas, 12\u201d, 2500 W, con Bluetooth, DSP y control v\u00eda App<\/strong><\/h3>\n<p><strong>Serie TS4: M\u00e1s fuertes. M\u00e1s claros. M\u00e1s inteligentes.<br \/>\n<\/strong>Mientras que la serie TS3 super\u00f3 ampliamente las expectativas, la TS4 las redefine totalmente. Basada en la herencia recibida de los recintos TrueSonic m\u00e1s vendidos, la serie TS4 ofrece m\u00e1s potencia, un sonido a\u00fan m\u00e1s claro y avanzadas funciones Bluetooth, incluyendo el streaming, enlace de recintos y control desde App dedicada. Los nuevos recintos autoamplificados de la serie TS4 son compactos, ligeros y fiables, haciendo posible disfrutar de un sonido en directo de gran calidad en cualquier tipo de evento.<\/p>\n<p><strong>Realmente potentes<br \/>\n<\/strong>Tanto si se precisa de un potente sistema para la sonorizaci\u00f3n de la voz, como de un sistema que ofrezca los potentes graves que requieren la actuaci\u00f3n de un DJ, los recintos TS4 proporcionan un sonido potente, claro y lleno, apto para cualquier aplicaci\u00f3n. Equipado con un altavoz de graves de 12\u201d y un transductor de compresi\u00f3n de 1,4\u201d, el TS412 proporciona 2500 W que satisfacen cualquier necesidad tanto en potencia como en claridad y calidad de sonido.<\/p>\n<p><strong>App gratuita de Alto para la configuraci\u00f3n y el control remotos<br \/>\n<\/strong>Los nuevos recintos TS4 tambi\u00e9n pueden ser controlados por medio de la aplicaci\u00f3n desarrollada por Alto. Disponible de forma gratuita tanto para iOS como para Android, la App Alto permite el control remoto de los niveles Bluetooth, los modos de funcionamiento del recinto, la ecualizaci\u00f3n personalizada y la selecci\u00f3n del tama\u00f1o del subgrave. Adem\u00e1s, la App tambi\u00e9n permite la configuraci\u00f3n remota del enlace inal\u00e1mbrico est\u00e9reo real, lo que ahorra mucho tiempo durante el proceso de configuraci\u00f3n.<\/p>\n<p><strong>Mezclador de 3 canales incorporado<br \/>\n<\/strong>Todos los modelos TS4 incorporan un mezclador de tres canales, con dos canales de entrada micro\/l\u00ednea y un canal espec\u00edfico para Bluetooth. Los canales micro\/l\u00ednea disponen de entradas combinada XLR\/jack TRS y pueden ser utilizadas con micr\u00f3fonos, instrumentos y se\u00f1ales con nivel de l\u00ednea, sin necesidad de disponer de cualquier otro equipo o ajuste adicional. Solo es necesario conectar la fuente directamente en el panel posterior y est\u00e1 listo para trabajar.<\/p>\n<p><strong>Streaming y enlace de altavoces por Bluetooth de forma sencilla<br \/>\n<\/strong>Los recintos TS4 tambi\u00e9n son la soluci\u00f3n para reproducir streaming con alta potencia. Su conectividad Bluetooth permite que sea muy f\u00e1cil emparejarlos a un ordenador port\u00e1til, tel\u00e9fono m\u00f3vil o tablet y reproducir de forma inmediata la m\u00fasica almacenada en el dispositivo asociado. Con la funci\u00f3n de enlace inal\u00e1mbrico est\u00e9reo real puede realizar streaming de audio Bluetooth sobre dos recintos TS4 en perfecto est\u00e9reo, sin necesidad de utilizar cables.<\/p>\n<p><strong>Modos DSP para obtener el mejor sonido en cada aplicaci\u00f3n<br \/>\n<\/strong>Los recintos TS4 incluyen tres modos o presets \u201cSpeaker Use\u201d que le permiten optimizar el recinto para cualquier aplicaci\u00f3n. Para disponer de m\u00e1s control sobre el sonido, tambi\u00e9n es posible configurar ecualizaciones personalizadas en la App Alto y ajustarlas desde cualquier punto de escucha dentro de la sala. Es posible guardar las ecualizaciones personalizadas favoritas directamente en la unidad TS4, de forma que puedan ser recuperadas cuando sea necesario.<\/p>\n<p><strong>Vers\u00e1til y fiable<br \/>\n<\/strong>Desde sus transductores de alta calidad hasta los amplificadores clase D refrigerados sin ventilador, cada aspecto de los recintos TS4 ha sido concebido para ofrecer la m\u00e1xima fiabilidad, tanto si se usa en aplicaciones m\u00f3viles y actuaciones, como en instalaciones fijas. Disponen de un recinto ligero y elegante, acabado en negro, que puede utilizarse de m\u00faltiples formas: aut\u00f3nomo, como monitor tipo cu\u00f1a, montado en un m\u00e1stil o suspendido con la ayuda de los puntos de suspensi\u00f3n integrados.<\/p>\n<ul>\n<li>2500 W a pleno rendimiento<\/li>\n<li>App Alto gratuita (iOS \/ Android) que permite la configuraci\u00f3n y el control remoto<\/li>\n<li>Streaming de audio a trav\u00e9s de Bluetooth, directamente desde el dispositivo<\/li>\n<li>DSP incorporado con 4 modos Speaker Use (incluyendo EQ personalizada a trav\u00e9s de la App)<\/li>\n<li>Enlace inal\u00e1mbrico est\u00e9reo real a trav\u00e9s de Bluetooth<\/li>\n<li>Mezclador de 3 canales incorporado, con doble entrada combinada XLR\/jack \u00bc\u201d, conmutadores micro\/l\u00ednea y controles independientes de nivel<\/li>\n<li>Salida de mezcla XLR, controles de uso de recintos y control de tama\u00f1o del subgrave<\/li>\n<li>Altavoz graves de 12\u201d, bobina de alta temperatura de 2,5&#8243; (63 mm)<\/li>\n<li>Unidad de agudos de 1&#8243; con bobina de 1,4&#8243; (35 mm)<\/li>\n<li>Recinto muy ligero, f\u00e1cil de transportar, ajustar e instalar<\/li>\n<li>Dise\u00f1o vers\u00e1til: puede montarse en un m\u00e1stil, como monitor tipo cu\u00f1a o suspendido con puntos M6 para su suspensi\u00f3n<\/li>\n<li>Potentes y eficientes amplificadores Clase D, con refrigeraci\u00f3n sin ventilador, para un funcionamiento m\u00e1s limpio y silencioso, y mayor fiabilidad a largo plazo<\/li>\n<li>Dise\u00f1ado y ajustado en USA<\/li>\n<li>Dimensiones (alto x ancho x prof.): 606,5 x 353,5 x 350,5 mm<\/li>\n<li>Peso neto: 15 kg<\/li>\n<\/ul>\n<p>&nbsp;<\/p>\n<p><strong>Aplicaciones<\/strong><\/p>\n<ul>\n<li>Artistas solistas<\/li>\n<li>M\u00fasicos y bandas<\/li>\n<li>DJs m\u00f3viles<\/li>\n<li>Gimnasios, centros de fitness y estudios de danza<\/li>\n<li>Templos<\/li>\n<li>Teatros<\/li>\n<li>Bares, restaurantes, clubs<\/li>\n<li>Eventos especiales, presentaciones y ceremonias<\/li>\n<\/ul>\n","protected":false},"excerpt":{"rendered":"<h3><strong>Recinto autoamplificado 2 v\u00edas, 12\u201d, 2500 W, con Bluetooth, DSP y control v\u00eda App<\/strong><\/h3>\n<ul class=\"summary\">\n<li>2500W a pleno rendimiento<\/li>\n<li>Altavoz de 12\u201d<\/li>\n<li>App Alto gratuita (iOS\/Android) que permite la configuraci\u00f3n y control remoto<\/li>\n<li>Streaming de audio a trav\u00e9s de Bluetooth, directamente desde el dispositivo<\/li>\n<li>DSP incorporado con 4 modos Speaker Use (incluyendo EQ personalizada a trav\u00e9s de la App)<\/li>\n<li>Enlace inal\u00e1mbrico est\u00e9reo real a trav\u00e9s de Bluetooth<\/li>\n<li>Mezclador de 3 canales incorporado, con doble entrada combinada XLR\/jack \u00bc\u201d, conmutadores micro\/l\u00ednea y controles independientes de nivel<\/li>\n<\/ul>\n<p>&nbsp;<\/p>\n","protected":false},"featured_media":26796,"template":"","meta":{"_acf_changed":false},"product_brand":[],"product_cat":[1336,1343,1325,2344],"product_tag":[],"class_list":{"0":"post-14113","1":"product","2":"type-product","3":"status-publish","4":"has-post-thumbnail","6":"product_cat-recintos-acusticos","7":"product_cat-autoamplificados","8":"product_cat-por-series-alto-professional","9":"product_cat-serie-truesonic-4","10":"product_series-serie-ts4","12":"first","13":"instock","14":"shipping-taxable","15":"product-type-simple"},"acf":[],"yoast_head":"<!-- This site is optimized with the Yoast SEO plugin v27.1.1 - https:\/\/yoast.com\/product\/yoast-seo-wordpress\/ -->\n<title>TS412 - Audio-Technica Iberia<\/title>\n<meta name=\"robots\" content=\"index, follow, max-snippet:-1, max-image-preview:large, max-video-preview:-1\" \/>\n<link rel=\"canonical\" href=\"https:\/\/distribution.audio-technica.eu\/es-es\/productos\/ts412\/\" \/>\n<meta property=\"og:locale\" content=\"es_ES\" \/>\n<meta property=\"og:type\" content=\"article\" \/>\n<meta property=\"og:title\" content=\"TS412 - Audio-Technica Iberia\" \/>\n<meta property=\"og:description\" content=\"Recinto autoamplificado 2 v\u00edas, 12\u201d, 2500 W, con Bluetooth, DSP y control v\u00eda App  2500W a pleno rendimiento  Altavoz de 12\u201d  App Alto gratuita (iOS\/Android) que permite la configuraci\u00f3n y control remoto  Streaming de audio a trav\u00e9s de Bluetooth, directamente desde el dispositivo  DSP incorporado con 4 modos Speaker Use (incluyendo EQ personalizada a trav\u00e9s de la App)  Enlace inal\u00e1mbrico est\u00e9reo real a trav\u00e9s de Bluetooth  Mezclador de 3 canales incorporado, con doble entrada combinada XLR\/jack \u00bc\u201d, conmutadores micro\/l\u00ednea y controles independientes de nivel &nbsp;\" \/>\n<meta property=\"og:url\" content=\"https:\/\/distribution.audio-technica.eu\/es-es\/productos\/ts412\/\" \/>\n<meta property=\"og:site_name\" content=\"Audio-Technica Iberia\" \/>\n<meta property=\"article:modified_time\" content=\"2023-07-13T11:17:26+00:00\" \/>\n<meta property=\"og:image\" content=\"https:\/\/distribution.audio-technica.eu\/app\/uploads\/sites\/2\/Alto_TS412-Angle-Right.jpg\" \/>\n\t<meta property=\"og:image:width\" content=\"2000\" \/>\n\t<meta property=\"og:image:height\" content=\"2000\" \/>\n\t<meta property=\"og:image:type\" content=\"image\/jpeg\" \/>\n<meta name=\"twitter:card\" content=\"summary_large_image\" \/>\n<meta name=\"twitter:label1\" content=\"Tiempo de lectura\" \/>\n\t<meta name=\"twitter:data1\" content=\"4 minutos\" \/>\n<script type=\"application\/ld+json\" class=\"yoast-schema-graph\">{\"@context\":\"https:\/\/schema.org\",\"@graph\":[{\"@type\":\"WebPage\",\"@id\":\"https:\/\/distribution.audio-technica.eu\/es-es\/productos\/ts412\/\",\"url\":\"https:\/\/distribution.audio-technica.eu\/es-es\/productos\/ts412\/\",\"name\":\"TS412 - Audio-Technica Iberia\",\"isPartOf\":{\"@id\":\"https:\/\/distribution.audio-technica.eu\/es-es\/#website\"},\"primaryImageOfPage\":{\"@id\":\"https:\/\/distribution.audio-technica.eu\/es-es\/productos\/ts412\/#primaryimage\"},\"image\":{\"@id\":\"https:\/\/distribution.audio-technica.eu\/es-es\/productos\/ts412\/#primaryimage\"},\"thumbnailUrl\":\"\/app\/uploads\/sites\/2\/Alto_TS412-Angle-Right.jpg\",\"datePublished\":\"2022-08-31T12:00:00+00:00\",\"dateModified\":\"2023-07-13T11:17:26+00:00\",\"breadcrumb\":{\"@id\":\"https:\/\/distribution.audio-technica.eu\/es-es\/productos\/ts412\/#breadcrumb\"},\"inLanguage\":\"es\",\"potentialAction\":[{\"@type\":\"ReadAction\",\"target\":[\"https:\/\/distribution.audio-technica.eu\/es-es\/productos\/ts412\/\"]}]},{\"@type\":\"ImageObject\",\"inLanguage\":\"es\",\"@id\":\"https:\/\/distribution.audio-technica.eu\/es-es\/productos\/ts412\/#primaryimage\",\"url\":\"\/app\/uploads\/sites\/2\/Alto_TS412-Angle-Right.jpg\",\"contentUrl\":\"\/app\/uploads\/sites\/2\/Alto_TS412-Angle-Right.jpg\",\"width\":2000,\"height\":2000},{\"@type\":\"BreadcrumbList\",\"@id\":\"https:\/\/distribution.audio-technica.eu\/es-es\/productos\/ts412\/#breadcrumb\",\"itemListElement\":[{\"@type\":\"ListItem\",\"position\":1,\"name\":\"Products\",\"item\":\"https:\/\/distribution.audio-technica.eu\/es-es\/\"},{\"@type\":\"ListItem\",\"position\":2,\"name\":\"Productos\",\"item\":\"https:\/\/distribution.audio-technica.eu\/es-es\/productos\/\"},{\"@type\":\"ListItem\",\"position\":3,\"name\":\"TS412\"}]},{\"@type\":\"WebSite\",\"@id\":\"https:\/\/distribution.audio-technica.eu\/es-es\/#website\",\"url\":\"https:\/\/distribution.audio-technica.eu\/es-es\/\",\"name\":\"Audio-Technica Iberia\",\"description\":\"Distribuci\u00f3n\",\"potentialAction\":[{\"@type\":\"SearchAction\",\"target\":{\"@type\":\"EntryPoint\",\"urlTemplate\":\"https:\/\/distribution.audio-technica.eu\/es-es\/?s={search_term_string}\"},\"query-input\":{\"@type\":\"PropertyValueSpecification\",\"valueRequired\":true,\"valueName\":\"search_term_string\"}}],\"inLanguage\":\"es\"}]}<\/script>\n<!-- \/ Yoast SEO plugin. -->","yoast_head_json":{"title":"TS412 - Audio-Technica Iberia","robots":{"index":"index","follow":"follow","max-snippet":"max-snippet:-1","max-image-preview":"max-image-preview:large","max-video-preview":"max-video-preview:-1"},"canonical":"https:\/\/distribution.audio-technica.eu\/es-es\/productos\/ts412\/","og_locale":"es_ES","og_type":"article","og_title":"TS412 - Audio-Technica Iberia","og_description":"Recinto autoamplificado 2 v\u00edas, 12\u201d, 2500 W, con Bluetooth, DSP y control v\u00eda App  2500W a pleno rendimiento  Altavoz de 12\u201d  App Alto gratuita (iOS\/Android) que permite la configuraci\u00f3n y control remoto  Streaming de audio a trav\u00e9s de Bluetooth, directamente desde el dispositivo  DSP incorporado con 4 modos Speaker Use (incluyendo EQ personalizada a trav\u00e9s de la App)  Enlace inal\u00e1mbrico est\u00e9reo real a trav\u00e9s de Bluetooth  Mezclador de 3 canales incorporado, con doble entrada combinada XLR\/jack \u00bc\u201d, conmutadores micro\/l\u00ednea y controles independientes de nivel &nbsp;","og_url":"https:\/\/distribution.audio-technica.eu\/es-es\/productos\/ts412\/","og_site_name":"Audio-Technica Iberia","article_modified_time":"2023-07-13T11:17:26+00:00","og_image":[{"width":2000,"height":2000,"url":"https:\/\/distribution.audio-technica.eu\/app\/uploads\/sites\/2\/Alto_TS412-Angle-Right.jpg","type":"image\/jpeg"}],"twitter_card":"summary_large_image","twitter_misc":{"Tiempo de lectura":"4 minutos"},"schema":{"@context":"https:\/\/schema.org","@graph":[{"@type":"WebPage","@id":"https:\/\/distribution.audio-technica.eu\/es-es\/productos\/ts412\/","url":"https:\/\/distribution.audio-technica.eu\/es-es\/productos\/ts412\/","name":"TS412 - Audio-Technica Iberia","isPartOf":{"@id":"https:\/\/distribution.audio-technica.eu\/es-es\/#website"},"primaryImageOfPage":{"@id":"https:\/\/distribution.audio-technica.eu\/es-es\/productos\/ts412\/#primaryimage"},"image":{"@id":"https:\/\/distribution.audio-technica.eu\/es-es\/productos\/ts412\/#primaryimage"},"thumbnailUrl":"\/app\/uploads\/sites\/2\/Alto_TS412-Angle-Right.jpg","datePublished":"2022-08-31T12:00:00+00:00","dateModified":"2023-07-13T11:17:26+00:00","breadcrumb":{"@id":"https:\/\/distribution.audio-technica.eu\/es-es\/productos\/ts412\/#breadcrumb"},"inLanguage":"es","potentialAction":[{"@type":"ReadAction","target":["https:\/\/distribution.audio-technica.eu\/es-es\/productos\/ts412\/"]}]},{"@type":"ImageObject","inLanguage":"es","@id":"https:\/\/distribution.audio-technica.eu\/es-es\/productos\/ts412\/#primaryimage","url":"\/app\/uploads\/sites\/2\/Alto_TS412-Angle-Right.jpg","contentUrl":"\/app\/uploads\/sites\/2\/Alto_TS412-Angle-Right.jpg","width":2000,"height":2000},{"@type":"BreadcrumbList","@id":"https:\/\/distribution.audio-technica.eu\/es-es\/productos\/ts412\/#breadcrumb","itemListElement":[{"@type":"ListItem","position":1,"name":"Products","item":"https:\/\/distribution.audio-technica.eu\/es-es\/"},{"@type":"ListItem","position":2,"name":"Productos","item":"https:\/\/distribution.audio-technica.eu\/es-es\/productos\/"},{"@type":"ListItem","position":3,"name":"TS412"}]},{"@type":"WebSite","@id":"https:\/\/distribution.audio-technica.eu\/es-es\/#website","url":"https:\/\/distribution.audio-technica.eu\/es-es\/","name":"Audio-Technica Iberia","description":"Distribuci\u00f3n","potentialAction":[{"@type":"SearchAction","target":{"@type":"EntryPoint","urlTemplate":"https:\/\/distribution.audio-technica.eu\/es-es\/?s={search_term_string}"},"query-input":{"@type":"PropertyValueSpecification","valueRequired":true,"valueName":"search_term_string"}}],"inLanguage":"es"}]}},"_links":{"self":[{"href":"https:\/\/distribution.audio-technica.eu\/es-es\/wp-json\/wp\/v2\/product\/14113","targetHints":{"allow":["GET"]}}],"collection":[{"href":"https:\/\/distribution.audio-technica.eu\/es-es\/wp-json\/wp\/v2\/product"}],"about":[{"href":"https:\/\/distribution.audio-technica.eu\/es-es\/wp-json\/wp\/v2\/types\/product"}],"wp:featuredmedia":[{"embeddable":true,"href":"https:\/\/distribution.audio-technica.eu\/es-es\/wp-json\/wp\/v2\/media\/26796"}],"wp:attachment":[{"href":"https:\/\/distribution.audio-technica.eu\/es-es\/wp-json\/wp\/v2\/media?parent=14113"}],"wp:term":[{"taxonomy":"product_brand","embeddable":true,"href":"https:\/\/distribution.audio-technica.eu\/es-es\/wp-json\/wp\/v2\/product_brand?post=14113"},{"taxonomy":"product_cat","embeddable":true,"href":"https:\/\/distribution.audio-technica.eu\/es-es\/wp-json\/wp\/v2\/product_cat?post=14113"},{"taxonomy":"product_tag","embeddable":true,"href":"https:\/\/distribution.audio-technica.eu\/es-es\/wp-json\/wp\/v2\/product_tag?post=14113"}],"curies":[{"name":"wp","href":"https:\/\/api.w.org\/{rel}","templated":true}]}}