{"id":14120,"date":"2018-07-12T14:32:02","date_gmt":"2018-07-12T12:32:02","guid":{"rendered":"https:\/\/atdb-production.studiograft.dev\/es\/product\/import-placeholder-for-1486\/"},"modified":"2023-07-13T13:28:34","modified_gmt":"2023-07-13T11:28:34","slug":"sq-7","status":"publish","type":"product","link":"https:\/\/distribution.audio-technica.eu\/es-es\/productos\/sq-7\/","title":{"rendered":"SQ-7"},"content":{"rendered":"<h2>SQ-7<\/h2>\n<h3>Mezclador digital de 33 faders \/ 48 canales \/ 36 buses<\/h3>\n<p>SQ-7 es la consola de 33 faders, estrella de la serie SQ, que incorpora el revolucionario motor XCVI FPGA 96 kHz de Allen &amp; Heath. Creada para satisfacer los retos planteados por las aplicaciones m\u00e1s exigentes, tales como eventos corporativos, producciones en directo o templos, SQ-7 ofrece un pr\u00edstino sonido con audio en alta resoluci\u00f3n y una latencia ultra baja, inferior a 0.7 ms. La consola incluye 32 preamplificadores de micr\u00f3fono excepcionales, as\u00ed como 8 motores FX est\u00e9reo con canales de retorno est\u00e9reo espec\u00edficos y acceso a la prestigiosa librer\u00eda FX RackExtra. SQ es la elecci\u00f3n natural para utilizar con sistemas de monitorizaci\u00f3n intra aural, proporcionando 12 mezclas est\u00e9reo (configurables como grupos o auxiliares), al tiempo que la presencia del Mezclador Autom\u00e1tico de Micr\u00f3fonos lo convierte en la mejor soluci\u00f3n para conferencias, debates, etc.<\/p>\n<h4>N\u00facleo XCVI 96 kHz<\/h4>\n<p>SQ incorpora el motor XCVI FPGA 96 kHz de Allen &amp; Heath, lo que le permite ofrecer un sonido de alta calidad, en alta resoluci\u00f3n, una latencia ultra baja de &amp;lt;0.7ms, y profundidad de bit variable para optimizar la gama din\u00e1mica. XCVI es la avanzada tecnolog\u00eda que hace posible que SQ sea capaz de gestionar un gran n\u00famero de canales a 96 kHz, con un enorme techo din\u00e1mico en la mezcla, gracias a su acumulador de 96 bit, y la gran potencia que aporta la posibilidad de incrustar los aclamados plug ins DEEP en los 48 canales de entrada y en todas las mezclas.<\/p>\n<h4>Preparado para procesado DEEP<\/h4>\n<p>La arquitectura de procesado DEEP incluida en SQ permite que el usuario pueda utilizar emulaciones de compresor y preamplificador para que el sistema se adapte a su estilo de trabajo y necesidades. Los plug ins DEEP puede ser incrustados directamente en las entradas y en los canales de mezcla del mezclador, todo ello sin a\u00f1adir latencia al sistema y sin problemas de configuraci\u00f3n.<\/p>\n<h4>El mezclador IEM definitivo<\/h4>\n<p>Con no menos de 12 mezclas est\u00e9reo y una latencia s\u00faper baja, y ecualizaci\u00f3n tanto param\u00e9trica como gr\u00e1fica en cada mezcla, SQ-7 es la herramienta perfecta para sistemas de monitorizaci\u00f3n intra aural. El tama\u00f1o compacto y robustez de SQ, compatibles con las exigencias del transporte a\u00e9reo, hace innecesario seguir apostando por el uso de consolas de monitor.<\/p>\n<h4>Ampliable hasta 48 micros<\/h4>\n<p>Gracias al puerto inteligente SLink, SQ-7 puede ser ampliada para disponer de un total de 48 entradas microf\u00f3nicas, por medio del uso de cajetines de escenario y racks de 96 kHz y 48 kHz de Allen &amp; Heath (por ejemplo, AB168, AR2412, AR84 y DX168), convirti\u00e9ndola en una soluci\u00f3n flexible para los poseedores de sistemas digitales de Allen &amp; Heath. Incluso es posible conectar otra unidad SQ, Qu o dLive, para conseguir una configuraci\u00f3n de audio compleja.<\/p>\n<h4>Dante, Waves y mucho m\u00e1s<\/h4>\n<p>SQ es la pieza central de un creciente ecosistema de apps, expansores, audio en red, mezcladores personales y mucho m\u00e1s, que le permitir\u00e1 conectarse, adaptarse y ampliar sus posibilidades centrales. Tambi\u00e9n es compatible con los est\u00e1ndares de audio en red m\u00e1s importantes. A\u00f1adiendo una tarjeta de audio en red, como una tarjeta Dante o Waves, al puerto E\/S de SQ, el usuario podr\u00e1 integrar la consola en un sistema ya instalado, proporcionar split digital FoH\/monitor y mucho m\u00e1s.<\/p>\n<h4>Grabaci\u00f3n multipista flexible<\/h4>\n<p>La unidad SQ-Drive integrada permite capturar de forma r\u00e1pida y f\u00e1cil grabaciones est\u00e9reo o multipista a 96 kHz del show, directamente a una unidad o l\u00e1piz USB. Sin necesidad de configurar software, sin problemas de drivers de tarjeta de sonido, y sin necesidad de utilizar un ordenador port\u00e1til externo. SQ-Drive ofrece tambi\u00e9n un modo inteligente de gestionar las introducciones musicales.<\/p>\n<p>Tambi\u00e9n cuenta con un interface de audio interno de 32&#215;32 96 kHz, destinado a la grabaci\u00f3n multipista, pistas de respaldo o a pruebas de sonido virtuales. El interface es compatible Core Audio y ASIO, y ofrece completas posibilidades de control MIDI y DAW.<\/p>\n<h4>Avanzado AMM<\/h4>\n<p>El avanzado mezclador autom\u00e1tico de micr\u00f3fonos (AMM) incluido en SQ-7 es la soluci\u00f3n m\u00e1s natural para mezclar conferencias, debates y shows de TV. Est\u00e1 totalmente integrado en el mezclador, y no a\u00f1ade latencia, por lo que no es necesario direccionar el audio a un rack DSP interno o a un sistema de plug ins externos. Es posible utilizar dos AMMs de 24 canales totalmente independientes para dos zonas independientes, o combinarlos en un \u00fanico AMM de 48 canales, para eventos de mayor magnitud.<\/p>\n<h4>Dise\u00f1ado para el profesional<\/h4>\n<p>El entorno de sonorizaci\u00f3n en directo puede ser muy duro para el equipo; por ello, SQ-7 ha sido sometida a un riguroso proceso de pruebas. Debajo de su atractivo aspecto, SQ es una unidad de una robustez tremenda.<\/p>\n<h4>La experiencia de mezcla<\/h4>\n<p>Creemos que es el usuario el que debe decidir c\u00f3mo funciona el mezclador, no al rev\u00e9s. Por ello se han introducido en SQ diversas opciones que permiten que sea el usuario quien dise\u00f1o su propio flujo de trabajo. Los canales y mezclas pueden ser arrastrados y colocados individualmente en cualquier strip, de forma que el usuario tenga un control total de la configuraci\u00f3n. SQ-7 dispone de 16 SoftKeys y 8 Soft Rotaries asignables, con display LCD, de forma que sea posible escoger que funciones van a estar siempre al alcance de nuestros dedos. Cada strip incorpora el sistema patentado de Medici\u00f3n Crom\u00e1tica de canal, que proporciona una indicaci\u00f3n visual inmediata del nivel por medio de color y brillo variables. Un bot\u00f3n de mezcla \u2018channel to all\u2019 permite accede instant\u00e1neamente a los niveles de env\u00edo y asignaciones para el canal seleccionado.<\/p>\n<h4>RackExtra FX<\/h4>\n<p>Allen &amp; Heath ha conseguido una merecida reputaci\u00f3n en la creaci\u00f3n de emulaciones de FX, capaces de rivalizar con los mejores plug ins del mercado, pero sin ninguno de los problemas asociados a ellos. SQ cuenta con 8 motores FX est\u00e9reo y dispone de la aclamada librer\u00eda RackExtra que incluye emulaciones de legendarias reverbs, reverbs con puerta, retardos, moduladores y mucho m\u00e1s. Todos los FX disponen de retornos est\u00e9reo espec\u00edficos, por lo que no ocupan canales de entrada.<\/p>\n<h4>Sistema de mezcla personal ME<\/h4>\n<p>SQ es totalmente compatible con el Sistema de Mezcla Personal ME, que permite que los int\u00e9rpretes tomen el control de su propia mezcla de monitores. Es posible encadenar cualquier n\u00famero de mezcladores personales ME-1 y ME-500, desde el puerto SLink del mezclador, o desde un expansor remoto.<\/p>\n<ul>\n<li style=\"line-height: 1.42857 !important\">Procesado FPGA 96kHz<\/li>\n<li style=\"line-height: 1.42857 !important\">48 canales de entrada<\/li>\n<li style=\"line-height: 1.42857 !important\">Procesado DEEP<\/li>\n<li style=\"line-height: 1.42857 !important\">33 Faders \/ 6 capas<\/li>\n<li style=\"line-height: 1.42857 !important\">12 mezclas est\u00e9reo LR<\/li>\n<li style=\"line-height: 1.42857 !important\">3 matrices est\u00e9reo<\/li>\n<li style=\"line-height: 1.42857 !important\">8 motores FX est\u00e9reo retornos est\u00e9reo espec\u00edficos<\/li>\n<li style=\"line-height: 1.42857 !important\">Pantalla t\u00e1ctil capacitiva de 7\u201d<\/li>\n<li style=\"line-height: 1.42857 !important\">Puerto SLink para audio remoto \/ expansi\u00f3n<\/li>\n<li style=\"line-height: 1.42857 !important\">Puerto E\/S 64 canales para audio en red<\/li>\n<li style=\"line-height: 1.42857 !important\">Interface de audio USB 32&#215;32<\/li>\n<li style=\"line-height: 1.42857 !important\">SQ-Drive para grabaci\u00f3n directa a USB<\/li>\n<li style=\"line-height: 1.42857 !important\">Salida AES<\/li>\n<li style=\"line-height: 1.42857 !important\">Medidor crom\u00e1tico de canal<\/li>\n<li style=\"line-height: 1.42857 !important\">Iluminaci\u00f3n LED integrada<\/li>\n<li style=\"line-height: 1.42857 !important\">Controles f\u00edsicos espec\u00edficos<\/li>\n<li style=\"line-height: 1.42857 !important\">16 SoftKeys asignables<\/li>\n<li style=\"line-height: 1.42857 !important\">8 Soft Rotaries asignables<\/li>\n<li style=\"line-height: 1.42857 !important\">Displays LCD de canal<\/li>\n<\/ul>\n","protected":false},"excerpt":{"rendered":"<h3>Mezclador digital de 33 faders \/ 48 canales \/ 36 buses<\/h3>\n<ul class=\"summary\">\n<li>24 preamplificadores internos y 8 motores FX est\u00e9reo con canales de retorno<\/li>\n<li>Procesado FPGA 96 kHz<\/li>\n<li>Procesado DEEP<\/li>\n<li>12 mezclas est\u00e9reo LR<\/li>\n<li>Puerto E\/S 64 canales para redes de audio<\/li>\n<li>Interface de audio USB 32&#215;32 y salida AES<\/li>\n<\/ul>\n","protected":false},"featured_media":11943,"template":"","meta":{"_acf_changed":false},"product_brand":[],"product_cat":[1493,1494,1490,1514],"product_tag":[],"class_list":{"0":"post-14120","1":"product","2":"type-product","3":"status-publish","4":"has-post-thumbnail","6":"product_cat-mesas-de-mezclas-allen-heath","7":"product_cat-mesas-de-mezclas-para-directo-mesas-de-mezclas-allen-heath","8":"product_cat-por-series-allen-heath","9":"product_cat-serie-sq","10":"product_series-serie-sq","12":"first","13":"instock","14":"shipping-taxable","15":"product-type-simple"},"acf":[],"yoast_head":"<!-- This site is optimized with the Yoast SEO plugin v27.1.1 - https:\/\/yoast.com\/product\/yoast-seo-wordpress\/ -->\n<title>SQ-7 - Audio-Technica Iberia<\/title>\n<meta name=\"robots\" content=\"index, follow, max-snippet:-1, max-image-preview:large, max-video-preview:-1\" \/>\n<link rel=\"canonical\" href=\"https:\/\/distribution.audio-technica.eu\/es-es\/productos\/sq-7\/\" \/>\n<meta property=\"og:locale\" content=\"es_ES\" \/>\n<meta property=\"og:type\" content=\"article\" \/>\n<meta property=\"og:title\" content=\"SQ-7 - Audio-Technica Iberia\" \/>\n<meta property=\"og:description\" content=\"Mezclador digital de 33 faders \/ 48 canales \/ 36 buses  24 preamplificadores internos y 8 motores FX est\u00e9reo con canales de retorno  Procesado FPGA 96 kHz  Procesado DEEP  12 mezclas est\u00e9reo LR  Puerto E\/S 64 canales para redes de audio  Interface de audio USB 32x32 y salida AES\" \/>\n<meta property=\"og:url\" content=\"https:\/\/distribution.audio-technica.eu\/es-es\/productos\/sq-7\/\" \/>\n<meta property=\"og:site_name\" content=\"Audio-Technica Iberia\" \/>\n<meta property=\"article:modified_time\" content=\"2023-07-13T11:28:34+00:00\" \/>\n<meta property=\"og:image\" content=\"https:\/\/distribution.audio-technica.eu\/app\/uploads\/sites\/2\/AH-SQ-7.jpg\" \/>\n\t<meta property=\"og:image:width\" content=\"1000\" \/>\n\t<meta property=\"og:image:height\" content=\"1000\" \/>\n\t<meta property=\"og:image:type\" content=\"image\/jpeg\" \/>\n<meta name=\"twitter:card\" content=\"summary_large_image\" \/>\n<meta name=\"twitter:label1\" content=\"Tiempo de lectura\" \/>\n\t<meta name=\"twitter:data1\" content=\"6 minutos\" \/>\n<script type=\"application\/ld+json\" class=\"yoast-schema-graph\">{\"@context\":\"https:\/\/schema.org\",\"@graph\":[{\"@type\":\"WebPage\",\"@id\":\"https:\/\/distribution.audio-technica.eu\/es-es\/productos\/sq-7\/\",\"url\":\"https:\/\/distribution.audio-technica.eu\/es-es\/productos\/sq-7\/\",\"name\":\"SQ-7 - Audio-Technica Iberia\",\"isPartOf\":{\"@id\":\"https:\/\/distribution.audio-technica.eu\/es-es\/#website\"},\"primaryImageOfPage\":{\"@id\":\"https:\/\/distribution.audio-technica.eu\/es-es\/productos\/sq-7\/#primaryimage\"},\"image\":{\"@id\":\"https:\/\/distribution.audio-technica.eu\/es-es\/productos\/sq-7\/#primaryimage\"},\"thumbnailUrl\":\"\/app\/uploads\/sites\/2\/AH-SQ-7.jpg\",\"datePublished\":\"2018-07-12T12:32:02+00:00\",\"dateModified\":\"2023-07-13T11:28:34+00:00\",\"breadcrumb\":{\"@id\":\"https:\/\/distribution.audio-technica.eu\/es-es\/productos\/sq-7\/#breadcrumb\"},\"inLanguage\":\"es\",\"potentialAction\":[{\"@type\":\"ReadAction\",\"target\":[\"https:\/\/distribution.audio-technica.eu\/es-es\/productos\/sq-7\/\"]}]},{\"@type\":\"ImageObject\",\"inLanguage\":\"es\",\"@id\":\"https:\/\/distribution.audio-technica.eu\/es-es\/productos\/sq-7\/#primaryimage\",\"url\":\"\/app\/uploads\/sites\/2\/AH-SQ-7.jpg\",\"contentUrl\":\"\/app\/uploads\/sites\/2\/AH-SQ-7.jpg\",\"width\":1000,\"height\":1000},{\"@type\":\"BreadcrumbList\",\"@id\":\"https:\/\/distribution.audio-technica.eu\/es-es\/productos\/sq-7\/#breadcrumb\",\"itemListElement\":[{\"@type\":\"ListItem\",\"position\":1,\"name\":\"Products\",\"item\":\"https:\/\/distribution.audio-technica.eu\/es-es\/\"},{\"@type\":\"ListItem\",\"position\":2,\"name\":\"Productos\",\"item\":\"https:\/\/distribution.audio-technica.eu\/es-es\/productos\/\"},{\"@type\":\"ListItem\",\"position\":3,\"name\":\"SQ-7\"}]},{\"@type\":\"WebSite\",\"@id\":\"https:\/\/distribution.audio-technica.eu\/es-es\/#website\",\"url\":\"https:\/\/distribution.audio-technica.eu\/es-es\/\",\"name\":\"Audio-Technica Iberia\",\"description\":\"Distribuci\u00f3n\",\"potentialAction\":[{\"@type\":\"SearchAction\",\"target\":{\"@type\":\"EntryPoint\",\"urlTemplate\":\"https:\/\/distribution.audio-technica.eu\/es-es\/?s={search_term_string}\"},\"query-input\":{\"@type\":\"PropertyValueSpecification\",\"valueRequired\":true,\"valueName\":\"search_term_string\"}}],\"inLanguage\":\"es\"}]}<\/script>\n<!-- \/ Yoast SEO plugin. -->","yoast_head_json":{"title":"SQ-7 - Audio-Technica Iberia","robots":{"index":"index","follow":"follow","max-snippet":"max-snippet:-1","max-image-preview":"max-image-preview:large","max-video-preview":"max-video-preview:-1"},"canonical":"https:\/\/distribution.audio-technica.eu\/es-es\/productos\/sq-7\/","og_locale":"es_ES","og_type":"article","og_title":"SQ-7 - Audio-Technica Iberia","og_description":"Mezclador digital de 33 faders \/ 48 canales \/ 36 buses  24 preamplificadores internos y 8 motores FX est\u00e9reo con canales de retorno  Procesado FPGA 96 kHz  Procesado DEEP  12 mezclas est\u00e9reo LR  Puerto E\/S 64 canales para redes de audio  Interface de audio USB 32x32 y salida AES","og_url":"https:\/\/distribution.audio-technica.eu\/es-es\/productos\/sq-7\/","og_site_name":"Audio-Technica Iberia","article_modified_time":"2023-07-13T11:28:34+00:00","og_image":[{"width":1000,"height":1000,"url":"https:\/\/distribution.audio-technica.eu\/app\/uploads\/sites\/2\/AH-SQ-7.jpg","type":"image\/jpeg"}],"twitter_card":"summary_large_image","twitter_misc":{"Tiempo de lectura":"6 minutos"},"schema":{"@context":"https:\/\/schema.org","@graph":[{"@type":"WebPage","@id":"https:\/\/distribution.audio-technica.eu\/es-es\/productos\/sq-7\/","url":"https:\/\/distribution.audio-technica.eu\/es-es\/productos\/sq-7\/","name":"SQ-7 - Audio-Technica Iberia","isPartOf":{"@id":"https:\/\/distribution.audio-technica.eu\/es-es\/#website"},"primaryImageOfPage":{"@id":"https:\/\/distribution.audio-technica.eu\/es-es\/productos\/sq-7\/#primaryimage"},"image":{"@id":"https:\/\/distribution.audio-technica.eu\/es-es\/productos\/sq-7\/#primaryimage"},"thumbnailUrl":"\/app\/uploads\/sites\/2\/AH-SQ-7.jpg","datePublished":"2018-07-12T12:32:02+00:00","dateModified":"2023-07-13T11:28:34+00:00","breadcrumb":{"@id":"https:\/\/distribution.audio-technica.eu\/es-es\/productos\/sq-7\/#breadcrumb"},"inLanguage":"es","potentialAction":[{"@type":"ReadAction","target":["https:\/\/distribution.audio-technica.eu\/es-es\/productos\/sq-7\/"]}]},{"@type":"ImageObject","inLanguage":"es","@id":"https:\/\/distribution.audio-technica.eu\/es-es\/productos\/sq-7\/#primaryimage","url":"\/app\/uploads\/sites\/2\/AH-SQ-7.jpg","contentUrl":"\/app\/uploads\/sites\/2\/AH-SQ-7.jpg","width":1000,"height":1000},{"@type":"BreadcrumbList","@id":"https:\/\/distribution.audio-technica.eu\/es-es\/productos\/sq-7\/#breadcrumb","itemListElement":[{"@type":"ListItem","position":1,"name":"Products","item":"https:\/\/distribution.audio-technica.eu\/es-es\/"},{"@type":"ListItem","position":2,"name":"Productos","item":"https:\/\/distribution.audio-technica.eu\/es-es\/productos\/"},{"@type":"ListItem","position":3,"name":"SQ-7"}]},{"@type":"WebSite","@id":"https:\/\/distribution.audio-technica.eu\/es-es\/#website","url":"https:\/\/distribution.audio-technica.eu\/es-es\/","name":"Audio-Technica Iberia","description":"Distribuci\u00f3n","potentialAction":[{"@type":"SearchAction","target":{"@type":"EntryPoint","urlTemplate":"https:\/\/distribution.audio-technica.eu\/es-es\/?s={search_term_string}"},"query-input":{"@type":"PropertyValueSpecification","valueRequired":true,"valueName":"search_term_string"}}],"inLanguage":"es"}]}},"_links":{"self":[{"href":"https:\/\/distribution.audio-technica.eu\/es-es\/wp-json\/wp\/v2\/product\/14120","targetHints":{"allow":["GET"]}}],"collection":[{"href":"https:\/\/distribution.audio-technica.eu\/es-es\/wp-json\/wp\/v2\/product"}],"about":[{"href":"https:\/\/distribution.audio-technica.eu\/es-es\/wp-json\/wp\/v2\/types\/product"}],"wp:featuredmedia":[{"embeddable":true,"href":"https:\/\/distribution.audio-technica.eu\/es-es\/wp-json\/wp\/v2\/media\/11943"}],"wp:attachment":[{"href":"https:\/\/distribution.audio-technica.eu\/es-es\/wp-json\/wp\/v2\/media?parent=14120"}],"wp:term":[{"taxonomy":"product_brand","embeddable":true,"href":"https:\/\/distribution.audio-technica.eu\/es-es\/wp-json\/wp\/v2\/product_brand?post=14120"},{"taxonomy":"product_cat","embeddable":true,"href":"https:\/\/distribution.audio-technica.eu\/es-es\/wp-json\/wp\/v2\/product_cat?post=14120"},{"taxonomy":"product_tag","embeddable":true,"href":"https:\/\/distribution.audio-technica.eu\/es-es\/wp-json\/wp\/v2\/product_tag?post=14120"}],"curies":[{"name":"wp","href":"https:\/\/api.w.org\/{rel}","templated":true}]}}