{"id":14121,"date":"2018-07-12T14:32:02","date_gmt":"2018-07-12T12:32:02","guid":{"rendered":"https:\/\/atdb-production.studiograft.dev\/es\/product\/import-placeholder-for-1494\/"},"modified":"2023-07-13T13:27:05","modified_gmt":"2023-07-13T11:27:05","slug":"xone-96","status":"publish","type":"product","link":"https:\/\/distribution.audio-technica.eu\/es-es\/productos\/xone-96\/","title":{"rendered":"XONE:96"},"content":{"rendered":"<h2>XONE:96<\/h2>\n<h3>Mezclador profesional para DJ\/discoteca con doble tarjeta de sonido USB<\/h3>\n<p>Xone:96 es un nuevo mezclador DJ anal\u00f3gico, dise\u00f1ado sin compromisos, destinado a convertirse en el centro neur\u00e1lgico de cualquier DJ profesional creativo, y que toma su esencia del legendario Xone:92, mejorando y reforzando sus prestaciones, y a\u00f1adiendo la conectividad digital m\u00e1s avanzada.<\/p>\n<p>Lo tiene todo. El grandioso, detallado y excitante sonido que solo puede proporcionar la serie Xone. Una redise\u00f1ada EQ de 4 bandas que ofrece la m\u00e1xima precisi\u00f3n. Los incomparables filtros dobles Xone:VCF con distorsi\u00f3n arm\u00f3nica CRUNCH. Y una doble tarjeta de sonido USB de 32 bit (24 canales @ 96 kHz) con certificaci\u00f3n Traktor Scratch. Adem\u00e1s, permite la conexi\u00f3n de todo tipo de equipos, desde ordenadores port\u00e1tiles a giradiscos, pedales, sintetizadores o cajas de ritmos.<\/p>\n<p>Cuenta tambi\u00e9n con dos env\u00edos FX exclusivos, cuatro canales de entrada est\u00e9reo (con EQ de 4 bandas), dos canales de entrada est\u00e9reo con una ecualizaci\u00f3n param\u00e9trica de 3 bandas, de dise\u00f1o totalmente nuevo, dos canales de retorno auxiliar est\u00e9reo, y una inserci\u00f3n master independiente para equipos externos.<\/p>\n<p>El equipo ofrece nuevas posibilidades que pueden manejarse a trav\u00e9s de una configuraci\u00f3n que le resultar\u00e1 totalmente familiar al usuario, y que cuenta adem\u00e1s con controles t\u00e1ctiles altamente precisos. Todo ello con una construcci\u00f3n de una robustez sorprendente que supera en gran medida las necesidades propias del uso diario, noche tras noche.<\/p>\n<h4>Anal\u00f3gico. Remasterizado.<\/h4>\n<p>Xone:96 se apoya en la rica herencia acumulada por Allen &amp; Heath para crear el mezclador anal\u00f3gico m\u00e1s avanzado del mercado, dise\u00f1ado totalmente para proporcionar el legendario sonido anal\u00f3gico Xone en un formato m\u00e1s flexible y potente. Los usuarios de Xone:92 se encontrar\u00e1n totalmente c\u00f3modos de forma instant\u00e1nea con el dise\u00f1o de Xone:96. Los cuatro canales de entrada incorporan el dise\u00f1o m\u00e1s reciente y avanzado de la EQ de 4 bandas de Xone, que ya se ha convertido en la preferida de infinidad de DJs internacionales.<\/p>\n<p>Los canales de retorno est\u00e9reo A y B cuentan con todas las posibilidades, e incorporan una EQ param\u00e9trica de 3 bandas de nuevo dise\u00f1o, capaz de proporcionar un mayor control sobre el sonido.<\/p>\n<h4>Doble tarjeta de sonido USB de 32 bit y 24 canales<\/h4>\n<p>Xone:96 incluye tambi\u00e9n dos conexiones USB totalmente independientes, cada una de ellas con 6 entradas y salidas est\u00e9reo, que ofrecen multitud de opciones de direccionamiento. El avanzado procesado con resoluci\u00f3n 96 kHz\/32 bit asegura la m\u00e1xima calidad de sonido. Adem\u00e1s, las tarjetas de sonido de Xone:96 soportan el control DVS del software Traktor Scratch Pro 2 de Native Instruments.<\/p>\n<h4>Doble filtro VCF con CRUNCH<\/h4>\n<p>El mercado no ofrece nada que se aproxime a la calidad de sonido y potencia que ofrece el filtro VCF de Xone. En este nuevo modelo, se ha redefinido el dise\u00f1o cl\u00e1sico, preservando su inconfundible car\u00e1cter sonoro, pero dando un enorme paso adelante en cuanto a prestaciones. Adem\u00e1s de los cl\u00e1sicos HPF, BPF, LPF, control de resonancia y barrido de frecuencia, se ha a\u00f1adido CRUNCH, una funci\u00f3n de distorsi\u00f3n arm\u00f3nica controlada, situada en una posici\u00f3n pre filtro en el circuito, que proporciona un potente y novedoso efecto. Adem\u00e1s, Xone:96 permite direccionar cualquiera de los seis canales principales a cualquiera de los filtros.<\/p>\n<h4>Dise\u00f1ado para el club<\/h4>\n<p>Subrayando sus credenciales como mezclador desinado a los clubs profesionales, Xone:96 ofrece tambi\u00e9n dos sistemas Cue totalmente independientes. Combinado con la tarjeta de sonido doble, permite realizar actuaciones simult\u00e1neas de dos DJs y facilita la transici\u00f3n entre DJs.<\/p>\n<p>La salida espec\u00edfica para el sistema de sonido en cabina cuenta con EQ de 3 bandas que permite ajustar perfectamente el sistema de monitoraje. Y aquellos DJs que utilicen software multicanal h\u00edbrido y complejo podr\u00e1n beneficiarse de la simplicidad de utilizar un \u00fanico USB para conectar su ordenador a Xone:96.<\/p>\n<h4>Conectividad total<\/h4>\n<p>Otro de los puntos fuertes que ofrece Xone:96 es su capacidad total de conectividad. Adem\u00e1s de las conexiones anal\u00f3gicas, se cuenta con 2 env\u00edos est\u00e9reo, 4 retornos est\u00e9reo y una inserci\u00f3n master espec\u00edfica. El Env\u00edo 1 es conmutable entre nivel de l\u00ednea y alta impedancia, permitiendo la incorporaci\u00f3n de efectos con nivel de instrumento como, por ejemplo, pedales cl\u00e1sicos de guitarra. X-Link permite la conexi\u00f3n de los controladores de la serie Xone:K, que permiten el control inmediato del software, ahorrando puertos en el ordenador. La entrada y salida MIDI puede realizarse a trav\u00e9s de la conexi\u00f3n de 5 pins situada en el panel posterior, o a trav\u00e9s de ambos USB.<\/p>\n<h4>Faders Premium<\/h4>\n<p>De s\u00f3lida construcci\u00f3n, Xone:96 incorpora faders de canal VCA lineales de 60 mm, perfectamente balanceados y que permiten un funcionamiento uniforme y un control preciso. En cuanto a crossfader, est\u00e1 equipado con el popular Innofader Mini, completado con el ajuste de corte de fader m\u00e1s abrupto conseguido hasta la fecha.<\/p>\n<h4>Especificaciones:<\/h4>\n<ul>\n<li>Mezclador anal\u00f3gico 6 + 2 canales<\/li>\n<li>EQ canales 1-4: 4 bandas<\/li>\n<li>EQ canales A-B: param\u00e9trica 3 bandas<\/li>\n<li>Dos tarjetas de sonido USB 24 canales (12 entradas\/12 salidas), USB alta velocidad 2.0, 32 bit\/96kHz, MIDI sobre USB<\/li>\n<li>4 Entradas de l\u00ednea a trav\u00e9s de RCA (1-4), 4 entradas a trav\u00e9s TRS (A-D) mono\/est\u00e9reo<\/li>\n<li>4 Entradas fono a trav\u00e9s RCA (1-4)<\/li>\n<li>Conmutador LN\/PH para DVS<\/li>\n<li>6 Entradas USB (canales 1-4 canales A &#8211; B)<\/li>\n<li>2 Entradas micro XLR (balanceadas)<\/li>\n<li>2 Salidas master balanceadas<\/li>\n<li>Salida cabina balanceada<\/li>\n<li>Salida grabaci\u00f3n (no balanceada)<\/li>\n<li>Inserci\u00f3n master<\/li>\n<li>Salida MIDI<\/li>\n<li>2 x Env\u00edo a trav\u00e9s de TRS \u00bc\u00bb<\/li>\n<li>4 x Retorno a trav\u00e9s de TRS \u00bc\u00bb<\/li>\n<li>1 conmutador LN\/Hi-Z (SND1\/RTNA)<\/li>\n<li>2 x Filtro VCF (SND1\/RTNA) HPF \/ BPF \/ LPF, frecuencia y resonancia ajustable, asignables canales 1-4 canal A-B<\/li>\n<li>CRUNCH (Controlled Harmonic Signal Distortion)<\/li>\n<li>X-Link 1 x RJ45<\/li>\n<li>2 Salidas auriculares, Split Cue Monitoring<\/li>\n<li>Faders canal 60 mm VCA, reemplazables<\/li>\n<li>Medidores de canal de 9 segmentos LED<\/li>\n<li>3 Tipos de curva de fader de canal<\/li>\n<li>X-Fader InnoFADER \/ 45mm VCA \/ Reemplazable<\/li>\n<li>3 Tipos de curva X-Fader<\/li>\n<\/ul>\n<p>&nbsp;<\/p>\n","protected":false},"excerpt":{"rendered":"<h3>Mezclador profesional para DJ con doble tarjeta de sonido USB<\/h3>\n<ul class=\"summary\">\n<li>Mezclador anal\u00f3gico 6 + 2 canales<\/li>\n<li>Doble tarjeta de sonido USB, 32 bit<\/li>\n<li>Doble filtro VCF con CRUNCH<\/li>\n<li>Conectividad total<\/li>\n<li>Compatibilidad inmediata Traktor Scratch<\/li>\n<li>2 Env\u00edos FX exclusivos<\/li>\n<\/ul>\n","protected":false},"featured_media":11952,"template":"","meta":{"_acf_changed":false},"product_brand":[],"product_cat":[1507,1509,1490,1508],"product_tag":[],"class_list":{"0":"post-14121","1":"product","2":"type-product","3":"status-publish","4":"has-post-thumbnail","6":"product_cat-mezcladores-dj-allen-heath","7":"product_cat-controladores-dj-allen-heath","8":"product_cat-por-series-allen-heath","9":"product_cat-serie-xone","10":"product_series-serie-xone","12":"first","13":"instock","14":"featured","15":"shipping-taxable","16":"product-type-simple"},"acf":[],"yoast_head":"<!-- This site is optimized with the Yoast SEO plugin v27.1.1 - https:\/\/yoast.com\/product\/yoast-seo-wordpress\/ -->\n<title>XONE:96 - Audio-Technica Iberia<\/title>\n<meta name=\"robots\" content=\"index, follow, max-snippet:-1, max-image-preview:large, max-video-preview:-1\" \/>\n<link rel=\"canonical\" href=\"https:\/\/distribution.audio-technica.eu\/es-es\/productos\/xone-96\/\" \/>\n<meta property=\"og:locale\" content=\"es_ES\" \/>\n<meta property=\"og:type\" content=\"article\" \/>\n<meta property=\"og:title\" content=\"XONE:96 - Audio-Technica Iberia\" \/>\n<meta property=\"og:description\" content=\"Mezclador profesional para DJ con doble tarjeta de sonido USB  Mezclador anal\u00f3gico 6 + 2 canales  Doble tarjeta de sonido USB, 32 bit  Doble filtro VCF con CRUNCH  Conectividad total  Compatibilidad inmediata Traktor Scratch  2 Env\u00edos FX exclusivos\" \/>\n<meta property=\"og:url\" content=\"https:\/\/distribution.audio-technica.eu\/es-es\/productos\/xone-96\/\" \/>\n<meta property=\"og:site_name\" content=\"Audio-Technica Iberia\" \/>\n<meta property=\"article:modified_time\" content=\"2023-07-13T11:27:05+00:00\" \/>\n<meta property=\"og:image\" content=\"https:\/\/distribution.audio-technica.eu\/app\/uploads\/sites\/2\/Xone-96-3-Quarter-Right-Web.jpg\" \/>\n\t<meta property=\"og:image:width\" content=\"1000\" \/>\n\t<meta property=\"og:image:height\" content=\"1000\" \/>\n\t<meta property=\"og:image:type\" content=\"image\/jpeg\" \/>\n<meta name=\"twitter:card\" content=\"summary_large_image\" \/>\n<meta name=\"twitter:label1\" content=\"Tiempo de lectura\" \/>\n\t<meta name=\"twitter:data1\" content=\"5 minutos\" \/>\n<script type=\"application\/ld+json\" class=\"yoast-schema-graph\">{\"@context\":\"https:\/\/schema.org\",\"@graph\":[{\"@type\":\"WebPage\",\"@id\":\"https:\/\/distribution.audio-technica.eu\/es-es\/productos\/xone-96\/\",\"url\":\"https:\/\/distribution.audio-technica.eu\/es-es\/productos\/xone-96\/\",\"name\":\"XONE:96 - Audio-Technica Iberia\",\"isPartOf\":{\"@id\":\"https:\/\/distribution.audio-technica.eu\/es-es\/#website\"},\"primaryImageOfPage\":{\"@id\":\"https:\/\/distribution.audio-technica.eu\/es-es\/productos\/xone-96\/#primaryimage\"},\"image\":{\"@id\":\"https:\/\/distribution.audio-technica.eu\/es-es\/productos\/xone-96\/#primaryimage\"},\"thumbnailUrl\":\"\/app\/uploads\/sites\/2\/Xone-96-3-Quarter-Right-Web.jpg\",\"datePublished\":\"2018-07-12T12:32:02+00:00\",\"dateModified\":\"2023-07-13T11:27:05+00:00\",\"breadcrumb\":{\"@id\":\"https:\/\/distribution.audio-technica.eu\/es-es\/productos\/xone-96\/#breadcrumb\"},\"inLanguage\":\"es\",\"potentialAction\":[{\"@type\":\"ReadAction\",\"target\":[\"https:\/\/distribution.audio-technica.eu\/es-es\/productos\/xone-96\/\"]}]},{\"@type\":\"ImageObject\",\"inLanguage\":\"es\",\"@id\":\"https:\/\/distribution.audio-technica.eu\/es-es\/productos\/xone-96\/#primaryimage\",\"url\":\"\/app\/uploads\/sites\/2\/Xone-96-3-Quarter-Right-Web.jpg\",\"contentUrl\":\"\/app\/uploads\/sites\/2\/Xone-96-3-Quarter-Right-Web.jpg\",\"width\":1000,\"height\":1000,\"caption\":\"Allen & Heath Xone:96 Mezclador profesional para discoteca\/DJ con doble tarjeta de sonido USB\"},{\"@type\":\"BreadcrumbList\",\"@id\":\"https:\/\/distribution.audio-technica.eu\/es-es\/productos\/xone-96\/#breadcrumb\",\"itemListElement\":[{\"@type\":\"ListItem\",\"position\":1,\"name\":\"Products\",\"item\":\"https:\/\/distribution.audio-technica.eu\/es-es\/\"},{\"@type\":\"ListItem\",\"position\":2,\"name\":\"Productos\",\"item\":\"https:\/\/distribution.audio-technica.eu\/es-es\/productos\/\"},{\"@type\":\"ListItem\",\"position\":3,\"name\":\"XONE:96\"}]},{\"@type\":\"WebSite\",\"@id\":\"https:\/\/distribution.audio-technica.eu\/es-es\/#website\",\"url\":\"https:\/\/distribution.audio-technica.eu\/es-es\/\",\"name\":\"Audio-Technica Iberia\",\"description\":\"Distribuci\u00f3n\",\"potentialAction\":[{\"@type\":\"SearchAction\",\"target\":{\"@type\":\"EntryPoint\",\"urlTemplate\":\"https:\/\/distribution.audio-technica.eu\/es-es\/?s={search_term_string}\"},\"query-input\":{\"@type\":\"PropertyValueSpecification\",\"valueRequired\":true,\"valueName\":\"search_term_string\"}}],\"inLanguage\":\"es\"}]}<\/script>\n<!-- \/ Yoast SEO plugin. -->","yoast_head_json":{"title":"XONE:96 - Audio-Technica Iberia","robots":{"index":"index","follow":"follow","max-snippet":"max-snippet:-1","max-image-preview":"max-image-preview:large","max-video-preview":"max-video-preview:-1"},"canonical":"https:\/\/distribution.audio-technica.eu\/es-es\/productos\/xone-96\/","og_locale":"es_ES","og_type":"article","og_title":"XONE:96 - Audio-Technica Iberia","og_description":"Mezclador profesional para DJ con doble tarjeta de sonido USB  Mezclador anal\u00f3gico 6 + 2 canales  Doble tarjeta de sonido USB, 32 bit  Doble filtro VCF con CRUNCH  Conectividad total  Compatibilidad inmediata Traktor Scratch  2 Env\u00edos FX exclusivos","og_url":"https:\/\/distribution.audio-technica.eu\/es-es\/productos\/xone-96\/","og_site_name":"Audio-Technica Iberia","article_modified_time":"2023-07-13T11:27:05+00:00","og_image":[{"width":1000,"height":1000,"url":"https:\/\/distribution.audio-technica.eu\/app\/uploads\/sites\/2\/Xone-96-3-Quarter-Right-Web.jpg","type":"image\/jpeg"}],"twitter_card":"summary_large_image","twitter_misc":{"Tiempo de lectura":"5 minutos"},"schema":{"@context":"https:\/\/schema.org","@graph":[{"@type":"WebPage","@id":"https:\/\/distribution.audio-technica.eu\/es-es\/productos\/xone-96\/","url":"https:\/\/distribution.audio-technica.eu\/es-es\/productos\/xone-96\/","name":"XONE:96 - Audio-Technica Iberia","isPartOf":{"@id":"https:\/\/distribution.audio-technica.eu\/es-es\/#website"},"primaryImageOfPage":{"@id":"https:\/\/distribution.audio-technica.eu\/es-es\/productos\/xone-96\/#primaryimage"},"image":{"@id":"https:\/\/distribution.audio-technica.eu\/es-es\/productos\/xone-96\/#primaryimage"},"thumbnailUrl":"\/app\/uploads\/sites\/2\/Xone-96-3-Quarter-Right-Web.jpg","datePublished":"2018-07-12T12:32:02+00:00","dateModified":"2023-07-13T11:27:05+00:00","breadcrumb":{"@id":"https:\/\/distribution.audio-technica.eu\/es-es\/productos\/xone-96\/#breadcrumb"},"inLanguage":"es","potentialAction":[{"@type":"ReadAction","target":["https:\/\/distribution.audio-technica.eu\/es-es\/productos\/xone-96\/"]}]},{"@type":"ImageObject","inLanguage":"es","@id":"https:\/\/distribution.audio-technica.eu\/es-es\/productos\/xone-96\/#primaryimage","url":"\/app\/uploads\/sites\/2\/Xone-96-3-Quarter-Right-Web.jpg","contentUrl":"\/app\/uploads\/sites\/2\/Xone-96-3-Quarter-Right-Web.jpg","width":1000,"height":1000,"caption":"Allen & Heath Xone:96 Mezclador profesional para discoteca\/DJ con doble tarjeta de sonido USB"},{"@type":"BreadcrumbList","@id":"https:\/\/distribution.audio-technica.eu\/es-es\/productos\/xone-96\/#breadcrumb","itemListElement":[{"@type":"ListItem","position":1,"name":"Products","item":"https:\/\/distribution.audio-technica.eu\/es-es\/"},{"@type":"ListItem","position":2,"name":"Productos","item":"https:\/\/distribution.audio-technica.eu\/es-es\/productos\/"},{"@type":"ListItem","position":3,"name":"XONE:96"}]},{"@type":"WebSite","@id":"https:\/\/distribution.audio-technica.eu\/es-es\/#website","url":"https:\/\/distribution.audio-technica.eu\/es-es\/","name":"Audio-Technica Iberia","description":"Distribuci\u00f3n","potentialAction":[{"@type":"SearchAction","target":{"@type":"EntryPoint","urlTemplate":"https:\/\/distribution.audio-technica.eu\/es-es\/?s={search_term_string}"},"query-input":{"@type":"PropertyValueSpecification","valueRequired":true,"valueName":"search_term_string"}}],"inLanguage":"es"}]}},"_links":{"self":[{"href":"https:\/\/distribution.audio-technica.eu\/es-es\/wp-json\/wp\/v2\/product\/14121","targetHints":{"allow":["GET"]}}],"collection":[{"href":"https:\/\/distribution.audio-technica.eu\/es-es\/wp-json\/wp\/v2\/product"}],"about":[{"href":"https:\/\/distribution.audio-technica.eu\/es-es\/wp-json\/wp\/v2\/types\/product"}],"wp:featuredmedia":[{"embeddable":true,"href":"https:\/\/distribution.audio-technica.eu\/es-es\/wp-json\/wp\/v2\/media\/11952"}],"wp:attachment":[{"href":"https:\/\/distribution.audio-technica.eu\/es-es\/wp-json\/wp\/v2\/media?parent=14121"}],"wp:term":[{"taxonomy":"product_brand","embeddable":true,"href":"https:\/\/distribution.audio-technica.eu\/es-es\/wp-json\/wp\/v2\/product_brand?post=14121"},{"taxonomy":"product_cat","embeddable":true,"href":"https:\/\/distribution.audio-technica.eu\/es-es\/wp-json\/wp\/v2\/product_cat?post=14121"},{"taxonomy":"product_tag","embeddable":true,"href":"https:\/\/distribution.audio-technica.eu\/es-es\/wp-json\/wp\/v2\/product_tag?post=14121"}],"curies":[{"name":"wp","href":"https:\/\/api.w.org\/{rel}","templated":true}]}}