{"id":14481,"date":"2018-08-09T16:35:12","date_gmt":"2018-08-09T14:35:12","guid":{"rendered":"https:\/\/atdb-production.studiograft.dev\/es\/?post_type=product&#038;p=14481"},"modified":"2023-07-13T13:33:44","modified_gmt":"2023-07-13T11:33:44","slug":"s360-sam","status":"publish","type":"product","link":"https:\/\/distribution.audio-technica.eu\/es-es\/productos\/s360-sam\/","title":{"rendered":"S360"},"content":{"rendered":"<h2>S360<\/h2>\n<h3>Monitor 2 v\u00edas biamplificado SAM 10&#8243; de alto SPL<\/h3>\n<p>El S360 proporciona monitorizaci\u00f3n con alto SPL sin comprometer la predictibilidad, la inteligibilidad o la calidad del sonido.<\/p>\n<p>Fusiona el rendimiento de un monitor principal con un tama\u00f1o compacto, lo que lo hace perfecto para exigentes aplicaciones de cine, postproducci\u00f3n y m\u00fasica y, en combinaci\u00f3n con un subgrave, satisfice las demandas de la reproducci\u00f3n EDM o la mezcla en cine Dolby, incluso en salas en las que la distancia de audici\u00f3n supera los diez metros.<\/p>\n<p>Alojado en un recinto de baja difracci\u00f3n, con carpinter\u00eda finlandesa de primera calidad, el S360 incorpora un woofer de 10 pulgadas de alta eficiencia y un tweeter de compresi\u00f3n de 1,7 pulgadas con diafragma de titanio, alojado en un gu\u00eda ondas con control de directividad reforzado, proporcionando una reproducci\u00f3n neutra con una capacidad instant\u00e1nea de SPL de 118 dB, con picos incluso mayores.<\/p>\n<p>Con posibilidad de ser instalado de forma independiente, sobre la pared o empotrado, sus vers\u00e1tiles opciones de montaje se ven reforzadas por sus puertos r\u00e9flex inferiores, convirti\u00e9ndolo en la opci\u00f3n ideal para utilizar en combinaci\u00f3n con pantallas. Para proporciona una pegada sensacional y prevenir al mismo tiempo las turbulencias del aire, el S360 incluye el innovador Iso-Plate, que desacopla de forma efectiva el monitor de su base.<\/p>\n<p>Como parte de la creciente familia de monitores y subgraves SAM de Genelec, el S360 se integra totalmente con el software GLM, a trav\u00e9s del cual puede ser calibrado, configurado y controlado. Utilizando GLM, cualquier producto SAM de Genelec puede ser incorporado en un sistema configurable, desde un sistema est\u00e9reo convencional, hasta grandes formatos inmersivos de 40 canales o m\u00e1s.<\/p>\n<p>GLM tambi\u00e9n funciona como potente controlador de monitores basado en ordenadores Mac o PC, permiti\u00e9ndole calibrar su nivel de escucha para cumplir con los est\u00e1ndares de sonoridad, cambiar entre diferentes formatos, sistemas de monitorizaci\u00f3n, posiciones primarias de audici\u00f3n y mucho m\u00e1s.<\/p>\n<p>El S360 ha sido dotado de las m\u00e1s avanzadas tecnolog\u00edas desarrolladas por Genelec: crossovers activos, las tecnolog\u00edas Directivity Control Waveguide (DCW\u2122), Intelligent Signal Sensing (ISS\u2122), Laminar Integrated Port (LIP\u2122), circuitos de protecci\u00f3n y amplificadores optimizados.<\/p>\n","protected":false},"excerpt":{"rendered":"<h3>Monitor 2 v\u00edas biamplificado SAM 10&#8243; de alto SPL<\/h3>\n<ul class=\"summary\">\n<li>Rendimiento de monitor principal con un tama\u00f1o compacto<\/li>\n<li>Woofer 10\u201d y tweeter 1,7\u201d<\/li>\n<li>SPL 118 dB<\/li>\n<li>Compatible software GLM<\/li>\n<li>Amplias opciones de montaje<\/li>\n<li>Soporte Iso-Pod incluido<\/li>\n<li>Disponible color blanco y negro<\/li>\n<\/ul>\n<p>&nbsp;<\/p>\n","protected":false},"featured_media":14478,"template":"","meta":{"_acf_changed":false},"product_brand":[],"product_cat":[1394,1395,1396],"product_tag":[],"class_list":{"0":"post-14481","1":"product","2":"type-product","3":"status-publish","4":"has-post-thumbnail","6":"product_cat-monitores-de-estudio","7":"product_cat-por-series-genelec","8":"product_cat-serie-sam","9":"product_series-serie-sam","11":"first","12":"instock","13":"shipping-taxable","14":"product-type-simple"},"acf":[],"yoast_head":"<!-- This site is optimized with the Yoast SEO plugin v27.1.1 - https:\/\/yoast.com\/product\/yoast-seo-wordpress\/ -->\n<title>S360 - Audio-Technica Iberia<\/title>\n<meta name=\"robots\" content=\"index, follow, max-snippet:-1, max-image-preview:large, max-video-preview:-1\" \/>\n<link rel=\"canonical\" href=\"https:\/\/distribution.audio-technica.eu\/es-es\/productos\/s360-sam\/\" \/>\n<meta property=\"og:locale\" content=\"es_ES\" \/>\n<meta property=\"og:type\" content=\"article\" \/>\n<meta property=\"og:title\" content=\"S360 - Audio-Technica Iberia\" \/>\n<meta property=\"og:description\" content=\"Monitor 2 v\u00edas biamplificado SAM 10&quot; de alto SPL  Rendimiento de monitor principal con un tama\u00f1o compacto  Woofer 10\u201d y tweeter 1,7\u201d  SPL 118 dB  Compatible software GLM  Amplias opciones de montaje  Soporte Iso-Pod incluido  Disponible color blanco y negro &nbsp;\" \/>\n<meta property=\"og:url\" content=\"https:\/\/distribution.audio-technica.eu\/es-es\/productos\/s360-sam\/\" \/>\n<meta property=\"og:site_name\" content=\"Audio-Technica Iberia\" \/>\n<meta property=\"article:modified_time\" content=\"2023-07-13T11:33:44+00:00\" \/>\n<meta property=\"og:image\" content=\"https:\/\/distribution.audio-technica.eu\/app\/uploads\/sites\/2\/Genelec-S360-front-e1538035958239.jpg\" \/>\n\t<meta property=\"og:image:width\" content=\"1358\" \/>\n\t<meta property=\"og:image:height\" content=\"1358\" \/>\n\t<meta property=\"og:image:type\" content=\"image\/jpeg\" \/>\n<meta name=\"twitter:card\" content=\"summary_large_image\" \/>\n<meta name=\"twitter:label1\" content=\"Tiempo de lectura\" \/>\n\t<meta name=\"twitter:data1\" content=\"2 minutos\" \/>\n<script type=\"application\/ld+json\" class=\"yoast-schema-graph\">{\"@context\":\"https:\/\/schema.org\",\"@graph\":[{\"@type\":\"WebPage\",\"@id\":\"https:\/\/distribution.audio-technica.eu\/es-es\/productos\/s360-sam\/\",\"url\":\"https:\/\/distribution.audio-technica.eu\/es-es\/productos\/s360-sam\/\",\"name\":\"S360 - Audio-Technica Iberia\",\"isPartOf\":{\"@id\":\"https:\/\/distribution.audio-technica.eu\/es-es\/#website\"},\"primaryImageOfPage\":{\"@id\":\"https:\/\/distribution.audio-technica.eu\/es-es\/productos\/s360-sam\/#primaryimage\"},\"image\":{\"@id\":\"https:\/\/distribution.audio-technica.eu\/es-es\/productos\/s360-sam\/#primaryimage\"},\"thumbnailUrl\":\"\/app\/uploads\/sites\/2\/Genelec-S360-front-e1538035958239.jpg\",\"datePublished\":\"2018-08-09T14:35:12+00:00\",\"dateModified\":\"2023-07-13T11:33:44+00:00\",\"breadcrumb\":{\"@id\":\"https:\/\/distribution.audio-technica.eu\/es-es\/productos\/s360-sam\/#breadcrumb\"},\"inLanguage\":\"es\",\"potentialAction\":[{\"@type\":\"ReadAction\",\"target\":[\"https:\/\/distribution.audio-technica.eu\/es-es\/productos\/s360-sam\/\"]}]},{\"@type\":\"ImageObject\",\"inLanguage\":\"es\",\"@id\":\"https:\/\/distribution.audio-technica.eu\/es-es\/productos\/s360-sam\/#primaryimage\",\"url\":\"\/app\/uploads\/sites\/2\/Genelec-S360-front-e1538035958239.jpg\",\"contentUrl\":\"\/app\/uploads\/sites\/2\/Genelec-S360-front-e1538035958239.jpg\",\"width\":1358,\"height\":1358},{\"@type\":\"BreadcrumbList\",\"@id\":\"https:\/\/distribution.audio-technica.eu\/es-es\/productos\/s360-sam\/#breadcrumb\",\"itemListElement\":[{\"@type\":\"ListItem\",\"position\":1,\"name\":\"Products\",\"item\":\"https:\/\/distribution.audio-technica.eu\/es-es\/\"},{\"@type\":\"ListItem\",\"position\":2,\"name\":\"Productos\",\"item\":\"https:\/\/distribution.audio-technica.eu\/es-es\/productos\/\"},{\"@type\":\"ListItem\",\"position\":3,\"name\":\"S360\"}]},{\"@type\":\"WebSite\",\"@id\":\"https:\/\/distribution.audio-technica.eu\/es-es\/#website\",\"url\":\"https:\/\/distribution.audio-technica.eu\/es-es\/\",\"name\":\"Audio-Technica Iberia\",\"description\":\"Distribuci\u00f3n\",\"potentialAction\":[{\"@type\":\"SearchAction\",\"target\":{\"@type\":\"EntryPoint\",\"urlTemplate\":\"https:\/\/distribution.audio-technica.eu\/es-es\/?s={search_term_string}\"},\"query-input\":{\"@type\":\"PropertyValueSpecification\",\"valueRequired\":true,\"valueName\":\"search_term_string\"}}],\"inLanguage\":\"es\"}]}<\/script>\n<!-- \/ Yoast SEO plugin. -->","yoast_head_json":{"title":"S360 - Audio-Technica Iberia","robots":{"index":"index","follow":"follow","max-snippet":"max-snippet:-1","max-image-preview":"max-image-preview:large","max-video-preview":"max-video-preview:-1"},"canonical":"https:\/\/distribution.audio-technica.eu\/es-es\/productos\/s360-sam\/","og_locale":"es_ES","og_type":"article","og_title":"S360 - Audio-Technica Iberia","og_description":"Monitor 2 v\u00edas biamplificado SAM 10\" de alto SPL  Rendimiento de monitor principal con un tama\u00f1o compacto  Woofer 10\u201d y tweeter 1,7\u201d  SPL 118 dB  Compatible software GLM  Amplias opciones de montaje  Soporte Iso-Pod incluido  Disponible color blanco y negro &nbsp;","og_url":"https:\/\/distribution.audio-technica.eu\/es-es\/productos\/s360-sam\/","og_site_name":"Audio-Technica Iberia","article_modified_time":"2023-07-13T11:33:44+00:00","og_image":[{"width":1358,"height":1358,"url":"https:\/\/distribution.audio-technica.eu\/app\/uploads\/sites\/2\/Genelec-S360-front-e1538035958239.jpg","type":"image\/jpeg"}],"twitter_card":"summary_large_image","twitter_misc":{"Tiempo de lectura":"2 minutos"},"schema":{"@context":"https:\/\/schema.org","@graph":[{"@type":"WebPage","@id":"https:\/\/distribution.audio-technica.eu\/es-es\/productos\/s360-sam\/","url":"https:\/\/distribution.audio-technica.eu\/es-es\/productos\/s360-sam\/","name":"S360 - Audio-Technica Iberia","isPartOf":{"@id":"https:\/\/distribution.audio-technica.eu\/es-es\/#website"},"primaryImageOfPage":{"@id":"https:\/\/distribution.audio-technica.eu\/es-es\/productos\/s360-sam\/#primaryimage"},"image":{"@id":"https:\/\/distribution.audio-technica.eu\/es-es\/productos\/s360-sam\/#primaryimage"},"thumbnailUrl":"\/app\/uploads\/sites\/2\/Genelec-S360-front-e1538035958239.jpg","datePublished":"2018-08-09T14:35:12+00:00","dateModified":"2023-07-13T11:33:44+00:00","breadcrumb":{"@id":"https:\/\/distribution.audio-technica.eu\/es-es\/productos\/s360-sam\/#breadcrumb"},"inLanguage":"es","potentialAction":[{"@type":"ReadAction","target":["https:\/\/distribution.audio-technica.eu\/es-es\/productos\/s360-sam\/"]}]},{"@type":"ImageObject","inLanguage":"es","@id":"https:\/\/distribution.audio-technica.eu\/es-es\/productos\/s360-sam\/#primaryimage","url":"\/app\/uploads\/sites\/2\/Genelec-S360-front-e1538035958239.jpg","contentUrl":"\/app\/uploads\/sites\/2\/Genelec-S360-front-e1538035958239.jpg","width":1358,"height":1358},{"@type":"BreadcrumbList","@id":"https:\/\/distribution.audio-technica.eu\/es-es\/productos\/s360-sam\/#breadcrumb","itemListElement":[{"@type":"ListItem","position":1,"name":"Products","item":"https:\/\/distribution.audio-technica.eu\/es-es\/"},{"@type":"ListItem","position":2,"name":"Productos","item":"https:\/\/distribution.audio-technica.eu\/es-es\/productos\/"},{"@type":"ListItem","position":3,"name":"S360"}]},{"@type":"WebSite","@id":"https:\/\/distribution.audio-technica.eu\/es-es\/#website","url":"https:\/\/distribution.audio-technica.eu\/es-es\/","name":"Audio-Technica Iberia","description":"Distribuci\u00f3n","potentialAction":[{"@type":"SearchAction","target":{"@type":"EntryPoint","urlTemplate":"https:\/\/distribution.audio-technica.eu\/es-es\/?s={search_term_string}"},"query-input":{"@type":"PropertyValueSpecification","valueRequired":true,"valueName":"search_term_string"}}],"inLanguage":"es"}]}},"_links":{"self":[{"href":"https:\/\/distribution.audio-technica.eu\/es-es\/wp-json\/wp\/v2\/product\/14481","targetHints":{"allow":["GET"]}}],"collection":[{"href":"https:\/\/distribution.audio-technica.eu\/es-es\/wp-json\/wp\/v2\/product"}],"about":[{"href":"https:\/\/distribution.audio-technica.eu\/es-es\/wp-json\/wp\/v2\/types\/product"}],"wp:featuredmedia":[{"embeddable":true,"href":"https:\/\/distribution.audio-technica.eu\/es-es\/wp-json\/wp\/v2\/media\/14478"}],"wp:attachment":[{"href":"https:\/\/distribution.audio-technica.eu\/es-es\/wp-json\/wp\/v2\/media?parent=14481"}],"wp:term":[{"taxonomy":"product_brand","embeddable":true,"href":"https:\/\/distribution.audio-technica.eu\/es-es\/wp-json\/wp\/v2\/product_brand?post=14481"},{"taxonomy":"product_cat","embeddable":true,"href":"https:\/\/distribution.audio-technica.eu\/es-es\/wp-json\/wp\/v2\/product_cat?post=14481"},{"taxonomy":"product_tag","embeddable":true,"href":"https:\/\/distribution.audio-technica.eu\/es-es\/wp-json\/wp\/v2\/product_tag?post=14481"}],"curies":[{"name":"wp","href":"https:\/\/api.w.org\/{rel}","templated":true}]}}