{"id":14964,"date":"2018-10-01T14:19:03","date_gmt":"2018-10-01T12:19:03","guid":{"rendered":"https:\/\/atdb-production.studiograft.dev\/es\/?post_type=product&#038;p=14964"},"modified":"2024-07-09T16:54:05","modified_gmt":"2024-07-09T14:54:05","slug":"sq-slink","status":"publish","type":"product","link":"https:\/\/distribution.audio-technica.eu\/es-es\/productos\/sq-slink\/","title":{"rendered":"SQ Slink"},"content":{"rendered":"<h2>SQ Slink<\/h2>\n<h3>Tarjeta SLink\u00a0para mezcladores de la serie SQ y matrices AHM<\/h3>\n<p>SQ SLink proporciona la posibilidad de a\u00f1adir un puerto SLink inteligente adicional a cualquier consola SQ o matriz AHM. Con id\u00e9ntica funcionalidad que el puerto SLink incorporado en la consola, la tarjeta permite la conexi\u00f3n de 128 entradas y 128 salidas adicionales de audio digital, y abre nuevas posibilidades para la gama SQ.<br \/>\nEsta tarjeta opcional funciona de forma independiente del puerto SLink incorporado a la consola, permitiendo utilizar dos protocolos Allen &amp; Heath diferentes en un mismo sistema, de forma simult\u00e1nea. Con dos puertos SLink, ahora es posible combinar una SQ con cualquier sistema de monitorizaci\u00f3n personal ME, o expansores DX (96kHz) o dSnake (48kHz).<br \/>\nCualquier consola SQ equipada con una tarjeta SLink puede ser ahora conectada directamente a cualquier sistema Qu, SQ o dLive, ampliando espectacularmente las posibilidades y potencial para las divisiones digitales para FoH\/monitor, env\u00edos para broadcast y mucho m\u00e1s.<\/p>\n<ul>\n<li style=\"line-height: 1.42857 !important\">128 entradas y 128 salidas de audio y control preamplificador<\/li>\n<li style=\"line-height: 1.42857 !important\">Funcionamiento a 96kHz o 48kHz<\/li>\n<li style=\"line-height: 1.42857 !important\">Conectividad gigaACE (96kHz), DX (96kHz) o dSnake (48kHz)<\/li>\n<li style=\"line-height: 1.42857 !important\">Conmutaci\u00f3n inteligente entre modos<\/li>\n<li style=\"line-height: 1.42857 !important\">SRC independiente para utilizar dos protocolos diferentes en un mismo sistema<\/li>\n<li style=\"line-height: 1.42857 !important\">Instalaci\u00f3n Plug\u2019n\u2019play<\/li>\n<\/ul>\n","protected":false},"excerpt":{"rendered":"<h3>Tarjeta SLink para mezcladores de la serie SQ y matrices AHM<\/h3>\n<ul class=\"summary\">\n<li>128 entradas y 128 salidas de audio y control preamplificador<\/li>\n<li>Funcionamiento a 96kHz o 48kHz<\/li>\n<li>Conectividad gigaACE (96kHz), DX (96kHz) o dSnake (48kHz)<\/li>\n<li>Conmutaci\u00f3n inteligente entre modos<\/li>\n<\/ul>\n<p>&nbsp;<\/p>\n","protected":false},"featured_media":14957,"template":"","meta":{"_acf_changed":false},"product_brand":[],"product_cat":[1493,1494,2183,1490,2184,1514],"product_tag":[],"class_list":{"0":"post-14964","1":"product","2":"type-product","3":"status-publish","4":"has-post-thumbnail","6":"product_cat-mesas-de-mezclas-allen-heath","7":"product_cat-mesas-de-mezclas-para-directo-mesas-de-mezclas-allen-heath","8":"product_cat-matrices-instalacion","9":"product_cat-por-series-allen-heath","10":"product_cat-serie-ahm","11":"product_cat-serie-sq","12":"product_series-serie-ahm","13":"product_series-serie-sq","15":"first","16":"instock","17":"shipping-taxable","18":"product-type-simple"},"acf":[],"yoast_head":"<!-- This site is optimized with the Yoast SEO plugin v27.1.1 - https:\/\/yoast.com\/product\/yoast-seo-wordpress\/ -->\n<title>SQ Slink - Audio-Technica Iberia<\/title>\n<meta name=\"robots\" content=\"index, follow, max-snippet:-1, max-image-preview:large, max-video-preview:-1\" \/>\n<link rel=\"canonical\" href=\"https:\/\/distribution.audio-technica.eu\/es-es\/productos\/sq-slink\/\" \/>\n<meta property=\"og:locale\" content=\"es_ES\" \/>\n<meta property=\"og:type\" content=\"article\" \/>\n<meta property=\"og:title\" content=\"SQ Slink - Audio-Technica Iberia\" \/>\n<meta property=\"og:description\" content=\"Tarjeta SLink para mezcladores de la serie SQ y matrices AHM   128 entradas y 128 salidas de audio y control preamplificador  Funcionamiento a 96kHz o 48kHz  Conectividad gigaACE (96kHz), DX (96kHz) o dSnake (48kHz)  Conmutaci\u00f3n inteligente entre modos  &nbsp;\" \/>\n<meta property=\"og:url\" content=\"https:\/\/distribution.audio-technica.eu\/es-es\/productos\/sq-slink\/\" \/>\n<meta property=\"og:site_name\" content=\"Audio-Technica Iberia\" \/>\n<meta property=\"article:modified_time\" content=\"2024-07-09T14:54:05+00:00\" \/>\n<meta property=\"og:image\" content=\"https:\/\/distribution.audio-technica.eu\/app\/uploads\/sites\/2\/AH-SQ-SLink-front.jpg\" \/>\n\t<meta property=\"og:image:width\" content=\"1000\" \/>\n\t<meta property=\"og:image:height\" content=\"1000\" \/>\n\t<meta property=\"og:image:type\" content=\"image\/jpeg\" \/>\n<meta name=\"twitter:card\" content=\"summary_large_image\" \/>\n<meta name=\"twitter:label1\" content=\"Tiempo de lectura\" \/>\n\t<meta name=\"twitter:data1\" content=\"2 minutos\" \/>\n<script type=\"application\/ld+json\" class=\"yoast-schema-graph\">{\"@context\":\"https:\/\/schema.org\",\"@graph\":[{\"@type\":\"WebPage\",\"@id\":\"https:\/\/distribution.audio-technica.eu\/es-es\/productos\/sq-slink\/\",\"url\":\"https:\/\/distribution.audio-technica.eu\/es-es\/productos\/sq-slink\/\",\"name\":\"SQ Slink - Audio-Technica Iberia\",\"isPartOf\":{\"@id\":\"https:\/\/distribution.audio-technica.eu\/es-es\/#website\"},\"primaryImageOfPage\":{\"@id\":\"https:\/\/distribution.audio-technica.eu\/es-es\/productos\/sq-slink\/#primaryimage\"},\"image\":{\"@id\":\"https:\/\/distribution.audio-technica.eu\/es-es\/productos\/sq-slink\/#primaryimage\"},\"thumbnailUrl\":\"\/app\/uploads\/sites\/2\/AH-SQ-SLink-front.jpg\",\"datePublished\":\"2018-10-01T12:19:03+00:00\",\"dateModified\":\"2024-07-09T14:54:05+00:00\",\"breadcrumb\":{\"@id\":\"https:\/\/distribution.audio-technica.eu\/es-es\/productos\/sq-slink\/#breadcrumb\"},\"inLanguage\":\"es\",\"potentialAction\":[{\"@type\":\"ReadAction\",\"target\":[\"https:\/\/distribution.audio-technica.eu\/es-es\/productos\/sq-slink\/\"]}]},{\"@type\":\"ImageObject\",\"inLanguage\":\"es\",\"@id\":\"https:\/\/distribution.audio-technica.eu\/es-es\/productos\/sq-slink\/#primaryimage\",\"url\":\"\/app\/uploads\/sites\/2\/AH-SQ-SLink-front.jpg\",\"contentUrl\":\"\/app\/uploads\/sites\/2\/AH-SQ-SLink-front.jpg\",\"width\":1000,\"height\":1000},{\"@type\":\"BreadcrumbList\",\"@id\":\"https:\/\/distribution.audio-technica.eu\/es-es\/productos\/sq-slink\/#breadcrumb\",\"itemListElement\":[{\"@type\":\"ListItem\",\"position\":1,\"name\":\"Products\",\"item\":\"https:\/\/distribution.audio-technica.eu\/es-es\/\"},{\"@type\":\"ListItem\",\"position\":2,\"name\":\"Productos\",\"item\":\"https:\/\/distribution.audio-technica.eu\/es-es\/productos\/\"},{\"@type\":\"ListItem\",\"position\":3,\"name\":\"SQ Slink\"}]},{\"@type\":\"WebSite\",\"@id\":\"https:\/\/distribution.audio-technica.eu\/es-es\/#website\",\"url\":\"https:\/\/distribution.audio-technica.eu\/es-es\/\",\"name\":\"Audio-Technica Iberia\",\"description\":\"Distribuci\u00f3n\",\"potentialAction\":[{\"@type\":\"SearchAction\",\"target\":{\"@type\":\"EntryPoint\",\"urlTemplate\":\"https:\/\/distribution.audio-technica.eu\/es-es\/?s={search_term_string}\"},\"query-input\":{\"@type\":\"PropertyValueSpecification\",\"valueRequired\":true,\"valueName\":\"search_term_string\"}}],\"inLanguage\":\"es\"}]}<\/script>\n<!-- \/ Yoast SEO plugin. -->","yoast_head_json":{"title":"SQ Slink - Audio-Technica Iberia","robots":{"index":"index","follow":"follow","max-snippet":"max-snippet:-1","max-image-preview":"max-image-preview:large","max-video-preview":"max-video-preview:-1"},"canonical":"https:\/\/distribution.audio-technica.eu\/es-es\/productos\/sq-slink\/","og_locale":"es_ES","og_type":"article","og_title":"SQ Slink - Audio-Technica Iberia","og_description":"Tarjeta SLink para mezcladores de la serie SQ y matrices AHM   128 entradas y 128 salidas de audio y control preamplificador  Funcionamiento a 96kHz o 48kHz  Conectividad gigaACE (96kHz), DX (96kHz) o dSnake (48kHz)  Conmutaci\u00f3n inteligente entre modos  &nbsp;","og_url":"https:\/\/distribution.audio-technica.eu\/es-es\/productos\/sq-slink\/","og_site_name":"Audio-Technica Iberia","article_modified_time":"2024-07-09T14:54:05+00:00","og_image":[{"width":1000,"height":1000,"url":"https:\/\/distribution.audio-technica.eu\/app\/uploads\/sites\/2\/AH-SQ-SLink-front.jpg","type":"image\/jpeg"}],"twitter_card":"summary_large_image","twitter_misc":{"Tiempo de lectura":"2 minutos"},"schema":{"@context":"https:\/\/schema.org","@graph":[{"@type":"WebPage","@id":"https:\/\/distribution.audio-technica.eu\/es-es\/productos\/sq-slink\/","url":"https:\/\/distribution.audio-technica.eu\/es-es\/productos\/sq-slink\/","name":"SQ Slink - Audio-Technica Iberia","isPartOf":{"@id":"https:\/\/distribution.audio-technica.eu\/es-es\/#website"},"primaryImageOfPage":{"@id":"https:\/\/distribution.audio-technica.eu\/es-es\/productos\/sq-slink\/#primaryimage"},"image":{"@id":"https:\/\/distribution.audio-technica.eu\/es-es\/productos\/sq-slink\/#primaryimage"},"thumbnailUrl":"\/app\/uploads\/sites\/2\/AH-SQ-SLink-front.jpg","datePublished":"2018-10-01T12:19:03+00:00","dateModified":"2024-07-09T14:54:05+00:00","breadcrumb":{"@id":"https:\/\/distribution.audio-technica.eu\/es-es\/productos\/sq-slink\/#breadcrumb"},"inLanguage":"es","potentialAction":[{"@type":"ReadAction","target":["https:\/\/distribution.audio-technica.eu\/es-es\/productos\/sq-slink\/"]}]},{"@type":"ImageObject","inLanguage":"es","@id":"https:\/\/distribution.audio-technica.eu\/es-es\/productos\/sq-slink\/#primaryimage","url":"\/app\/uploads\/sites\/2\/AH-SQ-SLink-front.jpg","contentUrl":"\/app\/uploads\/sites\/2\/AH-SQ-SLink-front.jpg","width":1000,"height":1000},{"@type":"BreadcrumbList","@id":"https:\/\/distribution.audio-technica.eu\/es-es\/productos\/sq-slink\/#breadcrumb","itemListElement":[{"@type":"ListItem","position":1,"name":"Products","item":"https:\/\/distribution.audio-technica.eu\/es-es\/"},{"@type":"ListItem","position":2,"name":"Productos","item":"https:\/\/distribution.audio-technica.eu\/es-es\/productos\/"},{"@type":"ListItem","position":3,"name":"SQ Slink"}]},{"@type":"WebSite","@id":"https:\/\/distribution.audio-technica.eu\/es-es\/#website","url":"https:\/\/distribution.audio-technica.eu\/es-es\/","name":"Audio-Technica Iberia","description":"Distribuci\u00f3n","potentialAction":[{"@type":"SearchAction","target":{"@type":"EntryPoint","urlTemplate":"https:\/\/distribution.audio-technica.eu\/es-es\/?s={search_term_string}"},"query-input":{"@type":"PropertyValueSpecification","valueRequired":true,"valueName":"search_term_string"}}],"inLanguage":"es"}]}},"_links":{"self":[{"href":"https:\/\/distribution.audio-technica.eu\/es-es\/wp-json\/wp\/v2\/product\/14964","targetHints":{"allow":["GET"]}}],"collection":[{"href":"https:\/\/distribution.audio-technica.eu\/es-es\/wp-json\/wp\/v2\/product"}],"about":[{"href":"https:\/\/distribution.audio-technica.eu\/es-es\/wp-json\/wp\/v2\/types\/product"}],"wp:featuredmedia":[{"embeddable":true,"href":"https:\/\/distribution.audio-technica.eu\/es-es\/wp-json\/wp\/v2\/media\/14957"}],"wp:attachment":[{"href":"https:\/\/distribution.audio-technica.eu\/es-es\/wp-json\/wp\/v2\/media?parent=14964"}],"wp:term":[{"taxonomy":"product_brand","embeddable":true,"href":"https:\/\/distribution.audio-technica.eu\/es-es\/wp-json\/wp\/v2\/product_brand?post=14964"},{"taxonomy":"product_cat","embeddable":true,"href":"https:\/\/distribution.audio-technica.eu\/es-es\/wp-json\/wp\/v2\/product_cat?post=14964"},{"taxonomy":"product_tag","embeddable":true,"href":"https:\/\/distribution.audio-technica.eu\/es-es\/wp-json\/wp\/v2\/product_tag?post=14964"}],"curies":[{"name":"wp","href":"https:\/\/api.w.org\/{rel}","templated":true}]}}