{"id":14965,"date":"2018-10-01T15:43:28","date_gmt":"2018-10-01T13:43:28","guid":{"rendered":"https:\/\/atdb-production.studiograft.dev\/es\/?post_type=product&#038;p=14965"},"modified":"2024-07-09T16:53:39","modified_gmt":"2024-07-09T14:53:39","slug":"sq-waves","status":"publish","type":"product","link":"https:\/\/distribution.audio-technica.eu\/es-es\/productos\/sq-waves\/","title":{"rendered":"SQ Waves"},"content":{"rendered":"<h2>SQ Waves<\/h2>\n<h3>Tarjeta Waves SoundGrid para mezcladores de la serie SQ y matrices AHM<\/h3>\n<p>SQ Waves proporciona a cualquier mezclador SQ o matriz AHM de un interface 64\u00d764, 96kHz o 48kHz a red Waves SoundGrid, utilizando el puerto de E\/S. Los ingenieros pueden ahora instalar la tarjeta Waves en cualquier mezclador SQ o matriz AHM para disponer de procesado plug in Waves, grabaci\u00f3n multipista (a 96kHz o 48kHz), prueba de sonido virtual y aplicaciones de distribuci\u00f3n de audio.<br \/>\nWaves SoundGrid es un protocolo de Audio Sobre Ethernet desarrollado por Waves, destinado a aplicaciones de audio profesional en tiempo real. La tarjeta tambi\u00e9n permite el uso de los plug ins Waves existentes con una latencia extremadamente baja, utilizando redes est\u00e1ndar Gigabit Ethernet, en lugar de una conexi\u00f3n USB.<\/p>\n<ul>\n<li style=\"line-height: 1.42857 !important\">64\u00d764 canales de audio digital sobre una red<\/li>\n<li style=\"line-height: 1.42857 !important\">Funcionamiento a 96kHz o 48kHz<\/li>\n<li style=\"line-height: 1.42857 !important\">Integraci\u00f3n con el servidor de plug ins de Waves o Waves Native<\/li>\n<li style=\"line-height: 1.42857 !important\">Grabaci\u00f3n\/reproducci\u00f3n multicanal<\/li>\n<li style=\"line-height: 1.42857 !important\">Dos puertos con modo redundante y conmutado<\/li>\n<li style=\"line-height: 1.42857 !important\">Control Network Bridge interno<\/li>\n<li style=\"line-height: 1.42857 !important\">Conectores Ethercon con bloqueo<\/li>\n<\/ul>\n","protected":false},"excerpt":{"rendered":"<h3>Tarjeta Waves SoundGrid para mezcladores de la serie SQ y matrices AHM<\/h3>\n<ul class=\"summary\">\n<li>64\u00d764 canales de audio digital sobre una red<\/li>\n<li>Funcionamiento a 96kHz o 48kHz<\/li>\n<li>Integraci\u00f3n con el servidor de plug ins de Waves o Waves Native<\/li>\n<li>Grabaci\u00f3n\/reproducci\u00f3n multicanal<\/li>\n<\/ul>\n<p>&nbsp;<\/p>\n","protected":false},"featured_media":14962,"template":"","meta":{"_acf_changed":false},"product_brand":[],"product_cat":[1493,1494,2183,1490,2184,1514],"product_tag":[],"class_list":{"0":"post-14965","1":"product","2":"type-product","3":"status-publish","4":"has-post-thumbnail","6":"product_cat-mesas-de-mezclas-allen-heath","7":"product_cat-mesas-de-mezclas-para-directo-mesas-de-mezclas-allen-heath","8":"product_cat-matrices-instalacion","9":"product_cat-por-series-allen-heath","10":"product_cat-serie-ahm","11":"product_cat-serie-sq","12":"product_series-serie-ahm","13":"product_series-serie-sq","15":"first","16":"instock","17":"shipping-taxable","18":"product-type-simple"},"acf":[],"yoast_head":"<!-- This site is optimized with the Yoast SEO plugin v27.1.1 - https:\/\/yoast.com\/product\/yoast-seo-wordpress\/ -->\n<title>SQ Waves - Audio-Technica Iberia<\/title>\n<meta name=\"robots\" content=\"index, follow, max-snippet:-1, max-image-preview:large, max-video-preview:-1\" \/>\n<link rel=\"canonical\" href=\"https:\/\/distribution.audio-technica.eu\/es-es\/productos\/sq-waves\/\" \/>\n<meta property=\"og:locale\" content=\"es_ES\" \/>\n<meta property=\"og:type\" content=\"article\" \/>\n<meta property=\"og:title\" content=\"SQ Waves - Audio-Technica Iberia\" \/>\n<meta property=\"og:description\" content=\"Tarjeta Waves SoundGrid para mezcladores de la serie SQ y matrices AHM   64\u00d764 canales de audio digital sobre una red  Funcionamiento a 96kHz o 48kHz  Integraci\u00f3n con el servidor de plug ins de Waves o Waves Native  Grabaci\u00f3n\/reproducci\u00f3n multicanal  &nbsp;\" \/>\n<meta property=\"og:url\" content=\"https:\/\/distribution.audio-technica.eu\/es-es\/productos\/sq-waves\/\" \/>\n<meta property=\"og:site_name\" content=\"Audio-Technica Iberia\" \/>\n<meta property=\"article:modified_time\" content=\"2024-07-09T14:53:39+00:00\" \/>\n<meta property=\"og:image\" content=\"https:\/\/distribution.audio-technica.eu\/app\/uploads\/sites\/2\/AH-SQ-WAVES-3-front.jpg\" \/>\n\t<meta property=\"og:image:width\" content=\"1000\" \/>\n\t<meta property=\"og:image:height\" content=\"1000\" \/>\n\t<meta property=\"og:image:type\" content=\"image\/jpeg\" \/>\n<meta name=\"twitter:card\" content=\"summary_large_image\" \/>\n<meta name=\"twitter:label1\" content=\"Tiempo de lectura\" \/>\n\t<meta name=\"twitter:data1\" content=\"1 minuto\" \/>\n<script type=\"application\/ld+json\" class=\"yoast-schema-graph\">{\"@context\":\"https:\/\/schema.org\",\"@graph\":[{\"@type\":\"WebPage\",\"@id\":\"https:\/\/distribution.audio-technica.eu\/es-es\/productos\/sq-waves\/\",\"url\":\"https:\/\/distribution.audio-technica.eu\/es-es\/productos\/sq-waves\/\",\"name\":\"SQ Waves - Audio-Technica Iberia\",\"isPartOf\":{\"@id\":\"https:\/\/distribution.audio-technica.eu\/es-es\/#website\"},\"primaryImageOfPage\":{\"@id\":\"https:\/\/distribution.audio-technica.eu\/es-es\/productos\/sq-waves\/#primaryimage\"},\"image\":{\"@id\":\"https:\/\/distribution.audio-technica.eu\/es-es\/productos\/sq-waves\/#primaryimage\"},\"thumbnailUrl\":\"\/app\/uploads\/sites\/2\/AH-SQ-WAVES-3-front.jpg\",\"datePublished\":\"2018-10-01T13:43:28+00:00\",\"dateModified\":\"2024-07-09T14:53:39+00:00\",\"breadcrumb\":{\"@id\":\"https:\/\/distribution.audio-technica.eu\/es-es\/productos\/sq-waves\/#breadcrumb\"},\"inLanguage\":\"es\",\"potentialAction\":[{\"@type\":\"ReadAction\",\"target\":[\"https:\/\/distribution.audio-technica.eu\/es-es\/productos\/sq-waves\/\"]}]},{\"@type\":\"ImageObject\",\"inLanguage\":\"es\",\"@id\":\"https:\/\/distribution.audio-technica.eu\/es-es\/productos\/sq-waves\/#primaryimage\",\"url\":\"\/app\/uploads\/sites\/2\/AH-SQ-WAVES-3-front.jpg\",\"contentUrl\":\"\/app\/uploads\/sites\/2\/AH-SQ-WAVES-3-front.jpg\",\"width\":1000,\"height\":1000},{\"@type\":\"BreadcrumbList\",\"@id\":\"https:\/\/distribution.audio-technica.eu\/es-es\/productos\/sq-waves\/#breadcrumb\",\"itemListElement\":[{\"@type\":\"ListItem\",\"position\":1,\"name\":\"Products\",\"item\":\"https:\/\/distribution.audio-technica.eu\/es-es\/\"},{\"@type\":\"ListItem\",\"position\":2,\"name\":\"Productos\",\"item\":\"https:\/\/distribution.audio-technica.eu\/es-es\/productos\/\"},{\"@type\":\"ListItem\",\"position\":3,\"name\":\"SQ Waves\"}]},{\"@type\":\"WebSite\",\"@id\":\"https:\/\/distribution.audio-technica.eu\/es-es\/#website\",\"url\":\"https:\/\/distribution.audio-technica.eu\/es-es\/\",\"name\":\"Audio-Technica Iberia\",\"description\":\"Distribuci\u00f3n\",\"potentialAction\":[{\"@type\":\"SearchAction\",\"target\":{\"@type\":\"EntryPoint\",\"urlTemplate\":\"https:\/\/distribution.audio-technica.eu\/es-es\/?s={search_term_string}\"},\"query-input\":{\"@type\":\"PropertyValueSpecification\",\"valueRequired\":true,\"valueName\":\"search_term_string\"}}],\"inLanguage\":\"es\"}]}<\/script>\n<!-- \/ Yoast SEO plugin. -->","yoast_head_json":{"title":"SQ Waves - Audio-Technica Iberia","robots":{"index":"index","follow":"follow","max-snippet":"max-snippet:-1","max-image-preview":"max-image-preview:large","max-video-preview":"max-video-preview:-1"},"canonical":"https:\/\/distribution.audio-technica.eu\/es-es\/productos\/sq-waves\/","og_locale":"es_ES","og_type":"article","og_title":"SQ Waves - Audio-Technica Iberia","og_description":"Tarjeta Waves SoundGrid para mezcladores de la serie SQ y matrices AHM   64\u00d764 canales de audio digital sobre una red  Funcionamiento a 96kHz o 48kHz  Integraci\u00f3n con el servidor de plug ins de Waves o Waves Native  Grabaci\u00f3n\/reproducci\u00f3n multicanal  &nbsp;","og_url":"https:\/\/distribution.audio-technica.eu\/es-es\/productos\/sq-waves\/","og_site_name":"Audio-Technica Iberia","article_modified_time":"2024-07-09T14:53:39+00:00","og_image":[{"width":1000,"height":1000,"url":"https:\/\/distribution.audio-technica.eu\/app\/uploads\/sites\/2\/AH-SQ-WAVES-3-front.jpg","type":"image\/jpeg"}],"twitter_card":"summary_large_image","twitter_misc":{"Tiempo de lectura":"1 minuto"},"schema":{"@context":"https:\/\/schema.org","@graph":[{"@type":"WebPage","@id":"https:\/\/distribution.audio-technica.eu\/es-es\/productos\/sq-waves\/","url":"https:\/\/distribution.audio-technica.eu\/es-es\/productos\/sq-waves\/","name":"SQ Waves - Audio-Technica Iberia","isPartOf":{"@id":"https:\/\/distribution.audio-technica.eu\/es-es\/#website"},"primaryImageOfPage":{"@id":"https:\/\/distribution.audio-technica.eu\/es-es\/productos\/sq-waves\/#primaryimage"},"image":{"@id":"https:\/\/distribution.audio-technica.eu\/es-es\/productos\/sq-waves\/#primaryimage"},"thumbnailUrl":"\/app\/uploads\/sites\/2\/AH-SQ-WAVES-3-front.jpg","datePublished":"2018-10-01T13:43:28+00:00","dateModified":"2024-07-09T14:53:39+00:00","breadcrumb":{"@id":"https:\/\/distribution.audio-technica.eu\/es-es\/productos\/sq-waves\/#breadcrumb"},"inLanguage":"es","potentialAction":[{"@type":"ReadAction","target":["https:\/\/distribution.audio-technica.eu\/es-es\/productos\/sq-waves\/"]}]},{"@type":"ImageObject","inLanguage":"es","@id":"https:\/\/distribution.audio-technica.eu\/es-es\/productos\/sq-waves\/#primaryimage","url":"\/app\/uploads\/sites\/2\/AH-SQ-WAVES-3-front.jpg","contentUrl":"\/app\/uploads\/sites\/2\/AH-SQ-WAVES-3-front.jpg","width":1000,"height":1000},{"@type":"BreadcrumbList","@id":"https:\/\/distribution.audio-technica.eu\/es-es\/productos\/sq-waves\/#breadcrumb","itemListElement":[{"@type":"ListItem","position":1,"name":"Products","item":"https:\/\/distribution.audio-technica.eu\/es-es\/"},{"@type":"ListItem","position":2,"name":"Productos","item":"https:\/\/distribution.audio-technica.eu\/es-es\/productos\/"},{"@type":"ListItem","position":3,"name":"SQ Waves"}]},{"@type":"WebSite","@id":"https:\/\/distribution.audio-technica.eu\/es-es\/#website","url":"https:\/\/distribution.audio-technica.eu\/es-es\/","name":"Audio-Technica Iberia","description":"Distribuci\u00f3n","potentialAction":[{"@type":"SearchAction","target":{"@type":"EntryPoint","urlTemplate":"https:\/\/distribution.audio-technica.eu\/es-es\/?s={search_term_string}"},"query-input":{"@type":"PropertyValueSpecification","valueRequired":true,"valueName":"search_term_string"}}],"inLanguage":"es"}]}},"_links":{"self":[{"href":"https:\/\/distribution.audio-technica.eu\/es-es\/wp-json\/wp\/v2\/product\/14965","targetHints":{"allow":["GET"]}}],"collection":[{"href":"https:\/\/distribution.audio-technica.eu\/es-es\/wp-json\/wp\/v2\/product"}],"about":[{"href":"https:\/\/distribution.audio-technica.eu\/es-es\/wp-json\/wp\/v2\/types\/product"}],"wp:featuredmedia":[{"embeddable":true,"href":"https:\/\/distribution.audio-technica.eu\/es-es\/wp-json\/wp\/v2\/media\/14962"}],"wp:attachment":[{"href":"https:\/\/distribution.audio-technica.eu\/es-es\/wp-json\/wp\/v2\/media?parent=14965"}],"wp:term":[{"taxonomy":"product_brand","embeddable":true,"href":"https:\/\/distribution.audio-technica.eu\/es-es\/wp-json\/wp\/v2\/product_brand?post=14965"},{"taxonomy":"product_cat","embeddable":true,"href":"https:\/\/distribution.audio-technica.eu\/es-es\/wp-json\/wp\/v2\/product_cat?post=14965"},{"taxonomy":"product_tag","embeddable":true,"href":"https:\/\/distribution.audio-technica.eu\/es-es\/wp-json\/wp\/v2\/product_tag?post=14965"}],"curies":[{"name":"wp","href":"https:\/\/api.w.org\/{rel}","templated":true}]}}