{"id":15523,"date":"2019-02-01T10:00:50","date_gmt":"2019-02-01T09:00:50","guid":{"rendered":"https:\/\/atdb-production.studiograft.dev\/es\/?post_type=product&#038;p=15523"},"modified":"2023-07-13T13:30:53","modified_gmt":"2023-07-13T11:30:53","slug":"dt164-w","status":"publish","type":"product","link":"https:\/\/distribution.audio-technica.eu\/es-es\/productos\/dt164-w\/","title":{"rendered":"DT164-W"},"content":{"rendered":"<h2>DT164-W<\/h2>\n<h3>Expansor E\/S Dante para dLive y Serie SQ<\/h3>\n<p>DT-164-W proporciona 16 preamplificadores microf\u00f3nicos y 4 salidas de l\u00ednea en un vers\u00e1til dise\u00f1o de montaje en pared, para instalaciones permanentes. El bastidor reversible de montaje permite su montaje sobre la pared o empotrado. Adem\u00e1s, la unidad puede ser encajada en una caja est\u00e1ndar NEMA 12&#215;12&#8243; o equivalente, o ser montada en un hueco en el suelo, para ser utilizada en un escenario.<br \/>\nLa entrada de alimentaci\u00f3n IEC a trav\u00e9s de la red el\u00e9ctrica puede ser sustituido por un m\u00f3dulo prensaestopas y terminales atornillados para su instalaci\u00f3n de forma fija; tambi\u00e9n se suministra un alimentador de 12V DC de respaldo.<br \/>\nDT164-W incorpora los aclamados preamplificadores de Allen &amp; Heath, combinados con conversores a 96 kHz para ofrecer la mejor calidad de sonido sobre Dante en su clase, as\u00ed como puertos Primario y Secundario para permitir su conexi\u00f3n en serie o disponer de redundancia, a trav\u00e9s de seguros conectores EtherCon.<\/p>\n<ul>\n<li style=\"line-height: 1.42857 !important\">Expansor de audio Dante, 96kHz \/ 48kHz<\/li>\n<li style=\"line-height: 1.42857 !important\">Montaje en pared o en trampilla en el suelo<\/li>\n<li style=\"line-height: 1.42857 !important\">16 preamplificadores microf\u00f3nicos a trav\u00e9s de XLR, con LEDs de estado de alimentaci\u00f3n phantom<\/li>\n<li style=\"line-height: 1.42857 !important\">4 salidas l\u00ednea a trav\u00e9s de XLR<\/li>\n<li style=\"line-height: 1.42857 !important\">Puertos Dante Primario y Secundario, con conectores EtherCon con bloqueo<\/li>\n<li style=\"line-height: 1.42857 !important\">Modos redundante o conmutado<\/li>\n<li style=\"line-height: 1.42857 !important\">Control directo del preamplificador desde dLive y SQ<\/li>\n<li style=\"line-height: 1.42857 !important\">3 opciones de fuente de alimentaci\u00f3n: alimentado con 100-230V AC a trav\u00e9s de IEC, o bloques de terminales roscados, y alimentaci\u00f3n 12V DC<\/li>\n<li style=\"line-height: 1.42857 !important\">La alimentaci\u00f3n DC puede ser utilizada como fuente de alimentaci\u00f3n redundante<\/li>\n<li style=\"line-height: 1.42857 !important\">Encaja en una caja est\u00e1ndar NEMA 12&#215;12&#8243;<\/li>\n<li style=\"line-height: 1.42857 !important\">Compatible con el sistema de bolsillo para escenario ACE Backstage 174SLBK<\/li>\n<li style=\"line-height: 1.42857 !important\">Compatible AES67<\/li>\n<li style=\"line-height: 1.42857 !important\">Preparado para Dante Domain Manager<\/li>\n<li style=\"line-height: 1.42857 !important\">Software de control para integraci\u00f3n en redes Dante DT Preamp Control<\/li>\n<\/ul>\n<p>&nbsp;<\/p>\n<p>M\u00e1s informaci\u00f3n y descarga del software <a href=\"https:\/\/www.allen-heath.com\/dt-preamp-control\/\" target=\"_blank\" rel=\"noopener noreferrer\">DT Preamp Control<\/a><\/p>\n","protected":false},"excerpt":{"rendered":"<h3>Expansor E\/S Dante para dLive y Serie SQ<\/h3>\n<ul>\n<li>Expansor de audio Dante, 96kHz \/ 48kHz<\/li>\n<li>Montaje en pared o en trampilla en el suelo<\/li>\n<li>16 preamplificadores microf\u00f3nicos a trav\u00e9s de XLR, con LEDs de estado de alimentaci\u00f3n phantom<\/li>\n<li>4 salidas l\u00ednea a trav\u00e9s de XLR<\/li>\n<li>Compatible AES67<\/li>\n<li>Preparado para Dante Domain Manager<\/li>\n<\/ul>\n","protected":false},"featured_media":15535,"template":"","meta":{"_acf_changed":false},"product_brand":[],"product_cat":[1493,1494,1490,1513,1495,1514],"product_tag":[],"class_list":{"0":"post-15523","1":"product","2":"type-product","3":"status-publish","4":"has-post-thumbnail","6":"product_cat-mesas-de-mezclas-allen-heath","7":"product_cat-mesas-de-mezclas-para-directo-mesas-de-mezclas-allen-heath","8":"product_cat-por-series-allen-heath","9":"product_cat-serie-dlive-c-class","10":"product_cat-serie-dlive-s-class","11":"product_cat-serie-sq","12":"product_series-serie-dlive-c-class","13":"product_series-serie-dlive-s-class","14":"product_series-serie-sq","16":"first","17":"instock","18":"shipping-taxable","19":"product-type-simple"},"acf":[],"yoast_head":"<!-- This site is optimized with the Yoast SEO plugin v27.1.1 - https:\/\/yoast.com\/product\/yoast-seo-wordpress\/ -->\n<title>DT164-W - Audio-Technica Iberia<\/title>\n<meta name=\"robots\" content=\"index, follow, max-snippet:-1, max-image-preview:large, max-video-preview:-1\" \/>\n<link rel=\"canonical\" href=\"https:\/\/distribution.audio-technica.eu\/es-es\/productos\/dt164-w\/\" \/>\n<meta property=\"og:locale\" content=\"es_ES\" \/>\n<meta property=\"og:type\" content=\"article\" \/>\n<meta property=\"og:title\" content=\"DT164-W - Audio-Technica Iberia\" \/>\n<meta property=\"og:description\" content=\"Expansor E\/S Dante para dLive y Serie SQ  Expansor de audio Dante, 96kHz \/ 48kHz  Montaje en pared o en trampilla en el suelo  16 preamplificadores microf\u00f3nicos a trav\u00e9s de XLR, con LEDs de estado de alimentaci\u00f3n phantom  4 salidas l\u00ednea a trav\u00e9s de XLR  Compatible AES67  Preparado para Dante Domain Manager\" \/>\n<meta property=\"og:url\" content=\"https:\/\/distribution.audio-technica.eu\/es-es\/productos\/dt164-w\/\" \/>\n<meta property=\"og:site_name\" content=\"Audio-Technica Iberia\" \/>\n<meta property=\"article:modified_time\" content=\"2023-07-13T11:30:53+00:00\" \/>\n<meta property=\"og:image\" content=\"https:\/\/distribution.audio-technica.eu\/app\/uploads\/sites\/2\/DT164W-Right.jpg\" \/>\n\t<meta property=\"og:image:width\" content=\"1000\" \/>\n\t<meta property=\"og:image:height\" content=\"1000\" \/>\n\t<meta property=\"og:image:type\" content=\"image\/jpeg\" \/>\n<meta name=\"twitter:card\" content=\"summary_large_image\" \/>\n<meta name=\"twitter:label1\" content=\"Tiempo de lectura\" \/>\n\t<meta name=\"twitter:data1\" content=\"2 minutos\" \/>\n<script type=\"application\/ld+json\" class=\"yoast-schema-graph\">{\"@context\":\"https:\/\/schema.org\",\"@graph\":[{\"@type\":\"WebPage\",\"@id\":\"https:\/\/distribution.audio-technica.eu\/es-es\/productos\/dt164-w\/\",\"url\":\"https:\/\/distribution.audio-technica.eu\/es-es\/productos\/dt164-w\/\",\"name\":\"DT164-W - Audio-Technica Iberia\",\"isPartOf\":{\"@id\":\"https:\/\/distribution.audio-technica.eu\/es-es\/#website\"},\"primaryImageOfPage\":{\"@id\":\"https:\/\/distribution.audio-technica.eu\/es-es\/productos\/dt164-w\/#primaryimage\"},\"image\":{\"@id\":\"https:\/\/distribution.audio-technica.eu\/es-es\/productos\/dt164-w\/#primaryimage\"},\"thumbnailUrl\":\"\/app\/uploads\/sites\/2\/DT164W-Right.jpg\",\"datePublished\":\"2019-02-01T09:00:50+00:00\",\"dateModified\":\"2023-07-13T11:30:53+00:00\",\"breadcrumb\":{\"@id\":\"https:\/\/distribution.audio-technica.eu\/es-es\/productos\/dt164-w\/#breadcrumb\"},\"inLanguage\":\"es\",\"potentialAction\":[{\"@type\":\"ReadAction\",\"target\":[\"https:\/\/distribution.audio-technica.eu\/es-es\/productos\/dt164-w\/\"]}]},{\"@type\":\"ImageObject\",\"inLanguage\":\"es\",\"@id\":\"https:\/\/distribution.audio-technica.eu\/es-es\/productos\/dt164-w\/#primaryimage\",\"url\":\"\/app\/uploads\/sites\/2\/DT164W-Right.jpg\",\"contentUrl\":\"\/app\/uploads\/sites\/2\/DT164W-Right.jpg\",\"width\":1000,\"height\":1000},{\"@type\":\"BreadcrumbList\",\"@id\":\"https:\/\/distribution.audio-technica.eu\/es-es\/productos\/dt164-w\/#breadcrumb\",\"itemListElement\":[{\"@type\":\"ListItem\",\"position\":1,\"name\":\"Products\",\"item\":\"https:\/\/distribution.audio-technica.eu\/es-es\/\"},{\"@type\":\"ListItem\",\"position\":2,\"name\":\"Productos\",\"item\":\"https:\/\/distribution.audio-technica.eu\/es-es\/productos\/\"},{\"@type\":\"ListItem\",\"position\":3,\"name\":\"DT164-W\"}]},{\"@type\":\"WebSite\",\"@id\":\"https:\/\/distribution.audio-technica.eu\/es-es\/#website\",\"url\":\"https:\/\/distribution.audio-technica.eu\/es-es\/\",\"name\":\"Audio-Technica Iberia\",\"description\":\"Distribuci\u00f3n\",\"potentialAction\":[{\"@type\":\"SearchAction\",\"target\":{\"@type\":\"EntryPoint\",\"urlTemplate\":\"https:\/\/distribution.audio-technica.eu\/es-es\/?s={search_term_string}\"},\"query-input\":{\"@type\":\"PropertyValueSpecification\",\"valueRequired\":true,\"valueName\":\"search_term_string\"}}],\"inLanguage\":\"es\"}]}<\/script>\n<!-- \/ Yoast SEO plugin. -->","yoast_head_json":{"title":"DT164-W - Audio-Technica Iberia","robots":{"index":"index","follow":"follow","max-snippet":"max-snippet:-1","max-image-preview":"max-image-preview:large","max-video-preview":"max-video-preview:-1"},"canonical":"https:\/\/distribution.audio-technica.eu\/es-es\/productos\/dt164-w\/","og_locale":"es_ES","og_type":"article","og_title":"DT164-W - Audio-Technica Iberia","og_description":"Expansor E\/S Dante para dLive y Serie SQ  Expansor de audio Dante, 96kHz \/ 48kHz  Montaje en pared o en trampilla en el suelo  16 preamplificadores microf\u00f3nicos a trav\u00e9s de XLR, con LEDs de estado de alimentaci\u00f3n phantom  4 salidas l\u00ednea a trav\u00e9s de XLR  Compatible AES67  Preparado para Dante Domain Manager","og_url":"https:\/\/distribution.audio-technica.eu\/es-es\/productos\/dt164-w\/","og_site_name":"Audio-Technica Iberia","article_modified_time":"2023-07-13T11:30:53+00:00","og_image":[{"width":1000,"height":1000,"url":"https:\/\/distribution.audio-technica.eu\/app\/uploads\/sites\/2\/DT164W-Right.jpg","type":"image\/jpeg"}],"twitter_card":"summary_large_image","twitter_misc":{"Tiempo de lectura":"2 minutos"},"schema":{"@context":"https:\/\/schema.org","@graph":[{"@type":"WebPage","@id":"https:\/\/distribution.audio-technica.eu\/es-es\/productos\/dt164-w\/","url":"https:\/\/distribution.audio-technica.eu\/es-es\/productos\/dt164-w\/","name":"DT164-W - Audio-Technica Iberia","isPartOf":{"@id":"https:\/\/distribution.audio-technica.eu\/es-es\/#website"},"primaryImageOfPage":{"@id":"https:\/\/distribution.audio-technica.eu\/es-es\/productos\/dt164-w\/#primaryimage"},"image":{"@id":"https:\/\/distribution.audio-technica.eu\/es-es\/productos\/dt164-w\/#primaryimage"},"thumbnailUrl":"\/app\/uploads\/sites\/2\/DT164W-Right.jpg","datePublished":"2019-02-01T09:00:50+00:00","dateModified":"2023-07-13T11:30:53+00:00","breadcrumb":{"@id":"https:\/\/distribution.audio-technica.eu\/es-es\/productos\/dt164-w\/#breadcrumb"},"inLanguage":"es","potentialAction":[{"@type":"ReadAction","target":["https:\/\/distribution.audio-technica.eu\/es-es\/productos\/dt164-w\/"]}]},{"@type":"ImageObject","inLanguage":"es","@id":"https:\/\/distribution.audio-technica.eu\/es-es\/productos\/dt164-w\/#primaryimage","url":"\/app\/uploads\/sites\/2\/DT164W-Right.jpg","contentUrl":"\/app\/uploads\/sites\/2\/DT164W-Right.jpg","width":1000,"height":1000},{"@type":"BreadcrumbList","@id":"https:\/\/distribution.audio-technica.eu\/es-es\/productos\/dt164-w\/#breadcrumb","itemListElement":[{"@type":"ListItem","position":1,"name":"Products","item":"https:\/\/distribution.audio-technica.eu\/es-es\/"},{"@type":"ListItem","position":2,"name":"Productos","item":"https:\/\/distribution.audio-technica.eu\/es-es\/productos\/"},{"@type":"ListItem","position":3,"name":"DT164-W"}]},{"@type":"WebSite","@id":"https:\/\/distribution.audio-technica.eu\/es-es\/#website","url":"https:\/\/distribution.audio-technica.eu\/es-es\/","name":"Audio-Technica Iberia","description":"Distribuci\u00f3n","potentialAction":[{"@type":"SearchAction","target":{"@type":"EntryPoint","urlTemplate":"https:\/\/distribution.audio-technica.eu\/es-es\/?s={search_term_string}"},"query-input":{"@type":"PropertyValueSpecification","valueRequired":true,"valueName":"search_term_string"}}],"inLanguage":"es"}]}},"_links":{"self":[{"href":"https:\/\/distribution.audio-technica.eu\/es-es\/wp-json\/wp\/v2\/product\/15523","targetHints":{"allow":["GET"]}}],"collection":[{"href":"https:\/\/distribution.audio-technica.eu\/es-es\/wp-json\/wp\/v2\/product"}],"about":[{"href":"https:\/\/distribution.audio-technica.eu\/es-es\/wp-json\/wp\/v2\/types\/product"}],"wp:featuredmedia":[{"embeddable":true,"href":"https:\/\/distribution.audio-technica.eu\/es-es\/wp-json\/wp\/v2\/media\/15535"}],"wp:attachment":[{"href":"https:\/\/distribution.audio-technica.eu\/es-es\/wp-json\/wp\/v2\/media?parent=15523"}],"wp:term":[{"taxonomy":"product_brand","embeddable":true,"href":"https:\/\/distribution.audio-technica.eu\/es-es\/wp-json\/wp\/v2\/product_brand?post=15523"},{"taxonomy":"product_cat","embeddable":true,"href":"https:\/\/distribution.audio-technica.eu\/es-es\/wp-json\/wp\/v2\/product_cat?post=15523"},{"taxonomy":"product_tag","embeddable":true,"href":"https:\/\/distribution.audio-technica.eu\/es-es\/wp-json\/wp\/v2\/product_tag?post=15523"}],"curies":[{"name":"wp","href":"https:\/\/api.w.org\/{rel}","templated":true}]}}