{"id":16761,"date":"2019-05-07T08:30:11","date_gmt":"2019-05-07T06:30:11","guid":{"rendered":"https:\/\/atdb-production.studiograft.dev\/es\/?post_type=product&#038;p=16761"},"modified":"2026-02-19T14:48:36","modified_gmt":"2026-02-19T13:48:36","slug":"nero","status":"publish","type":"product","link":"https:\/\/distribution.audio-technica.eu\/es-es\/productos\/nero\/","title":{"rendered":"NERO"},"content":{"rendered":"<h2>NERO<\/h2>\n<h3>Controlador de sobremesa para monitores<\/h3>\n<p>Nero es un nuevo controlador de sobremesa para monitores que ofrece una amplia paleta de entradas y salidas, control de monitores al estilo de las consolas profesionales, salida sub asignable, tecnolog\u00eda Precision Matched Attenuation y mucho m\u00e1s. Ha sido dise\u00f1ado para convertirse en el centro neur\u00e1lgico del estudio, ya que proporciona un control centralizado y personalizable capaz de satisfacer todas las necesidades de monitorizaci\u00f3n, en formato sobremesa.<\/p>\n<p>Dispone de cuatro entradas anal\u00f3gicas est\u00e9reo, incluyendo dos entradas con nivel de l\u00ednea, una entrada espec\u00edfica cue mix, una entrada auxiliar (RCA o mini Jack) y entradas tanto \u00f3pticas como coaxiales, que proporcionan una gran variedad de opciones de conectividad. Estas entradas pueden ser enviadas a sus tres salidas para altavoces (con capacidad de ajustar y adecuar vol\u00famenes), una salida sub asignable y a cuatro salidas para auriculares.<\/p>\n<p>Audient tambi\u00e9n ha desarrollado la tecnolog\u00eda Precision Matched Attenuation, que se ocupa de hacer coincidir perfectamente el volumen de los canales izquierdo y derecho de la se\u00f1al est\u00e9reo. A diferencia de lo que ocurre en otros controladores para monitores, esto previene cualquier desviaci\u00f3n en el volumen entre los monitores izquierdo y derecho, permitiendo una mezcla precisa y totalmente fiable.<\/p>\n<p>Basando su funcionalidad en la en la del controlador de monitores Centro, Nero se inspira en la rica herencia de Audient en el dise\u00f1o de consolas anal\u00f3gicas, y ofrece una amplia gama de flexibles controles para el monitoraje, incluyendo talkback espec\u00edfico, controles Cut &amp; Dim, polaridad, mono, selecci\u00f3n de altavoz y monitorizaci\u00f3n Cue Mix; adem\u00e1s, tambi\u00e9n introduce el novedoso concepto que representan los Smart Touchpoints.<\/p>\n<p>Los Smart Touchpoints son botones configurables que te permiten personalizar tu flujo de trabajo sobre la marcha. Solo hay que mantener pulsado un touchpoint para entrar en el modo de configuraci\u00f3n, y simplemente direccionar, configurar y guardar diferentes combinaciones de los controles de monitorizaci\u00f3n de Nero para que se adapten a las necesidades del usuario. Por ejemplo, direccionar permanentemente el subgrave a cualquiera o a todos los pares de monitores, sin perder la capacidad de activarlo o desactivarlo. O sumar a mono de forma permanente una salida para utilizarla con una altavoz de referencia para mono.<\/p>\n<p>En cuanto al talkback, Nero dispone de un micro interno, as\u00ed como de una entrada de micr\u00f3fono espec\u00edfica, equipada con alimentaci\u00f3n phantom, lo que permite el uso de cualquier micro din\u00e1mico o de condensador. Es posible direccionar cualquier fuente de entrada, as\u00ed como el talkback, a cualquier salida de auriculares, lo que permite en todo momento un control total sobre la sesi\u00f3n.<\/p>\n<ul>\n<li>4 x fuentes anal\u00f3gicas est\u00e9reo<\/li>\n<li>2 x entradas l\u00ednea<\/li>\n<li>1 x entrada espec\u00edfica Cue Mix<\/li>\n<li>1 x entrada auxiliar (RCA o mini Jack)<\/li>\n<li>Entradas S\/PDIF \u00f3ptica y coaxial<\/li>\n<li>3 x salidas est\u00e9reo para altavoces<\/li>\n<li>1 x salida Sub asignable<\/li>\n<li>4 x salidas para auriculares, con direccionamiento flexible<\/li>\n<li>Smart Touchpoints que permiten la personalizaci\u00f3n<\/li>\n<li>Micr\u00f3fono interno<\/li>\n<li>Entrada Talkback externo<\/li>\n<li>Controles Dim, Cut, Mono y Polaridad<\/li>\n<\/ul>\n<p>&nbsp;<\/p>\n","protected":false},"excerpt":{"rendered":"<h3>Controlador de sobremesa para monitores<\/h3>\n<ul class=\"summary\">\n<li>Cuatro entradas est\u00e9reo para fuentes anal\u00f3gicas con 2 entradas l\u00ednea, una entrada espec\u00edfica Cue Mix y una entrada auxiliar (RCA o mini Jack)<\/li>\n<li>Entradas S\/PDIF \u00f3ptica y coaxial<\/li>\n<li>3 Salidas est\u00e9reo para altavoces<\/li>\n<li>1 Salida Sub asignable<\/li>\n<li>4 Salidas para auriculares, con direccionamiento flexible<\/li>\n<li>Smart Touchpoints que permiten la personalizaci\u00f3n<\/li>\n<\/ul>\n","protected":false},"featured_media":16725,"template":"","meta":{"_acf_changed":false},"product_brand":[],"product_cat":[1312],"product_tag":[],"class_list":{"0":"post-16761","1":"product","2":"type-product","3":"status-publish","4":"has-post-thumbnail","6":"product_cat-controladores-de-monitores","8":"first","9":"instock","10":"shipping-taxable","11":"product-type-simple"},"acf":[],"yoast_head":"<!-- This site is optimized with the Yoast SEO plugin v27.1.1 - https:\/\/yoast.com\/product\/yoast-seo-wordpress\/ -->\n<title>NERO - Audio-Technica Iberia<\/title>\n<meta name=\"robots\" content=\"index, follow, max-snippet:-1, max-image-preview:large, max-video-preview:-1\" \/>\n<link rel=\"canonical\" href=\"https:\/\/distribution.audio-technica.eu\/es-es\/productos\/nero\/\" \/>\n<meta property=\"og:locale\" content=\"es_ES\" \/>\n<meta property=\"og:type\" content=\"article\" \/>\n<meta property=\"og:title\" content=\"NERO - Audio-Technica Iberia\" \/>\n<meta property=\"og:description\" content=\"Controlador de sobremesa para monitores   Cuatro entradas est\u00e9reo para fuentes anal\u00f3gicas con 2 entradas l\u00ednea, una entrada espec\u00edfica Cue Mix y una entrada auxiliar (RCA o mini Jack)  Entradas S\/PDIF \u00f3ptica y coaxial  3 Salidas est\u00e9reo para altavoces  1 Salida Sub asignable  4 Salidas para auriculares, con direccionamiento flexible  Smart Touchpoints que permiten la personalizaci\u00f3n\" \/>\n<meta property=\"og:url\" content=\"https:\/\/distribution.audio-technica.eu\/es-es\/productos\/nero\/\" \/>\n<meta property=\"og:site_name\" content=\"Audio-Technica Iberia\" \/>\n<meta property=\"article:modified_time\" content=\"2026-02-19T13:48:36+00:00\" \/>\n<meta property=\"og:image\" content=\"https:\/\/distribution.audio-technica.eu\/app\/uploads\/sites\/2\/Audient-Nero-1.jpg\" \/>\n\t<meta property=\"og:image:width\" content=\"1000\" \/>\n\t<meta property=\"og:image:height\" content=\"1000\" \/>\n\t<meta property=\"og:image:type\" content=\"image\/jpeg\" \/>\n<meta name=\"twitter:card\" content=\"summary_large_image\" \/>\n<meta name=\"twitter:label1\" content=\"Tiempo de lectura\" \/>\n\t<meta name=\"twitter:data1\" content=\"3 minutos\" \/>\n<script type=\"application\/ld+json\" class=\"yoast-schema-graph\">{\"@context\":\"https:\/\/schema.org\",\"@graph\":[{\"@type\":\"WebPage\",\"@id\":\"https:\/\/distribution.audio-technica.eu\/es-es\/productos\/nero\/\",\"url\":\"https:\/\/distribution.audio-technica.eu\/es-es\/productos\/nero\/\",\"name\":\"NERO - Audio-Technica Iberia\",\"isPartOf\":{\"@id\":\"https:\/\/distribution.audio-technica.eu\/es-es\/#website\"},\"primaryImageOfPage\":{\"@id\":\"https:\/\/distribution.audio-technica.eu\/es-es\/productos\/nero\/#primaryimage\"},\"image\":{\"@id\":\"https:\/\/distribution.audio-technica.eu\/es-es\/productos\/nero\/#primaryimage\"},\"thumbnailUrl\":\"\/app\/uploads\/sites\/2\/Audient-Nero-1.jpg\",\"datePublished\":\"2019-05-07T06:30:11+00:00\",\"dateModified\":\"2026-02-19T13:48:36+00:00\",\"breadcrumb\":{\"@id\":\"https:\/\/distribution.audio-technica.eu\/es-es\/productos\/nero\/#breadcrumb\"},\"inLanguage\":\"es\",\"potentialAction\":[{\"@type\":\"ReadAction\",\"target\":[\"https:\/\/distribution.audio-technica.eu\/es-es\/productos\/nero\/\"]}]},{\"@type\":\"ImageObject\",\"inLanguage\":\"es\",\"@id\":\"https:\/\/distribution.audio-technica.eu\/es-es\/productos\/nero\/#primaryimage\",\"url\":\"\/app\/uploads\/sites\/2\/Audient-Nero-1.jpg\",\"contentUrl\":\"\/app\/uploads\/sites\/2\/Audient-Nero-1.jpg\",\"width\":1000,\"height\":1000},{\"@type\":\"BreadcrumbList\",\"@id\":\"https:\/\/distribution.audio-technica.eu\/es-es\/productos\/nero\/#breadcrumb\",\"itemListElement\":[{\"@type\":\"ListItem\",\"position\":1,\"name\":\"Products\",\"item\":\"https:\/\/distribution.audio-technica.eu\/es-es\/\"},{\"@type\":\"ListItem\",\"position\":2,\"name\":\"Productos\",\"item\":\"https:\/\/distribution.audio-technica.eu\/es-es\/productos\/\"},{\"@type\":\"ListItem\",\"position\":3,\"name\":\"NERO\"}]},{\"@type\":\"WebSite\",\"@id\":\"https:\/\/distribution.audio-technica.eu\/es-es\/#website\",\"url\":\"https:\/\/distribution.audio-technica.eu\/es-es\/\",\"name\":\"Audio-Technica Iberia\",\"description\":\"Distribuci\u00f3n\",\"potentialAction\":[{\"@type\":\"SearchAction\",\"target\":{\"@type\":\"EntryPoint\",\"urlTemplate\":\"https:\/\/distribution.audio-technica.eu\/es-es\/?s={search_term_string}\"},\"query-input\":{\"@type\":\"PropertyValueSpecification\",\"valueRequired\":true,\"valueName\":\"search_term_string\"}}],\"inLanguage\":\"es\"}]}<\/script>\n<!-- \/ Yoast SEO plugin. -->","yoast_head_json":{"title":"NERO - Audio-Technica Iberia","robots":{"index":"index","follow":"follow","max-snippet":"max-snippet:-1","max-image-preview":"max-image-preview:large","max-video-preview":"max-video-preview:-1"},"canonical":"https:\/\/distribution.audio-technica.eu\/es-es\/productos\/nero\/","og_locale":"es_ES","og_type":"article","og_title":"NERO - Audio-Technica Iberia","og_description":"Controlador de sobremesa para monitores   Cuatro entradas est\u00e9reo para fuentes anal\u00f3gicas con 2 entradas l\u00ednea, una entrada espec\u00edfica Cue Mix y una entrada auxiliar (RCA o mini Jack)  Entradas S\/PDIF \u00f3ptica y coaxial  3 Salidas est\u00e9reo para altavoces  1 Salida Sub asignable  4 Salidas para auriculares, con direccionamiento flexible  Smart Touchpoints que permiten la personalizaci\u00f3n","og_url":"https:\/\/distribution.audio-technica.eu\/es-es\/productos\/nero\/","og_site_name":"Audio-Technica Iberia","article_modified_time":"2026-02-19T13:48:36+00:00","og_image":[{"width":1000,"height":1000,"url":"https:\/\/distribution.audio-technica.eu\/app\/uploads\/sites\/2\/Audient-Nero-1.jpg","type":"image\/jpeg"}],"twitter_card":"summary_large_image","twitter_misc":{"Tiempo de lectura":"3 minutos"},"schema":{"@context":"https:\/\/schema.org","@graph":[{"@type":"WebPage","@id":"https:\/\/distribution.audio-technica.eu\/es-es\/productos\/nero\/","url":"https:\/\/distribution.audio-technica.eu\/es-es\/productos\/nero\/","name":"NERO - Audio-Technica Iberia","isPartOf":{"@id":"https:\/\/distribution.audio-technica.eu\/es-es\/#website"},"primaryImageOfPage":{"@id":"https:\/\/distribution.audio-technica.eu\/es-es\/productos\/nero\/#primaryimage"},"image":{"@id":"https:\/\/distribution.audio-technica.eu\/es-es\/productos\/nero\/#primaryimage"},"thumbnailUrl":"\/app\/uploads\/sites\/2\/Audient-Nero-1.jpg","datePublished":"2019-05-07T06:30:11+00:00","dateModified":"2026-02-19T13:48:36+00:00","breadcrumb":{"@id":"https:\/\/distribution.audio-technica.eu\/es-es\/productos\/nero\/#breadcrumb"},"inLanguage":"es","potentialAction":[{"@type":"ReadAction","target":["https:\/\/distribution.audio-technica.eu\/es-es\/productos\/nero\/"]}]},{"@type":"ImageObject","inLanguage":"es","@id":"https:\/\/distribution.audio-technica.eu\/es-es\/productos\/nero\/#primaryimage","url":"\/app\/uploads\/sites\/2\/Audient-Nero-1.jpg","contentUrl":"\/app\/uploads\/sites\/2\/Audient-Nero-1.jpg","width":1000,"height":1000},{"@type":"BreadcrumbList","@id":"https:\/\/distribution.audio-technica.eu\/es-es\/productos\/nero\/#breadcrumb","itemListElement":[{"@type":"ListItem","position":1,"name":"Products","item":"https:\/\/distribution.audio-technica.eu\/es-es\/"},{"@type":"ListItem","position":2,"name":"Productos","item":"https:\/\/distribution.audio-technica.eu\/es-es\/productos\/"},{"@type":"ListItem","position":3,"name":"NERO"}]},{"@type":"WebSite","@id":"https:\/\/distribution.audio-technica.eu\/es-es\/#website","url":"https:\/\/distribution.audio-technica.eu\/es-es\/","name":"Audio-Technica Iberia","description":"Distribuci\u00f3n","potentialAction":[{"@type":"SearchAction","target":{"@type":"EntryPoint","urlTemplate":"https:\/\/distribution.audio-technica.eu\/es-es\/?s={search_term_string}"},"query-input":{"@type":"PropertyValueSpecification","valueRequired":true,"valueName":"search_term_string"}}],"inLanguage":"es"}]}},"_links":{"self":[{"href":"https:\/\/distribution.audio-technica.eu\/es-es\/wp-json\/wp\/v2\/product\/16761","targetHints":{"allow":["GET"]}}],"collection":[{"href":"https:\/\/distribution.audio-technica.eu\/es-es\/wp-json\/wp\/v2\/product"}],"about":[{"href":"https:\/\/distribution.audio-technica.eu\/es-es\/wp-json\/wp\/v2\/types\/product"}],"wp:featuredmedia":[{"embeddable":true,"href":"https:\/\/distribution.audio-technica.eu\/es-es\/wp-json\/wp\/v2\/media\/16725"}],"wp:attachment":[{"href":"https:\/\/distribution.audio-technica.eu\/es-es\/wp-json\/wp\/v2\/media?parent=16761"}],"wp:term":[{"taxonomy":"product_brand","embeddable":true,"href":"https:\/\/distribution.audio-technica.eu\/es-es\/wp-json\/wp\/v2\/product_brand?post=16761"},{"taxonomy":"product_cat","embeddable":true,"href":"https:\/\/distribution.audio-technica.eu\/es-es\/wp-json\/wp\/v2\/product_cat?post=16761"},{"taxonomy":"product_tag","embeddable":true,"href":"https:\/\/distribution.audio-technica.eu\/es-es\/wp-json\/wp\/v2\/product_tag?post=16761"}],"curies":[{"name":"wp","href":"https:\/\/api.w.org\/{rel}","templated":true}]}}