{"id":17007,"date":"2019-06-05T11:08:50","date_gmt":"2019-06-05T09:08:50","guid":{"rendered":"https:\/\/atdb-production.studiograft.dev\/es\/?post_type=product&#038;p=17007"},"modified":"2023-07-13T13:30:52","modified_gmt":"2023-07-13T11:30:52","slug":"dx012","status":"publish","type":"product","link":"https:\/\/distribution.audio-technica.eu\/es-es\/productos\/dx012\/","title":{"rendered":"DX012"},"content":{"rendered":"<h2>DX012<\/h2>\n<h3>Expansor de audio con 12 salidas XLR y funcionalidad AES para dLive y Serie SQ<\/h3>\n<p>El DX012 es un expansor de salida en formato rack 19\u201d, con resoluci\u00f3n de 96 kHz, para los sistemas de mezcla digital de Allen &amp; Heath.<\/p>\n<p>Cada unidad DX012 proporciona 12 salidas a trav\u00e9s de XLR, y es configurable como: 12 salidas de l\u00ednea anal\u00f3gica, 8 salidas de l\u00ednea anal\u00f3gica + 4 salidas est\u00e9reo AES, o 4 salidas de l\u00ednea anal\u00f3gica + 8 salidas est\u00e9reo AES.<\/p>\n<p>El DX012 se conecta, por medio de un \u00fanico cable Cat5e, a una superficie dLive, un MixRack dLive, un mezclador SQ o env\u00eda flujo de se\u00f1al a un expansor DX a trav\u00e9s de un puerto seguro EtherCon. Se cuenta con un segundo puerto EtherCon con bloqueo para permitir una conexi\u00f3n redundante a hardware compatible, o para conectar en serie para enviar flujo de se\u00f1al a un expansor DX, para disfrutar de E\/S remota adicional.<\/p>\n<ul>\n<li>Compatible con los sistemas SQ y dLive (firmware 1.9 y superiores)<\/li>\n<li>12 salidas XLR:\n<ul>\n<li>1-4 salidas l\u00ednea anal\u00f3gica<\/li>\n<li>5-8 salidas l\u00ednea anal\u00f3gica o salidas digitales AES (conmutable)<\/li>\n<li>9-12 salidas l\u00ednea anal\u00f3gica o salidas digitales AES (conmutable)<\/li>\n<\/ul>\n<\/li>\n<li>Las salidas AES son conmutables globalmente entre:\n<ul>\n<li>1kHz<\/li>\n<li>48kHz<\/li>\n<li>2kHz<\/li>\n<li>96kHz<\/li>\n<\/ul>\n<\/li>\n<li>El modo Cascada permite conectar en serie 2 expansores DX16\/DX12 para disponer de E\/S adicionales<\/li>\n<li>Conexi\u00f3n DX redundante para hardware compatible<\/li>\n<li>Es posible a\u00f1adir m\u00faltiples unidades DX012 a un sistema:\n<ul>\n<li>Es posible a\u00f1adir hasta 16 unidades DX012 a un sistema SQ<\/li>\n<li>Es posible a\u00f1adir hasta 46 unidades DX012 a un sistema dLive S Class<\/li>\n<li>Es posible a\u00f1adir hasta 22 unidades DX012 a un sistema dLive C Class<\/li>\n<\/ul>\n<\/li>\n<li>Puede ser montado en rack (1U) o en el suelo o una estanter\u00eda<\/li>\n<li>Plug and Play \u2013 no requiere direccionamiento IP<\/li>\n<li>Compatible con cables CAT5e (o superior), de una longitud de hasta 100m<\/li>\n<li>Puertos EtherCon con bloqueo<\/li>\n<\/ul>\n","protected":false},"excerpt":{"rendered":"<h3>Expansor de audio con 12 salidas XLR y funcionalidad AES para dLive y Serie SQ<\/h3>\n<ul>\n<li>Expansor de salida en formato rack 19\u201d<\/li>\n<li>12 salidas a trav\u00e9s de XLR<\/li>\n<li>Configurable como 12 salidas de l\u00ednea anal\u00f3gica, 8 salidas de l\u00ednea anal\u00f3gica + 4 salidas est\u00e9reo AES, o 4 salidas de l\u00ednea anal\u00f3gica + 8 salidas est\u00e9reo AES.<\/li>\n<li>Resoluci\u00f3n hasta 96 kHz<\/li>\n<\/ul>\n","protected":false},"featured_media":17020,"template":"","meta":{"_acf_changed":false},"product_brand":[],"product_cat":[1493,1494,1490,1513,1495,1514],"product_tag":[],"class_list":{"0":"post-17007","1":"product","2":"type-product","3":"status-publish","4":"has-post-thumbnail","6":"product_cat-mesas-de-mezclas-allen-heath","7":"product_cat-mesas-de-mezclas-para-directo-mesas-de-mezclas-allen-heath","8":"product_cat-por-series-allen-heath","9":"product_cat-serie-dlive-c-class","10":"product_cat-serie-dlive-s-class","11":"product_cat-serie-sq","12":"product_series-serie-dlive-c-class","13":"product_series-serie-dlive-s-class","14":"product_series-serie-sq","16":"first","17":"instock","18":"shipping-taxable","19":"product-type-simple"},"acf":[],"yoast_head":"<!-- This site is optimized with the Yoast SEO plugin v27.1.1 - https:\/\/yoast.com\/product\/yoast-seo-wordpress\/ -->\n<title>DX012 - Audio-Technica Iberia<\/title>\n<meta name=\"robots\" content=\"index, follow, max-snippet:-1, max-image-preview:large, max-video-preview:-1\" \/>\n<link rel=\"canonical\" href=\"https:\/\/distribution.audio-technica.eu\/es-es\/productos\/dx012\/\" \/>\n<meta property=\"og:locale\" content=\"es_ES\" \/>\n<meta property=\"og:type\" content=\"article\" \/>\n<meta property=\"og:title\" content=\"DX012 - Audio-Technica Iberia\" \/>\n<meta property=\"og:description\" content=\"Expansor de audio con 12 salidas XLR y funcionalidad AES para dLive y Serie SQ  Expansor de salida en formato rack 19\u201d  12 salidas a trav\u00e9s de XLR  Configurable como 12 salidas de l\u00ednea anal\u00f3gica, 8 salidas de l\u00ednea anal\u00f3gica + 4 salidas est\u00e9reo AES, o 4 salidas de l\u00ednea anal\u00f3gica + 8 salidas est\u00e9reo AES.  Resoluci\u00f3n hasta 96 kHz\" \/>\n<meta property=\"og:url\" content=\"https:\/\/distribution.audio-technica.eu\/es-es\/productos\/dx012\/\" \/>\n<meta property=\"og:site_name\" content=\"Audio-Technica Iberia\" \/>\n<meta property=\"article:modified_time\" content=\"2023-07-13T11:30:52+00:00\" \/>\n<meta property=\"og:image\" content=\"https:\/\/distribution.audio-technica.eu\/app\/uploads\/sites\/2\/AH-DX012-.jpg\" \/>\n\t<meta property=\"og:image:width\" content=\"1000\" \/>\n\t<meta property=\"og:image:height\" content=\"1000\" \/>\n\t<meta property=\"og:image:type\" content=\"image\/jpeg\" \/>\n<meta name=\"twitter:card\" content=\"summary_large_image\" \/>\n<meta name=\"twitter:label1\" content=\"Tiempo de lectura\" \/>\n\t<meta name=\"twitter:data1\" content=\"2 minutos\" \/>\n<script type=\"application\/ld+json\" class=\"yoast-schema-graph\">{\"@context\":\"https:\/\/schema.org\",\"@graph\":[{\"@type\":\"WebPage\",\"@id\":\"https:\/\/distribution.audio-technica.eu\/es-es\/productos\/dx012\/\",\"url\":\"https:\/\/distribution.audio-technica.eu\/es-es\/productos\/dx012\/\",\"name\":\"DX012 - Audio-Technica Iberia\",\"isPartOf\":{\"@id\":\"https:\/\/distribution.audio-technica.eu\/es-es\/#website\"},\"primaryImageOfPage\":{\"@id\":\"https:\/\/distribution.audio-technica.eu\/es-es\/productos\/dx012\/#primaryimage\"},\"image\":{\"@id\":\"https:\/\/distribution.audio-technica.eu\/es-es\/productos\/dx012\/#primaryimage\"},\"thumbnailUrl\":\"\/app\/uploads\/sites\/2\/AH-DX012-.jpg\",\"datePublished\":\"2019-06-05T09:08:50+00:00\",\"dateModified\":\"2023-07-13T11:30:52+00:00\",\"breadcrumb\":{\"@id\":\"https:\/\/distribution.audio-technica.eu\/es-es\/productos\/dx012\/#breadcrumb\"},\"inLanguage\":\"es\",\"potentialAction\":[{\"@type\":\"ReadAction\",\"target\":[\"https:\/\/distribution.audio-technica.eu\/es-es\/productos\/dx012\/\"]}]},{\"@type\":\"ImageObject\",\"inLanguage\":\"es\",\"@id\":\"https:\/\/distribution.audio-technica.eu\/es-es\/productos\/dx012\/#primaryimage\",\"url\":\"\/app\/uploads\/sites\/2\/AH-DX012-.jpg\",\"contentUrl\":\"\/app\/uploads\/sites\/2\/AH-DX012-.jpg\",\"width\":1000,\"height\":1000},{\"@type\":\"BreadcrumbList\",\"@id\":\"https:\/\/distribution.audio-technica.eu\/es-es\/productos\/dx012\/#breadcrumb\",\"itemListElement\":[{\"@type\":\"ListItem\",\"position\":1,\"name\":\"Products\",\"item\":\"https:\/\/distribution.audio-technica.eu\/es-es\/\"},{\"@type\":\"ListItem\",\"position\":2,\"name\":\"Productos\",\"item\":\"https:\/\/distribution.audio-technica.eu\/es-es\/productos\/\"},{\"@type\":\"ListItem\",\"position\":3,\"name\":\"DX012\"}]},{\"@type\":\"WebSite\",\"@id\":\"https:\/\/distribution.audio-technica.eu\/es-es\/#website\",\"url\":\"https:\/\/distribution.audio-technica.eu\/es-es\/\",\"name\":\"Audio-Technica Iberia\",\"description\":\"Distribuci\u00f3n\",\"potentialAction\":[{\"@type\":\"SearchAction\",\"target\":{\"@type\":\"EntryPoint\",\"urlTemplate\":\"https:\/\/distribution.audio-technica.eu\/es-es\/?s={search_term_string}\"},\"query-input\":{\"@type\":\"PropertyValueSpecification\",\"valueRequired\":true,\"valueName\":\"search_term_string\"}}],\"inLanguage\":\"es\"}]}<\/script>\n<!-- \/ Yoast SEO plugin. -->","yoast_head_json":{"title":"DX012 - Audio-Technica Iberia","robots":{"index":"index","follow":"follow","max-snippet":"max-snippet:-1","max-image-preview":"max-image-preview:large","max-video-preview":"max-video-preview:-1"},"canonical":"https:\/\/distribution.audio-technica.eu\/es-es\/productos\/dx012\/","og_locale":"es_ES","og_type":"article","og_title":"DX012 - Audio-Technica Iberia","og_description":"Expansor de audio con 12 salidas XLR y funcionalidad AES para dLive y Serie SQ  Expansor de salida en formato rack 19\u201d  12 salidas a trav\u00e9s de XLR  Configurable como 12 salidas de l\u00ednea anal\u00f3gica, 8 salidas de l\u00ednea anal\u00f3gica + 4 salidas est\u00e9reo AES, o 4 salidas de l\u00ednea anal\u00f3gica + 8 salidas est\u00e9reo AES.  Resoluci\u00f3n hasta 96 kHz","og_url":"https:\/\/distribution.audio-technica.eu\/es-es\/productos\/dx012\/","og_site_name":"Audio-Technica Iberia","article_modified_time":"2023-07-13T11:30:52+00:00","og_image":[{"width":1000,"height":1000,"url":"https:\/\/distribution.audio-technica.eu\/app\/uploads\/sites\/2\/AH-DX012-.jpg","type":"image\/jpeg"}],"twitter_card":"summary_large_image","twitter_misc":{"Tiempo de lectura":"2 minutos"},"schema":{"@context":"https:\/\/schema.org","@graph":[{"@type":"WebPage","@id":"https:\/\/distribution.audio-technica.eu\/es-es\/productos\/dx012\/","url":"https:\/\/distribution.audio-technica.eu\/es-es\/productos\/dx012\/","name":"DX012 - Audio-Technica Iberia","isPartOf":{"@id":"https:\/\/distribution.audio-technica.eu\/es-es\/#website"},"primaryImageOfPage":{"@id":"https:\/\/distribution.audio-technica.eu\/es-es\/productos\/dx012\/#primaryimage"},"image":{"@id":"https:\/\/distribution.audio-technica.eu\/es-es\/productos\/dx012\/#primaryimage"},"thumbnailUrl":"\/app\/uploads\/sites\/2\/AH-DX012-.jpg","datePublished":"2019-06-05T09:08:50+00:00","dateModified":"2023-07-13T11:30:52+00:00","breadcrumb":{"@id":"https:\/\/distribution.audio-technica.eu\/es-es\/productos\/dx012\/#breadcrumb"},"inLanguage":"es","potentialAction":[{"@type":"ReadAction","target":["https:\/\/distribution.audio-technica.eu\/es-es\/productos\/dx012\/"]}]},{"@type":"ImageObject","inLanguage":"es","@id":"https:\/\/distribution.audio-technica.eu\/es-es\/productos\/dx012\/#primaryimage","url":"\/app\/uploads\/sites\/2\/AH-DX012-.jpg","contentUrl":"\/app\/uploads\/sites\/2\/AH-DX012-.jpg","width":1000,"height":1000},{"@type":"BreadcrumbList","@id":"https:\/\/distribution.audio-technica.eu\/es-es\/productos\/dx012\/#breadcrumb","itemListElement":[{"@type":"ListItem","position":1,"name":"Products","item":"https:\/\/distribution.audio-technica.eu\/es-es\/"},{"@type":"ListItem","position":2,"name":"Productos","item":"https:\/\/distribution.audio-technica.eu\/es-es\/productos\/"},{"@type":"ListItem","position":3,"name":"DX012"}]},{"@type":"WebSite","@id":"https:\/\/distribution.audio-technica.eu\/es-es\/#website","url":"https:\/\/distribution.audio-technica.eu\/es-es\/","name":"Audio-Technica Iberia","description":"Distribuci\u00f3n","potentialAction":[{"@type":"SearchAction","target":{"@type":"EntryPoint","urlTemplate":"https:\/\/distribution.audio-technica.eu\/es-es\/?s={search_term_string}"},"query-input":{"@type":"PropertyValueSpecification","valueRequired":true,"valueName":"search_term_string"}}],"inLanguage":"es"}]}},"_links":{"self":[{"href":"https:\/\/distribution.audio-technica.eu\/es-es\/wp-json\/wp\/v2\/product\/17007","targetHints":{"allow":["GET"]}}],"collection":[{"href":"https:\/\/distribution.audio-technica.eu\/es-es\/wp-json\/wp\/v2\/product"}],"about":[{"href":"https:\/\/distribution.audio-technica.eu\/es-es\/wp-json\/wp\/v2\/types\/product"}],"wp:featuredmedia":[{"embeddable":true,"href":"https:\/\/distribution.audio-technica.eu\/es-es\/wp-json\/wp\/v2\/media\/17020"}],"wp:attachment":[{"href":"https:\/\/distribution.audio-technica.eu\/es-es\/wp-json\/wp\/v2\/media?parent=17007"}],"wp:term":[{"taxonomy":"product_brand","embeddable":true,"href":"https:\/\/distribution.audio-technica.eu\/es-es\/wp-json\/wp\/v2\/product_brand?post=17007"},{"taxonomy":"product_cat","embeddable":true,"href":"https:\/\/distribution.audio-technica.eu\/es-es\/wp-json\/wp\/v2\/product_cat?post=17007"},{"taxonomy":"product_tag","embeddable":true,"href":"https:\/\/distribution.audio-technica.eu\/es-es\/wp-json\/wp\/v2\/product_tag?post=17007"}],"curies":[{"name":"wp","href":"https:\/\/api.w.org\/{rel}","templated":true}]}}