{"id":17008,"date":"2019-06-05T11:12:51","date_gmt":"2019-06-05T09:12:51","guid":{"rendered":"https:\/\/atdb-production.studiograft.dev\/es\/?post_type=product&#038;p=17008"},"modified":"2023-07-13T13:30:52","modified_gmt":"2023-07-13T11:30:52","slug":"gx4816","status":"publish","type":"product","link":"https:\/\/distribution.audio-technica.eu\/es-es\/productos\/gx4816\/","title":{"rendered":"GX4816"},"content":{"rendered":"<h2>GX4816<\/h2>\n<h3>Expansor de audio con 48 entradas XLR \/ 16 salidas XLR, con conectividad DX y ME para dLive y Serie SQ<\/h3>\n<p>El GX4816 es un expansor de audio con resoluci\u00f3n de 96kHz que a\u00f1ade E\/S remotas a cualquier sistema SQ o dLive.<\/p>\n<p>Cada unidad GX4816 incorpora 48 preamplificadores microf\u00f3nicos, con indicadores LED para alimentaci\u00f3n phantom independientes, adem\u00e1s de 16 salidas de l\u00ednea a trav\u00e9s de XLR. Se han previsto 2 puertos DX para permitir la conexi\u00f3n de hasta 4 expansores DX para ampliar todav\u00eda m\u00e1s la capacidad de E\/S. Tambi\u00e9n es posible la conexi\u00f3n a un sistema de mezcla personal ME a trav\u00e9s de un conector DX2.<\/p>\n<p>La unidad GX4816 se conecta, por medio de un cable Cat5e, al conector SLink de un mezclador SQ, o a una tarjeta de audio en red gigaACE instalada en un sistema dLive. La conexi\u00f3n a expansores DX o al sistema de mezcla personal ME tambi\u00e9n se realiza por medio de cable Cat5e.<\/p>\n<ul>\n<li>48 preamplificadores microf\u00f3nicos a trav\u00e9s de XLR, con indicadores LED del estado de alimentaci\u00f3n phantom<\/li>\n<li>16 salidas de l\u00ednea a trav\u00e9s de XLR<\/li>\n<li>Funcionamiento con resoluci\u00f3n de 96kHz<\/li>\n<li>Puerto DX1 \u2013 compatible con un expansor DX32, o hasta dos expansores DX168\/DX164-W<\/li>\n<li>Puerto DX2\/ME \u2013 compatible con un expansor DX32, o hasta dos expansores DX168\/DX164-W, o con el sistema de monitorizaci\u00f3n personal ME.<\/li>\n<li>Compatible con los sistemas SQ y dLive (firmware 1.9 y superior)<\/li>\n<li>Es posible a\u00f1adir m\u00faltiples unidades GX4816 a un sistema:\n<ul>\n<li>Es posible a\u00f1adir hasta 2 unidades GX4816 a un sistema SQ<\/li>\n<li>Es posible a\u00f1adir hasta 5 unidades GX4816 a un sistema dLive S Class<\/li>\n<li>Es posible a\u00f1adir hasta 3 unidades GX4816 a un sistema dLive C Class<\/li>\n<\/ul>\n<\/li>\n<li>Puede ser montado en rack (5u) o en el suelo o una estanter\u00eda<\/li>\n<li>Plug and Play \u2013 no precisa direccionamiento IP<\/li>\n<li>Compatible con cables CAT5e (o superiores) de una longitud de hasta 100m<\/li>\n<li>Puertos EtherCon con bloqueo<\/li>\n<\/ul>\n","protected":false},"excerpt":{"rendered":"<h3>Expansor de audio con 48 entradas XLR \/ 16 salidas XLR, con conectividad DX y ME para dLive y Serie SQ<\/h3>\n<ul>\n<li>Expansor de audio con resoluci\u00f3n de 96kHz para SQ o dLive<\/li>\n<li>48 preamplificadores microf\u00f3nicos<\/li>\n<li>16 salidas de l\u00ednea a trav\u00e9s de XLR<\/li>\n<li>2 puertos DX<\/li>\n<li>Permite la conexi\u00f3n a un sistema de monitorizaci\u00f3n personal ME<\/li>\n<li>Es posible a\u00f1adir m\u00faltiples unidades GX4816 a un sistema SQ o dLive<\/li>\n<\/ul>\n","protected":false},"featured_media":17012,"template":"","meta":{"_acf_changed":false},"product_brand":[],"product_cat":[1493,1494,1490,1513,1495,1514],"product_tag":[],"class_list":{"0":"post-17008","1":"product","2":"type-product","3":"status-publish","4":"has-post-thumbnail","6":"product_cat-mesas-de-mezclas-allen-heath","7":"product_cat-mesas-de-mezclas-para-directo-mesas-de-mezclas-allen-heath","8":"product_cat-por-series-allen-heath","9":"product_cat-serie-dlive-c-class","10":"product_cat-serie-dlive-s-class","11":"product_cat-serie-sq","12":"product_series-serie-dlive-c-class","13":"product_series-serie-dlive-s-class","14":"product_series-serie-sq","16":"first","17":"instock","18":"shipping-taxable","19":"product-type-simple"},"acf":[],"yoast_head":"<!-- This site is optimized with the Yoast SEO plugin v27.1.1 - https:\/\/yoast.com\/product\/yoast-seo-wordpress\/ -->\n<title>GX4816 - Audio-Technica Iberia<\/title>\n<meta name=\"robots\" content=\"index, follow, max-snippet:-1, max-image-preview:large, max-video-preview:-1\" \/>\n<link rel=\"canonical\" href=\"https:\/\/distribution.audio-technica.eu\/es-es\/productos\/gx4816\/\" \/>\n<meta property=\"og:locale\" content=\"es_ES\" \/>\n<meta property=\"og:type\" content=\"article\" \/>\n<meta property=\"og:title\" content=\"GX4816 - Audio-Technica Iberia\" \/>\n<meta property=\"og:description\" content=\"Expansor de audio con 48 entradas XLR \/ 16 salidas XLR, con conectividad DX y ME para dLive y Serie SQ  Expansor de audio con resoluci\u00f3n de 96kHz para SQ o dLive  48 preamplificadores microf\u00f3nicos  16 salidas de l\u00ednea a trav\u00e9s de XLR  2 puertos DX  Permite la conexi\u00f3n a un sistema de monitorizaci\u00f3n personal ME  Es posible a\u00f1adir m\u00faltiples unidades GX4816 a un sistema SQ o dLive\" \/>\n<meta property=\"og:url\" content=\"https:\/\/distribution.audio-technica.eu\/es-es\/productos\/gx4816\/\" \/>\n<meta property=\"og:site_name\" content=\"Audio-Technica Iberia\" \/>\n<meta property=\"article:modified_time\" content=\"2023-07-13T11:30:52+00:00\" \/>\n<meta property=\"og:image\" content=\"https:\/\/distribution.audio-technica.eu\/app\/uploads\/sites\/2\/AH-GX4816.jpg\" \/>\n\t<meta property=\"og:image:width\" content=\"1000\" \/>\n\t<meta property=\"og:image:height\" content=\"1000\" \/>\n\t<meta property=\"og:image:type\" content=\"image\/jpeg\" \/>\n<meta name=\"twitter:card\" content=\"summary_large_image\" \/>\n<meta name=\"twitter:label1\" content=\"Tiempo de lectura\" \/>\n\t<meta name=\"twitter:data1\" content=\"2 minutos\" \/>\n<script type=\"application\/ld+json\" class=\"yoast-schema-graph\">{\"@context\":\"https:\/\/schema.org\",\"@graph\":[{\"@type\":\"WebPage\",\"@id\":\"https:\/\/distribution.audio-technica.eu\/es-es\/productos\/gx4816\/\",\"url\":\"https:\/\/distribution.audio-technica.eu\/es-es\/productos\/gx4816\/\",\"name\":\"GX4816 - Audio-Technica Iberia\",\"isPartOf\":{\"@id\":\"https:\/\/distribution.audio-technica.eu\/es-es\/#website\"},\"primaryImageOfPage\":{\"@id\":\"https:\/\/distribution.audio-technica.eu\/es-es\/productos\/gx4816\/#primaryimage\"},\"image\":{\"@id\":\"https:\/\/distribution.audio-technica.eu\/es-es\/productos\/gx4816\/#primaryimage\"},\"thumbnailUrl\":\"\/app\/uploads\/sites\/2\/AH-GX4816.jpg\",\"datePublished\":\"2019-06-05T09:12:51+00:00\",\"dateModified\":\"2023-07-13T11:30:52+00:00\",\"breadcrumb\":{\"@id\":\"https:\/\/distribution.audio-technica.eu\/es-es\/productos\/gx4816\/#breadcrumb\"},\"inLanguage\":\"es\",\"potentialAction\":[{\"@type\":\"ReadAction\",\"target\":[\"https:\/\/distribution.audio-technica.eu\/es-es\/productos\/gx4816\/\"]}]},{\"@type\":\"ImageObject\",\"inLanguage\":\"es\",\"@id\":\"https:\/\/distribution.audio-technica.eu\/es-es\/productos\/gx4816\/#primaryimage\",\"url\":\"\/app\/uploads\/sites\/2\/AH-GX4816.jpg\",\"contentUrl\":\"\/app\/uploads\/sites\/2\/AH-GX4816.jpg\",\"width\":1000,\"height\":1000},{\"@type\":\"BreadcrumbList\",\"@id\":\"https:\/\/distribution.audio-technica.eu\/es-es\/productos\/gx4816\/#breadcrumb\",\"itemListElement\":[{\"@type\":\"ListItem\",\"position\":1,\"name\":\"Products\",\"item\":\"https:\/\/distribution.audio-technica.eu\/es-es\/\"},{\"@type\":\"ListItem\",\"position\":2,\"name\":\"Productos\",\"item\":\"https:\/\/distribution.audio-technica.eu\/es-es\/productos\/\"},{\"@type\":\"ListItem\",\"position\":3,\"name\":\"GX4816\"}]},{\"@type\":\"WebSite\",\"@id\":\"https:\/\/distribution.audio-technica.eu\/es-es\/#website\",\"url\":\"https:\/\/distribution.audio-technica.eu\/es-es\/\",\"name\":\"Audio-Technica Iberia\",\"description\":\"Distribuci\u00f3n\",\"potentialAction\":[{\"@type\":\"SearchAction\",\"target\":{\"@type\":\"EntryPoint\",\"urlTemplate\":\"https:\/\/distribution.audio-technica.eu\/es-es\/?s={search_term_string}\"},\"query-input\":{\"@type\":\"PropertyValueSpecification\",\"valueRequired\":true,\"valueName\":\"search_term_string\"}}],\"inLanguage\":\"es\"}]}<\/script>\n<!-- \/ Yoast SEO plugin. -->","yoast_head_json":{"title":"GX4816 - Audio-Technica Iberia","robots":{"index":"index","follow":"follow","max-snippet":"max-snippet:-1","max-image-preview":"max-image-preview:large","max-video-preview":"max-video-preview:-1"},"canonical":"https:\/\/distribution.audio-technica.eu\/es-es\/productos\/gx4816\/","og_locale":"es_ES","og_type":"article","og_title":"GX4816 - Audio-Technica Iberia","og_description":"Expansor de audio con 48 entradas XLR \/ 16 salidas XLR, con conectividad DX y ME para dLive y Serie SQ  Expansor de audio con resoluci\u00f3n de 96kHz para SQ o dLive  48 preamplificadores microf\u00f3nicos  16 salidas de l\u00ednea a trav\u00e9s de XLR  2 puertos DX  Permite la conexi\u00f3n a un sistema de monitorizaci\u00f3n personal ME  Es posible a\u00f1adir m\u00faltiples unidades GX4816 a un sistema SQ o dLive","og_url":"https:\/\/distribution.audio-technica.eu\/es-es\/productos\/gx4816\/","og_site_name":"Audio-Technica Iberia","article_modified_time":"2023-07-13T11:30:52+00:00","og_image":[{"width":1000,"height":1000,"url":"https:\/\/distribution.audio-technica.eu\/app\/uploads\/sites\/2\/AH-GX4816.jpg","type":"image\/jpeg"}],"twitter_card":"summary_large_image","twitter_misc":{"Tiempo de lectura":"2 minutos"},"schema":{"@context":"https:\/\/schema.org","@graph":[{"@type":"WebPage","@id":"https:\/\/distribution.audio-technica.eu\/es-es\/productos\/gx4816\/","url":"https:\/\/distribution.audio-technica.eu\/es-es\/productos\/gx4816\/","name":"GX4816 - Audio-Technica Iberia","isPartOf":{"@id":"https:\/\/distribution.audio-technica.eu\/es-es\/#website"},"primaryImageOfPage":{"@id":"https:\/\/distribution.audio-technica.eu\/es-es\/productos\/gx4816\/#primaryimage"},"image":{"@id":"https:\/\/distribution.audio-technica.eu\/es-es\/productos\/gx4816\/#primaryimage"},"thumbnailUrl":"\/app\/uploads\/sites\/2\/AH-GX4816.jpg","datePublished":"2019-06-05T09:12:51+00:00","dateModified":"2023-07-13T11:30:52+00:00","breadcrumb":{"@id":"https:\/\/distribution.audio-technica.eu\/es-es\/productos\/gx4816\/#breadcrumb"},"inLanguage":"es","potentialAction":[{"@type":"ReadAction","target":["https:\/\/distribution.audio-technica.eu\/es-es\/productos\/gx4816\/"]}]},{"@type":"ImageObject","inLanguage":"es","@id":"https:\/\/distribution.audio-technica.eu\/es-es\/productos\/gx4816\/#primaryimage","url":"\/app\/uploads\/sites\/2\/AH-GX4816.jpg","contentUrl":"\/app\/uploads\/sites\/2\/AH-GX4816.jpg","width":1000,"height":1000},{"@type":"BreadcrumbList","@id":"https:\/\/distribution.audio-technica.eu\/es-es\/productos\/gx4816\/#breadcrumb","itemListElement":[{"@type":"ListItem","position":1,"name":"Products","item":"https:\/\/distribution.audio-technica.eu\/es-es\/"},{"@type":"ListItem","position":2,"name":"Productos","item":"https:\/\/distribution.audio-technica.eu\/es-es\/productos\/"},{"@type":"ListItem","position":3,"name":"GX4816"}]},{"@type":"WebSite","@id":"https:\/\/distribution.audio-technica.eu\/es-es\/#website","url":"https:\/\/distribution.audio-technica.eu\/es-es\/","name":"Audio-Technica Iberia","description":"Distribuci\u00f3n","potentialAction":[{"@type":"SearchAction","target":{"@type":"EntryPoint","urlTemplate":"https:\/\/distribution.audio-technica.eu\/es-es\/?s={search_term_string}"},"query-input":{"@type":"PropertyValueSpecification","valueRequired":true,"valueName":"search_term_string"}}],"inLanguage":"es"}]}},"_links":{"self":[{"href":"https:\/\/distribution.audio-technica.eu\/es-es\/wp-json\/wp\/v2\/product\/17008","targetHints":{"allow":["GET"]}}],"collection":[{"href":"https:\/\/distribution.audio-technica.eu\/es-es\/wp-json\/wp\/v2\/product"}],"about":[{"href":"https:\/\/distribution.audio-technica.eu\/es-es\/wp-json\/wp\/v2\/types\/product"}],"wp:featuredmedia":[{"embeddable":true,"href":"https:\/\/distribution.audio-technica.eu\/es-es\/wp-json\/wp\/v2\/media\/17012"}],"wp:attachment":[{"href":"https:\/\/distribution.audio-technica.eu\/es-es\/wp-json\/wp\/v2\/media?parent=17008"}],"wp:term":[{"taxonomy":"product_brand","embeddable":true,"href":"https:\/\/distribution.audio-technica.eu\/es-es\/wp-json\/wp\/v2\/product_brand?post=17008"},{"taxonomy":"product_cat","embeddable":true,"href":"https:\/\/distribution.audio-technica.eu\/es-es\/wp-json\/wp\/v2\/product_cat?post=17008"},{"taxonomy":"product_tag","embeddable":true,"href":"https:\/\/distribution.audio-technica.eu\/es-es\/wp-json\/wp\/v2\/product_tag?post=17008"}],"curies":[{"name":"wp","href":"https:\/\/api.w.org\/{rel}","templated":true}]}}