{"id":17392,"date":"2019-07-01T17:48:16","date_gmt":"2019-07-01T15:48:16","guid":{"rendered":"https:\/\/atdb-production.studiograft.dev\/es\/?post_type=product&#038;p=17392"},"modified":"2023-09-19T11:09:20","modified_gmt":"2023-09-19T09:09:20","slug":"u-hub","status":"publish","type":"product","link":"https:\/\/distribution.audio-technica.eu\/es-es\/productos\/u-hub\/","title":{"rendered":"U-HUB"},"content":{"rendered":"<h2>U-HUB<\/h2>\n<h3>Puente Ethernet a U-NET<\/h3>\n<p>U-Hub es un sistema puente entre Ethernet y U-NET, equipado con capacidad de manejar audio anal\u00f3gico y audio digital AES3. Facilita la interconexi\u00f3n entre un PC con el software de control VU-NET y los arrays y subgraves de la serie MLA, por medio de la red especial U-NET.<\/p>\n<p>Convirtiendo TCP\/IP a protocolo U-NET, U-Hub permite que los recintos de la serie MLA se auto direccionen e identifiquen su posici\u00f3n dentro del array, adem\u00e1s de admitir un bucle redundante f\u00e1cil de usar. Con U-Hub, un sistema de la serie MLA equipado con U-NET puede ser f\u00e1cilmente integrado en una red TCP\/IP, y controlado a trav\u00e9s del software VU-NET.<\/p>\n<p>Cuando se utiliza en combinaci\u00f3n con el controlador de sistema con conexi\u00f3n en red DX4.0 de Martin Audio, U-Hub puede conectar audio y red a un sistema MLA por medio de un \u00fanico cable, a trav\u00e9s de la red de audio digital Dante.<\/p>\n<p>&nbsp;<\/p>\n<p><strong>Caracter\u00edsticas Principales<\/strong><\/p>\n<ul>\n<li>Puente Ethernet a U-NET<\/li>\n<li>Direccionamiento IP (est\u00e1tico y din\u00e1mico)<\/li>\n<li>Transporta audio anal\u00f3gico y digital<\/li>\n<li>Dise\u00f1ado para trabajar con el procesador para altavoces DX4.0 para la distribuci\u00f3n de audio digital Dante<\/li>\n<\/ul>\n<p>&nbsp;<\/p>\n<p><strong>Aplicaciones<\/strong><\/p>\n<ul>\n<li>Plataforma de red \/ conversor para los sistemas de la serie MLA<\/li>\n<\/ul>\n","protected":false},"excerpt":{"rendered":"<h3>Puente Ethernet a U-NET<\/h3>\n<ul>\n<li>Puente Ethernet a U-NET<\/li>\n<li>Direccionamiento IP (est\u00e1tico y din\u00e1mico)<\/li>\n<li>Transporta audio anal\u00f3gico y digital<\/li>\n<\/ul>\n<p>&nbsp;<\/p>\n","protected":false},"featured_media":17400,"template":"","meta":{"_acf_changed":false},"product_brand":[],"product_cat":[2083,2093,2084,2102,2085,2116],"product_tag":[],"class_list":{"0":"post-17392","1":"product","2":"type-product","3":"status-publish","4":"has-post-thumbnail","6":"product_cat-sistemas-sonido-directo","7":"product_cat-controladores","8":"product_cat-sistemas-instalacion","9":"product_cat-controladores-sistemas-instalacion","10":"product_cat-por-series-martin-audio","11":"product_cat-serie-hub","12":"product_series-serie-hub","14":"first","15":"instock","16":"shipping-taxable","17":"product-type-simple"},"acf":[],"yoast_head":"<!-- This site is optimized with the Yoast SEO plugin v27.1.1 - https:\/\/yoast.com\/product\/yoast-seo-wordpress\/ -->\n<title>U-HUB - Audio-Technica Iberia<\/title>\n<meta name=\"robots\" content=\"index, follow, max-snippet:-1, max-image-preview:large, max-video-preview:-1\" \/>\n<link rel=\"canonical\" href=\"https:\/\/distribution.audio-technica.eu\/es-es\/productos\/u-hub\/\" \/>\n<meta property=\"og:locale\" content=\"es_ES\" \/>\n<meta property=\"og:type\" content=\"article\" \/>\n<meta property=\"og:title\" content=\"U-HUB - Audio-Technica Iberia\" \/>\n<meta property=\"og:description\" content=\"Puente Ethernet a U-NET  Puente Ethernet a U-NET  Direccionamiento IP (est\u00e1tico y din\u00e1mico)  Transporta audio anal\u00f3gico y digital &nbsp;\" \/>\n<meta property=\"og:url\" content=\"https:\/\/distribution.audio-technica.eu\/es-es\/productos\/u-hub\/\" \/>\n<meta property=\"og:site_name\" content=\"Audio-Technica Iberia\" \/>\n<meta property=\"article:modified_time\" content=\"2023-09-19T09:09:20+00:00\" \/>\n<meta property=\"og:image\" content=\"https:\/\/distribution.audio-technica.eu\/app\/uploads\/sites\/2\/U-Hub-front.jpg\" \/>\n\t<meta property=\"og:image:width\" content=\"1024\" \/>\n\t<meta property=\"og:image:height\" content=\"1024\" \/>\n\t<meta property=\"og:image:type\" content=\"image\/jpeg\" \/>\n<meta name=\"twitter:card\" content=\"summary_large_image\" \/>\n<meta name=\"twitter:label1\" content=\"Tiempo de lectura\" \/>\n\t<meta name=\"twitter:data1\" content=\"1 minuto\" \/>\n<script type=\"application\/ld+json\" class=\"yoast-schema-graph\">{\"@context\":\"https:\/\/schema.org\",\"@graph\":[{\"@type\":\"WebPage\",\"@id\":\"https:\/\/distribution.audio-technica.eu\/es-es\/productos\/u-hub\/\",\"url\":\"https:\/\/distribution.audio-technica.eu\/es-es\/productos\/u-hub\/\",\"name\":\"U-HUB - Audio-Technica Iberia\",\"isPartOf\":{\"@id\":\"https:\/\/distribution.audio-technica.eu\/es-es\/#website\"},\"primaryImageOfPage\":{\"@id\":\"https:\/\/distribution.audio-technica.eu\/es-es\/productos\/u-hub\/#primaryimage\"},\"image\":{\"@id\":\"https:\/\/distribution.audio-technica.eu\/es-es\/productos\/u-hub\/#primaryimage\"},\"thumbnailUrl\":\"\/app\/uploads\/sites\/2\/U-Hub-front.jpg\",\"datePublished\":\"2019-07-01T15:48:16+00:00\",\"dateModified\":\"2023-09-19T09:09:20+00:00\",\"breadcrumb\":{\"@id\":\"https:\/\/distribution.audio-technica.eu\/es-es\/productos\/u-hub\/#breadcrumb\"},\"inLanguage\":\"es\",\"potentialAction\":[{\"@type\":\"ReadAction\",\"target\":[\"https:\/\/distribution.audio-technica.eu\/es-es\/productos\/u-hub\/\"]}]},{\"@type\":\"ImageObject\",\"inLanguage\":\"es\",\"@id\":\"https:\/\/distribution.audio-technica.eu\/es-es\/productos\/u-hub\/#primaryimage\",\"url\":\"\/app\/uploads\/sites\/2\/U-Hub-front.jpg\",\"contentUrl\":\"\/app\/uploads\/sites\/2\/U-Hub-front.jpg\",\"width\":1024,\"height\":1024},{\"@type\":\"BreadcrumbList\",\"@id\":\"https:\/\/distribution.audio-technica.eu\/es-es\/productos\/u-hub\/#breadcrumb\",\"itemListElement\":[{\"@type\":\"ListItem\",\"position\":1,\"name\":\"Products\",\"item\":\"https:\/\/distribution.audio-technica.eu\/es-es\/\"},{\"@type\":\"ListItem\",\"position\":2,\"name\":\"Productos\",\"item\":\"https:\/\/distribution.audio-technica.eu\/es-es\/productos\/\"},{\"@type\":\"ListItem\",\"position\":3,\"name\":\"U-HUB\"}]},{\"@type\":\"WebSite\",\"@id\":\"https:\/\/distribution.audio-technica.eu\/es-es\/#website\",\"url\":\"https:\/\/distribution.audio-technica.eu\/es-es\/\",\"name\":\"Audio-Technica Iberia\",\"description\":\"Distribuci\u00f3n\",\"potentialAction\":[{\"@type\":\"SearchAction\",\"target\":{\"@type\":\"EntryPoint\",\"urlTemplate\":\"https:\/\/distribution.audio-technica.eu\/es-es\/?s={search_term_string}\"},\"query-input\":{\"@type\":\"PropertyValueSpecification\",\"valueRequired\":true,\"valueName\":\"search_term_string\"}}],\"inLanguage\":\"es\"}]}<\/script>\n<!-- \/ Yoast SEO plugin. -->","yoast_head_json":{"title":"U-HUB - Audio-Technica Iberia","robots":{"index":"index","follow":"follow","max-snippet":"max-snippet:-1","max-image-preview":"max-image-preview:large","max-video-preview":"max-video-preview:-1"},"canonical":"https:\/\/distribution.audio-technica.eu\/es-es\/productos\/u-hub\/","og_locale":"es_ES","og_type":"article","og_title":"U-HUB - Audio-Technica Iberia","og_description":"Puente Ethernet a U-NET  Puente Ethernet a U-NET  Direccionamiento IP (est\u00e1tico y din\u00e1mico)  Transporta audio anal\u00f3gico y digital &nbsp;","og_url":"https:\/\/distribution.audio-technica.eu\/es-es\/productos\/u-hub\/","og_site_name":"Audio-Technica Iberia","article_modified_time":"2023-09-19T09:09:20+00:00","og_image":[{"width":1024,"height":1024,"url":"https:\/\/distribution.audio-technica.eu\/app\/uploads\/sites\/2\/U-Hub-front.jpg","type":"image\/jpeg"}],"twitter_card":"summary_large_image","twitter_misc":{"Tiempo de lectura":"1 minuto"},"schema":{"@context":"https:\/\/schema.org","@graph":[{"@type":"WebPage","@id":"https:\/\/distribution.audio-technica.eu\/es-es\/productos\/u-hub\/","url":"https:\/\/distribution.audio-technica.eu\/es-es\/productos\/u-hub\/","name":"U-HUB - Audio-Technica Iberia","isPartOf":{"@id":"https:\/\/distribution.audio-technica.eu\/es-es\/#website"},"primaryImageOfPage":{"@id":"https:\/\/distribution.audio-technica.eu\/es-es\/productos\/u-hub\/#primaryimage"},"image":{"@id":"https:\/\/distribution.audio-technica.eu\/es-es\/productos\/u-hub\/#primaryimage"},"thumbnailUrl":"\/app\/uploads\/sites\/2\/U-Hub-front.jpg","datePublished":"2019-07-01T15:48:16+00:00","dateModified":"2023-09-19T09:09:20+00:00","breadcrumb":{"@id":"https:\/\/distribution.audio-technica.eu\/es-es\/productos\/u-hub\/#breadcrumb"},"inLanguage":"es","potentialAction":[{"@type":"ReadAction","target":["https:\/\/distribution.audio-technica.eu\/es-es\/productos\/u-hub\/"]}]},{"@type":"ImageObject","inLanguage":"es","@id":"https:\/\/distribution.audio-technica.eu\/es-es\/productos\/u-hub\/#primaryimage","url":"\/app\/uploads\/sites\/2\/U-Hub-front.jpg","contentUrl":"\/app\/uploads\/sites\/2\/U-Hub-front.jpg","width":1024,"height":1024},{"@type":"BreadcrumbList","@id":"https:\/\/distribution.audio-technica.eu\/es-es\/productos\/u-hub\/#breadcrumb","itemListElement":[{"@type":"ListItem","position":1,"name":"Products","item":"https:\/\/distribution.audio-technica.eu\/es-es\/"},{"@type":"ListItem","position":2,"name":"Productos","item":"https:\/\/distribution.audio-technica.eu\/es-es\/productos\/"},{"@type":"ListItem","position":3,"name":"U-HUB"}]},{"@type":"WebSite","@id":"https:\/\/distribution.audio-technica.eu\/es-es\/#website","url":"https:\/\/distribution.audio-technica.eu\/es-es\/","name":"Audio-Technica Iberia","description":"Distribuci\u00f3n","potentialAction":[{"@type":"SearchAction","target":{"@type":"EntryPoint","urlTemplate":"https:\/\/distribution.audio-technica.eu\/es-es\/?s={search_term_string}"},"query-input":{"@type":"PropertyValueSpecification","valueRequired":true,"valueName":"search_term_string"}}],"inLanguage":"es"}]}},"_links":{"self":[{"href":"https:\/\/distribution.audio-technica.eu\/es-es\/wp-json\/wp\/v2\/product\/17392","targetHints":{"allow":["GET"]}}],"collection":[{"href":"https:\/\/distribution.audio-technica.eu\/es-es\/wp-json\/wp\/v2\/product"}],"about":[{"href":"https:\/\/distribution.audio-technica.eu\/es-es\/wp-json\/wp\/v2\/types\/product"}],"wp:featuredmedia":[{"embeddable":true,"href":"https:\/\/distribution.audio-technica.eu\/es-es\/wp-json\/wp\/v2\/media\/17400"}],"wp:attachment":[{"href":"https:\/\/distribution.audio-technica.eu\/es-es\/wp-json\/wp\/v2\/media?parent=17392"}],"wp:term":[{"taxonomy":"product_brand","embeddable":true,"href":"https:\/\/distribution.audio-technica.eu\/es-es\/wp-json\/wp\/v2\/product_brand?post=17392"},{"taxonomy":"product_cat","embeddable":true,"href":"https:\/\/distribution.audio-technica.eu\/es-es\/wp-json\/wp\/v2\/product_cat?post=17392"},{"taxonomy":"product_tag","embeddable":true,"href":"https:\/\/distribution.audio-technica.eu\/es-es\/wp-json\/wp\/v2\/product_tag?post=17392"}],"curies":[{"name":"wp","href":"https:\/\/api.w.org\/{rel}","templated":true}]}}