{"id":17405,"date":"2019-07-01T18:40:50","date_gmt":"2019-07-01T16:40:50","guid":{"rendered":"https:\/\/atdb-production.studiograft.dev\/es\/?post_type=product&#038;p=17405"},"modified":"2026-02-19T14:43:37","modified_gmt":"2026-02-19T13:43:37","slug":"dx4-0","status":"publish","type":"product","link":"https:\/\/distribution.audio-technica.eu\/es-es\/productos\/dx4-0\/","title":{"rendered":"DX4.0"},"content":{"rendered":"<h2>DX4.0<\/h2>\n<h3>Controlador de sistema de altavoces, con conexi\u00f3n a red<\/h3>\n<p>El DX4.0 es un avanzado controlador de altavoces y matriz de sistema, que cuenta con cuatro entradas y ocho salidas. Ofrece un sonido de calidad espectacular gracias a la presencia de los m\u00e1s avanzados conversores y algoritmos DSP, con un frecuencia de muestreo de 96 kHz, y capaz de proporcionar una respuesta plana m\u00e1s all\u00e1 de los 40kHz.<\/p>\n<p>Conectado v\u00eda Ethernet, se puede realizar el control remoto y la monitorizaci\u00f3n desde el software VU-NET, exclusive de Martin Audio, mientras que el interface del panel frontal proporciona control local sobre las diferentes funciones.<br \/>\nDispone de cuatro entradas anal\u00f3gicas \/ AES3 y ocho salidas anal\u00f3gicas \/ AES; las entradas y salidas AES3 se seleccionan por pares. Tambi\u00e9n dispone de audio digital en red Dante\u2122, lo que permite la distribuci\u00f3n y control de audio digital, con retroceso autom\u00e1tico a anal\u00f3gico o AES3. Al convertir el audio anal\u00f3gico o AES a Dante, el DX4.0 proporciona una entrada directa a una red de audio digital.<\/p>\n<p>El DX4.0 incluye un sofisticado paquete de sistemas de limitaci\u00f3n para altavoces que incluye limitaci\u00f3n de pico, RMS y excursi\u00f3n, as\u00ed como limitaci\u00f3n multibanda para sistemas pasivos de dos v\u00edas. Cada canal de entrada cuenta con filtro pasa alto, tres filtros shelving y seis filtros param\u00e9tricos; cada canal de salida cuenta con filtros crossover, dos filtros shelving y ocho filtros param\u00e9tricos.<br \/>\nDX4.0 soporta tambi\u00e9n filtros FIR para ser utilizados para la optimizaci\u00f3n del sistema O-Line de Martin Audio; tambi\u00e9n pueden ser utilizados con el U-Hub de Martin Audio para enviar audio digital y red a un array MLA \/ subgrave a trav\u00e9s de un \u00fanico cable.<\/p>\n<p>&nbsp;<\/p>\n<p><strong>Caracter\u00edsticas Principales<\/strong><\/p>\n<ul>\n<li>Procesador y matriz para altavoces con cuatro canales de entrada y ocho canales de salida<\/li>\n<li>Entradas anal\u00f3gicas, audio digital AES3 y Dante<\/li>\n<li>DSP de altas prestaciones, con resoluci\u00f3n de 96kHz<\/li>\n<li>Control remoto y monitorizaci\u00f3n a trav\u00e9s de Ethernet por medio del software VU-NET de Martin Audio<\/li>\n<li>Optimizaci\u00f3n FIR para O-Line de Martin Audio<\/li>\n<li>La limitaci\u00f3n VX permite que un recinto pasivo tenga la misma protecci\u00f3n que un recinto activo<\/li>\n<li>Amplia paleta de EQ\u2019s, retardos y filtros pasa todo<\/li>\n<li>Funcionamiento con red el\u00e9ctrica global, 100-240V, 50-60Hz<\/li>\n<\/ul>\n<p>&nbsp;<\/p>\n<p><strong>Aplicaciones<\/strong><\/p>\n<ul>\n<li>Controlador digital para sistemas de altavoces<\/li>\n<li>Matriz FoH para enviar audio digital Dante a amplificadores iKON, que suministran potencia para un sistema de altavoces Martin Audio<br \/>\nUso con O.Line de Martin Audio para optimizaci\u00f3n FIR<\/li>\n<li>Uso con U-Hub de Martin Audio para enviar audio digital y red a un array Serie MLA \/ subgrave, por medio de un \u00fanico cable<\/li>\n<\/ul>\n","protected":false},"excerpt":{"rendered":"<h3>Controlador de sistema de altavoces, con conexi\u00f3n a red<\/h3>\n<ul>\n<li>Procesador y matriz para altavoces con cuatro canales de entrada y ocho canales de salida<\/li>\n<li>Entradas anal\u00f3gicas, audio digital AES3 y Dante<\/li>\n<li>DSP de altas prestaciones, con resoluci\u00f3n de 96kHz<\/li>\n<li>Control remoto y monitorizaci\u00f3n a trav\u00e9s de Ethernet por medio del software VU-NET de Martin Audio<\/li>\n<li>Optimizaci\u00f3n FIR para O-Line de Martin Audio<\/li>\n<\/ul>\n<p>&nbsp;<\/p>\n","protected":false},"featured_media":17406,"template":"","meta":{"_acf_changed":false},"product_brand":[],"product_cat":[2083,2093,2084,2102,2085,2118],"product_tag":[],"class_list":{"0":"post-17405","1":"product","2":"type-product","3":"status-publish","4":"has-post-thumbnail","6":"product_cat-sistemas-sonido-directo","7":"product_cat-controladores","8":"product_cat-sistemas-instalacion","9":"product_cat-controladores-sistemas-instalacion","10":"product_cat-por-series-martin-audio","11":"product_cat-serie-dd","12":"product_series-serie-dx","14":"first","15":"instock","16":"shipping-taxable","17":"product-type-simple"},"acf":[],"yoast_head":"<!-- This site is optimized with the Yoast SEO plugin v27.1.1 - https:\/\/yoast.com\/product\/yoast-seo-wordpress\/ -->\n<title>DX4.0 - Audio-Technica Iberia<\/title>\n<meta name=\"robots\" content=\"index, follow, max-snippet:-1, max-image-preview:large, max-video-preview:-1\" \/>\n<link rel=\"canonical\" href=\"https:\/\/distribution.audio-technica.eu\/es-es\/productos\/dx4-0\/\" \/>\n<meta property=\"og:locale\" content=\"es_ES\" \/>\n<meta property=\"og:type\" content=\"article\" \/>\n<meta property=\"og:title\" content=\"DX4.0 - Audio-Technica Iberia\" \/>\n<meta property=\"og:description\" content=\"Controlador de sistema de altavoces, con conexi\u00f3n a red   Procesador y matriz para altavoces con cuatro canales de entrada y ocho canales de salida  Entradas anal\u00f3gicas, audio digital AES3 y Dante  DSP de altas prestaciones, con resoluci\u00f3n de 96kHz  Control remoto y monitorizaci\u00f3n a trav\u00e9s de Ethernet por medio del software VU-NET de Martin Audio  Optimizaci\u00f3n FIR para O-Line de Martin Audio  &nbsp;\" \/>\n<meta property=\"og:url\" content=\"https:\/\/distribution.audio-technica.eu\/es-es\/productos\/dx4-0\/\" \/>\n<meta property=\"og:site_name\" content=\"Audio-Technica Iberia\" \/>\n<meta property=\"article:modified_time\" content=\"2026-02-19T13:43:37+00:00\" \/>\n<meta property=\"og:image\" content=\"https:\/\/distribution.audio-technica.eu\/app\/uploads\/sites\/2\/DX4-0.jpg\" \/>\n\t<meta property=\"og:image:width\" content=\"1024\" \/>\n\t<meta property=\"og:image:height\" content=\"1024\" \/>\n\t<meta property=\"og:image:type\" content=\"image\/jpeg\" \/>\n<meta name=\"twitter:card\" content=\"summary_large_image\" \/>\n<meta name=\"twitter:label1\" content=\"Tiempo de lectura\" \/>\n\t<meta name=\"twitter:data1\" content=\"3 minutos\" \/>\n<script type=\"application\/ld+json\" class=\"yoast-schema-graph\">{\"@context\":\"https:\/\/schema.org\",\"@graph\":[{\"@type\":\"WebPage\",\"@id\":\"https:\/\/distribution.audio-technica.eu\/es-es\/productos\/dx4-0\/\",\"url\":\"https:\/\/distribution.audio-technica.eu\/es-es\/productos\/dx4-0\/\",\"name\":\"DX4.0 - Audio-Technica Iberia\",\"isPartOf\":{\"@id\":\"https:\/\/distribution.audio-technica.eu\/es-es\/#website\"},\"primaryImageOfPage\":{\"@id\":\"https:\/\/distribution.audio-technica.eu\/es-es\/productos\/dx4-0\/#primaryimage\"},\"image\":{\"@id\":\"https:\/\/distribution.audio-technica.eu\/es-es\/productos\/dx4-0\/#primaryimage\"},\"thumbnailUrl\":\"\/app\/uploads\/sites\/2\/DX4-0.jpg\",\"datePublished\":\"2019-07-01T16:40:50+00:00\",\"dateModified\":\"2026-02-19T13:43:37+00:00\",\"breadcrumb\":{\"@id\":\"https:\/\/distribution.audio-technica.eu\/es-es\/productos\/dx4-0\/#breadcrumb\"},\"inLanguage\":\"es\",\"potentialAction\":[{\"@type\":\"ReadAction\",\"target\":[\"https:\/\/distribution.audio-technica.eu\/es-es\/productos\/dx4-0\/\"]}]},{\"@type\":\"ImageObject\",\"inLanguage\":\"es\",\"@id\":\"https:\/\/distribution.audio-technica.eu\/es-es\/productos\/dx4-0\/#primaryimage\",\"url\":\"\/app\/uploads\/sites\/2\/DX4-0.jpg\",\"contentUrl\":\"\/app\/uploads\/sites\/2\/DX4-0.jpg\",\"width\":1024,\"height\":1024},{\"@type\":\"BreadcrumbList\",\"@id\":\"https:\/\/distribution.audio-technica.eu\/es-es\/productos\/dx4-0\/#breadcrumb\",\"itemListElement\":[{\"@type\":\"ListItem\",\"position\":1,\"name\":\"Products\",\"item\":\"https:\/\/distribution.audio-technica.eu\/es-es\/\"},{\"@type\":\"ListItem\",\"position\":2,\"name\":\"Productos\",\"item\":\"https:\/\/distribution.audio-technica.eu\/es-es\/productos\/\"},{\"@type\":\"ListItem\",\"position\":3,\"name\":\"DX4.0\"}]},{\"@type\":\"WebSite\",\"@id\":\"https:\/\/distribution.audio-technica.eu\/es-es\/#website\",\"url\":\"https:\/\/distribution.audio-technica.eu\/es-es\/\",\"name\":\"Audio-Technica Iberia\",\"description\":\"Distribuci\u00f3n\",\"potentialAction\":[{\"@type\":\"SearchAction\",\"target\":{\"@type\":\"EntryPoint\",\"urlTemplate\":\"https:\/\/distribution.audio-technica.eu\/es-es\/?s={search_term_string}\"},\"query-input\":{\"@type\":\"PropertyValueSpecification\",\"valueRequired\":true,\"valueName\":\"search_term_string\"}}],\"inLanguage\":\"es\"}]}<\/script>\n<!-- \/ Yoast SEO plugin. -->","yoast_head_json":{"title":"DX4.0 - Audio-Technica Iberia","robots":{"index":"index","follow":"follow","max-snippet":"max-snippet:-1","max-image-preview":"max-image-preview:large","max-video-preview":"max-video-preview:-1"},"canonical":"https:\/\/distribution.audio-technica.eu\/es-es\/productos\/dx4-0\/","og_locale":"es_ES","og_type":"article","og_title":"DX4.0 - Audio-Technica Iberia","og_description":"Controlador de sistema de altavoces, con conexi\u00f3n a red   Procesador y matriz para altavoces con cuatro canales de entrada y ocho canales de salida  Entradas anal\u00f3gicas, audio digital AES3 y Dante  DSP de altas prestaciones, con resoluci\u00f3n de 96kHz  Control remoto y monitorizaci\u00f3n a trav\u00e9s de Ethernet por medio del software VU-NET de Martin Audio  Optimizaci\u00f3n FIR para O-Line de Martin Audio  &nbsp;","og_url":"https:\/\/distribution.audio-technica.eu\/es-es\/productos\/dx4-0\/","og_site_name":"Audio-Technica Iberia","article_modified_time":"2026-02-19T13:43:37+00:00","og_image":[{"width":1024,"height":1024,"url":"https:\/\/distribution.audio-technica.eu\/app\/uploads\/sites\/2\/DX4-0.jpg","type":"image\/jpeg"}],"twitter_card":"summary_large_image","twitter_misc":{"Tiempo de lectura":"3 minutos"},"schema":{"@context":"https:\/\/schema.org","@graph":[{"@type":"WebPage","@id":"https:\/\/distribution.audio-technica.eu\/es-es\/productos\/dx4-0\/","url":"https:\/\/distribution.audio-technica.eu\/es-es\/productos\/dx4-0\/","name":"DX4.0 - Audio-Technica Iberia","isPartOf":{"@id":"https:\/\/distribution.audio-technica.eu\/es-es\/#website"},"primaryImageOfPage":{"@id":"https:\/\/distribution.audio-technica.eu\/es-es\/productos\/dx4-0\/#primaryimage"},"image":{"@id":"https:\/\/distribution.audio-technica.eu\/es-es\/productos\/dx4-0\/#primaryimage"},"thumbnailUrl":"\/app\/uploads\/sites\/2\/DX4-0.jpg","datePublished":"2019-07-01T16:40:50+00:00","dateModified":"2026-02-19T13:43:37+00:00","breadcrumb":{"@id":"https:\/\/distribution.audio-technica.eu\/es-es\/productos\/dx4-0\/#breadcrumb"},"inLanguage":"es","potentialAction":[{"@type":"ReadAction","target":["https:\/\/distribution.audio-technica.eu\/es-es\/productos\/dx4-0\/"]}]},{"@type":"ImageObject","inLanguage":"es","@id":"https:\/\/distribution.audio-technica.eu\/es-es\/productos\/dx4-0\/#primaryimage","url":"\/app\/uploads\/sites\/2\/DX4-0.jpg","contentUrl":"\/app\/uploads\/sites\/2\/DX4-0.jpg","width":1024,"height":1024},{"@type":"BreadcrumbList","@id":"https:\/\/distribution.audio-technica.eu\/es-es\/productos\/dx4-0\/#breadcrumb","itemListElement":[{"@type":"ListItem","position":1,"name":"Products","item":"https:\/\/distribution.audio-technica.eu\/es-es\/"},{"@type":"ListItem","position":2,"name":"Productos","item":"https:\/\/distribution.audio-technica.eu\/es-es\/productos\/"},{"@type":"ListItem","position":3,"name":"DX4.0"}]},{"@type":"WebSite","@id":"https:\/\/distribution.audio-technica.eu\/es-es\/#website","url":"https:\/\/distribution.audio-technica.eu\/es-es\/","name":"Audio-Technica Iberia","description":"Distribuci\u00f3n","potentialAction":[{"@type":"SearchAction","target":{"@type":"EntryPoint","urlTemplate":"https:\/\/distribution.audio-technica.eu\/es-es\/?s={search_term_string}"},"query-input":{"@type":"PropertyValueSpecification","valueRequired":true,"valueName":"search_term_string"}}],"inLanguage":"es"}]}},"_links":{"self":[{"href":"https:\/\/distribution.audio-technica.eu\/es-es\/wp-json\/wp\/v2\/product\/17405","targetHints":{"allow":["GET"]}}],"collection":[{"href":"https:\/\/distribution.audio-technica.eu\/es-es\/wp-json\/wp\/v2\/product"}],"about":[{"href":"https:\/\/distribution.audio-technica.eu\/es-es\/wp-json\/wp\/v2\/types\/product"}],"wp:featuredmedia":[{"embeddable":true,"href":"https:\/\/distribution.audio-technica.eu\/es-es\/wp-json\/wp\/v2\/media\/17406"}],"wp:attachment":[{"href":"https:\/\/distribution.audio-technica.eu\/es-es\/wp-json\/wp\/v2\/media?parent=17405"}],"wp:term":[{"taxonomy":"product_brand","embeddable":true,"href":"https:\/\/distribution.audio-technica.eu\/es-es\/wp-json\/wp\/v2\/product_brand?post=17405"},{"taxonomy":"product_cat","embeddable":true,"href":"https:\/\/distribution.audio-technica.eu\/es-es\/wp-json\/wp\/v2\/product_cat?post=17405"},{"taxonomy":"product_tag","embeddable":true,"href":"https:\/\/distribution.audio-technica.eu\/es-es\/wp-json\/wp\/v2\/product_tag?post=17405"}],"curies":[{"name":"wp","href":"https:\/\/api.w.org\/{rel}","templated":true}]}}