{"id":17411,"date":"2019-07-01T19:02:46","date_gmt":"2019-07-01T17:02:46","guid":{"rendered":"https:\/\/atdb-production.studiograft.dev\/es\/?post_type=product&#038;p=17411"},"modified":"2026-02-19T14:48:00","modified_gmt":"2026-02-19T13:48:00","slug":"ik81","status":"publish","type":"product","link":"https:\/\/distribution.audio-technica.eu\/es-es\/productos\/ik81\/","title":{"rendered":"IK81"},"content":{"rendered":"<h2>IK81<\/h2>\n<h3>Amplificador de 8 canales de alta potencia en clase D<\/h3>\n<p>El iKON iK81 es un avanzado amplificador de potencia de 8 canales que combina una elevada potencia con un sonido de calidad excepcional, avanzado DSP y control de red. Es un controlador espec\u00edfico para los line arrays Wavefront Precision, pero tambi\u00e9n es capaz de proporcionar amplificaci\u00f3n multicanal para toda la gama de altavoces de Martin Audio.<\/p>\n<p>El iK81 puede entregar hasta 1250 W por canal sobre 2, 4 u 8 ohms, con todos los canales en funcionamiento y manteniendo una alta eficiencia. Esta alta eficiencia reduce el consumo de energ\u00eda procedente de la fuente de alimentaci\u00f3n y asegura la disponibilidad de las reservas de potencia necesarias para obtener un sonido soberbio en las duras condiciones propias de una sonorizaci\u00f3n en directo.<br \/>\nSe utiliza Ethernet para permitir el control y monitorizaci\u00f3n remota del sistema desde el software VU-NET de Martin Audio, al tiempo que el interface de usuario del panel frontal, muy f\u00e1cil de utilizar, permite un control local total de todas las caracter\u00edsticas. Se han previsto tambi\u00e9n entradas para red Dante, que permiten la distribuci\u00f3n y control de audio digital.<\/p>\n<p>Dispone de un potente DSP, totalmente integrado en la unidad, capaz de proporciona multitud de prestaciones que aseguren el m\u00e1ximo rendimiento de la totalidad del sistema. Tambi\u00e9n proporciona 1000 tomas de filtro FIR @ 48kHz en cada canal de salida, que son esenciales para implementar el proceso de optimizaci\u00f3n de banda ancha DISPLAY en los sistemas line array WPM.<\/p>\n<p>El iK81 ofrece amplias funciones de protecci\u00f3n, capaces de mantener un funcionamiento fiable en todo momento, tanto del propio amplificador como de los altavoces conectados \u00e9l, incluyendo un conjunto de sofisticados limitadores que incluyen limitaci\u00f3n de pico, RMS y excursi\u00f3n, as\u00ed como limitaci\u00f3n multibanda para sistemas pasivos de 2 v\u00edas.<\/p>\n<p>&nbsp;<\/p>\n<p><strong>Caracter\u00edsticas Principales<\/strong><\/p>\n<ul>\n<li>Ocho canales de eficiente amplificaci\u00f3n en clase D<\/li>\n<li>Potencia muy elevada en un rack de s\u00f3lo 2U<\/li>\n<li>10.000 W de potencia de salida total<\/li>\n<li>DSP con resoluci\u00f3n de 96kHz, de alta calidad, en todas las entradas y salidas (48kHz en las salidas cuando se implementan filtros FIR)<\/li>\n<li>Fuente de alimentaci\u00f3n conmutada<\/li>\n<li>Funcionamiento con tensi\u00f3n de red global, 85V a 240V con auto detecci\u00f3n<\/li>\n<li>Interface en el panel frontal intuitivo y manejable<\/li>\n<li>Entradas anal\u00f3gicas, y para audio digital AES3 y red Dante<\/li>\n<li>Red Ethernet para manejo, control y monitorizaci\u00f3n del sistema desde el software VU-NET de Martin Audio<\/li>\n<li>Amplias funciones de protecci\u00f3n y monitorizaci\u00f3n<\/li>\n<\/ul>\n<p>&nbsp;<\/p>\n<p><strong>Aplicaciones<\/strong><\/p>\n<ul>\n<li>Sistema de amplificaci\u00f3n espec\u00edfico para las Series Wavefront Precision<\/li>\n<li>Vers\u00e1til amplificaci\u00f3n multicanal para sistemas de altavoces de Martin Audio<\/li>\n<\/ul>\n","protected":false},"excerpt":{"rendered":"<h3>Amplificador de 8 canales de alta potencia en clase D<\/h3>\n<ul>\n<li>Ocho canales de eficiente amplificaci\u00f3n en clase D<\/li>\n<li>DSP con resoluci\u00f3n de 96kHz, de alta calidad, en todas las entradas y salidas<\/li>\n<li>Entradas anal\u00f3gicas, y para audio digital AES3 y red Dante<\/li>\n<li>Red Ethernet para manejo, control y monitorizaci\u00f3n del sistema desde el software VU-NET de Martin Audio<\/li>\n<\/ul>\n<p>&nbsp;<\/p>\n","protected":false},"featured_media":17410,"template":"","meta":{"_acf_changed":false},"product_brand":[],"product_cat":[2083,2092,2084,2101,2085,2117],"product_tag":[],"class_list":{"0":"post-17411","1":"product","2":"type-product","3":"status-publish","4":"has-post-thumbnail","6":"product_cat-sistemas-sonido-directo","7":"product_cat-amplificadores-sistemas-sonido-directo","8":"product_cat-sistemas-instalacion","9":"product_cat-amplificadores-sistemas-instalacion","10":"product_cat-por-series-martin-audio","11":"product_cat-serie-ik","12":"product_series-serie-ik","14":"first","15":"instock","16":"shipping-taxable","17":"product-type-simple"},"acf":[],"yoast_head":"<!-- This site is optimized with the Yoast SEO plugin v27.1.1 - https:\/\/yoast.com\/product\/yoast-seo-wordpress\/ -->\n<title>IK81 - Audio-Technica Iberia<\/title>\n<meta name=\"robots\" content=\"index, follow, max-snippet:-1, max-image-preview:large, max-video-preview:-1\" \/>\n<link rel=\"canonical\" href=\"https:\/\/distribution.audio-technica.eu\/es-es\/productos\/ik81\/\" \/>\n<meta property=\"og:locale\" content=\"es_ES\" \/>\n<meta property=\"og:type\" content=\"article\" \/>\n<meta property=\"og:title\" content=\"IK81 - Audio-Technica Iberia\" \/>\n<meta property=\"og:description\" content=\"Amplificador de 8 canales de alta potencia en clase D   Ocho canales de eficiente amplificaci\u00f3n en clase D  DSP con resoluci\u00f3n de 96kHz, de alta calidad, en todas las entradas y salidas  Entradas anal\u00f3gicas, y para audio digital AES3 y red Dante  Red Ethernet para manejo, control y monitorizaci\u00f3n del sistema desde el software VU-NET de Martin Audio  &nbsp;\" \/>\n<meta property=\"og:url\" content=\"https:\/\/distribution.audio-technica.eu\/es-es\/productos\/ik81\/\" \/>\n<meta property=\"og:site_name\" content=\"Audio-Technica Iberia\" \/>\n<meta property=\"article:modified_time\" content=\"2026-02-19T13:48:00+00:00\" \/>\n<meta property=\"og:image\" content=\"https:\/\/distribution.audio-technica.eu\/app\/uploads\/sites\/2\/iK81.jpg\" \/>\n\t<meta property=\"og:image:width\" content=\"1024\" \/>\n\t<meta property=\"og:image:height\" content=\"1024\" \/>\n\t<meta property=\"og:image:type\" content=\"image\/jpeg\" \/>\n<meta name=\"twitter:card\" content=\"summary_large_image\" \/>\n<meta name=\"twitter:label1\" content=\"Tiempo de lectura\" \/>\n\t<meta name=\"twitter:data1\" content=\"3 minutos\" \/>\n<script type=\"application\/ld+json\" class=\"yoast-schema-graph\">{\"@context\":\"https:\/\/schema.org\",\"@graph\":[{\"@type\":\"WebPage\",\"@id\":\"https:\/\/distribution.audio-technica.eu\/es-es\/productos\/ik81\/\",\"url\":\"https:\/\/distribution.audio-technica.eu\/es-es\/productos\/ik81\/\",\"name\":\"IK81 - Audio-Technica Iberia\",\"isPartOf\":{\"@id\":\"https:\/\/distribution.audio-technica.eu\/es-es\/#website\"},\"primaryImageOfPage\":{\"@id\":\"https:\/\/distribution.audio-technica.eu\/es-es\/productos\/ik81\/#primaryimage\"},\"image\":{\"@id\":\"https:\/\/distribution.audio-technica.eu\/es-es\/productos\/ik81\/#primaryimage\"},\"thumbnailUrl\":\"\/app\/uploads\/sites\/2\/iK81.jpg\",\"datePublished\":\"2019-07-01T17:02:46+00:00\",\"dateModified\":\"2026-02-19T13:48:00+00:00\",\"breadcrumb\":{\"@id\":\"https:\/\/distribution.audio-technica.eu\/es-es\/productos\/ik81\/#breadcrumb\"},\"inLanguage\":\"es\",\"potentialAction\":[{\"@type\":\"ReadAction\",\"target\":[\"https:\/\/distribution.audio-technica.eu\/es-es\/productos\/ik81\/\"]}]},{\"@type\":\"ImageObject\",\"inLanguage\":\"es\",\"@id\":\"https:\/\/distribution.audio-technica.eu\/es-es\/productos\/ik81\/#primaryimage\",\"url\":\"\/app\/uploads\/sites\/2\/iK81.jpg\",\"contentUrl\":\"\/app\/uploads\/sites\/2\/iK81.jpg\",\"width\":1024,\"height\":1024},{\"@type\":\"BreadcrumbList\",\"@id\":\"https:\/\/distribution.audio-technica.eu\/es-es\/productos\/ik81\/#breadcrumb\",\"itemListElement\":[{\"@type\":\"ListItem\",\"position\":1,\"name\":\"Products\",\"item\":\"https:\/\/distribution.audio-technica.eu\/es-es\/\"},{\"@type\":\"ListItem\",\"position\":2,\"name\":\"Productos\",\"item\":\"https:\/\/distribution.audio-technica.eu\/es-es\/productos\/\"},{\"@type\":\"ListItem\",\"position\":3,\"name\":\"IK81\"}]},{\"@type\":\"WebSite\",\"@id\":\"https:\/\/distribution.audio-technica.eu\/es-es\/#website\",\"url\":\"https:\/\/distribution.audio-technica.eu\/es-es\/\",\"name\":\"Audio-Technica Iberia\",\"description\":\"Distribuci\u00f3n\",\"potentialAction\":[{\"@type\":\"SearchAction\",\"target\":{\"@type\":\"EntryPoint\",\"urlTemplate\":\"https:\/\/distribution.audio-technica.eu\/es-es\/?s={search_term_string}\"},\"query-input\":{\"@type\":\"PropertyValueSpecification\",\"valueRequired\":true,\"valueName\":\"search_term_string\"}}],\"inLanguage\":\"es\"}]}<\/script>\n<!-- \/ Yoast SEO plugin. -->","yoast_head_json":{"title":"IK81 - Audio-Technica Iberia","robots":{"index":"index","follow":"follow","max-snippet":"max-snippet:-1","max-image-preview":"max-image-preview:large","max-video-preview":"max-video-preview:-1"},"canonical":"https:\/\/distribution.audio-technica.eu\/es-es\/productos\/ik81\/","og_locale":"es_ES","og_type":"article","og_title":"IK81 - Audio-Technica Iberia","og_description":"Amplificador de 8 canales de alta potencia en clase D   Ocho canales de eficiente amplificaci\u00f3n en clase D  DSP con resoluci\u00f3n de 96kHz, de alta calidad, en todas las entradas y salidas  Entradas anal\u00f3gicas, y para audio digital AES3 y red Dante  Red Ethernet para manejo, control y monitorizaci\u00f3n del sistema desde el software VU-NET de Martin Audio  &nbsp;","og_url":"https:\/\/distribution.audio-technica.eu\/es-es\/productos\/ik81\/","og_site_name":"Audio-Technica Iberia","article_modified_time":"2026-02-19T13:48:00+00:00","og_image":[{"width":1024,"height":1024,"url":"https:\/\/distribution.audio-technica.eu\/app\/uploads\/sites\/2\/iK81.jpg","type":"image\/jpeg"}],"twitter_card":"summary_large_image","twitter_misc":{"Tiempo de lectura":"3 minutos"},"schema":{"@context":"https:\/\/schema.org","@graph":[{"@type":"WebPage","@id":"https:\/\/distribution.audio-technica.eu\/es-es\/productos\/ik81\/","url":"https:\/\/distribution.audio-technica.eu\/es-es\/productos\/ik81\/","name":"IK81 - Audio-Technica Iberia","isPartOf":{"@id":"https:\/\/distribution.audio-technica.eu\/es-es\/#website"},"primaryImageOfPage":{"@id":"https:\/\/distribution.audio-technica.eu\/es-es\/productos\/ik81\/#primaryimage"},"image":{"@id":"https:\/\/distribution.audio-technica.eu\/es-es\/productos\/ik81\/#primaryimage"},"thumbnailUrl":"\/app\/uploads\/sites\/2\/iK81.jpg","datePublished":"2019-07-01T17:02:46+00:00","dateModified":"2026-02-19T13:48:00+00:00","breadcrumb":{"@id":"https:\/\/distribution.audio-technica.eu\/es-es\/productos\/ik81\/#breadcrumb"},"inLanguage":"es","potentialAction":[{"@type":"ReadAction","target":["https:\/\/distribution.audio-technica.eu\/es-es\/productos\/ik81\/"]}]},{"@type":"ImageObject","inLanguage":"es","@id":"https:\/\/distribution.audio-technica.eu\/es-es\/productos\/ik81\/#primaryimage","url":"\/app\/uploads\/sites\/2\/iK81.jpg","contentUrl":"\/app\/uploads\/sites\/2\/iK81.jpg","width":1024,"height":1024},{"@type":"BreadcrumbList","@id":"https:\/\/distribution.audio-technica.eu\/es-es\/productos\/ik81\/#breadcrumb","itemListElement":[{"@type":"ListItem","position":1,"name":"Products","item":"https:\/\/distribution.audio-technica.eu\/es-es\/"},{"@type":"ListItem","position":2,"name":"Productos","item":"https:\/\/distribution.audio-technica.eu\/es-es\/productos\/"},{"@type":"ListItem","position":3,"name":"IK81"}]},{"@type":"WebSite","@id":"https:\/\/distribution.audio-technica.eu\/es-es\/#website","url":"https:\/\/distribution.audio-technica.eu\/es-es\/","name":"Audio-Technica Iberia","description":"Distribuci\u00f3n","potentialAction":[{"@type":"SearchAction","target":{"@type":"EntryPoint","urlTemplate":"https:\/\/distribution.audio-technica.eu\/es-es\/?s={search_term_string}"},"query-input":{"@type":"PropertyValueSpecification","valueRequired":true,"valueName":"search_term_string"}}],"inLanguage":"es"}]}},"_links":{"self":[{"href":"https:\/\/distribution.audio-technica.eu\/es-es\/wp-json\/wp\/v2\/product\/17411","targetHints":{"allow":["GET"]}}],"collection":[{"href":"https:\/\/distribution.audio-technica.eu\/es-es\/wp-json\/wp\/v2\/product"}],"about":[{"href":"https:\/\/distribution.audio-technica.eu\/es-es\/wp-json\/wp\/v2\/types\/product"}],"wp:featuredmedia":[{"embeddable":true,"href":"https:\/\/distribution.audio-technica.eu\/es-es\/wp-json\/wp\/v2\/media\/17410"}],"wp:attachment":[{"href":"https:\/\/distribution.audio-technica.eu\/es-es\/wp-json\/wp\/v2\/media?parent=17411"}],"wp:term":[{"taxonomy":"product_brand","embeddable":true,"href":"https:\/\/distribution.audio-technica.eu\/es-es\/wp-json\/wp\/v2\/product_brand?post=17411"},{"taxonomy":"product_cat","embeddable":true,"href":"https:\/\/distribution.audio-technica.eu\/es-es\/wp-json\/wp\/v2\/product_cat?post=17411"},{"taxonomy":"product_tag","embeddable":true,"href":"https:\/\/distribution.audio-technica.eu\/es-es\/wp-json\/wp\/v2\/product_tag?post=17411"}],"curies":[{"name":"wp","href":"https:\/\/api.w.org\/{rel}","templated":true}]}}