{"id":17421,"date":"2019-07-01T19:31:23","date_gmt":"2019-07-01T17:31:23","guid":{"rendered":"https:\/\/atdb-production.studiograft.dev\/es\/?post_type=product&#038;p=17421"},"modified":"2026-02-19T15:00:41","modified_gmt":"2026-02-19T14:00:41","slug":"via2502","status":"publish","type":"product","link":"https:\/\/distribution.audio-technica.eu\/es-es\/productos\/via2502\/","title":{"rendered":"VIA2502"},"content":{"rendered":"<h2>VIA2502<\/h2>\n<h3>Amplificador de 2 canales, clase D<\/h3>\n<p>El VIA2502 es un avanzado amplificador de potencia de 2 canales, que combina una alta densidad de potencia con un sonido excepcional en un formato ligero y muy rentable. Capaz de entregar 2 x 1250 W sobre 2 ohms, o 1 x 2500 W sobre 4 ohms en puente, es la unidad ideal para dotar de amplificaci\u00f3n a los sistemas BlacklineX, CDD y Serie V, en instalaciones de tama\u00f1o peque\u00f1o o medio y sistemas m\u00f3viles de sonorizaci\u00f3n.<\/p>\n<p>Su eficiente dise\u00f1o reduce el consumo de energ\u00eda de la red el\u00e9ctrica y asegura disponer de las reservas necesarias para ser capaz de proporcionar un sonido espectacular en entornos exigentes, con fiabilidad y facilidad de uso.<\/p>\n<p>Sus potentes funciones de protecci\u00f3n monitorizan constantemente su funcionamiento, para garantizar un funcionamiento seguro en todo momento y su plena capacidad de salida en temperatura ambiente de hasta 40\u00b0C.<\/p>\n<p>En una amplia variedad de aplicaciones, tanto instaladas como m\u00f3viles, el complemento ideal del amplificador VIA2502 es el procesador DX0.5. En las instalaciones m\u00e1s grandes, ser\u00e1 adecuado el uso del procesador DX4.0, que dispone de capacidad de conexi\u00f3n en red y posibilidad de control desde el software especial VU-NET.<\/p>\n<p>&nbsp;<\/p>\n<p><strong>Caracter\u00edsticas Principales<\/strong><\/p>\n<ul>\n<li>Dos canales de eficiente amplificaci\u00f3n clase D<\/li>\n<li>Potencia total de salida de 2500 W<\/li>\n<li>Altura de 2U de rack<\/li>\n<li>Excepcionalmente ligero<\/li>\n<li>Fuente de alimentaci\u00f3n conmutada<\/li>\n<li>Refrigeraci\u00f3n por medio de ventiladores de velocidad variable y flujo de aire de adelante a atr\u00e1s<\/li>\n<li>Funcionamiento con tensi\u00f3n de red global, con auto selecci\u00f3n entre 115V y 230V<\/li>\n<li>Amplios sistemas de protecci\u00f3n<\/li>\n<li>LEDs de se\u00f1al y limitaci\u00f3n de recorte<\/li>\n<\/ul>\n<p>&nbsp;<\/p>\n<p><strong>Aplicaciones<\/strong><\/p>\n<ul>\n<li>Instalaciones de tama\u00f1o medio o peque\u00f1o<\/li>\n<li>Sonorizaci\u00f3n m\u00f3vil u monitorizaci\u00f3n en escenario<\/li>\n<li>Hoteles, restaurantes y bares<\/li>\n<li>Templos y auditorios<\/li>\n<li>Recintos educativos<\/li>\n<li>M\u00fasica en directo y discotecas<\/li>\n<li>DJs m\u00f3viles<\/li>\n<\/ul>\n","protected":false},"excerpt":{"rendered":"<h3>Amplificador de 2 canales, clase D<\/h3>\n<ul>\n<li>Dos canales de eficiente amplificaci\u00f3n clase D<\/li>\n<li>Potencia total de salida de 2500 W<\/li>\n<li>Altura de 2U de rack<\/li>\n<li>Excepcionalmente ligero<\/li>\n<\/ul>\n<p>&nbsp;<\/p>\n","protected":false},"featured_media":17415,"template":"","meta":{"_acf_changed":false},"product_brand":[],"product_cat":[2083,2092,2084,2101,2085,2109],"product_tag":[],"class_list":{"0":"post-17421","1":"product","2":"type-product","3":"status-publish","4":"has-post-thumbnail","6":"product_cat-sistemas-sonido-directo","7":"product_cat-amplificadores-sistemas-sonido-directo","8":"product_cat-sistemas-instalacion","9":"product_cat-amplificadores-sistemas-instalacion","10":"product_cat-por-series-martin-audio","11":"product_cat-serie-via","12":"product_series-serie-via","14":"first","15":"instock","16":"shipping-taxable","17":"product-type-simple"},"acf":[],"yoast_head":"<!-- This site is optimized with the Yoast SEO plugin v27.1.1 - https:\/\/yoast.com\/product\/yoast-seo-wordpress\/ -->\n<title>VIA2502 - Audio-Technica Iberia<\/title>\n<meta name=\"robots\" content=\"index, follow, max-snippet:-1, max-image-preview:large, max-video-preview:-1\" \/>\n<link rel=\"canonical\" href=\"https:\/\/distribution.audio-technica.eu\/es-es\/productos\/via2502\/\" \/>\n<meta property=\"og:locale\" content=\"es_ES\" \/>\n<meta property=\"og:type\" content=\"article\" \/>\n<meta property=\"og:title\" content=\"VIA2502 - Audio-Technica Iberia\" \/>\n<meta property=\"og:description\" content=\"Amplificador de 2 canales, clase D   Dos canales de eficiente amplificaci\u00f3n clase D  Potencia total de salida de 2500 W  Altura de 2U de rack  Excepcionalmente ligero  &nbsp;\" \/>\n<meta property=\"og:url\" content=\"https:\/\/distribution.audio-technica.eu\/es-es\/productos\/via2502\/\" \/>\n<meta property=\"og:site_name\" content=\"Audio-Technica Iberia\" \/>\n<meta property=\"article:modified_time\" content=\"2026-02-19T14:00:41+00:00\" \/>\n<meta property=\"og:image\" content=\"https:\/\/distribution.audio-technica.eu\/app\/uploads\/sites\/2\/VIA_2502.jpg\" \/>\n\t<meta property=\"og:image:width\" content=\"1024\" \/>\n\t<meta property=\"og:image:height\" content=\"1024\" \/>\n\t<meta property=\"og:image:type\" content=\"image\/jpeg\" \/>\n<meta name=\"twitter:card\" content=\"summary_large_image\" \/>\n<meta name=\"twitter:label1\" content=\"Tiempo de lectura\" \/>\n\t<meta name=\"twitter:data1\" content=\"2 minutos\" \/>\n<script type=\"application\/ld+json\" class=\"yoast-schema-graph\">{\"@context\":\"https:\/\/schema.org\",\"@graph\":[{\"@type\":\"WebPage\",\"@id\":\"https:\/\/distribution.audio-technica.eu\/es-es\/productos\/via2502\/\",\"url\":\"https:\/\/distribution.audio-technica.eu\/es-es\/productos\/via2502\/\",\"name\":\"VIA2502 - Audio-Technica Iberia\",\"isPartOf\":{\"@id\":\"https:\/\/distribution.audio-technica.eu\/es-es\/#website\"},\"primaryImageOfPage\":{\"@id\":\"https:\/\/distribution.audio-technica.eu\/es-es\/productos\/via2502\/#primaryimage\"},\"image\":{\"@id\":\"https:\/\/distribution.audio-technica.eu\/es-es\/productos\/via2502\/#primaryimage\"},\"thumbnailUrl\":\"\/app\/uploads\/sites\/2\/VIA_2502.jpg\",\"datePublished\":\"2019-07-01T17:31:23+00:00\",\"dateModified\":\"2026-02-19T14:00:41+00:00\",\"breadcrumb\":{\"@id\":\"https:\/\/distribution.audio-technica.eu\/es-es\/productos\/via2502\/#breadcrumb\"},\"inLanguage\":\"es\",\"potentialAction\":[{\"@type\":\"ReadAction\",\"target\":[\"https:\/\/distribution.audio-technica.eu\/es-es\/productos\/via2502\/\"]}]},{\"@type\":\"ImageObject\",\"inLanguage\":\"es\",\"@id\":\"https:\/\/distribution.audio-technica.eu\/es-es\/productos\/via2502\/#primaryimage\",\"url\":\"\/app\/uploads\/sites\/2\/VIA_2502.jpg\",\"contentUrl\":\"\/app\/uploads\/sites\/2\/VIA_2502.jpg\",\"width\":1024,\"height\":1024},{\"@type\":\"BreadcrumbList\",\"@id\":\"https:\/\/distribution.audio-technica.eu\/es-es\/productos\/via2502\/#breadcrumb\",\"itemListElement\":[{\"@type\":\"ListItem\",\"position\":1,\"name\":\"Products\",\"item\":\"https:\/\/distribution.audio-technica.eu\/es-es\/\"},{\"@type\":\"ListItem\",\"position\":2,\"name\":\"Productos\",\"item\":\"https:\/\/distribution.audio-technica.eu\/es-es\/productos\/\"},{\"@type\":\"ListItem\",\"position\":3,\"name\":\"VIA2502\"}]},{\"@type\":\"WebSite\",\"@id\":\"https:\/\/distribution.audio-technica.eu\/es-es\/#website\",\"url\":\"https:\/\/distribution.audio-technica.eu\/es-es\/\",\"name\":\"Audio-Technica Iberia\",\"description\":\"Distribuci\u00f3n\",\"potentialAction\":[{\"@type\":\"SearchAction\",\"target\":{\"@type\":\"EntryPoint\",\"urlTemplate\":\"https:\/\/distribution.audio-technica.eu\/es-es\/?s={search_term_string}\"},\"query-input\":{\"@type\":\"PropertyValueSpecification\",\"valueRequired\":true,\"valueName\":\"search_term_string\"}}],\"inLanguage\":\"es\"}]}<\/script>\n<!-- \/ Yoast SEO plugin. -->","yoast_head_json":{"title":"VIA2502 - Audio-Technica Iberia","robots":{"index":"index","follow":"follow","max-snippet":"max-snippet:-1","max-image-preview":"max-image-preview:large","max-video-preview":"max-video-preview:-1"},"canonical":"https:\/\/distribution.audio-technica.eu\/es-es\/productos\/via2502\/","og_locale":"es_ES","og_type":"article","og_title":"VIA2502 - Audio-Technica Iberia","og_description":"Amplificador de 2 canales, clase D   Dos canales de eficiente amplificaci\u00f3n clase D  Potencia total de salida de 2500 W  Altura de 2U de rack  Excepcionalmente ligero  &nbsp;","og_url":"https:\/\/distribution.audio-technica.eu\/es-es\/productos\/via2502\/","og_site_name":"Audio-Technica Iberia","article_modified_time":"2026-02-19T14:00:41+00:00","og_image":[{"width":1024,"height":1024,"url":"https:\/\/distribution.audio-technica.eu\/app\/uploads\/sites\/2\/VIA_2502.jpg","type":"image\/jpeg"}],"twitter_card":"summary_large_image","twitter_misc":{"Tiempo de lectura":"2 minutos"},"schema":{"@context":"https:\/\/schema.org","@graph":[{"@type":"WebPage","@id":"https:\/\/distribution.audio-technica.eu\/es-es\/productos\/via2502\/","url":"https:\/\/distribution.audio-technica.eu\/es-es\/productos\/via2502\/","name":"VIA2502 - Audio-Technica Iberia","isPartOf":{"@id":"https:\/\/distribution.audio-technica.eu\/es-es\/#website"},"primaryImageOfPage":{"@id":"https:\/\/distribution.audio-technica.eu\/es-es\/productos\/via2502\/#primaryimage"},"image":{"@id":"https:\/\/distribution.audio-technica.eu\/es-es\/productos\/via2502\/#primaryimage"},"thumbnailUrl":"\/app\/uploads\/sites\/2\/VIA_2502.jpg","datePublished":"2019-07-01T17:31:23+00:00","dateModified":"2026-02-19T14:00:41+00:00","breadcrumb":{"@id":"https:\/\/distribution.audio-technica.eu\/es-es\/productos\/via2502\/#breadcrumb"},"inLanguage":"es","potentialAction":[{"@type":"ReadAction","target":["https:\/\/distribution.audio-technica.eu\/es-es\/productos\/via2502\/"]}]},{"@type":"ImageObject","inLanguage":"es","@id":"https:\/\/distribution.audio-technica.eu\/es-es\/productos\/via2502\/#primaryimage","url":"\/app\/uploads\/sites\/2\/VIA_2502.jpg","contentUrl":"\/app\/uploads\/sites\/2\/VIA_2502.jpg","width":1024,"height":1024},{"@type":"BreadcrumbList","@id":"https:\/\/distribution.audio-technica.eu\/es-es\/productos\/via2502\/#breadcrumb","itemListElement":[{"@type":"ListItem","position":1,"name":"Products","item":"https:\/\/distribution.audio-technica.eu\/es-es\/"},{"@type":"ListItem","position":2,"name":"Productos","item":"https:\/\/distribution.audio-technica.eu\/es-es\/productos\/"},{"@type":"ListItem","position":3,"name":"VIA2502"}]},{"@type":"WebSite","@id":"https:\/\/distribution.audio-technica.eu\/es-es\/#website","url":"https:\/\/distribution.audio-technica.eu\/es-es\/","name":"Audio-Technica Iberia","description":"Distribuci\u00f3n","potentialAction":[{"@type":"SearchAction","target":{"@type":"EntryPoint","urlTemplate":"https:\/\/distribution.audio-technica.eu\/es-es\/?s={search_term_string}"},"query-input":{"@type":"PropertyValueSpecification","valueRequired":true,"valueName":"search_term_string"}}],"inLanguage":"es"}]}},"_links":{"self":[{"href":"https:\/\/distribution.audio-technica.eu\/es-es\/wp-json\/wp\/v2\/product\/17421","targetHints":{"allow":["GET"]}}],"collection":[{"href":"https:\/\/distribution.audio-technica.eu\/es-es\/wp-json\/wp\/v2\/product"}],"about":[{"href":"https:\/\/distribution.audio-technica.eu\/es-es\/wp-json\/wp\/v2\/types\/product"}],"wp:featuredmedia":[{"embeddable":true,"href":"https:\/\/distribution.audio-technica.eu\/es-es\/wp-json\/wp\/v2\/media\/17415"}],"wp:attachment":[{"href":"https:\/\/distribution.audio-technica.eu\/es-es\/wp-json\/wp\/v2\/media?parent=17421"}],"wp:term":[{"taxonomy":"product_brand","embeddable":true,"href":"https:\/\/distribution.audio-technica.eu\/es-es\/wp-json\/wp\/v2\/product_brand?post=17421"},{"taxonomy":"product_cat","embeddable":true,"href":"https:\/\/distribution.audio-technica.eu\/es-es\/wp-json\/wp\/v2\/product_cat?post=17421"},{"taxonomy":"product_tag","embeddable":true,"href":"https:\/\/distribution.audio-technica.eu\/es-es\/wp-json\/wp\/v2\/product_tag?post=17421"}],"curies":[{"name":"wp","href":"https:\/\/api.w.org\/{rel}","templated":true}]}}