{"id":17487,"date":"2019-07-04T18:49:13","date_gmt":"2019-07-04T16:49:13","guid":{"rendered":"https:\/\/atdb-production.studiograft.dev\/es\/?post_type=product&#038;p=17487"},"modified":"2026-02-19T14:54:53","modified_gmt":"2026-02-19T13:54:53","slug":"sx112-2","status":"publish","type":"product","link":"https:\/\/distribution.audio-technica.eu\/es-es\/productos\/sx112-2\/","title":{"rendered":"SX112"},"content":{"rendered":"<h2>SX112<\/h2>\n<h3>Subgrave ultra compacto 12&#8243;<\/h3>\n<p>El SX112 es un subgrave ultra compacto de radiaci\u00f3n directa, dise\u00f1ado para ampliar el ancho de banda y gama din\u00e1mica de los altavoces de gama completa. Incorpora un transductor de graves de 12&#8243; (300mm), de gran proyecci\u00f3n, con bobina de alta potencia de 3&#8243; (75mm), y un puerto de dimensiones generosas para conseguir un bajo ruido.<\/p>\n<p>Con una respuesta en frecuencia de 48Hz-150Hz \u00b1 3dB, el tama\u00f1o ultra compacto del SX112 lo convierte en el complemento ideal para los sistemas de las serie ADORN y CDD, en aquellas aplicaciones en las que el espacio es escaso, o en las que es necesario que el subgrave se encuentre escondido.<\/p>\n<p>El recinto est\u00e1 construido en madera laminada y dispone de un acabado resistente a los impactos; el transductor se encuentra protegido por un r\u00edgida rejilla de acero perforado, que ha sido pre curvada para prevenir da\u00f1os.<br \/>\nComo est\u00e1ndar, se presenta acabado en negro (RAL9005) o blanco (RAL9016), pero tambi\u00e9n puede ser suministrado en cualquier otro color RAL, bajo pedido.<\/p>\n<p>Cuando se utiliza en sistemas de gama complet , las funciones de crossover y EQ pueden ser realizadas por los controladores DX0.5 o DX4.0.<\/p>\n<p>&nbsp;<\/p>\n<p><strong>Caracter\u00edsticas Principales<\/strong><\/p>\n<ul>\n<li>Subgrave ultra compacto de radiaci\u00f3n directa, con un \u00fanico transductor<\/li>\n<li>Transductor de 12&#8243; (300mm) con bobina de 3&#8243; (75mm)<\/li>\n<li>Cono resistente al agua<\/li>\n<li>Grandes puertos para reducir el ruido del aire<\/li>\n<li>Rejilla de acero perforado<\/li>\n<li>Colores est\u00e1ndar: negro o blanco<\/li>\n<li>Puntos de volado integrados<\/li>\n<\/ul>\n<p>&nbsp;<\/p>\n<p><strong>Aplicaciones<\/strong><\/p>\n<ul>\n<li>Clubs de m\u00fasica en directo y bares<\/li>\n<li>Clubs nocturnos<\/li>\n<li>Bares y restaurantes<\/li>\n<li>Museos y espacios AV<\/li>\n<li>Centros de convenciones<\/li>\n<li>Hoteles<\/li>\n<li>Tiendas<\/li>\n<li>Centros de ocio<\/li>\n<li>Templos<\/li>\n<\/ul>\n","protected":false},"excerpt":{"rendered":"<h3>Subgrave ultra compacto 12&#8243;<\/h3>\n<ul>\n<li>Subgrave ultra compacto de radiaci\u00f3n directa<\/li>\n<li>Transductor de 12&#8243; (300mm) con bobina de 3&#8243; (75mm)<\/li>\n<li>Cono resistente al agua<\/li>\n<li>Potencia: 400W AES, 1600W pico<\/li>\n<\/ul>\n","protected":false},"featured_media":17489,"template":"","meta":{"_acf_changed":false},"product_brand":[],"product_cat":[2083,2091,2084,2100,2085,2111],"product_tag":[],"class_list":{"0":"post-17487","1":"product","2":"type-product","3":"status-publish","4":"has-post-thumbnail","6":"product_cat-sistemas-sonido-directo","7":"product_cat-subgraves-sistemas-sonido-directo","8":"product_cat-sistemas-instalacion","9":"product_cat-subgraves-sistemas-instalacion","10":"product_cat-por-series-martin-audio","11":"product_cat-serie-sx-por-series-martin-audio","12":"product_series-serie-sx","14":"first","15":"instock","16":"shipping-taxable","17":"product-type-simple"},"acf":[],"yoast_head":"<!-- This site is optimized with the Yoast SEO plugin v27.1.1 - https:\/\/yoast.com\/product\/yoast-seo-wordpress\/ -->\n<title>SX112 - Audio-Technica Iberia<\/title>\n<meta name=\"robots\" content=\"index, follow, max-snippet:-1, max-image-preview:large, max-video-preview:-1\" \/>\n<link rel=\"canonical\" href=\"https:\/\/distribution.audio-technica.eu\/es-es\/productos\/sx112-2\/\" \/>\n<meta property=\"og:locale\" content=\"es_ES\" \/>\n<meta property=\"og:type\" content=\"article\" \/>\n<meta property=\"og:title\" content=\"SX112 - Audio-Technica Iberia\" \/>\n<meta property=\"og:description\" content=\"Subgrave ultra compacto 12&quot;   Subgrave ultra compacto de radiaci\u00f3n directa  Transductor de 12&quot; (300mm) con bobina de 3&quot; (75mm)  Cono resistente al agua  Potencia: 400W AES, 1600W pico\" \/>\n<meta property=\"og:url\" content=\"https:\/\/distribution.audio-technica.eu\/es-es\/productos\/sx112-2\/\" \/>\n<meta property=\"og:site_name\" content=\"Audio-Technica Iberia\" \/>\n<meta property=\"article:modified_time\" content=\"2026-02-19T13:54:53+00:00\" \/>\n<meta property=\"og:image\" content=\"https:\/\/distribution.audio-technica.eu\/app\/uploads\/sites\/2\/SX112.jpg\" \/>\n\t<meta property=\"og:image:width\" content=\"1024\" \/>\n\t<meta property=\"og:image:height\" content=\"1024\" \/>\n\t<meta property=\"og:image:type\" content=\"image\/jpeg\" \/>\n<meta name=\"twitter:card\" content=\"summary_large_image\" \/>\n<meta name=\"twitter:label1\" content=\"Tiempo de lectura\" \/>\n\t<meta name=\"twitter:data1\" content=\"2 minutos\" \/>\n<script type=\"application\/ld+json\" class=\"yoast-schema-graph\">{\"@context\":\"https:\/\/schema.org\",\"@graph\":[{\"@type\":\"WebPage\",\"@id\":\"https:\/\/distribution.audio-technica.eu\/es-es\/productos\/sx112-2\/\",\"url\":\"https:\/\/distribution.audio-technica.eu\/es-es\/productos\/sx112-2\/\",\"name\":\"SX112 - Audio-Technica Iberia\",\"isPartOf\":{\"@id\":\"https:\/\/distribution.audio-technica.eu\/es-es\/#website\"},\"primaryImageOfPage\":{\"@id\":\"https:\/\/distribution.audio-technica.eu\/es-es\/productos\/sx112-2\/#primaryimage\"},\"image\":{\"@id\":\"https:\/\/distribution.audio-technica.eu\/es-es\/productos\/sx112-2\/#primaryimage\"},\"thumbnailUrl\":\"\/app\/uploads\/sites\/2\/SX112.jpg\",\"datePublished\":\"2019-07-04T16:49:13+00:00\",\"dateModified\":\"2026-02-19T13:54:53+00:00\",\"breadcrumb\":{\"@id\":\"https:\/\/distribution.audio-technica.eu\/es-es\/productos\/sx112-2\/#breadcrumb\"},\"inLanguage\":\"es\",\"potentialAction\":[{\"@type\":\"ReadAction\",\"target\":[\"https:\/\/distribution.audio-technica.eu\/es-es\/productos\/sx112-2\/\"]}]},{\"@type\":\"ImageObject\",\"inLanguage\":\"es\",\"@id\":\"https:\/\/distribution.audio-technica.eu\/es-es\/productos\/sx112-2\/#primaryimage\",\"url\":\"\/app\/uploads\/sites\/2\/SX112.jpg\",\"contentUrl\":\"\/app\/uploads\/sites\/2\/SX112.jpg\",\"width\":1024,\"height\":1024},{\"@type\":\"BreadcrumbList\",\"@id\":\"https:\/\/distribution.audio-technica.eu\/es-es\/productos\/sx112-2\/#breadcrumb\",\"itemListElement\":[{\"@type\":\"ListItem\",\"position\":1,\"name\":\"Products\",\"item\":\"https:\/\/distribution.audio-technica.eu\/es-es\/\"},{\"@type\":\"ListItem\",\"position\":2,\"name\":\"Productos\",\"item\":\"https:\/\/distribution.audio-technica.eu\/es-es\/productos\/\"},{\"@type\":\"ListItem\",\"position\":3,\"name\":\"SX112\"}]},{\"@type\":\"WebSite\",\"@id\":\"https:\/\/distribution.audio-technica.eu\/es-es\/#website\",\"url\":\"https:\/\/distribution.audio-technica.eu\/es-es\/\",\"name\":\"Audio-Technica Iberia\",\"description\":\"Distribuci\u00f3n\",\"potentialAction\":[{\"@type\":\"SearchAction\",\"target\":{\"@type\":\"EntryPoint\",\"urlTemplate\":\"https:\/\/distribution.audio-technica.eu\/es-es\/?s={search_term_string}\"},\"query-input\":{\"@type\":\"PropertyValueSpecification\",\"valueRequired\":true,\"valueName\":\"search_term_string\"}}],\"inLanguage\":\"es\"}]}<\/script>\n<!-- \/ Yoast SEO plugin. -->","yoast_head_json":{"title":"SX112 - Audio-Technica Iberia","robots":{"index":"index","follow":"follow","max-snippet":"max-snippet:-1","max-image-preview":"max-image-preview:large","max-video-preview":"max-video-preview:-1"},"canonical":"https:\/\/distribution.audio-technica.eu\/es-es\/productos\/sx112-2\/","og_locale":"es_ES","og_type":"article","og_title":"SX112 - Audio-Technica Iberia","og_description":"Subgrave ultra compacto 12\"   Subgrave ultra compacto de radiaci\u00f3n directa  Transductor de 12\" (300mm) con bobina de 3\" (75mm)  Cono resistente al agua  Potencia: 400W AES, 1600W pico","og_url":"https:\/\/distribution.audio-technica.eu\/es-es\/productos\/sx112-2\/","og_site_name":"Audio-Technica Iberia","article_modified_time":"2026-02-19T13:54:53+00:00","og_image":[{"width":1024,"height":1024,"url":"https:\/\/distribution.audio-technica.eu\/app\/uploads\/sites\/2\/SX112.jpg","type":"image\/jpeg"}],"twitter_card":"summary_large_image","twitter_misc":{"Tiempo de lectura":"2 minutos"},"schema":{"@context":"https:\/\/schema.org","@graph":[{"@type":"WebPage","@id":"https:\/\/distribution.audio-technica.eu\/es-es\/productos\/sx112-2\/","url":"https:\/\/distribution.audio-technica.eu\/es-es\/productos\/sx112-2\/","name":"SX112 - Audio-Technica Iberia","isPartOf":{"@id":"https:\/\/distribution.audio-technica.eu\/es-es\/#website"},"primaryImageOfPage":{"@id":"https:\/\/distribution.audio-technica.eu\/es-es\/productos\/sx112-2\/#primaryimage"},"image":{"@id":"https:\/\/distribution.audio-technica.eu\/es-es\/productos\/sx112-2\/#primaryimage"},"thumbnailUrl":"\/app\/uploads\/sites\/2\/SX112.jpg","datePublished":"2019-07-04T16:49:13+00:00","dateModified":"2026-02-19T13:54:53+00:00","breadcrumb":{"@id":"https:\/\/distribution.audio-technica.eu\/es-es\/productos\/sx112-2\/#breadcrumb"},"inLanguage":"es","potentialAction":[{"@type":"ReadAction","target":["https:\/\/distribution.audio-technica.eu\/es-es\/productos\/sx112-2\/"]}]},{"@type":"ImageObject","inLanguage":"es","@id":"https:\/\/distribution.audio-technica.eu\/es-es\/productos\/sx112-2\/#primaryimage","url":"\/app\/uploads\/sites\/2\/SX112.jpg","contentUrl":"\/app\/uploads\/sites\/2\/SX112.jpg","width":1024,"height":1024},{"@type":"BreadcrumbList","@id":"https:\/\/distribution.audio-technica.eu\/es-es\/productos\/sx112-2\/#breadcrumb","itemListElement":[{"@type":"ListItem","position":1,"name":"Products","item":"https:\/\/distribution.audio-technica.eu\/es-es\/"},{"@type":"ListItem","position":2,"name":"Productos","item":"https:\/\/distribution.audio-technica.eu\/es-es\/productos\/"},{"@type":"ListItem","position":3,"name":"SX112"}]},{"@type":"WebSite","@id":"https:\/\/distribution.audio-technica.eu\/es-es\/#website","url":"https:\/\/distribution.audio-technica.eu\/es-es\/","name":"Audio-Technica Iberia","description":"Distribuci\u00f3n","potentialAction":[{"@type":"SearchAction","target":{"@type":"EntryPoint","urlTemplate":"https:\/\/distribution.audio-technica.eu\/es-es\/?s={search_term_string}"},"query-input":{"@type":"PropertyValueSpecification","valueRequired":true,"valueName":"search_term_string"}}],"inLanguage":"es"}]}},"_links":{"self":[{"href":"https:\/\/distribution.audio-technica.eu\/es-es\/wp-json\/wp\/v2\/product\/17487","targetHints":{"allow":["GET"]}}],"collection":[{"href":"https:\/\/distribution.audio-technica.eu\/es-es\/wp-json\/wp\/v2\/product"}],"about":[{"href":"https:\/\/distribution.audio-technica.eu\/es-es\/wp-json\/wp\/v2\/types\/product"}],"wp:featuredmedia":[{"embeddable":true,"href":"https:\/\/distribution.audio-technica.eu\/es-es\/wp-json\/wp\/v2\/media\/17489"}],"wp:attachment":[{"href":"https:\/\/distribution.audio-technica.eu\/es-es\/wp-json\/wp\/v2\/media?parent=17487"}],"wp:term":[{"taxonomy":"product_brand","embeddable":true,"href":"https:\/\/distribution.audio-technica.eu\/es-es\/wp-json\/wp\/v2\/product_brand?post=17487"},{"taxonomy":"product_cat","embeddable":true,"href":"https:\/\/distribution.audio-technica.eu\/es-es\/wp-json\/wp\/v2\/product_cat?post=17487"},{"taxonomy":"product_tag","embeddable":true,"href":"https:\/\/distribution.audio-technica.eu\/es-es\/wp-json\/wp\/v2\/product_tag?post=17487"}],"curies":[{"name":"wp","href":"https:\/\/api.w.org\/{rel}","templated":true}]}}