{"id":17490,"date":"2019-07-04T18:55:23","date_gmt":"2019-07-04T16:55:23","guid":{"rendered":"https:\/\/atdb-production.studiograft.dev\/es\/?post_type=product&#038;p=17490"},"modified":"2026-02-19T14:55:21","modified_gmt":"2026-02-19T13:55:21","slug":"sx118","status":"publish","type":"product","link":"https:\/\/distribution.audio-technica.eu\/es-es\/productos\/sx118\/","title":{"rendered":"SX118"},"content":{"rendered":"<h2>SX118<\/h2>\n<h3>Subgrave compacto de radiaci\u00f3n directa 18&#8243;<\/h3>\n<p>El SX118 es un subgrave compacto de altas prestaciones, que ampl\u00eda la respuesta en graves del sistema hasta 47 Hz, y proporciona unos graves muy potentes a partir de un recinto extremadamente compacto.<\/p>\n<p>El SX118 incorpora un transductor de gran excursi\u00f3n de 18&#8243; (460mm) \/ bobina de 4&#8243; (100 mm), equipado con un cono resistente al agua, con triple contorno, en un compacto recinto r\u00e9flex.<\/p>\n<p>El dise\u00f1o del transductor de 18&#8243; maximiza su capacidad de salida, al tiempo que minimiza la compresi\u00f3n y distorsi\u00f3n, y los cuatro puertos r\u00e9flex disponen de una gran \u00e1rea frontal para reducir las turbulencias del aire que provocan ruido a niveles muy elevados.<\/p>\n<p>El recinto est\u00e1 construido con multilaminado de abedul, acabado con un duradero recubrimiento de poliurea, y est\u00e1 equipado con una rejilla de Zintec, dos asas, patines, puntos para volado y punto roscado para inserci\u00f3n de m\u00e1stiles, que permite montar altavoces de fuente puntual, o hasta 4 recintos WPM en un simple sistema plug-and-play.<\/p>\n<p>Como est\u00e1ndar, este producto se suministra sin ruedas, aunque \u00e9stas est\u00e1n disponibles como accesorio. Al agregar el accesorio de la cubierta de la placa de entrada, el SX118 es totalmente resistente a la intemperie y es adecuado para uso permanente en exteriores.<\/p>\n<p>&nbsp;<\/p>\n<p><strong>Caracter\u00edsticas Principales<\/strong><\/p>\n<ul>\n<li>Compacto subgrave de radiaci\u00f3n directa<\/li>\n<li>Transductor 18\u201d (460mm) \/ bobina de 4\u201d (100mm), gran excursi\u00f3n, im\u00e1n de ferrita, cono impermeable<\/li>\n<li>Alta potencia de salida<\/li>\n<li>Recinto de madera laminada apto para giras, con puntos para volado<\/li>\n<\/ul>\n<p>&nbsp;<\/p>\n<p><strong>Aplicaciones<\/strong><\/p>\n<ul>\n<li>Sonorizaci\u00f3n en giras, para locales peque\u00f1os o medianos<\/li>\n<li>Instalaciones fijas en salas de conciertos, teatros, salas de baile y templos<\/li>\n<li>Instalaci\u00f3n en estadios, arenas, y eventos AV corporativos<\/li>\n<li>Restaurantes en el exterior, bares y \u00e1reas de entretenimiento en hoteles<\/li>\n<li>Concursos y parques tem\u00e1ticos<\/li>\n<\/ul>\n","protected":false},"excerpt":{"rendered":"<h3>Subgrave compacto de radiaci\u00f3n directa 18&#8243;<\/h3>\n<ul>\n<li>Compacto subgrave de radiaci\u00f3n directa<\/li>\n<li>Transductor 18&#8243; (460mm) \/ bobina de 4&#8243; (100mm), gran excursi\u00f3n, im\u00e1n de ferrita, cono impermeable<\/li>\n<li>Potencia: 1000W AES, 4000W pico<\/li>\n<\/ul>\n","protected":false},"featured_media":17491,"template":"","meta":{"_acf_changed":false},"product_brand":[],"product_cat":[2083,2091,2084,2100,2085,2111],"product_tag":[],"class_list":{"0":"post-17490","1":"product","2":"type-product","3":"status-publish","4":"has-post-thumbnail","6":"product_cat-sistemas-sonido-directo","7":"product_cat-subgraves-sistemas-sonido-directo","8":"product_cat-sistemas-instalacion","9":"product_cat-subgraves-sistemas-instalacion","10":"product_cat-por-series-martin-audio","11":"product_cat-serie-sx-por-series-martin-audio","12":"product_series-serie-sx","14":"first","15":"instock","16":"shipping-taxable","17":"product-type-simple"},"acf":[],"yoast_head":"<!-- This site is optimized with the Yoast SEO plugin v27.1.1 - https:\/\/yoast.com\/product\/yoast-seo-wordpress\/ -->\n<title>SX118 - Audio-Technica Iberia<\/title>\n<meta name=\"robots\" content=\"index, follow, max-snippet:-1, max-image-preview:large, max-video-preview:-1\" \/>\n<link rel=\"canonical\" href=\"https:\/\/distribution.audio-technica.eu\/es-es\/productos\/sx118\/\" \/>\n<meta property=\"og:locale\" content=\"es_ES\" \/>\n<meta property=\"og:type\" content=\"article\" \/>\n<meta property=\"og:title\" content=\"SX118 - Audio-Technica Iberia\" \/>\n<meta property=\"og:description\" content=\"Subgrave compacto de radiaci\u00f3n directa 18&quot;   Compacto subgrave de radiaci\u00f3n directa  Transductor 18&quot; (460mm) \/ bobina de 4&quot; (100mm), gran excursi\u00f3n, im\u00e1n de ferrita, cono impermeable  Potencia: 1000W AES, 4000W pico\" \/>\n<meta property=\"og:url\" content=\"https:\/\/distribution.audio-technica.eu\/es-es\/productos\/sx118\/\" \/>\n<meta property=\"og:site_name\" content=\"Audio-Technica Iberia\" \/>\n<meta property=\"article:modified_time\" content=\"2026-02-19T13:55:21+00:00\" \/>\n<meta property=\"og:image\" content=\"https:\/\/distribution.audio-technica.eu\/app\/uploads\/sites\/2\/SX118.jpg\" \/>\n\t<meta property=\"og:image:width\" content=\"1024\" \/>\n\t<meta property=\"og:image:height\" content=\"1024\" \/>\n\t<meta property=\"og:image:type\" content=\"image\/jpeg\" \/>\n<meta name=\"twitter:card\" content=\"summary_large_image\" \/>\n<meta name=\"twitter:label1\" content=\"Tiempo de lectura\" \/>\n\t<meta name=\"twitter:data1\" content=\"2 minutos\" \/>\n<script type=\"application\/ld+json\" class=\"yoast-schema-graph\">{\"@context\":\"https:\/\/schema.org\",\"@graph\":[{\"@type\":\"WebPage\",\"@id\":\"https:\/\/distribution.audio-technica.eu\/es-es\/productos\/sx118\/\",\"url\":\"https:\/\/distribution.audio-technica.eu\/es-es\/productos\/sx118\/\",\"name\":\"SX118 - Audio-Technica Iberia\",\"isPartOf\":{\"@id\":\"https:\/\/distribution.audio-technica.eu\/es-es\/#website\"},\"primaryImageOfPage\":{\"@id\":\"https:\/\/distribution.audio-technica.eu\/es-es\/productos\/sx118\/#primaryimage\"},\"image\":{\"@id\":\"https:\/\/distribution.audio-technica.eu\/es-es\/productos\/sx118\/#primaryimage\"},\"thumbnailUrl\":\"\/app\/uploads\/sites\/2\/SX118.jpg\",\"datePublished\":\"2019-07-04T16:55:23+00:00\",\"dateModified\":\"2026-02-19T13:55:21+00:00\",\"breadcrumb\":{\"@id\":\"https:\/\/distribution.audio-technica.eu\/es-es\/productos\/sx118\/#breadcrumb\"},\"inLanguage\":\"es\",\"potentialAction\":[{\"@type\":\"ReadAction\",\"target\":[\"https:\/\/distribution.audio-technica.eu\/es-es\/productos\/sx118\/\"]}]},{\"@type\":\"ImageObject\",\"inLanguage\":\"es\",\"@id\":\"https:\/\/distribution.audio-technica.eu\/es-es\/productos\/sx118\/#primaryimage\",\"url\":\"\/app\/uploads\/sites\/2\/SX118.jpg\",\"contentUrl\":\"\/app\/uploads\/sites\/2\/SX118.jpg\",\"width\":1024,\"height\":1024},{\"@type\":\"BreadcrumbList\",\"@id\":\"https:\/\/distribution.audio-technica.eu\/es-es\/productos\/sx118\/#breadcrumb\",\"itemListElement\":[{\"@type\":\"ListItem\",\"position\":1,\"name\":\"Products\",\"item\":\"https:\/\/distribution.audio-technica.eu\/es-es\/\"},{\"@type\":\"ListItem\",\"position\":2,\"name\":\"Productos\",\"item\":\"https:\/\/distribution.audio-technica.eu\/es-es\/productos\/\"},{\"@type\":\"ListItem\",\"position\":3,\"name\":\"SX118\"}]},{\"@type\":\"WebSite\",\"@id\":\"https:\/\/distribution.audio-technica.eu\/es-es\/#website\",\"url\":\"https:\/\/distribution.audio-technica.eu\/es-es\/\",\"name\":\"Audio-Technica Iberia\",\"description\":\"Distribuci\u00f3n\",\"potentialAction\":[{\"@type\":\"SearchAction\",\"target\":{\"@type\":\"EntryPoint\",\"urlTemplate\":\"https:\/\/distribution.audio-technica.eu\/es-es\/?s={search_term_string}\"},\"query-input\":{\"@type\":\"PropertyValueSpecification\",\"valueRequired\":true,\"valueName\":\"search_term_string\"}}],\"inLanguage\":\"es\"}]}<\/script>\n<!-- \/ Yoast SEO plugin. -->","yoast_head_json":{"title":"SX118 - Audio-Technica Iberia","robots":{"index":"index","follow":"follow","max-snippet":"max-snippet:-1","max-image-preview":"max-image-preview:large","max-video-preview":"max-video-preview:-1"},"canonical":"https:\/\/distribution.audio-technica.eu\/es-es\/productos\/sx118\/","og_locale":"es_ES","og_type":"article","og_title":"SX118 - Audio-Technica Iberia","og_description":"Subgrave compacto de radiaci\u00f3n directa 18\"   Compacto subgrave de radiaci\u00f3n directa  Transductor 18\" (460mm) \/ bobina de 4\" (100mm), gran excursi\u00f3n, im\u00e1n de ferrita, cono impermeable  Potencia: 1000W AES, 4000W pico","og_url":"https:\/\/distribution.audio-technica.eu\/es-es\/productos\/sx118\/","og_site_name":"Audio-Technica Iberia","article_modified_time":"2026-02-19T13:55:21+00:00","og_image":[{"width":1024,"height":1024,"url":"https:\/\/distribution.audio-technica.eu\/app\/uploads\/sites\/2\/SX118.jpg","type":"image\/jpeg"}],"twitter_card":"summary_large_image","twitter_misc":{"Tiempo de lectura":"2 minutos"},"schema":{"@context":"https:\/\/schema.org","@graph":[{"@type":"WebPage","@id":"https:\/\/distribution.audio-technica.eu\/es-es\/productos\/sx118\/","url":"https:\/\/distribution.audio-technica.eu\/es-es\/productos\/sx118\/","name":"SX118 - Audio-Technica Iberia","isPartOf":{"@id":"https:\/\/distribution.audio-technica.eu\/es-es\/#website"},"primaryImageOfPage":{"@id":"https:\/\/distribution.audio-technica.eu\/es-es\/productos\/sx118\/#primaryimage"},"image":{"@id":"https:\/\/distribution.audio-technica.eu\/es-es\/productos\/sx118\/#primaryimage"},"thumbnailUrl":"\/app\/uploads\/sites\/2\/SX118.jpg","datePublished":"2019-07-04T16:55:23+00:00","dateModified":"2026-02-19T13:55:21+00:00","breadcrumb":{"@id":"https:\/\/distribution.audio-technica.eu\/es-es\/productos\/sx118\/#breadcrumb"},"inLanguage":"es","potentialAction":[{"@type":"ReadAction","target":["https:\/\/distribution.audio-technica.eu\/es-es\/productos\/sx118\/"]}]},{"@type":"ImageObject","inLanguage":"es","@id":"https:\/\/distribution.audio-technica.eu\/es-es\/productos\/sx118\/#primaryimage","url":"\/app\/uploads\/sites\/2\/SX118.jpg","contentUrl":"\/app\/uploads\/sites\/2\/SX118.jpg","width":1024,"height":1024},{"@type":"BreadcrumbList","@id":"https:\/\/distribution.audio-technica.eu\/es-es\/productos\/sx118\/#breadcrumb","itemListElement":[{"@type":"ListItem","position":1,"name":"Products","item":"https:\/\/distribution.audio-technica.eu\/es-es\/"},{"@type":"ListItem","position":2,"name":"Productos","item":"https:\/\/distribution.audio-technica.eu\/es-es\/productos\/"},{"@type":"ListItem","position":3,"name":"SX118"}]},{"@type":"WebSite","@id":"https:\/\/distribution.audio-technica.eu\/es-es\/#website","url":"https:\/\/distribution.audio-technica.eu\/es-es\/","name":"Audio-Technica Iberia","description":"Distribuci\u00f3n","potentialAction":[{"@type":"SearchAction","target":{"@type":"EntryPoint","urlTemplate":"https:\/\/distribution.audio-technica.eu\/es-es\/?s={search_term_string}"},"query-input":{"@type":"PropertyValueSpecification","valueRequired":true,"valueName":"search_term_string"}}],"inLanguage":"es"}]}},"_links":{"self":[{"href":"https:\/\/distribution.audio-technica.eu\/es-es\/wp-json\/wp\/v2\/product\/17490","targetHints":{"allow":["GET"]}}],"collection":[{"href":"https:\/\/distribution.audio-technica.eu\/es-es\/wp-json\/wp\/v2\/product"}],"about":[{"href":"https:\/\/distribution.audio-technica.eu\/es-es\/wp-json\/wp\/v2\/types\/product"}],"wp:featuredmedia":[{"embeddable":true,"href":"https:\/\/distribution.audio-technica.eu\/es-es\/wp-json\/wp\/v2\/media\/17491"}],"wp:attachment":[{"href":"https:\/\/distribution.audio-technica.eu\/es-es\/wp-json\/wp\/v2\/media?parent=17490"}],"wp:term":[{"taxonomy":"product_brand","embeddable":true,"href":"https:\/\/distribution.audio-technica.eu\/es-es\/wp-json\/wp\/v2\/product_brand?post=17490"},{"taxonomy":"product_cat","embeddable":true,"href":"https:\/\/distribution.audio-technica.eu\/es-es\/wp-json\/wp\/v2\/product_cat?post=17490"},{"taxonomy":"product_tag","embeddable":true,"href":"https:\/\/distribution.audio-technica.eu\/es-es\/wp-json\/wp\/v2\/product_tag?post=17490"}],"curies":[{"name":"wp","href":"https:\/\/api.w.org\/{rel}","templated":true}]}}