{"id":17492,"date":"2019-07-04T18:59:26","date_gmt":"2019-07-04T16:59:26","guid":{"rendered":"https:\/\/atdb-production.studiograft.dev\/es\/?post_type=product&#038;p=17492"},"modified":"2026-02-19T14:55:33","modified_gmt":"2026-02-19T13:55:33","slug":"sx210","status":"publish","type":"product","link":"https:\/\/distribution.audio-technica.eu\/es-es\/productos\/sx210\/","title":{"rendered":"SX210"},"content":{"rendered":"<h2>SX210<\/h2>\n<h3>Subgrave delgado de radiaci\u00f3n directa 2&#215;10&#8243;<\/h3>\n<p>El SX210 es un delgado subgrave equipado con dos transductores, dise\u00f1ado para situaciones en las que se precisa disponer de un recinto muy discreto. Puede ser utilizado de forma aut\u00f3noma, agrupado o volado con la ayuda de los puntos M10; su tama\u00f1o ultra compacto lo convierte en la soluci\u00f3n ideal para aplicaciones en las que el espacio es limitado. Incorpora dos transductores de 10&#8243; (250mm) \/ bobina de 2&#8243; (50mm), y cuenta con puertos de tama\u00f1o generoso para reducir el ruido.<\/p>\n<p>El recinto SX210 est\u00e1 construido con madera laminada y acabado en pintura negra texturizada, como est\u00e1ndar, aunque puede suministrarse acabado en blanco o cualquier otro color RAL, bajo pedido. Un rejilla de acero perforado, resistente a los impactos, protege a los transductores, y el recinto dispone de dos asas ergon\u00f3micas, que facilitan su manejo. Los pies de goma que se han dispuesto en su parte inferior resisten los movimientos y encajan con los rebajes en su parte superior, facilitando un apilado seguro.<\/p>\n<p>Cuando se utiliza con sistemas de gama completa, las funciones de crossover y EQ pueden ser realizadas por los controladores DX0.5 o DX4.0. Se recomienda el uso de los amplificadores VIA2502, VIA5002 o VIA5004, dependiendo del tama\u00f1o del sistema.<\/p>\n<p>&nbsp;<\/p>\n<p><strong>Caracter\u00edsticas Principales<\/strong><\/p>\n<ul>\n<li>Delgado subgrave de radiaci\u00f3n directa<\/li>\n<li>2 transductores de 10&#8243; (250mm) con bobina de 2&#8243; (50mm)<\/li>\n<li>Grandes puertos para reducir el ruido del aire<\/li>\n<li>Rejilla de acero perforada<\/li>\n<li>Impedancia nominal de 4\u03a9<\/li>\n<li>Puntos de volado M10<\/li>\n<\/ul>\n<p>&nbsp;<\/p>\n<p><strong>Aplicaciones<\/strong><\/p>\n<ul>\n<li>Sonorizaciones m\u00f3viles<\/li>\n<li>Clubs de m\u00fasica en directo<\/li>\n<li>Bares y restaurantes<\/li>\n<li>Clubs nocturnos<\/li>\n<li>Eventos AV corporativos y conferencias<\/li>\n<li>Bodas y fiestas<\/li>\n<li>Escenarios secundarios en festivales<\/li>\n<li>Templos, centros de ocio y tiendas<\/li>\n<\/ul>\n","protected":false},"excerpt":{"rendered":"<h3>Subgrave delgado de radiaci\u00f3n directa 2&#215;10&#8243;<\/h3>\n<ul>\n<li>Delgado subgrave de radiaci\u00f3n directa<\/li>\n<li>2 transductores de 10&#8243; (250mm) con bobina de 2&#8243; (50mm)<\/li>\n<li>Potencia: 500W AES, 2000W pico<\/li>\n<\/ul>\n","protected":false},"featured_media":17493,"template":"","meta":{"_acf_changed":false},"product_brand":[],"product_cat":[2083,2091,2084,2100,2085,2111],"product_tag":[],"class_list":{"0":"post-17492","1":"product","2":"type-product","3":"status-publish","4":"has-post-thumbnail","6":"product_cat-sistemas-sonido-directo","7":"product_cat-subgraves-sistemas-sonido-directo","8":"product_cat-sistemas-instalacion","9":"product_cat-subgraves-sistemas-instalacion","10":"product_cat-por-series-martin-audio","11":"product_cat-serie-sx-por-series-martin-audio","12":"product_series-serie-sx","14":"first","15":"instock","16":"shipping-taxable","17":"product-type-simple"},"acf":[],"yoast_head":"<!-- This site is optimized with the Yoast SEO plugin v27.1.1 - https:\/\/yoast.com\/product\/yoast-seo-wordpress\/ -->\n<title>SX210 - Audio-Technica Iberia<\/title>\n<meta name=\"robots\" content=\"index, follow, max-snippet:-1, max-image-preview:large, max-video-preview:-1\" \/>\n<link rel=\"canonical\" href=\"https:\/\/distribution.audio-technica.eu\/es-es\/productos\/sx210\/\" \/>\n<meta property=\"og:locale\" content=\"es_ES\" \/>\n<meta property=\"og:type\" content=\"article\" \/>\n<meta property=\"og:title\" content=\"SX210 - Audio-Technica Iberia\" \/>\n<meta property=\"og:description\" content=\"Subgrave delgado de radiaci\u00f3n directa 2x10&quot;   Delgado subgrave de radiaci\u00f3n directa  2 transductores de 10&quot; (250mm) con bobina de 2&quot; (50mm)  Potencia: 500W AES, 2000W pico\" \/>\n<meta property=\"og:url\" content=\"https:\/\/distribution.audio-technica.eu\/es-es\/productos\/sx210\/\" \/>\n<meta property=\"og:site_name\" content=\"Audio-Technica Iberia\" \/>\n<meta property=\"article:modified_time\" content=\"2026-02-19T13:55:33+00:00\" \/>\n<meta property=\"og:image\" content=\"https:\/\/distribution.audio-technica.eu\/app\/uploads\/sites\/2\/SX210.jpg\" \/>\n\t<meta property=\"og:image:width\" content=\"1024\" \/>\n\t<meta property=\"og:image:height\" content=\"1024\" \/>\n\t<meta property=\"og:image:type\" content=\"image\/jpeg\" \/>\n<meta name=\"twitter:card\" content=\"summary_large_image\" \/>\n<meta name=\"twitter:label1\" content=\"Tiempo de lectura\" \/>\n\t<meta name=\"twitter:data1\" content=\"2 minutos\" \/>\n<script type=\"application\/ld+json\" class=\"yoast-schema-graph\">{\"@context\":\"https:\/\/schema.org\",\"@graph\":[{\"@type\":\"WebPage\",\"@id\":\"https:\/\/distribution.audio-technica.eu\/es-es\/productos\/sx210\/\",\"url\":\"https:\/\/distribution.audio-technica.eu\/es-es\/productos\/sx210\/\",\"name\":\"SX210 - Audio-Technica Iberia\",\"isPartOf\":{\"@id\":\"https:\/\/distribution.audio-technica.eu\/es-es\/#website\"},\"primaryImageOfPage\":{\"@id\":\"https:\/\/distribution.audio-technica.eu\/es-es\/productos\/sx210\/#primaryimage\"},\"image\":{\"@id\":\"https:\/\/distribution.audio-technica.eu\/es-es\/productos\/sx210\/#primaryimage\"},\"thumbnailUrl\":\"\/app\/uploads\/sites\/2\/SX210.jpg\",\"datePublished\":\"2019-07-04T16:59:26+00:00\",\"dateModified\":\"2026-02-19T13:55:33+00:00\",\"breadcrumb\":{\"@id\":\"https:\/\/distribution.audio-technica.eu\/es-es\/productos\/sx210\/#breadcrumb\"},\"inLanguage\":\"es\",\"potentialAction\":[{\"@type\":\"ReadAction\",\"target\":[\"https:\/\/distribution.audio-technica.eu\/es-es\/productos\/sx210\/\"]}]},{\"@type\":\"ImageObject\",\"inLanguage\":\"es\",\"@id\":\"https:\/\/distribution.audio-technica.eu\/es-es\/productos\/sx210\/#primaryimage\",\"url\":\"\/app\/uploads\/sites\/2\/SX210.jpg\",\"contentUrl\":\"\/app\/uploads\/sites\/2\/SX210.jpg\",\"width\":1024,\"height\":1024},{\"@type\":\"BreadcrumbList\",\"@id\":\"https:\/\/distribution.audio-technica.eu\/es-es\/productos\/sx210\/#breadcrumb\",\"itemListElement\":[{\"@type\":\"ListItem\",\"position\":1,\"name\":\"Products\",\"item\":\"https:\/\/distribution.audio-technica.eu\/es-es\/\"},{\"@type\":\"ListItem\",\"position\":2,\"name\":\"Productos\",\"item\":\"https:\/\/distribution.audio-technica.eu\/es-es\/productos\/\"},{\"@type\":\"ListItem\",\"position\":3,\"name\":\"SX210\"}]},{\"@type\":\"WebSite\",\"@id\":\"https:\/\/distribution.audio-technica.eu\/es-es\/#website\",\"url\":\"https:\/\/distribution.audio-technica.eu\/es-es\/\",\"name\":\"Audio-Technica Iberia\",\"description\":\"Distribuci\u00f3n\",\"potentialAction\":[{\"@type\":\"SearchAction\",\"target\":{\"@type\":\"EntryPoint\",\"urlTemplate\":\"https:\/\/distribution.audio-technica.eu\/es-es\/?s={search_term_string}\"},\"query-input\":{\"@type\":\"PropertyValueSpecification\",\"valueRequired\":true,\"valueName\":\"search_term_string\"}}],\"inLanguage\":\"es\"}]}<\/script>\n<!-- \/ Yoast SEO plugin. -->","yoast_head_json":{"title":"SX210 - Audio-Technica Iberia","robots":{"index":"index","follow":"follow","max-snippet":"max-snippet:-1","max-image-preview":"max-image-preview:large","max-video-preview":"max-video-preview:-1"},"canonical":"https:\/\/distribution.audio-technica.eu\/es-es\/productos\/sx210\/","og_locale":"es_ES","og_type":"article","og_title":"SX210 - Audio-Technica Iberia","og_description":"Subgrave delgado de radiaci\u00f3n directa 2x10\"   Delgado subgrave de radiaci\u00f3n directa  2 transductores de 10\" (250mm) con bobina de 2\" (50mm)  Potencia: 500W AES, 2000W pico","og_url":"https:\/\/distribution.audio-technica.eu\/es-es\/productos\/sx210\/","og_site_name":"Audio-Technica Iberia","article_modified_time":"2026-02-19T13:55:33+00:00","og_image":[{"width":1024,"height":1024,"url":"https:\/\/distribution.audio-technica.eu\/app\/uploads\/sites\/2\/SX210.jpg","type":"image\/jpeg"}],"twitter_card":"summary_large_image","twitter_misc":{"Tiempo de lectura":"2 minutos"},"schema":{"@context":"https:\/\/schema.org","@graph":[{"@type":"WebPage","@id":"https:\/\/distribution.audio-technica.eu\/es-es\/productos\/sx210\/","url":"https:\/\/distribution.audio-technica.eu\/es-es\/productos\/sx210\/","name":"SX210 - Audio-Technica Iberia","isPartOf":{"@id":"https:\/\/distribution.audio-technica.eu\/es-es\/#website"},"primaryImageOfPage":{"@id":"https:\/\/distribution.audio-technica.eu\/es-es\/productos\/sx210\/#primaryimage"},"image":{"@id":"https:\/\/distribution.audio-technica.eu\/es-es\/productos\/sx210\/#primaryimage"},"thumbnailUrl":"\/app\/uploads\/sites\/2\/SX210.jpg","datePublished":"2019-07-04T16:59:26+00:00","dateModified":"2026-02-19T13:55:33+00:00","breadcrumb":{"@id":"https:\/\/distribution.audio-technica.eu\/es-es\/productos\/sx210\/#breadcrumb"},"inLanguage":"es","potentialAction":[{"@type":"ReadAction","target":["https:\/\/distribution.audio-technica.eu\/es-es\/productos\/sx210\/"]}]},{"@type":"ImageObject","inLanguage":"es","@id":"https:\/\/distribution.audio-technica.eu\/es-es\/productos\/sx210\/#primaryimage","url":"\/app\/uploads\/sites\/2\/SX210.jpg","contentUrl":"\/app\/uploads\/sites\/2\/SX210.jpg","width":1024,"height":1024},{"@type":"BreadcrumbList","@id":"https:\/\/distribution.audio-technica.eu\/es-es\/productos\/sx210\/#breadcrumb","itemListElement":[{"@type":"ListItem","position":1,"name":"Products","item":"https:\/\/distribution.audio-technica.eu\/es-es\/"},{"@type":"ListItem","position":2,"name":"Productos","item":"https:\/\/distribution.audio-technica.eu\/es-es\/productos\/"},{"@type":"ListItem","position":3,"name":"SX210"}]},{"@type":"WebSite","@id":"https:\/\/distribution.audio-technica.eu\/es-es\/#website","url":"https:\/\/distribution.audio-technica.eu\/es-es\/","name":"Audio-Technica Iberia","description":"Distribuci\u00f3n","potentialAction":[{"@type":"SearchAction","target":{"@type":"EntryPoint","urlTemplate":"https:\/\/distribution.audio-technica.eu\/es-es\/?s={search_term_string}"},"query-input":{"@type":"PropertyValueSpecification","valueRequired":true,"valueName":"search_term_string"}}],"inLanguage":"es"}]}},"_links":{"self":[{"href":"https:\/\/distribution.audio-technica.eu\/es-es\/wp-json\/wp\/v2\/product\/17492","targetHints":{"allow":["GET"]}}],"collection":[{"href":"https:\/\/distribution.audio-technica.eu\/es-es\/wp-json\/wp\/v2\/product"}],"about":[{"href":"https:\/\/distribution.audio-technica.eu\/es-es\/wp-json\/wp\/v2\/types\/product"}],"wp:featuredmedia":[{"embeddable":true,"href":"https:\/\/distribution.audio-technica.eu\/es-es\/wp-json\/wp\/v2\/media\/17493"}],"wp:attachment":[{"href":"https:\/\/distribution.audio-technica.eu\/es-es\/wp-json\/wp\/v2\/media?parent=17492"}],"wp:term":[{"taxonomy":"product_brand","embeddable":true,"href":"https:\/\/distribution.audio-technica.eu\/es-es\/wp-json\/wp\/v2\/product_brand?post=17492"},{"taxonomy":"product_cat","embeddable":true,"href":"https:\/\/distribution.audio-technica.eu\/es-es\/wp-json\/wp\/v2\/product_cat?post=17492"},{"taxonomy":"product_tag","embeddable":true,"href":"https:\/\/distribution.audio-technica.eu\/es-es\/wp-json\/wp\/v2\/product_tag?post=17492"}],"curies":[{"name":"wp","href":"https:\/\/api.w.org\/{rel}","templated":true}]}}